{"id":67674,"date":"2023-01-13T15:58:18","date_gmt":"2023-01-13T15:58:18","guid":{"rendered":"https:\/\/www.loopkinglaces.com\/products\/beige-no-tie-boot-schnuersenkel-71-zoll\/"},"modified":"2024-11-06T23:29:32","modified_gmt":"2024-11-06T23:29:32","slug":"beige-no-tie-boot-schnuersenkel-71-zoll","status":"publish","type":"product","link":"https:\/\/www.loopkinglaces.com\/de\/products\/beige-no-tie-boot-schnuersenkel-71-zoll\/","title":{"rendered":"Beige No-Tie BOOT Schn\u00fcrsenkel &#8211; 71 Zoll"},"content":{"rendered":"<p>Vor allem bei langen Wanderungen sind lockere Schn\u00fcrsenkel das Letzte, wor\u00fcber du dir Sorgen machen willst.<br \/>\nAnstatt deine Schuhe in der Natur immer wieder neu zu binden, solltest du unsere revolution\u00e4ren Schn\u00fcrsenkel ausprobieren, die selbst die wagemutigsten Abenteurer sicher und bequem halten.<br \/>\nUnser magnetisches Verschlusssystem h\u00e4lt jedes Paar Stiefel fest verschlossen, ohne dass es angepasst werden muss; wie ein Rei\u00dfverschluss l\u00e4sst es sich mit nur einem Zug festziehen oder l\u00f6sen!<br \/>\nGenie\u00dfe v\u00f6llige Freiheit und die Gewissheit, dass du bei deinen Outdoor-Erkundungen nicht mehr \u00fcber Schn\u00fcrsenkel stolpern musst.<\/p>\n","protected":false},"excerpt":{"rendered":"<p><strong>Beige No-Tie Boot Laces<\/strong> Verabschiede dich vom l\u00e4stigen Schuhbinden auf deinen Wanderungen!<br \/>\nUnsere No-Tie-Schn\u00fcrsenkel verf\u00fcgen \u00fcber einen Verriegelungsmechanismus, der f\u00fcr maximale Sicherheit sorgt und sie sicher an ihrem Platz h\u00e4lt.<br \/>\nMit nur einem Zug nach oben oder unten kannst du die Spannung f\u00fcr unvergleichlichen Komfort einstellen &#8211; mach dir nie wieder Sorgen, dass du \u00fcber lose Schn\u00fcrsenkel stolperst, w\u00e4hrend du die Wunder der Natur erkundest.<br \/>\nMach dich bereit, mit unserem innovativen Produkt Leichtigkeit wie nie zuvor zu erleben!<\/p>\n<ul>\n<li>180 cm<\/li>\n<li>Hochwertige Materialien<\/li>\n<li>Halten <strong>3 Mal l\u00e4nger<\/strong> als andere Marken<\/li>\n<li>Sch\u00f6ne Loop King Verpackung<\/li>\n<\/ul>\n","protected":false},"featured_media":58339,"comment_status":"open","ping_status":"closed","template":"","meta":{"_acf_changed":false},"product_brand":[],"product_cat":[590,706,716,750,866,748,752,869,728,864,747,825,867,863,868,788,1838,865,870],"product_tag":[781,783,635,638,738,734,636,782],"woo-feed-brand":[],"class_list":{"0":"post-67674","1":"product","2":"type-product","3":"status-publish","4":"has-post-thumbnail","6":"product_cat-all-shoelaces","7":"product_cat-beautiful-cream-shoelaces-to-reinvent-your-favorite-footwear","8":"product_cat-coil-shoelaces-de","9":"product_cat-das-perfekte-paar-finden-die-revolution-der-72-zoll-schuhbander","10":"product_cat-die-magie-der-salomon-schnursenkel-loop-kings-no-tie-ersatzschnursenkel","11":"product_cat-extra-lange-schnursenkel-mehr-als-nur-ein-trend-sie-sind-ein-lebensstil","12":"product_cat-gib-deinen-stiefeln-eine-zweite-chance-mit-80-zoll-schnursenkeln","13":"product_cat-hast-du-jordan-6-lace-locksjetzt-musst-du-deine-schuhe-nicht-mehr-binden","14":"product_cat-hey-dude-schnursenkel-ohne-schnursenkel-sind-das-neue-cool","15":"product_cat-hickies-schnursenkel-mein-kleines-geheimnis-fur-einen-unbeschwerten-morgen","16":"product_cat-lange-schnursenkel-warum-die-lange-wichtig-ist","17":"product_cat-roshe-schnursenkel-ersatz-hochwertiges-upgrade","18":"product_cat-schnelle-schnursenkel-alte-bindungsgewohnheiten-ablegen","19":"product_cat-schnursenkel-ohne-schnursenkel-die-zeit-sparen-und-fantastisch-aussehen","20":"product_cat-schnursenkel-verankerungen-keine-stolperfallen-mehr-nur-noch-tricks","21":"product_cat-segelschnursenkel-die-jedem-paar-sneakers-ein-retro-gefuhl-verleihen","22":"product_cat-shoe-fasteners-de","23":"product_cat-speed-laces-die-revolution-in-der-schuhmode","24":"product_cat-zeitsparende-schnursenkel-ohne-bindung-mit-einem-eleganten-sinn-fur-stil","25":"product_tag-flach-gewachst","26":"product_tag-gewachst","27":"product_tag-loop-king-de","28":"product_tag-metal-tip-de","29":"product_tag-schnursenkel-mit-goldspitze","30":"product_tag-schwarz","31":"product_tag-shoelaces-de","32":"product_tag-wohnung","34":"first","35":"instock","36":"taxable","37":"shipping-taxable","38":"purchasable","39":"product-type-variable"},"acf":[],"yoast_head":"<!-- This site is optimized with the Yoast SEO plugin v27.4 - https:\/\/yoast.com\/product\/yoast-seo-wordpress\/ -->\n<title>Beige No-Tie Boot Schn\u00fcrsenkel - Von Loop King<\/title>\n<meta name=\"description\" content=\"Lass nicht zu, dass deine zeitraubenden Schn\u00fcrsenkel dich in die Gefahr von Stolpern und St\u00fcrzen bringen. Mit diesen beigefarbenen Schn\u00fcrsenkeln kannst du deine Schuhe nicht nur sichern, sondern sie sehen auch toll aus!\" \/>\n<meta name=\"robots\" content=\"index, follow, max-snippet:-1, max-image-preview:large, max-video-preview:-1\" \/>\n<link rel=\"canonical\" href=\"https:\/\/www.loopkinglaces.com\/de\/products\/beige-no-tie-boot-schnuersenkel-71-zoll\/\" \/>\n<meta property=\"og:locale\" content=\"de_DE\" \/>\n<meta property=\"og:type\" content=\"article\" \/>\n<meta property=\"og:title\" content=\"Beige No-Tie Boot Schn\u00fcrsenkel - Von Loop King\" \/>\n<meta property=\"og:description\" content=\"Lass nicht zu, dass deine zeitraubenden Schn\u00fcrsenkel dich in die Gefahr von Stolpern und St\u00fcrzen bringen. Mit diesen beigefarbenen Schn\u00fcrsenkeln kannst du deine Schuhe nicht nur sichern, sondern sie sehen auch toll aus!\" \/>\n<meta property=\"og:url\" content=\"https:\/\/www.loopkinglaces.com\/de\/products\/beige-no-tie-boot-schnuersenkel-71-zoll\/\" \/>\n<meta property=\"og:site_name\" content=\"Luxury Gold Tip Shoelaces by Loop King Laces\" \/>\n<meta property=\"article:publisher\" content=\"https:\/\/www.facebook.com\/LoopKingLaces\/\" \/>\n<meta property=\"article:modified_time\" content=\"2024-11-06T23:29:32+00:00\" \/>\n<meta property=\"og:image\" content=\"https:\/\/www.loopkinglaces.com\/wp-content\/uploads\/1216A-129-scaled.jpg\" \/>\n\t<meta property=\"og:image:width\" content=\"1600\" \/>\n\t<meta property=\"og:image:height\" content=\"1067\" \/>\n\t<meta property=\"og:image:type\" content=\"image\/jpeg\" \/>\n<meta name=\"twitter:card\" content=\"summary_large_image\" \/>\n<meta name=\"twitter:site\" content=\"@loopkinglaces\" \/>\n<meta name=\"twitter:label1\" content=\"Gesch\u00e4tzte Lesezeit\" \/>\n\t<meta name=\"twitter:data1\" content=\"1\u00a0Minute\" \/>\n<script type=\"application\/ld+json\" class=\"yoast-schema-graph\">{\"@context\":\"https:\\\/\\\/schema.org\",\"@graph\":[{\"@type\":[\"WebPage\",\"ItemPage\"],\"@id\":\"https:\\\/\\\/www.loopkinglaces.com\\\/de\\\/products\\\/beige-no-tie-boot-schnuersenkel-71-zoll\\\/\",\"url\":\"https:\\\/\\\/www.loopkinglaces.com\\\/de\\\/products\\\/beige-no-tie-boot-schnuersenkel-71-zoll\\\/\",\"name\":\"Beige No-Tie Boot Schn\u00fcrsenkel - Von Loop King\",\"isPartOf\":{\"@id\":\"https:\\\/\\\/www.loopkinglaces.com\\\/de\\\/#website\"},\"primaryImageOfPage\":{\"@id\":\"https:\\\/\\\/www.loopkinglaces.com\\\/de\\\/products\\\/beige-no-tie-boot-schnuersenkel-71-zoll\\\/#primaryimage\"},\"image\":{\"@id\":\"https:\\\/\\\/www.loopkinglaces.com\\\/de\\\/products\\\/beige-no-tie-boot-schnuersenkel-71-zoll\\\/#primaryimage\"},\"thumbnailUrl\":\"https:\\\/\\\/www.loopkinglaces.com\\\/wp-content\\\/uploads\\\/1216A-129-scaled.jpg\",\"datePublished\":\"2023-01-13T15:58:18+00:00\",\"dateModified\":\"2024-11-06T23:29:32+00:00\",\"description\":\"Lass nicht zu, dass deine zeitraubenden Schn\u00fcrsenkel dich in die Gefahr von Stolpern und St\u00fcrzen bringen. Mit diesen beigefarbenen Schn\u00fcrsenkeln kannst du deine Schuhe nicht nur sichern, sondern sie sehen auch toll aus!\",\"breadcrumb\":{\"@id\":\"https:\\\/\\\/www.loopkinglaces.com\\\/de\\\/products\\\/beige-no-tie-boot-schnuersenkel-71-zoll\\\/#breadcrumb\"},\"inLanguage\":\"de\",\"potentialAction\":[{\"@type\":\"ReadAction\",\"target\":[\"https:\\\/\\\/www.loopkinglaces.com\\\/de\\\/products\\\/beige-no-tie-boot-schnuersenkel-71-zoll\\\/\"]}]},{\"@type\":\"ImageObject\",\"inLanguage\":\"de\",\"@id\":\"https:\\\/\\\/www.loopkinglaces.com\\\/de\\\/products\\\/beige-no-tie-boot-schnuersenkel-71-zoll\\\/#primaryimage\",\"url\":\"https:\\\/\\\/www.loopkinglaces.com\\\/wp-content\\\/uploads\\\/1216A-129-scaled.jpg\",\"contentUrl\":\"https:\\\/\\\/www.loopkinglaces.com\\\/wp-content\\\/uploads\\\/1216A-129-scaled.jpg\",\"width\":1600,\"height\":1067},{\"@type\":\"BreadcrumbList\",\"@id\":\"https:\\\/\\\/www.loopkinglaces.com\\\/de\\\/products\\\/beige-no-tie-boot-schnuersenkel-71-zoll\\\/#breadcrumb\",\"itemListElement\":[{\"@type\":\"ListItem\",\"position\":1,\"name\":\"Home\",\"item\":\"https:\\\/\\\/www.loopkinglaces.com\\\/de\\\/\"},{\"@type\":\"ListItem\",\"position\":2,\"name\":\"Shop\",\"item\":\"https:\\\/\\\/www.loopkinglaces.com\\\/de\\\/shop\\\/\"},{\"@type\":\"ListItem\",\"position\":3,\"name\":\"Beige No-Tie BOOT Schn\u00fcrsenkel &#8211; 71 Zoll\"}]},{\"@type\":\"WebSite\",\"@id\":\"https:\\\/\\\/www.loopkinglaces.com\\\/de\\\/#website\",\"url\":\"https:\\\/\\\/www.loopkinglaces.com\\\/de\\\/\",\"name\":\"Luxury Gold Tip Shoelaces by Loop King Laces\",\"description\":\"Rope Laces, Flat Waxed Laces and Leather Laces. All With Gold Tips.\",\"publisher\":{\"@id\":\"https:\\\/\\\/www.loopkinglaces.com\\\/de\\\/#organization\"},\"potentialAction\":[{\"@type\":\"SearchAction\",\"target\":{\"@type\":\"EntryPoint\",\"urlTemplate\":\"https:\\\/\\\/www.loopkinglaces.com\\\/de\\\/?s={search_term_string}\"},\"query-input\":{\"@type\":\"PropertyValueSpecification\",\"valueRequired\":true,\"valueName\":\"search_term_string\"}}],\"inLanguage\":\"de\"},{\"@type\":\"Organization\",\"@id\":\"https:\\\/\\\/www.loopkinglaces.com\\\/de\\\/#organization\",\"name\":\"Loop King Laces\",\"url\":\"https:\\\/\\\/www.loopkinglaces.com\\\/de\\\/\",\"logo\":{\"@type\":\"ImageObject\",\"inLanguage\":\"de\",\"@id\":\"https:\\\/\\\/www.loopkinglaces.com\\\/de\\\/#\\\/schema\\\/logo\\\/image\\\/\",\"url\":\"https:\\\/\\\/www.loopkinglaces.com\\\/wp-content\\\/uploads\\\/LOOP-KING-LACES.1.1-01-LOGO-HI-RES-OFFICIAL-1.png\",\"contentUrl\":\"https:\\\/\\\/www.loopkinglaces.com\\\/wp-content\\\/uploads\\\/LOOP-KING-LACES.1.1-01-LOGO-HI-RES-OFFICIAL-1.png\",\"width\":128,\"height\":91,\"caption\":\"Loop King Laces\"},\"image\":{\"@id\":\"https:\\\/\\\/www.loopkinglaces.com\\\/de\\\/#\\\/schema\\\/logo\\\/image\\\/\"},\"sameAs\":[\"https:\\\/\\\/www.facebook.com\\\/LoopKingLaces\\\/\",\"https:\\\/\\\/x.com\\\/loopkinglaces\",\"https:\\\/\\\/www.instagram.com\\\/loopkinglaces\\\/\"]}]}<\/script>\n<!-- \/ Yoast SEO plugin. -->","yoast_head_json":{"title":"Beige No-Tie Boot Schn\u00fcrsenkel - Von Loop King","description":"Lass nicht zu, dass deine zeitraubenden Schn\u00fcrsenkel dich in die Gefahr von Stolpern und St\u00fcrzen bringen. Mit diesen beigefarbenen Schn\u00fcrsenkeln kannst du deine Schuhe nicht nur sichern, sondern sie sehen auch toll aus!","robots":{"index":"index","follow":"follow","max-snippet":"max-snippet:-1","max-image-preview":"max-image-preview:large","max-video-preview":"max-video-preview:-1"},"canonical":"https:\/\/www.loopkinglaces.com\/de\/products\/beige-no-tie-boot-schnuersenkel-71-zoll\/","og_locale":"de_DE","og_type":"article","og_title":"Beige No-Tie Boot Schn\u00fcrsenkel - Von Loop King","og_description":"Lass nicht zu, dass deine zeitraubenden Schn\u00fcrsenkel dich in die Gefahr von Stolpern und St\u00fcrzen bringen. Mit diesen beigefarbenen Schn\u00fcrsenkeln kannst du deine Schuhe nicht nur sichern, sondern sie sehen auch toll aus!","og_url":"https:\/\/www.loopkinglaces.com\/de\/products\/beige-no-tie-boot-schnuersenkel-71-zoll\/","og_site_name":"Luxury Gold Tip Shoelaces by Loop King Laces","article_publisher":"https:\/\/www.facebook.com\/LoopKingLaces\/","article_modified_time":"2024-11-06T23:29:32+00:00","og_image":[{"width":1600,"height":1067,"url":"https:\/\/www.loopkinglaces.com\/wp-content\/uploads\/1216A-129-scaled.jpg","type":"image\/jpeg"}],"twitter_card":"summary_large_image","twitter_site":"@loopkinglaces","twitter_misc":{"Gesch\u00e4tzte Lesezeit":"1\u00a0Minute"},"schema":{"@context":"https:\/\/schema.org","@graph":[{"@type":["WebPage","ItemPage"],"@id":"https:\/\/www.loopkinglaces.com\/de\/products\/beige-no-tie-boot-schnuersenkel-71-zoll\/","url":"https:\/\/www.loopkinglaces.com\/de\/products\/beige-no-tie-boot-schnuersenkel-71-zoll\/","name":"Beige No-Tie Boot Schn\u00fcrsenkel - Von Loop King","isPartOf":{"@id":"https:\/\/www.loopkinglaces.com\/de\/#website"},"primaryImageOfPage":{"@id":"https:\/\/www.loopkinglaces.com\/de\/products\/beige-no-tie-boot-schnuersenkel-71-zoll\/#primaryimage"},"image":{"@id":"https:\/\/www.loopkinglaces.com\/de\/products\/beige-no-tie-boot-schnuersenkel-71-zoll\/#primaryimage"},"thumbnailUrl":"https:\/\/www.loopkinglaces.com\/wp-content\/uploads\/1216A-129-scaled.jpg","datePublished":"2023-01-13T15:58:18+00:00","dateModified":"2024-11-06T23:29:32+00:00","description":"Lass nicht zu, dass deine zeitraubenden Schn\u00fcrsenkel dich in die Gefahr von Stolpern und St\u00fcrzen bringen. Mit diesen beigefarbenen Schn\u00fcrsenkeln kannst du deine Schuhe nicht nur sichern, sondern sie sehen auch toll aus!","breadcrumb":{"@id":"https:\/\/www.loopkinglaces.com\/de\/products\/beige-no-tie-boot-schnuersenkel-71-zoll\/#breadcrumb"},"inLanguage":"de","potentialAction":[{"@type":"ReadAction","target":["https:\/\/www.loopkinglaces.com\/de\/products\/beige-no-tie-boot-schnuersenkel-71-zoll\/"]}]},{"@type":"ImageObject","inLanguage":"de","@id":"https:\/\/www.loopkinglaces.com\/de\/products\/beige-no-tie-boot-schnuersenkel-71-zoll\/#primaryimage","url":"https:\/\/www.loopkinglaces.com\/wp-content\/uploads\/1216A-129-scaled.jpg","contentUrl":"https:\/\/www.loopkinglaces.com\/wp-content\/uploads\/1216A-129-scaled.jpg","width":1600,"height":1067},{"@type":"BreadcrumbList","@id":"https:\/\/www.loopkinglaces.com\/de\/products\/beige-no-tie-boot-schnuersenkel-71-zoll\/#breadcrumb","itemListElement":[{"@type":"ListItem","position":1,"name":"Home","item":"https:\/\/www.loopkinglaces.com\/de\/"},{"@type":"ListItem","position":2,"name":"Shop","item":"https:\/\/www.loopkinglaces.com\/de\/shop\/"},{"@type":"ListItem","position":3,"name":"Beige No-Tie BOOT Schn\u00fcrsenkel &#8211; 71 Zoll"}]},{"@type":"WebSite","@id":"https:\/\/www.loopkinglaces.com\/de\/#website","url":"https:\/\/www.loopkinglaces.com\/de\/","name":"Luxury Gold Tip Shoelaces by Loop King Laces","description":"Rope Laces, Flat Waxed Laces and Leather Laces. All With Gold Tips.","publisher":{"@id":"https:\/\/www.loopkinglaces.com\/de\/#organization"},"potentialAction":[{"@type":"SearchAction","target":{"@type":"EntryPoint","urlTemplate":"https:\/\/www.loopkinglaces.com\/de\/?s={search_term_string}"},"query-input":{"@type":"PropertyValueSpecification","valueRequired":true,"valueName":"search_term_string"}}],"inLanguage":"de"},{"@type":"Organization","@id":"https:\/\/www.loopkinglaces.com\/de\/#organization","name":"Loop King Laces","url":"https:\/\/www.loopkinglaces.com\/de\/","logo":{"@type":"ImageObject","inLanguage":"de","@id":"https:\/\/www.loopkinglaces.com\/de\/#\/schema\/logo\/image\/","url":"https:\/\/www.loopkinglaces.com\/wp-content\/uploads\/LOOP-KING-LACES.1.1-01-LOGO-HI-RES-OFFICIAL-1.png","contentUrl":"https:\/\/www.loopkinglaces.com\/wp-content\/uploads\/LOOP-KING-LACES.1.1-01-LOGO-HI-RES-OFFICIAL-1.png","width":128,"height":91,"caption":"Loop King Laces"},"image":{"@id":"https:\/\/www.loopkinglaces.com\/de\/#\/schema\/logo\/image\/"},"sameAs":["https:\/\/www.facebook.com\/LoopKingLaces\/","https:\/\/x.com\/loopkinglaces","https:\/\/www.instagram.com\/loopkinglaces\/"]}]}},"_links":{"self":[{"href":"https:\/\/www.loopkinglaces.com\/de\/wp-json\/wp\/v2\/product\/67674","targetHints":{"allow":["GET"]}}],"collection":[{"href":"https:\/\/www.loopkinglaces.com\/de\/wp-json\/wp\/v2\/product"}],"about":[{"href":"https:\/\/www.loopkinglaces.com\/de\/wp-json\/wp\/v2\/types\/product"}],"replies":[{"embeddable":true,"href":"https:\/\/www.loopkinglaces.com\/de\/wp-json\/wp\/v2\/comments?post=67674"}],"wp:featuredmedia":[{"embeddable":true,"href":"https:\/\/www.loopkinglaces.com\/de\/wp-json\/wp\/v2\/media\/58339"}],"wp:attachment":[{"href":"https:\/\/www.loopkinglaces.com\/de\/wp-json\/wp\/v2\/media?parent=67674"}],"wp:term":[{"taxonomy":"product_brand","embeddable":true,"href":"https:\/\/www.loopkinglaces.com\/de\/wp-json\/wp\/v2\/product_brand?post=67674"},{"taxonomy":"product_cat","embeddable":true,"href":"https:\/\/www.loopkinglaces.com\/de\/wp-json\/wp\/v2\/product_cat?post=67674"},{"taxonomy":"product_tag","embeddable":true,"href":"https:\/\/www.loopkinglaces.com\/de\/wp-json\/wp\/v2\/product_tag?post=67674"},{"taxonomy":"woo-feed-brand","embeddable":true,"href":"https:\/\/www.loopkinglaces.com\/de\/wp-json\/wp\/v2\/woo-feed-brand?post=67674"}],"curies":[{"name":"wp","href":"https:\/\/api.w.org\/{rel}","templated":true}]}}