{"id":67673,"date":"2023-01-16T13:56:47","date_gmt":"2023-01-16T13:56:47","guid":{"rendered":"https:\/\/www.loopkinglaces.com\/products\/schwarze-no-tie-boot-schnuersenkel-71-zoll\/"},"modified":"2024-11-06T23:24:21","modified_gmt":"2024-11-06T23:24:21","slug":"schwarze-no-tie-boot-schnuersenkel-71-zoll","status":"publish","type":"product","link":"https:\/\/www.loopkinglaces.com\/de\/products\/schwarze-no-tie-boot-schnuersenkel-71-zoll\/","title":{"rendered":"Schwarze No-Tie BOOT Schn\u00fcrsenkel &#8211; 71 Zoll"},"content":{"rendered":"<p>Vergiss das l\u00e4stige Stolpern \u00fcber lose Schn\u00fcrsenkel bei deinen Outdoor-Abenteuern!<br \/>\nUnsere revolution\u00e4ren schn\u00fcrsenkellosen Schn\u00fcrsenkel sorgen mit ihrem innovativen Verschlussmechanismus f\u00fcr Sicherheit und Komfort.<br \/>\nEinfach hochziehen und verriegeln (wie einen Rei\u00dfverschluss) &#8211; so einfach ist das!<br \/>\nAu\u00dferdem l\u00e4sst sich die Spannung der Schn\u00fcrsenkel durch Elastizit\u00e4t einstellen, so dass dich nichts mehr davon abh\u00e4lt, deine Wanderungen in dieser Saison in Angriff zu nehmen.<\/p>\n","protected":false},"excerpt":{"rendered":"<p><strong>Black Brown No-Tie Boot Laces<\/strong> Bist du bereit f\u00fcr die freie Natur?<br \/>\nMit unseren revolution\u00e4ren schn\u00fcrfreien Schn\u00fcrsenkeln musst du dir keine Gedanken mehr \u00fcber ungebundene Schn\u00fcrsenkel machen und kannst dich ganz auf deine Reise konzentrieren.<br \/>\nUnser Schn\u00fcrsystem verf\u00fcgt \u00fcber einen Verschlussmechanismus, der die Schn\u00fcrsenkel wie einen unsichtbaren Rei\u00dfverschluss an Ort und Stelle h\u00e4lt &#8211; und ihre Elastizit\u00e4t sorgt f\u00fcr individuellen Komfort, ohne dass du stolpern kannst!<br \/>\nMeistern Sie alle Ihre Outdoor-Abenteuer mit diesen einzigartigen Schuhen &#8211; lassen Sie sich nie wieder eine Wanderung durch lose Schn\u00fcrsenkel vermiesen!<\/p>\n<ul>\n<li>180 cm<\/li>\n<li>Hochwertige Materialien<\/li>\n<li>Halten <strong>3 Mal l\u00e4nger<\/strong> als andere Marken<\/li>\n<li>Sch\u00f6ne Loop King Verpackung<\/li>\n<\/ul>\n","protected":false},"featured_media":58349,"comment_status":"open","ping_status":"closed","template":"","meta":{"_acf_changed":false},"product_brand":[],"product_cat":[693,590,716,750,869,728,864,746,827,867,863,868,766,1838,865,870],"product_tag":[781,783,635,638,738,734,636,782],"woo-feed-brand":[],"class_list":{"0":"post-67673","1":"product","2":"type-product","3":"status-publish","4":"has-post-thumbnail","6":"product_cat-72-inch-boot-laces-de","7":"product_cat-all-shoelaces","8":"product_cat-coil-shoelaces-de","9":"product_cat-das-perfekte-paar-finden-die-revolution-der-72-zoll-schuhbander","10":"product_cat-hast-du-jordan-6-lace-locksjetzt-musst-du-deine-schuhe-nicht-mehr-binden","11":"product_cat-hey-dude-schnursenkel-ohne-schnursenkel-sind-das-neue-cool","12":"product_cat-hickies-schnursenkel-mein-kleines-geheimnis-fur-einen-unbeschwerten-morgen","13":"product_cat-keen-schnursenkel-die-kunst-von-schwarz-und-grau-beherrschen","14":"product_cat-peppe-deinen-stil-mit-zweifarbigen-schnursenkeln-auf","15":"product_cat-schnelle-schnursenkel-alte-bindungsgewohnheiten-ablegen","16":"product_cat-schnursenkel-ohne-schnursenkel-die-zeit-sparen-und-fantastisch-aussehen","17":"product_cat-schnursenkel-verankerungen-keine-stolperfallen-mehr-nur-noch-tricks","18":"product_cat-schwarze-und-gelbe-premium-schnursenkel-perfekt-fur-jeden-stil","19":"product_cat-shoe-fasteners-de","20":"product_cat-speed-laces-die-revolution-in-der-schuhmode","21":"product_cat-zeitsparende-schnursenkel-ohne-bindung-mit-einem-eleganten-sinn-fur-stil","22":"product_tag-flach-gewachst","23":"product_tag-gewachst","24":"product_tag-loop-king-de","25":"product_tag-metal-tip-de","26":"product_tag-schnursenkel-mit-goldspitze","27":"product_tag-schwarz","28":"product_tag-shoelaces-de","29":"product_tag-wohnung","31":"first","32":"instock","33":"taxable","34":"shipping-taxable","35":"purchasable","36":"product-type-variable"},"acf":[],"yoast_head":"<!-- This site is optimized with the Yoast SEO plugin v27.4 - https:\/\/yoast.com\/product\/yoast-seo-wordpress\/ -->\n<title>Schwarze No-Tie Stiefelschn\u00fcrsenkel - Von Loop King<\/title>\n<meta name=\"description\" content=\"Mach dir keine Sorgen mehr, dass du \u00fcber deine Schn\u00fcrsenkel stolperst. Ersetze deine Schn\u00fcrsenkel durch diese schwarzen schn\u00fcrfreien Alternativen f\u00fcr einen sicheren Sitz, der auch noch gut aussieht.\" \/>\n<meta name=\"robots\" content=\"index, follow, max-snippet:-1, max-image-preview:large, max-video-preview:-1\" \/>\n<link rel=\"canonical\" href=\"https:\/\/www.loopkinglaces.com\/de\/products\/schwarze-no-tie-boot-schnuersenkel-71-zoll\/\" \/>\n<meta property=\"og:locale\" content=\"de_DE\" \/>\n<meta property=\"og:type\" content=\"article\" \/>\n<meta property=\"og:title\" content=\"Schwarze No-Tie Stiefelschn\u00fcrsenkel - Von Loop King\" \/>\n<meta property=\"og:description\" content=\"Mach dir keine Sorgen mehr, dass du \u00fcber deine Schn\u00fcrsenkel stolperst. Ersetze deine Schn\u00fcrsenkel durch diese schwarzen schn\u00fcrfreien Alternativen f\u00fcr einen sicheren Sitz, der auch noch gut aussieht.\" \/>\n<meta property=\"og:url\" content=\"https:\/\/www.loopkinglaces.com\/de\/products\/schwarze-no-tie-boot-schnuersenkel-71-zoll\/\" \/>\n<meta property=\"og:site_name\" content=\"Luxury Gold Tip Shoelaces by Loop King Laces\" \/>\n<meta property=\"article:publisher\" content=\"https:\/\/www.facebook.com\/LoopKingLaces\/\" \/>\n<meta property=\"article:modified_time\" content=\"2024-11-06T23:24:21+00:00\" \/>\n<meta property=\"og:image\" content=\"https:\/\/www.loopkinglaces.com\/wp-content\/uploads\/1216A-133-scaled.jpg\" \/>\n\t<meta property=\"og:image:width\" content=\"1600\" \/>\n\t<meta property=\"og:image:height\" content=\"1067\" \/>\n\t<meta property=\"og:image:type\" content=\"image\/jpeg\" \/>\n<meta name=\"twitter:card\" content=\"summary_large_image\" \/>\n<meta name=\"twitter:site\" content=\"@loopkinglaces\" \/>\n<meta name=\"twitter:label1\" content=\"Gesch\u00e4tzte Lesezeit\" \/>\n\t<meta name=\"twitter:data1\" content=\"1\u00a0Minute\" \/>\n<script type=\"application\/ld+json\" class=\"yoast-schema-graph\">{\"@context\":\"https:\\\/\\\/schema.org\",\"@graph\":[{\"@type\":[\"WebPage\",\"ItemPage\"],\"@id\":\"https:\\\/\\\/www.loopkinglaces.com\\\/de\\\/products\\\/schwarze-no-tie-boot-schnuersenkel-71-zoll\\\/\",\"url\":\"https:\\\/\\\/www.loopkinglaces.com\\\/de\\\/products\\\/schwarze-no-tie-boot-schnuersenkel-71-zoll\\\/\",\"name\":\"Schwarze No-Tie Stiefelschn\u00fcrsenkel - Von Loop King\",\"isPartOf\":{\"@id\":\"https:\\\/\\\/www.loopkinglaces.com\\\/de\\\/#website\"},\"primaryImageOfPage\":{\"@id\":\"https:\\\/\\\/www.loopkinglaces.com\\\/de\\\/products\\\/schwarze-no-tie-boot-schnuersenkel-71-zoll\\\/#primaryimage\"},\"image\":{\"@id\":\"https:\\\/\\\/www.loopkinglaces.com\\\/de\\\/products\\\/schwarze-no-tie-boot-schnuersenkel-71-zoll\\\/#primaryimage\"},\"thumbnailUrl\":\"https:\\\/\\\/www.loopkinglaces.com\\\/wp-content\\\/uploads\\\/1216A-133-scaled.jpg\",\"datePublished\":\"2023-01-16T13:56:47+00:00\",\"dateModified\":\"2024-11-06T23:24:21+00:00\",\"description\":\"Mach dir keine Sorgen mehr, dass du \u00fcber deine Schn\u00fcrsenkel stolperst. Ersetze deine Schn\u00fcrsenkel durch diese schwarzen schn\u00fcrfreien Alternativen f\u00fcr einen sicheren Sitz, der auch noch gut aussieht.\",\"breadcrumb\":{\"@id\":\"https:\\\/\\\/www.loopkinglaces.com\\\/de\\\/products\\\/schwarze-no-tie-boot-schnuersenkel-71-zoll\\\/#breadcrumb\"},\"inLanguage\":\"de\",\"potentialAction\":[{\"@type\":\"ReadAction\",\"target\":[\"https:\\\/\\\/www.loopkinglaces.com\\\/de\\\/products\\\/schwarze-no-tie-boot-schnuersenkel-71-zoll\\\/\"]}]},{\"@type\":\"ImageObject\",\"inLanguage\":\"de\",\"@id\":\"https:\\\/\\\/www.loopkinglaces.com\\\/de\\\/products\\\/schwarze-no-tie-boot-schnuersenkel-71-zoll\\\/#primaryimage\",\"url\":\"https:\\\/\\\/www.loopkinglaces.com\\\/wp-content\\\/uploads\\\/1216A-133-scaled.jpg\",\"contentUrl\":\"https:\\\/\\\/www.loopkinglaces.com\\\/wp-content\\\/uploads\\\/1216A-133-scaled.jpg\",\"width\":1600,\"height\":1067},{\"@type\":\"BreadcrumbList\",\"@id\":\"https:\\\/\\\/www.loopkinglaces.com\\\/de\\\/products\\\/schwarze-no-tie-boot-schnuersenkel-71-zoll\\\/#breadcrumb\",\"itemListElement\":[{\"@type\":\"ListItem\",\"position\":1,\"name\":\"Home\",\"item\":\"https:\\\/\\\/www.loopkinglaces.com\\\/de\\\/\"},{\"@type\":\"ListItem\",\"position\":2,\"name\":\"Shop\",\"item\":\"https:\\\/\\\/www.loopkinglaces.com\\\/de\\\/shop\\\/\"},{\"@type\":\"ListItem\",\"position\":3,\"name\":\"Schwarze No-Tie BOOT Schn\u00fcrsenkel &#8211; 71 Zoll\"}]},{\"@type\":\"WebSite\",\"@id\":\"https:\\\/\\\/www.loopkinglaces.com\\\/de\\\/#website\",\"url\":\"https:\\\/\\\/www.loopkinglaces.com\\\/de\\\/\",\"name\":\"Luxury Gold Tip Shoelaces by Loop King Laces\",\"description\":\"Rope Laces, Flat Waxed Laces and Leather Laces. All With Gold Tips.\",\"publisher\":{\"@id\":\"https:\\\/\\\/www.loopkinglaces.com\\\/de\\\/#organization\"},\"potentialAction\":[{\"@type\":\"SearchAction\",\"target\":{\"@type\":\"EntryPoint\",\"urlTemplate\":\"https:\\\/\\\/www.loopkinglaces.com\\\/de\\\/?s={search_term_string}\"},\"query-input\":{\"@type\":\"PropertyValueSpecification\",\"valueRequired\":true,\"valueName\":\"search_term_string\"}}],\"inLanguage\":\"de\"},{\"@type\":\"Organization\",\"@id\":\"https:\\\/\\\/www.loopkinglaces.com\\\/de\\\/#organization\",\"name\":\"Loop King Laces\",\"url\":\"https:\\\/\\\/www.loopkinglaces.com\\\/de\\\/\",\"logo\":{\"@type\":\"ImageObject\",\"inLanguage\":\"de\",\"@id\":\"https:\\\/\\\/www.loopkinglaces.com\\\/de\\\/#\\\/schema\\\/logo\\\/image\\\/\",\"url\":\"https:\\\/\\\/www.loopkinglaces.com\\\/wp-content\\\/uploads\\\/LOOP-KING-LACES.1.1-01-LOGO-HI-RES-OFFICIAL-1.png\",\"contentUrl\":\"https:\\\/\\\/www.loopkinglaces.com\\\/wp-content\\\/uploads\\\/LOOP-KING-LACES.1.1-01-LOGO-HI-RES-OFFICIAL-1.png\",\"width\":128,\"height\":91,\"caption\":\"Loop King Laces\"},\"image\":{\"@id\":\"https:\\\/\\\/www.loopkinglaces.com\\\/de\\\/#\\\/schema\\\/logo\\\/image\\\/\"},\"sameAs\":[\"https:\\\/\\\/www.facebook.com\\\/LoopKingLaces\\\/\",\"https:\\\/\\\/x.com\\\/loopkinglaces\",\"https:\\\/\\\/www.instagram.com\\\/loopkinglaces\\\/\"]}]}<\/script>\n<!-- \/ Yoast SEO plugin. -->","yoast_head_json":{"title":"Schwarze No-Tie Stiefelschn\u00fcrsenkel - Von Loop King","description":"Mach dir keine Sorgen mehr, dass du \u00fcber deine Schn\u00fcrsenkel stolperst. Ersetze deine Schn\u00fcrsenkel durch diese schwarzen schn\u00fcrfreien Alternativen f\u00fcr einen sicheren Sitz, der auch noch gut aussieht.","robots":{"index":"index","follow":"follow","max-snippet":"max-snippet:-1","max-image-preview":"max-image-preview:large","max-video-preview":"max-video-preview:-1"},"canonical":"https:\/\/www.loopkinglaces.com\/de\/products\/schwarze-no-tie-boot-schnuersenkel-71-zoll\/","og_locale":"de_DE","og_type":"article","og_title":"Schwarze No-Tie Stiefelschn\u00fcrsenkel - Von Loop King","og_description":"Mach dir keine Sorgen mehr, dass du \u00fcber deine Schn\u00fcrsenkel stolperst. Ersetze deine Schn\u00fcrsenkel durch diese schwarzen schn\u00fcrfreien Alternativen f\u00fcr einen sicheren Sitz, der auch noch gut aussieht.","og_url":"https:\/\/www.loopkinglaces.com\/de\/products\/schwarze-no-tie-boot-schnuersenkel-71-zoll\/","og_site_name":"Luxury Gold Tip Shoelaces by Loop King Laces","article_publisher":"https:\/\/www.facebook.com\/LoopKingLaces\/","article_modified_time":"2024-11-06T23:24:21+00:00","og_image":[{"width":1600,"height":1067,"url":"https:\/\/www.loopkinglaces.com\/wp-content\/uploads\/1216A-133-scaled.jpg","type":"image\/jpeg"}],"twitter_card":"summary_large_image","twitter_site":"@loopkinglaces","twitter_misc":{"Gesch\u00e4tzte Lesezeit":"1\u00a0Minute"},"schema":{"@context":"https:\/\/schema.org","@graph":[{"@type":["WebPage","ItemPage"],"@id":"https:\/\/www.loopkinglaces.com\/de\/products\/schwarze-no-tie-boot-schnuersenkel-71-zoll\/","url":"https:\/\/www.loopkinglaces.com\/de\/products\/schwarze-no-tie-boot-schnuersenkel-71-zoll\/","name":"Schwarze No-Tie Stiefelschn\u00fcrsenkel - Von Loop King","isPartOf":{"@id":"https:\/\/www.loopkinglaces.com\/de\/#website"},"primaryImageOfPage":{"@id":"https:\/\/www.loopkinglaces.com\/de\/products\/schwarze-no-tie-boot-schnuersenkel-71-zoll\/#primaryimage"},"image":{"@id":"https:\/\/www.loopkinglaces.com\/de\/products\/schwarze-no-tie-boot-schnuersenkel-71-zoll\/#primaryimage"},"thumbnailUrl":"https:\/\/www.loopkinglaces.com\/wp-content\/uploads\/1216A-133-scaled.jpg","datePublished":"2023-01-16T13:56:47+00:00","dateModified":"2024-11-06T23:24:21+00:00","description":"Mach dir keine Sorgen mehr, dass du \u00fcber deine Schn\u00fcrsenkel stolperst. Ersetze deine Schn\u00fcrsenkel durch diese schwarzen schn\u00fcrfreien Alternativen f\u00fcr einen sicheren Sitz, der auch noch gut aussieht.","breadcrumb":{"@id":"https:\/\/www.loopkinglaces.com\/de\/products\/schwarze-no-tie-boot-schnuersenkel-71-zoll\/#breadcrumb"},"inLanguage":"de","potentialAction":[{"@type":"ReadAction","target":["https:\/\/www.loopkinglaces.com\/de\/products\/schwarze-no-tie-boot-schnuersenkel-71-zoll\/"]}]},{"@type":"ImageObject","inLanguage":"de","@id":"https:\/\/www.loopkinglaces.com\/de\/products\/schwarze-no-tie-boot-schnuersenkel-71-zoll\/#primaryimage","url":"https:\/\/www.loopkinglaces.com\/wp-content\/uploads\/1216A-133-scaled.jpg","contentUrl":"https:\/\/www.loopkinglaces.com\/wp-content\/uploads\/1216A-133-scaled.jpg","width":1600,"height":1067},{"@type":"BreadcrumbList","@id":"https:\/\/www.loopkinglaces.com\/de\/products\/schwarze-no-tie-boot-schnuersenkel-71-zoll\/#breadcrumb","itemListElement":[{"@type":"ListItem","position":1,"name":"Home","item":"https:\/\/www.loopkinglaces.com\/de\/"},{"@type":"ListItem","position":2,"name":"Shop","item":"https:\/\/www.loopkinglaces.com\/de\/shop\/"},{"@type":"ListItem","position":3,"name":"Schwarze No-Tie BOOT Schn\u00fcrsenkel &#8211; 71 Zoll"}]},{"@type":"WebSite","@id":"https:\/\/www.loopkinglaces.com\/de\/#website","url":"https:\/\/www.loopkinglaces.com\/de\/","name":"Luxury Gold Tip Shoelaces by Loop King Laces","description":"Rope Laces, Flat Waxed Laces and Leather Laces. All With Gold Tips.","publisher":{"@id":"https:\/\/www.loopkinglaces.com\/de\/#organization"},"potentialAction":[{"@type":"SearchAction","target":{"@type":"EntryPoint","urlTemplate":"https:\/\/www.loopkinglaces.com\/de\/?s={search_term_string}"},"query-input":{"@type":"PropertyValueSpecification","valueRequired":true,"valueName":"search_term_string"}}],"inLanguage":"de"},{"@type":"Organization","@id":"https:\/\/www.loopkinglaces.com\/de\/#organization","name":"Loop King Laces","url":"https:\/\/www.loopkinglaces.com\/de\/","logo":{"@type":"ImageObject","inLanguage":"de","@id":"https:\/\/www.loopkinglaces.com\/de\/#\/schema\/logo\/image\/","url":"https:\/\/www.loopkinglaces.com\/wp-content\/uploads\/LOOP-KING-LACES.1.1-01-LOGO-HI-RES-OFFICIAL-1.png","contentUrl":"https:\/\/www.loopkinglaces.com\/wp-content\/uploads\/LOOP-KING-LACES.1.1-01-LOGO-HI-RES-OFFICIAL-1.png","width":128,"height":91,"caption":"Loop King Laces"},"image":{"@id":"https:\/\/www.loopkinglaces.com\/de\/#\/schema\/logo\/image\/"},"sameAs":["https:\/\/www.facebook.com\/LoopKingLaces\/","https:\/\/x.com\/loopkinglaces","https:\/\/www.instagram.com\/loopkinglaces\/"]}]}},"_links":{"self":[{"href":"https:\/\/www.loopkinglaces.com\/de\/wp-json\/wp\/v2\/product\/67673","targetHints":{"allow":["GET"]}}],"collection":[{"href":"https:\/\/www.loopkinglaces.com\/de\/wp-json\/wp\/v2\/product"}],"about":[{"href":"https:\/\/www.loopkinglaces.com\/de\/wp-json\/wp\/v2\/types\/product"}],"replies":[{"embeddable":true,"href":"https:\/\/www.loopkinglaces.com\/de\/wp-json\/wp\/v2\/comments?post=67673"}],"wp:featuredmedia":[{"embeddable":true,"href":"https:\/\/www.loopkinglaces.com\/de\/wp-json\/wp\/v2\/media\/58349"}],"wp:attachment":[{"href":"https:\/\/www.loopkinglaces.com\/de\/wp-json\/wp\/v2\/media?parent=67673"}],"wp:term":[{"taxonomy":"product_brand","embeddable":true,"href":"https:\/\/www.loopkinglaces.com\/de\/wp-json\/wp\/v2\/product_brand?post=67673"},{"taxonomy":"product_cat","embeddable":true,"href":"https:\/\/www.loopkinglaces.com\/de\/wp-json\/wp\/v2\/product_cat?post=67673"},{"taxonomy":"product_tag","embeddable":true,"href":"https:\/\/www.loopkinglaces.com\/de\/wp-json\/wp\/v2\/product_tag?post=67673"},{"taxonomy":"woo-feed-brand","embeddable":true,"href":"https:\/\/www.loopkinglaces.com\/de\/wp-json\/wp\/v2\/woo-feed-brand?post=67673"}],"curies":[{"name":"wp","href":"https:\/\/api.w.org\/{rel}","templated":true}]}}