{"id":67662,"date":"2023-01-07T09:44:43","date_gmt":"2023-01-07T09:44:43","guid":{"rendered":"https:\/\/www.loopkinglaces.com\/products\/gruen-gestreifte-no-tie-schnuersenkel-47-zoll\/"},"modified":"2024-11-06T23:35:22","modified_gmt":"2024-11-06T23:35:22","slug":"gruen-gestreifte-no-tie-schnuersenkel-47-zoll","status":"publish","type":"product","link":"https:\/\/www.loopkinglaces.com\/de\/products\/gruen-gestreifte-no-tie-schnuersenkel-47-zoll\/","title":{"rendered":"Gr\u00fcn gestreifte No-Tie Schn\u00fcrsenkel &#8211; 47 Zoll"},"content":{"rendered":"<p>Ver\u00e4ndere die Art und Weise, wie du deine Sneaker tr\u00e4gst, mit Schn\u00fcrsenkeln ohne Schn\u00fcrsenkel.<br \/>\nSie sparen nicht nur Zeit, sondern bieten auch einen einzigartigen Look f\u00fcr jede Gelegenheit!<br \/>\nDer Verschlussmechanismus funktioniert \u00e4hnlich wie ein Rei\u00dfverschluss an deinem Mantel &#8211; zieh ihn nach oben oder unten, je nachdem, ob du sie sichern und festziehen oder schnell und einfach ausziehen willst.<br \/>\nAu\u00dferdem ist die Qualit\u00e4t der Schn\u00fcrsenkel im Vergleich zu anderen Marken besonders langlebig &#8211; sie halten dreimal so lange wie herk\u00f6mmliche Schn\u00fcrsenkel!<\/p>\n","protected":false},"excerpt":{"rendered":"<p><strong>Gr\u00fcn gestreifte No-Tie-Schn\u00fcrsenkel<\/strong> Gib deinen Sneakern ein Upgrade mit den revolution\u00e4ren Schn\u00fcrsenkeln ohne Bindung &#8211; perfekt f\u00fcr die Bequemlichkeit und stylish genug, um einen bleibenden Eindruck zu hinterlassen.<br \/>\nDas Binden von Schn\u00fcrsenkeln geh\u00f6rt jetzt der Vergangenheit an: Zieh einfach oben am Verschluss, zieh sie an und l\u00f6se sie unten, wenn es Zeit ist, sie auszuziehen!<br \/>\nDiese fantastischen Schn\u00fcrsenkel bieten au\u00dferdem eine unschlagbare Qualit\u00e4t, die du nirgendwo anders findest: Sie halten dreimal so lange wie andere Marken.<br \/>\nMit diesen au\u00dfergew\u00f6hnlichen schn\u00fcrsenkellosen Schn\u00fcrsenkeln gibt es wirklich keine Grenzen in Sachen Stil und Funktion!<\/p>\n<ul>\n<li>120 cm<\/li>\n<li>Hochwertige Materialien<\/li>\n<li>Halten <strong>3 Mal l\u00e4nger<\/strong> als andere Marken<\/li>\n<li>Sch\u00f6ne Loop King Verpackung<\/li>\n<\/ul>\n","protected":false},"featured_media":58304,"comment_status":"open","ping_status":"closed","template":"","meta":{"_acf_changed":false},"product_brand":[],"product_cat":[590,712,716,790,869,728,867,863,868,1838,865],"product_tag":[781,783,635,638,738,734,636,782],"woo-feed-brand":[],"class_list":{"0":"post-67662","1":"product","2":"type-product","3":"status-publish","4":"has-post-thumbnail","6":"product_cat-all-shoelaces","7":"product_cat-childrens-shoe-laces-de","8":"product_cat-coil-shoelaces-de","9":"product_cat-grune-premium-schnursenkel-zur-aufwertung-deiner-schuhe","10":"product_cat-hast-du-jordan-6-lace-locksjetzt-musst-du-deine-schuhe-nicht-mehr-binden","11":"product_cat-hey-dude-schnursenkel-ohne-schnursenkel-sind-das-neue-cool","12":"product_cat-schnelle-schnursenkel-alte-bindungsgewohnheiten-ablegen","13":"product_cat-schnursenkel-ohne-schnursenkel-die-zeit-sparen-und-fantastisch-aussehen","14":"product_cat-schnursenkel-verankerungen-keine-stolperfallen-mehr-nur-noch-tricks","15":"product_cat-shoe-fasteners-de","16":"product_cat-speed-laces-die-revolution-in-der-schuhmode","17":"product_tag-flach-gewachst","18":"product_tag-gewachst","19":"product_tag-loop-king-de","20":"product_tag-metal-tip-de","21":"product_tag-schnursenkel-mit-goldspitze","22":"product_tag-schwarz","23":"product_tag-shoelaces-de","24":"product_tag-wohnung","26":"first","27":"instock","28":"taxable","29":"shipping-taxable","30":"purchasable","31":"product-type-variable"},"acf":[],"yoast_head":"<!-- This site is optimized with the Yoast SEO plugin v27.4 - https:\/\/yoast.com\/product\/yoast-seo-wordpress\/ -->\n<title>Gr\u00fcn gestreifte No-Tie Schn\u00fcrsenkel - von Loop King<\/title>\n<meta name=\"description\" content=\"Hast du Angst, dass sich deine Schn\u00fcrsenkel beim morgendlichen Joggen l\u00f6sen? Probiere unbedingt diese erstklassigen gr\u00fcn gestreiften Schn\u00fcrsenkel ohne Schn\u00fcrsenkel f\u00fcr einen sicheren Sitz aus.\" \/>\n<meta name=\"robots\" content=\"index, follow, max-snippet:-1, max-image-preview:large, max-video-preview:-1\" \/>\n<link rel=\"canonical\" href=\"https:\/\/www.loopkinglaces.com\/de\/products\/gruen-gestreifte-no-tie-schnuersenkel-47-zoll\/\" \/>\n<meta property=\"og:locale\" content=\"de_DE\" \/>\n<meta property=\"og:type\" content=\"article\" \/>\n<meta property=\"og:title\" content=\"Gr\u00fcn gestreifte No-Tie Schn\u00fcrsenkel - von Loop King\" \/>\n<meta property=\"og:description\" content=\"Hast du Angst, dass sich deine Schn\u00fcrsenkel beim morgendlichen Joggen l\u00f6sen? Probiere unbedingt diese erstklassigen gr\u00fcn gestreiften Schn\u00fcrsenkel ohne Schn\u00fcrsenkel f\u00fcr einen sicheren Sitz aus.\" \/>\n<meta property=\"og:url\" content=\"https:\/\/www.loopkinglaces.com\/de\/products\/gruen-gestreifte-no-tie-schnuersenkel-47-zoll\/\" \/>\n<meta property=\"og:site_name\" content=\"Luxury Gold Tip Shoelaces by Loop King Laces\" \/>\n<meta property=\"article:publisher\" content=\"https:\/\/www.facebook.com\/LoopKingLaces\/\" \/>\n<meta property=\"article:modified_time\" content=\"2024-11-06T23:35:22+00:00\" \/>\n<meta property=\"og:image\" content=\"https:\/\/www.loopkinglaces.com\/wp-content\/uploads\/1216A-140-scaled.jpg\" \/>\n\t<meta property=\"og:image:width\" content=\"1600\" \/>\n\t<meta property=\"og:image:height\" content=\"1067\" \/>\n\t<meta property=\"og:image:type\" content=\"image\/jpeg\" \/>\n<meta name=\"twitter:card\" content=\"summary_large_image\" \/>\n<meta name=\"twitter:site\" content=\"@loopkinglaces\" \/>\n<meta name=\"twitter:label1\" content=\"Gesch\u00e4tzte Lesezeit\" \/>\n\t<meta name=\"twitter:data1\" content=\"1\u00a0Minute\" \/>\n<script type=\"application\/ld+json\" class=\"yoast-schema-graph\">{\"@context\":\"https:\\\/\\\/schema.org\",\"@graph\":[{\"@type\":[\"WebPage\",\"ItemPage\"],\"@id\":\"https:\\\/\\\/www.loopkinglaces.com\\\/de\\\/products\\\/gruen-gestreifte-no-tie-schnuersenkel-47-zoll\\\/\",\"url\":\"https:\\\/\\\/www.loopkinglaces.com\\\/de\\\/products\\\/gruen-gestreifte-no-tie-schnuersenkel-47-zoll\\\/\",\"name\":\"Gr\u00fcn gestreifte No-Tie Schn\u00fcrsenkel - von Loop King\",\"isPartOf\":{\"@id\":\"https:\\\/\\\/www.loopkinglaces.com\\\/de\\\/#website\"},\"primaryImageOfPage\":{\"@id\":\"https:\\\/\\\/www.loopkinglaces.com\\\/de\\\/products\\\/gruen-gestreifte-no-tie-schnuersenkel-47-zoll\\\/#primaryimage\"},\"image\":{\"@id\":\"https:\\\/\\\/www.loopkinglaces.com\\\/de\\\/products\\\/gruen-gestreifte-no-tie-schnuersenkel-47-zoll\\\/#primaryimage\"},\"thumbnailUrl\":\"https:\\\/\\\/www.loopkinglaces.com\\\/wp-content\\\/uploads\\\/1216A-140-scaled.jpg\",\"datePublished\":\"2023-01-07T09:44:43+00:00\",\"dateModified\":\"2024-11-06T23:35:22+00:00\",\"description\":\"Hast du Angst, dass sich deine Schn\u00fcrsenkel beim morgendlichen Joggen l\u00f6sen? Probiere unbedingt diese erstklassigen gr\u00fcn gestreiften Schn\u00fcrsenkel ohne Schn\u00fcrsenkel f\u00fcr einen sicheren Sitz aus.\",\"breadcrumb\":{\"@id\":\"https:\\\/\\\/www.loopkinglaces.com\\\/de\\\/products\\\/gruen-gestreifte-no-tie-schnuersenkel-47-zoll\\\/#breadcrumb\"},\"inLanguage\":\"de\",\"potentialAction\":[{\"@type\":\"ReadAction\",\"target\":[\"https:\\\/\\\/www.loopkinglaces.com\\\/de\\\/products\\\/gruen-gestreifte-no-tie-schnuersenkel-47-zoll\\\/\"]}]},{\"@type\":\"ImageObject\",\"inLanguage\":\"de\",\"@id\":\"https:\\\/\\\/www.loopkinglaces.com\\\/de\\\/products\\\/gruen-gestreifte-no-tie-schnuersenkel-47-zoll\\\/#primaryimage\",\"url\":\"https:\\\/\\\/www.loopkinglaces.com\\\/wp-content\\\/uploads\\\/1216A-140-scaled.jpg\",\"contentUrl\":\"https:\\\/\\\/www.loopkinglaces.com\\\/wp-content\\\/uploads\\\/1216A-140-scaled.jpg\",\"width\":1600,\"height\":1067},{\"@type\":\"BreadcrumbList\",\"@id\":\"https:\\\/\\\/www.loopkinglaces.com\\\/de\\\/products\\\/gruen-gestreifte-no-tie-schnuersenkel-47-zoll\\\/#breadcrumb\",\"itemListElement\":[{\"@type\":\"ListItem\",\"position\":1,\"name\":\"Home\",\"item\":\"https:\\\/\\\/www.loopkinglaces.com\\\/de\\\/\"},{\"@type\":\"ListItem\",\"position\":2,\"name\":\"Shop\",\"item\":\"https:\\\/\\\/www.loopkinglaces.com\\\/de\\\/shop\\\/\"},{\"@type\":\"ListItem\",\"position\":3,\"name\":\"Gr\u00fcn gestreifte No-Tie Schn\u00fcrsenkel &#8211; 47 Zoll\"}]},{\"@type\":\"WebSite\",\"@id\":\"https:\\\/\\\/www.loopkinglaces.com\\\/de\\\/#website\",\"url\":\"https:\\\/\\\/www.loopkinglaces.com\\\/de\\\/\",\"name\":\"Luxury Gold Tip Shoelaces by Loop King Laces\",\"description\":\"Rope Laces, Flat Waxed Laces and Leather Laces. All With Gold Tips.\",\"publisher\":{\"@id\":\"https:\\\/\\\/www.loopkinglaces.com\\\/de\\\/#organization\"},\"potentialAction\":[{\"@type\":\"SearchAction\",\"target\":{\"@type\":\"EntryPoint\",\"urlTemplate\":\"https:\\\/\\\/www.loopkinglaces.com\\\/de\\\/?s={search_term_string}\"},\"query-input\":{\"@type\":\"PropertyValueSpecification\",\"valueRequired\":true,\"valueName\":\"search_term_string\"}}],\"inLanguage\":\"de\"},{\"@type\":\"Organization\",\"@id\":\"https:\\\/\\\/www.loopkinglaces.com\\\/de\\\/#organization\",\"name\":\"Loop King Laces\",\"url\":\"https:\\\/\\\/www.loopkinglaces.com\\\/de\\\/\",\"logo\":{\"@type\":\"ImageObject\",\"inLanguage\":\"de\",\"@id\":\"https:\\\/\\\/www.loopkinglaces.com\\\/de\\\/#\\\/schema\\\/logo\\\/image\\\/\",\"url\":\"https:\\\/\\\/www.loopkinglaces.com\\\/wp-content\\\/uploads\\\/LOOP-KING-LACES.1.1-01-LOGO-HI-RES-OFFICIAL-1.png\",\"contentUrl\":\"https:\\\/\\\/www.loopkinglaces.com\\\/wp-content\\\/uploads\\\/LOOP-KING-LACES.1.1-01-LOGO-HI-RES-OFFICIAL-1.png\",\"width\":128,\"height\":91,\"caption\":\"Loop King Laces\"},\"image\":{\"@id\":\"https:\\\/\\\/www.loopkinglaces.com\\\/de\\\/#\\\/schema\\\/logo\\\/image\\\/\"},\"sameAs\":[\"https:\\\/\\\/www.facebook.com\\\/LoopKingLaces\\\/\",\"https:\\\/\\\/x.com\\\/loopkinglaces\",\"https:\\\/\\\/www.instagram.com\\\/loopkinglaces\\\/\"]}]}<\/script>\n<!-- \/ Yoast SEO plugin. -->","yoast_head_json":{"title":"Gr\u00fcn gestreifte No-Tie Schn\u00fcrsenkel - von Loop King","description":"Hast du Angst, dass sich deine Schn\u00fcrsenkel beim morgendlichen Joggen l\u00f6sen? Probiere unbedingt diese erstklassigen gr\u00fcn gestreiften Schn\u00fcrsenkel ohne Schn\u00fcrsenkel f\u00fcr einen sicheren Sitz aus.","robots":{"index":"index","follow":"follow","max-snippet":"max-snippet:-1","max-image-preview":"max-image-preview:large","max-video-preview":"max-video-preview:-1"},"canonical":"https:\/\/www.loopkinglaces.com\/de\/products\/gruen-gestreifte-no-tie-schnuersenkel-47-zoll\/","og_locale":"de_DE","og_type":"article","og_title":"Gr\u00fcn gestreifte No-Tie Schn\u00fcrsenkel - von Loop King","og_description":"Hast du Angst, dass sich deine Schn\u00fcrsenkel beim morgendlichen Joggen l\u00f6sen? Probiere unbedingt diese erstklassigen gr\u00fcn gestreiften Schn\u00fcrsenkel ohne Schn\u00fcrsenkel f\u00fcr einen sicheren Sitz aus.","og_url":"https:\/\/www.loopkinglaces.com\/de\/products\/gruen-gestreifte-no-tie-schnuersenkel-47-zoll\/","og_site_name":"Luxury Gold Tip Shoelaces by Loop King Laces","article_publisher":"https:\/\/www.facebook.com\/LoopKingLaces\/","article_modified_time":"2024-11-06T23:35:22+00:00","og_image":[{"width":1600,"height":1067,"url":"https:\/\/www.loopkinglaces.com\/wp-content\/uploads\/1216A-140-scaled.jpg","type":"image\/jpeg"}],"twitter_card":"summary_large_image","twitter_site":"@loopkinglaces","twitter_misc":{"Gesch\u00e4tzte Lesezeit":"1\u00a0Minute"},"schema":{"@context":"https:\/\/schema.org","@graph":[{"@type":["WebPage","ItemPage"],"@id":"https:\/\/www.loopkinglaces.com\/de\/products\/gruen-gestreifte-no-tie-schnuersenkel-47-zoll\/","url":"https:\/\/www.loopkinglaces.com\/de\/products\/gruen-gestreifte-no-tie-schnuersenkel-47-zoll\/","name":"Gr\u00fcn gestreifte No-Tie Schn\u00fcrsenkel - von Loop King","isPartOf":{"@id":"https:\/\/www.loopkinglaces.com\/de\/#website"},"primaryImageOfPage":{"@id":"https:\/\/www.loopkinglaces.com\/de\/products\/gruen-gestreifte-no-tie-schnuersenkel-47-zoll\/#primaryimage"},"image":{"@id":"https:\/\/www.loopkinglaces.com\/de\/products\/gruen-gestreifte-no-tie-schnuersenkel-47-zoll\/#primaryimage"},"thumbnailUrl":"https:\/\/www.loopkinglaces.com\/wp-content\/uploads\/1216A-140-scaled.jpg","datePublished":"2023-01-07T09:44:43+00:00","dateModified":"2024-11-06T23:35:22+00:00","description":"Hast du Angst, dass sich deine Schn\u00fcrsenkel beim morgendlichen Joggen l\u00f6sen? Probiere unbedingt diese erstklassigen gr\u00fcn gestreiften Schn\u00fcrsenkel ohne Schn\u00fcrsenkel f\u00fcr einen sicheren Sitz aus.","breadcrumb":{"@id":"https:\/\/www.loopkinglaces.com\/de\/products\/gruen-gestreifte-no-tie-schnuersenkel-47-zoll\/#breadcrumb"},"inLanguage":"de","potentialAction":[{"@type":"ReadAction","target":["https:\/\/www.loopkinglaces.com\/de\/products\/gruen-gestreifte-no-tie-schnuersenkel-47-zoll\/"]}]},{"@type":"ImageObject","inLanguage":"de","@id":"https:\/\/www.loopkinglaces.com\/de\/products\/gruen-gestreifte-no-tie-schnuersenkel-47-zoll\/#primaryimage","url":"https:\/\/www.loopkinglaces.com\/wp-content\/uploads\/1216A-140-scaled.jpg","contentUrl":"https:\/\/www.loopkinglaces.com\/wp-content\/uploads\/1216A-140-scaled.jpg","width":1600,"height":1067},{"@type":"BreadcrumbList","@id":"https:\/\/www.loopkinglaces.com\/de\/products\/gruen-gestreifte-no-tie-schnuersenkel-47-zoll\/#breadcrumb","itemListElement":[{"@type":"ListItem","position":1,"name":"Home","item":"https:\/\/www.loopkinglaces.com\/de\/"},{"@type":"ListItem","position":2,"name":"Shop","item":"https:\/\/www.loopkinglaces.com\/de\/shop\/"},{"@type":"ListItem","position":3,"name":"Gr\u00fcn gestreifte No-Tie Schn\u00fcrsenkel &#8211; 47 Zoll"}]},{"@type":"WebSite","@id":"https:\/\/www.loopkinglaces.com\/de\/#website","url":"https:\/\/www.loopkinglaces.com\/de\/","name":"Luxury Gold Tip Shoelaces by Loop King Laces","description":"Rope Laces, Flat Waxed Laces and Leather Laces. All With Gold Tips.","publisher":{"@id":"https:\/\/www.loopkinglaces.com\/de\/#organization"},"potentialAction":[{"@type":"SearchAction","target":{"@type":"EntryPoint","urlTemplate":"https:\/\/www.loopkinglaces.com\/de\/?s={search_term_string}"},"query-input":{"@type":"PropertyValueSpecification","valueRequired":true,"valueName":"search_term_string"}}],"inLanguage":"de"},{"@type":"Organization","@id":"https:\/\/www.loopkinglaces.com\/de\/#organization","name":"Loop King Laces","url":"https:\/\/www.loopkinglaces.com\/de\/","logo":{"@type":"ImageObject","inLanguage":"de","@id":"https:\/\/www.loopkinglaces.com\/de\/#\/schema\/logo\/image\/","url":"https:\/\/www.loopkinglaces.com\/wp-content\/uploads\/LOOP-KING-LACES.1.1-01-LOGO-HI-RES-OFFICIAL-1.png","contentUrl":"https:\/\/www.loopkinglaces.com\/wp-content\/uploads\/LOOP-KING-LACES.1.1-01-LOGO-HI-RES-OFFICIAL-1.png","width":128,"height":91,"caption":"Loop King Laces"},"image":{"@id":"https:\/\/www.loopkinglaces.com\/de\/#\/schema\/logo\/image\/"},"sameAs":["https:\/\/www.facebook.com\/LoopKingLaces\/","https:\/\/x.com\/loopkinglaces","https:\/\/www.instagram.com\/loopkinglaces\/"]}]}},"_links":{"self":[{"href":"https:\/\/www.loopkinglaces.com\/de\/wp-json\/wp\/v2\/product\/67662","targetHints":{"allow":["GET"]}}],"collection":[{"href":"https:\/\/www.loopkinglaces.com\/de\/wp-json\/wp\/v2\/product"}],"about":[{"href":"https:\/\/www.loopkinglaces.com\/de\/wp-json\/wp\/v2\/types\/product"}],"replies":[{"embeddable":true,"href":"https:\/\/www.loopkinglaces.com\/de\/wp-json\/wp\/v2\/comments?post=67662"}],"wp:featuredmedia":[{"embeddable":true,"href":"https:\/\/www.loopkinglaces.com\/de\/wp-json\/wp\/v2\/media\/58304"}],"wp:attachment":[{"href":"https:\/\/www.loopkinglaces.com\/de\/wp-json\/wp\/v2\/media?parent=67662"}],"wp:term":[{"taxonomy":"product_brand","embeddable":true,"href":"https:\/\/www.loopkinglaces.com\/de\/wp-json\/wp\/v2\/product_brand?post=67662"},{"taxonomy":"product_cat","embeddable":true,"href":"https:\/\/www.loopkinglaces.com\/de\/wp-json\/wp\/v2\/product_cat?post=67662"},{"taxonomy":"product_tag","embeddable":true,"href":"https:\/\/www.loopkinglaces.com\/de\/wp-json\/wp\/v2\/product_tag?post=67662"},{"taxonomy":"woo-feed-brand","embeddable":true,"href":"https:\/\/www.loopkinglaces.com\/de\/wp-json\/wp\/v2\/woo-feed-brand?post=67662"}],"curies":[{"name":"wp","href":"https:\/\/api.w.org\/{rel}","templated":true}]}}