{"id":67661,"date":"2023-01-07T11:03:03","date_gmt":"2023-01-07T11:03:03","guid":{"rendered":"https:\/\/www.loopkinglaces.com\/products\/hellgrau-gestreifte-no-tie-schnuersenkel-47-zoll\/"},"modified":"2024-11-06T23:31:57","modified_gmt":"2024-11-06T23:31:57","slug":"hellgrau-gestreifte-no-tie-schnuersenkel-47-zoll","status":"publish","type":"product","link":"https:\/\/www.loopkinglaces.com\/de\/products\/hellgrau-gestreifte-no-tie-schnuersenkel-47-zoll\/","title":{"rendered":"Hellgrau gestreifte No-Tie Schn\u00fcrsenkel &#8211; 47 Zoll"},"content":{"rendered":"<p>Bist du es leid, Zeit mit dem Binden von Schn\u00fcrsenkeln zu verschwenden und zu riskieren, dar\u00fcber zu stolpern?<br \/>\nMit unseren schn\u00fcrsenkellosen Schn\u00fcrsenkeln ist das kein Problem mehr.<br \/>\nUnser spezieller Verschlussmechanismus funktioniert wie ein Rei\u00dfverschluss an einem Mantel &#8211; zieh ihn hoch f\u00fcr einen besonders sicheren Sitz oder runter, um deine Schuhe einfach auszuziehen!<br \/>\nDank der hochwertigen Materialien halten diese Schn\u00fcrsenkel 3x l\u00e4nger als die meisten anderen, sodass du sie nicht immer wieder ersetzen musst.<\/p>\n","protected":false},"excerpt":{"rendered":"<p><strong>Hellgraue gestreifte No-Tie-Schn\u00fcrsenkel<\/strong> Verbessere deine Sneaker mit Schn\u00fcrsenkeln ohne Schn\u00fcrsenkel &#8211; die perfekte Kombination aus Stil und Komfort.<br \/>\nMit diesen speziellen Schn\u00fcrsenkeln kannst du dem l\u00e4stigen Binden f\u00fcr immer Lebewohl sagen.<br \/>\nUnd weil sie mit einem sicheren Verschlussmechanismus wie bei einem Rei\u00dfverschluss ausgestattet sind, ist ein Stolpern oder ein ungl\u00fcckliches Missgeschick beim Laufen oder Joggen ausgeschlossen!<br \/>\nAu\u00dferdem sind sie dank ihrer hochwertigen Materialien dreimal so haltbar wie die Produkte \u00e4hnlicher Marken auf dem Markt.<\/p>\n<ul>\n<li>120 cm<\/li>\n<li>Hochwertige Materialien<\/li>\n<li>Halten <strong>3 Mal l\u00e4nger<\/strong> als andere Marken<\/li>\n<li>Sch\u00f6ne Loop King Verpackung<\/li>\n<\/ul>\n","protected":false},"featured_media":58314,"comment_status":"open","ping_status":"closed","template":"","meta":{"_acf_changed":false},"product_brand":[],"product_cat":[590,712,716,750,866,869,728,864,746,867,863,868,1838,865],"product_tag":[781,783,635,638,738,734,636,782],"woo-feed-brand":[],"class_list":{"0":"post-67661","1":"product","2":"type-product","3":"status-publish","4":"has-post-thumbnail","6":"product_cat-all-shoelaces","7":"product_cat-childrens-shoe-laces-de","8":"product_cat-coil-shoelaces-de","9":"product_cat-das-perfekte-paar-finden-die-revolution-der-72-zoll-schuhbander","10":"product_cat-die-magie-der-salomon-schnursenkel-loop-kings-no-tie-ersatzschnursenkel","11":"product_cat-hast-du-jordan-6-lace-locksjetzt-musst-du-deine-schuhe-nicht-mehr-binden","12":"product_cat-hey-dude-schnursenkel-ohne-schnursenkel-sind-das-neue-cool","13":"product_cat-hickies-schnursenkel-mein-kleines-geheimnis-fur-einen-unbeschwerten-morgen","14":"product_cat-keen-schnursenkel-die-kunst-von-schwarz-und-grau-beherrschen","15":"product_cat-schnelle-schnursenkel-alte-bindungsgewohnheiten-ablegen","16":"product_cat-schnursenkel-ohne-schnursenkel-die-zeit-sparen-und-fantastisch-aussehen","17":"product_cat-schnursenkel-verankerungen-keine-stolperfallen-mehr-nur-noch-tricks","18":"product_cat-shoe-fasteners-de","19":"product_cat-speed-laces-die-revolution-in-der-schuhmode","20":"product_tag-flach-gewachst","21":"product_tag-gewachst","22":"product_tag-loop-king-de","23":"product_tag-metal-tip-de","24":"product_tag-schnursenkel-mit-goldspitze","25":"product_tag-schwarz","26":"product_tag-shoelaces-de","27":"product_tag-wohnung","29":"first","30":"instock","31":"taxable","32":"shipping-taxable","33":"product-type-variable"},"acf":[],"yoast_head":"<!-- This site is optimized with the Yoast SEO plugin v27.5 - https:\/\/yoast.com\/product\/yoast-seo-wordpress\/ -->\n<title>Hellgrau gestreifte No-Tie Schn\u00fcrsenkel - Von Loop King<\/title>\n<meta name=\"description\" content=\"Mach deine morgendlichen Joggingrunden sicher und m\u00fchelos mit hochwertigen Schn\u00fcrsenkeln. Mach dir keine Gedanken mehr \u00fcber Doppelknoten oder das Anhalten alle paar Minuten.\" \/>\n<meta name=\"robots\" content=\"index, follow, max-snippet:-1, max-image-preview:large, max-video-preview:-1\" \/>\n<link rel=\"canonical\" href=\"https:\/\/www.loopkinglaces.com\/de\/products\/hellgrau-gestreifte-no-tie-schnuersenkel-47-zoll\/\" \/>\n<meta property=\"og:locale\" content=\"de_DE\" \/>\n<meta property=\"og:type\" content=\"article\" \/>\n<meta property=\"og:title\" content=\"Hellgrau gestreifte No-Tie Schn\u00fcrsenkel - Von Loop King\" \/>\n<meta property=\"og:description\" content=\"Mach deine morgendlichen Joggingrunden sicher und m\u00fchelos mit hochwertigen Schn\u00fcrsenkeln. Mach dir keine Gedanken mehr \u00fcber Doppelknoten oder das Anhalten alle paar Minuten.\" \/>\n<meta property=\"og:url\" content=\"https:\/\/www.loopkinglaces.com\/de\/products\/hellgrau-gestreifte-no-tie-schnuersenkel-47-zoll\/\" \/>\n<meta property=\"og:site_name\" content=\"Luxury Gold Tip Shoelaces by Loop King Laces\" \/>\n<meta property=\"article:publisher\" content=\"https:\/\/www.facebook.com\/LoopKingLaces\/\" \/>\n<meta property=\"article:modified_time\" content=\"2024-11-06T23:31:57+00:00\" \/>\n<meta property=\"og:image\" content=\"https:\/\/www.loopkinglaces.com\/wp-content\/uploads\/1216A-142-scaled.jpg\" \/>\n\t<meta property=\"og:image:width\" content=\"1600\" \/>\n\t<meta property=\"og:image:height\" content=\"1067\" \/>\n\t<meta property=\"og:image:type\" content=\"image\/jpeg\" \/>\n<meta name=\"twitter:card\" content=\"summary_large_image\" \/>\n<meta name=\"twitter:site\" content=\"@loopkinglaces\" \/>\n<meta name=\"twitter:label1\" content=\"Gesch\u00e4tzte Lesezeit\" \/>\n\t<meta name=\"twitter:data1\" content=\"1\u00a0Minute\" \/>\n<script type=\"application\/ld+json\" class=\"yoast-schema-graph\">{\"@context\":\"https:\\\/\\\/schema.org\",\"@graph\":[{\"@type\":[\"WebPage\",\"ItemPage\"],\"@id\":\"https:\\\/\\\/www.loopkinglaces.com\\\/de\\\/products\\\/hellgrau-gestreifte-no-tie-schnuersenkel-47-zoll\\\/\",\"url\":\"https:\\\/\\\/www.loopkinglaces.com\\\/de\\\/products\\\/hellgrau-gestreifte-no-tie-schnuersenkel-47-zoll\\\/\",\"name\":\"Hellgrau gestreifte No-Tie Schn\u00fcrsenkel - Von Loop King\",\"isPartOf\":{\"@id\":\"https:\\\/\\\/www.loopkinglaces.com\\\/de\\\/#website\"},\"primaryImageOfPage\":{\"@id\":\"https:\\\/\\\/www.loopkinglaces.com\\\/de\\\/products\\\/hellgrau-gestreifte-no-tie-schnuersenkel-47-zoll\\\/#primaryimage\"},\"image\":{\"@id\":\"https:\\\/\\\/www.loopkinglaces.com\\\/de\\\/products\\\/hellgrau-gestreifte-no-tie-schnuersenkel-47-zoll\\\/#primaryimage\"},\"thumbnailUrl\":\"https:\\\/\\\/www.loopkinglaces.com\\\/wp-content\\\/uploads\\\/1216A-142-scaled.jpg\",\"datePublished\":\"2023-01-07T11:03:03+00:00\",\"dateModified\":\"2024-11-06T23:31:57+00:00\",\"description\":\"Mach deine morgendlichen Joggingrunden sicher und m\u00fchelos mit hochwertigen Schn\u00fcrsenkeln. Mach dir keine Gedanken mehr \u00fcber Doppelknoten oder das Anhalten alle paar Minuten.\",\"breadcrumb\":{\"@id\":\"https:\\\/\\\/www.loopkinglaces.com\\\/de\\\/products\\\/hellgrau-gestreifte-no-tie-schnuersenkel-47-zoll\\\/#breadcrumb\"},\"inLanguage\":\"de\",\"potentialAction\":[{\"@type\":\"ReadAction\",\"target\":[\"https:\\\/\\\/www.loopkinglaces.com\\\/de\\\/products\\\/hellgrau-gestreifte-no-tie-schnuersenkel-47-zoll\\\/\"]}]},{\"@type\":\"ImageObject\",\"inLanguage\":\"de\",\"@id\":\"https:\\\/\\\/www.loopkinglaces.com\\\/de\\\/products\\\/hellgrau-gestreifte-no-tie-schnuersenkel-47-zoll\\\/#primaryimage\",\"url\":\"https:\\\/\\\/www.loopkinglaces.com\\\/wp-content\\\/uploads\\\/1216A-142-scaled.jpg\",\"contentUrl\":\"https:\\\/\\\/www.loopkinglaces.com\\\/wp-content\\\/uploads\\\/1216A-142-scaled.jpg\",\"width\":1600,\"height\":1067},{\"@type\":\"BreadcrumbList\",\"@id\":\"https:\\\/\\\/www.loopkinglaces.com\\\/de\\\/products\\\/hellgrau-gestreifte-no-tie-schnuersenkel-47-zoll\\\/#breadcrumb\",\"itemListElement\":[{\"@type\":\"ListItem\",\"position\":1,\"name\":\"Home\",\"item\":\"https:\\\/\\\/www.loopkinglaces.com\\\/de\\\/\"},{\"@type\":\"ListItem\",\"position\":2,\"name\":\"Shop\",\"item\":\"https:\\\/\\\/www.loopkinglaces.com\\\/de\\\/shop\\\/\"},{\"@type\":\"ListItem\",\"position\":3,\"name\":\"Hellgrau gestreifte No-Tie Schn\u00fcrsenkel &#8211; 47 Zoll\"}]},{\"@type\":\"WebSite\",\"@id\":\"https:\\\/\\\/www.loopkinglaces.com\\\/de\\\/#website\",\"url\":\"https:\\\/\\\/www.loopkinglaces.com\\\/de\\\/\",\"name\":\"Luxury Gold Tip Shoelaces by Loop King Laces\",\"description\":\"Rope Laces, Flat Waxed Laces and Leather Laces. All With Gold Tips.\",\"publisher\":{\"@id\":\"https:\\\/\\\/www.loopkinglaces.com\\\/de\\\/#organization\"},\"potentialAction\":[{\"@type\":\"SearchAction\",\"target\":{\"@type\":\"EntryPoint\",\"urlTemplate\":\"https:\\\/\\\/www.loopkinglaces.com\\\/de\\\/?s={search_term_string}\"},\"query-input\":{\"@type\":\"PropertyValueSpecification\",\"valueRequired\":true,\"valueName\":\"search_term_string\"}}],\"inLanguage\":\"de\"},{\"@type\":\"Organization\",\"@id\":\"https:\\\/\\\/www.loopkinglaces.com\\\/de\\\/#organization\",\"name\":\"Loop King Laces\",\"url\":\"https:\\\/\\\/www.loopkinglaces.com\\\/de\\\/\",\"logo\":{\"@type\":\"ImageObject\",\"inLanguage\":\"de\",\"@id\":\"https:\\\/\\\/www.loopkinglaces.com\\\/de\\\/#\\\/schema\\\/logo\\\/image\\\/\",\"url\":\"https:\\\/\\\/www.loopkinglaces.com\\\/wp-content\\\/uploads\\\/LOOP-KING-LACES.1.1-01-LOGO-HI-RES-OFFICIAL-1.png\",\"contentUrl\":\"https:\\\/\\\/www.loopkinglaces.com\\\/wp-content\\\/uploads\\\/LOOP-KING-LACES.1.1-01-LOGO-HI-RES-OFFICIAL-1.png\",\"width\":128,\"height\":91,\"caption\":\"Loop King Laces\"},\"image\":{\"@id\":\"https:\\\/\\\/www.loopkinglaces.com\\\/de\\\/#\\\/schema\\\/logo\\\/image\\\/\"},\"sameAs\":[\"https:\\\/\\\/www.facebook.com\\\/LoopKingLaces\\\/\",\"https:\\\/\\\/x.com\\\/loopkinglaces\",\"https:\\\/\\\/www.instagram.com\\\/loopkinglaces\\\/\"]}]}<\/script>\n<!-- \/ Yoast SEO plugin. -->","yoast_head_json":{"title":"Hellgrau gestreifte No-Tie Schn\u00fcrsenkel - Von Loop King","description":"Mach deine morgendlichen Joggingrunden sicher und m\u00fchelos mit hochwertigen Schn\u00fcrsenkeln. Mach dir keine Gedanken mehr \u00fcber Doppelknoten oder das Anhalten alle paar Minuten.","robots":{"index":"index","follow":"follow","max-snippet":"max-snippet:-1","max-image-preview":"max-image-preview:large","max-video-preview":"max-video-preview:-1"},"canonical":"https:\/\/www.loopkinglaces.com\/de\/products\/hellgrau-gestreifte-no-tie-schnuersenkel-47-zoll\/","og_locale":"de_DE","og_type":"article","og_title":"Hellgrau gestreifte No-Tie Schn\u00fcrsenkel - Von Loop King","og_description":"Mach deine morgendlichen Joggingrunden sicher und m\u00fchelos mit hochwertigen Schn\u00fcrsenkeln. Mach dir keine Gedanken mehr \u00fcber Doppelknoten oder das Anhalten alle paar Minuten.","og_url":"https:\/\/www.loopkinglaces.com\/de\/products\/hellgrau-gestreifte-no-tie-schnuersenkel-47-zoll\/","og_site_name":"Luxury Gold Tip Shoelaces by Loop King Laces","article_publisher":"https:\/\/www.facebook.com\/LoopKingLaces\/","article_modified_time":"2024-11-06T23:31:57+00:00","og_image":[{"width":1600,"height":1067,"url":"https:\/\/www.loopkinglaces.com\/wp-content\/uploads\/1216A-142-scaled.jpg","type":"image\/jpeg"}],"twitter_card":"summary_large_image","twitter_site":"@loopkinglaces","twitter_misc":{"Gesch\u00e4tzte Lesezeit":"1\u00a0Minute"},"schema":{"@context":"https:\/\/schema.org","@graph":[{"@type":["WebPage","ItemPage"],"@id":"https:\/\/www.loopkinglaces.com\/de\/products\/hellgrau-gestreifte-no-tie-schnuersenkel-47-zoll\/","url":"https:\/\/www.loopkinglaces.com\/de\/products\/hellgrau-gestreifte-no-tie-schnuersenkel-47-zoll\/","name":"Hellgrau gestreifte No-Tie Schn\u00fcrsenkel - Von Loop King","isPartOf":{"@id":"https:\/\/www.loopkinglaces.com\/de\/#website"},"primaryImageOfPage":{"@id":"https:\/\/www.loopkinglaces.com\/de\/products\/hellgrau-gestreifte-no-tie-schnuersenkel-47-zoll\/#primaryimage"},"image":{"@id":"https:\/\/www.loopkinglaces.com\/de\/products\/hellgrau-gestreifte-no-tie-schnuersenkel-47-zoll\/#primaryimage"},"thumbnailUrl":"https:\/\/www.loopkinglaces.com\/wp-content\/uploads\/1216A-142-scaled.jpg","datePublished":"2023-01-07T11:03:03+00:00","dateModified":"2024-11-06T23:31:57+00:00","description":"Mach deine morgendlichen Joggingrunden sicher und m\u00fchelos mit hochwertigen Schn\u00fcrsenkeln. Mach dir keine Gedanken mehr \u00fcber Doppelknoten oder das Anhalten alle paar Minuten.","breadcrumb":{"@id":"https:\/\/www.loopkinglaces.com\/de\/products\/hellgrau-gestreifte-no-tie-schnuersenkel-47-zoll\/#breadcrumb"},"inLanguage":"de","potentialAction":[{"@type":"ReadAction","target":["https:\/\/www.loopkinglaces.com\/de\/products\/hellgrau-gestreifte-no-tie-schnuersenkel-47-zoll\/"]}]},{"@type":"ImageObject","inLanguage":"de","@id":"https:\/\/www.loopkinglaces.com\/de\/products\/hellgrau-gestreifte-no-tie-schnuersenkel-47-zoll\/#primaryimage","url":"https:\/\/www.loopkinglaces.com\/wp-content\/uploads\/1216A-142-scaled.jpg","contentUrl":"https:\/\/www.loopkinglaces.com\/wp-content\/uploads\/1216A-142-scaled.jpg","width":1600,"height":1067},{"@type":"BreadcrumbList","@id":"https:\/\/www.loopkinglaces.com\/de\/products\/hellgrau-gestreifte-no-tie-schnuersenkel-47-zoll\/#breadcrumb","itemListElement":[{"@type":"ListItem","position":1,"name":"Home","item":"https:\/\/www.loopkinglaces.com\/de\/"},{"@type":"ListItem","position":2,"name":"Shop","item":"https:\/\/www.loopkinglaces.com\/de\/shop\/"},{"@type":"ListItem","position":3,"name":"Hellgrau gestreifte No-Tie Schn\u00fcrsenkel &#8211; 47 Zoll"}]},{"@type":"WebSite","@id":"https:\/\/www.loopkinglaces.com\/de\/#website","url":"https:\/\/www.loopkinglaces.com\/de\/","name":"Luxury Gold Tip Shoelaces by Loop King Laces","description":"Rope Laces, Flat Waxed Laces and Leather Laces. All With Gold Tips.","publisher":{"@id":"https:\/\/www.loopkinglaces.com\/de\/#organization"},"potentialAction":[{"@type":"SearchAction","target":{"@type":"EntryPoint","urlTemplate":"https:\/\/www.loopkinglaces.com\/de\/?s={search_term_string}"},"query-input":{"@type":"PropertyValueSpecification","valueRequired":true,"valueName":"search_term_string"}}],"inLanguage":"de"},{"@type":"Organization","@id":"https:\/\/www.loopkinglaces.com\/de\/#organization","name":"Loop King Laces","url":"https:\/\/www.loopkinglaces.com\/de\/","logo":{"@type":"ImageObject","inLanguage":"de","@id":"https:\/\/www.loopkinglaces.com\/de\/#\/schema\/logo\/image\/","url":"https:\/\/www.loopkinglaces.com\/wp-content\/uploads\/LOOP-KING-LACES.1.1-01-LOGO-HI-RES-OFFICIAL-1.png","contentUrl":"https:\/\/www.loopkinglaces.com\/wp-content\/uploads\/LOOP-KING-LACES.1.1-01-LOGO-HI-RES-OFFICIAL-1.png","width":128,"height":91,"caption":"Loop King Laces"},"image":{"@id":"https:\/\/www.loopkinglaces.com\/de\/#\/schema\/logo\/image\/"},"sameAs":["https:\/\/www.facebook.com\/LoopKingLaces\/","https:\/\/x.com\/loopkinglaces","https:\/\/www.instagram.com\/loopkinglaces\/"]}]}},"_links":{"self":[{"href":"https:\/\/www.loopkinglaces.com\/de\/wp-json\/wp\/v2\/product\/67661","targetHints":{"allow":["GET"]}}],"collection":[{"href":"https:\/\/www.loopkinglaces.com\/de\/wp-json\/wp\/v2\/product"}],"about":[{"href":"https:\/\/www.loopkinglaces.com\/de\/wp-json\/wp\/v2\/types\/product"}],"replies":[{"embeddable":true,"href":"https:\/\/www.loopkinglaces.com\/de\/wp-json\/wp\/v2\/comments?post=67661"}],"wp:featuredmedia":[{"embeddable":true,"href":"https:\/\/www.loopkinglaces.com\/de\/wp-json\/wp\/v2\/media\/58314"}],"wp:attachment":[{"href":"https:\/\/www.loopkinglaces.com\/de\/wp-json\/wp\/v2\/media?parent=67661"}],"wp:term":[{"taxonomy":"product_brand","embeddable":true,"href":"https:\/\/www.loopkinglaces.com\/de\/wp-json\/wp\/v2\/product_brand?post=67661"},{"taxonomy":"product_cat","embeddable":true,"href":"https:\/\/www.loopkinglaces.com\/de\/wp-json\/wp\/v2\/product_cat?post=67661"},{"taxonomy":"product_tag","embeddable":true,"href":"https:\/\/www.loopkinglaces.com\/de\/wp-json\/wp\/v2\/product_tag?post=67661"},{"taxonomy":"woo-feed-brand","embeddable":true,"href":"https:\/\/www.loopkinglaces.com\/de\/wp-json\/wp\/v2\/woo-feed-brand?post=67661"}],"curies":[{"name":"wp","href":"https:\/\/api.w.org\/{rel}","templated":true}]}}