{"id":67636,"date":"2022-12-28T19:05:46","date_gmt":"2022-12-28T19:05:46","guid":{"rendered":"https:\/\/www.loopkinglaces.com\/products\/gelb-gestreifte-no-tie-schnuersenkel-47-zoll\/"},"modified":"2024-11-09T20:51:53","modified_gmt":"2024-11-09T20:51:53","slug":"gelb-gestreifte-no-tie-schnuersenkel-47-zoll","status":"publish","type":"product","link":"https:\/\/www.loopkinglaces.com\/de\/products\/gelb-gestreifte-no-tie-schnuersenkel-47-zoll\/","title":{"rendered":"Gelb gestreifte No-Tie Schn\u00fcrsenkel &#8211; 47 Zoll"},"content":{"rendered":"<p>Zieh dich schneller und einfacher an mit Schn\u00fcrsenkeln ohne Kn\u00f6pfe!<br \/>\nMit diesen Schn\u00fcrsenkeln wird das Anziehen deiner Turnschuhe zum Kinderspiel &#8211; zieh sie einfach an, zieh den Verschluss bis zum oberen Ende der Schn\u00fcrsenkel und verschwende nie wieder eine Minute mit dem Binden altmodischer Knoten.<br \/>\nUnd dank des zuverl\u00e4ssigen Verschlussmechanismus, der \u00e4hnlich funktioniert wie Rei\u00dfverschl\u00fcsse bei M\u00e4nteln oder Jacken, kannst du sorgenfrei herumlaufen, denn du wei\u00dft, dass du nicht \u00fcber lockere Schn\u00fcrsenkel stolpern kannst.<br \/>\nDie hochwertigen Materialien sorgen f\u00fcr zus\u00e4tzliche Festigkeit und Haltbarkeit und halten dreimal l\u00e4nger als die Produkte anderer Marken. Es lohnt sich also, in diese praktischen und gleichzeitig stylischen Accessoires zu investieren!<\/p>\n","protected":false},"excerpt":{"rendered":"<p><strong>Gelbe gestreifte Schn\u00fcrsenkel Ohne Schn\u00fcrsenkel<\/strong> Das Leben l\u00e4uft auf Hochtouren?<br \/>\nSchn\u00fcrsenkel ohne Bindung sind der richtige Weg!<br \/>\nMit diesen revolution\u00e4ren Schn\u00fcrsenkeln lassen sich Schuhe ganz einfach an- und ausziehen und sehen dabei auch noch stylisch aus.<br \/>\nAu\u00dferdem verf\u00fcgen sie \u00fcber einen innovativen Verschlussmechanismus, der wie ein Rei\u00dfverschluss funktioniert und deine F\u00fc\u00dfe sicher h\u00e4lt, w\u00e4hrend du sie trotzdem leicht an- und ausziehen kannst.<br \/>\nDiese erstklassigen Schn\u00fcrsenkel sind au\u00dferdem besonders langlebig: Sie halten 3x l\u00e4nger als andere auf dem Markt.<br \/>\nMach dich bereit f\u00fcr bequemen Komfort und auff\u00e4lligen Stil &#8211; schn\u00fcrsenkellose Schuhmode wartet auf dich!<\/p>\n<ul>\n<li>120 cm<\/li>\n<li>Hochwertige Materialien<\/li>\n<li>Halten <strong>3 Mal l\u00e4nger<\/strong> als andere Marken<\/li>\n<li>Sch\u00f6ne Loop King Verpackung<\/li>\n<\/ul>\n","protected":false},"featured_media":58301,"comment_status":"open","ping_status":"closed","template":"","meta":{"_acf_changed":false},"product_brand":[],"product_cat":[590,716,866,765,764,728,809,867,863,868,766,1838,865,870],"product_tag":[781,783,635,638,738,734,636,782],"woo-feed-brand":[],"class_list":{"0":"post-67636","1":"product","2":"type-product","3":"status-publish","4":"has-post-thumbnail","6":"product_cat-all-shoelaces","7":"product_cat-coil-shoelaces-de","8":"product_cat-die-magie-der-salomon-schnursenkel-loop-kings-no-tie-ersatzschnursenkel","9":"product_cat-gelbe-schnursenkel-fur-einen-sonnenstrahl-in-deinen-schuhen","10":"product_cat-gelbe-schnursenkel-die-alle-anderen-in-den-schatten-stellen-und-perfekt-passen","11":"product_cat-hey-dude-schnursenkel-ohne-schnursenkel-sind-das-neue-cool","12":"product_cat-militarische-schnursenkel-schnuren-wie-ein-profi","13":"product_cat-schnelle-schnursenkel-alte-bindungsgewohnheiten-ablegen","14":"product_cat-schnursenkel-ohne-schnursenkel-die-zeit-sparen-und-fantastisch-aussehen","15":"product_cat-schnursenkel-verankerungen-keine-stolperfallen-mehr-nur-noch-tricks","16":"product_cat-schwarze-und-gelbe-premium-schnursenkel-perfekt-fur-jeden-stil","17":"product_cat-shoe-fasteners-de","18":"product_cat-speed-laces-die-revolution-in-der-schuhmode","19":"product_cat-zeitsparende-schnursenkel-ohne-bindung-mit-einem-eleganten-sinn-fur-stil","20":"product_tag-flach-gewachst","21":"product_tag-gewachst","22":"product_tag-loop-king-de","23":"product_tag-metal-tip-de","24":"product_tag-schnursenkel-mit-goldspitze","25":"product_tag-schwarz","26":"product_tag-shoelaces-de","27":"product_tag-wohnung","29":"first","30":"instock","31":"taxable","32":"shipping-taxable","33":"product-type-variable"},"acf":[],"yoast_head":"<!-- This site is optimized with the Yoast SEO plugin v27.4 - https:\/\/yoast.com\/product\/yoast-seo-wordpress\/ -->\n<title>Gelbe gestreifte No-Tie Schn\u00fcrsenkel - von Loop King<\/title>\n<meta name=\"description\" content=\"Befreie dich von der Monotonie des Schn\u00fcrsenkelbindens mit unseren gelben Schn\u00fcrsenkeln ohne Bindung. Mach dir keine Sorgen mehr, dass sich deine Schn\u00fcrsenkel l\u00f6sen, sondern genie\u00dfe es einfach!\" \/>\n<meta name=\"robots\" content=\"index, follow, max-snippet:-1, max-image-preview:large, max-video-preview:-1\" \/>\n<link rel=\"canonical\" href=\"https:\/\/www.loopkinglaces.com\/de\/products\/gelb-gestreifte-no-tie-schnuersenkel-47-zoll\/\" \/>\n<meta property=\"og:locale\" content=\"de_DE\" \/>\n<meta property=\"og:type\" content=\"article\" \/>\n<meta property=\"og:title\" content=\"Gelbe gestreifte No-Tie Schn\u00fcrsenkel - von Loop King\" \/>\n<meta property=\"og:description\" content=\"Befreie dich von der Monotonie des Schn\u00fcrsenkelbindens mit unseren gelben Schn\u00fcrsenkeln ohne Bindung. Mach dir keine Sorgen mehr, dass sich deine Schn\u00fcrsenkel l\u00f6sen, sondern genie\u00dfe es einfach!\" \/>\n<meta property=\"og:url\" content=\"https:\/\/www.loopkinglaces.com\/de\/products\/gelb-gestreifte-no-tie-schnuersenkel-47-zoll\/\" \/>\n<meta property=\"og:site_name\" content=\"Luxury Gold Tip Shoelaces by Loop King Laces\" \/>\n<meta property=\"article:publisher\" content=\"https:\/\/www.facebook.com\/LoopKingLaces\/\" \/>\n<meta property=\"article:modified_time\" content=\"2024-11-09T20:51:53+00:00\" \/>\n<meta property=\"og:image\" content=\"https:\/\/www.loopkinglaces.com\/wp-content\/uploads\/1216A-145-scaled.jpg\" \/>\n\t<meta property=\"og:image:width\" content=\"1600\" \/>\n\t<meta property=\"og:image:height\" content=\"1067\" \/>\n\t<meta property=\"og:image:type\" content=\"image\/jpeg\" \/>\n<meta name=\"twitter:card\" content=\"summary_large_image\" \/>\n<meta name=\"twitter:site\" content=\"@loopkinglaces\" \/>\n<meta name=\"twitter:label1\" content=\"Gesch\u00e4tzte Lesezeit\" \/>\n\t<meta name=\"twitter:data1\" content=\"1\u00a0Minute\" \/>\n<script type=\"application\/ld+json\" class=\"yoast-schema-graph\">{\"@context\":\"https:\\\/\\\/schema.org\",\"@graph\":[{\"@type\":[\"WebPage\",\"ItemPage\"],\"@id\":\"https:\\\/\\\/www.loopkinglaces.com\\\/de\\\/products\\\/gelb-gestreifte-no-tie-schnuersenkel-47-zoll\\\/\",\"url\":\"https:\\\/\\\/www.loopkinglaces.com\\\/de\\\/products\\\/gelb-gestreifte-no-tie-schnuersenkel-47-zoll\\\/\",\"name\":\"Gelbe gestreifte No-Tie Schn\u00fcrsenkel - von Loop King\",\"isPartOf\":{\"@id\":\"https:\\\/\\\/www.loopkinglaces.com\\\/de\\\/#website\"},\"primaryImageOfPage\":{\"@id\":\"https:\\\/\\\/www.loopkinglaces.com\\\/de\\\/products\\\/gelb-gestreifte-no-tie-schnuersenkel-47-zoll\\\/#primaryimage\"},\"image\":{\"@id\":\"https:\\\/\\\/www.loopkinglaces.com\\\/de\\\/products\\\/gelb-gestreifte-no-tie-schnuersenkel-47-zoll\\\/#primaryimage\"},\"thumbnailUrl\":\"https:\\\/\\\/www.loopkinglaces.com\\\/wp-content\\\/uploads\\\/1216A-145-scaled.jpg\",\"datePublished\":\"2022-12-28T19:05:46+00:00\",\"dateModified\":\"2024-11-09T20:51:53+00:00\",\"description\":\"Befreie dich von der Monotonie des Schn\u00fcrsenkelbindens mit unseren gelben Schn\u00fcrsenkeln ohne Bindung. Mach dir keine Sorgen mehr, dass sich deine Schn\u00fcrsenkel l\u00f6sen, sondern genie\u00dfe es einfach!\",\"breadcrumb\":{\"@id\":\"https:\\\/\\\/www.loopkinglaces.com\\\/de\\\/products\\\/gelb-gestreifte-no-tie-schnuersenkel-47-zoll\\\/#breadcrumb\"},\"inLanguage\":\"de\",\"potentialAction\":[{\"@type\":\"ReadAction\",\"target\":[\"https:\\\/\\\/www.loopkinglaces.com\\\/de\\\/products\\\/gelb-gestreifte-no-tie-schnuersenkel-47-zoll\\\/\"]}]},{\"@type\":\"ImageObject\",\"inLanguage\":\"de\",\"@id\":\"https:\\\/\\\/www.loopkinglaces.com\\\/de\\\/products\\\/gelb-gestreifte-no-tie-schnuersenkel-47-zoll\\\/#primaryimage\",\"url\":\"https:\\\/\\\/www.loopkinglaces.com\\\/wp-content\\\/uploads\\\/1216A-145-scaled.jpg\",\"contentUrl\":\"https:\\\/\\\/www.loopkinglaces.com\\\/wp-content\\\/uploads\\\/1216A-145-scaled.jpg\",\"width\":1600,\"height\":1067},{\"@type\":\"BreadcrumbList\",\"@id\":\"https:\\\/\\\/www.loopkinglaces.com\\\/de\\\/products\\\/gelb-gestreifte-no-tie-schnuersenkel-47-zoll\\\/#breadcrumb\",\"itemListElement\":[{\"@type\":\"ListItem\",\"position\":1,\"name\":\"Home\",\"item\":\"https:\\\/\\\/www.loopkinglaces.com\\\/de\\\/\"},{\"@type\":\"ListItem\",\"position\":2,\"name\":\"Shop\",\"item\":\"https:\\\/\\\/www.loopkinglaces.com\\\/de\\\/shop\\\/\"},{\"@type\":\"ListItem\",\"position\":3,\"name\":\"Gelb gestreifte No-Tie Schn\u00fcrsenkel &#8211; 47 Zoll\"}]},{\"@type\":\"WebSite\",\"@id\":\"https:\\\/\\\/www.loopkinglaces.com\\\/de\\\/#website\",\"url\":\"https:\\\/\\\/www.loopkinglaces.com\\\/de\\\/\",\"name\":\"Luxury Gold Tip Shoelaces by Loop King Laces\",\"description\":\"Rope Laces, Flat Waxed Laces and Leather Laces. All With Gold Tips.\",\"publisher\":{\"@id\":\"https:\\\/\\\/www.loopkinglaces.com\\\/de\\\/#organization\"},\"potentialAction\":[{\"@type\":\"SearchAction\",\"target\":{\"@type\":\"EntryPoint\",\"urlTemplate\":\"https:\\\/\\\/www.loopkinglaces.com\\\/de\\\/?s={search_term_string}\"},\"query-input\":{\"@type\":\"PropertyValueSpecification\",\"valueRequired\":true,\"valueName\":\"search_term_string\"}}],\"inLanguage\":\"de\"},{\"@type\":\"Organization\",\"@id\":\"https:\\\/\\\/www.loopkinglaces.com\\\/de\\\/#organization\",\"name\":\"Loop King Laces\",\"url\":\"https:\\\/\\\/www.loopkinglaces.com\\\/de\\\/\",\"logo\":{\"@type\":\"ImageObject\",\"inLanguage\":\"de\",\"@id\":\"https:\\\/\\\/www.loopkinglaces.com\\\/de\\\/#\\\/schema\\\/logo\\\/image\\\/\",\"url\":\"https:\\\/\\\/www.loopkinglaces.com\\\/wp-content\\\/uploads\\\/LOOP-KING-LACES.1.1-01-LOGO-HI-RES-OFFICIAL-1.png\",\"contentUrl\":\"https:\\\/\\\/www.loopkinglaces.com\\\/wp-content\\\/uploads\\\/LOOP-KING-LACES.1.1-01-LOGO-HI-RES-OFFICIAL-1.png\",\"width\":128,\"height\":91,\"caption\":\"Loop King Laces\"},\"image\":{\"@id\":\"https:\\\/\\\/www.loopkinglaces.com\\\/de\\\/#\\\/schema\\\/logo\\\/image\\\/\"},\"sameAs\":[\"https:\\\/\\\/www.facebook.com\\\/LoopKingLaces\\\/\",\"https:\\\/\\\/x.com\\\/loopkinglaces\",\"https:\\\/\\\/www.instagram.com\\\/loopkinglaces\\\/\"]}]}<\/script>\n<!-- \/ Yoast SEO plugin. -->","yoast_head_json":{"title":"Gelbe gestreifte No-Tie Schn\u00fcrsenkel - von Loop King","description":"Befreie dich von der Monotonie des Schn\u00fcrsenkelbindens mit unseren gelben Schn\u00fcrsenkeln ohne Bindung. Mach dir keine Sorgen mehr, dass sich deine Schn\u00fcrsenkel l\u00f6sen, sondern genie\u00dfe es einfach!","robots":{"index":"index","follow":"follow","max-snippet":"max-snippet:-1","max-image-preview":"max-image-preview:large","max-video-preview":"max-video-preview:-1"},"canonical":"https:\/\/www.loopkinglaces.com\/de\/products\/gelb-gestreifte-no-tie-schnuersenkel-47-zoll\/","og_locale":"de_DE","og_type":"article","og_title":"Gelbe gestreifte No-Tie Schn\u00fcrsenkel - von Loop King","og_description":"Befreie dich von der Monotonie des Schn\u00fcrsenkelbindens mit unseren gelben Schn\u00fcrsenkeln ohne Bindung. Mach dir keine Sorgen mehr, dass sich deine Schn\u00fcrsenkel l\u00f6sen, sondern genie\u00dfe es einfach!","og_url":"https:\/\/www.loopkinglaces.com\/de\/products\/gelb-gestreifte-no-tie-schnuersenkel-47-zoll\/","og_site_name":"Luxury Gold Tip Shoelaces by Loop King Laces","article_publisher":"https:\/\/www.facebook.com\/LoopKingLaces\/","article_modified_time":"2024-11-09T20:51:53+00:00","og_image":[{"width":1600,"height":1067,"url":"https:\/\/www.loopkinglaces.com\/wp-content\/uploads\/1216A-145-scaled.jpg","type":"image\/jpeg"}],"twitter_card":"summary_large_image","twitter_site":"@loopkinglaces","twitter_misc":{"Gesch\u00e4tzte Lesezeit":"1\u00a0Minute"},"schema":{"@context":"https:\/\/schema.org","@graph":[{"@type":["WebPage","ItemPage"],"@id":"https:\/\/www.loopkinglaces.com\/de\/products\/gelb-gestreifte-no-tie-schnuersenkel-47-zoll\/","url":"https:\/\/www.loopkinglaces.com\/de\/products\/gelb-gestreifte-no-tie-schnuersenkel-47-zoll\/","name":"Gelbe gestreifte No-Tie Schn\u00fcrsenkel - von Loop King","isPartOf":{"@id":"https:\/\/www.loopkinglaces.com\/de\/#website"},"primaryImageOfPage":{"@id":"https:\/\/www.loopkinglaces.com\/de\/products\/gelb-gestreifte-no-tie-schnuersenkel-47-zoll\/#primaryimage"},"image":{"@id":"https:\/\/www.loopkinglaces.com\/de\/products\/gelb-gestreifte-no-tie-schnuersenkel-47-zoll\/#primaryimage"},"thumbnailUrl":"https:\/\/www.loopkinglaces.com\/wp-content\/uploads\/1216A-145-scaled.jpg","datePublished":"2022-12-28T19:05:46+00:00","dateModified":"2024-11-09T20:51:53+00:00","description":"Befreie dich von der Monotonie des Schn\u00fcrsenkelbindens mit unseren gelben Schn\u00fcrsenkeln ohne Bindung. Mach dir keine Sorgen mehr, dass sich deine Schn\u00fcrsenkel l\u00f6sen, sondern genie\u00dfe es einfach!","breadcrumb":{"@id":"https:\/\/www.loopkinglaces.com\/de\/products\/gelb-gestreifte-no-tie-schnuersenkel-47-zoll\/#breadcrumb"},"inLanguage":"de","potentialAction":[{"@type":"ReadAction","target":["https:\/\/www.loopkinglaces.com\/de\/products\/gelb-gestreifte-no-tie-schnuersenkel-47-zoll\/"]}]},{"@type":"ImageObject","inLanguage":"de","@id":"https:\/\/www.loopkinglaces.com\/de\/products\/gelb-gestreifte-no-tie-schnuersenkel-47-zoll\/#primaryimage","url":"https:\/\/www.loopkinglaces.com\/wp-content\/uploads\/1216A-145-scaled.jpg","contentUrl":"https:\/\/www.loopkinglaces.com\/wp-content\/uploads\/1216A-145-scaled.jpg","width":1600,"height":1067},{"@type":"BreadcrumbList","@id":"https:\/\/www.loopkinglaces.com\/de\/products\/gelb-gestreifte-no-tie-schnuersenkel-47-zoll\/#breadcrumb","itemListElement":[{"@type":"ListItem","position":1,"name":"Home","item":"https:\/\/www.loopkinglaces.com\/de\/"},{"@type":"ListItem","position":2,"name":"Shop","item":"https:\/\/www.loopkinglaces.com\/de\/shop\/"},{"@type":"ListItem","position":3,"name":"Gelb gestreifte No-Tie Schn\u00fcrsenkel &#8211; 47 Zoll"}]},{"@type":"WebSite","@id":"https:\/\/www.loopkinglaces.com\/de\/#website","url":"https:\/\/www.loopkinglaces.com\/de\/","name":"Luxury Gold Tip Shoelaces by Loop King Laces","description":"Rope Laces, Flat Waxed Laces and Leather Laces. All With Gold Tips.","publisher":{"@id":"https:\/\/www.loopkinglaces.com\/de\/#organization"},"potentialAction":[{"@type":"SearchAction","target":{"@type":"EntryPoint","urlTemplate":"https:\/\/www.loopkinglaces.com\/de\/?s={search_term_string}"},"query-input":{"@type":"PropertyValueSpecification","valueRequired":true,"valueName":"search_term_string"}}],"inLanguage":"de"},{"@type":"Organization","@id":"https:\/\/www.loopkinglaces.com\/de\/#organization","name":"Loop King Laces","url":"https:\/\/www.loopkinglaces.com\/de\/","logo":{"@type":"ImageObject","inLanguage":"de","@id":"https:\/\/www.loopkinglaces.com\/de\/#\/schema\/logo\/image\/","url":"https:\/\/www.loopkinglaces.com\/wp-content\/uploads\/LOOP-KING-LACES.1.1-01-LOGO-HI-RES-OFFICIAL-1.png","contentUrl":"https:\/\/www.loopkinglaces.com\/wp-content\/uploads\/LOOP-KING-LACES.1.1-01-LOGO-HI-RES-OFFICIAL-1.png","width":128,"height":91,"caption":"Loop King Laces"},"image":{"@id":"https:\/\/www.loopkinglaces.com\/de\/#\/schema\/logo\/image\/"},"sameAs":["https:\/\/www.facebook.com\/LoopKingLaces\/","https:\/\/x.com\/loopkinglaces","https:\/\/www.instagram.com\/loopkinglaces\/"]}]}},"_links":{"self":[{"href":"https:\/\/www.loopkinglaces.com\/de\/wp-json\/wp\/v2\/product\/67636","targetHints":{"allow":["GET"]}}],"collection":[{"href":"https:\/\/www.loopkinglaces.com\/de\/wp-json\/wp\/v2\/product"}],"about":[{"href":"https:\/\/www.loopkinglaces.com\/de\/wp-json\/wp\/v2\/types\/product"}],"replies":[{"embeddable":true,"href":"https:\/\/www.loopkinglaces.com\/de\/wp-json\/wp\/v2\/comments?post=67636"}],"wp:featuredmedia":[{"embeddable":true,"href":"https:\/\/www.loopkinglaces.com\/de\/wp-json\/wp\/v2\/media\/58301"}],"wp:attachment":[{"href":"https:\/\/www.loopkinglaces.com\/de\/wp-json\/wp\/v2\/media?parent=67636"}],"wp:term":[{"taxonomy":"product_brand","embeddable":true,"href":"https:\/\/www.loopkinglaces.com\/de\/wp-json\/wp\/v2\/product_brand?post=67636"},{"taxonomy":"product_cat","embeddable":true,"href":"https:\/\/www.loopkinglaces.com\/de\/wp-json\/wp\/v2\/product_cat?post=67636"},{"taxonomy":"product_tag","embeddable":true,"href":"https:\/\/www.loopkinglaces.com\/de\/wp-json\/wp\/v2\/product_tag?post=67636"},{"taxonomy":"woo-feed-brand","embeddable":true,"href":"https:\/\/www.loopkinglaces.com\/de\/wp-json\/wp\/v2\/woo-feed-brand?post=67636"}],"curies":[{"name":"wp","href":"https:\/\/api.w.org\/{rel}","templated":true}]}}