{"id":67625,"date":"2022-12-28T18:43:33","date_gmt":"2022-12-28T18:43:33","guid":{"rendered":"https:\/\/www.loopkinglaces.com\/products\/rot-gestreifte-no-tie-schnuersenkel-47-zoll\/"},"modified":"2024-11-09T20:54:16","modified_gmt":"2024-11-09T20:54:16","slug":"rot-gestreifte-no-tie-schnuersenkel-47-zoll","status":"publish","type":"product","link":"https:\/\/www.loopkinglaces.com\/de\/products\/rot-gestreifte-no-tie-schnuersenkel-47-zoll\/","title":{"rendered":"Rot gestreifte No-Tie Schn\u00fcrsenkel &#8211; 47 Zoll"},"content":{"rendered":"<p>Wenn du dir das zeitaufw\u00e4ndige Binden von Schn\u00fcrsenkeln ersparen und deine Schuhe optisch aufpeppen willst, dann sind die Schn\u00fcrsenkel ohne Schn\u00fcrsenkel ein Muss f\u00fcr dich!<br \/>\nMit ihrem verbesserten Verschlussmechanismus, der wie ein Rei\u00dfverschluss an deinem Mantel funktioniert, sind diese speziellen Schn\u00fcrsenkel un\u00fcbertroffen einfach &#8211; zieh sie einfach hoch, um den Schuh f\u00fcr einen festen Sitz anzuziehen, und wieder runter, wenn er sich l\u00f6st.<br \/>\nSie bestehen aus hochwertigen Materialien, die dreimal so lange halten wie die anderer Marken, und bieten sowohl Komfort als auch Stil.<\/p>\n","protected":false},"excerpt":{"rendered":"<p><strong>Rot gestreifte No-Tie-Schn\u00fcrsenkel<\/strong> Vergiss die Zeit, die du mit dem Binden von Schn\u00fcrsenkeln verschwendest &#8211; mit den schn\u00fcrsenkellosen Schn\u00fcrsenkeln hast du in Sekundenschnelle einen sicheren Sitz.<br \/>\nDank des Verschlussmechanismus, der wie der Rei\u00dfverschluss an deinem Mantel funktioniert, brauchst du nur einmal zu ziehen, um die Schuhe zu schlie\u00dfen, und ein zweites Mal, um sie bei Bedarf schnell auszuziehen.<br \/>\nDiese speziellen Schn\u00fcrsenkel sind aus strapazierf\u00e4higen Materialien gefertigt und halten 3x l\u00e4nger als herk\u00f6mmliche.<\/p>\n<ul>\n<li>120 cm<\/li>\n<li>Hochwertige Materialien<\/li>\n<li>Halten <strong>3 Mal l\u00e4nger<\/strong> als andere Marken<\/li>\n<li>Sch\u00f6ne Loop King Verpackung<\/li>\n<\/ul>\n","protected":false},"featured_media":58296,"comment_status":"open","ping_status":"closed","template":"","meta":{"_acf_changed":false},"product_brand":[],"product_cat":[590,798,712,716,802,752,728,787,867,863,868,1838,865,800,779],"product_tag":[781,783,635,638,738,734,636,782],"woo-feed-brand":[],"class_list":{"0":"post-67625","1":"product","2":"type-product","3":"status-publish","4":"has-post-thumbnail","6":"product_cat-all-shoelaces","7":"product_cat-atemberaubende-yeezy-380-pepper-rote-schnursenkel-die-herausragend-aussehen","8":"product_cat-childrens-shoe-laces-de","9":"product_cat-coil-shoelaces-de","10":"product_cat-der-pine-green-jordan-1-red-laces-hebt-sich-von-der-masse-ab","11":"product_cat-gib-deinen-stiefeln-eine-zweite-chance-mit-80-zoll-schnursenkeln","12":"product_cat-hey-dude-schnursenkel-ohne-schnursenkel-sind-das-neue-cool","13":"product_cat-rote-schnursenkel","14":"product_cat-schnelle-schnursenkel-alte-bindungsgewohnheiten-ablegen","15":"product_cat-schnursenkel-ohne-schnursenkel-die-zeit-sparen-und-fantastisch-aussehen","16":"product_cat-schnursenkel-verankerungen-keine-stolperfallen-mehr-nur-noch-tricks","17":"product_cat-shoe-fasteners-de","18":"product_cat-speed-laces-die-revolution-in-der-schuhmode","19":"product_cat-uppige-rote-wanderstiefel-schnursenkel-die-rauen-elementen-trotzen","20":"product_cat-verbessere-dein-schuhspiel-mit-columbia-schnursenkeln","21":"product_tag-flach-gewachst","22":"product_tag-gewachst","23":"product_tag-loop-king-de","24":"product_tag-metal-tip-de","25":"product_tag-schnursenkel-mit-goldspitze","26":"product_tag-schwarz","27":"product_tag-shoelaces-de","28":"product_tag-wohnung","30":"first","31":"instock","32":"taxable","33":"shipping-taxable","34":"product-type-variable"},"acf":[],"yoast_head":"<!-- This site is optimized with the Yoast SEO plugin v27.4 - https:\/\/yoast.com\/product\/yoast-seo-wordpress\/ -->\n<title>Rot gestreifte No-Tie Schn\u00fcrsenkel - Von Loop King<\/title>\n<meta name=\"description\" content=\"Hast du es satt, dein Joggen zu unterbrechen, um diese l\u00e4stigen Schn\u00fcrsenkel zu binden? Investiere in ein Paar hochwertige rot gestreifte Schn\u00fcrsenkel ohne Schn\u00fcrsenkel und du wirst dieses Problem nie wieder haben!\" \/>\n<meta name=\"robots\" content=\"index, follow, max-snippet:-1, max-image-preview:large, max-video-preview:-1\" \/>\n<link rel=\"canonical\" href=\"https:\/\/www.loopkinglaces.com\/de\/products\/rot-gestreifte-no-tie-schnuersenkel-47-zoll\/\" \/>\n<meta property=\"og:locale\" content=\"de_DE\" \/>\n<meta property=\"og:type\" content=\"article\" \/>\n<meta property=\"og:title\" content=\"Rot gestreifte No-Tie Schn\u00fcrsenkel - Von Loop King\" \/>\n<meta property=\"og:description\" content=\"Hast du es satt, dein Joggen zu unterbrechen, um diese l\u00e4stigen Schn\u00fcrsenkel zu binden? Investiere in ein Paar hochwertige rot gestreifte Schn\u00fcrsenkel ohne Schn\u00fcrsenkel und du wirst dieses Problem nie wieder haben!\" \/>\n<meta property=\"og:url\" content=\"https:\/\/www.loopkinglaces.com\/de\/products\/rot-gestreifte-no-tie-schnuersenkel-47-zoll\/\" \/>\n<meta property=\"og:site_name\" content=\"Luxury Gold Tip Shoelaces by Loop King Laces\" \/>\n<meta property=\"article:publisher\" content=\"https:\/\/www.facebook.com\/LoopKingLaces\/\" \/>\n<meta property=\"article:modified_time\" content=\"2024-11-09T20:54:16+00:00\" \/>\n<meta property=\"og:image\" content=\"https:\/\/www.loopkinglaces.com\/wp-content\/uploads\/1216A-136-scaled.jpg\" \/>\n\t<meta property=\"og:image:width\" content=\"1600\" \/>\n\t<meta property=\"og:image:height\" content=\"1067\" \/>\n\t<meta property=\"og:image:type\" content=\"image\/jpeg\" \/>\n<meta name=\"twitter:card\" content=\"summary_large_image\" \/>\n<meta name=\"twitter:site\" content=\"@loopkinglaces\" \/>\n<meta name=\"twitter:label1\" content=\"Gesch\u00e4tzte Lesezeit\" \/>\n\t<meta name=\"twitter:data1\" content=\"1\u00a0Minute\" \/>\n<script type=\"application\/ld+json\" class=\"yoast-schema-graph\">{\"@context\":\"https:\\\/\\\/schema.org\",\"@graph\":[{\"@type\":[\"WebPage\",\"ItemPage\"],\"@id\":\"https:\\\/\\\/www.loopkinglaces.com\\\/de\\\/products\\\/rot-gestreifte-no-tie-schnuersenkel-47-zoll\\\/\",\"url\":\"https:\\\/\\\/www.loopkinglaces.com\\\/de\\\/products\\\/rot-gestreifte-no-tie-schnuersenkel-47-zoll\\\/\",\"name\":\"Rot gestreifte No-Tie Schn\u00fcrsenkel - Von Loop King\",\"isPartOf\":{\"@id\":\"https:\\\/\\\/www.loopkinglaces.com\\\/de\\\/#website\"},\"primaryImageOfPage\":{\"@id\":\"https:\\\/\\\/www.loopkinglaces.com\\\/de\\\/products\\\/rot-gestreifte-no-tie-schnuersenkel-47-zoll\\\/#primaryimage\"},\"image\":{\"@id\":\"https:\\\/\\\/www.loopkinglaces.com\\\/de\\\/products\\\/rot-gestreifte-no-tie-schnuersenkel-47-zoll\\\/#primaryimage\"},\"thumbnailUrl\":\"https:\\\/\\\/www.loopkinglaces.com\\\/wp-content\\\/uploads\\\/1216A-136-scaled.jpg\",\"datePublished\":\"2022-12-28T18:43:33+00:00\",\"dateModified\":\"2024-11-09T20:54:16+00:00\",\"description\":\"Hast du es satt, dein Joggen zu unterbrechen, um diese l\u00e4stigen Schn\u00fcrsenkel zu binden? Investiere in ein Paar hochwertige rot gestreifte Schn\u00fcrsenkel ohne Schn\u00fcrsenkel und du wirst dieses Problem nie wieder haben!\",\"breadcrumb\":{\"@id\":\"https:\\\/\\\/www.loopkinglaces.com\\\/de\\\/products\\\/rot-gestreifte-no-tie-schnuersenkel-47-zoll\\\/#breadcrumb\"},\"inLanguage\":\"de\",\"potentialAction\":[{\"@type\":\"ReadAction\",\"target\":[\"https:\\\/\\\/www.loopkinglaces.com\\\/de\\\/products\\\/rot-gestreifte-no-tie-schnuersenkel-47-zoll\\\/\"]}]},{\"@type\":\"ImageObject\",\"inLanguage\":\"de\",\"@id\":\"https:\\\/\\\/www.loopkinglaces.com\\\/de\\\/products\\\/rot-gestreifte-no-tie-schnuersenkel-47-zoll\\\/#primaryimage\",\"url\":\"https:\\\/\\\/www.loopkinglaces.com\\\/wp-content\\\/uploads\\\/1216A-136-scaled.jpg\",\"contentUrl\":\"https:\\\/\\\/www.loopkinglaces.com\\\/wp-content\\\/uploads\\\/1216A-136-scaled.jpg\",\"width\":1600,\"height\":1067},{\"@type\":\"BreadcrumbList\",\"@id\":\"https:\\\/\\\/www.loopkinglaces.com\\\/de\\\/products\\\/rot-gestreifte-no-tie-schnuersenkel-47-zoll\\\/#breadcrumb\",\"itemListElement\":[{\"@type\":\"ListItem\",\"position\":1,\"name\":\"Home\",\"item\":\"https:\\\/\\\/www.loopkinglaces.com\\\/de\\\/\"},{\"@type\":\"ListItem\",\"position\":2,\"name\":\"Shop\",\"item\":\"https:\\\/\\\/www.loopkinglaces.com\\\/de\\\/shop\\\/\"},{\"@type\":\"ListItem\",\"position\":3,\"name\":\"Rot gestreifte No-Tie Schn\u00fcrsenkel &#8211; 47 Zoll\"}]},{\"@type\":\"WebSite\",\"@id\":\"https:\\\/\\\/www.loopkinglaces.com\\\/de\\\/#website\",\"url\":\"https:\\\/\\\/www.loopkinglaces.com\\\/de\\\/\",\"name\":\"Luxury Gold Tip Shoelaces by Loop King Laces\",\"description\":\"Rope Laces, Flat Waxed Laces and Leather Laces. All With Gold Tips.\",\"publisher\":{\"@id\":\"https:\\\/\\\/www.loopkinglaces.com\\\/de\\\/#organization\"},\"potentialAction\":[{\"@type\":\"SearchAction\",\"target\":{\"@type\":\"EntryPoint\",\"urlTemplate\":\"https:\\\/\\\/www.loopkinglaces.com\\\/de\\\/?s={search_term_string}\"},\"query-input\":{\"@type\":\"PropertyValueSpecification\",\"valueRequired\":true,\"valueName\":\"search_term_string\"}}],\"inLanguage\":\"de\"},{\"@type\":\"Organization\",\"@id\":\"https:\\\/\\\/www.loopkinglaces.com\\\/de\\\/#organization\",\"name\":\"Loop King Laces\",\"url\":\"https:\\\/\\\/www.loopkinglaces.com\\\/de\\\/\",\"logo\":{\"@type\":\"ImageObject\",\"inLanguage\":\"de\",\"@id\":\"https:\\\/\\\/www.loopkinglaces.com\\\/de\\\/#\\\/schema\\\/logo\\\/image\\\/\",\"url\":\"https:\\\/\\\/www.loopkinglaces.com\\\/wp-content\\\/uploads\\\/LOOP-KING-LACES.1.1-01-LOGO-HI-RES-OFFICIAL-1.png\",\"contentUrl\":\"https:\\\/\\\/www.loopkinglaces.com\\\/wp-content\\\/uploads\\\/LOOP-KING-LACES.1.1-01-LOGO-HI-RES-OFFICIAL-1.png\",\"width\":128,\"height\":91,\"caption\":\"Loop King Laces\"},\"image\":{\"@id\":\"https:\\\/\\\/www.loopkinglaces.com\\\/de\\\/#\\\/schema\\\/logo\\\/image\\\/\"},\"sameAs\":[\"https:\\\/\\\/www.facebook.com\\\/LoopKingLaces\\\/\",\"https:\\\/\\\/x.com\\\/loopkinglaces\",\"https:\\\/\\\/www.instagram.com\\\/loopkinglaces\\\/\"]}]}<\/script>\n<!-- \/ Yoast SEO plugin. -->","yoast_head_json":{"title":"Rot gestreifte No-Tie Schn\u00fcrsenkel - Von Loop King","description":"Hast du es satt, dein Joggen zu unterbrechen, um diese l\u00e4stigen Schn\u00fcrsenkel zu binden? Investiere in ein Paar hochwertige rot gestreifte Schn\u00fcrsenkel ohne Schn\u00fcrsenkel und du wirst dieses Problem nie wieder haben!","robots":{"index":"index","follow":"follow","max-snippet":"max-snippet:-1","max-image-preview":"max-image-preview:large","max-video-preview":"max-video-preview:-1"},"canonical":"https:\/\/www.loopkinglaces.com\/de\/products\/rot-gestreifte-no-tie-schnuersenkel-47-zoll\/","og_locale":"de_DE","og_type":"article","og_title":"Rot gestreifte No-Tie Schn\u00fcrsenkel - Von Loop King","og_description":"Hast du es satt, dein Joggen zu unterbrechen, um diese l\u00e4stigen Schn\u00fcrsenkel zu binden? Investiere in ein Paar hochwertige rot gestreifte Schn\u00fcrsenkel ohne Schn\u00fcrsenkel und du wirst dieses Problem nie wieder haben!","og_url":"https:\/\/www.loopkinglaces.com\/de\/products\/rot-gestreifte-no-tie-schnuersenkel-47-zoll\/","og_site_name":"Luxury Gold Tip Shoelaces by Loop King Laces","article_publisher":"https:\/\/www.facebook.com\/LoopKingLaces\/","article_modified_time":"2024-11-09T20:54:16+00:00","og_image":[{"width":1600,"height":1067,"url":"https:\/\/www.loopkinglaces.com\/wp-content\/uploads\/1216A-136-scaled.jpg","type":"image\/jpeg"}],"twitter_card":"summary_large_image","twitter_site":"@loopkinglaces","twitter_misc":{"Gesch\u00e4tzte Lesezeit":"1\u00a0Minute"},"schema":{"@context":"https:\/\/schema.org","@graph":[{"@type":["WebPage","ItemPage"],"@id":"https:\/\/www.loopkinglaces.com\/de\/products\/rot-gestreifte-no-tie-schnuersenkel-47-zoll\/","url":"https:\/\/www.loopkinglaces.com\/de\/products\/rot-gestreifte-no-tie-schnuersenkel-47-zoll\/","name":"Rot gestreifte No-Tie Schn\u00fcrsenkel - Von Loop King","isPartOf":{"@id":"https:\/\/www.loopkinglaces.com\/de\/#website"},"primaryImageOfPage":{"@id":"https:\/\/www.loopkinglaces.com\/de\/products\/rot-gestreifte-no-tie-schnuersenkel-47-zoll\/#primaryimage"},"image":{"@id":"https:\/\/www.loopkinglaces.com\/de\/products\/rot-gestreifte-no-tie-schnuersenkel-47-zoll\/#primaryimage"},"thumbnailUrl":"https:\/\/www.loopkinglaces.com\/wp-content\/uploads\/1216A-136-scaled.jpg","datePublished":"2022-12-28T18:43:33+00:00","dateModified":"2024-11-09T20:54:16+00:00","description":"Hast du es satt, dein Joggen zu unterbrechen, um diese l\u00e4stigen Schn\u00fcrsenkel zu binden? Investiere in ein Paar hochwertige rot gestreifte Schn\u00fcrsenkel ohne Schn\u00fcrsenkel und du wirst dieses Problem nie wieder haben!","breadcrumb":{"@id":"https:\/\/www.loopkinglaces.com\/de\/products\/rot-gestreifte-no-tie-schnuersenkel-47-zoll\/#breadcrumb"},"inLanguage":"de","potentialAction":[{"@type":"ReadAction","target":["https:\/\/www.loopkinglaces.com\/de\/products\/rot-gestreifte-no-tie-schnuersenkel-47-zoll\/"]}]},{"@type":"ImageObject","inLanguage":"de","@id":"https:\/\/www.loopkinglaces.com\/de\/products\/rot-gestreifte-no-tie-schnuersenkel-47-zoll\/#primaryimage","url":"https:\/\/www.loopkinglaces.com\/wp-content\/uploads\/1216A-136-scaled.jpg","contentUrl":"https:\/\/www.loopkinglaces.com\/wp-content\/uploads\/1216A-136-scaled.jpg","width":1600,"height":1067},{"@type":"BreadcrumbList","@id":"https:\/\/www.loopkinglaces.com\/de\/products\/rot-gestreifte-no-tie-schnuersenkel-47-zoll\/#breadcrumb","itemListElement":[{"@type":"ListItem","position":1,"name":"Home","item":"https:\/\/www.loopkinglaces.com\/de\/"},{"@type":"ListItem","position":2,"name":"Shop","item":"https:\/\/www.loopkinglaces.com\/de\/shop\/"},{"@type":"ListItem","position":3,"name":"Rot gestreifte No-Tie Schn\u00fcrsenkel &#8211; 47 Zoll"}]},{"@type":"WebSite","@id":"https:\/\/www.loopkinglaces.com\/de\/#website","url":"https:\/\/www.loopkinglaces.com\/de\/","name":"Luxury Gold Tip Shoelaces by Loop King Laces","description":"Rope Laces, Flat Waxed Laces and Leather Laces. All With Gold Tips.","publisher":{"@id":"https:\/\/www.loopkinglaces.com\/de\/#organization"},"potentialAction":[{"@type":"SearchAction","target":{"@type":"EntryPoint","urlTemplate":"https:\/\/www.loopkinglaces.com\/de\/?s={search_term_string}"},"query-input":{"@type":"PropertyValueSpecification","valueRequired":true,"valueName":"search_term_string"}}],"inLanguage":"de"},{"@type":"Organization","@id":"https:\/\/www.loopkinglaces.com\/de\/#organization","name":"Loop King Laces","url":"https:\/\/www.loopkinglaces.com\/de\/","logo":{"@type":"ImageObject","inLanguage":"de","@id":"https:\/\/www.loopkinglaces.com\/de\/#\/schema\/logo\/image\/","url":"https:\/\/www.loopkinglaces.com\/wp-content\/uploads\/LOOP-KING-LACES.1.1-01-LOGO-HI-RES-OFFICIAL-1.png","contentUrl":"https:\/\/www.loopkinglaces.com\/wp-content\/uploads\/LOOP-KING-LACES.1.1-01-LOGO-HI-RES-OFFICIAL-1.png","width":128,"height":91,"caption":"Loop King Laces"},"image":{"@id":"https:\/\/www.loopkinglaces.com\/de\/#\/schema\/logo\/image\/"},"sameAs":["https:\/\/www.facebook.com\/LoopKingLaces\/","https:\/\/x.com\/loopkinglaces","https:\/\/www.instagram.com\/loopkinglaces\/"]}]}},"_links":{"self":[{"href":"https:\/\/www.loopkinglaces.com\/de\/wp-json\/wp\/v2\/product\/67625","targetHints":{"allow":["GET"]}}],"collection":[{"href":"https:\/\/www.loopkinglaces.com\/de\/wp-json\/wp\/v2\/product"}],"about":[{"href":"https:\/\/www.loopkinglaces.com\/de\/wp-json\/wp\/v2\/types\/product"}],"replies":[{"embeddable":true,"href":"https:\/\/www.loopkinglaces.com\/de\/wp-json\/wp\/v2\/comments?post=67625"}],"wp:featuredmedia":[{"embeddable":true,"href":"https:\/\/www.loopkinglaces.com\/de\/wp-json\/wp\/v2\/media\/58296"}],"wp:attachment":[{"href":"https:\/\/www.loopkinglaces.com\/de\/wp-json\/wp\/v2\/media?parent=67625"}],"wp:term":[{"taxonomy":"product_brand","embeddable":true,"href":"https:\/\/www.loopkinglaces.com\/de\/wp-json\/wp\/v2\/product_brand?post=67625"},{"taxonomy":"product_cat","embeddable":true,"href":"https:\/\/www.loopkinglaces.com\/de\/wp-json\/wp\/v2\/product_cat?post=67625"},{"taxonomy":"product_tag","embeddable":true,"href":"https:\/\/www.loopkinglaces.com\/de\/wp-json\/wp\/v2\/product_tag?post=67625"},{"taxonomy":"woo-feed-brand","embeddable":true,"href":"https:\/\/www.loopkinglaces.com\/de\/wp-json\/wp\/v2\/woo-feed-brand?post=67625"}],"curies":[{"name":"wp","href":"https:\/\/api.w.org\/{rel}","templated":true}]}}