{"id":67614,"date":"2022-12-08T15:55:52","date_gmt":"2022-12-08T15:55:52","guid":{"rendered":"https:\/\/www.loopkinglaces.com\/products\/luxurioese-rote-lederhose-mit-kordelzug-und-goldenen-spitzen\/"},"modified":"2024-11-09T21:03:31","modified_gmt":"2024-11-09T21:03:31","slug":"luxurioese-rote-lederhose-mit-kordelzug-und-goldenen-spitzen","status":"publish","type":"product","link":"https:\/\/www.loopkinglaces.com\/de\/products\/luxurioese-rote-lederhose-mit-kordelzug-und-goldenen-spitzen\/","title":{"rendered":"Luxuri\u00f6se rote Lederhose mit Kordelzug und goldenen Spitzen"},"content":{"rendered":"<h3><a href=\"https:\/\/www.loopkinglaces.com\/\">Luxuri\u00f6se Kordelz\u00fcge f\u00fcr Hosen und Shorts<\/a><\/h3>\n<p>Loop King Laces bietet nur die hochwertigsten Kordelz\u00fcge mit Goldspitze an.<br \/>\nUnsere Kordelz\u00fcge aus echtem Leder sind mit gepr\u00e4gten Metallspitzen mit dem LOOP KING Logo und unserer symbolischen Krone versehen.<br \/>\nJeder Kordelzug ist zu 100 % feuerfest, was unsere wahre Qualit\u00e4t bei Kordelz\u00fcgen f\u00fcr Hosen oder Shorts zeigt.<\/p>\n","protected":false},"excerpt":{"rendered":"<p><strong>Rote Leder-Kordelz\u00fcge f\u00fcr Hosen &amp; Shorts mit goldenen Spitzen<\/strong> Unsere roten Leder-Kordelz\u00fcge f\u00fcr Hosen oder Shorts haben gepr\u00e4gte Metallspitzen.<br \/>\nAlle unsere Luxus-Kordelz\u00fcge sind aus echtem Leder mit den hochwertigsten Materialien sowohl f\u00fcr den Kordelzug als auch f\u00fcr die Metallspitze hergestellt. Sieh dir unten unsere vollst\u00e4ndigen Features an:<\/p>\n<ul>\n<li>6mm Breite<\/li>\n<li>Kordelzug aus echtem Leder<\/li>\n<li>100% <strong>Feuer resistent<\/strong><\/li>\n<li>Loop King Golden Aglet<\/li>\n<li>Sch\u00f6ne Loop King Verpackung<\/li>\n<\/ul>\n","protected":false},"featured_media":57906,"comment_status":"open","ping_status":"closed","template":"","meta":{"_acf_changed":false},"product_brand":[],"product_cat":[821,820],"product_tag":[634,637,635,638,810,636],"woo-feed-brand":[],"class_list":{"0":"post-67614","1":"product","2":"type-product","3":"status-publish","4":"has-post-thumbnail","6":"product_cat-die-beste-auswahl-an-schnursenkelgurteln-auf-die-du-schon-ewig-gewartet-hast","7":"product_cat-kordelzuge-fur-hosen-mit-uppiger-optik-ernsthafter-muskulatur","8":"product_tag-footwear-de","9":"product_tag-leather-laces-de","10":"product_tag-loop-king-de","11":"product_tag-metal-tip-de","12":"product_tag-rot","13":"product_tag-shoelaces-de","15":"first","16":"instock","17":"taxable","18":"shipping-taxable","19":"purchasable","20":"product-type-variable"},"acf":[],"yoast_head":"<!-- This site is optimized with the Yoast SEO plugin v27.4 - https:\/\/yoast.com\/product\/yoast-seo-wordpress\/ -->\n<title>Luxuri\u00f6se rote Leder-Kordelz\u00fcge mit goldenen Spitzen - von Loop King<\/title>\n<meta name=\"description\" content=\"Loop King Laces Red Drawstrings mit goldenen Spitzen sind die Nummer 1 unter den Luxus-Lederkordeln auf dem Markt. Jeder Kordelzug wird mit einer gepr\u00e4gten Metallspitze geliefert.\" \/>\n<meta name=\"robots\" content=\"index, follow, max-snippet:-1, max-image-preview:large, max-video-preview:-1\" \/>\n<link rel=\"canonical\" href=\"https:\/\/www.loopkinglaces.com\/de\/products\/luxurioese-rote-lederhose-mit-kordelzug-und-goldenen-spitzen\/\" \/>\n<meta property=\"og:locale\" content=\"de_DE\" \/>\n<meta property=\"og:type\" content=\"article\" \/>\n<meta property=\"og:title\" content=\"Luxuri\u00f6se rote Leder-Kordelz\u00fcge mit goldenen Spitzen - von Loop King\" \/>\n<meta property=\"og:description\" content=\"Loop King Laces Red Drawstrings mit goldenen Spitzen sind die Nummer 1 unter den Luxus-Lederkordeln auf dem Markt. Jeder Kordelzug wird mit einer gepr\u00e4gten Metallspitze geliefert.\" \/>\n<meta property=\"og:url\" content=\"https:\/\/www.loopkinglaces.com\/de\/products\/luxurioese-rote-lederhose-mit-kordelzug-und-goldenen-spitzen\/\" \/>\n<meta property=\"og:site_name\" content=\"Luxury Gold Tip Shoelaces by Loop King Laces\" \/>\n<meta property=\"article:publisher\" content=\"https:\/\/www.facebook.com\/LoopKingLaces\/\" \/>\n<meta property=\"article:modified_time\" content=\"2024-11-09T21:03:31+00:00\" \/>\n<meta property=\"og:image\" content=\"https:\/\/www.loopkinglaces.com\/wp-content\/uploads\/Luxury-Red-Leather-Shoelaces-With-Gold-Tips-1.jpg\" \/>\n\t<meta property=\"og:image:width\" content=\"1000\" \/>\n\t<meta property=\"og:image:height\" content=\"1000\" \/>\n\t<meta property=\"og:image:type\" content=\"image\/jpeg\" \/>\n<meta name=\"twitter:card\" content=\"summary_large_image\" \/>\n<meta name=\"twitter:site\" content=\"@loopkinglaces\" \/>\n<meta name=\"twitter:label1\" content=\"Gesch\u00e4tzte Lesezeit\" \/>\n\t<meta name=\"twitter:data1\" content=\"1\u00a0Minute\" \/>\n<script type=\"application\/ld+json\" class=\"yoast-schema-graph\">{\"@context\":\"https:\\\/\\\/schema.org\",\"@graph\":[{\"@type\":[\"WebPage\",\"ItemPage\"],\"@id\":\"https:\\\/\\\/www.loopkinglaces.com\\\/de\\\/products\\\/luxurioese-rote-lederhose-mit-kordelzug-und-goldenen-spitzen\\\/\",\"url\":\"https:\\\/\\\/www.loopkinglaces.com\\\/de\\\/products\\\/luxurioese-rote-lederhose-mit-kordelzug-und-goldenen-spitzen\\\/\",\"name\":\"Luxuri\u00f6se rote Leder-Kordelz\u00fcge mit goldenen Spitzen - von Loop King\",\"isPartOf\":{\"@id\":\"https:\\\/\\\/www.loopkinglaces.com\\\/de\\\/#website\"},\"primaryImageOfPage\":{\"@id\":\"https:\\\/\\\/www.loopkinglaces.com\\\/de\\\/products\\\/luxurioese-rote-lederhose-mit-kordelzug-und-goldenen-spitzen\\\/#primaryimage\"},\"image\":{\"@id\":\"https:\\\/\\\/www.loopkinglaces.com\\\/de\\\/products\\\/luxurioese-rote-lederhose-mit-kordelzug-und-goldenen-spitzen\\\/#primaryimage\"},\"thumbnailUrl\":\"https:\\\/\\\/www.loopkinglaces.com\\\/wp-content\\\/uploads\\\/Luxury-Red-Leather-Shoelaces-With-Gold-Tips-1.jpg\",\"datePublished\":\"2022-12-08T15:55:52+00:00\",\"dateModified\":\"2024-11-09T21:03:31+00:00\",\"description\":\"Loop King Laces Red Drawstrings mit goldenen Spitzen sind die Nummer 1 unter den Luxus-Lederkordeln auf dem Markt. Jeder Kordelzug wird mit einer gepr\u00e4gten Metallspitze geliefert.\",\"breadcrumb\":{\"@id\":\"https:\\\/\\\/www.loopkinglaces.com\\\/de\\\/products\\\/luxurioese-rote-lederhose-mit-kordelzug-und-goldenen-spitzen\\\/#breadcrumb\"},\"inLanguage\":\"de\",\"potentialAction\":[{\"@type\":\"ReadAction\",\"target\":[\"https:\\\/\\\/www.loopkinglaces.com\\\/de\\\/products\\\/luxurioese-rote-lederhose-mit-kordelzug-und-goldenen-spitzen\\\/\"]}]},{\"@type\":\"ImageObject\",\"inLanguage\":\"de\",\"@id\":\"https:\\\/\\\/www.loopkinglaces.com\\\/de\\\/products\\\/luxurioese-rote-lederhose-mit-kordelzug-und-goldenen-spitzen\\\/#primaryimage\",\"url\":\"https:\\\/\\\/www.loopkinglaces.com\\\/wp-content\\\/uploads\\\/Luxury-Red-Leather-Shoelaces-With-Gold-Tips-1.jpg\",\"contentUrl\":\"https:\\\/\\\/www.loopkinglaces.com\\\/wp-content\\\/uploads\\\/Luxury-Red-Leather-Shoelaces-With-Gold-Tips-1.jpg\",\"width\":1000,\"height\":1000},{\"@type\":\"BreadcrumbList\",\"@id\":\"https:\\\/\\\/www.loopkinglaces.com\\\/de\\\/products\\\/luxurioese-rote-lederhose-mit-kordelzug-und-goldenen-spitzen\\\/#breadcrumb\",\"itemListElement\":[{\"@type\":\"ListItem\",\"position\":1,\"name\":\"Home\",\"item\":\"https:\\\/\\\/www.loopkinglaces.com\\\/de\\\/\"},{\"@type\":\"ListItem\",\"position\":2,\"name\":\"Shop\",\"item\":\"https:\\\/\\\/www.loopkinglaces.com\\\/de\\\/shop\\\/\"},{\"@type\":\"ListItem\",\"position\":3,\"name\":\"Luxuri\u00f6se rote Lederhose mit Kordelzug und goldenen Spitzen\"}]},{\"@type\":\"WebSite\",\"@id\":\"https:\\\/\\\/www.loopkinglaces.com\\\/de\\\/#website\",\"url\":\"https:\\\/\\\/www.loopkinglaces.com\\\/de\\\/\",\"name\":\"Luxury Gold Tip Shoelaces by Loop King Laces\",\"description\":\"Rope Laces, Flat Waxed Laces and Leather Laces. All With Gold Tips.\",\"publisher\":{\"@id\":\"https:\\\/\\\/www.loopkinglaces.com\\\/de\\\/#organization\"},\"potentialAction\":[{\"@type\":\"SearchAction\",\"target\":{\"@type\":\"EntryPoint\",\"urlTemplate\":\"https:\\\/\\\/www.loopkinglaces.com\\\/de\\\/?s={search_term_string}\"},\"query-input\":{\"@type\":\"PropertyValueSpecification\",\"valueRequired\":true,\"valueName\":\"search_term_string\"}}],\"inLanguage\":\"de\"},{\"@type\":\"Organization\",\"@id\":\"https:\\\/\\\/www.loopkinglaces.com\\\/de\\\/#organization\",\"name\":\"Loop King Laces\",\"url\":\"https:\\\/\\\/www.loopkinglaces.com\\\/de\\\/\",\"logo\":{\"@type\":\"ImageObject\",\"inLanguage\":\"de\",\"@id\":\"https:\\\/\\\/www.loopkinglaces.com\\\/de\\\/#\\\/schema\\\/logo\\\/image\\\/\",\"url\":\"https:\\\/\\\/www.loopkinglaces.com\\\/wp-content\\\/uploads\\\/LOOP-KING-LACES.1.1-01-LOGO-HI-RES-OFFICIAL-1.png\",\"contentUrl\":\"https:\\\/\\\/www.loopkinglaces.com\\\/wp-content\\\/uploads\\\/LOOP-KING-LACES.1.1-01-LOGO-HI-RES-OFFICIAL-1.png\",\"width\":128,\"height\":91,\"caption\":\"Loop King Laces\"},\"image\":{\"@id\":\"https:\\\/\\\/www.loopkinglaces.com\\\/de\\\/#\\\/schema\\\/logo\\\/image\\\/\"},\"sameAs\":[\"https:\\\/\\\/www.facebook.com\\\/LoopKingLaces\\\/\",\"https:\\\/\\\/x.com\\\/loopkinglaces\",\"https:\\\/\\\/www.instagram.com\\\/loopkinglaces\\\/\"]}]}<\/script>\n<!-- \/ Yoast SEO plugin. -->","yoast_head_json":{"title":"Luxuri\u00f6se rote Leder-Kordelz\u00fcge mit goldenen Spitzen - von Loop King","description":"Loop King Laces Red Drawstrings mit goldenen Spitzen sind die Nummer 1 unter den Luxus-Lederkordeln auf dem Markt. Jeder Kordelzug wird mit einer gepr\u00e4gten Metallspitze geliefert.","robots":{"index":"index","follow":"follow","max-snippet":"max-snippet:-1","max-image-preview":"max-image-preview:large","max-video-preview":"max-video-preview:-1"},"canonical":"https:\/\/www.loopkinglaces.com\/de\/products\/luxurioese-rote-lederhose-mit-kordelzug-und-goldenen-spitzen\/","og_locale":"de_DE","og_type":"article","og_title":"Luxuri\u00f6se rote Leder-Kordelz\u00fcge mit goldenen Spitzen - von Loop King","og_description":"Loop King Laces Red Drawstrings mit goldenen Spitzen sind die Nummer 1 unter den Luxus-Lederkordeln auf dem Markt. Jeder Kordelzug wird mit einer gepr\u00e4gten Metallspitze geliefert.","og_url":"https:\/\/www.loopkinglaces.com\/de\/products\/luxurioese-rote-lederhose-mit-kordelzug-und-goldenen-spitzen\/","og_site_name":"Luxury Gold Tip Shoelaces by Loop King Laces","article_publisher":"https:\/\/www.facebook.com\/LoopKingLaces\/","article_modified_time":"2024-11-09T21:03:31+00:00","og_image":[{"width":1000,"height":1000,"url":"https:\/\/www.loopkinglaces.com\/wp-content\/uploads\/Luxury-Red-Leather-Shoelaces-With-Gold-Tips-1.jpg","type":"image\/jpeg"}],"twitter_card":"summary_large_image","twitter_site":"@loopkinglaces","twitter_misc":{"Gesch\u00e4tzte Lesezeit":"1\u00a0Minute"},"schema":{"@context":"https:\/\/schema.org","@graph":[{"@type":["WebPage","ItemPage"],"@id":"https:\/\/www.loopkinglaces.com\/de\/products\/luxurioese-rote-lederhose-mit-kordelzug-und-goldenen-spitzen\/","url":"https:\/\/www.loopkinglaces.com\/de\/products\/luxurioese-rote-lederhose-mit-kordelzug-und-goldenen-spitzen\/","name":"Luxuri\u00f6se rote Leder-Kordelz\u00fcge mit goldenen Spitzen - von Loop King","isPartOf":{"@id":"https:\/\/www.loopkinglaces.com\/de\/#website"},"primaryImageOfPage":{"@id":"https:\/\/www.loopkinglaces.com\/de\/products\/luxurioese-rote-lederhose-mit-kordelzug-und-goldenen-spitzen\/#primaryimage"},"image":{"@id":"https:\/\/www.loopkinglaces.com\/de\/products\/luxurioese-rote-lederhose-mit-kordelzug-und-goldenen-spitzen\/#primaryimage"},"thumbnailUrl":"https:\/\/www.loopkinglaces.com\/wp-content\/uploads\/Luxury-Red-Leather-Shoelaces-With-Gold-Tips-1.jpg","datePublished":"2022-12-08T15:55:52+00:00","dateModified":"2024-11-09T21:03:31+00:00","description":"Loop King Laces Red Drawstrings mit goldenen Spitzen sind die Nummer 1 unter den Luxus-Lederkordeln auf dem Markt. Jeder Kordelzug wird mit einer gepr\u00e4gten Metallspitze geliefert.","breadcrumb":{"@id":"https:\/\/www.loopkinglaces.com\/de\/products\/luxurioese-rote-lederhose-mit-kordelzug-und-goldenen-spitzen\/#breadcrumb"},"inLanguage":"de","potentialAction":[{"@type":"ReadAction","target":["https:\/\/www.loopkinglaces.com\/de\/products\/luxurioese-rote-lederhose-mit-kordelzug-und-goldenen-spitzen\/"]}]},{"@type":"ImageObject","inLanguage":"de","@id":"https:\/\/www.loopkinglaces.com\/de\/products\/luxurioese-rote-lederhose-mit-kordelzug-und-goldenen-spitzen\/#primaryimage","url":"https:\/\/www.loopkinglaces.com\/wp-content\/uploads\/Luxury-Red-Leather-Shoelaces-With-Gold-Tips-1.jpg","contentUrl":"https:\/\/www.loopkinglaces.com\/wp-content\/uploads\/Luxury-Red-Leather-Shoelaces-With-Gold-Tips-1.jpg","width":1000,"height":1000},{"@type":"BreadcrumbList","@id":"https:\/\/www.loopkinglaces.com\/de\/products\/luxurioese-rote-lederhose-mit-kordelzug-und-goldenen-spitzen\/#breadcrumb","itemListElement":[{"@type":"ListItem","position":1,"name":"Home","item":"https:\/\/www.loopkinglaces.com\/de\/"},{"@type":"ListItem","position":2,"name":"Shop","item":"https:\/\/www.loopkinglaces.com\/de\/shop\/"},{"@type":"ListItem","position":3,"name":"Luxuri\u00f6se rote Lederhose mit Kordelzug und goldenen Spitzen"}]},{"@type":"WebSite","@id":"https:\/\/www.loopkinglaces.com\/de\/#website","url":"https:\/\/www.loopkinglaces.com\/de\/","name":"Luxury Gold Tip Shoelaces by Loop King Laces","description":"Rope Laces, Flat Waxed Laces and Leather Laces. All With Gold Tips.","publisher":{"@id":"https:\/\/www.loopkinglaces.com\/de\/#organization"},"potentialAction":[{"@type":"SearchAction","target":{"@type":"EntryPoint","urlTemplate":"https:\/\/www.loopkinglaces.com\/de\/?s={search_term_string}"},"query-input":{"@type":"PropertyValueSpecification","valueRequired":true,"valueName":"search_term_string"}}],"inLanguage":"de"},{"@type":"Organization","@id":"https:\/\/www.loopkinglaces.com\/de\/#organization","name":"Loop King Laces","url":"https:\/\/www.loopkinglaces.com\/de\/","logo":{"@type":"ImageObject","inLanguage":"de","@id":"https:\/\/www.loopkinglaces.com\/de\/#\/schema\/logo\/image\/","url":"https:\/\/www.loopkinglaces.com\/wp-content\/uploads\/LOOP-KING-LACES.1.1-01-LOGO-HI-RES-OFFICIAL-1.png","contentUrl":"https:\/\/www.loopkinglaces.com\/wp-content\/uploads\/LOOP-KING-LACES.1.1-01-LOGO-HI-RES-OFFICIAL-1.png","width":128,"height":91,"caption":"Loop King Laces"},"image":{"@id":"https:\/\/www.loopkinglaces.com\/de\/#\/schema\/logo\/image\/"},"sameAs":["https:\/\/www.facebook.com\/LoopKingLaces\/","https:\/\/x.com\/loopkinglaces","https:\/\/www.instagram.com\/loopkinglaces\/"]}]}},"_links":{"self":[{"href":"https:\/\/www.loopkinglaces.com\/de\/wp-json\/wp\/v2\/product\/67614","targetHints":{"allow":["GET"]}}],"collection":[{"href":"https:\/\/www.loopkinglaces.com\/de\/wp-json\/wp\/v2\/product"}],"about":[{"href":"https:\/\/www.loopkinglaces.com\/de\/wp-json\/wp\/v2\/types\/product"}],"replies":[{"embeddable":true,"href":"https:\/\/www.loopkinglaces.com\/de\/wp-json\/wp\/v2\/comments?post=67614"}],"wp:featuredmedia":[{"embeddable":true,"href":"https:\/\/www.loopkinglaces.com\/de\/wp-json\/wp\/v2\/media\/57906"}],"wp:attachment":[{"href":"https:\/\/www.loopkinglaces.com\/de\/wp-json\/wp\/v2\/media?parent=67614"}],"wp:term":[{"taxonomy":"product_brand","embeddable":true,"href":"https:\/\/www.loopkinglaces.com\/de\/wp-json\/wp\/v2\/product_brand?post=67614"},{"taxonomy":"product_cat","embeddable":true,"href":"https:\/\/www.loopkinglaces.com\/de\/wp-json\/wp\/v2\/product_cat?post=67614"},{"taxonomy":"product_tag","embeddable":true,"href":"https:\/\/www.loopkinglaces.com\/de\/wp-json\/wp\/v2\/product_tag?post=67614"},{"taxonomy":"woo-feed-brand","embeddable":true,"href":"https:\/\/www.loopkinglaces.com\/de\/wp-json\/wp\/v2\/woo-feed-brand?post=67614"}],"curies":[{"name":"wp","href":"https:\/\/api.w.org\/{rel}","templated":true}]}}