{"id":67544,"date":"2022-12-08T14:13:09","date_gmt":"2022-12-08T14:13:09","guid":{"rendered":"https:\/\/www.loopkinglaces.com\/products\/seil-kristall-strass-kordelzug-fuer-hosen-und-shorts-mit-goldenen-aglets\/"},"modified":"2024-11-09T21:20:20","modified_gmt":"2024-11-09T21:20:20","slug":"seil-kristall-strass-kordelzug-fuer-hosen-und-shorts-mit-goldenen-aglets","status":"publish","type":"product","link":"https:\/\/www.loopkinglaces.com\/de\/products\/seil-kristall-strass-kordelzug-fuer-hosen-und-shorts-mit-goldenen-aglets\/","title":{"rendered":"Seil-Kristall-Strass-Kordelzug f\u00fcr Hosen und Shorts mit goldenen Sputzen"},"content":{"rendered":"<p>Loop King Laces bietet nur die hochwertigsten Kordelz\u00fcge mit Goldspitze f\u00fcr Hosen an.<br \/>\nAlle unsere Kordelz\u00fcge sind mit gepr\u00e4gten Metallspitzen mit dem Logo von LOOP KING und unserer symbolischen Krone versehen.<br \/>\nJeder Kordelzug ist zu 100% feuerfest, was die wahre Qualit\u00e4t unserer Kordelz\u00fcge zeigt.<\/p>\n","protected":false},"excerpt":{"rendered":"<p><span style=\"font-weight: 400;\">Unsere Luxury Rope Crystal Rhinestone Kordelz\u00fcge f\u00fcr Hosen und Shorts sind mit gepr\u00e4gten goldenen Aglets (Spitzen) versehen.<br \/>\nAlle unsere Luxus-Kordelz\u00fcge sind aus hochwertigen Materialien mit Metallspitzen von h\u00f6chster Qualit\u00e4t hergestellt.<br \/>\nUnsere Kordelz\u00fcge halten dreimal so lange wie normale Kordelz\u00fcge. See our full features below:<\/span><\/p>\n<ul>\n<li style=\"font-weight: 400;\" aria-level=\"1\"><span style=\"font-weight: 400;\">Premium-Seil<\/span><\/li>\n<li style=\"font-weight: 400;\" aria-level=\"1\"><span style=\"font-weight: 400;\">Halten 3 Mal l\u00e4nger als normale Kordelz\u00fcge<\/span><\/li>\n<li style=\"font-weight: 400;\" aria-level=\"1\"><span style=\"font-weight: 400;\">Loop King Golden Aglet<\/span><\/li>\n<li style=\"font-weight: 400;\" aria-level=\"1\"><span style=\"font-weight: 400;\">Sch\u00f6ne Verpackung<\/span><\/li>\n<\/ul>\n","protected":false},"featured_media":58175,"comment_status":"closed","ping_status":"closed","template":"","meta":{"_acf_changed":false},"product_brand":[],"product_cat":[821,820,807],"product_tag":[],"woo-feed-brand":[],"class_list":{"0":"post-67544","1":"product","2":"type-product","3":"status-publish","4":"has-post-thumbnail","6":"product_cat-die-beste-auswahl-an-schnursenkelgurteln-auf-die-du-schon-ewig-gewartet-hast","7":"product_cat-kordelzuge-fur-hosen-mit-uppiger-optik-ernsthafter-muskulatur","8":"product_cat-ugg-schnursenkel-mehr-als-nur-ein-detail","10":"first","11":"instock","12":"taxable","13":"shipping-taxable","14":"purchasable","15":"product-type-variable"},"acf":[],"yoast_head":"<!-- This site is optimized with the Yoast SEO plugin v27.4 - https:\/\/yoast.com\/product\/yoast-seo-wordpress\/ -->\n<title>Seil-Kristall-Strass-Kordelzug f\u00fcr Hosen und Shorts mit goldenen Aglets<\/title>\n<meta name=\"description\" content=\"Unsere Rope Crystal Rhinestone Kordelz\u00fcge f\u00fcr Hosen und Shorts sind die hochwertigsten Kordelz\u00fcge auf dem Markt. Jeder Kordelzug wird mit einer goldenen Perle geliefert.\" \/>\n<meta name=\"robots\" content=\"index, follow, max-snippet:-1, max-image-preview:large, max-video-preview:-1\" \/>\n<link rel=\"canonical\" href=\"https:\/\/www.loopkinglaces.com\/de\/products\/seil-kristall-strass-kordelzug-fuer-hosen-und-shorts-mit-goldenen-aglets\/\" \/>\n<meta property=\"og:locale\" content=\"de_DE\" \/>\n<meta property=\"og:type\" content=\"article\" \/>\n<meta property=\"og:title\" content=\"Seil-Kristall-Strass-Kordelzug f\u00fcr Hosen und Shorts mit goldenen Aglets\" \/>\n<meta property=\"og:description\" content=\"Unsere Rope Crystal Rhinestone Kordelz\u00fcge f\u00fcr Hosen und Shorts sind die hochwertigsten Kordelz\u00fcge auf dem Markt. Jeder Kordelzug wird mit einer goldenen Perle geliefert.\" \/>\n<meta property=\"og:url\" content=\"https:\/\/www.loopkinglaces.com\/de\/products\/seil-kristall-strass-kordelzug-fuer-hosen-und-shorts-mit-goldenen-aglets\/\" \/>\n<meta property=\"og:site_name\" content=\"Luxury Gold Tip Shoelaces by Loop King Laces\" \/>\n<meta property=\"article:publisher\" content=\"https:\/\/www.facebook.com\/LoopKingLaces\/\" \/>\n<meta property=\"article:modified_time\" content=\"2024-11-09T21:20:20+00:00\" \/>\n<meta property=\"og:image\" content=\"https:\/\/www.loopkinglaces.com\/wp-content\/uploads\/0804A-35-scaled.jpg\" \/>\n\t<meta property=\"og:image:width\" content=\"1600\" \/>\n\t<meta property=\"og:image:height\" content=\"1600\" \/>\n\t<meta property=\"og:image:type\" content=\"image\/jpeg\" \/>\n<meta name=\"twitter:card\" content=\"summary_large_image\" \/>\n<meta name=\"twitter:site\" content=\"@loopkinglaces\" \/>\n<script type=\"application\/ld+json\" class=\"yoast-schema-graph\">{\"@context\":\"https:\\\/\\\/schema.org\",\"@graph\":[{\"@type\":[\"WebPage\",\"ItemPage\"],\"@id\":\"https:\\\/\\\/www.loopkinglaces.com\\\/de\\\/products\\\/seil-kristall-strass-kordelzug-fuer-hosen-und-shorts-mit-goldenen-aglets\\\/\",\"url\":\"https:\\\/\\\/www.loopkinglaces.com\\\/de\\\/products\\\/seil-kristall-strass-kordelzug-fuer-hosen-und-shorts-mit-goldenen-aglets\\\/\",\"name\":\"Seil-Kristall-Strass-Kordelzug f\u00fcr Hosen und Shorts mit goldenen Aglets\",\"isPartOf\":{\"@id\":\"https:\\\/\\\/www.loopkinglaces.com\\\/de\\\/#website\"},\"primaryImageOfPage\":{\"@id\":\"https:\\\/\\\/www.loopkinglaces.com\\\/de\\\/products\\\/seil-kristall-strass-kordelzug-fuer-hosen-und-shorts-mit-goldenen-aglets\\\/#primaryimage\"},\"image\":{\"@id\":\"https:\\\/\\\/www.loopkinglaces.com\\\/de\\\/products\\\/seil-kristall-strass-kordelzug-fuer-hosen-und-shorts-mit-goldenen-aglets\\\/#primaryimage\"},\"thumbnailUrl\":\"https:\\\/\\\/www.loopkinglaces.com\\\/wp-content\\\/uploads\\\/0804A-35-scaled.jpg\",\"datePublished\":\"2022-12-08T14:13:09+00:00\",\"dateModified\":\"2024-11-09T21:20:20+00:00\",\"description\":\"Unsere Rope Crystal Rhinestone Kordelz\u00fcge f\u00fcr Hosen und Shorts sind die hochwertigsten Kordelz\u00fcge auf dem Markt. Jeder Kordelzug wird mit einer goldenen Perle geliefert.\",\"breadcrumb\":{\"@id\":\"https:\\\/\\\/www.loopkinglaces.com\\\/de\\\/products\\\/seil-kristall-strass-kordelzug-fuer-hosen-und-shorts-mit-goldenen-aglets\\\/#breadcrumb\"},\"inLanguage\":\"de\",\"potentialAction\":[{\"@type\":\"ReadAction\",\"target\":[\"https:\\\/\\\/www.loopkinglaces.com\\\/de\\\/products\\\/seil-kristall-strass-kordelzug-fuer-hosen-und-shorts-mit-goldenen-aglets\\\/\"]}]},{\"@type\":\"ImageObject\",\"inLanguage\":\"de\",\"@id\":\"https:\\\/\\\/www.loopkinglaces.com\\\/de\\\/products\\\/seil-kristall-strass-kordelzug-fuer-hosen-und-shorts-mit-goldenen-aglets\\\/#primaryimage\",\"url\":\"https:\\\/\\\/www.loopkinglaces.com\\\/wp-content\\\/uploads\\\/0804A-35-scaled.jpg\",\"contentUrl\":\"https:\\\/\\\/www.loopkinglaces.com\\\/wp-content\\\/uploads\\\/0804A-35-scaled.jpg\",\"width\":1600,\"height\":1600},{\"@type\":\"BreadcrumbList\",\"@id\":\"https:\\\/\\\/www.loopkinglaces.com\\\/de\\\/products\\\/seil-kristall-strass-kordelzug-fuer-hosen-und-shorts-mit-goldenen-aglets\\\/#breadcrumb\",\"itemListElement\":[{\"@type\":\"ListItem\",\"position\":1,\"name\":\"Home\",\"item\":\"https:\\\/\\\/www.loopkinglaces.com\\\/de\\\/\"},{\"@type\":\"ListItem\",\"position\":2,\"name\":\"Shop\",\"item\":\"https:\\\/\\\/www.loopkinglaces.com\\\/de\\\/shop\\\/\"},{\"@type\":\"ListItem\",\"position\":3,\"name\":\"Seil-Kristall-Strass-Kordelzug f\u00fcr Hosen und Shorts mit goldenen Sputzen\"}]},{\"@type\":\"WebSite\",\"@id\":\"https:\\\/\\\/www.loopkinglaces.com\\\/de\\\/#website\",\"url\":\"https:\\\/\\\/www.loopkinglaces.com\\\/de\\\/\",\"name\":\"Luxury Gold Tip Shoelaces by Loop King Laces\",\"description\":\"Rope Laces, Flat Waxed Laces and Leather Laces. All With Gold Tips.\",\"publisher\":{\"@id\":\"https:\\\/\\\/www.loopkinglaces.com\\\/de\\\/#organization\"},\"potentialAction\":[{\"@type\":\"SearchAction\",\"target\":{\"@type\":\"EntryPoint\",\"urlTemplate\":\"https:\\\/\\\/www.loopkinglaces.com\\\/de\\\/?s={search_term_string}\"},\"query-input\":{\"@type\":\"PropertyValueSpecification\",\"valueRequired\":true,\"valueName\":\"search_term_string\"}}],\"inLanguage\":\"de\"},{\"@type\":\"Organization\",\"@id\":\"https:\\\/\\\/www.loopkinglaces.com\\\/de\\\/#organization\",\"name\":\"Loop King Laces\",\"url\":\"https:\\\/\\\/www.loopkinglaces.com\\\/de\\\/\",\"logo\":{\"@type\":\"ImageObject\",\"inLanguage\":\"de\",\"@id\":\"https:\\\/\\\/www.loopkinglaces.com\\\/de\\\/#\\\/schema\\\/logo\\\/image\\\/\",\"url\":\"https:\\\/\\\/www.loopkinglaces.com\\\/wp-content\\\/uploads\\\/LOOP-KING-LACES.1.1-01-LOGO-HI-RES-OFFICIAL-1.png\",\"contentUrl\":\"https:\\\/\\\/www.loopkinglaces.com\\\/wp-content\\\/uploads\\\/LOOP-KING-LACES.1.1-01-LOGO-HI-RES-OFFICIAL-1.png\",\"width\":128,\"height\":91,\"caption\":\"Loop King Laces\"},\"image\":{\"@id\":\"https:\\\/\\\/www.loopkinglaces.com\\\/de\\\/#\\\/schema\\\/logo\\\/image\\\/\"},\"sameAs\":[\"https:\\\/\\\/www.facebook.com\\\/LoopKingLaces\\\/\",\"https:\\\/\\\/x.com\\\/loopkinglaces\",\"https:\\\/\\\/www.instagram.com\\\/loopkinglaces\\\/\"]}]}<\/script>\n<!-- \/ Yoast SEO plugin. -->","yoast_head_json":{"title":"Seil-Kristall-Strass-Kordelzug f\u00fcr Hosen und Shorts mit goldenen Aglets","description":"Unsere Rope Crystal Rhinestone Kordelz\u00fcge f\u00fcr Hosen und Shorts sind die hochwertigsten Kordelz\u00fcge auf dem Markt. Jeder Kordelzug wird mit einer goldenen Perle geliefert.","robots":{"index":"index","follow":"follow","max-snippet":"max-snippet:-1","max-image-preview":"max-image-preview:large","max-video-preview":"max-video-preview:-1"},"canonical":"https:\/\/www.loopkinglaces.com\/de\/products\/seil-kristall-strass-kordelzug-fuer-hosen-und-shorts-mit-goldenen-aglets\/","og_locale":"de_DE","og_type":"article","og_title":"Seil-Kristall-Strass-Kordelzug f\u00fcr Hosen und Shorts mit goldenen Aglets","og_description":"Unsere Rope Crystal Rhinestone Kordelz\u00fcge f\u00fcr Hosen und Shorts sind die hochwertigsten Kordelz\u00fcge auf dem Markt. Jeder Kordelzug wird mit einer goldenen Perle geliefert.","og_url":"https:\/\/www.loopkinglaces.com\/de\/products\/seil-kristall-strass-kordelzug-fuer-hosen-und-shorts-mit-goldenen-aglets\/","og_site_name":"Luxury Gold Tip Shoelaces by Loop King Laces","article_publisher":"https:\/\/www.facebook.com\/LoopKingLaces\/","article_modified_time":"2024-11-09T21:20:20+00:00","og_image":[{"width":1600,"height":1600,"url":"https:\/\/www.loopkinglaces.com\/wp-content\/uploads\/0804A-35-scaled.jpg","type":"image\/jpeg"}],"twitter_card":"summary_large_image","twitter_site":"@loopkinglaces","schema":{"@context":"https:\/\/schema.org","@graph":[{"@type":["WebPage","ItemPage"],"@id":"https:\/\/www.loopkinglaces.com\/de\/products\/seil-kristall-strass-kordelzug-fuer-hosen-und-shorts-mit-goldenen-aglets\/","url":"https:\/\/www.loopkinglaces.com\/de\/products\/seil-kristall-strass-kordelzug-fuer-hosen-und-shorts-mit-goldenen-aglets\/","name":"Seil-Kristall-Strass-Kordelzug f\u00fcr Hosen und Shorts mit goldenen Aglets","isPartOf":{"@id":"https:\/\/www.loopkinglaces.com\/de\/#website"},"primaryImageOfPage":{"@id":"https:\/\/www.loopkinglaces.com\/de\/products\/seil-kristall-strass-kordelzug-fuer-hosen-und-shorts-mit-goldenen-aglets\/#primaryimage"},"image":{"@id":"https:\/\/www.loopkinglaces.com\/de\/products\/seil-kristall-strass-kordelzug-fuer-hosen-und-shorts-mit-goldenen-aglets\/#primaryimage"},"thumbnailUrl":"https:\/\/www.loopkinglaces.com\/wp-content\/uploads\/0804A-35-scaled.jpg","datePublished":"2022-12-08T14:13:09+00:00","dateModified":"2024-11-09T21:20:20+00:00","description":"Unsere Rope Crystal Rhinestone Kordelz\u00fcge f\u00fcr Hosen und Shorts sind die hochwertigsten Kordelz\u00fcge auf dem Markt. Jeder Kordelzug wird mit einer goldenen Perle geliefert.","breadcrumb":{"@id":"https:\/\/www.loopkinglaces.com\/de\/products\/seil-kristall-strass-kordelzug-fuer-hosen-und-shorts-mit-goldenen-aglets\/#breadcrumb"},"inLanguage":"de","potentialAction":[{"@type":"ReadAction","target":["https:\/\/www.loopkinglaces.com\/de\/products\/seil-kristall-strass-kordelzug-fuer-hosen-und-shorts-mit-goldenen-aglets\/"]}]},{"@type":"ImageObject","inLanguage":"de","@id":"https:\/\/www.loopkinglaces.com\/de\/products\/seil-kristall-strass-kordelzug-fuer-hosen-und-shorts-mit-goldenen-aglets\/#primaryimage","url":"https:\/\/www.loopkinglaces.com\/wp-content\/uploads\/0804A-35-scaled.jpg","contentUrl":"https:\/\/www.loopkinglaces.com\/wp-content\/uploads\/0804A-35-scaled.jpg","width":1600,"height":1600},{"@type":"BreadcrumbList","@id":"https:\/\/www.loopkinglaces.com\/de\/products\/seil-kristall-strass-kordelzug-fuer-hosen-und-shorts-mit-goldenen-aglets\/#breadcrumb","itemListElement":[{"@type":"ListItem","position":1,"name":"Home","item":"https:\/\/www.loopkinglaces.com\/de\/"},{"@type":"ListItem","position":2,"name":"Shop","item":"https:\/\/www.loopkinglaces.com\/de\/shop\/"},{"@type":"ListItem","position":3,"name":"Seil-Kristall-Strass-Kordelzug f\u00fcr Hosen und Shorts mit goldenen Sputzen"}]},{"@type":"WebSite","@id":"https:\/\/www.loopkinglaces.com\/de\/#website","url":"https:\/\/www.loopkinglaces.com\/de\/","name":"Luxury Gold Tip Shoelaces by Loop King Laces","description":"Rope Laces, Flat Waxed Laces and Leather Laces. All With Gold Tips.","publisher":{"@id":"https:\/\/www.loopkinglaces.com\/de\/#organization"},"potentialAction":[{"@type":"SearchAction","target":{"@type":"EntryPoint","urlTemplate":"https:\/\/www.loopkinglaces.com\/de\/?s={search_term_string}"},"query-input":{"@type":"PropertyValueSpecification","valueRequired":true,"valueName":"search_term_string"}}],"inLanguage":"de"},{"@type":"Organization","@id":"https:\/\/www.loopkinglaces.com\/de\/#organization","name":"Loop King Laces","url":"https:\/\/www.loopkinglaces.com\/de\/","logo":{"@type":"ImageObject","inLanguage":"de","@id":"https:\/\/www.loopkinglaces.com\/de\/#\/schema\/logo\/image\/","url":"https:\/\/www.loopkinglaces.com\/wp-content\/uploads\/LOOP-KING-LACES.1.1-01-LOGO-HI-RES-OFFICIAL-1.png","contentUrl":"https:\/\/www.loopkinglaces.com\/wp-content\/uploads\/LOOP-KING-LACES.1.1-01-LOGO-HI-RES-OFFICIAL-1.png","width":128,"height":91,"caption":"Loop King Laces"},"image":{"@id":"https:\/\/www.loopkinglaces.com\/de\/#\/schema\/logo\/image\/"},"sameAs":["https:\/\/www.facebook.com\/LoopKingLaces\/","https:\/\/x.com\/loopkinglaces","https:\/\/www.instagram.com\/loopkinglaces\/"]}]}},"_links":{"self":[{"href":"https:\/\/www.loopkinglaces.com\/de\/wp-json\/wp\/v2\/product\/67544","targetHints":{"allow":["GET"]}}],"collection":[{"href":"https:\/\/www.loopkinglaces.com\/de\/wp-json\/wp\/v2\/product"}],"about":[{"href":"https:\/\/www.loopkinglaces.com\/de\/wp-json\/wp\/v2\/types\/product"}],"replies":[{"embeddable":true,"href":"https:\/\/www.loopkinglaces.com\/de\/wp-json\/wp\/v2\/comments?post=67544"}],"wp:featuredmedia":[{"embeddable":true,"href":"https:\/\/www.loopkinglaces.com\/de\/wp-json\/wp\/v2\/media\/58175"}],"wp:attachment":[{"href":"https:\/\/www.loopkinglaces.com\/de\/wp-json\/wp\/v2\/media?parent=67544"}],"wp:term":[{"taxonomy":"product_brand","embeddable":true,"href":"https:\/\/www.loopkinglaces.com\/de\/wp-json\/wp\/v2\/product_brand?post=67544"},{"taxonomy":"product_cat","embeddable":true,"href":"https:\/\/www.loopkinglaces.com\/de\/wp-json\/wp\/v2\/product_cat?post=67544"},{"taxonomy":"product_tag","embeddable":true,"href":"https:\/\/www.loopkinglaces.com\/de\/wp-json\/wp\/v2\/product_tag?post=67544"},{"taxonomy":"woo-feed-brand","embeddable":true,"href":"https:\/\/www.loopkinglaces.com\/de\/wp-json\/wp\/v2\/woo-feed-brand?post=67544"}],"curies":[{"name":"wp","href":"https:\/\/api.w.org\/{rel}","templated":true}]}}