{"id":67530,"date":"2022-08-25T17:37:26","date_gmt":"2022-08-25T17:37:26","guid":{"rendered":"https:\/\/www.loopkinglaces.com\/products\/die-samtschnuersenkel-die-jedes-paar-schuhe-luxurioes-machen\/"},"modified":"2024-11-14T00:09:38","modified_gmt":"2024-11-14T00:09:38","slug":"die-samtschnuersenkel-die-jedes-paar-schuhe-luxurioes-machen","status":"publish","type":"product","link":"https:\/\/www.loopkinglaces.com\/de\/products\/die-samtschnuersenkel-die-jedes-paar-schuhe-luxurioes-machen\/","title":{"rendered":"Die Samtschn\u00fcrsenkel, die jedes Paar Schuhe luxuri\u00f6s machen"},"content":{"rendered":"<p><i><span style=\"font-weight: 400;\">W\u00fcrdest du dich in Samt h\u00fcllen, wenn es gesellschaftsf\u00e4hig w\u00e4re?<br \/>\nIch glaube, ich h\u00f6re George Costanza rufen; du auch? <\/span><\/i><\/p>\n<p><span style=\"font-weight: 400;\">Wenn ja, k\u00f6nnen wir es dir nicht verdenken &#8211; denn Samt ist ein himmlisch weicher und luxuri\u00f6ser Stoff. <\/span><\/p>\n<p><span style=\"font-weight: 400;\">Deshalb haben wir uns entschlossen, Premium-Samtschn\u00fcrsenkel herzustellen, die jedes St\u00fcck Schuhwerk in ein starkes Modestatement verwandeln. <\/span><\/p>\n<p><span style=\"font-weight: 400;\">Wir verwenden f\u00fcr unsere Schn\u00fcrsenkel 100% hochwertigen Samt, und die sch\u00f6ne burgunderrote Farbe passt zu fast jedem Outfit oder Accessoire. <\/span><\/p>\n<p><span style=\"font-weight: 400;\">Diese Schn\u00fcrsenkel sind dick, glatt, robust und m\u00fchelos attraktiv.<br \/>\nDu kannst sie mit deinem: <\/span><\/p>\n<ul>\n<li style=\"font-weight: 400;\" aria-level=\"1\"><span style=\"font-weight: 400;\">Turnschuhe<\/span><\/li>\n<li style=\"font-weight: 400;\" aria-level=\"1\"><span style=\"font-weight: 400;\">Kleiderschuhe<\/span><\/li>\n<li style=\"font-weight: 400;\" aria-level=\"1\"><span style=\"font-weight: 400;\">Oxfords<\/span><\/li>\n<li style=\"font-weight: 400;\" aria-level=\"1\"><span style=\"font-weight: 400;\">Laufschuhe<\/span><\/li>\n<li style=\"font-weight: 400;\" aria-level=\"1\"><span style=\"font-weight: 400;\">Mehr<\/span><\/li>\n<\/ul>\n<p><span style=\"font-weight: 400;\">Unsere Schn\u00fcrsenkel eignen sich hervorragend als Geschenk und unsere attraktive Verpackung ist perfekt zum Verschenken.<br \/>\nSie eignen sich hervorragend f\u00fcr Geburtstage, Jahrestage, Abschlussfeiern und andere Feiertage. <\/span><\/p>\n","protected":false},"excerpt":{"rendered":"<p><span style=\"font-weight: 400;\">Jedes Paar Samtschn\u00fcrsenkel ist mit unseren eingravierten Metall\u00f6sen mit unserem Logo versehen.<br \/>\nSie sind aus hochwertigem Metall gefertigt und f\u00fchlen sich gut an.<br \/>\nSie helfen dir, deine Schn\u00fcrsenkel fest im Griff zu haben, damit du den perfekten Knoten kn\u00fcpfen kannst. <\/span><\/p>\n<p><span style=\"font-weight: 400;\">Alle unsere Schn\u00fcrsenkel passen wahrscheinlich zu allen gro\u00dfen Schuhmarken wie Adidas, Nike, Vans und mehr. <\/span><b>Unsere Samtschn\u00fcrsenkel sind eine tolle M\u00f6glichkeit, jedem Paar Schuhe ein neues Flair zu verleihen.<\/b><\/p>\n<p><span style=\"font-weight: 400;\">Du kannst sogar mehrere verschiedene Arten von Schn\u00fcrsenkeln kaufen, um f\u00fcr Abwechslung zu sorgen und trotzdem weniger zu bezahlen als f\u00fcr ein neues Paar Schuhe. <\/span><\/p>\n<p><span style=\"font-weight: 400;\">Die wichtigsten Merkmale sind:<\/span><\/p>\n<ul>\n<li style=\"font-weight: 400;\" aria-level=\"1\"><span style=\"font-weight: 400;\">Wundersch\u00f6ne burgunderrote Farbe <\/span><\/li>\n<li style=\"font-weight: 400;\" aria-level=\"1\"><span style=\"font-weight: 400;\">100% reiner Samt<\/span><\/li>\n<li style=\"font-weight: 400;\" aria-level=\"1\"><span style=\"font-weight: 400;\">Sch\u00f6ne Markenverpackung<\/span><\/li>\n<\/ul>\n","protected":false},"featured_media":58195,"comment_status":"open","ping_status":"closed","template":"","meta":{"_acf_changed":false},"product_brand":[],"product_cat":[689,590,727,720,802,735,753,787,592,751],"product_tag":[],"woo-feed-brand":[],"class_list":{"0":"post-67530","1":"product","2":"type-product","3":"status-publish","4":"has-post-thumbnail","6":"product_cat-45-inch-boot-laces-the-unsung-heroes-of-your-footwear-fashion","7":"product_cat-all-shoelaces","8":"product_cat-atemberaubende-burgunderfarbene-schnursenkel-die-dein-ganzes-outfit-aufpeppen-werden","9":"product_cat-cool-shoelaces-de","10":"product_cat-der-pine-green-jordan-1-red-laces-hebt-sich-von-der-masse-ab","11":"product_cat-die-besten-alexander-mcqueen-schnursenkel-fur-deine-high-end-sneaker","12":"product_cat-lace-up-with-luxury-der-ultimative-leitfaden-fur-84-inch-stiefelschnursenkel","13":"product_cat-rote-schnursenkel","14":"product_cat-schnursenkel-mit-goldspitze","15":"product_cat-verbessere-dein-schuhspiel-mit-54-zoll-langen-schnursenkeln","17":"first","18":"instock","19":"taxable","20":"shipping-taxable","21":"purchasable","22":"product-type-variable"},"acf":[],"yoast_head":"<!-- This site is optimized with the Yoast SEO plugin v27.4 - https:\/\/yoast.com\/product\/yoast-seo-wordpress\/ -->\n<title>Glatte Samtschn\u00fcrsenkel f\u00fcr mehr Raffinesse in deinen Schuhen<\/title>\n<meta name=\"description\" content=\"Willst du eine todsichere Methode, um jedes Paar Schuhe wie eine Million Dollar aussehen zu lassen? F\u00fcge einfach unsere Samtschn\u00fcrsenkel zu deinen Schuhen hinzu und du bist bereit.\" \/>\n<meta name=\"robots\" content=\"index, follow, max-snippet:-1, max-image-preview:large, max-video-preview:-1\" \/>\n<link rel=\"canonical\" href=\"https:\/\/www.loopkinglaces.com\/de\/products\/die-samtschnuersenkel-die-jedes-paar-schuhe-luxurioes-machen\/\" \/>\n<meta property=\"og:locale\" content=\"de_DE\" \/>\n<meta property=\"og:type\" content=\"article\" \/>\n<meta property=\"og:title\" content=\"Glatte Samtschn\u00fcrsenkel f\u00fcr mehr Raffinesse in deinen Schuhen\" \/>\n<meta property=\"og:description\" content=\"Willst du eine todsichere Methode, um jedes Paar Schuhe wie eine Million Dollar aussehen zu lassen? F\u00fcge einfach unsere Samtschn\u00fcrsenkel zu deinen Schuhen hinzu und du bist bereit.\" \/>\n<meta property=\"og:url\" content=\"https:\/\/www.loopkinglaces.com\/de\/products\/die-samtschnuersenkel-die-jedes-paar-schuhe-luxurioes-machen\/\" \/>\n<meta property=\"og:site_name\" content=\"Luxury Gold Tip Shoelaces by Loop King Laces\" \/>\n<meta property=\"article:publisher\" content=\"https:\/\/www.facebook.com\/LoopKingLaces\/\" \/>\n<meta property=\"article:modified_time\" content=\"2024-11-14T00:09:38+00:00\" \/>\n<meta property=\"og:image\" content=\"https:\/\/www.loopkinglaces.com\/wp-content\/uploads\/0730A-34-scaled.jpg\" \/>\n\t<meta property=\"og:image:width\" content=\"1600\" \/>\n\t<meta property=\"og:image:height\" content=\"1466\" \/>\n\t<meta property=\"og:image:type\" content=\"image\/jpeg\" \/>\n<meta name=\"twitter:card\" content=\"summary_large_image\" \/>\n<meta name=\"twitter:site\" content=\"@loopkinglaces\" \/>\n<meta name=\"twitter:label1\" content=\"Gesch\u00e4tzte Lesezeit\" \/>\n\t<meta name=\"twitter:data1\" content=\"1\u00a0Minute\" \/>\n<script type=\"application\/ld+json\" class=\"yoast-schema-graph\">{\"@context\":\"https:\\\/\\\/schema.org\",\"@graph\":[{\"@type\":[\"WebPage\",\"ItemPage\"],\"@id\":\"https:\\\/\\\/www.loopkinglaces.com\\\/de\\\/products\\\/die-samtschnuersenkel-die-jedes-paar-schuhe-luxurioes-machen\\\/\",\"url\":\"https:\\\/\\\/www.loopkinglaces.com\\\/de\\\/products\\\/die-samtschnuersenkel-die-jedes-paar-schuhe-luxurioes-machen\\\/\",\"name\":\"Glatte Samtschn\u00fcrsenkel f\u00fcr mehr Raffinesse in deinen Schuhen\",\"isPartOf\":{\"@id\":\"https:\\\/\\\/www.loopkinglaces.com\\\/de\\\/#website\"},\"primaryImageOfPage\":{\"@id\":\"https:\\\/\\\/www.loopkinglaces.com\\\/de\\\/products\\\/die-samtschnuersenkel-die-jedes-paar-schuhe-luxurioes-machen\\\/#primaryimage\"},\"image\":{\"@id\":\"https:\\\/\\\/www.loopkinglaces.com\\\/de\\\/products\\\/die-samtschnuersenkel-die-jedes-paar-schuhe-luxurioes-machen\\\/#primaryimage\"},\"thumbnailUrl\":\"https:\\\/\\\/www.loopkinglaces.com\\\/wp-content\\\/uploads\\\/0730A-34-scaled.jpg\",\"datePublished\":\"2022-08-25T17:37:26+00:00\",\"dateModified\":\"2024-11-14T00:09:38+00:00\",\"description\":\"Willst du eine todsichere Methode, um jedes Paar Schuhe wie eine Million Dollar aussehen zu lassen? F\u00fcge einfach unsere Samtschn\u00fcrsenkel zu deinen Schuhen hinzu und du bist bereit.\",\"breadcrumb\":{\"@id\":\"https:\\\/\\\/www.loopkinglaces.com\\\/de\\\/products\\\/die-samtschnuersenkel-die-jedes-paar-schuhe-luxurioes-machen\\\/#breadcrumb\"},\"inLanguage\":\"de\",\"potentialAction\":[{\"@type\":\"ReadAction\",\"target\":[\"https:\\\/\\\/www.loopkinglaces.com\\\/de\\\/products\\\/die-samtschnuersenkel-die-jedes-paar-schuhe-luxurioes-machen\\\/\"]}]},{\"@type\":\"ImageObject\",\"inLanguage\":\"de\",\"@id\":\"https:\\\/\\\/www.loopkinglaces.com\\\/de\\\/products\\\/die-samtschnuersenkel-die-jedes-paar-schuhe-luxurioes-machen\\\/#primaryimage\",\"url\":\"https:\\\/\\\/www.loopkinglaces.com\\\/wp-content\\\/uploads\\\/0730A-34-scaled.jpg\",\"contentUrl\":\"https:\\\/\\\/www.loopkinglaces.com\\\/wp-content\\\/uploads\\\/0730A-34-scaled.jpg\",\"width\":1600,\"height\":1466},{\"@type\":\"BreadcrumbList\",\"@id\":\"https:\\\/\\\/www.loopkinglaces.com\\\/de\\\/products\\\/die-samtschnuersenkel-die-jedes-paar-schuhe-luxurioes-machen\\\/#breadcrumb\",\"itemListElement\":[{\"@type\":\"ListItem\",\"position\":1,\"name\":\"Home\",\"item\":\"https:\\\/\\\/www.loopkinglaces.com\\\/de\\\/\"},{\"@type\":\"ListItem\",\"position\":2,\"name\":\"Shop\",\"item\":\"https:\\\/\\\/www.loopkinglaces.com\\\/de\\\/shop\\\/\"},{\"@type\":\"ListItem\",\"position\":3,\"name\":\"Die Samtschn\u00fcrsenkel, die jedes Paar Schuhe luxuri\u00f6s machen\"}]},{\"@type\":\"WebSite\",\"@id\":\"https:\\\/\\\/www.loopkinglaces.com\\\/de\\\/#website\",\"url\":\"https:\\\/\\\/www.loopkinglaces.com\\\/de\\\/\",\"name\":\"Luxury Gold Tip Shoelaces by Loop King Laces\",\"description\":\"Rope Laces, Flat Waxed Laces and Leather Laces. All With Gold Tips.\",\"publisher\":{\"@id\":\"https:\\\/\\\/www.loopkinglaces.com\\\/de\\\/#organization\"},\"potentialAction\":[{\"@type\":\"SearchAction\",\"target\":{\"@type\":\"EntryPoint\",\"urlTemplate\":\"https:\\\/\\\/www.loopkinglaces.com\\\/de\\\/?s={search_term_string}\"},\"query-input\":{\"@type\":\"PropertyValueSpecification\",\"valueRequired\":true,\"valueName\":\"search_term_string\"}}],\"inLanguage\":\"de\"},{\"@type\":\"Organization\",\"@id\":\"https:\\\/\\\/www.loopkinglaces.com\\\/de\\\/#organization\",\"name\":\"Loop King Laces\",\"url\":\"https:\\\/\\\/www.loopkinglaces.com\\\/de\\\/\",\"logo\":{\"@type\":\"ImageObject\",\"inLanguage\":\"de\",\"@id\":\"https:\\\/\\\/www.loopkinglaces.com\\\/de\\\/#\\\/schema\\\/logo\\\/image\\\/\",\"url\":\"https:\\\/\\\/www.loopkinglaces.com\\\/wp-content\\\/uploads\\\/LOOP-KING-LACES.1.1-01-LOGO-HI-RES-OFFICIAL-1.png\",\"contentUrl\":\"https:\\\/\\\/www.loopkinglaces.com\\\/wp-content\\\/uploads\\\/LOOP-KING-LACES.1.1-01-LOGO-HI-RES-OFFICIAL-1.png\",\"width\":128,\"height\":91,\"caption\":\"Loop King Laces\"},\"image\":{\"@id\":\"https:\\\/\\\/www.loopkinglaces.com\\\/de\\\/#\\\/schema\\\/logo\\\/image\\\/\"},\"sameAs\":[\"https:\\\/\\\/www.facebook.com\\\/LoopKingLaces\\\/\",\"https:\\\/\\\/x.com\\\/loopkinglaces\",\"https:\\\/\\\/www.instagram.com\\\/loopkinglaces\\\/\"]}]}<\/script>\n<!-- \/ Yoast SEO plugin. -->","yoast_head_json":{"title":"Glatte Samtschn\u00fcrsenkel f\u00fcr mehr Raffinesse in deinen Schuhen","description":"Willst du eine todsichere Methode, um jedes Paar Schuhe wie eine Million Dollar aussehen zu lassen? F\u00fcge einfach unsere Samtschn\u00fcrsenkel zu deinen Schuhen hinzu und du bist bereit.","robots":{"index":"index","follow":"follow","max-snippet":"max-snippet:-1","max-image-preview":"max-image-preview:large","max-video-preview":"max-video-preview:-1"},"canonical":"https:\/\/www.loopkinglaces.com\/de\/products\/die-samtschnuersenkel-die-jedes-paar-schuhe-luxurioes-machen\/","og_locale":"de_DE","og_type":"article","og_title":"Glatte Samtschn\u00fcrsenkel f\u00fcr mehr Raffinesse in deinen Schuhen","og_description":"Willst du eine todsichere Methode, um jedes Paar Schuhe wie eine Million Dollar aussehen zu lassen? F\u00fcge einfach unsere Samtschn\u00fcrsenkel zu deinen Schuhen hinzu und du bist bereit.","og_url":"https:\/\/www.loopkinglaces.com\/de\/products\/die-samtschnuersenkel-die-jedes-paar-schuhe-luxurioes-machen\/","og_site_name":"Luxury Gold Tip Shoelaces by Loop King Laces","article_publisher":"https:\/\/www.facebook.com\/LoopKingLaces\/","article_modified_time":"2024-11-14T00:09:38+00:00","og_image":[{"width":1600,"height":1466,"url":"https:\/\/www.loopkinglaces.com\/wp-content\/uploads\/0730A-34-scaled.jpg","type":"image\/jpeg"}],"twitter_card":"summary_large_image","twitter_site":"@loopkinglaces","twitter_misc":{"Gesch\u00e4tzte Lesezeit":"1\u00a0Minute"},"schema":{"@context":"https:\/\/schema.org","@graph":[{"@type":["WebPage","ItemPage"],"@id":"https:\/\/www.loopkinglaces.com\/de\/products\/die-samtschnuersenkel-die-jedes-paar-schuhe-luxurioes-machen\/","url":"https:\/\/www.loopkinglaces.com\/de\/products\/die-samtschnuersenkel-die-jedes-paar-schuhe-luxurioes-machen\/","name":"Glatte Samtschn\u00fcrsenkel f\u00fcr mehr Raffinesse in deinen Schuhen","isPartOf":{"@id":"https:\/\/www.loopkinglaces.com\/de\/#website"},"primaryImageOfPage":{"@id":"https:\/\/www.loopkinglaces.com\/de\/products\/die-samtschnuersenkel-die-jedes-paar-schuhe-luxurioes-machen\/#primaryimage"},"image":{"@id":"https:\/\/www.loopkinglaces.com\/de\/products\/die-samtschnuersenkel-die-jedes-paar-schuhe-luxurioes-machen\/#primaryimage"},"thumbnailUrl":"https:\/\/www.loopkinglaces.com\/wp-content\/uploads\/0730A-34-scaled.jpg","datePublished":"2022-08-25T17:37:26+00:00","dateModified":"2024-11-14T00:09:38+00:00","description":"Willst du eine todsichere Methode, um jedes Paar Schuhe wie eine Million Dollar aussehen zu lassen? F\u00fcge einfach unsere Samtschn\u00fcrsenkel zu deinen Schuhen hinzu und du bist bereit.","breadcrumb":{"@id":"https:\/\/www.loopkinglaces.com\/de\/products\/die-samtschnuersenkel-die-jedes-paar-schuhe-luxurioes-machen\/#breadcrumb"},"inLanguage":"de","potentialAction":[{"@type":"ReadAction","target":["https:\/\/www.loopkinglaces.com\/de\/products\/die-samtschnuersenkel-die-jedes-paar-schuhe-luxurioes-machen\/"]}]},{"@type":"ImageObject","inLanguage":"de","@id":"https:\/\/www.loopkinglaces.com\/de\/products\/die-samtschnuersenkel-die-jedes-paar-schuhe-luxurioes-machen\/#primaryimage","url":"https:\/\/www.loopkinglaces.com\/wp-content\/uploads\/0730A-34-scaled.jpg","contentUrl":"https:\/\/www.loopkinglaces.com\/wp-content\/uploads\/0730A-34-scaled.jpg","width":1600,"height":1466},{"@type":"BreadcrumbList","@id":"https:\/\/www.loopkinglaces.com\/de\/products\/die-samtschnuersenkel-die-jedes-paar-schuhe-luxurioes-machen\/#breadcrumb","itemListElement":[{"@type":"ListItem","position":1,"name":"Home","item":"https:\/\/www.loopkinglaces.com\/de\/"},{"@type":"ListItem","position":2,"name":"Shop","item":"https:\/\/www.loopkinglaces.com\/de\/shop\/"},{"@type":"ListItem","position":3,"name":"Die Samtschn\u00fcrsenkel, die jedes Paar Schuhe luxuri\u00f6s machen"}]},{"@type":"WebSite","@id":"https:\/\/www.loopkinglaces.com\/de\/#website","url":"https:\/\/www.loopkinglaces.com\/de\/","name":"Luxury Gold Tip Shoelaces by Loop King Laces","description":"Rope Laces, Flat Waxed Laces and Leather Laces. All With Gold Tips.","publisher":{"@id":"https:\/\/www.loopkinglaces.com\/de\/#organization"},"potentialAction":[{"@type":"SearchAction","target":{"@type":"EntryPoint","urlTemplate":"https:\/\/www.loopkinglaces.com\/de\/?s={search_term_string}"},"query-input":{"@type":"PropertyValueSpecification","valueRequired":true,"valueName":"search_term_string"}}],"inLanguage":"de"},{"@type":"Organization","@id":"https:\/\/www.loopkinglaces.com\/de\/#organization","name":"Loop King Laces","url":"https:\/\/www.loopkinglaces.com\/de\/","logo":{"@type":"ImageObject","inLanguage":"de","@id":"https:\/\/www.loopkinglaces.com\/de\/#\/schema\/logo\/image\/","url":"https:\/\/www.loopkinglaces.com\/wp-content\/uploads\/LOOP-KING-LACES.1.1-01-LOGO-HI-RES-OFFICIAL-1.png","contentUrl":"https:\/\/www.loopkinglaces.com\/wp-content\/uploads\/LOOP-KING-LACES.1.1-01-LOGO-HI-RES-OFFICIAL-1.png","width":128,"height":91,"caption":"Loop King Laces"},"image":{"@id":"https:\/\/www.loopkinglaces.com\/de\/#\/schema\/logo\/image\/"},"sameAs":["https:\/\/www.facebook.com\/LoopKingLaces\/","https:\/\/x.com\/loopkinglaces","https:\/\/www.instagram.com\/loopkinglaces\/"]}]}},"_links":{"self":[{"href":"https:\/\/www.loopkinglaces.com\/de\/wp-json\/wp\/v2\/product\/67530","targetHints":{"allow":["GET"]}}],"collection":[{"href":"https:\/\/www.loopkinglaces.com\/de\/wp-json\/wp\/v2\/product"}],"about":[{"href":"https:\/\/www.loopkinglaces.com\/de\/wp-json\/wp\/v2\/types\/product"}],"replies":[{"embeddable":true,"href":"https:\/\/www.loopkinglaces.com\/de\/wp-json\/wp\/v2\/comments?post=67530"}],"wp:featuredmedia":[{"embeddable":true,"href":"https:\/\/www.loopkinglaces.com\/de\/wp-json\/wp\/v2\/media\/58195"}],"wp:attachment":[{"href":"https:\/\/www.loopkinglaces.com\/de\/wp-json\/wp\/v2\/media?parent=67530"}],"wp:term":[{"taxonomy":"product_brand","embeddable":true,"href":"https:\/\/www.loopkinglaces.com\/de\/wp-json\/wp\/v2\/product_brand?post=67530"},{"taxonomy":"product_cat","embeddable":true,"href":"https:\/\/www.loopkinglaces.com\/de\/wp-json\/wp\/v2\/product_cat?post=67530"},{"taxonomy":"product_tag","embeddable":true,"href":"https:\/\/www.loopkinglaces.com\/de\/wp-json\/wp\/v2\/product_tag?post=67530"},{"taxonomy":"woo-feed-brand","embeddable":true,"href":"https:\/\/www.loopkinglaces.com\/de\/wp-json\/wp\/v2\/woo-feed-brand?post=67530"}],"curies":[{"name":"wp","href":"https:\/\/api.w.org\/{rel}","templated":true}]}}