{"id":67522,"date":"2022-08-25T17:37:05","date_gmt":"2022-08-25T17:37:05","guid":{"rendered":"https:\/\/www.loopkinglaces.com\/products\/flache-im-dunkeln-leuchtende-baumwollschnuersenkel-mit-goldenen-raedchen\/"},"modified":"2024-11-14T00:11:25","modified_gmt":"2024-11-14T00:11:25","slug":"flache-im-dunkeln-leuchtende-baumwollschnuersenkel-mit-goldenen-raedchen","status":"publish","type":"product","link":"https:\/\/www.loopkinglaces.com\/de\/products\/flache-im-dunkeln-leuchtende-baumwollschnuersenkel-mit-goldenen-raedchen\/","title":{"rendered":"Flache, im Dunkeln leuchtende Baumwollschn\u00fcrsenkel mit goldenen Spitzen"},"content":{"rendered":"<h3><a href=\"https:\/\/www.loopkinglaces.com\/\">Luxus Sneaker Schn\u00fcrsenkel<\/a><\/h3>\n<p>Loop King Laces bietet nur die hochwertigsten Luxus-Schn\u00fcrsenkel an.<br \/>\nUnsere flachen Baumwollschn\u00fcrsenkel sind mit gepr\u00e4gten Metallspitzen mit dem LOOP KING Logo und unserer symbolischen Krone versehen.<br \/>\nJeder flache Baumwollschn\u00fcrsenkel wird aus hochwertiger Baumwolle hergestellt, um ein unerwartetes Ausfransen des Schn\u00fcrsenkels zu verhindern und die Lebensdauer des Schn\u00fcrsenkels auf mehr als das Dreifache eines normalen Qualit\u00e4tsschn\u00fcrsenkels zu erh\u00f6hen.<br \/>\nUnsere Schn\u00fcrsenkel passen f\u00fcr alle Arten von Turnschuhen und Marken wie Adidas, Nike, VANS und so weiter. In unserer <a href=\"\/shoelace-size-chart\/\">Gr\u00f6\u00dfentabelle<\/a> findest du die perfekte Gr\u00f6\u00dfe f\u00fcr deine Schuhe.<\/p>\n","protected":false},"excerpt":{"rendered":"<p><span style=\"font-weight: 400;\">Unsere flachen Luxus-Baumwollschn\u00fcrsenkel, die im Dunkeln leuchten, haben gepr\u00e4gte goldene Aglets (Spitzen).<br \/>\nAlle unsere Luxus-Schn\u00fcrsenkel sind aus hochwertigen Materialien mit Metallspitzen von h\u00f6chster Qualit\u00e4t hergestellt.<br \/>\nUnsere flachen Baumwollschn\u00fcrsenkel halten 3-mal l\u00e4nger als normale Qualit\u00e4tsschn\u00fcrsenkel. See our full features below:<\/span><\/p>\n<ul>\n<li style=\"font-weight: 400;\" aria-level=\"1\"><span style=\"font-weight: 400;\">6mm Breite<\/span><\/li>\n<li style=\"font-weight: 400;\" aria-level=\"1\"><span style=\"font-weight: 400;\">Premium Baumwolle<\/span><\/li>\n<li style=\"font-weight: 400;\" aria-level=\"1\"><span style=\"font-weight: 400;\">Wei\u00df am Tag, gr\u00fcn in der Nacht (oder im Dunkeln)<\/span><\/li>\n<li style=\"font-weight: 400;\" aria-level=\"1\"><span style=\"font-weight: 400;\">Halten 3 Mal l\u00e4nger als normale Schn\u00fcrsenkel<\/span><\/li>\n<li style=\"font-weight: 400;\" aria-level=\"1\"><span style=\"font-weight: 400;\">Loop King Golden Aglet<\/span><\/li>\n<li style=\"font-weight: 400;\" aria-level=\"1\"><span style=\"font-weight: 400;\">Sch\u00f6ne Verpackung<\/span><\/li>\n<\/ul>\n","protected":false},"featured_media":58161,"comment_status":"open","ping_status":"closed","template":"","meta":{"_acf_changed":false},"product_brand":[],"product_cat":[590,715,790,816,862,1837,758,731,592,831],"product_tag":[],"woo-feed-brand":[],"class_list":{"0":"post-67522","1":"product","2":"type-product","3":"status-publish","4":"has-post-thumbnail","6":"product_cat-all-shoelaces","7":"product_cat-white-laces-de","8":"product_cat-grune-premium-schnursenkel-zur-aufwertung-deiner-schuhe","9":"product_cat-hochwertige-flache-schnursenkel-die-deinen-schuhen-ein-optisches-flair-verleihen","10":"product_cat-im-dunkeln-leuchtende-schnursenkel-fur-mehr-spas-und-sicherheit-in-der-nacht","11":"product_cat-fun-shoelaces-de","12":"product_cat-modische-farbige-schnursenkel-fur-turnschuhe","13":"product_cat-robuste-schnursenkel-die-fantastisch-aussehen-und-lange-halten","14":"product_cat-schnursenkel-mit-goldspitze","15":"product_cat-weise-nike-schnursenkel-die-so-hell-wie-ein-stern-leuchten","17":"first","18":"instock","19":"taxable","20":"shipping-taxable","21":"purchasable","22":"product-type-variable"},"acf":[],"yoast_head":"<!-- This site is optimized with the Yoast SEO plugin v27.4 - https:\/\/yoast.com\/product\/yoast-seo-wordpress\/ -->\n<title>Flache gewachste im Dunkeln leuchtenden Schn\u00fcrsenkel mit goldenen \u00d6sen<\/title>\n<meta name=\"description\" content=\"Unsere flachen, gewachsten, im Dunkeln leuchtenden Schn\u00fcrsenkel mit Goldspitzen sind die hochwertigsten flachen Luxusschn\u00fcrsenkel auf dem Markt. Jeder Schn\u00fcrsenkel kommt mit einer gepr\u00e4gten Goldspitze\" \/>\n<meta name=\"robots\" content=\"index, follow, max-snippet:-1, max-image-preview:large, max-video-preview:-1\" \/>\n<link rel=\"canonical\" href=\"https:\/\/www.loopkinglaces.com\/de\/products\/flache-im-dunkeln-leuchtende-baumwollschnuersenkel-mit-goldenen-raedchen\/\" \/>\n<meta property=\"og:locale\" content=\"de_DE\" \/>\n<meta property=\"og:type\" content=\"article\" \/>\n<meta property=\"og:title\" content=\"Flache gewachste im Dunkeln leuchtenden Schn\u00fcrsenkel mit goldenen \u00d6sen\" \/>\n<meta property=\"og:description\" content=\"Unsere flachen, gewachsten, im Dunkeln leuchtenden Schn\u00fcrsenkel mit Goldspitzen sind die hochwertigsten flachen Luxusschn\u00fcrsenkel auf dem Markt. Jeder Schn\u00fcrsenkel kommt mit einer gepr\u00e4gten Goldspitze\" \/>\n<meta property=\"og:url\" content=\"https:\/\/www.loopkinglaces.com\/de\/products\/flache-im-dunkeln-leuchtende-baumwollschnuersenkel-mit-goldenen-raedchen\/\" \/>\n<meta property=\"og:site_name\" content=\"Luxury Gold Tip Shoelaces by Loop King Laces\" \/>\n<meta property=\"article:publisher\" content=\"https:\/\/www.facebook.com\/LoopKingLaces\/\" \/>\n<meta property=\"article:modified_time\" content=\"2024-11-14T00:11:25+00:00\" \/>\n<meta property=\"og:image\" content=\"https:\/\/www.loopkinglaces.com\/wp-content\/uploads\/glow-in-the-dark-1-scaled.jpg\" \/>\n\t<meta property=\"og:image:width\" content=\"1600\" \/>\n\t<meta property=\"og:image:height\" content=\"1600\" \/>\n\t<meta property=\"og:image:type\" content=\"image\/jpeg\" \/>\n<meta name=\"twitter:card\" content=\"summary_large_image\" \/>\n<meta name=\"twitter:site\" content=\"@loopkinglaces\" \/>\n<meta name=\"twitter:label1\" content=\"Gesch\u00e4tzte Lesezeit\" \/>\n\t<meta name=\"twitter:data1\" content=\"1\u00a0Minute\" \/>\n<script type=\"application\/ld+json\" class=\"yoast-schema-graph\">{\"@context\":\"https:\\\/\\\/schema.org\",\"@graph\":[{\"@type\":[\"WebPage\",\"ItemPage\"],\"@id\":\"https:\\\/\\\/www.loopkinglaces.com\\\/de\\\/products\\\/flache-im-dunkeln-leuchtende-baumwollschnuersenkel-mit-goldenen-raedchen\\\/\",\"url\":\"https:\\\/\\\/www.loopkinglaces.com\\\/de\\\/products\\\/flache-im-dunkeln-leuchtende-baumwollschnuersenkel-mit-goldenen-raedchen\\\/\",\"name\":\"Flache gewachste im Dunkeln leuchtenden Schn\u00fcrsenkel mit goldenen \u00d6sen\",\"isPartOf\":{\"@id\":\"https:\\\/\\\/www.loopkinglaces.com\\\/de\\\/#website\"},\"primaryImageOfPage\":{\"@id\":\"https:\\\/\\\/www.loopkinglaces.com\\\/de\\\/products\\\/flache-im-dunkeln-leuchtende-baumwollschnuersenkel-mit-goldenen-raedchen\\\/#primaryimage\"},\"image\":{\"@id\":\"https:\\\/\\\/www.loopkinglaces.com\\\/de\\\/products\\\/flache-im-dunkeln-leuchtende-baumwollschnuersenkel-mit-goldenen-raedchen\\\/#primaryimage\"},\"thumbnailUrl\":\"https:\\\/\\\/www.loopkinglaces.com\\\/wp-content\\\/uploads\\\/glow-in-the-dark-1-scaled.jpg\",\"datePublished\":\"2022-08-25T17:37:05+00:00\",\"dateModified\":\"2024-11-14T00:11:25+00:00\",\"description\":\"Unsere flachen, gewachsten, im Dunkeln leuchtenden Schn\u00fcrsenkel mit Goldspitzen sind die hochwertigsten flachen Luxusschn\u00fcrsenkel auf dem Markt. Jeder Schn\u00fcrsenkel kommt mit einer gepr\u00e4gten Goldspitze\",\"breadcrumb\":{\"@id\":\"https:\\\/\\\/www.loopkinglaces.com\\\/de\\\/products\\\/flache-im-dunkeln-leuchtende-baumwollschnuersenkel-mit-goldenen-raedchen\\\/#breadcrumb\"},\"inLanguage\":\"de\",\"potentialAction\":[{\"@type\":\"ReadAction\",\"target\":[\"https:\\\/\\\/www.loopkinglaces.com\\\/de\\\/products\\\/flache-im-dunkeln-leuchtende-baumwollschnuersenkel-mit-goldenen-raedchen\\\/\"]}]},{\"@type\":\"ImageObject\",\"inLanguage\":\"de\",\"@id\":\"https:\\\/\\\/www.loopkinglaces.com\\\/de\\\/products\\\/flache-im-dunkeln-leuchtende-baumwollschnuersenkel-mit-goldenen-raedchen\\\/#primaryimage\",\"url\":\"https:\\\/\\\/www.loopkinglaces.com\\\/wp-content\\\/uploads\\\/glow-in-the-dark-1-scaled.jpg\",\"contentUrl\":\"https:\\\/\\\/www.loopkinglaces.com\\\/wp-content\\\/uploads\\\/glow-in-the-dark-1-scaled.jpg\",\"width\":1600,\"height\":1600},{\"@type\":\"BreadcrumbList\",\"@id\":\"https:\\\/\\\/www.loopkinglaces.com\\\/de\\\/products\\\/flache-im-dunkeln-leuchtende-baumwollschnuersenkel-mit-goldenen-raedchen\\\/#breadcrumb\",\"itemListElement\":[{\"@type\":\"ListItem\",\"position\":1,\"name\":\"Home\",\"item\":\"https:\\\/\\\/www.loopkinglaces.com\\\/de\\\/\"},{\"@type\":\"ListItem\",\"position\":2,\"name\":\"Shop\",\"item\":\"https:\\\/\\\/www.loopkinglaces.com\\\/de\\\/shop\\\/\"},{\"@type\":\"ListItem\",\"position\":3,\"name\":\"Flache, im Dunkeln leuchtende Baumwollschn\u00fcrsenkel mit goldenen Spitzen\"}]},{\"@type\":\"WebSite\",\"@id\":\"https:\\\/\\\/www.loopkinglaces.com\\\/de\\\/#website\",\"url\":\"https:\\\/\\\/www.loopkinglaces.com\\\/de\\\/\",\"name\":\"Luxury Gold Tip Shoelaces by Loop King Laces\",\"description\":\"Rope Laces, Flat Waxed Laces and Leather Laces. All With Gold Tips.\",\"publisher\":{\"@id\":\"https:\\\/\\\/www.loopkinglaces.com\\\/de\\\/#organization\"},\"potentialAction\":[{\"@type\":\"SearchAction\",\"target\":{\"@type\":\"EntryPoint\",\"urlTemplate\":\"https:\\\/\\\/www.loopkinglaces.com\\\/de\\\/?s={search_term_string}\"},\"query-input\":{\"@type\":\"PropertyValueSpecification\",\"valueRequired\":true,\"valueName\":\"search_term_string\"}}],\"inLanguage\":\"de\"},{\"@type\":\"Organization\",\"@id\":\"https:\\\/\\\/www.loopkinglaces.com\\\/de\\\/#organization\",\"name\":\"Loop King Laces\",\"url\":\"https:\\\/\\\/www.loopkinglaces.com\\\/de\\\/\",\"logo\":{\"@type\":\"ImageObject\",\"inLanguage\":\"de\",\"@id\":\"https:\\\/\\\/www.loopkinglaces.com\\\/de\\\/#\\\/schema\\\/logo\\\/image\\\/\",\"url\":\"https:\\\/\\\/www.loopkinglaces.com\\\/wp-content\\\/uploads\\\/LOOP-KING-LACES.1.1-01-LOGO-HI-RES-OFFICIAL-1.png\",\"contentUrl\":\"https:\\\/\\\/www.loopkinglaces.com\\\/wp-content\\\/uploads\\\/LOOP-KING-LACES.1.1-01-LOGO-HI-RES-OFFICIAL-1.png\",\"width\":128,\"height\":91,\"caption\":\"Loop King Laces\"},\"image\":{\"@id\":\"https:\\\/\\\/www.loopkinglaces.com\\\/de\\\/#\\\/schema\\\/logo\\\/image\\\/\"},\"sameAs\":[\"https:\\\/\\\/www.facebook.com\\\/LoopKingLaces\\\/\",\"https:\\\/\\\/x.com\\\/loopkinglaces\",\"https:\\\/\\\/www.instagram.com\\\/loopkinglaces\\\/\"]}]}<\/script>\n<!-- \/ Yoast SEO plugin. -->","yoast_head_json":{"title":"Flache gewachste im Dunkeln leuchtenden Schn\u00fcrsenkel mit goldenen \u00d6sen","description":"Unsere flachen, gewachsten, im Dunkeln leuchtenden Schn\u00fcrsenkel mit Goldspitzen sind die hochwertigsten flachen Luxusschn\u00fcrsenkel auf dem Markt. Jeder Schn\u00fcrsenkel kommt mit einer gepr\u00e4gten Goldspitze","robots":{"index":"index","follow":"follow","max-snippet":"max-snippet:-1","max-image-preview":"max-image-preview:large","max-video-preview":"max-video-preview:-1"},"canonical":"https:\/\/www.loopkinglaces.com\/de\/products\/flache-im-dunkeln-leuchtende-baumwollschnuersenkel-mit-goldenen-raedchen\/","og_locale":"de_DE","og_type":"article","og_title":"Flache gewachste im Dunkeln leuchtenden Schn\u00fcrsenkel mit goldenen \u00d6sen","og_description":"Unsere flachen, gewachsten, im Dunkeln leuchtenden Schn\u00fcrsenkel mit Goldspitzen sind die hochwertigsten flachen Luxusschn\u00fcrsenkel auf dem Markt. Jeder Schn\u00fcrsenkel kommt mit einer gepr\u00e4gten Goldspitze","og_url":"https:\/\/www.loopkinglaces.com\/de\/products\/flache-im-dunkeln-leuchtende-baumwollschnuersenkel-mit-goldenen-raedchen\/","og_site_name":"Luxury Gold Tip Shoelaces by Loop King Laces","article_publisher":"https:\/\/www.facebook.com\/LoopKingLaces\/","article_modified_time":"2024-11-14T00:11:25+00:00","og_image":[{"width":1600,"height":1600,"url":"https:\/\/www.loopkinglaces.com\/wp-content\/uploads\/glow-in-the-dark-1-scaled.jpg","type":"image\/jpeg"}],"twitter_card":"summary_large_image","twitter_site":"@loopkinglaces","twitter_misc":{"Gesch\u00e4tzte Lesezeit":"1\u00a0Minute"},"schema":{"@context":"https:\/\/schema.org","@graph":[{"@type":["WebPage","ItemPage"],"@id":"https:\/\/www.loopkinglaces.com\/de\/products\/flache-im-dunkeln-leuchtende-baumwollschnuersenkel-mit-goldenen-raedchen\/","url":"https:\/\/www.loopkinglaces.com\/de\/products\/flache-im-dunkeln-leuchtende-baumwollschnuersenkel-mit-goldenen-raedchen\/","name":"Flache gewachste im Dunkeln leuchtenden Schn\u00fcrsenkel mit goldenen \u00d6sen","isPartOf":{"@id":"https:\/\/www.loopkinglaces.com\/de\/#website"},"primaryImageOfPage":{"@id":"https:\/\/www.loopkinglaces.com\/de\/products\/flache-im-dunkeln-leuchtende-baumwollschnuersenkel-mit-goldenen-raedchen\/#primaryimage"},"image":{"@id":"https:\/\/www.loopkinglaces.com\/de\/products\/flache-im-dunkeln-leuchtende-baumwollschnuersenkel-mit-goldenen-raedchen\/#primaryimage"},"thumbnailUrl":"https:\/\/www.loopkinglaces.com\/wp-content\/uploads\/glow-in-the-dark-1-scaled.jpg","datePublished":"2022-08-25T17:37:05+00:00","dateModified":"2024-11-14T00:11:25+00:00","description":"Unsere flachen, gewachsten, im Dunkeln leuchtenden Schn\u00fcrsenkel mit Goldspitzen sind die hochwertigsten flachen Luxusschn\u00fcrsenkel auf dem Markt. Jeder Schn\u00fcrsenkel kommt mit einer gepr\u00e4gten Goldspitze","breadcrumb":{"@id":"https:\/\/www.loopkinglaces.com\/de\/products\/flache-im-dunkeln-leuchtende-baumwollschnuersenkel-mit-goldenen-raedchen\/#breadcrumb"},"inLanguage":"de","potentialAction":[{"@type":"ReadAction","target":["https:\/\/www.loopkinglaces.com\/de\/products\/flache-im-dunkeln-leuchtende-baumwollschnuersenkel-mit-goldenen-raedchen\/"]}]},{"@type":"ImageObject","inLanguage":"de","@id":"https:\/\/www.loopkinglaces.com\/de\/products\/flache-im-dunkeln-leuchtende-baumwollschnuersenkel-mit-goldenen-raedchen\/#primaryimage","url":"https:\/\/www.loopkinglaces.com\/wp-content\/uploads\/glow-in-the-dark-1-scaled.jpg","contentUrl":"https:\/\/www.loopkinglaces.com\/wp-content\/uploads\/glow-in-the-dark-1-scaled.jpg","width":1600,"height":1600},{"@type":"BreadcrumbList","@id":"https:\/\/www.loopkinglaces.com\/de\/products\/flache-im-dunkeln-leuchtende-baumwollschnuersenkel-mit-goldenen-raedchen\/#breadcrumb","itemListElement":[{"@type":"ListItem","position":1,"name":"Home","item":"https:\/\/www.loopkinglaces.com\/de\/"},{"@type":"ListItem","position":2,"name":"Shop","item":"https:\/\/www.loopkinglaces.com\/de\/shop\/"},{"@type":"ListItem","position":3,"name":"Flache, im Dunkeln leuchtende Baumwollschn\u00fcrsenkel mit goldenen Spitzen"}]},{"@type":"WebSite","@id":"https:\/\/www.loopkinglaces.com\/de\/#website","url":"https:\/\/www.loopkinglaces.com\/de\/","name":"Luxury Gold Tip Shoelaces by Loop King Laces","description":"Rope Laces, Flat Waxed Laces and Leather Laces. All With Gold Tips.","publisher":{"@id":"https:\/\/www.loopkinglaces.com\/de\/#organization"},"potentialAction":[{"@type":"SearchAction","target":{"@type":"EntryPoint","urlTemplate":"https:\/\/www.loopkinglaces.com\/de\/?s={search_term_string}"},"query-input":{"@type":"PropertyValueSpecification","valueRequired":true,"valueName":"search_term_string"}}],"inLanguage":"de"},{"@type":"Organization","@id":"https:\/\/www.loopkinglaces.com\/de\/#organization","name":"Loop King Laces","url":"https:\/\/www.loopkinglaces.com\/de\/","logo":{"@type":"ImageObject","inLanguage":"de","@id":"https:\/\/www.loopkinglaces.com\/de\/#\/schema\/logo\/image\/","url":"https:\/\/www.loopkinglaces.com\/wp-content\/uploads\/LOOP-KING-LACES.1.1-01-LOGO-HI-RES-OFFICIAL-1.png","contentUrl":"https:\/\/www.loopkinglaces.com\/wp-content\/uploads\/LOOP-KING-LACES.1.1-01-LOGO-HI-RES-OFFICIAL-1.png","width":128,"height":91,"caption":"Loop King Laces"},"image":{"@id":"https:\/\/www.loopkinglaces.com\/de\/#\/schema\/logo\/image\/"},"sameAs":["https:\/\/www.facebook.com\/LoopKingLaces\/","https:\/\/x.com\/loopkinglaces","https:\/\/www.instagram.com\/loopkinglaces\/"]}]}},"_links":{"self":[{"href":"https:\/\/www.loopkinglaces.com\/de\/wp-json\/wp\/v2\/product\/67522","targetHints":{"allow":["GET"]}}],"collection":[{"href":"https:\/\/www.loopkinglaces.com\/de\/wp-json\/wp\/v2\/product"}],"about":[{"href":"https:\/\/www.loopkinglaces.com\/de\/wp-json\/wp\/v2\/types\/product"}],"replies":[{"embeddable":true,"href":"https:\/\/www.loopkinglaces.com\/de\/wp-json\/wp\/v2\/comments?post=67522"}],"wp:featuredmedia":[{"embeddable":true,"href":"https:\/\/www.loopkinglaces.com\/de\/wp-json\/wp\/v2\/media\/58161"}],"wp:attachment":[{"href":"https:\/\/www.loopkinglaces.com\/de\/wp-json\/wp\/v2\/media?parent=67522"}],"wp:term":[{"taxonomy":"product_brand","embeddable":true,"href":"https:\/\/www.loopkinglaces.com\/de\/wp-json\/wp\/v2\/product_brand?post=67522"},{"taxonomy":"product_cat","embeddable":true,"href":"https:\/\/www.loopkinglaces.com\/de\/wp-json\/wp\/v2\/product_cat?post=67522"},{"taxonomy":"product_tag","embeddable":true,"href":"https:\/\/www.loopkinglaces.com\/de\/wp-json\/wp\/v2\/product_tag?post=67522"},{"taxonomy":"woo-feed-brand","embeddable":true,"href":"https:\/\/www.loopkinglaces.com\/de\/wp-json\/wp\/v2\/woo-feed-brand?post=67522"}],"curies":[{"name":"wp","href":"https:\/\/api.w.org\/{rel}","templated":true}]}}