{"id":67455,"date":"2018-12-13T19:27:07","date_gmt":"2018-12-13T19:27:07","guid":{"rendered":"https:\/\/www.loopkinglaces.com\/products\/hellblaue-off-white-style-shoelaces-mit-goldenen-spitzen\/"},"modified":"2024-11-14T23:02:39","modified_gmt":"2024-11-14T23:02:39","slug":"hellblaue-off-white-style-shoelaces-mit-goldenen-spitzen","status":"publish","type":"product","link":"https:\/\/www.loopkinglaces.com\/de\/products\/hellblaue-off-white-style-shoelaces-mit-goldenen-spitzen\/","title":{"rendered":"Hellblaue Off-White Style &#8220;SHOELACES&#8221; mit goldenen Spitzen"},"content":{"rendered":"<h3><a href=\"https:\/\/www.loopkinglaces.com\/\">Luxus Sneaker Schn\u00fcrsenkel<\/a><\/h3>\n<p>Loop King Laces bietet nur die hochwertigsten Luxus-Schn\u00fcrsenkel an.<br \/>\nUnsere Off-White Schn\u00fcrsenkel sind mit gepr\u00e4gten Metallspitzen mit dem LOOP KING Logo und unserer symbolischen Krone versehen.<br \/>\nJeder Off-White Schn\u00fcrsenkel besteht aus hochwertiger Baumwolle, um ein unerwartetes Ausfransen des Schn\u00fcrsenkels zu verhindern und die Lebensdauer des Schn\u00fcrsenkels auf mehr als das Dreifache eines normalen Qualit\u00e4tsschn\u00fcrsenkels zu erh\u00f6hen.<br \/>\nUnsere Schn\u00fcrsenkel passen f\u00fcr alle Arten von Turnschuhen und Marken wie Adidas, Nike, VANS und so weiter. In unserer <a href=\"\/shoelace-size-chart\/\">Gr\u00f6\u00dfentabelle<\/a> findest du die perfekte Gr\u00f6\u00dfe f\u00fcr deine Schuhe.<\/p>\n","protected":false},"excerpt":{"rendered":"<p><strong>Light Blue Off-White Style &#8220;SHOELACES&#8221; With Gold Tips<\/strong> Loop King Laces &#8211; Unsere hellblaue Off-White Style &#8220;SHOELACES&#8221; kommen mit gepr\u00e4gten goldenen Spitzen.<br \/>\nAlle unsere Luxus-Schn\u00fcrsenkel sind aus erstklassigen Materialien mit den hochwertigsten Metallspitzen hergestellt.<br \/>\nUnsere Off-White Style Schn\u00fcrsenkel werden aus 100% Baumwolle hergestellt. Sieh dir unten unsere vollst\u00e4ndigen Features an:<\/p>\n<ul>\n<li>6mm Breite<\/li>\n<li>Premium Baumwolle<\/li>\n<li>Off-White-Stil<\/li>\n<li>Loop King Golden Aglet<\/li>\n<li>Sch\u00f6ne Loop King Verpackung<\/li>\n<\/ul>\n<p><em>Bitte beachte, dass Loop King Laces nicht mit Off-White verbunden ist.<br \/>\nBei diesem Produkt handelt es sich lediglich um einen Schn\u00fcrsenkel von Off-White mit dem zus\u00e4tzlichen Extra unserer Loop King Golden Tips. <\/em><\/p>\n","protected":false},"featured_media":57933,"comment_status":"open","ping_status":"closed","template":"","meta":{"_acf_changed":false},"product_brand":[],"product_cat":[617,616,694,590,705,797,836,601,610,602,846,591,604,592,618,847,796],"product_tag":[851,635,638,848,738,636,782],"woo-feed-brand":[],"class_list":{"0":"post-67455","1":"product","2":"type-product","3":"status-publish","4":"has-post-thumbnail","6":"product_cat-36-inch-shoelaces-de","7":"product_cat-54-shoelaces-all-fancy-and-top-quality-laces","8":"product_cat-80-inch-shoelaces-the-secret-to-snazzy-steps","9":"product_cat-all-shoelaces","10":"product_cat-authentic-off-white-presto-laces-that-fit-look-stylish","11":"product_cat-lebron-11-schnursenkel","12":"product_cat-makellose-hellblaue-schnursenkel-fur-maximalen-style-bei-jedem-sneaker","13":"product_cat-modern-and-top-of-the-line-nike-sb-laces","14":"product_cat-navy-shoe-laces-de","15":"product_cat-nike-air-max-90-laces-trendy-shoestrings","16":"product_cat-off-white-laces-premium-qualitat-fur-deine-schuhe","17":"product_cat-premium-blue-shoe-laces-see-the-bestsellers","18":"product_cat-puma-fat-laces-top-of-the-line","19":"product_cat-schnursenkel-mit-goldspitze","20":"product_cat-stylish-collection-of-45-inch-shoelaces","21":"product_cat-unglaubliche-off-white-dunk-schnursenkel-fur-tadellosen-stil","22":"product_cat-wie-man-den-air-max-97-schnurt-grosentabelle-und-schnursenkeloptionen","23":"product_tag-hellblau","24":"product_tag-loop-king-de","25":"product_tag-metal-tip-de","26":"product_tag-off-white-de","27":"product_tag-schnursenkel-mit-goldspitze","28":"product_tag-shoelaces-de","29":"product_tag-wohnung","31":"first","32":"instock","33":"taxable","34":"shipping-taxable","35":"purchasable","36":"product-type-variable"},"acf":[],"yoast_head":"<!-- This site is optimized with the Yoast SEO plugin v27.3 - https:\/\/yoast.com\/product\/yoast-seo-wordpress\/ -->\n<title>Hellblaue Off-White Style &quot;Schn\u00fcrsenkel&quot; mit goldenen Spitzen<\/title>\n<meta name=\"description\" content=\"Unsere blauen Off-White Style &quot;SHOELACES&quot; kommen mit goldenen Spitzen und sind ein Luxusartikel. Jeder Schn\u00fcrsenkel wird mit einer gepr\u00e4gten Metallspitze geliefert. Schneller weltweiter Versand.\" \/>\n<meta name=\"robots\" content=\"index, follow, max-snippet:-1, max-image-preview:large, max-video-preview:-1\" \/>\n<link rel=\"canonical\" href=\"https:\/\/www.loopkinglaces.com\/de\/products\/hellblaue-off-white-style-shoelaces-mit-goldenen-spitzen\/\" \/>\n<meta property=\"og:locale\" content=\"de_DE\" \/>\n<meta property=\"og:type\" content=\"article\" \/>\n<meta property=\"og:title\" content=\"Hellblaue Off-White Style &quot;Schn\u00fcrsenkel&quot; mit goldenen Spitzen\" \/>\n<meta property=\"og:description\" content=\"Unsere blauen Off-White Style &quot;SHOELACES&quot; kommen mit goldenen Spitzen und sind ein Luxusartikel. Jeder Schn\u00fcrsenkel wird mit einer gepr\u00e4gten Metallspitze geliefert. Schneller weltweiter Versand.\" \/>\n<meta property=\"og:url\" content=\"https:\/\/www.loopkinglaces.com\/de\/products\/hellblaue-off-white-style-shoelaces-mit-goldenen-spitzen\/\" \/>\n<meta property=\"og:site_name\" content=\"Luxury Gold Tip Shoelaces by Loop King Laces\" \/>\n<meta property=\"article:publisher\" content=\"https:\/\/www.facebook.com\/LoopKingLaces\/\" \/>\n<meta property=\"article:modified_time\" content=\"2024-11-14T23:02:39+00:00\" \/>\n<meta property=\"og:image\" content=\"https:\/\/www.loopkinglaces.com\/wp-content\/uploads\/light-blue-off-white-shoelaces-gold-tips.jpg\" \/>\n\t<meta property=\"og:image:width\" content=\"1000\" \/>\n\t<meta property=\"og:image:height\" content=\"1000\" \/>\n\t<meta property=\"og:image:type\" content=\"image\/jpeg\" \/>\n<meta name=\"twitter:card\" content=\"summary_large_image\" \/>\n<meta name=\"twitter:site\" content=\"@loopkinglaces\" \/>\n<meta name=\"twitter:label1\" content=\"Gesch\u00e4tzte Lesezeit\" \/>\n\t<meta name=\"twitter:data1\" content=\"1\u00a0Minute\" \/>\n<script type=\"application\/ld+json\" class=\"yoast-schema-graph\">{\"@context\":\"https:\\\/\\\/schema.org\",\"@graph\":[{\"@type\":[\"WebPage\",\"ItemPage\"],\"@id\":\"https:\\\/\\\/www.loopkinglaces.com\\\/de\\\/products\\\/hellblaue-off-white-style-shoelaces-mit-goldenen-spitzen\\\/\",\"url\":\"https:\\\/\\\/www.loopkinglaces.com\\\/de\\\/products\\\/hellblaue-off-white-style-shoelaces-mit-goldenen-spitzen\\\/\",\"name\":\"Hellblaue Off-White Style \\\"Schn\u00fcrsenkel\\\" mit goldenen Spitzen\",\"isPartOf\":{\"@id\":\"https:\\\/\\\/www.loopkinglaces.com\\\/de\\\/#website\"},\"primaryImageOfPage\":{\"@id\":\"https:\\\/\\\/www.loopkinglaces.com\\\/de\\\/products\\\/hellblaue-off-white-style-shoelaces-mit-goldenen-spitzen\\\/#primaryimage\"},\"image\":{\"@id\":\"https:\\\/\\\/www.loopkinglaces.com\\\/de\\\/products\\\/hellblaue-off-white-style-shoelaces-mit-goldenen-spitzen\\\/#primaryimage\"},\"thumbnailUrl\":\"https:\\\/\\\/www.loopkinglaces.com\\\/wp-content\\\/uploads\\\/light-blue-off-white-shoelaces-gold-tips.jpg\",\"datePublished\":\"2018-12-13T19:27:07+00:00\",\"dateModified\":\"2024-11-14T23:02:39+00:00\",\"description\":\"Unsere blauen Off-White Style \\\"SHOELACES\\\" kommen mit goldenen Spitzen und sind ein Luxusartikel. Jeder Schn\u00fcrsenkel wird mit einer gepr\u00e4gten Metallspitze geliefert. Schneller weltweiter Versand.\",\"breadcrumb\":{\"@id\":\"https:\\\/\\\/www.loopkinglaces.com\\\/de\\\/products\\\/hellblaue-off-white-style-shoelaces-mit-goldenen-spitzen\\\/#breadcrumb\"},\"inLanguage\":\"de\",\"potentialAction\":[{\"@type\":\"ReadAction\",\"target\":[\"https:\\\/\\\/www.loopkinglaces.com\\\/de\\\/products\\\/hellblaue-off-white-style-shoelaces-mit-goldenen-spitzen\\\/\"]}]},{\"@type\":\"ImageObject\",\"inLanguage\":\"de\",\"@id\":\"https:\\\/\\\/www.loopkinglaces.com\\\/de\\\/products\\\/hellblaue-off-white-style-shoelaces-mit-goldenen-spitzen\\\/#primaryimage\",\"url\":\"https:\\\/\\\/www.loopkinglaces.com\\\/wp-content\\\/uploads\\\/light-blue-off-white-shoelaces-gold-tips.jpg\",\"contentUrl\":\"https:\\\/\\\/www.loopkinglaces.com\\\/wp-content\\\/uploads\\\/light-blue-off-white-shoelaces-gold-tips.jpg\",\"width\":1000,\"height\":1000},{\"@type\":\"BreadcrumbList\",\"@id\":\"https:\\\/\\\/www.loopkinglaces.com\\\/de\\\/products\\\/hellblaue-off-white-style-shoelaces-mit-goldenen-spitzen\\\/#breadcrumb\",\"itemListElement\":[{\"@type\":\"ListItem\",\"position\":1,\"name\":\"Home\",\"item\":\"https:\\\/\\\/www.loopkinglaces.com\\\/de\\\/\"},{\"@type\":\"ListItem\",\"position\":2,\"name\":\"Shop\",\"item\":\"https:\\\/\\\/www.loopkinglaces.com\\\/de\\\/shop\\\/\"},{\"@type\":\"ListItem\",\"position\":3,\"name\":\"Hellblaue Off-White Style &#8220;SHOELACES&#8221; mit goldenen Spitzen\"}]},{\"@type\":\"WebSite\",\"@id\":\"https:\\\/\\\/www.loopkinglaces.com\\\/de\\\/#website\",\"url\":\"https:\\\/\\\/www.loopkinglaces.com\\\/de\\\/\",\"name\":\"Luxury Gold Tip Shoelaces by Loop King Laces\",\"description\":\"Rope Laces, Flat Waxed Laces and Leather Laces. All With Gold Tips.\",\"publisher\":{\"@id\":\"https:\\\/\\\/www.loopkinglaces.com\\\/de\\\/#organization\"},\"potentialAction\":[{\"@type\":\"SearchAction\",\"target\":{\"@type\":\"EntryPoint\",\"urlTemplate\":\"https:\\\/\\\/www.loopkinglaces.com\\\/de\\\/?s={search_term_string}\"},\"query-input\":{\"@type\":\"PropertyValueSpecification\",\"valueRequired\":true,\"valueName\":\"search_term_string\"}}],\"inLanguage\":\"de\"},{\"@type\":\"Organization\",\"@id\":\"https:\\\/\\\/www.loopkinglaces.com\\\/de\\\/#organization\",\"name\":\"Loop King Laces\",\"url\":\"https:\\\/\\\/www.loopkinglaces.com\\\/de\\\/\",\"logo\":{\"@type\":\"ImageObject\",\"inLanguage\":\"de\",\"@id\":\"https:\\\/\\\/www.loopkinglaces.com\\\/de\\\/#\\\/schema\\\/logo\\\/image\\\/\",\"url\":\"https:\\\/\\\/www.loopkinglaces.com\\\/wp-content\\\/uploads\\\/LOOP-KING-LACES.1.1-01-LOGO-HI-RES-OFFICIAL-1.png\",\"contentUrl\":\"https:\\\/\\\/www.loopkinglaces.com\\\/wp-content\\\/uploads\\\/LOOP-KING-LACES.1.1-01-LOGO-HI-RES-OFFICIAL-1.png\",\"width\":128,\"height\":91,\"caption\":\"Loop King Laces\"},\"image\":{\"@id\":\"https:\\\/\\\/www.loopkinglaces.com\\\/de\\\/#\\\/schema\\\/logo\\\/image\\\/\"},\"sameAs\":[\"https:\\\/\\\/www.facebook.com\\\/LoopKingLaces\\\/\",\"https:\\\/\\\/x.com\\\/loopkinglaces\",\"https:\\\/\\\/www.instagram.com\\\/loopkinglaces\\\/\"]}]}<\/script>\n<!-- \/ Yoast SEO plugin. -->","yoast_head_json":{"title":"Hellblaue Off-White Style \"Schn\u00fcrsenkel\" mit goldenen Spitzen","description":"Unsere blauen Off-White Style \"SHOELACES\" kommen mit goldenen Spitzen und sind ein Luxusartikel. Jeder Schn\u00fcrsenkel wird mit einer gepr\u00e4gten Metallspitze geliefert. Schneller weltweiter Versand.","robots":{"index":"index","follow":"follow","max-snippet":"max-snippet:-1","max-image-preview":"max-image-preview:large","max-video-preview":"max-video-preview:-1"},"canonical":"https:\/\/www.loopkinglaces.com\/de\/products\/hellblaue-off-white-style-shoelaces-mit-goldenen-spitzen\/","og_locale":"de_DE","og_type":"article","og_title":"Hellblaue Off-White Style \"Schn\u00fcrsenkel\" mit goldenen Spitzen","og_description":"Unsere blauen Off-White Style \"SHOELACES\" kommen mit goldenen Spitzen und sind ein Luxusartikel. Jeder Schn\u00fcrsenkel wird mit einer gepr\u00e4gten Metallspitze geliefert. Schneller weltweiter Versand.","og_url":"https:\/\/www.loopkinglaces.com\/de\/products\/hellblaue-off-white-style-shoelaces-mit-goldenen-spitzen\/","og_site_name":"Luxury Gold Tip Shoelaces by Loop King Laces","article_publisher":"https:\/\/www.facebook.com\/LoopKingLaces\/","article_modified_time":"2024-11-14T23:02:39+00:00","og_image":[{"width":1000,"height":1000,"url":"https:\/\/www.loopkinglaces.com\/wp-content\/uploads\/light-blue-off-white-shoelaces-gold-tips.jpg","type":"image\/jpeg"}],"twitter_card":"summary_large_image","twitter_site":"@loopkinglaces","twitter_misc":{"Gesch\u00e4tzte Lesezeit":"1\u00a0Minute"},"schema":{"@context":"https:\/\/schema.org","@graph":[{"@type":["WebPage","ItemPage"],"@id":"https:\/\/www.loopkinglaces.com\/de\/products\/hellblaue-off-white-style-shoelaces-mit-goldenen-spitzen\/","url":"https:\/\/www.loopkinglaces.com\/de\/products\/hellblaue-off-white-style-shoelaces-mit-goldenen-spitzen\/","name":"Hellblaue Off-White Style \"Schn\u00fcrsenkel\" mit goldenen Spitzen","isPartOf":{"@id":"https:\/\/www.loopkinglaces.com\/de\/#website"},"primaryImageOfPage":{"@id":"https:\/\/www.loopkinglaces.com\/de\/products\/hellblaue-off-white-style-shoelaces-mit-goldenen-spitzen\/#primaryimage"},"image":{"@id":"https:\/\/www.loopkinglaces.com\/de\/products\/hellblaue-off-white-style-shoelaces-mit-goldenen-spitzen\/#primaryimage"},"thumbnailUrl":"https:\/\/www.loopkinglaces.com\/wp-content\/uploads\/light-blue-off-white-shoelaces-gold-tips.jpg","datePublished":"2018-12-13T19:27:07+00:00","dateModified":"2024-11-14T23:02:39+00:00","description":"Unsere blauen Off-White Style \"SHOELACES\" kommen mit goldenen Spitzen und sind ein Luxusartikel. Jeder Schn\u00fcrsenkel wird mit einer gepr\u00e4gten Metallspitze geliefert. Schneller weltweiter Versand.","breadcrumb":{"@id":"https:\/\/www.loopkinglaces.com\/de\/products\/hellblaue-off-white-style-shoelaces-mit-goldenen-spitzen\/#breadcrumb"},"inLanguage":"de","potentialAction":[{"@type":"ReadAction","target":["https:\/\/www.loopkinglaces.com\/de\/products\/hellblaue-off-white-style-shoelaces-mit-goldenen-spitzen\/"]}]},{"@type":"ImageObject","inLanguage":"de","@id":"https:\/\/www.loopkinglaces.com\/de\/products\/hellblaue-off-white-style-shoelaces-mit-goldenen-spitzen\/#primaryimage","url":"https:\/\/www.loopkinglaces.com\/wp-content\/uploads\/light-blue-off-white-shoelaces-gold-tips.jpg","contentUrl":"https:\/\/www.loopkinglaces.com\/wp-content\/uploads\/light-blue-off-white-shoelaces-gold-tips.jpg","width":1000,"height":1000},{"@type":"BreadcrumbList","@id":"https:\/\/www.loopkinglaces.com\/de\/products\/hellblaue-off-white-style-shoelaces-mit-goldenen-spitzen\/#breadcrumb","itemListElement":[{"@type":"ListItem","position":1,"name":"Home","item":"https:\/\/www.loopkinglaces.com\/de\/"},{"@type":"ListItem","position":2,"name":"Shop","item":"https:\/\/www.loopkinglaces.com\/de\/shop\/"},{"@type":"ListItem","position":3,"name":"Hellblaue Off-White Style &#8220;SHOELACES&#8221; mit goldenen Spitzen"}]},{"@type":"WebSite","@id":"https:\/\/www.loopkinglaces.com\/de\/#website","url":"https:\/\/www.loopkinglaces.com\/de\/","name":"Luxury Gold Tip Shoelaces by Loop King Laces","description":"Rope Laces, Flat Waxed Laces and Leather Laces. All With Gold Tips.","publisher":{"@id":"https:\/\/www.loopkinglaces.com\/de\/#organization"},"potentialAction":[{"@type":"SearchAction","target":{"@type":"EntryPoint","urlTemplate":"https:\/\/www.loopkinglaces.com\/de\/?s={search_term_string}"},"query-input":{"@type":"PropertyValueSpecification","valueRequired":true,"valueName":"search_term_string"}}],"inLanguage":"de"},{"@type":"Organization","@id":"https:\/\/www.loopkinglaces.com\/de\/#organization","name":"Loop King Laces","url":"https:\/\/www.loopkinglaces.com\/de\/","logo":{"@type":"ImageObject","inLanguage":"de","@id":"https:\/\/www.loopkinglaces.com\/de\/#\/schema\/logo\/image\/","url":"https:\/\/www.loopkinglaces.com\/wp-content\/uploads\/LOOP-KING-LACES.1.1-01-LOGO-HI-RES-OFFICIAL-1.png","contentUrl":"https:\/\/www.loopkinglaces.com\/wp-content\/uploads\/LOOP-KING-LACES.1.1-01-LOGO-HI-RES-OFFICIAL-1.png","width":128,"height":91,"caption":"Loop King Laces"},"image":{"@id":"https:\/\/www.loopkinglaces.com\/de\/#\/schema\/logo\/image\/"},"sameAs":["https:\/\/www.facebook.com\/LoopKingLaces\/","https:\/\/x.com\/loopkinglaces","https:\/\/www.instagram.com\/loopkinglaces\/"]}]}},"_links":{"self":[{"href":"https:\/\/www.loopkinglaces.com\/de\/wp-json\/wp\/v2\/product\/67455","targetHints":{"allow":["GET"]}}],"collection":[{"href":"https:\/\/www.loopkinglaces.com\/de\/wp-json\/wp\/v2\/product"}],"about":[{"href":"https:\/\/www.loopkinglaces.com\/de\/wp-json\/wp\/v2\/types\/product"}],"replies":[{"embeddable":true,"href":"https:\/\/www.loopkinglaces.com\/de\/wp-json\/wp\/v2\/comments?post=67455"}],"wp:featuredmedia":[{"embeddable":true,"href":"https:\/\/www.loopkinglaces.com\/de\/wp-json\/wp\/v2\/media\/57933"}],"wp:attachment":[{"href":"https:\/\/www.loopkinglaces.com\/de\/wp-json\/wp\/v2\/media?parent=67455"}],"wp:term":[{"taxonomy":"product_brand","embeddable":true,"href":"https:\/\/www.loopkinglaces.com\/de\/wp-json\/wp\/v2\/product_brand?post=67455"},{"taxonomy":"product_cat","embeddable":true,"href":"https:\/\/www.loopkinglaces.com\/de\/wp-json\/wp\/v2\/product_cat?post=67455"},{"taxonomy":"product_tag","embeddable":true,"href":"https:\/\/www.loopkinglaces.com\/de\/wp-json\/wp\/v2\/product_tag?post=67455"},{"taxonomy":"woo-feed-brand","embeddable":true,"href":"https:\/\/www.loopkinglaces.com\/de\/wp-json\/wp\/v2\/woo-feed-brand?post=67455"}],"curies":[{"name":"wp","href":"https:\/\/api.w.org\/{rel}","templated":true}]}}