{"id":67446,"date":"2020-04-19T14:40:18","date_gmt":"2020-04-19T14:40:18","guid":{"rendered":"https:\/\/www.loopkinglaces.com\/products\/schwarz-weiss-leder-flach-gewachstes-starterpaket-4-in-1\/"},"modified":"2025-05-26T14:27:50","modified_gmt":"2025-05-26T14:27:50","slug":"schwarz-weiss-leder-flach-gewachstes-starterpaket-4-in-1","status":"publish","type":"product","link":"https:\/\/www.loopkinglaces.com\/de\/products\/schwarz-weiss-leder-flach-gewachstes-starterpaket-4-in-1\/","title":{"rendered":"Schwarz &#038; Wei\u00df &#8211; Leder &#038; flach gewachstes Starterpaket (4-in-1)"},"content":{"rendered":"<h3>Schn\u00fcrsenkel Starter Pack (Beliebte Farben)<\/h3>\n<p>Loop King Laces liefert nur die hochwertigsten Gold Tip Laces. Alle unsere luxuri\u00f6sen Schn\u00fcrsenkel sind aus echtem Leder mit den hochwertigsten Materialien sowohl im Schn\u00fcrsenkel als auch in der Metallspitze hergestellt. Um die Schn\u00fcrsenkell\u00e4nge deines Sneakers herauszufinden, besuche unsere <a href=\"\/shoelace-size-chart\/\">Gr\u00f6\u00dfentabelle<\/a>, in der du die perfekte Schn\u00fcrsenkelgr\u00f6\u00dfe f\u00fcr deine Schuhe finden kannst.<\/p>\n","protected":false},"excerpt":{"rendered":"<p><strong>Black &amp; White &#8211; Leather &amp; Flat Waxed Starter Pack<\/strong> Spare <strong>$15.00<\/strong> und erhalte <strong>GRATIS VERSAND <\/strong>mit diesem Starter Pack.<br \/>\nEnth\u00e4lt 4 Luxus-Lederschn\u00fcrsenkel (Das Black &amp; White &#8211; Leather &amp; Flat Waxed Starter Pack).<br \/>\nVollst\u00e4ndige Liste der Farben unten. Alle unsere Luxus-Schn\u00fcrsenkel sind aus echtem Leder mit den hochwertigsten Materialien, sowohl f\u00fcr den Schn\u00fcrsenkel als auch f\u00fcr die Metallspitze.<\/p>\n<ul>\n<li>1x <strong>Schwarzer<\/strong> Luxus Leder Schn\u00fcrsenkel<\/li>\n<li>1x <b>Wei\u00dfer <\/b>Luxus Leder Schn\u00fcrsenkel<\/li>\n<li>1x <b>Schwarzer <\/b>Luxus Schn\u00fcrsenkel aus Wachs<\/li>\n<li>1x <b>Wei\u00dfer <\/b>Luxus Schn\u00fcrsenkel aus Wachs<\/li>\n<li>Sch\u00f6ne Loop King Verpackung<\/li>\n<\/ul>\n","protected":false},"featured_media":57923,"comment_status":"open","ping_status":"closed","template":"","meta":{"_acf_changed":false},"product_brand":[],"product_cat":[590,794,815,589,592,823],"product_tag":[634,637,635,638,636],"woo-feed-brand":[],"class_list":{"0":"post-67446","1":"product","2":"type-product","3":"status-publish","4":"has-post-thumbnail","6":"product_cat-all-shoelaces","7":"product_cat-hochwertige-schwarze-und-weise-schnursenkel-fur-einen-eleganten-look","8":"product_cat-luxuriose-gewachste-schnursenkel-kollektion","9":"product_cat-luxus-leder-schnursenkel","10":"product_cat-schnursenkel-mit-goldspitze","11":"product_cat-schnursenkel-starter-packs","12":"product_tag-footwear-de","13":"product_tag-leather-laces-de","14":"product_tag-loop-king-de","15":"product_tag-metal-tip-de","16":"product_tag-shoelaces-de","18":"first","19":"instock","20":"taxable","21":"shipping-taxable","22":"purchasable","23":"product-type-variable"},"acf":[],"yoast_head":"<!-- This site is optimized with the Yoast SEO plugin v27.4 - https:\/\/yoast.com\/product\/yoast-seo-wordpress\/ -->\n<title>Schn\u00fcrsenkel Bundle Starter Pack | Monochrome Leder - Loop King<\/title>\n<meta name=\"description\" content=\"Loop King Laces Monochrome Starter Pack, mit luxuri\u00f6sen schwarzen, wei\u00dfen, dunkelgrauen und goldenen Lederschn\u00fcrsenkeln. Ein 4er-Pack zum Preis von 3! Weltweiter Versand!\" \/>\n<meta name=\"robots\" content=\"index, follow, max-snippet:-1, max-image-preview:large, max-video-preview:-1\" \/>\n<link rel=\"canonical\" href=\"https:\/\/www.loopkinglaces.com\/de\/products\/schwarz-weiss-leder-flach-gewachstes-starterpaket-4-in-1\/\" \/>\n<meta property=\"og:locale\" content=\"de_DE\" \/>\n<meta property=\"og:type\" content=\"article\" \/>\n<meta property=\"og:title\" content=\"Schn\u00fcrsenkel Bundle Starter Pack | Monochrome Leder - Loop King\" \/>\n<meta property=\"og:description\" content=\"Loop King Laces Monochrome Starter Pack, mit luxuri\u00f6sen schwarzen, wei\u00dfen, dunkelgrauen und goldenen Lederschn\u00fcrsenkeln. Ein 4er-Pack zum Preis von 3! Weltweiter Versand!\" \/>\n<meta property=\"og:url\" content=\"https:\/\/www.loopkinglaces.com\/de\/products\/schwarz-weiss-leder-flach-gewachstes-starterpaket-4-in-1\/\" \/>\n<meta property=\"og:site_name\" content=\"Luxury Gold Tip Shoelaces by Loop King Laces\" \/>\n<meta property=\"article:publisher\" content=\"https:\/\/www.facebook.com\/LoopKingLaces\/\" \/>\n<meta property=\"article:modified_time\" content=\"2025-05-26T14:27:50+00:00\" \/>\n<meta property=\"og:image\" content=\"https:\/\/www.loopkinglaces.com\/wp-content\/uploads\/Black-and-White-Leather-and-Flat-Waxed-Starter-Pack.jpg\" \/>\n\t<meta property=\"og:image:width\" content=\"1000\" \/>\n\t<meta property=\"og:image:height\" content=\"1000\" \/>\n\t<meta property=\"og:image:type\" content=\"image\/jpeg\" \/>\n<meta name=\"twitter:card\" content=\"summary_large_image\" \/>\n<meta name=\"twitter:site\" content=\"@loopkinglaces\" \/>\n<meta name=\"twitter:label1\" content=\"Gesch\u00e4tzte Lesezeit\" \/>\n\t<meta name=\"twitter:data1\" content=\"1\u00a0Minute\" \/>\n<script type=\"application\/ld+json\" class=\"yoast-schema-graph\">{\"@context\":\"https:\\\/\\\/schema.org\",\"@graph\":[{\"@type\":[\"WebPage\",\"ItemPage\"],\"@id\":\"https:\\\/\\\/www.loopkinglaces.com\\\/de\\\/products\\\/schwarz-weiss-leder-flach-gewachstes-starterpaket-4-in-1\\\/\",\"url\":\"https:\\\/\\\/www.loopkinglaces.com\\\/de\\\/products\\\/schwarz-weiss-leder-flach-gewachstes-starterpaket-4-in-1\\\/\",\"name\":\"Schn\u00fcrsenkel Bundle Starter Pack | Monochrome Leder - Loop King\",\"isPartOf\":{\"@id\":\"https:\\\/\\\/www.loopkinglaces.com\\\/de\\\/#website\"},\"primaryImageOfPage\":{\"@id\":\"https:\\\/\\\/www.loopkinglaces.com\\\/de\\\/products\\\/schwarz-weiss-leder-flach-gewachstes-starterpaket-4-in-1\\\/#primaryimage\"},\"image\":{\"@id\":\"https:\\\/\\\/www.loopkinglaces.com\\\/de\\\/products\\\/schwarz-weiss-leder-flach-gewachstes-starterpaket-4-in-1\\\/#primaryimage\"},\"thumbnailUrl\":\"https:\\\/\\\/www.loopkinglaces.com\\\/wp-content\\\/uploads\\\/Black-and-White-Leather-and-Flat-Waxed-Starter-Pack.jpg\",\"datePublished\":\"2020-04-19T14:40:18+00:00\",\"dateModified\":\"2025-05-26T14:27:50+00:00\",\"description\":\"Loop King Laces Monochrome Starter Pack, mit luxuri\u00f6sen schwarzen, wei\u00dfen, dunkelgrauen und goldenen Lederschn\u00fcrsenkeln. Ein 4er-Pack zum Preis von 3! Weltweiter Versand!\",\"breadcrumb\":{\"@id\":\"https:\\\/\\\/www.loopkinglaces.com\\\/de\\\/products\\\/schwarz-weiss-leder-flach-gewachstes-starterpaket-4-in-1\\\/#breadcrumb\"},\"inLanguage\":\"de\",\"potentialAction\":[{\"@type\":\"ReadAction\",\"target\":[\"https:\\\/\\\/www.loopkinglaces.com\\\/de\\\/products\\\/schwarz-weiss-leder-flach-gewachstes-starterpaket-4-in-1\\\/\"]}]},{\"@type\":\"ImageObject\",\"inLanguage\":\"de\",\"@id\":\"https:\\\/\\\/www.loopkinglaces.com\\\/de\\\/products\\\/schwarz-weiss-leder-flach-gewachstes-starterpaket-4-in-1\\\/#primaryimage\",\"url\":\"https:\\\/\\\/www.loopkinglaces.com\\\/wp-content\\\/uploads\\\/Black-and-White-Leather-and-Flat-Waxed-Starter-Pack.jpg\",\"contentUrl\":\"https:\\\/\\\/www.loopkinglaces.com\\\/wp-content\\\/uploads\\\/Black-and-White-Leather-and-Flat-Waxed-Starter-Pack.jpg\",\"width\":1000,\"height\":1000},{\"@type\":\"BreadcrumbList\",\"@id\":\"https:\\\/\\\/www.loopkinglaces.com\\\/de\\\/products\\\/schwarz-weiss-leder-flach-gewachstes-starterpaket-4-in-1\\\/#breadcrumb\",\"itemListElement\":[{\"@type\":\"ListItem\",\"position\":1,\"name\":\"Home\",\"item\":\"https:\\\/\\\/www.loopkinglaces.com\\\/de\\\/\"},{\"@type\":\"ListItem\",\"position\":2,\"name\":\"Shop\",\"item\":\"https:\\\/\\\/www.loopkinglaces.com\\\/de\\\/shop\\\/\"},{\"@type\":\"ListItem\",\"position\":3,\"name\":\"Schwarz &#038; Wei\u00df &#8211; Leder &#038; flach gewachstes Starterpaket (4-in-1)\"}]},{\"@type\":\"WebSite\",\"@id\":\"https:\\\/\\\/www.loopkinglaces.com\\\/de\\\/#website\",\"url\":\"https:\\\/\\\/www.loopkinglaces.com\\\/de\\\/\",\"name\":\"Luxury Gold Tip Shoelaces by Loop King Laces\",\"description\":\"Rope Laces, Flat Waxed Laces and Leather Laces. All With Gold Tips.\",\"publisher\":{\"@id\":\"https:\\\/\\\/www.loopkinglaces.com\\\/de\\\/#organization\"},\"potentialAction\":[{\"@type\":\"SearchAction\",\"target\":{\"@type\":\"EntryPoint\",\"urlTemplate\":\"https:\\\/\\\/www.loopkinglaces.com\\\/de\\\/?s={search_term_string}\"},\"query-input\":{\"@type\":\"PropertyValueSpecification\",\"valueRequired\":true,\"valueName\":\"search_term_string\"}}],\"inLanguage\":\"de\"},{\"@type\":\"Organization\",\"@id\":\"https:\\\/\\\/www.loopkinglaces.com\\\/de\\\/#organization\",\"name\":\"Loop King Laces\",\"url\":\"https:\\\/\\\/www.loopkinglaces.com\\\/de\\\/\",\"logo\":{\"@type\":\"ImageObject\",\"inLanguage\":\"de\",\"@id\":\"https:\\\/\\\/www.loopkinglaces.com\\\/de\\\/#\\\/schema\\\/logo\\\/image\\\/\",\"url\":\"https:\\\/\\\/www.loopkinglaces.com\\\/wp-content\\\/uploads\\\/LOOP-KING-LACES.1.1-01-LOGO-HI-RES-OFFICIAL-1.png\",\"contentUrl\":\"https:\\\/\\\/www.loopkinglaces.com\\\/wp-content\\\/uploads\\\/LOOP-KING-LACES.1.1-01-LOGO-HI-RES-OFFICIAL-1.png\",\"width\":128,\"height\":91,\"caption\":\"Loop King Laces\"},\"image\":{\"@id\":\"https:\\\/\\\/www.loopkinglaces.com\\\/de\\\/#\\\/schema\\\/logo\\\/image\\\/\"},\"sameAs\":[\"https:\\\/\\\/www.facebook.com\\\/LoopKingLaces\\\/\",\"https:\\\/\\\/x.com\\\/loopkinglaces\",\"https:\\\/\\\/www.instagram.com\\\/loopkinglaces\\\/\"]}]}<\/script>\n<!-- \/ Yoast SEO plugin. -->","yoast_head_json":{"title":"Schn\u00fcrsenkel Bundle Starter Pack | Monochrome Leder - Loop King","description":"Loop King Laces Monochrome Starter Pack, mit luxuri\u00f6sen schwarzen, wei\u00dfen, dunkelgrauen und goldenen Lederschn\u00fcrsenkeln. Ein 4er-Pack zum Preis von 3! Weltweiter Versand!","robots":{"index":"index","follow":"follow","max-snippet":"max-snippet:-1","max-image-preview":"max-image-preview:large","max-video-preview":"max-video-preview:-1"},"canonical":"https:\/\/www.loopkinglaces.com\/de\/products\/schwarz-weiss-leder-flach-gewachstes-starterpaket-4-in-1\/","og_locale":"de_DE","og_type":"article","og_title":"Schn\u00fcrsenkel Bundle Starter Pack | Monochrome Leder - Loop King","og_description":"Loop King Laces Monochrome Starter Pack, mit luxuri\u00f6sen schwarzen, wei\u00dfen, dunkelgrauen und goldenen Lederschn\u00fcrsenkeln. Ein 4er-Pack zum Preis von 3! Weltweiter Versand!","og_url":"https:\/\/www.loopkinglaces.com\/de\/products\/schwarz-weiss-leder-flach-gewachstes-starterpaket-4-in-1\/","og_site_name":"Luxury Gold Tip Shoelaces by Loop King Laces","article_publisher":"https:\/\/www.facebook.com\/LoopKingLaces\/","article_modified_time":"2025-05-26T14:27:50+00:00","og_image":[{"width":1000,"height":1000,"url":"https:\/\/www.loopkinglaces.com\/wp-content\/uploads\/Black-and-White-Leather-and-Flat-Waxed-Starter-Pack.jpg","type":"image\/jpeg"}],"twitter_card":"summary_large_image","twitter_site":"@loopkinglaces","twitter_misc":{"Gesch\u00e4tzte Lesezeit":"1\u00a0Minute"},"schema":{"@context":"https:\/\/schema.org","@graph":[{"@type":["WebPage","ItemPage"],"@id":"https:\/\/www.loopkinglaces.com\/de\/products\/schwarz-weiss-leder-flach-gewachstes-starterpaket-4-in-1\/","url":"https:\/\/www.loopkinglaces.com\/de\/products\/schwarz-weiss-leder-flach-gewachstes-starterpaket-4-in-1\/","name":"Schn\u00fcrsenkel Bundle Starter Pack | Monochrome Leder - Loop King","isPartOf":{"@id":"https:\/\/www.loopkinglaces.com\/de\/#website"},"primaryImageOfPage":{"@id":"https:\/\/www.loopkinglaces.com\/de\/products\/schwarz-weiss-leder-flach-gewachstes-starterpaket-4-in-1\/#primaryimage"},"image":{"@id":"https:\/\/www.loopkinglaces.com\/de\/products\/schwarz-weiss-leder-flach-gewachstes-starterpaket-4-in-1\/#primaryimage"},"thumbnailUrl":"https:\/\/www.loopkinglaces.com\/wp-content\/uploads\/Black-and-White-Leather-and-Flat-Waxed-Starter-Pack.jpg","datePublished":"2020-04-19T14:40:18+00:00","dateModified":"2025-05-26T14:27:50+00:00","description":"Loop King Laces Monochrome Starter Pack, mit luxuri\u00f6sen schwarzen, wei\u00dfen, dunkelgrauen und goldenen Lederschn\u00fcrsenkeln. Ein 4er-Pack zum Preis von 3! Weltweiter Versand!","breadcrumb":{"@id":"https:\/\/www.loopkinglaces.com\/de\/products\/schwarz-weiss-leder-flach-gewachstes-starterpaket-4-in-1\/#breadcrumb"},"inLanguage":"de","potentialAction":[{"@type":"ReadAction","target":["https:\/\/www.loopkinglaces.com\/de\/products\/schwarz-weiss-leder-flach-gewachstes-starterpaket-4-in-1\/"]}]},{"@type":"ImageObject","inLanguage":"de","@id":"https:\/\/www.loopkinglaces.com\/de\/products\/schwarz-weiss-leder-flach-gewachstes-starterpaket-4-in-1\/#primaryimage","url":"https:\/\/www.loopkinglaces.com\/wp-content\/uploads\/Black-and-White-Leather-and-Flat-Waxed-Starter-Pack.jpg","contentUrl":"https:\/\/www.loopkinglaces.com\/wp-content\/uploads\/Black-and-White-Leather-and-Flat-Waxed-Starter-Pack.jpg","width":1000,"height":1000},{"@type":"BreadcrumbList","@id":"https:\/\/www.loopkinglaces.com\/de\/products\/schwarz-weiss-leder-flach-gewachstes-starterpaket-4-in-1\/#breadcrumb","itemListElement":[{"@type":"ListItem","position":1,"name":"Home","item":"https:\/\/www.loopkinglaces.com\/de\/"},{"@type":"ListItem","position":2,"name":"Shop","item":"https:\/\/www.loopkinglaces.com\/de\/shop\/"},{"@type":"ListItem","position":3,"name":"Schwarz &#038; Wei\u00df &#8211; Leder &#038; flach gewachstes Starterpaket (4-in-1)"}]},{"@type":"WebSite","@id":"https:\/\/www.loopkinglaces.com\/de\/#website","url":"https:\/\/www.loopkinglaces.com\/de\/","name":"Luxury Gold Tip Shoelaces by Loop King Laces","description":"Rope Laces, Flat Waxed Laces and Leather Laces. All With Gold Tips.","publisher":{"@id":"https:\/\/www.loopkinglaces.com\/de\/#organization"},"potentialAction":[{"@type":"SearchAction","target":{"@type":"EntryPoint","urlTemplate":"https:\/\/www.loopkinglaces.com\/de\/?s={search_term_string}"},"query-input":{"@type":"PropertyValueSpecification","valueRequired":true,"valueName":"search_term_string"}}],"inLanguage":"de"},{"@type":"Organization","@id":"https:\/\/www.loopkinglaces.com\/de\/#organization","name":"Loop King Laces","url":"https:\/\/www.loopkinglaces.com\/de\/","logo":{"@type":"ImageObject","inLanguage":"de","@id":"https:\/\/www.loopkinglaces.com\/de\/#\/schema\/logo\/image\/","url":"https:\/\/www.loopkinglaces.com\/wp-content\/uploads\/LOOP-KING-LACES.1.1-01-LOGO-HI-RES-OFFICIAL-1.png","contentUrl":"https:\/\/www.loopkinglaces.com\/wp-content\/uploads\/LOOP-KING-LACES.1.1-01-LOGO-HI-RES-OFFICIAL-1.png","width":128,"height":91,"caption":"Loop King Laces"},"image":{"@id":"https:\/\/www.loopkinglaces.com\/de\/#\/schema\/logo\/image\/"},"sameAs":["https:\/\/www.facebook.com\/LoopKingLaces\/","https:\/\/x.com\/loopkinglaces","https:\/\/www.instagram.com\/loopkinglaces\/"]}]}},"_links":{"self":[{"href":"https:\/\/www.loopkinglaces.com\/de\/wp-json\/wp\/v2\/product\/67446","targetHints":{"allow":["GET"]}}],"collection":[{"href":"https:\/\/www.loopkinglaces.com\/de\/wp-json\/wp\/v2\/product"}],"about":[{"href":"https:\/\/www.loopkinglaces.com\/de\/wp-json\/wp\/v2\/types\/product"}],"replies":[{"embeddable":true,"href":"https:\/\/www.loopkinglaces.com\/de\/wp-json\/wp\/v2\/comments?post=67446"}],"wp:featuredmedia":[{"embeddable":true,"href":"https:\/\/www.loopkinglaces.com\/de\/wp-json\/wp\/v2\/media\/57923"}],"wp:attachment":[{"href":"https:\/\/www.loopkinglaces.com\/de\/wp-json\/wp\/v2\/media?parent=67446"}],"wp:term":[{"taxonomy":"product_brand","embeddable":true,"href":"https:\/\/www.loopkinglaces.com\/de\/wp-json\/wp\/v2\/product_brand?post=67446"},{"taxonomy":"product_cat","embeddable":true,"href":"https:\/\/www.loopkinglaces.com\/de\/wp-json\/wp\/v2\/product_cat?post=67446"},{"taxonomy":"product_tag","embeddable":true,"href":"https:\/\/www.loopkinglaces.com\/de\/wp-json\/wp\/v2\/product_tag?post=67446"},{"taxonomy":"woo-feed-brand","embeddable":true,"href":"https:\/\/www.loopkinglaces.com\/de\/wp-json\/wp\/v2\/woo-feed-brand?post=67446"}],"curies":[{"name":"wp","href":"https:\/\/api.w.org\/{rel}","templated":true}]}}