{"id":67396,"date":"2018-11-29T19:27:32","date_gmt":"2018-11-29T19:27:32","guid":{"rendered":"https:\/\/www.loopkinglaces.com\/products\/rosa-schnuersenkel-mit-goldenen-spitzen\/"},"modified":"2024-11-14T23:14:18","modified_gmt":"2024-11-14T23:14:18","slug":"rosa-schnuersenkel-mit-goldenen-spitzen","status":"publish","type":"product","link":"https:\/\/www.loopkinglaces.com\/de\/products\/rosa-schnuersenkel-mit-goldenen-spitzen\/","title":{"rendered":"Rosa Schn\u00fcrsenkel mit goldenen Spitzen"},"content":{"rendered":"<h3><a href=\"https:\/\/www.loopkinglaces.com\/\">Luxus Sneaker Schn\u00fcrsenkel<\/a><\/h3>\n<p>Loop King Laces bietet nur die hochwertigsten Luxus-Schn\u00fcrsenkel an.<br \/>\nUnsere Seilschn\u00fcrsenkel werden mit gepr\u00e4gten Metallspitzen mit dem LOOP KING Logo und unserer symbolischen Krone hergestellt.<br \/>\nJeder Schn\u00fcrsenkel wird aus hochwertiger Baumwolle hergestellt, um ein unerwartetes Ausfransen des Schn\u00fcrsenkels zu verhindern und die Lebensdauer des Schn\u00fcrsenkels auf mehr als das Dreifache eines normalen Qualit\u00e4tsschn\u00fcrsenkels zu erh\u00f6hen.<br \/>\nUnsere Schn\u00fcrsenkel passen f\u00fcr alle Arten von Turnschuhen und Marken wie Adidas, Nike, VANS und so weiter. In unserer <a href=\"\/shoelace-size-chart\/\">Gr\u00f6\u00dfentabelle<\/a> findest du die perfekte Gr\u00f6\u00dfe f\u00fcr deine Schuhe.<\/p>\n","protected":false},"excerpt":{"rendered":"<p><strong>Pinke Schn\u00fcrsenkel mit goldenen Spitzen<\/strong> Loop King Laces &#8211; Unsere luxuri\u00f6sen pinkfarbenen Schn\u00fcrsenkel werden mit gepr\u00e4gten goldenen Spitzen geliefert.<br \/>\nAlle unsere Luxus-Schn\u00fcrsenkel sind aus hochwertigen Materialien mit Metallspitzen von h\u00f6chster Qualit\u00e4t hergestellt.<br \/>\nUnsere Rope Laces halten 3 Mal l\u00e4nger als normale Qualit\u00e4tsschn\u00fcrsenkel. Sieh dir unten unsere vollst\u00e4ndigen Features an:<\/p>\n<ul>\n<li>4 mm Breite (rund)<\/li>\n<li>Hochwertige Materialien<\/li>\n<li>Halten <strong>3 Mal l\u00e4nger<\/strong> als normale Schn\u00fcrsenkel<\/li>\n<li>Loop King Golden Aglet<\/li>\n<li>Sch\u00f6ne Loop King Verpackung<\/li>\n<\/ul>\n","protected":false},"featured_media":57977,"comment_status":"open","ping_status":"closed","template":"","meta":{"_acf_changed":false},"product_brand":[],"product_cat":[695,590,703,812,603,713,721,608,801,774,784,758,813,843,604,592,773,844],"product_tag":[635,638,845,736,738,636],"woo-feed-brand":[],"class_list":{"0":"post-67396","1":"product","2":"type-product","3":"status-publish","4":"has-post-thumbnail","6":"product_cat-jordan-1-biohack-pink-laces-de","7":"product_cat-all-shoelaces","8":"product_cat-asics-shoe-laces-customize-your-footwear","9":"product_cat-atemberaubende-timberland-boots-schnursenkel-die-dich-nicht-im-stich-lassen-werden","10":"product_cat-balenciaga-laces-high-class-trendy-laces","11":"product_cat-chunky-laces-the-unsung-heroes-of-shoe-fashion","12":"product_cat-curly-shoe-laces-de","13":"product_cat-dsw-designer-shoelaces-luxurious-and-high-quality","14":"product_cat-footjoy-schnursenkel-auf-elite-niveau-die-dein-spiel-aufpeppen","15":"product_cat-gavi-shoelaces-die-schnursenkel-ungebundene-geschichte-des-fc-barcelona-fusballstars","16":"product_cat-jordan-1-mocha-pinke-schnursenkel-fur-einen-neuen-aufregenden-look","17":"product_cat-modische-farbige-schnursenkel-fur-turnschuhe","18":"product_cat-neon-schnursenkel-wenn-die-fuse-sprechen-lass-sie-schreien","19":"product_cat-pinke-nike-schnursenkel-geben-deinen-schuhen-einen-farbklecks","20":"product_cat-puma-fat-laces-top-of-the-line","21":"product_cat-schnursenkel-mit-goldspitze","22":"product_cat-sorel-schnursenkel-mehr-als-nur-eine-schnur-an-deiner-sohle","23":"product_cat-travis-scott-pinke-schnursenkel-fur-ein-lebendiges-schuhwerk-upgrade","24":"product_tag-loop-king-de","25":"product_tag-metal-tip-de","26":"product_tag-rosa","27":"product_tag-schnursenkel-aus-seil","28":"product_tag-schnursenkel-mit-goldspitze","29":"product_tag-shoelaces-de","31":"first","32":"instock","33":"taxable","34":"shipping-taxable","35":"purchasable","36":"product-type-variable"},"acf":[],"yoast_head":"<!-- This site is optimized with the Yoast SEO plugin v27.4 - https:\/\/yoast.com\/product\/yoast-seo-wordpress\/ -->\n<title>Rosa Schn\u00fcrsenkel mit goldenen Spitzen - von Loop King<\/title>\n<meta name=\"description\" content=\"Unsere rosa Schn\u00fcrsenkel mit Goldspitze sind die hochwertigsten Luxus-Schn\u00fcrsenkel auf dem Markt. Jeder Schn\u00fcrsenkel wird mit einer gepr\u00e4gten Goldspitze geliefert.\" \/>\n<meta name=\"robots\" content=\"index, follow, max-snippet:-1, max-image-preview:large, max-video-preview:-1\" \/>\n<link rel=\"canonical\" href=\"https:\/\/www.loopkinglaces.com\/de\/products\/rosa-schnuersenkel-mit-goldenen-spitzen\/\" \/>\n<meta property=\"og:locale\" content=\"de_DE\" \/>\n<meta property=\"og:type\" content=\"article\" \/>\n<meta property=\"og:title\" content=\"Rosa Schn\u00fcrsenkel mit goldenen Spitzen - von Loop King\" \/>\n<meta property=\"og:description\" content=\"Unsere rosa Schn\u00fcrsenkel mit Goldspitze sind die hochwertigsten Luxus-Schn\u00fcrsenkel auf dem Markt. Jeder Schn\u00fcrsenkel wird mit einer gepr\u00e4gten Goldspitze geliefert.\" \/>\n<meta property=\"og:url\" content=\"https:\/\/www.loopkinglaces.com\/de\/products\/rosa-schnuersenkel-mit-goldenen-spitzen\/\" \/>\n<meta property=\"og:site_name\" content=\"Luxury Gold Tip Shoelaces by Loop King Laces\" \/>\n<meta property=\"article:publisher\" content=\"https:\/\/www.facebook.com\/LoopKingLaces\/\" \/>\n<meta property=\"article:modified_time\" content=\"2024-11-14T23:14:18+00:00\" \/>\n<meta property=\"og:image\" content=\"https:\/\/www.loopkinglaces.com\/wp-content\/uploads\/pink-rope-shoelaces-round.jpg\" \/>\n\t<meta property=\"og:image:width\" content=\"1000\" \/>\n\t<meta property=\"og:image:height\" content=\"1000\" \/>\n\t<meta property=\"og:image:type\" content=\"image\/jpeg\" \/>\n<meta name=\"twitter:card\" content=\"summary_large_image\" \/>\n<meta name=\"twitter:site\" content=\"@loopkinglaces\" \/>\n<meta name=\"twitter:label1\" content=\"Gesch\u00e4tzte Lesezeit\" \/>\n\t<meta name=\"twitter:data1\" content=\"1\u00a0Minute\" \/>\n<script type=\"application\/ld+json\" class=\"yoast-schema-graph\">{\"@context\":\"https:\\\/\\\/schema.org\",\"@graph\":[{\"@type\":[\"WebPage\",\"ItemPage\"],\"@id\":\"https:\\\/\\\/www.loopkinglaces.com\\\/de\\\/products\\\/rosa-schnuersenkel-mit-goldenen-spitzen\\\/\",\"url\":\"https:\\\/\\\/www.loopkinglaces.com\\\/de\\\/products\\\/rosa-schnuersenkel-mit-goldenen-spitzen\\\/\",\"name\":\"Rosa Schn\u00fcrsenkel mit goldenen Spitzen - von Loop King\",\"isPartOf\":{\"@id\":\"https:\\\/\\\/www.loopkinglaces.com\\\/de\\\/#website\"},\"primaryImageOfPage\":{\"@id\":\"https:\\\/\\\/www.loopkinglaces.com\\\/de\\\/products\\\/rosa-schnuersenkel-mit-goldenen-spitzen\\\/#primaryimage\"},\"image\":{\"@id\":\"https:\\\/\\\/www.loopkinglaces.com\\\/de\\\/products\\\/rosa-schnuersenkel-mit-goldenen-spitzen\\\/#primaryimage\"},\"thumbnailUrl\":\"https:\\\/\\\/www.loopkinglaces.com\\\/wp-content\\\/uploads\\\/pink-rope-shoelaces-round.jpg\",\"datePublished\":\"2018-11-29T19:27:32+00:00\",\"dateModified\":\"2024-11-14T23:14:18+00:00\",\"description\":\"Unsere rosa Schn\u00fcrsenkel mit Goldspitze sind die hochwertigsten Luxus-Schn\u00fcrsenkel auf dem Markt. Jeder Schn\u00fcrsenkel wird mit einer gepr\u00e4gten Goldspitze geliefert.\",\"breadcrumb\":{\"@id\":\"https:\\\/\\\/www.loopkinglaces.com\\\/de\\\/products\\\/rosa-schnuersenkel-mit-goldenen-spitzen\\\/#breadcrumb\"},\"inLanguage\":\"de\",\"potentialAction\":[{\"@type\":\"ReadAction\",\"target\":[\"https:\\\/\\\/www.loopkinglaces.com\\\/de\\\/products\\\/rosa-schnuersenkel-mit-goldenen-spitzen\\\/\"]}]},{\"@type\":\"ImageObject\",\"inLanguage\":\"de\",\"@id\":\"https:\\\/\\\/www.loopkinglaces.com\\\/de\\\/products\\\/rosa-schnuersenkel-mit-goldenen-spitzen\\\/#primaryimage\",\"url\":\"https:\\\/\\\/www.loopkinglaces.com\\\/wp-content\\\/uploads\\\/pink-rope-shoelaces-round.jpg\",\"contentUrl\":\"https:\\\/\\\/www.loopkinglaces.com\\\/wp-content\\\/uploads\\\/pink-rope-shoelaces-round.jpg\",\"width\":1000,\"height\":1000},{\"@type\":\"BreadcrumbList\",\"@id\":\"https:\\\/\\\/www.loopkinglaces.com\\\/de\\\/products\\\/rosa-schnuersenkel-mit-goldenen-spitzen\\\/#breadcrumb\",\"itemListElement\":[{\"@type\":\"ListItem\",\"position\":1,\"name\":\"Home\",\"item\":\"https:\\\/\\\/www.loopkinglaces.com\\\/de\\\/\"},{\"@type\":\"ListItem\",\"position\":2,\"name\":\"Shop\",\"item\":\"https:\\\/\\\/www.loopkinglaces.com\\\/de\\\/shop\\\/\"},{\"@type\":\"ListItem\",\"position\":3,\"name\":\"Rosa Schn\u00fcrsenkel mit goldenen Spitzen\"}]},{\"@type\":\"WebSite\",\"@id\":\"https:\\\/\\\/www.loopkinglaces.com\\\/de\\\/#website\",\"url\":\"https:\\\/\\\/www.loopkinglaces.com\\\/de\\\/\",\"name\":\"Luxury Gold Tip Shoelaces by Loop King Laces\",\"description\":\"Rope Laces, Flat Waxed Laces and Leather Laces. All With Gold Tips.\",\"publisher\":{\"@id\":\"https:\\\/\\\/www.loopkinglaces.com\\\/de\\\/#organization\"},\"potentialAction\":[{\"@type\":\"SearchAction\",\"target\":{\"@type\":\"EntryPoint\",\"urlTemplate\":\"https:\\\/\\\/www.loopkinglaces.com\\\/de\\\/?s={search_term_string}\"},\"query-input\":{\"@type\":\"PropertyValueSpecification\",\"valueRequired\":true,\"valueName\":\"search_term_string\"}}],\"inLanguage\":\"de\"},{\"@type\":\"Organization\",\"@id\":\"https:\\\/\\\/www.loopkinglaces.com\\\/de\\\/#organization\",\"name\":\"Loop King Laces\",\"url\":\"https:\\\/\\\/www.loopkinglaces.com\\\/de\\\/\",\"logo\":{\"@type\":\"ImageObject\",\"inLanguage\":\"de\",\"@id\":\"https:\\\/\\\/www.loopkinglaces.com\\\/de\\\/#\\\/schema\\\/logo\\\/image\\\/\",\"url\":\"https:\\\/\\\/www.loopkinglaces.com\\\/wp-content\\\/uploads\\\/LOOP-KING-LACES.1.1-01-LOGO-HI-RES-OFFICIAL-1.png\",\"contentUrl\":\"https:\\\/\\\/www.loopkinglaces.com\\\/wp-content\\\/uploads\\\/LOOP-KING-LACES.1.1-01-LOGO-HI-RES-OFFICIAL-1.png\",\"width\":128,\"height\":91,\"caption\":\"Loop King Laces\"},\"image\":{\"@id\":\"https:\\\/\\\/www.loopkinglaces.com\\\/de\\\/#\\\/schema\\\/logo\\\/image\\\/\"},\"sameAs\":[\"https:\\\/\\\/www.facebook.com\\\/LoopKingLaces\\\/\",\"https:\\\/\\\/x.com\\\/loopkinglaces\",\"https:\\\/\\\/www.instagram.com\\\/loopkinglaces\\\/\"]}]}<\/script>\n<!-- \/ Yoast SEO plugin. -->","yoast_head_json":{"title":"Rosa Schn\u00fcrsenkel mit goldenen Spitzen - von Loop King","description":"Unsere rosa Schn\u00fcrsenkel mit Goldspitze sind die hochwertigsten Luxus-Schn\u00fcrsenkel auf dem Markt. Jeder Schn\u00fcrsenkel wird mit einer gepr\u00e4gten Goldspitze geliefert.","robots":{"index":"index","follow":"follow","max-snippet":"max-snippet:-1","max-image-preview":"max-image-preview:large","max-video-preview":"max-video-preview:-1"},"canonical":"https:\/\/www.loopkinglaces.com\/de\/products\/rosa-schnuersenkel-mit-goldenen-spitzen\/","og_locale":"de_DE","og_type":"article","og_title":"Rosa Schn\u00fcrsenkel mit goldenen Spitzen - von Loop King","og_description":"Unsere rosa Schn\u00fcrsenkel mit Goldspitze sind die hochwertigsten Luxus-Schn\u00fcrsenkel auf dem Markt. Jeder Schn\u00fcrsenkel wird mit einer gepr\u00e4gten Goldspitze geliefert.","og_url":"https:\/\/www.loopkinglaces.com\/de\/products\/rosa-schnuersenkel-mit-goldenen-spitzen\/","og_site_name":"Luxury Gold Tip Shoelaces by Loop King Laces","article_publisher":"https:\/\/www.facebook.com\/LoopKingLaces\/","article_modified_time":"2024-11-14T23:14:18+00:00","og_image":[{"width":1000,"height":1000,"url":"https:\/\/www.loopkinglaces.com\/wp-content\/uploads\/pink-rope-shoelaces-round.jpg","type":"image\/jpeg"}],"twitter_card":"summary_large_image","twitter_site":"@loopkinglaces","twitter_misc":{"Gesch\u00e4tzte Lesezeit":"1\u00a0Minute"},"schema":{"@context":"https:\/\/schema.org","@graph":[{"@type":["WebPage","ItemPage"],"@id":"https:\/\/www.loopkinglaces.com\/de\/products\/rosa-schnuersenkel-mit-goldenen-spitzen\/","url":"https:\/\/www.loopkinglaces.com\/de\/products\/rosa-schnuersenkel-mit-goldenen-spitzen\/","name":"Rosa Schn\u00fcrsenkel mit goldenen Spitzen - von Loop King","isPartOf":{"@id":"https:\/\/www.loopkinglaces.com\/de\/#website"},"primaryImageOfPage":{"@id":"https:\/\/www.loopkinglaces.com\/de\/products\/rosa-schnuersenkel-mit-goldenen-spitzen\/#primaryimage"},"image":{"@id":"https:\/\/www.loopkinglaces.com\/de\/products\/rosa-schnuersenkel-mit-goldenen-spitzen\/#primaryimage"},"thumbnailUrl":"https:\/\/www.loopkinglaces.com\/wp-content\/uploads\/pink-rope-shoelaces-round.jpg","datePublished":"2018-11-29T19:27:32+00:00","dateModified":"2024-11-14T23:14:18+00:00","description":"Unsere rosa Schn\u00fcrsenkel mit Goldspitze sind die hochwertigsten Luxus-Schn\u00fcrsenkel auf dem Markt. Jeder Schn\u00fcrsenkel wird mit einer gepr\u00e4gten Goldspitze geliefert.","breadcrumb":{"@id":"https:\/\/www.loopkinglaces.com\/de\/products\/rosa-schnuersenkel-mit-goldenen-spitzen\/#breadcrumb"},"inLanguage":"de","potentialAction":[{"@type":"ReadAction","target":["https:\/\/www.loopkinglaces.com\/de\/products\/rosa-schnuersenkel-mit-goldenen-spitzen\/"]}]},{"@type":"ImageObject","inLanguage":"de","@id":"https:\/\/www.loopkinglaces.com\/de\/products\/rosa-schnuersenkel-mit-goldenen-spitzen\/#primaryimage","url":"https:\/\/www.loopkinglaces.com\/wp-content\/uploads\/pink-rope-shoelaces-round.jpg","contentUrl":"https:\/\/www.loopkinglaces.com\/wp-content\/uploads\/pink-rope-shoelaces-round.jpg","width":1000,"height":1000},{"@type":"BreadcrumbList","@id":"https:\/\/www.loopkinglaces.com\/de\/products\/rosa-schnuersenkel-mit-goldenen-spitzen\/#breadcrumb","itemListElement":[{"@type":"ListItem","position":1,"name":"Home","item":"https:\/\/www.loopkinglaces.com\/de\/"},{"@type":"ListItem","position":2,"name":"Shop","item":"https:\/\/www.loopkinglaces.com\/de\/shop\/"},{"@type":"ListItem","position":3,"name":"Rosa Schn\u00fcrsenkel mit goldenen Spitzen"}]},{"@type":"WebSite","@id":"https:\/\/www.loopkinglaces.com\/de\/#website","url":"https:\/\/www.loopkinglaces.com\/de\/","name":"Luxury Gold Tip Shoelaces by Loop King Laces","description":"Rope Laces, Flat Waxed Laces and Leather Laces. All With Gold Tips.","publisher":{"@id":"https:\/\/www.loopkinglaces.com\/de\/#organization"},"potentialAction":[{"@type":"SearchAction","target":{"@type":"EntryPoint","urlTemplate":"https:\/\/www.loopkinglaces.com\/de\/?s={search_term_string}"},"query-input":{"@type":"PropertyValueSpecification","valueRequired":true,"valueName":"search_term_string"}}],"inLanguage":"de"},{"@type":"Organization","@id":"https:\/\/www.loopkinglaces.com\/de\/#organization","name":"Loop King Laces","url":"https:\/\/www.loopkinglaces.com\/de\/","logo":{"@type":"ImageObject","inLanguage":"de","@id":"https:\/\/www.loopkinglaces.com\/de\/#\/schema\/logo\/image\/","url":"https:\/\/www.loopkinglaces.com\/wp-content\/uploads\/LOOP-KING-LACES.1.1-01-LOGO-HI-RES-OFFICIAL-1.png","contentUrl":"https:\/\/www.loopkinglaces.com\/wp-content\/uploads\/LOOP-KING-LACES.1.1-01-LOGO-HI-RES-OFFICIAL-1.png","width":128,"height":91,"caption":"Loop King Laces"},"image":{"@id":"https:\/\/www.loopkinglaces.com\/de\/#\/schema\/logo\/image\/"},"sameAs":["https:\/\/www.facebook.com\/LoopKingLaces\/","https:\/\/x.com\/loopkinglaces","https:\/\/www.instagram.com\/loopkinglaces\/"]}]}},"_links":{"self":[{"href":"https:\/\/www.loopkinglaces.com\/de\/wp-json\/wp\/v2\/product\/67396","targetHints":{"allow":["GET"]}}],"collection":[{"href":"https:\/\/www.loopkinglaces.com\/de\/wp-json\/wp\/v2\/product"}],"about":[{"href":"https:\/\/www.loopkinglaces.com\/de\/wp-json\/wp\/v2\/types\/product"}],"replies":[{"embeddable":true,"href":"https:\/\/www.loopkinglaces.com\/de\/wp-json\/wp\/v2\/comments?post=67396"}],"wp:featuredmedia":[{"embeddable":true,"href":"https:\/\/www.loopkinglaces.com\/de\/wp-json\/wp\/v2\/media\/57977"}],"wp:attachment":[{"href":"https:\/\/www.loopkinglaces.com\/de\/wp-json\/wp\/v2\/media?parent=67396"}],"wp:term":[{"taxonomy":"product_brand","embeddable":true,"href":"https:\/\/www.loopkinglaces.com\/de\/wp-json\/wp\/v2\/product_brand?post=67396"},{"taxonomy":"product_cat","embeddable":true,"href":"https:\/\/www.loopkinglaces.com\/de\/wp-json\/wp\/v2\/product_cat?post=67396"},{"taxonomy":"product_tag","embeddable":true,"href":"https:\/\/www.loopkinglaces.com\/de\/wp-json\/wp\/v2\/product_tag?post=67396"},{"taxonomy":"woo-feed-brand","embeddable":true,"href":"https:\/\/www.loopkinglaces.com\/de\/wp-json\/wp\/v2\/woo-feed-brand?post=67396"}],"curies":[{"name":"wp","href":"https:\/\/api.w.org\/{rel}","templated":true}]}}