{"id":67395,"date":"2018-06-23T08:04:40","date_gmt":"2018-06-23T08:04:40","guid":{"rendered":"https:\/\/www.loopkinglaces.com\/products\/weisse-flache-schnuersenkel-hochwertig-premium\/"},"modified":"2025-08-19T15:11:52","modified_gmt":"2025-08-19T15:11:52","slug":"weisse-flache-schnuersenkel-hochwertig-premium","status":"publish","type":"product","link":"https:\/\/www.loopkinglaces.com\/de\/products\/weisse-flache-schnuersenkel-hochwertig-premium\/","title":{"rendered":"Wei\u00dfe flache Schn\u00fcrsenkel &#8211; Hochwertig &#038; Premium"},"content":{"rendered":"<h3><a href=\"https:\/\/www.loopkinglaces.com\/\">Luxus Sneaker Schn\u00fcrsenkel<\/a><\/h3>\n<p>Loop King Laces bietet nur die hochwertigsten Luxus-Schn\u00fcrsenkel an.<br \/>\nUnsere flachen, gewachsten Schn\u00fcrsenkel haben gepr\u00e4gte Metallspitzen mit dem LOOP KING Logo und unserer symbolischen Krone.<br \/>\nJeder flache gewachste Schn\u00fcrsenkel wird aus hochwertigem Wachs mit einer Schicht aus Premium-Baumwolle hergestellt, um ein unerwartetes Ausfransen des Schn\u00fcrsenkels zu verhindern und die Lebensdauer des Schn\u00fcrsenkels auf mehr als das Dreifache eines normalen Qualit\u00e4tsschn\u00fcrsenkels zu erh\u00f6hen.<br \/>\nUnsere Schn\u00fcrsenkel passen f\u00fcr alle Arten von Turnschuhen und Marken wie Adidas, Nike, VANS und so weiter. In unserer <a href=\"\/shoelace-size-chart\/\">Gr\u00f6\u00dfentabelle<\/a> findest du die perfekte Gr\u00f6\u00dfe f\u00fcr deine Schuhe.<\/p>\n","protected":false},"excerpt":{"rendered":"<p><strong>Flache gewachste wei\u00dfe Schn\u00fcrsenkel mit goldenen Spitzen<\/strong> Loop King Laces &#8211; Unsere luxuri\u00f6sen flachen gewachsten wei\u00dfen Schn\u00fcrsenkel werden mit gepr\u00e4gten goldenen Spitzen geliefert.<br \/>\nAlle unsere Luxus-Schn\u00fcrsenkel sind aus erstklassigen Materialien mit den hochwertigsten Metallspitzen hergestellt.<br \/>\nUnsere flachen, gewachsten Schn\u00fcrsenkel halten 3 Mal l\u00e4nger als normale Qualit\u00e4tsschn\u00fcrsenkel. Sieh dir unten unsere vollst\u00e4ndigen Features an:<\/p>\n<ul>\n<li>6mm Breite<\/li>\n<li>Premium gewachst<\/li>\n<li>Halten <strong>3 Mal l\u00e4nger<\/strong> als normale Schn\u00fcrsenkel<\/li>\n<li>Loop King Golden Aglet<\/li>\n<li>Sch\u00f6ne Loop King Verpackung<\/li>\n<\/ul>\n","protected":false},"featured_media":57939,"comment_status":"open","ping_status":"closed","template":"","meta":{"_acf_changed":false},"product_brand":[],"product_cat":[617,690,698,600,590,708,627,715,621,777,761,774,794,632,815,833,838,629,732,604,605,592,593,630,607,831],"product_tag":[781,783,635,638,738,636,811,782],"woo-feed-brand":[],"class_list":{"0":"post-67395","1":"product","2":"type-product","3":"status-publish","4":"has-post-thumbnail","6":"product_cat-36-inch-shoelaces-de","7":"product_cat-60-inch-boot-laces-de","8":"product_cat-adidas-samba-laces-de","9":"product_cat-air-max-laces-de","10":"product_cat-all-shoelaces","11":"product_cat-boat-shoe-laces-its-all-in-the-details","12":"product_cat-burberry-shoe-laces-that-will-upgrade-your-footwear","13":"product_cat-white-laces-de","14":"product_cat-colorful-converse-high-top-laces-that-look-fab-fly","15":"product_cat-eiskunstlauf-schnursenkel-der-unbesungene-held-auf-dem-eis","16":"product_cat-elite-level-jordan-1-bordeaux-weise-schnursenkel-die-luxurios-aussehen","17":"product_cat-gavi-shoelaces-die-schnursenkel-ungebundene-geschichte-des-fc-barcelona-fusballstars","18":"product_cat-hochwertige-schwarze-und-weise-schnursenkel-fur-einen-eleganten-look","19":"product_cat-lanvin-shoe-laces-elevate-every-step-you-take","20":"product_cat-luxuriose-gewachste-schnursenkel-kollektion","21":"product_cat-luxuriose-louis-vuitton-schnursenkel-die-deine-raffinesse-und-deinen-stil-unterstreichen","22":"product_cat-new-balance-schnursenkel-upgrade-deinen-look","23":"product_cat-prada-shoe-laces-that-add-even-more-ritz-glamor","24":"product_cat-premium-spitzenersatzoptionen-die-toll-aussehen-und-lange-halten","25":"product_cat-puma-fat-laces-top-of-the-line","26":"product_cat-reebok-shoe-laces-renovate-your-footwear","27":"product_cat-schnursenkel-mit-goldspitze","28":"product_cat-stan-smith-laces-fancy-and-trendy","29":"product_cat-superb-jordan-laces-to-refresh-your-kicks-in-many-colors","30":"product_cat-superior-and-high-quality-fat-shoe-laces","31":"product_cat-weise-nike-schnursenkel-die-so-hell-wie-ein-stern-leuchten","32":"product_tag-flach-gewachst","33":"product_tag-gewachst","34":"product_tag-loop-king-de","35":"product_tag-metal-tip-de","36":"product_tag-schnursenkel-mit-goldspitze","37":"product_tag-shoelaces-de","38":"product_tag-weis","39":"product_tag-wohnung","41":"first","42":"instock","43":"taxable","44":"shipping-taxable","45":"purchasable","46":"product-type-variable"},"acf":[],"yoast_head":"<!-- This site is optimized with the Yoast SEO plugin v27.4 - https:\/\/yoast.com\/product\/yoast-seo-wordpress\/ -->\n<title>Wei\u00dfe flache Schn\u00fcrsenkel - Deine Premium, Luxus Schn\u00fcrsenkel<\/title>\n<meta name=\"description\" content=\"Mit unseren wei\u00dfen flachen Schn\u00fcrsenkeln mit goldenen Spitzen bist du immer stilvoll. Diese gewachsten Schn\u00fcrsenkel sind aus hochwertiger Baumwolle und feinen Metallspitzen gefertigt. Mehr \u00fcber die Eigenschaften erf\u00e4hrst du hier.\" \/>\n<meta name=\"robots\" content=\"index, follow, max-snippet:-1, max-image-preview:large, max-video-preview:-1\" \/>\n<link rel=\"canonical\" href=\"https:\/\/www.loopkinglaces.com\/de\/products\/weisse-flache-schnuersenkel-hochwertig-premium\/\" \/>\n<meta property=\"og:locale\" content=\"de_DE\" \/>\n<meta property=\"og:type\" content=\"article\" \/>\n<meta property=\"og:title\" content=\"Wei\u00dfe flache Schn\u00fcrsenkel - Deine Premium, Luxus Schn\u00fcrsenkel\" \/>\n<meta property=\"og:description\" content=\"Mit unseren wei\u00dfen flachen Schn\u00fcrsenkeln mit goldenen Spitzen bist du immer stilvoll. Diese gewachsten Schn\u00fcrsenkel sind aus hochwertiger Baumwolle und feinen Metallspitzen gefertigt. Mehr \u00fcber die Eigenschaften erf\u00e4hrst du hier.\" \/>\n<meta property=\"og:url\" content=\"https:\/\/www.loopkinglaces.com\/de\/products\/weisse-flache-schnuersenkel-hochwertig-premium\/\" \/>\n<meta property=\"og:site_name\" content=\"Luxury Gold Tip Shoelaces by Loop King Laces\" \/>\n<meta property=\"article:publisher\" content=\"https:\/\/www.facebook.com\/LoopKingLaces\/\" \/>\n<meta property=\"article:modified_time\" content=\"2025-08-19T15:11:52+00:00\" \/>\n<meta property=\"og:image\" content=\"https:\/\/www.loopkinglaces.com\/wp-content\/uploads\/flat-waxed-white-shoe-laces.jpg\" \/>\n\t<meta property=\"og:image:width\" content=\"1000\" \/>\n\t<meta property=\"og:image:height\" content=\"1000\" \/>\n\t<meta property=\"og:image:type\" content=\"image\/jpeg\" \/>\n<meta name=\"twitter:card\" content=\"summary_large_image\" \/>\n<meta name=\"twitter:site\" content=\"@loopkinglaces\" \/>\n<meta name=\"twitter:label1\" content=\"Gesch\u00e4tzte Lesezeit\" \/>\n\t<meta name=\"twitter:data1\" content=\"1\u00a0Minute\" \/>\n<script type=\"application\/ld+json\" class=\"yoast-schema-graph\">{\"@context\":\"https:\\\/\\\/schema.org\",\"@graph\":[{\"@type\":[\"WebPage\",\"ItemPage\"],\"@id\":\"https:\\\/\\\/www.loopkinglaces.com\\\/de\\\/products\\\/weisse-flache-schnuersenkel-hochwertig-premium\\\/\",\"url\":\"https:\\\/\\\/www.loopkinglaces.com\\\/de\\\/products\\\/weisse-flache-schnuersenkel-hochwertig-premium\\\/\",\"name\":\"Wei\u00dfe flache Schn\u00fcrsenkel - Deine Premium, Luxus Schn\u00fcrsenkel\",\"isPartOf\":{\"@id\":\"https:\\\/\\\/www.loopkinglaces.com\\\/de\\\/#website\"},\"primaryImageOfPage\":{\"@id\":\"https:\\\/\\\/www.loopkinglaces.com\\\/de\\\/products\\\/weisse-flache-schnuersenkel-hochwertig-premium\\\/#primaryimage\"},\"image\":{\"@id\":\"https:\\\/\\\/www.loopkinglaces.com\\\/de\\\/products\\\/weisse-flache-schnuersenkel-hochwertig-premium\\\/#primaryimage\"},\"thumbnailUrl\":\"https:\\\/\\\/www.loopkinglaces.com\\\/wp-content\\\/uploads\\\/flat-waxed-white-shoe-laces.jpg\",\"datePublished\":\"2018-06-23T08:04:40+00:00\",\"dateModified\":\"2025-08-19T15:11:52+00:00\",\"description\":\"Mit unseren wei\u00dfen flachen Schn\u00fcrsenkeln mit goldenen Spitzen bist du immer stilvoll. Diese gewachsten Schn\u00fcrsenkel sind aus hochwertiger Baumwolle und feinen Metallspitzen gefertigt. Mehr \u00fcber die Eigenschaften erf\u00e4hrst du hier.\",\"breadcrumb\":{\"@id\":\"https:\\\/\\\/www.loopkinglaces.com\\\/de\\\/products\\\/weisse-flache-schnuersenkel-hochwertig-premium\\\/#breadcrumb\"},\"inLanguage\":\"de\",\"potentialAction\":[{\"@type\":\"ReadAction\",\"target\":[\"https:\\\/\\\/www.loopkinglaces.com\\\/de\\\/products\\\/weisse-flache-schnuersenkel-hochwertig-premium\\\/\"]}]},{\"@type\":\"ImageObject\",\"inLanguage\":\"de\",\"@id\":\"https:\\\/\\\/www.loopkinglaces.com\\\/de\\\/products\\\/weisse-flache-schnuersenkel-hochwertig-premium\\\/#primaryimage\",\"url\":\"https:\\\/\\\/www.loopkinglaces.com\\\/wp-content\\\/uploads\\\/flat-waxed-white-shoe-laces.jpg\",\"contentUrl\":\"https:\\\/\\\/www.loopkinglaces.com\\\/wp-content\\\/uploads\\\/flat-waxed-white-shoe-laces.jpg\",\"width\":1000,\"height\":1000},{\"@type\":\"BreadcrumbList\",\"@id\":\"https:\\\/\\\/www.loopkinglaces.com\\\/de\\\/products\\\/weisse-flache-schnuersenkel-hochwertig-premium\\\/#breadcrumb\",\"itemListElement\":[{\"@type\":\"ListItem\",\"position\":1,\"name\":\"Home\",\"item\":\"https:\\\/\\\/www.loopkinglaces.com\\\/de\\\/\"},{\"@type\":\"ListItem\",\"position\":2,\"name\":\"Shop\",\"item\":\"https:\\\/\\\/www.loopkinglaces.com\\\/de\\\/shop\\\/\"},{\"@type\":\"ListItem\",\"position\":3,\"name\":\"Wei\u00dfe flache Schn\u00fcrsenkel &#8211; Hochwertig &#038; Premium\"}]},{\"@type\":\"WebSite\",\"@id\":\"https:\\\/\\\/www.loopkinglaces.com\\\/de\\\/#website\",\"url\":\"https:\\\/\\\/www.loopkinglaces.com\\\/de\\\/\",\"name\":\"Luxury Gold Tip Shoelaces by Loop King Laces\",\"description\":\"Rope Laces, Flat Waxed Laces and Leather Laces. All With Gold Tips.\",\"publisher\":{\"@id\":\"https:\\\/\\\/www.loopkinglaces.com\\\/de\\\/#organization\"},\"potentialAction\":[{\"@type\":\"SearchAction\",\"target\":{\"@type\":\"EntryPoint\",\"urlTemplate\":\"https:\\\/\\\/www.loopkinglaces.com\\\/de\\\/?s={search_term_string}\"},\"query-input\":{\"@type\":\"PropertyValueSpecification\",\"valueRequired\":true,\"valueName\":\"search_term_string\"}}],\"inLanguage\":\"de\"},{\"@type\":\"Organization\",\"@id\":\"https:\\\/\\\/www.loopkinglaces.com\\\/de\\\/#organization\",\"name\":\"Loop King Laces\",\"url\":\"https:\\\/\\\/www.loopkinglaces.com\\\/de\\\/\",\"logo\":{\"@type\":\"ImageObject\",\"inLanguage\":\"de\",\"@id\":\"https:\\\/\\\/www.loopkinglaces.com\\\/de\\\/#\\\/schema\\\/logo\\\/image\\\/\",\"url\":\"https:\\\/\\\/www.loopkinglaces.com\\\/wp-content\\\/uploads\\\/LOOP-KING-LACES.1.1-01-LOGO-HI-RES-OFFICIAL-1.png\",\"contentUrl\":\"https:\\\/\\\/www.loopkinglaces.com\\\/wp-content\\\/uploads\\\/LOOP-KING-LACES.1.1-01-LOGO-HI-RES-OFFICIAL-1.png\",\"width\":128,\"height\":91,\"caption\":\"Loop King Laces\"},\"image\":{\"@id\":\"https:\\\/\\\/www.loopkinglaces.com\\\/de\\\/#\\\/schema\\\/logo\\\/image\\\/\"},\"sameAs\":[\"https:\\\/\\\/www.facebook.com\\\/LoopKingLaces\\\/\",\"https:\\\/\\\/x.com\\\/loopkinglaces\",\"https:\\\/\\\/www.instagram.com\\\/loopkinglaces\\\/\"]}]}<\/script>\n<!-- \/ Yoast SEO plugin. -->","yoast_head_json":{"title":"Wei\u00dfe flache Schn\u00fcrsenkel - Deine Premium, Luxus Schn\u00fcrsenkel","description":"Mit unseren wei\u00dfen flachen Schn\u00fcrsenkeln mit goldenen Spitzen bist du immer stilvoll. Diese gewachsten Schn\u00fcrsenkel sind aus hochwertiger Baumwolle und feinen Metallspitzen gefertigt. Mehr \u00fcber die Eigenschaften erf\u00e4hrst du hier.","robots":{"index":"index","follow":"follow","max-snippet":"max-snippet:-1","max-image-preview":"max-image-preview:large","max-video-preview":"max-video-preview:-1"},"canonical":"https:\/\/www.loopkinglaces.com\/de\/products\/weisse-flache-schnuersenkel-hochwertig-premium\/","og_locale":"de_DE","og_type":"article","og_title":"Wei\u00dfe flache Schn\u00fcrsenkel - Deine Premium, Luxus Schn\u00fcrsenkel","og_description":"Mit unseren wei\u00dfen flachen Schn\u00fcrsenkeln mit goldenen Spitzen bist du immer stilvoll. Diese gewachsten Schn\u00fcrsenkel sind aus hochwertiger Baumwolle und feinen Metallspitzen gefertigt. Mehr \u00fcber die Eigenschaften erf\u00e4hrst du hier.","og_url":"https:\/\/www.loopkinglaces.com\/de\/products\/weisse-flache-schnuersenkel-hochwertig-premium\/","og_site_name":"Luxury Gold Tip Shoelaces by Loop King Laces","article_publisher":"https:\/\/www.facebook.com\/LoopKingLaces\/","article_modified_time":"2025-08-19T15:11:52+00:00","og_image":[{"width":1000,"height":1000,"url":"https:\/\/www.loopkinglaces.com\/wp-content\/uploads\/flat-waxed-white-shoe-laces.jpg","type":"image\/jpeg"}],"twitter_card":"summary_large_image","twitter_site":"@loopkinglaces","twitter_misc":{"Gesch\u00e4tzte Lesezeit":"1\u00a0Minute"},"schema":{"@context":"https:\/\/schema.org","@graph":[{"@type":["WebPage","ItemPage"],"@id":"https:\/\/www.loopkinglaces.com\/de\/products\/weisse-flache-schnuersenkel-hochwertig-premium\/","url":"https:\/\/www.loopkinglaces.com\/de\/products\/weisse-flache-schnuersenkel-hochwertig-premium\/","name":"Wei\u00dfe flache Schn\u00fcrsenkel - Deine Premium, Luxus Schn\u00fcrsenkel","isPartOf":{"@id":"https:\/\/www.loopkinglaces.com\/de\/#website"},"primaryImageOfPage":{"@id":"https:\/\/www.loopkinglaces.com\/de\/products\/weisse-flache-schnuersenkel-hochwertig-premium\/#primaryimage"},"image":{"@id":"https:\/\/www.loopkinglaces.com\/de\/products\/weisse-flache-schnuersenkel-hochwertig-premium\/#primaryimage"},"thumbnailUrl":"https:\/\/www.loopkinglaces.com\/wp-content\/uploads\/flat-waxed-white-shoe-laces.jpg","datePublished":"2018-06-23T08:04:40+00:00","dateModified":"2025-08-19T15:11:52+00:00","description":"Mit unseren wei\u00dfen flachen Schn\u00fcrsenkeln mit goldenen Spitzen bist du immer stilvoll. Diese gewachsten Schn\u00fcrsenkel sind aus hochwertiger Baumwolle und feinen Metallspitzen gefertigt. Mehr \u00fcber die Eigenschaften erf\u00e4hrst du hier.","breadcrumb":{"@id":"https:\/\/www.loopkinglaces.com\/de\/products\/weisse-flache-schnuersenkel-hochwertig-premium\/#breadcrumb"},"inLanguage":"de","potentialAction":[{"@type":"ReadAction","target":["https:\/\/www.loopkinglaces.com\/de\/products\/weisse-flache-schnuersenkel-hochwertig-premium\/"]}]},{"@type":"ImageObject","inLanguage":"de","@id":"https:\/\/www.loopkinglaces.com\/de\/products\/weisse-flache-schnuersenkel-hochwertig-premium\/#primaryimage","url":"https:\/\/www.loopkinglaces.com\/wp-content\/uploads\/flat-waxed-white-shoe-laces.jpg","contentUrl":"https:\/\/www.loopkinglaces.com\/wp-content\/uploads\/flat-waxed-white-shoe-laces.jpg","width":1000,"height":1000},{"@type":"BreadcrumbList","@id":"https:\/\/www.loopkinglaces.com\/de\/products\/weisse-flache-schnuersenkel-hochwertig-premium\/#breadcrumb","itemListElement":[{"@type":"ListItem","position":1,"name":"Home","item":"https:\/\/www.loopkinglaces.com\/de\/"},{"@type":"ListItem","position":2,"name":"Shop","item":"https:\/\/www.loopkinglaces.com\/de\/shop\/"},{"@type":"ListItem","position":3,"name":"Wei\u00dfe flache Schn\u00fcrsenkel &#8211; Hochwertig &#038; Premium"}]},{"@type":"WebSite","@id":"https:\/\/www.loopkinglaces.com\/de\/#website","url":"https:\/\/www.loopkinglaces.com\/de\/","name":"Luxury Gold Tip Shoelaces by Loop King Laces","description":"Rope Laces, Flat Waxed Laces and Leather Laces. All With Gold Tips.","publisher":{"@id":"https:\/\/www.loopkinglaces.com\/de\/#organization"},"potentialAction":[{"@type":"SearchAction","target":{"@type":"EntryPoint","urlTemplate":"https:\/\/www.loopkinglaces.com\/de\/?s={search_term_string}"},"query-input":{"@type":"PropertyValueSpecification","valueRequired":true,"valueName":"search_term_string"}}],"inLanguage":"de"},{"@type":"Organization","@id":"https:\/\/www.loopkinglaces.com\/de\/#organization","name":"Loop King Laces","url":"https:\/\/www.loopkinglaces.com\/de\/","logo":{"@type":"ImageObject","inLanguage":"de","@id":"https:\/\/www.loopkinglaces.com\/de\/#\/schema\/logo\/image\/","url":"https:\/\/www.loopkinglaces.com\/wp-content\/uploads\/LOOP-KING-LACES.1.1-01-LOGO-HI-RES-OFFICIAL-1.png","contentUrl":"https:\/\/www.loopkinglaces.com\/wp-content\/uploads\/LOOP-KING-LACES.1.1-01-LOGO-HI-RES-OFFICIAL-1.png","width":128,"height":91,"caption":"Loop King Laces"},"image":{"@id":"https:\/\/www.loopkinglaces.com\/de\/#\/schema\/logo\/image\/"},"sameAs":["https:\/\/www.facebook.com\/LoopKingLaces\/","https:\/\/x.com\/loopkinglaces","https:\/\/www.instagram.com\/loopkinglaces\/"]}]}},"_links":{"self":[{"href":"https:\/\/www.loopkinglaces.com\/de\/wp-json\/wp\/v2\/product\/67395","targetHints":{"allow":["GET"]}}],"collection":[{"href":"https:\/\/www.loopkinglaces.com\/de\/wp-json\/wp\/v2\/product"}],"about":[{"href":"https:\/\/www.loopkinglaces.com\/de\/wp-json\/wp\/v2\/types\/product"}],"replies":[{"embeddable":true,"href":"https:\/\/www.loopkinglaces.com\/de\/wp-json\/wp\/v2\/comments?post=67395"}],"wp:featuredmedia":[{"embeddable":true,"href":"https:\/\/www.loopkinglaces.com\/de\/wp-json\/wp\/v2\/media\/57939"}],"wp:attachment":[{"href":"https:\/\/www.loopkinglaces.com\/de\/wp-json\/wp\/v2\/media?parent=67395"}],"wp:term":[{"taxonomy":"product_brand","embeddable":true,"href":"https:\/\/www.loopkinglaces.com\/de\/wp-json\/wp\/v2\/product_brand?post=67395"},{"taxonomy":"product_cat","embeddable":true,"href":"https:\/\/www.loopkinglaces.com\/de\/wp-json\/wp\/v2\/product_cat?post=67395"},{"taxonomy":"product_tag","embeddable":true,"href":"https:\/\/www.loopkinglaces.com\/de\/wp-json\/wp\/v2\/product_tag?post=67395"},{"taxonomy":"woo-feed-brand","embeddable":true,"href":"https:\/\/www.loopkinglaces.com\/de\/wp-json\/wp\/v2\/woo-feed-brand?post=67395"}],"curies":[{"name":"wp","href":"https:\/\/api.w.org\/{rel}","templated":true}]}}