{"id":67253,"date":"2017-08-24T11:17:17","date_gmt":"2017-08-24T11:17:17","guid":{"rendered":"https:\/\/www.loopkinglaces.com\/products\/luxurioese-weisse-schnuersenkel-aus-leder-mit-goldenen-spitzen\/"},"modified":"2024-11-16T16:14:17","modified_gmt":"2024-11-16T16:14:17","slug":"luxurioese-weisse-schnuersenkel-aus-leder-mit-goldenen-spitzen","status":"publish","type":"product","link":"https:\/\/www.loopkinglaces.com\/de\/products\/luxurioese-weisse-schnuersenkel-aus-leder-mit-goldenen-spitzen\/","title":{"rendered":"Luxuri\u00f6se wei\u00dfe Schn\u00fcrsenkel aus Leder mit goldenen Spitzen"},"content":{"rendered":"<h3><a href=\"https:\/\/www.loopkinglaces.com\/\">Luxus Sneaker Schn\u00fcrsenkel<\/a><\/h3>\n<p>Loop King Laces liefert nur die hochwertigsten Gold Tip Laces. Unsere Schn\u00fcrsenkel aus echtem Leder werden mit gepr\u00e4gten Metallspitzen mit LOOP KING und unserer symbolischen Krone hergestellt. Jeder Schn\u00fcrsenkel ist 100% feuerbest\u00e4ndig, was unsere wahre Qualit\u00e4t der Schn\u00fcrsenkel zeigt. Unsere Schn\u00fcrsenkel passen f\u00fcr alle Arten von Turnschuhen und Marken wie Adidas, Nike, VANS und so weiter und machen sogar Jordan-Schuhe zu Jordan-Schn\u00fcrsenkeln mit Metallspitzen! Um die Schn\u00fcrsenkell\u00e4nge deines Sneakers herauszufinden, besuche unsere <a href=\"\/shoelace-size-chart\/\">Gr\u00f6\u00dfentabelle<\/a>, in der du die perfekte Schn\u00fcrsenkelgr\u00f6\u00dfe f\u00fcr deine Schuhe finden kannst.<\/p>\n","protected":false},"excerpt":{"rendered":"<p><strong>Wei\u00dfe Lederschn\u00fcrsenkel mit goldenen Spitzen<\/strong> Loop King Laces &#8211; Unsere wei\u00dfen Lederschn\u00fcrsenkel kommen mit gepr\u00e4gten Metallspitzen. Alle unsere luxuri\u00f6sen Schn\u00fcrsenkel sind aus echtem Leder mit den hochwertigsten Materialien sowohl im Schn\u00fcrsenkel als auch in der Metallspitze hergestellt. Sieh dir unten unsere vollst\u00e4ndigen Features an:<\/p>\n<ul>\n<li>6mm Breite<\/li>\n<li>Schn\u00fcrsenkel aus echtem Leder<\/li>\n<li>100% <strong>Feuer resistent<\/strong><\/li>\n<li>Loop King Golden Aglet<\/li>\n<li>Sch\u00f6ne Loop King Verpackung<\/li>\n<\/ul>\n","protected":false},"featured_media":57907,"comment_status":"open","ping_status":"closed","template":"","meta":{"_acf_changed":false},"product_brand":[],"product_cat":[689,600,590,609,715,749,608,628,761,794,589,602,768,592,625,805,831],"product_tag":[634,637,635,638,636,811],"woo-feed-brand":[],"class_list":{"0":"post-67253","1":"product","2":"type-product","3":"status-publish","4":"has-post-thumbnail","6":"product_cat-45-inch-boot-laces-the-unsung-heroes-of-your-footwear-fashion","7":"product_cat-air-max-laces-de","8":"product_cat-all-shoelaces","9":"product_cat-awesome-nmd-laces-collection","10":"product_cat-white-laces-de","11":"product_cat-die-suche-nach-den-perfekten-60-zoll-schuhbandern-ein-abenteuer-in-der-realen-welt","12":"product_cat-dsw-designer-shoelaces-luxurious-and-high-quality","13":"product_cat-elite-dallas-cowboys-shoe-laces-to-support-your-favorite-team-with-style","14":"product_cat-elite-level-jordan-1-bordeaux-weise-schnursenkel-die-luxurios-aussehen","15":"product_cat-hochwertige-schwarze-und-weise-schnursenkel-fur-einen-eleganten-look","16":"product_cat-luxus-leder-schnursenkel","17":"product_cat-nike-air-max-90-laces-trendy-shoestrings","18":"product_cat-schnursenkel-aus-bandern-ein-game-changer-in-der-schuhmode","19":"product_cat-schnursenkel-mit-goldspitze","20":"product_cat-showstopping-basketball-shoelaces-for-a-slick-look-snug-fit-on-off-the-court","21":"product_cat-snowboard-boot-laces-ein-schritt-voraus-in-deinem-riding-game","22":"product_cat-weise-nike-schnursenkel-die-so-hell-wie-ein-stern-leuchten","23":"product_tag-footwear-de","24":"product_tag-leather-laces-de","25":"product_tag-loop-king-de","26":"product_tag-metal-tip-de","27":"product_tag-shoelaces-de","28":"product_tag-weis","30":"first","31":"instock","32":"taxable","33":"shipping-taxable","34":"purchasable","35":"product-type-variable"},"acf":[],"yoast_head":"<!-- This site is optimized with the Yoast SEO plugin v27.3 - https:\/\/yoast.com\/product\/yoast-seo-wordpress\/ -->\n<title>Wei\u00dfe High-End-Luxus-Schn\u00fcrsenkel, die auffallen<\/title>\n<meta name=\"description\" content=\"Sieh dir eines unserer meistverkauften Produkte an, luxuri\u00f6se wei\u00dfe Schn\u00fcrsenkel, die aus echten, hochwertigen Materialien hergestellt werden. Hol dir den eleganten Look.\" \/>\n<meta name=\"robots\" content=\"index, follow, max-snippet:-1, max-image-preview:large, max-video-preview:-1\" \/>\n<link rel=\"canonical\" href=\"https:\/\/www.loopkinglaces.com\/de\/products\/luxurioese-weisse-schnuersenkel-aus-leder-mit-goldenen-spitzen\/\" \/>\n<meta property=\"og:locale\" content=\"de_DE\" \/>\n<meta property=\"og:type\" content=\"article\" \/>\n<meta property=\"og:title\" content=\"Wei\u00dfe High-End-Luxus-Schn\u00fcrsenkel, die auffallen\" \/>\n<meta property=\"og:description\" content=\"Sieh dir eines unserer meistverkauften Produkte an, luxuri\u00f6se wei\u00dfe Schn\u00fcrsenkel, die aus echten, hochwertigen Materialien hergestellt werden. Hol dir den eleganten Look.\" \/>\n<meta property=\"og:url\" content=\"https:\/\/www.loopkinglaces.com\/de\/products\/luxurioese-weisse-schnuersenkel-aus-leder-mit-goldenen-spitzen\/\" \/>\n<meta property=\"og:site_name\" content=\"Luxury Gold Tip Shoelaces by Loop King Laces\" \/>\n<meta property=\"article:publisher\" content=\"https:\/\/www.facebook.com\/LoopKingLaces\/\" \/>\n<meta property=\"article:modified_time\" content=\"2024-11-16T16:14:17+00:00\" \/>\n<meta property=\"og:image\" content=\"https:\/\/www.loopkinglaces.com\/wp-content\/uploads\/Luxury-White-Leather-Shoelaces-With-Gold-Tips-1.jpg\" \/>\n\t<meta property=\"og:image:width\" content=\"1000\" \/>\n\t<meta property=\"og:image:height\" content=\"1000\" \/>\n\t<meta property=\"og:image:type\" content=\"image\/jpeg\" \/>\n<meta name=\"twitter:card\" content=\"summary_large_image\" \/>\n<meta name=\"twitter:site\" content=\"@loopkinglaces\" \/>\n<meta name=\"twitter:label1\" content=\"Gesch\u00e4tzte Lesezeit\" \/>\n\t<meta name=\"twitter:data1\" content=\"1\u00a0Minute\" \/>\n<script type=\"application\/ld+json\" class=\"yoast-schema-graph\">{\"@context\":\"https:\\\/\\\/schema.org\",\"@graph\":[{\"@type\":[\"WebPage\",\"ItemPage\"],\"@id\":\"https:\\\/\\\/www.loopkinglaces.com\\\/de\\\/products\\\/luxurioese-weisse-schnuersenkel-aus-leder-mit-goldenen-spitzen\\\/\",\"url\":\"https:\\\/\\\/www.loopkinglaces.com\\\/de\\\/products\\\/luxurioese-weisse-schnuersenkel-aus-leder-mit-goldenen-spitzen\\\/\",\"name\":\"Wei\u00dfe High-End-Luxus-Schn\u00fcrsenkel, die auffallen\",\"isPartOf\":{\"@id\":\"https:\\\/\\\/www.loopkinglaces.com\\\/de\\\/#website\"},\"primaryImageOfPage\":{\"@id\":\"https:\\\/\\\/www.loopkinglaces.com\\\/de\\\/products\\\/luxurioese-weisse-schnuersenkel-aus-leder-mit-goldenen-spitzen\\\/#primaryimage\"},\"image\":{\"@id\":\"https:\\\/\\\/www.loopkinglaces.com\\\/de\\\/products\\\/luxurioese-weisse-schnuersenkel-aus-leder-mit-goldenen-spitzen\\\/#primaryimage\"},\"thumbnailUrl\":\"https:\\\/\\\/www.loopkinglaces.com\\\/wp-content\\\/uploads\\\/Luxury-White-Leather-Shoelaces-With-Gold-Tips-1.jpg\",\"datePublished\":\"2017-08-24T11:17:17+00:00\",\"dateModified\":\"2024-11-16T16:14:17+00:00\",\"description\":\"Sieh dir eines unserer meistverkauften Produkte an, luxuri\u00f6se wei\u00dfe Schn\u00fcrsenkel, die aus echten, hochwertigen Materialien hergestellt werden. Hol dir den eleganten Look.\",\"breadcrumb\":{\"@id\":\"https:\\\/\\\/www.loopkinglaces.com\\\/de\\\/products\\\/luxurioese-weisse-schnuersenkel-aus-leder-mit-goldenen-spitzen\\\/#breadcrumb\"},\"inLanguage\":\"de\",\"potentialAction\":[{\"@type\":\"ReadAction\",\"target\":[\"https:\\\/\\\/www.loopkinglaces.com\\\/de\\\/products\\\/luxurioese-weisse-schnuersenkel-aus-leder-mit-goldenen-spitzen\\\/\"]}]},{\"@type\":\"ImageObject\",\"inLanguage\":\"de\",\"@id\":\"https:\\\/\\\/www.loopkinglaces.com\\\/de\\\/products\\\/luxurioese-weisse-schnuersenkel-aus-leder-mit-goldenen-spitzen\\\/#primaryimage\",\"url\":\"https:\\\/\\\/www.loopkinglaces.com\\\/wp-content\\\/uploads\\\/Luxury-White-Leather-Shoelaces-With-Gold-Tips-1.jpg\",\"contentUrl\":\"https:\\\/\\\/www.loopkinglaces.com\\\/wp-content\\\/uploads\\\/Luxury-White-Leather-Shoelaces-With-Gold-Tips-1.jpg\",\"width\":1000,\"height\":1000},{\"@type\":\"BreadcrumbList\",\"@id\":\"https:\\\/\\\/www.loopkinglaces.com\\\/de\\\/products\\\/luxurioese-weisse-schnuersenkel-aus-leder-mit-goldenen-spitzen\\\/#breadcrumb\",\"itemListElement\":[{\"@type\":\"ListItem\",\"position\":1,\"name\":\"Home\",\"item\":\"https:\\\/\\\/www.loopkinglaces.com\\\/de\\\/\"},{\"@type\":\"ListItem\",\"position\":2,\"name\":\"Shop\",\"item\":\"https:\\\/\\\/www.loopkinglaces.com\\\/de\\\/shop\\\/\"},{\"@type\":\"ListItem\",\"position\":3,\"name\":\"Luxuri\u00f6se wei\u00dfe Schn\u00fcrsenkel aus Leder mit goldenen Spitzen\"}]},{\"@type\":\"WebSite\",\"@id\":\"https:\\\/\\\/www.loopkinglaces.com\\\/de\\\/#website\",\"url\":\"https:\\\/\\\/www.loopkinglaces.com\\\/de\\\/\",\"name\":\"Luxury Gold Tip Shoelaces by Loop King Laces\",\"description\":\"Rope Laces, Flat Waxed Laces and Leather Laces. All With Gold Tips.\",\"publisher\":{\"@id\":\"https:\\\/\\\/www.loopkinglaces.com\\\/de\\\/#organization\"},\"potentialAction\":[{\"@type\":\"SearchAction\",\"target\":{\"@type\":\"EntryPoint\",\"urlTemplate\":\"https:\\\/\\\/www.loopkinglaces.com\\\/de\\\/?s={search_term_string}\"},\"query-input\":{\"@type\":\"PropertyValueSpecification\",\"valueRequired\":true,\"valueName\":\"search_term_string\"}}],\"inLanguage\":\"de\"},{\"@type\":\"Organization\",\"@id\":\"https:\\\/\\\/www.loopkinglaces.com\\\/de\\\/#organization\",\"name\":\"Loop King Laces\",\"url\":\"https:\\\/\\\/www.loopkinglaces.com\\\/de\\\/\",\"logo\":{\"@type\":\"ImageObject\",\"inLanguage\":\"de\",\"@id\":\"https:\\\/\\\/www.loopkinglaces.com\\\/de\\\/#\\\/schema\\\/logo\\\/image\\\/\",\"url\":\"https:\\\/\\\/www.loopkinglaces.com\\\/wp-content\\\/uploads\\\/LOOP-KING-LACES.1.1-01-LOGO-HI-RES-OFFICIAL-1.png\",\"contentUrl\":\"https:\\\/\\\/www.loopkinglaces.com\\\/wp-content\\\/uploads\\\/LOOP-KING-LACES.1.1-01-LOGO-HI-RES-OFFICIAL-1.png\",\"width\":128,\"height\":91,\"caption\":\"Loop King Laces\"},\"image\":{\"@id\":\"https:\\\/\\\/www.loopkinglaces.com\\\/de\\\/#\\\/schema\\\/logo\\\/image\\\/\"},\"sameAs\":[\"https:\\\/\\\/www.facebook.com\\\/LoopKingLaces\\\/\",\"https:\\\/\\\/x.com\\\/loopkinglaces\",\"https:\\\/\\\/www.instagram.com\\\/loopkinglaces\\\/\"]}]}<\/script>\n<!-- \/ Yoast SEO plugin. -->","yoast_head_json":{"title":"Wei\u00dfe High-End-Luxus-Schn\u00fcrsenkel, die auffallen","description":"Sieh dir eines unserer meistverkauften Produkte an, luxuri\u00f6se wei\u00dfe Schn\u00fcrsenkel, die aus echten, hochwertigen Materialien hergestellt werden. Hol dir den eleganten Look.","robots":{"index":"index","follow":"follow","max-snippet":"max-snippet:-1","max-image-preview":"max-image-preview:large","max-video-preview":"max-video-preview:-1"},"canonical":"https:\/\/www.loopkinglaces.com\/de\/products\/luxurioese-weisse-schnuersenkel-aus-leder-mit-goldenen-spitzen\/","og_locale":"de_DE","og_type":"article","og_title":"Wei\u00dfe High-End-Luxus-Schn\u00fcrsenkel, die auffallen","og_description":"Sieh dir eines unserer meistverkauften Produkte an, luxuri\u00f6se wei\u00dfe Schn\u00fcrsenkel, die aus echten, hochwertigen Materialien hergestellt werden. Hol dir den eleganten Look.","og_url":"https:\/\/www.loopkinglaces.com\/de\/products\/luxurioese-weisse-schnuersenkel-aus-leder-mit-goldenen-spitzen\/","og_site_name":"Luxury Gold Tip Shoelaces by Loop King Laces","article_publisher":"https:\/\/www.facebook.com\/LoopKingLaces\/","article_modified_time":"2024-11-16T16:14:17+00:00","og_image":[{"width":1000,"height":1000,"url":"https:\/\/www.loopkinglaces.com\/wp-content\/uploads\/Luxury-White-Leather-Shoelaces-With-Gold-Tips-1.jpg","type":"image\/jpeg"}],"twitter_card":"summary_large_image","twitter_site":"@loopkinglaces","twitter_misc":{"Gesch\u00e4tzte Lesezeit":"1\u00a0Minute"},"schema":{"@context":"https:\/\/schema.org","@graph":[{"@type":["WebPage","ItemPage"],"@id":"https:\/\/www.loopkinglaces.com\/de\/products\/luxurioese-weisse-schnuersenkel-aus-leder-mit-goldenen-spitzen\/","url":"https:\/\/www.loopkinglaces.com\/de\/products\/luxurioese-weisse-schnuersenkel-aus-leder-mit-goldenen-spitzen\/","name":"Wei\u00dfe High-End-Luxus-Schn\u00fcrsenkel, die auffallen","isPartOf":{"@id":"https:\/\/www.loopkinglaces.com\/de\/#website"},"primaryImageOfPage":{"@id":"https:\/\/www.loopkinglaces.com\/de\/products\/luxurioese-weisse-schnuersenkel-aus-leder-mit-goldenen-spitzen\/#primaryimage"},"image":{"@id":"https:\/\/www.loopkinglaces.com\/de\/products\/luxurioese-weisse-schnuersenkel-aus-leder-mit-goldenen-spitzen\/#primaryimage"},"thumbnailUrl":"https:\/\/www.loopkinglaces.com\/wp-content\/uploads\/Luxury-White-Leather-Shoelaces-With-Gold-Tips-1.jpg","datePublished":"2017-08-24T11:17:17+00:00","dateModified":"2024-11-16T16:14:17+00:00","description":"Sieh dir eines unserer meistverkauften Produkte an, luxuri\u00f6se wei\u00dfe Schn\u00fcrsenkel, die aus echten, hochwertigen Materialien hergestellt werden. Hol dir den eleganten Look.","breadcrumb":{"@id":"https:\/\/www.loopkinglaces.com\/de\/products\/luxurioese-weisse-schnuersenkel-aus-leder-mit-goldenen-spitzen\/#breadcrumb"},"inLanguage":"de","potentialAction":[{"@type":"ReadAction","target":["https:\/\/www.loopkinglaces.com\/de\/products\/luxurioese-weisse-schnuersenkel-aus-leder-mit-goldenen-spitzen\/"]}]},{"@type":"ImageObject","inLanguage":"de","@id":"https:\/\/www.loopkinglaces.com\/de\/products\/luxurioese-weisse-schnuersenkel-aus-leder-mit-goldenen-spitzen\/#primaryimage","url":"https:\/\/www.loopkinglaces.com\/wp-content\/uploads\/Luxury-White-Leather-Shoelaces-With-Gold-Tips-1.jpg","contentUrl":"https:\/\/www.loopkinglaces.com\/wp-content\/uploads\/Luxury-White-Leather-Shoelaces-With-Gold-Tips-1.jpg","width":1000,"height":1000},{"@type":"BreadcrumbList","@id":"https:\/\/www.loopkinglaces.com\/de\/products\/luxurioese-weisse-schnuersenkel-aus-leder-mit-goldenen-spitzen\/#breadcrumb","itemListElement":[{"@type":"ListItem","position":1,"name":"Home","item":"https:\/\/www.loopkinglaces.com\/de\/"},{"@type":"ListItem","position":2,"name":"Shop","item":"https:\/\/www.loopkinglaces.com\/de\/shop\/"},{"@type":"ListItem","position":3,"name":"Luxuri\u00f6se wei\u00dfe Schn\u00fcrsenkel aus Leder mit goldenen Spitzen"}]},{"@type":"WebSite","@id":"https:\/\/www.loopkinglaces.com\/de\/#website","url":"https:\/\/www.loopkinglaces.com\/de\/","name":"Luxury Gold Tip Shoelaces by Loop King Laces","description":"Rope Laces, Flat Waxed Laces and Leather Laces. All With Gold Tips.","publisher":{"@id":"https:\/\/www.loopkinglaces.com\/de\/#organization"},"potentialAction":[{"@type":"SearchAction","target":{"@type":"EntryPoint","urlTemplate":"https:\/\/www.loopkinglaces.com\/de\/?s={search_term_string}"},"query-input":{"@type":"PropertyValueSpecification","valueRequired":true,"valueName":"search_term_string"}}],"inLanguage":"de"},{"@type":"Organization","@id":"https:\/\/www.loopkinglaces.com\/de\/#organization","name":"Loop King Laces","url":"https:\/\/www.loopkinglaces.com\/de\/","logo":{"@type":"ImageObject","inLanguage":"de","@id":"https:\/\/www.loopkinglaces.com\/de\/#\/schema\/logo\/image\/","url":"https:\/\/www.loopkinglaces.com\/wp-content\/uploads\/LOOP-KING-LACES.1.1-01-LOGO-HI-RES-OFFICIAL-1.png","contentUrl":"https:\/\/www.loopkinglaces.com\/wp-content\/uploads\/LOOP-KING-LACES.1.1-01-LOGO-HI-RES-OFFICIAL-1.png","width":128,"height":91,"caption":"Loop King Laces"},"image":{"@id":"https:\/\/www.loopkinglaces.com\/de\/#\/schema\/logo\/image\/"},"sameAs":["https:\/\/www.facebook.com\/LoopKingLaces\/","https:\/\/x.com\/loopkinglaces","https:\/\/www.instagram.com\/loopkinglaces\/"]}]}},"_links":{"self":[{"href":"https:\/\/www.loopkinglaces.com\/de\/wp-json\/wp\/v2\/product\/67253","targetHints":{"allow":["GET"]}}],"collection":[{"href":"https:\/\/www.loopkinglaces.com\/de\/wp-json\/wp\/v2\/product"}],"about":[{"href":"https:\/\/www.loopkinglaces.com\/de\/wp-json\/wp\/v2\/types\/product"}],"replies":[{"embeddable":true,"href":"https:\/\/www.loopkinglaces.com\/de\/wp-json\/wp\/v2\/comments?post=67253"}],"wp:featuredmedia":[{"embeddable":true,"href":"https:\/\/www.loopkinglaces.com\/de\/wp-json\/wp\/v2\/media\/57907"}],"wp:attachment":[{"href":"https:\/\/www.loopkinglaces.com\/de\/wp-json\/wp\/v2\/media?parent=67253"}],"wp:term":[{"taxonomy":"product_brand","embeddable":true,"href":"https:\/\/www.loopkinglaces.com\/de\/wp-json\/wp\/v2\/product_brand?post=67253"},{"taxonomy":"product_cat","embeddable":true,"href":"https:\/\/www.loopkinglaces.com\/de\/wp-json\/wp\/v2\/product_cat?post=67253"},{"taxonomy":"product_tag","embeddable":true,"href":"https:\/\/www.loopkinglaces.com\/de\/wp-json\/wp\/v2\/product_tag?post=67253"},{"taxonomy":"woo-feed-brand","embeddable":true,"href":"https:\/\/www.loopkinglaces.com\/de\/wp-json\/wp\/v2\/woo-feed-brand?post=67253"}],"curies":[{"name":"wp","href":"https:\/\/api.w.org\/{rel}","templated":true}]}}