{"id":67197,"date":"2017-11-22T10:17:05","date_gmt":"2017-11-22T10:17:05","guid":{"rendered":"https:\/\/www.loopkinglaces.com\/products\/luxurioese-dunkelgraue-lederschnuersenkel-mit-goldenen-spitzen\/"},"modified":"2024-11-16T16:08:28","modified_gmt":"2024-11-16T16:08:28","slug":"luxurioese-dunkelgraue-lederschnuersenkel-mit-goldenen-spitzen","status":"publish","type":"product","link":"https:\/\/www.loopkinglaces.com\/de\/products\/luxurioese-dunkelgraue-lederschnuersenkel-mit-goldenen-spitzen\/","title":{"rendered":"Luxuri\u00f6se dunkelgraue Lederschn\u00fcrsenkel mit goldenen Spitzen"},"content":{"rendered":"<h3><a href=\"https:\/\/www.loopkinglaces.com\/\">Luxus Sneaker Schn\u00fcrsenkel<\/a><\/h3>\n<div>Unsere Schn\u00fcrsenkel aus echtem Leder werden mit gepr\u00e4gten Metallspitzen mit LOOP KING und unserer symbolischen Krone hergestellt. Jeder Schn\u00fcrsenkel ist 100% feuerbest\u00e4ndig, was unsere wahre Qualit\u00e4t der Schn\u00fcrsenkel zeigt. Unsere Schn\u00fcrsenkel passen f\u00fcr alle Arten von Turnschuhen und Marken wie Adidas, Nike, VANS und so weiter und machen sogar Jordan-Schuhe zu Jordan-Schn\u00fcrsenkeln mit Metallspitzen!Um die Schn\u00fcrsenkell\u00e4nge deines Sneakers herauszufinden, besuche unsere <a href=\"\/shoelace-size-chart\/\">Gr\u00f6\u00dfentabelle<\/a>, in der du die perfekte Schn\u00fcrsenkelgr\u00f6\u00dfe f\u00fcr deine Schuhe finden kannst.<\/div>\n","protected":false},"excerpt":{"rendered":"<p><strong>Dunkelgraue Lederschn\u00fcrsenkel mit goldenen Spitzen<\/strong> Loop King Laces &#8211; Unsere dunkelgrauen Lederschn\u00fcrsenkel kommen mit gepr\u00e4gten Metallspitzen. All of our Luxury Shoe Laces are made from genuine leather with the highest quality materials in both the shoelace, and the metal tip. Sieh dir unten unsere vollst\u00e4ndigen Features an:<\/p>\n<ul>\n<li>6mm Breite<\/li>\n<li>Schn\u00fcrsenkel aus echtem Leder<\/li>\n<li>100% <strong>Feuer resistent<\/strong><\/li>\n<li>Loop King Golden Aglet<\/li>\n<li>Sch\u00f6ne Loop King Verpackung<\/li>\n<\/ul>\n","protected":false},"featured_media":57921,"comment_status":"open","ping_status":"closed","template":"","meta":{"_acf_changed":false},"product_brand":[],"product_cat":[617,616,590,701,714,1835,597,746,633,753,589,606,731,592,594,620],"product_tag":[822,634,637,635,638,636],"woo-feed-brand":[],"class_list":{"0":"post-67197","1":"product","2":"type-product","3":"status-publish","4":"has-post-thumbnail","6":"product_cat-36-inch-shoelaces-de","7":"product_cat-54-shoelaces-all-fancy-and-top-quality-laces","8":"product_cat-all-shoelaces","9":"product_cat-allen-edmonds-shoe-laces-a-step-above-the-ordinary","10":"product_cat-gray-shoe-laces-de","11":"product_cat-dior-shoe-laces-de","12":"product_cat-high-end-adidas-shoelaces-to-upgrade-your-look","13":"product_cat-keen-schnursenkel-die-kunst-von-schwarz-und-grau-beherrschen","14":"product_cat-kiwi-shoe-laces-more-than-just-a-trend","15":"product_cat-lace-up-with-luxury-der-ultimative-leitfaden-fur-84-inch-stiefelschnursenkel","16":"product_cat-luxus-leder-schnursenkel","17":"product_cat-premier-doc-marten-laces-revamp-your-shoes","18":"product_cat-robuste-schnursenkel-die-fantastisch-aussehen-und-lange-halten","19":"product_cat-schnursenkel-mit-goldspitze","20":"product_cat-stylish-nike-air-force-1-laces-to-impress","21":"product_cat-the-perfect-nike-dunk-laces-that-look-amazing-are-long-lasting","22":"product_tag-dunkelgrau","23":"product_tag-footwear-de","24":"product_tag-leather-laces-de","25":"product_tag-loop-king-de","26":"product_tag-metal-tip-de","27":"product_tag-shoelaces-de","29":"first","30":"instock","31":"taxable","32":"shipping-taxable","33":"purchasable","34":"product-type-variable"},"acf":[],"yoast_head":"<!-- This site is optimized with the Yoast SEO plugin v27.4 - https:\/\/yoast.com\/product\/yoast-seo-wordpress\/ -->\n<title>Luxuri\u00f6se graue Lederschn\u00fcrsenkel mit goldenen Spitzen - von Loop King<\/title>\n<meta name=\"description\" content=\"Loop King Laces Graue Schn\u00fcrsenkel mit goldenen Spitzen sind die Nummer 1 unter den Luxus-Lederschn\u00fcrsenkeln auf dem Markt. Jeder Schn\u00fcrsenkel wird mit einer gepr\u00e4gten Metallspitze geliefert.\" \/>\n<meta name=\"robots\" content=\"index, follow, max-snippet:-1, max-image-preview:large, max-video-preview:-1\" \/>\n<link rel=\"canonical\" href=\"https:\/\/www.loopkinglaces.com\/de\/products\/luxurioese-dunkelgraue-lederschnuersenkel-mit-goldenen-spitzen\/\" \/>\n<meta property=\"og:locale\" content=\"de_DE\" \/>\n<meta property=\"og:type\" content=\"article\" \/>\n<meta property=\"og:title\" content=\"Luxuri\u00f6se graue Lederschn\u00fcrsenkel mit goldenen Spitzen - von Loop King\" \/>\n<meta property=\"og:description\" content=\"Loop King Laces Graue Schn\u00fcrsenkel mit goldenen Spitzen sind die Nummer 1 unter den Luxus-Lederschn\u00fcrsenkeln auf dem Markt. Jeder Schn\u00fcrsenkel wird mit einer gepr\u00e4gten Metallspitze geliefert.\" \/>\n<meta property=\"og:url\" content=\"https:\/\/www.loopkinglaces.com\/de\/products\/luxurioese-dunkelgraue-lederschnuersenkel-mit-goldenen-spitzen\/\" \/>\n<meta property=\"og:site_name\" content=\"Luxury Gold Tip Shoelaces by Loop King Laces\" \/>\n<meta property=\"article:publisher\" content=\"https:\/\/www.facebook.com\/LoopKingLaces\/\" \/>\n<meta property=\"article:modified_time\" content=\"2024-11-16T16:08:28+00:00\" \/>\n<meta property=\"og:image\" content=\"https:\/\/www.loopkinglaces.com\/wp-content\/uploads\/Luxury-Grey-Leather-Shoe-Laces-With-Gold-Tips.jpg\" \/>\n\t<meta property=\"og:image:width\" content=\"1000\" \/>\n\t<meta property=\"og:image:height\" content=\"1000\" \/>\n\t<meta property=\"og:image:type\" content=\"image\/jpeg\" \/>\n<meta name=\"twitter:card\" content=\"summary_large_image\" \/>\n<meta name=\"twitter:site\" content=\"@loopkinglaces\" \/>\n<script type=\"application\/ld+json\" class=\"yoast-schema-graph\">{\"@context\":\"https:\\\/\\\/schema.org\",\"@graph\":[{\"@type\":[\"WebPage\",\"ItemPage\"],\"@id\":\"https:\\\/\\\/www.loopkinglaces.com\\\/de\\\/products\\\/luxurioese-dunkelgraue-lederschnuersenkel-mit-goldenen-spitzen\\\/\",\"url\":\"https:\\\/\\\/www.loopkinglaces.com\\\/de\\\/products\\\/luxurioese-dunkelgraue-lederschnuersenkel-mit-goldenen-spitzen\\\/\",\"name\":\"Luxuri\u00f6se graue Lederschn\u00fcrsenkel mit goldenen Spitzen - von Loop King\",\"isPartOf\":{\"@id\":\"https:\\\/\\\/www.loopkinglaces.com\\\/de\\\/#website\"},\"primaryImageOfPage\":{\"@id\":\"https:\\\/\\\/www.loopkinglaces.com\\\/de\\\/products\\\/luxurioese-dunkelgraue-lederschnuersenkel-mit-goldenen-spitzen\\\/#primaryimage\"},\"image\":{\"@id\":\"https:\\\/\\\/www.loopkinglaces.com\\\/de\\\/products\\\/luxurioese-dunkelgraue-lederschnuersenkel-mit-goldenen-spitzen\\\/#primaryimage\"},\"thumbnailUrl\":\"https:\\\/\\\/www.loopkinglaces.com\\\/wp-content\\\/uploads\\\/Luxury-Grey-Leather-Shoe-Laces-With-Gold-Tips.jpg\",\"datePublished\":\"2017-11-22T10:17:05+00:00\",\"dateModified\":\"2024-11-16T16:08:28+00:00\",\"description\":\"Loop King Laces Graue Schn\u00fcrsenkel mit goldenen Spitzen sind die Nummer 1 unter den Luxus-Lederschn\u00fcrsenkeln auf dem Markt. Jeder Schn\u00fcrsenkel wird mit einer gepr\u00e4gten Metallspitze geliefert.\",\"breadcrumb\":{\"@id\":\"https:\\\/\\\/www.loopkinglaces.com\\\/de\\\/products\\\/luxurioese-dunkelgraue-lederschnuersenkel-mit-goldenen-spitzen\\\/#breadcrumb\"},\"inLanguage\":\"de\",\"potentialAction\":[{\"@type\":\"ReadAction\",\"target\":[\"https:\\\/\\\/www.loopkinglaces.com\\\/de\\\/products\\\/luxurioese-dunkelgraue-lederschnuersenkel-mit-goldenen-spitzen\\\/\"]}]},{\"@type\":\"ImageObject\",\"inLanguage\":\"de\",\"@id\":\"https:\\\/\\\/www.loopkinglaces.com\\\/de\\\/products\\\/luxurioese-dunkelgraue-lederschnuersenkel-mit-goldenen-spitzen\\\/#primaryimage\",\"url\":\"https:\\\/\\\/www.loopkinglaces.com\\\/wp-content\\\/uploads\\\/Luxury-Grey-Leather-Shoe-Laces-With-Gold-Tips.jpg\",\"contentUrl\":\"https:\\\/\\\/www.loopkinglaces.com\\\/wp-content\\\/uploads\\\/Luxury-Grey-Leather-Shoe-Laces-With-Gold-Tips.jpg\",\"width\":1000,\"height\":1000},{\"@type\":\"BreadcrumbList\",\"@id\":\"https:\\\/\\\/www.loopkinglaces.com\\\/de\\\/products\\\/luxurioese-dunkelgraue-lederschnuersenkel-mit-goldenen-spitzen\\\/#breadcrumb\",\"itemListElement\":[{\"@type\":\"ListItem\",\"position\":1,\"name\":\"Home\",\"item\":\"https:\\\/\\\/www.loopkinglaces.com\\\/de\\\/\"},{\"@type\":\"ListItem\",\"position\":2,\"name\":\"Shop\",\"item\":\"https:\\\/\\\/www.loopkinglaces.com\\\/de\\\/shop\\\/\"},{\"@type\":\"ListItem\",\"position\":3,\"name\":\"Luxuri\u00f6se dunkelgraue Lederschn\u00fcrsenkel mit goldenen Spitzen\"}]},{\"@type\":\"WebSite\",\"@id\":\"https:\\\/\\\/www.loopkinglaces.com\\\/de\\\/#website\",\"url\":\"https:\\\/\\\/www.loopkinglaces.com\\\/de\\\/\",\"name\":\"Luxury Gold Tip Shoelaces by Loop King Laces\",\"description\":\"Rope Laces, Flat Waxed Laces and Leather Laces. All With Gold Tips.\",\"publisher\":{\"@id\":\"https:\\\/\\\/www.loopkinglaces.com\\\/de\\\/#organization\"},\"potentialAction\":[{\"@type\":\"SearchAction\",\"target\":{\"@type\":\"EntryPoint\",\"urlTemplate\":\"https:\\\/\\\/www.loopkinglaces.com\\\/de\\\/?s={search_term_string}\"},\"query-input\":{\"@type\":\"PropertyValueSpecification\",\"valueRequired\":true,\"valueName\":\"search_term_string\"}}],\"inLanguage\":\"de\"},{\"@type\":\"Organization\",\"@id\":\"https:\\\/\\\/www.loopkinglaces.com\\\/de\\\/#organization\",\"name\":\"Loop King Laces\",\"url\":\"https:\\\/\\\/www.loopkinglaces.com\\\/de\\\/\",\"logo\":{\"@type\":\"ImageObject\",\"inLanguage\":\"de\",\"@id\":\"https:\\\/\\\/www.loopkinglaces.com\\\/de\\\/#\\\/schema\\\/logo\\\/image\\\/\",\"url\":\"https:\\\/\\\/www.loopkinglaces.com\\\/wp-content\\\/uploads\\\/LOOP-KING-LACES.1.1-01-LOGO-HI-RES-OFFICIAL-1.png\",\"contentUrl\":\"https:\\\/\\\/www.loopkinglaces.com\\\/wp-content\\\/uploads\\\/LOOP-KING-LACES.1.1-01-LOGO-HI-RES-OFFICIAL-1.png\",\"width\":128,\"height\":91,\"caption\":\"Loop King Laces\"},\"image\":{\"@id\":\"https:\\\/\\\/www.loopkinglaces.com\\\/de\\\/#\\\/schema\\\/logo\\\/image\\\/\"},\"sameAs\":[\"https:\\\/\\\/www.facebook.com\\\/LoopKingLaces\\\/\",\"https:\\\/\\\/x.com\\\/loopkinglaces\",\"https:\\\/\\\/www.instagram.com\\\/loopkinglaces\\\/\"]}]}<\/script>\n<!-- \/ Yoast SEO plugin. -->","yoast_head_json":{"title":"Luxuri\u00f6se graue Lederschn\u00fcrsenkel mit goldenen Spitzen - von Loop King","description":"Loop King Laces Graue Schn\u00fcrsenkel mit goldenen Spitzen sind die Nummer 1 unter den Luxus-Lederschn\u00fcrsenkeln auf dem Markt. Jeder Schn\u00fcrsenkel wird mit einer gepr\u00e4gten Metallspitze geliefert.","robots":{"index":"index","follow":"follow","max-snippet":"max-snippet:-1","max-image-preview":"max-image-preview:large","max-video-preview":"max-video-preview:-1"},"canonical":"https:\/\/www.loopkinglaces.com\/de\/products\/luxurioese-dunkelgraue-lederschnuersenkel-mit-goldenen-spitzen\/","og_locale":"de_DE","og_type":"article","og_title":"Luxuri\u00f6se graue Lederschn\u00fcrsenkel mit goldenen Spitzen - von Loop King","og_description":"Loop King Laces Graue Schn\u00fcrsenkel mit goldenen Spitzen sind die Nummer 1 unter den Luxus-Lederschn\u00fcrsenkeln auf dem Markt. Jeder Schn\u00fcrsenkel wird mit einer gepr\u00e4gten Metallspitze geliefert.","og_url":"https:\/\/www.loopkinglaces.com\/de\/products\/luxurioese-dunkelgraue-lederschnuersenkel-mit-goldenen-spitzen\/","og_site_name":"Luxury Gold Tip Shoelaces by Loop King Laces","article_publisher":"https:\/\/www.facebook.com\/LoopKingLaces\/","article_modified_time":"2024-11-16T16:08:28+00:00","og_image":[{"width":1000,"height":1000,"url":"https:\/\/www.loopkinglaces.com\/wp-content\/uploads\/Luxury-Grey-Leather-Shoe-Laces-With-Gold-Tips.jpg","type":"image\/jpeg"}],"twitter_card":"summary_large_image","twitter_site":"@loopkinglaces","schema":{"@context":"https:\/\/schema.org","@graph":[{"@type":["WebPage","ItemPage"],"@id":"https:\/\/www.loopkinglaces.com\/de\/products\/luxurioese-dunkelgraue-lederschnuersenkel-mit-goldenen-spitzen\/","url":"https:\/\/www.loopkinglaces.com\/de\/products\/luxurioese-dunkelgraue-lederschnuersenkel-mit-goldenen-spitzen\/","name":"Luxuri\u00f6se graue Lederschn\u00fcrsenkel mit goldenen Spitzen - von Loop King","isPartOf":{"@id":"https:\/\/www.loopkinglaces.com\/de\/#website"},"primaryImageOfPage":{"@id":"https:\/\/www.loopkinglaces.com\/de\/products\/luxurioese-dunkelgraue-lederschnuersenkel-mit-goldenen-spitzen\/#primaryimage"},"image":{"@id":"https:\/\/www.loopkinglaces.com\/de\/products\/luxurioese-dunkelgraue-lederschnuersenkel-mit-goldenen-spitzen\/#primaryimage"},"thumbnailUrl":"https:\/\/www.loopkinglaces.com\/wp-content\/uploads\/Luxury-Grey-Leather-Shoe-Laces-With-Gold-Tips.jpg","datePublished":"2017-11-22T10:17:05+00:00","dateModified":"2024-11-16T16:08:28+00:00","description":"Loop King Laces Graue Schn\u00fcrsenkel mit goldenen Spitzen sind die Nummer 1 unter den Luxus-Lederschn\u00fcrsenkeln auf dem Markt. Jeder Schn\u00fcrsenkel wird mit einer gepr\u00e4gten Metallspitze geliefert.","breadcrumb":{"@id":"https:\/\/www.loopkinglaces.com\/de\/products\/luxurioese-dunkelgraue-lederschnuersenkel-mit-goldenen-spitzen\/#breadcrumb"},"inLanguage":"de","potentialAction":[{"@type":"ReadAction","target":["https:\/\/www.loopkinglaces.com\/de\/products\/luxurioese-dunkelgraue-lederschnuersenkel-mit-goldenen-spitzen\/"]}]},{"@type":"ImageObject","inLanguage":"de","@id":"https:\/\/www.loopkinglaces.com\/de\/products\/luxurioese-dunkelgraue-lederschnuersenkel-mit-goldenen-spitzen\/#primaryimage","url":"https:\/\/www.loopkinglaces.com\/wp-content\/uploads\/Luxury-Grey-Leather-Shoe-Laces-With-Gold-Tips.jpg","contentUrl":"https:\/\/www.loopkinglaces.com\/wp-content\/uploads\/Luxury-Grey-Leather-Shoe-Laces-With-Gold-Tips.jpg","width":1000,"height":1000},{"@type":"BreadcrumbList","@id":"https:\/\/www.loopkinglaces.com\/de\/products\/luxurioese-dunkelgraue-lederschnuersenkel-mit-goldenen-spitzen\/#breadcrumb","itemListElement":[{"@type":"ListItem","position":1,"name":"Home","item":"https:\/\/www.loopkinglaces.com\/de\/"},{"@type":"ListItem","position":2,"name":"Shop","item":"https:\/\/www.loopkinglaces.com\/de\/shop\/"},{"@type":"ListItem","position":3,"name":"Luxuri\u00f6se dunkelgraue Lederschn\u00fcrsenkel mit goldenen Spitzen"}]},{"@type":"WebSite","@id":"https:\/\/www.loopkinglaces.com\/de\/#website","url":"https:\/\/www.loopkinglaces.com\/de\/","name":"Luxury Gold Tip Shoelaces by Loop King Laces","description":"Rope Laces, Flat Waxed Laces and Leather Laces. All With Gold Tips.","publisher":{"@id":"https:\/\/www.loopkinglaces.com\/de\/#organization"},"potentialAction":[{"@type":"SearchAction","target":{"@type":"EntryPoint","urlTemplate":"https:\/\/www.loopkinglaces.com\/de\/?s={search_term_string}"},"query-input":{"@type":"PropertyValueSpecification","valueRequired":true,"valueName":"search_term_string"}}],"inLanguage":"de"},{"@type":"Organization","@id":"https:\/\/www.loopkinglaces.com\/de\/#organization","name":"Loop King Laces","url":"https:\/\/www.loopkinglaces.com\/de\/","logo":{"@type":"ImageObject","inLanguage":"de","@id":"https:\/\/www.loopkinglaces.com\/de\/#\/schema\/logo\/image\/","url":"https:\/\/www.loopkinglaces.com\/wp-content\/uploads\/LOOP-KING-LACES.1.1-01-LOGO-HI-RES-OFFICIAL-1.png","contentUrl":"https:\/\/www.loopkinglaces.com\/wp-content\/uploads\/LOOP-KING-LACES.1.1-01-LOGO-HI-RES-OFFICIAL-1.png","width":128,"height":91,"caption":"Loop King Laces"},"image":{"@id":"https:\/\/www.loopkinglaces.com\/de\/#\/schema\/logo\/image\/"},"sameAs":["https:\/\/www.facebook.com\/LoopKingLaces\/","https:\/\/x.com\/loopkinglaces","https:\/\/www.instagram.com\/loopkinglaces\/"]}]}},"_links":{"self":[{"href":"https:\/\/www.loopkinglaces.com\/de\/wp-json\/wp\/v2\/product\/67197","targetHints":{"allow":["GET"]}}],"collection":[{"href":"https:\/\/www.loopkinglaces.com\/de\/wp-json\/wp\/v2\/product"}],"about":[{"href":"https:\/\/www.loopkinglaces.com\/de\/wp-json\/wp\/v2\/types\/product"}],"replies":[{"embeddable":true,"href":"https:\/\/www.loopkinglaces.com\/de\/wp-json\/wp\/v2\/comments?post=67197"}],"wp:featuredmedia":[{"embeddable":true,"href":"https:\/\/www.loopkinglaces.com\/de\/wp-json\/wp\/v2\/media\/57921"}],"wp:attachment":[{"href":"https:\/\/www.loopkinglaces.com\/de\/wp-json\/wp\/v2\/media?parent=67197"}],"wp:term":[{"taxonomy":"product_brand","embeddable":true,"href":"https:\/\/www.loopkinglaces.com\/de\/wp-json\/wp\/v2\/product_brand?post=67197"},{"taxonomy":"product_cat","embeddable":true,"href":"https:\/\/www.loopkinglaces.com\/de\/wp-json\/wp\/v2\/product_cat?post=67197"},{"taxonomy":"product_tag","embeddable":true,"href":"https:\/\/www.loopkinglaces.com\/de\/wp-json\/wp\/v2\/product_tag?post=67197"},{"taxonomy":"woo-feed-brand","embeddable":true,"href":"https:\/\/www.loopkinglaces.com\/de\/wp-json\/wp\/v2\/woo-feed-brand?post=67197"}],"curies":[{"name":"wp","href":"https:\/\/api.w.org\/{rel}","templated":true}]}}