{"id":67172,"date":"2022-12-02T16:27:19","date_gmt":"2022-12-02T16:27:19","guid":{"rendered":"https:\/\/www.loopkinglaces.com\/products\/rope-grau-schwarz-weiss-sweatshirt-hoodie-strings-mit-gold-tips\/"},"modified":"2024-11-09T21:32:07","modified_gmt":"2024-11-09T21:32:07","slug":"rope-grau-schwarz-weiss-sweatshirt-hoodie-strings-mit-gold-tips","status":"publish","type":"product","link":"https:\/\/www.loopkinglaces.com\/de\/products\/rope-grau-schwarz-weiss-sweatshirt-hoodie-strings-mit-gold-tips\/","title":{"rendered":"Grau Schwarz Wei\u00df Sweatshirt &#038; Hoodie Seilschn\u00fcre mit goldenen Spitzen"},"content":{"rendered":"<p>Loop King Laces bietet nur die hochwertigsten Hoodie- und Sweatshirt-Schn\u00fcre mit Goldspitze an.<br \/>\nUnsere Hoodie-Schn\u00fcre aus echtem Leder haben gepr\u00e4gte Metallspitzen mit dem LOOP KING-Logo und unserer symbolischen Krone.<br \/>\nJeder Schn\u00fcrsenkel ist zu 100% feuerfest, was die wahre Qualit\u00e4t unserer Schn\u00fcre zeigt.<\/p>\n","protected":false},"excerpt":{"rendered":"<p><strong>Rope Grey Black White Sweatshirt &amp; Hoodie Strings With Gold Tips<\/strong> Unsere Grau Schwarz Wei\u00df Sweatshirt &amp; Hoodie Seilschn\u00fcre mit goldenen Spitzen kommen mit gepr\u00e4gten Gold Tips.<br \/>\nAlle unsere Luxury Strings sind aus hochwertigen Materialien mit Metallspitzen von h\u00f6chster Qualit\u00e4t hergestellt.<br \/>\nUnsere Rope Strings halten dreimal so lange wie normale Sweatshirt- und Hoodie-Strings. Sieh dir unten unsere vollst\u00e4ndigen Features an:<\/p>\n<ul>\n<li>4 mm Breite (rund)<\/li>\n<li>Hochwertige Materialien<\/li>\n<li>Halten <strong>3 Mal l\u00e4nger<\/strong> als normale Saiten<\/li>\n<li>Loop King Golden Aglet<\/li>\n<li>Sch\u00f6ne Loop King Verpackung<\/li>\n<\/ul>\n","protected":false},"featured_media":57955,"comment_status":"open","ping_status":"closed","template":"","meta":{"_acf_changed":false},"product_brand":[],"product_cat":[696,697,808,856],"product_tag":[739,635,638,736,738,734,636,818,811],"woo-feed-brand":[],"class_list":{"0":"post-67172","1":"product","2":"type-product","3":"status-publish","4":"has-post-thumbnail","6":"product_cat-white-hoodie-string-de","7":"product_cat-a-robust-black-hoodie-string-for-a-comfy-fit-added-luxury","8":"product_cat-deluxe-hoodie-strings-mit-goldenen-spitzen-fur-einen-bequemen-sitz-und-zusatzlichen-chic","9":"product_cat-goldene-hoodie-kordelenden-die-die-lebensdauer-deiner-kordeln-verlangern","10":"product_tag-grau","11":"product_tag-loop-king-de","12":"product_tag-metal-tip-de","13":"product_tag-schnursenkel-aus-seil","14":"product_tag-schnursenkel-mit-goldspitze","15":"product_tag-schwarz","16":"product_tag-shoelaces-de","17":"product_tag-streifen","18":"product_tag-weis","20":"first","21":"instock","22":"taxable","23":"shipping-taxable","24":"purchasable","25":"product-type-variable"},"acf":[],"yoast_head":"<!-- This site is optimized with the Yoast SEO plugin v27.4 - https:\/\/yoast.com\/product\/yoast-seo-wordpress\/ -->\n<title>Grau Schwarz Wei\u00df Sweatshirt &amp; Hoodie Seilschn\u00fcre mit goldenen Spitzen<\/title>\n<meta name=\"description\" content=\"Unsere Grau Schwarz Wei\u00df Sweatshirt &amp; Hoodie Seilschn\u00fcre mit goldenen Spitzen sind die hochwertigsten Luxus-Strings auf dem Markt. Jede Schnur hat eine goldene Spitze.\" \/>\n<meta name=\"robots\" content=\"index, follow, max-snippet:-1, max-image-preview:large, max-video-preview:-1\" \/>\n<link rel=\"canonical\" href=\"https:\/\/www.loopkinglaces.com\/de\/products\/rope-grau-schwarz-weiss-sweatshirt-hoodie-strings-mit-gold-tips\/\" \/>\n<meta property=\"og:locale\" content=\"de_DE\" \/>\n<meta property=\"og:type\" content=\"article\" \/>\n<meta property=\"og:title\" content=\"Grau Schwarz Wei\u00df Sweatshirt &amp; Hoodie Seilschn\u00fcre mit goldenen Spitzen\" \/>\n<meta property=\"og:description\" content=\"Unsere Grau Schwarz Wei\u00df Sweatshirt &amp; Hoodie Seilschn\u00fcre mit goldenen Spitzen sind die hochwertigsten Luxus-Strings auf dem Markt. Jede Schnur hat eine goldene Spitze.\" \/>\n<meta property=\"og:url\" content=\"https:\/\/www.loopkinglaces.com\/de\/products\/rope-grau-schwarz-weiss-sweatshirt-hoodie-strings-mit-gold-tips\/\" \/>\n<meta property=\"og:site_name\" content=\"Luxury Gold Tip Shoelaces by Loop King Laces\" \/>\n<meta property=\"article:publisher\" content=\"https:\/\/www.facebook.com\/LoopKingLaces\/\" \/>\n<meta property=\"article:modified_time\" content=\"2024-11-09T21:32:07+00:00\" \/>\n<meta property=\"og:image\" content=\"https:\/\/www.loopkinglaces.com\/wp-content\/uploads\/grey-black-white-rope-round-shoelaces.jpg\" \/>\n\t<meta property=\"og:image:width\" content=\"1000\" \/>\n\t<meta property=\"og:image:height\" content=\"1000\" \/>\n\t<meta property=\"og:image:type\" content=\"image\/jpeg\" \/>\n<meta name=\"twitter:card\" content=\"summary_large_image\" \/>\n<meta name=\"twitter:site\" content=\"@loopkinglaces\" \/>\n<meta name=\"twitter:label1\" content=\"Gesch\u00e4tzte Lesezeit\" \/>\n\t<meta name=\"twitter:data1\" content=\"1\u00a0Minute\" \/>\n<script type=\"application\/ld+json\" class=\"yoast-schema-graph\">{\"@context\":\"https:\\\/\\\/schema.org\",\"@graph\":[{\"@type\":[\"WebPage\",\"ItemPage\"],\"@id\":\"https:\\\/\\\/www.loopkinglaces.com\\\/de\\\/products\\\/rope-grau-schwarz-weiss-sweatshirt-hoodie-strings-mit-gold-tips\\\/\",\"url\":\"https:\\\/\\\/www.loopkinglaces.com\\\/de\\\/products\\\/rope-grau-schwarz-weiss-sweatshirt-hoodie-strings-mit-gold-tips\\\/\",\"name\":\"Grau Schwarz Wei\u00df Sweatshirt & Hoodie Seilschn\u00fcre mit goldenen Spitzen\",\"isPartOf\":{\"@id\":\"https:\\\/\\\/www.loopkinglaces.com\\\/de\\\/#website\"},\"primaryImageOfPage\":{\"@id\":\"https:\\\/\\\/www.loopkinglaces.com\\\/de\\\/products\\\/rope-grau-schwarz-weiss-sweatshirt-hoodie-strings-mit-gold-tips\\\/#primaryimage\"},\"image\":{\"@id\":\"https:\\\/\\\/www.loopkinglaces.com\\\/de\\\/products\\\/rope-grau-schwarz-weiss-sweatshirt-hoodie-strings-mit-gold-tips\\\/#primaryimage\"},\"thumbnailUrl\":\"https:\\\/\\\/www.loopkinglaces.com\\\/wp-content\\\/uploads\\\/grey-black-white-rope-round-shoelaces.jpg\",\"datePublished\":\"2022-12-02T16:27:19+00:00\",\"dateModified\":\"2024-11-09T21:32:07+00:00\",\"description\":\"Unsere Grau Schwarz Wei\u00df Sweatshirt & Hoodie Seilschn\u00fcre mit goldenen Spitzen sind die hochwertigsten Luxus-Strings auf dem Markt. Jede Schnur hat eine goldene Spitze.\",\"breadcrumb\":{\"@id\":\"https:\\\/\\\/www.loopkinglaces.com\\\/de\\\/products\\\/rope-grau-schwarz-weiss-sweatshirt-hoodie-strings-mit-gold-tips\\\/#breadcrumb\"},\"inLanguage\":\"de\",\"potentialAction\":[{\"@type\":\"ReadAction\",\"target\":[\"https:\\\/\\\/www.loopkinglaces.com\\\/de\\\/products\\\/rope-grau-schwarz-weiss-sweatshirt-hoodie-strings-mit-gold-tips\\\/\"]}]},{\"@type\":\"ImageObject\",\"inLanguage\":\"de\",\"@id\":\"https:\\\/\\\/www.loopkinglaces.com\\\/de\\\/products\\\/rope-grau-schwarz-weiss-sweatshirt-hoodie-strings-mit-gold-tips\\\/#primaryimage\",\"url\":\"https:\\\/\\\/www.loopkinglaces.com\\\/wp-content\\\/uploads\\\/grey-black-white-rope-round-shoelaces.jpg\",\"contentUrl\":\"https:\\\/\\\/www.loopkinglaces.com\\\/wp-content\\\/uploads\\\/grey-black-white-rope-round-shoelaces.jpg\",\"width\":1000,\"height\":1000},{\"@type\":\"BreadcrumbList\",\"@id\":\"https:\\\/\\\/www.loopkinglaces.com\\\/de\\\/products\\\/rope-grau-schwarz-weiss-sweatshirt-hoodie-strings-mit-gold-tips\\\/#breadcrumb\",\"itemListElement\":[{\"@type\":\"ListItem\",\"position\":1,\"name\":\"Home\",\"item\":\"https:\\\/\\\/www.loopkinglaces.com\\\/de\\\/\"},{\"@type\":\"ListItem\",\"position\":2,\"name\":\"Shop\",\"item\":\"https:\\\/\\\/www.loopkinglaces.com\\\/de\\\/shop\\\/\"},{\"@type\":\"ListItem\",\"position\":3,\"name\":\"Grau Schwarz Wei\u00df Sweatshirt &#038; Hoodie Seilschn\u00fcre mit goldenen Spitzen\"}]},{\"@type\":\"WebSite\",\"@id\":\"https:\\\/\\\/www.loopkinglaces.com\\\/de\\\/#website\",\"url\":\"https:\\\/\\\/www.loopkinglaces.com\\\/de\\\/\",\"name\":\"Luxury Gold Tip Shoelaces by Loop King Laces\",\"description\":\"Rope Laces, Flat Waxed Laces and Leather Laces. All With Gold Tips.\",\"publisher\":{\"@id\":\"https:\\\/\\\/www.loopkinglaces.com\\\/de\\\/#organization\"},\"potentialAction\":[{\"@type\":\"SearchAction\",\"target\":{\"@type\":\"EntryPoint\",\"urlTemplate\":\"https:\\\/\\\/www.loopkinglaces.com\\\/de\\\/?s={search_term_string}\"},\"query-input\":{\"@type\":\"PropertyValueSpecification\",\"valueRequired\":true,\"valueName\":\"search_term_string\"}}],\"inLanguage\":\"de\"},{\"@type\":\"Organization\",\"@id\":\"https:\\\/\\\/www.loopkinglaces.com\\\/de\\\/#organization\",\"name\":\"Loop King Laces\",\"url\":\"https:\\\/\\\/www.loopkinglaces.com\\\/de\\\/\",\"logo\":{\"@type\":\"ImageObject\",\"inLanguage\":\"de\",\"@id\":\"https:\\\/\\\/www.loopkinglaces.com\\\/de\\\/#\\\/schema\\\/logo\\\/image\\\/\",\"url\":\"https:\\\/\\\/www.loopkinglaces.com\\\/wp-content\\\/uploads\\\/LOOP-KING-LACES.1.1-01-LOGO-HI-RES-OFFICIAL-1.png\",\"contentUrl\":\"https:\\\/\\\/www.loopkinglaces.com\\\/wp-content\\\/uploads\\\/LOOP-KING-LACES.1.1-01-LOGO-HI-RES-OFFICIAL-1.png\",\"width\":128,\"height\":91,\"caption\":\"Loop King Laces\"},\"image\":{\"@id\":\"https:\\\/\\\/www.loopkinglaces.com\\\/de\\\/#\\\/schema\\\/logo\\\/image\\\/\"},\"sameAs\":[\"https:\\\/\\\/www.facebook.com\\\/LoopKingLaces\\\/\",\"https:\\\/\\\/x.com\\\/loopkinglaces\",\"https:\\\/\\\/www.instagram.com\\\/loopkinglaces\\\/\"]}]}<\/script>\n<!-- \/ Yoast SEO plugin. -->","yoast_head_json":{"title":"Grau Schwarz Wei\u00df Sweatshirt & Hoodie Seilschn\u00fcre mit goldenen Spitzen","description":"Unsere Grau Schwarz Wei\u00df Sweatshirt & Hoodie Seilschn\u00fcre mit goldenen Spitzen sind die hochwertigsten Luxus-Strings auf dem Markt. Jede Schnur hat eine goldene Spitze.","robots":{"index":"index","follow":"follow","max-snippet":"max-snippet:-1","max-image-preview":"max-image-preview:large","max-video-preview":"max-video-preview:-1"},"canonical":"https:\/\/www.loopkinglaces.com\/de\/products\/rope-grau-schwarz-weiss-sweatshirt-hoodie-strings-mit-gold-tips\/","og_locale":"de_DE","og_type":"article","og_title":"Grau Schwarz Wei\u00df Sweatshirt & Hoodie Seilschn\u00fcre mit goldenen Spitzen","og_description":"Unsere Grau Schwarz Wei\u00df Sweatshirt & Hoodie Seilschn\u00fcre mit goldenen Spitzen sind die hochwertigsten Luxus-Strings auf dem Markt. Jede Schnur hat eine goldene Spitze.","og_url":"https:\/\/www.loopkinglaces.com\/de\/products\/rope-grau-schwarz-weiss-sweatshirt-hoodie-strings-mit-gold-tips\/","og_site_name":"Luxury Gold Tip Shoelaces by Loop King Laces","article_publisher":"https:\/\/www.facebook.com\/LoopKingLaces\/","article_modified_time":"2024-11-09T21:32:07+00:00","og_image":[{"width":1000,"height":1000,"url":"https:\/\/www.loopkinglaces.com\/wp-content\/uploads\/grey-black-white-rope-round-shoelaces.jpg","type":"image\/jpeg"}],"twitter_card":"summary_large_image","twitter_site":"@loopkinglaces","twitter_misc":{"Gesch\u00e4tzte Lesezeit":"1\u00a0Minute"},"schema":{"@context":"https:\/\/schema.org","@graph":[{"@type":["WebPage","ItemPage"],"@id":"https:\/\/www.loopkinglaces.com\/de\/products\/rope-grau-schwarz-weiss-sweatshirt-hoodie-strings-mit-gold-tips\/","url":"https:\/\/www.loopkinglaces.com\/de\/products\/rope-grau-schwarz-weiss-sweatshirt-hoodie-strings-mit-gold-tips\/","name":"Grau Schwarz Wei\u00df Sweatshirt & Hoodie Seilschn\u00fcre mit goldenen Spitzen","isPartOf":{"@id":"https:\/\/www.loopkinglaces.com\/de\/#website"},"primaryImageOfPage":{"@id":"https:\/\/www.loopkinglaces.com\/de\/products\/rope-grau-schwarz-weiss-sweatshirt-hoodie-strings-mit-gold-tips\/#primaryimage"},"image":{"@id":"https:\/\/www.loopkinglaces.com\/de\/products\/rope-grau-schwarz-weiss-sweatshirt-hoodie-strings-mit-gold-tips\/#primaryimage"},"thumbnailUrl":"https:\/\/www.loopkinglaces.com\/wp-content\/uploads\/grey-black-white-rope-round-shoelaces.jpg","datePublished":"2022-12-02T16:27:19+00:00","dateModified":"2024-11-09T21:32:07+00:00","description":"Unsere Grau Schwarz Wei\u00df Sweatshirt & Hoodie Seilschn\u00fcre mit goldenen Spitzen sind die hochwertigsten Luxus-Strings auf dem Markt. Jede Schnur hat eine goldene Spitze.","breadcrumb":{"@id":"https:\/\/www.loopkinglaces.com\/de\/products\/rope-grau-schwarz-weiss-sweatshirt-hoodie-strings-mit-gold-tips\/#breadcrumb"},"inLanguage":"de","potentialAction":[{"@type":"ReadAction","target":["https:\/\/www.loopkinglaces.com\/de\/products\/rope-grau-schwarz-weiss-sweatshirt-hoodie-strings-mit-gold-tips\/"]}]},{"@type":"ImageObject","inLanguage":"de","@id":"https:\/\/www.loopkinglaces.com\/de\/products\/rope-grau-schwarz-weiss-sweatshirt-hoodie-strings-mit-gold-tips\/#primaryimage","url":"https:\/\/www.loopkinglaces.com\/wp-content\/uploads\/grey-black-white-rope-round-shoelaces.jpg","contentUrl":"https:\/\/www.loopkinglaces.com\/wp-content\/uploads\/grey-black-white-rope-round-shoelaces.jpg","width":1000,"height":1000},{"@type":"BreadcrumbList","@id":"https:\/\/www.loopkinglaces.com\/de\/products\/rope-grau-schwarz-weiss-sweatshirt-hoodie-strings-mit-gold-tips\/#breadcrumb","itemListElement":[{"@type":"ListItem","position":1,"name":"Home","item":"https:\/\/www.loopkinglaces.com\/de\/"},{"@type":"ListItem","position":2,"name":"Shop","item":"https:\/\/www.loopkinglaces.com\/de\/shop\/"},{"@type":"ListItem","position":3,"name":"Grau Schwarz Wei\u00df Sweatshirt &#038; Hoodie Seilschn\u00fcre mit goldenen Spitzen"}]},{"@type":"WebSite","@id":"https:\/\/www.loopkinglaces.com\/de\/#website","url":"https:\/\/www.loopkinglaces.com\/de\/","name":"Luxury Gold Tip Shoelaces by Loop King Laces","description":"Rope Laces, Flat Waxed Laces and Leather Laces. All With Gold Tips.","publisher":{"@id":"https:\/\/www.loopkinglaces.com\/de\/#organization"},"potentialAction":[{"@type":"SearchAction","target":{"@type":"EntryPoint","urlTemplate":"https:\/\/www.loopkinglaces.com\/de\/?s={search_term_string}"},"query-input":{"@type":"PropertyValueSpecification","valueRequired":true,"valueName":"search_term_string"}}],"inLanguage":"de"},{"@type":"Organization","@id":"https:\/\/www.loopkinglaces.com\/de\/#organization","name":"Loop King Laces","url":"https:\/\/www.loopkinglaces.com\/de\/","logo":{"@type":"ImageObject","inLanguage":"de","@id":"https:\/\/www.loopkinglaces.com\/de\/#\/schema\/logo\/image\/","url":"https:\/\/www.loopkinglaces.com\/wp-content\/uploads\/LOOP-KING-LACES.1.1-01-LOGO-HI-RES-OFFICIAL-1.png","contentUrl":"https:\/\/www.loopkinglaces.com\/wp-content\/uploads\/LOOP-KING-LACES.1.1-01-LOGO-HI-RES-OFFICIAL-1.png","width":128,"height":91,"caption":"Loop King Laces"},"image":{"@id":"https:\/\/www.loopkinglaces.com\/de\/#\/schema\/logo\/image\/"},"sameAs":["https:\/\/www.facebook.com\/LoopKingLaces\/","https:\/\/x.com\/loopkinglaces","https:\/\/www.instagram.com\/loopkinglaces\/"]}]}},"_links":{"self":[{"href":"https:\/\/www.loopkinglaces.com\/de\/wp-json\/wp\/v2\/product\/67172","targetHints":{"allow":["GET"]}}],"collection":[{"href":"https:\/\/www.loopkinglaces.com\/de\/wp-json\/wp\/v2\/product"}],"about":[{"href":"https:\/\/www.loopkinglaces.com\/de\/wp-json\/wp\/v2\/types\/product"}],"replies":[{"embeddable":true,"href":"https:\/\/www.loopkinglaces.com\/de\/wp-json\/wp\/v2\/comments?post=67172"}],"wp:featuredmedia":[{"embeddable":true,"href":"https:\/\/www.loopkinglaces.com\/de\/wp-json\/wp\/v2\/media\/57955"}],"wp:attachment":[{"href":"https:\/\/www.loopkinglaces.com\/de\/wp-json\/wp\/v2\/media?parent=67172"}],"wp:term":[{"taxonomy":"product_brand","embeddable":true,"href":"https:\/\/www.loopkinglaces.com\/de\/wp-json\/wp\/v2\/product_brand?post=67172"},{"taxonomy":"product_cat","embeddable":true,"href":"https:\/\/www.loopkinglaces.com\/de\/wp-json\/wp\/v2\/product_cat?post=67172"},{"taxonomy":"product_tag","embeddable":true,"href":"https:\/\/www.loopkinglaces.com\/de\/wp-json\/wp\/v2\/product_tag?post=67172"},{"taxonomy":"woo-feed-brand","embeddable":true,"href":"https:\/\/www.loopkinglaces.com\/de\/wp-json\/wp\/v2\/woo-feed-brand?post=67172"}],"curies":[{"name":"wp","href":"https:\/\/api.w.org\/{rel}","templated":true}]}}