{"id":67100,"date":"2023-04-30T16:52:33","date_gmt":"2023-04-30T16:52:33","guid":{"rendered":"https:\/\/www.loopkinglaces.com\/products\/schwarze-zementschnuere-mit-roten-plastikspitzen\/"},"modified":"2024-11-05T23:56:46","modified_gmt":"2024-11-05T23:56:46","slug":"schwarze-zementschnuersenkel-mit-roten-plastikspitzen","status":"publish","type":"product","link":"https:\/\/www.loopkinglaces.com\/de\/products\/schwarze-zementschnuersenkel-mit-roten-plastikspitzen\/","title":{"rendered":"Schwarze Zementschn\u00fcrsenkel mit roten Plastikspitzen"},"content":{"rendered":"<p>Erfrische dein Schuhwerk mit unseren innovativen Zementschn\u00fcrsenkeln, die f\u00fcr einen Hauch von Luxus und Spa\u00df sorgen!<br \/>\nUnsere hochwertigen Schn\u00fcrsenkel haben ein auff\u00e4lliges, realistisches Zementmuster, das in verschiedenen Farben erh\u00e4ltlich ist, und gepr\u00e4gte Spitzen f\u00fcr zus\u00e4tzliche Haltbarkeit gegen Ausfransen und Risse.<br \/>\nEgal, ob du im Einkaufszentrum abh\u00e4ngst oder beim Date schick aussiehst, mit diesen einzigartigen Schn\u00fcrsenkeln sind deine Sneaker immer auf dem neuesten Stand.<\/p>\n","protected":false},"excerpt":{"rendered":"<p><strong>Schwarze Zementschn\u00fcrsenkel mit roten Plastikspitzen<\/strong> Mit unseren einzigartigen schwarzen Zementschn\u00fcrsenkeln mit schwarzen Plastikspitzen wertest du jedes Paar Sneaker auf!<br \/>\nUnsere hochwertigen Schn\u00fcrsenkel gibt es in einer Reihe von auff\u00e4lligen Farben und mit realistischen Mustern, die echtem Zement \u00e4hneln.<br \/>\nSie verleihen deinen Schuhen nicht nur ein sofortiges Upgrade, sondern verhindern durch ihre verst\u00e4rkten Spitzen auch das Ausfransen und Rei\u00dfen und sorgen so f\u00fcr eine lange Lebensdauer &#8211; perfekt, wenn du abh\u00e4ngst oder ein Date hast.<br \/>\nGib deinen geliebten Schuhen noch heute einen neuen Anstrich. Die wichtigsten Merkmale sind:<\/p>\n<ul>\n<li>Hochwertige Materialien<\/li>\n<li>Gepr\u00e4gte Spitzen<\/li>\n<li>Versiegelte &amp; atemberaubende Verpackung<\/li>\n<li>Wundersch\u00f6ner Zementdruck auf flachen Schn\u00fcrsenkeln<\/li>\n<li>Wird andere Marken \u00fcberdauern<\/li>\n<li>In verschiedenen L\u00e4ngen verf\u00fcgbar<\/li>\n<\/ul>\n","protected":false},"featured_media":58681,"comment_status":"open","ping_status":"closed","template":"","meta":{"_acf_changed":false},"product_brand":[],"product_cat":[590,709,801,792,746,795,804,605,791,744,807],"product_tag":[781,783,635,638,738,734,636,782],"woo-feed-brand":[],"class_list":{"0":"post-67100","1":"product","2":"type-product","3":"status-publish","4":"has-post-thumbnail","6":"product_cat-all-shoelaces","7":"product_cat-bold-black-boot-laces-that-will-outshine-everyone-else","8":"product_cat-footjoy-schnursenkel-auf-elite-niveau-die-dein-spiel-aufpeppen","9":"product_cat-gib-deinen-schuhen-ein-style-upgrade-mit-zementschnursenkeln","10":"product_cat-keen-schnursenkel-die-kunst-von-schwarz-und-grau-beherrschen","11":"product_cat-menschliche-ethnie-schnursenkel","12":"product_cat-merrell-schnursenkel-hassliebe","13":"product_cat-reebok-shoe-laces-renovate-your-footwear","14":"product_cat-schwarze-premium-schnursenkel-elegant-luxurios","15":"product_cat-supreme-schnursenkel-ersatz-der-dich-umhauen-wird","16":"product_cat-ugg-schnursenkel-mehr-als-nur-ein-detail","17":"product_tag-flach-gewachst","18":"product_tag-gewachst","19":"product_tag-loop-king-de","20":"product_tag-metal-tip-de","21":"product_tag-schnursenkel-mit-goldspitze","22":"product_tag-schwarz","23":"product_tag-shoelaces-de","24":"product_tag-wohnung","26":"first","27":"instock","28":"taxable","29":"shipping-taxable","30":"purchasable","31":"product-type-variable"},"acf":[],"yoast_head":"<!-- This site is optimized with the Yoast SEO plugin v27.4 - https:\/\/yoast.com\/product\/yoast-seo-wordpress\/ -->\n<title>Schwarze Zementschn\u00fcrsenkel mit roten Plastikspitzen<\/title>\n<meta name=\"description\" content=\"Mit unseren schwarzen Zementschn\u00fcrsenkeln mit roten Kunststoffspitzen kannst du deinen Stil auf ein neues Level heben. Mit ihnen kannst du jedes Paar Sneakers aufwerten.\" \/>\n<meta name=\"robots\" content=\"index, follow, max-snippet:-1, max-image-preview:large, max-video-preview:-1\" \/>\n<link rel=\"canonical\" href=\"https:\/\/www.loopkinglaces.com\/de\/products\/schwarze-zementschnuersenkel-mit-roten-plastikspitzen\/\" \/>\n<meta property=\"og:locale\" content=\"de_DE\" \/>\n<meta property=\"og:type\" content=\"article\" \/>\n<meta property=\"og:title\" content=\"Schwarze Zementschn\u00fcrsenkel mit roten Plastikspitzen\" \/>\n<meta property=\"og:description\" content=\"Mit unseren schwarzen Zementschn\u00fcrsenkeln mit roten Kunststoffspitzen kannst du deinen Stil auf ein neues Level heben. Mit ihnen kannst du jedes Paar Sneakers aufwerten.\" \/>\n<meta property=\"og:url\" content=\"https:\/\/www.loopkinglaces.com\/de\/products\/schwarze-zementschnuersenkel-mit-roten-plastikspitzen\/\" \/>\n<meta property=\"og:site_name\" content=\"Luxury Gold Tip Shoelaces by Loop King Laces\" \/>\n<meta property=\"article:publisher\" content=\"https:\/\/www.facebook.com\/LoopKingLaces\/\" \/>\n<meta property=\"article:modified_time\" content=\"2024-11-05T23:56:46+00:00\" \/>\n<meta property=\"og:image\" content=\"https:\/\/www.loopkinglaces.com\/wp-content\/uploads\/lQDPJwkk4yT1BnbNC9XNFQmwtvcsRuvUsVUESDxzgQAuAA_5385_3029.jpg\" \/>\n\t<meta property=\"og:image:width\" content=\"822\" \/>\n\t<meta property=\"og:image:height\" content=\"780\" \/>\n\t<meta property=\"og:image:type\" content=\"image\/jpeg\" \/>\n<meta name=\"twitter:card\" content=\"summary_large_image\" \/>\n<meta name=\"twitter:site\" content=\"@loopkinglaces\" \/>\n<meta name=\"twitter:label1\" content=\"Gesch\u00e4tzte Lesezeit\" \/>\n\t<meta name=\"twitter:data1\" content=\"1\u00a0Minute\" \/>\n<script type=\"application\/ld+json\" class=\"yoast-schema-graph\">{\"@context\":\"https:\\\/\\\/schema.org\",\"@graph\":[{\"@type\":[\"WebPage\",\"ItemPage\"],\"@id\":\"https:\\\/\\\/www.loopkinglaces.com\\\/de\\\/products\\\/schwarze-zementschnuersenkel-mit-roten-plastikspitzen\\\/\",\"url\":\"https:\\\/\\\/www.loopkinglaces.com\\\/de\\\/products\\\/schwarze-zementschnuersenkel-mit-roten-plastikspitzen\\\/\",\"name\":\"Schwarze Zementschn\u00fcrsenkel mit roten Plastikspitzen\",\"isPartOf\":{\"@id\":\"https:\\\/\\\/www.loopkinglaces.com\\\/de\\\/#website\"},\"primaryImageOfPage\":{\"@id\":\"https:\\\/\\\/www.loopkinglaces.com\\\/de\\\/products\\\/schwarze-zementschnuersenkel-mit-roten-plastikspitzen\\\/#primaryimage\"},\"image\":{\"@id\":\"https:\\\/\\\/www.loopkinglaces.com\\\/de\\\/products\\\/schwarze-zementschnuersenkel-mit-roten-plastikspitzen\\\/#primaryimage\"},\"thumbnailUrl\":\"https:\\\/\\\/www.loopkinglaces.com\\\/wp-content\\\/uploads\\\/lQDPJwkk4yT1BnbNC9XNFQmwtvcsRuvUsVUESDxzgQAuAA_5385_3029.jpg\",\"datePublished\":\"2023-04-30T16:52:33+00:00\",\"dateModified\":\"2024-11-05T23:56:46+00:00\",\"description\":\"Mit unseren schwarzen Zementschn\u00fcrsenkeln mit roten Kunststoffspitzen kannst du deinen Stil auf ein neues Level heben. Mit ihnen kannst du jedes Paar Sneakers aufwerten.\",\"breadcrumb\":{\"@id\":\"https:\\\/\\\/www.loopkinglaces.com\\\/de\\\/products\\\/schwarze-zementschnuersenkel-mit-roten-plastikspitzen\\\/#breadcrumb\"},\"inLanguage\":\"de\",\"potentialAction\":[{\"@type\":\"ReadAction\",\"target\":[\"https:\\\/\\\/www.loopkinglaces.com\\\/de\\\/products\\\/schwarze-zementschnuersenkel-mit-roten-plastikspitzen\\\/\"]}]},{\"@type\":\"ImageObject\",\"inLanguage\":\"de\",\"@id\":\"https:\\\/\\\/www.loopkinglaces.com\\\/de\\\/products\\\/schwarze-zementschnuersenkel-mit-roten-plastikspitzen\\\/#primaryimage\",\"url\":\"https:\\\/\\\/www.loopkinglaces.com\\\/wp-content\\\/uploads\\\/lQDPJwkk4yT1BnbNC9XNFQmwtvcsRuvUsVUESDxzgQAuAA_5385_3029.jpg\",\"contentUrl\":\"https:\\\/\\\/www.loopkinglaces.com\\\/wp-content\\\/uploads\\\/lQDPJwkk4yT1BnbNC9XNFQmwtvcsRuvUsVUESDxzgQAuAA_5385_3029.jpg\",\"width\":822,\"height\":780},{\"@type\":\"BreadcrumbList\",\"@id\":\"https:\\\/\\\/www.loopkinglaces.com\\\/de\\\/products\\\/schwarze-zementschnuersenkel-mit-roten-plastikspitzen\\\/#breadcrumb\",\"itemListElement\":[{\"@type\":\"ListItem\",\"position\":1,\"name\":\"Home\",\"item\":\"https:\\\/\\\/www.loopkinglaces.com\\\/de\\\/\"},{\"@type\":\"ListItem\",\"position\":2,\"name\":\"Shop\",\"item\":\"https:\\\/\\\/www.loopkinglaces.com\\\/de\\\/shop\\\/\"},{\"@type\":\"ListItem\",\"position\":3,\"name\":\"Schwarze Zementschn\u00fcrsenkel mit roten Plastikspitzen\"}]},{\"@type\":\"WebSite\",\"@id\":\"https:\\\/\\\/www.loopkinglaces.com\\\/de\\\/#website\",\"url\":\"https:\\\/\\\/www.loopkinglaces.com\\\/de\\\/\",\"name\":\"Luxury Gold Tip Shoelaces by Loop King Laces\",\"description\":\"Rope Laces, Flat Waxed Laces and Leather Laces. All With Gold Tips.\",\"publisher\":{\"@id\":\"https:\\\/\\\/www.loopkinglaces.com\\\/de\\\/#organization\"},\"potentialAction\":[{\"@type\":\"SearchAction\",\"target\":{\"@type\":\"EntryPoint\",\"urlTemplate\":\"https:\\\/\\\/www.loopkinglaces.com\\\/de\\\/?s={search_term_string}\"},\"query-input\":{\"@type\":\"PropertyValueSpecification\",\"valueRequired\":true,\"valueName\":\"search_term_string\"}}],\"inLanguage\":\"de\"},{\"@type\":\"Organization\",\"@id\":\"https:\\\/\\\/www.loopkinglaces.com\\\/de\\\/#organization\",\"name\":\"Loop King Laces\",\"url\":\"https:\\\/\\\/www.loopkinglaces.com\\\/de\\\/\",\"logo\":{\"@type\":\"ImageObject\",\"inLanguage\":\"de\",\"@id\":\"https:\\\/\\\/www.loopkinglaces.com\\\/de\\\/#\\\/schema\\\/logo\\\/image\\\/\",\"url\":\"https:\\\/\\\/www.loopkinglaces.com\\\/wp-content\\\/uploads\\\/LOOP-KING-LACES.1.1-01-LOGO-HI-RES-OFFICIAL-1.png\",\"contentUrl\":\"https:\\\/\\\/www.loopkinglaces.com\\\/wp-content\\\/uploads\\\/LOOP-KING-LACES.1.1-01-LOGO-HI-RES-OFFICIAL-1.png\",\"width\":128,\"height\":91,\"caption\":\"Loop King Laces\"},\"image\":{\"@id\":\"https:\\\/\\\/www.loopkinglaces.com\\\/de\\\/#\\\/schema\\\/logo\\\/image\\\/\"},\"sameAs\":[\"https:\\\/\\\/www.facebook.com\\\/LoopKingLaces\\\/\",\"https:\\\/\\\/x.com\\\/loopkinglaces\",\"https:\\\/\\\/www.instagram.com\\\/loopkinglaces\\\/\"]}]}<\/script>\n<!-- \/ Yoast SEO plugin. -->","yoast_head_json":{"title":"Schwarze Zementschn\u00fcrsenkel mit roten Plastikspitzen","description":"Mit unseren schwarzen Zementschn\u00fcrsenkeln mit roten Kunststoffspitzen kannst du deinen Stil auf ein neues Level heben. Mit ihnen kannst du jedes Paar Sneakers aufwerten.","robots":{"index":"index","follow":"follow","max-snippet":"max-snippet:-1","max-image-preview":"max-image-preview:large","max-video-preview":"max-video-preview:-1"},"canonical":"https:\/\/www.loopkinglaces.com\/de\/products\/schwarze-zementschnuersenkel-mit-roten-plastikspitzen\/","og_locale":"de_DE","og_type":"article","og_title":"Schwarze Zementschn\u00fcrsenkel mit roten Plastikspitzen","og_description":"Mit unseren schwarzen Zementschn\u00fcrsenkeln mit roten Kunststoffspitzen kannst du deinen Stil auf ein neues Level heben. Mit ihnen kannst du jedes Paar Sneakers aufwerten.","og_url":"https:\/\/www.loopkinglaces.com\/de\/products\/schwarze-zementschnuersenkel-mit-roten-plastikspitzen\/","og_site_name":"Luxury Gold Tip Shoelaces by Loop King Laces","article_publisher":"https:\/\/www.facebook.com\/LoopKingLaces\/","article_modified_time":"2024-11-05T23:56:46+00:00","og_image":[{"width":822,"height":780,"url":"https:\/\/www.loopkinglaces.com\/wp-content\/uploads\/lQDPJwkk4yT1BnbNC9XNFQmwtvcsRuvUsVUESDxzgQAuAA_5385_3029.jpg","type":"image\/jpeg"}],"twitter_card":"summary_large_image","twitter_site":"@loopkinglaces","twitter_misc":{"Gesch\u00e4tzte Lesezeit":"1\u00a0Minute"},"schema":{"@context":"https:\/\/schema.org","@graph":[{"@type":["WebPage","ItemPage"],"@id":"https:\/\/www.loopkinglaces.com\/de\/products\/schwarze-zementschnuersenkel-mit-roten-plastikspitzen\/","url":"https:\/\/www.loopkinglaces.com\/de\/products\/schwarze-zementschnuersenkel-mit-roten-plastikspitzen\/","name":"Schwarze Zementschn\u00fcrsenkel mit roten Plastikspitzen","isPartOf":{"@id":"https:\/\/www.loopkinglaces.com\/de\/#website"},"primaryImageOfPage":{"@id":"https:\/\/www.loopkinglaces.com\/de\/products\/schwarze-zementschnuersenkel-mit-roten-plastikspitzen\/#primaryimage"},"image":{"@id":"https:\/\/www.loopkinglaces.com\/de\/products\/schwarze-zementschnuersenkel-mit-roten-plastikspitzen\/#primaryimage"},"thumbnailUrl":"https:\/\/www.loopkinglaces.com\/wp-content\/uploads\/lQDPJwkk4yT1BnbNC9XNFQmwtvcsRuvUsVUESDxzgQAuAA_5385_3029.jpg","datePublished":"2023-04-30T16:52:33+00:00","dateModified":"2024-11-05T23:56:46+00:00","description":"Mit unseren schwarzen Zementschn\u00fcrsenkeln mit roten Kunststoffspitzen kannst du deinen Stil auf ein neues Level heben. Mit ihnen kannst du jedes Paar Sneakers aufwerten.","breadcrumb":{"@id":"https:\/\/www.loopkinglaces.com\/de\/products\/schwarze-zementschnuersenkel-mit-roten-plastikspitzen\/#breadcrumb"},"inLanguage":"de","potentialAction":[{"@type":"ReadAction","target":["https:\/\/www.loopkinglaces.com\/de\/products\/schwarze-zementschnuersenkel-mit-roten-plastikspitzen\/"]}]},{"@type":"ImageObject","inLanguage":"de","@id":"https:\/\/www.loopkinglaces.com\/de\/products\/schwarze-zementschnuersenkel-mit-roten-plastikspitzen\/#primaryimage","url":"https:\/\/www.loopkinglaces.com\/wp-content\/uploads\/lQDPJwkk4yT1BnbNC9XNFQmwtvcsRuvUsVUESDxzgQAuAA_5385_3029.jpg","contentUrl":"https:\/\/www.loopkinglaces.com\/wp-content\/uploads\/lQDPJwkk4yT1BnbNC9XNFQmwtvcsRuvUsVUESDxzgQAuAA_5385_3029.jpg","width":822,"height":780},{"@type":"BreadcrumbList","@id":"https:\/\/www.loopkinglaces.com\/de\/products\/schwarze-zementschnuersenkel-mit-roten-plastikspitzen\/#breadcrumb","itemListElement":[{"@type":"ListItem","position":1,"name":"Home","item":"https:\/\/www.loopkinglaces.com\/de\/"},{"@type":"ListItem","position":2,"name":"Shop","item":"https:\/\/www.loopkinglaces.com\/de\/shop\/"},{"@type":"ListItem","position":3,"name":"Schwarze Zementschn\u00fcrsenkel mit roten Plastikspitzen"}]},{"@type":"WebSite","@id":"https:\/\/www.loopkinglaces.com\/de\/#website","url":"https:\/\/www.loopkinglaces.com\/de\/","name":"Luxury Gold Tip Shoelaces by Loop King Laces","description":"Rope Laces, Flat Waxed Laces and Leather Laces. All With Gold Tips.","publisher":{"@id":"https:\/\/www.loopkinglaces.com\/de\/#organization"},"potentialAction":[{"@type":"SearchAction","target":{"@type":"EntryPoint","urlTemplate":"https:\/\/www.loopkinglaces.com\/de\/?s={search_term_string}"},"query-input":{"@type":"PropertyValueSpecification","valueRequired":true,"valueName":"search_term_string"}}],"inLanguage":"de"},{"@type":"Organization","@id":"https:\/\/www.loopkinglaces.com\/de\/#organization","name":"Loop King Laces","url":"https:\/\/www.loopkinglaces.com\/de\/","logo":{"@type":"ImageObject","inLanguage":"de","@id":"https:\/\/www.loopkinglaces.com\/de\/#\/schema\/logo\/image\/","url":"https:\/\/www.loopkinglaces.com\/wp-content\/uploads\/LOOP-KING-LACES.1.1-01-LOGO-HI-RES-OFFICIAL-1.png","contentUrl":"https:\/\/www.loopkinglaces.com\/wp-content\/uploads\/LOOP-KING-LACES.1.1-01-LOGO-HI-RES-OFFICIAL-1.png","width":128,"height":91,"caption":"Loop King Laces"},"image":{"@id":"https:\/\/www.loopkinglaces.com\/de\/#\/schema\/logo\/image\/"},"sameAs":["https:\/\/www.facebook.com\/LoopKingLaces\/","https:\/\/x.com\/loopkinglaces","https:\/\/www.instagram.com\/loopkinglaces\/"]}]}},"_links":{"self":[{"href":"https:\/\/www.loopkinglaces.com\/de\/wp-json\/wp\/v2\/product\/67100","targetHints":{"allow":["GET"]}}],"collection":[{"href":"https:\/\/www.loopkinglaces.com\/de\/wp-json\/wp\/v2\/product"}],"about":[{"href":"https:\/\/www.loopkinglaces.com\/de\/wp-json\/wp\/v2\/types\/product"}],"replies":[{"embeddable":true,"href":"https:\/\/www.loopkinglaces.com\/de\/wp-json\/wp\/v2\/comments?post=67100"}],"wp:featuredmedia":[{"embeddable":true,"href":"https:\/\/www.loopkinglaces.com\/de\/wp-json\/wp\/v2\/media\/58681"}],"wp:attachment":[{"href":"https:\/\/www.loopkinglaces.com\/de\/wp-json\/wp\/v2\/media?parent=67100"}],"wp:term":[{"taxonomy":"product_brand","embeddable":true,"href":"https:\/\/www.loopkinglaces.com\/de\/wp-json\/wp\/v2\/product_brand?post=67100"},{"taxonomy":"product_cat","embeddable":true,"href":"https:\/\/www.loopkinglaces.com\/de\/wp-json\/wp\/v2\/product_cat?post=67100"},{"taxonomy":"product_tag","embeddable":true,"href":"https:\/\/www.loopkinglaces.com\/de\/wp-json\/wp\/v2\/product_tag?post=67100"},{"taxonomy":"woo-feed-brand","embeddable":true,"href":"https:\/\/www.loopkinglaces.com\/de\/wp-json\/wp\/v2\/woo-feed-brand?post=67100"}],"curies":[{"name":"wp","href":"https:\/\/api.w.org\/{rel}","templated":true}]}}