{"id":67092,"date":"2023-07-25T14:12:30","date_gmt":"2023-07-25T14:12:30","guid":{"rendered":"https:\/\/www.loopkinglaces.com\/products\/flache-baumwollschnuersenkel-in-mokka-pink-mit-goldenen-spitzen\/"},"modified":"2024-11-05T23:51:41","modified_gmt":"2024-11-05T23:51:41","slug":"flache-baumwollschnuersenkel-in-mokka-pink-mit-goldenen-spitzen","status":"publish","type":"product","link":"https:\/\/www.loopkinglaces.com\/de\/products\/flache-baumwollschnuersenkel-in-mokka-pink-mit-goldenen-spitzen\/","title":{"rendered":"Flache Baumwollschn\u00fcrsenkel in Mokka-Pink mit goldenen Spitzen"},"content":{"rendered":"<p>Unsere Premium-Kollektion von Schn\u00fcrsenkeln besteht aus den hochwertigsten Materialien, die es gibt, und garantiert nicht nur ein makelloses Aussehen, sondern auch eine unvergleichliche Haltbarkeit.<br \/>\nIm Vergleich zu anderen Marken \u00fcbertreffen unsere LoopKing-Schn\u00fcrsenkel diese m\u00fchelos um das Dreifache.<br \/>\nAu\u00dferdem sind viele unserer Schn\u00fcrsenkel mit gepr\u00e4gten Goldspitzen versehen, die einen zus\u00e4tzlichen Hauch von Stil verleihen und vor dem Ausfransen sch\u00fctzen.<br \/>\nUnsere flachen Baumwollschn\u00fcrsenkel in Mocha Pink zum Beispiel sind speziell beschichtet, um Schmutz und Dreck zu widerstehen, und eignen sich daher ideal f\u00fcr Aktivit\u00e4ten im Freien.<br \/>\nDiese Schn\u00fcrsenkel bieten die gleiche makellose Optik und langlebige Qualit\u00e4t wie unsere anderen Sorten.<br \/>\nUm die perfekte Passform f\u00fcr deine Schuhe oder Stiefel zu ermitteln, z\u00e4hlst du einfach die \u00d6sen und siehst dir unsere <a href=\"https:\/\/www.loopkinglaces.com\/shoelace-length-chart\/\">Gr\u00f6\u00dfentabelle<\/a> an.<\/p>\n","protected":false},"excerpt":{"rendered":"<p>Erlebe den Inbegriff von Raffinesse mit unserem \u00fcppigen Sortiment an pinken Schn\u00fcrsenkeln, die f\u00fcr jeden Anlass geeignet sind.<br \/>\nGanz gleich, ob du eine Vorliebe f\u00fcr alles hast, was rosa ist, oder ob du einen gewagten und unkonventionellen Stil bevorzugst (der perfekt zu Nikes passt), unsere luxuri\u00f6sen rosafarbenen Schn\u00fcrsenkel werden allen Vorlieben gerecht.<br \/>\nF\u00fcr alle, die einen aktiven Lebensstil f\u00fchren, sind unsere flachen Schn\u00fcrsenkel aus Baumwolle in Mokka-Pink die ideale L\u00f6sung.<br \/>\nSie sind aus hochwertiger Baumwolle gefertigt, die sowohl weich als auch optisch ansprechend ist, und haben ein schlankes Design, das sie zu einer vielseitigen Wahl f\u00fcr Stiefel, Kleiderschuhe, Sneaker, Laufschuhe, Turnschuhe und vieles mehr macht.<br \/>\nSie sind universell f\u00fcr die meisten gro\u00dfen Schuhmarken geeignet, so dass du die Schn\u00fcrsenkel m\u00fchelos zwischen verschiedenen Schuhpaaren wechseln kannst. Die wichtigsten Merkmale sind:<\/p>\n<ul>\n<li style=\"font-weight: 400;\" aria-level=\"1\">Hochwertige Materialien<\/li>\n<li style=\"font-weight: 400;\" aria-level=\"1\">Versiegelte &amp; atemberaubende Verpackung<\/li>\n<li style=\"font-weight: 400;\" aria-level=\"1\">In verschiedene L\u00e4ngen verf\u00fcgbar<\/li>\n<li style=\"font-weight: 400;\" aria-level=\"1\">Passend f\u00fcr alle gro\u00dfen Marken (Nike, Adidas, Reebok, Converse, Vans)<\/li>\n<li style=\"font-weight: 400;\" aria-level=\"1\">Gepr\u00e4gte Goldspitzen<\/li>\n<li style=\"font-weight: 400;\" aria-level=\"1\">Ein leuchtendes Pink, das die Aufmerksamkeit auf sich zieht<\/li>\n<\/ul>\n","protected":false},"featured_media":58688,"comment_status":"open","ping_status":"closed","template":"","meta":{"_acf_changed":false},"product_brand":[],"product_cat":[695,590,713,795,758,843,767,803,775,592,844],"product_tag":[781,783,635,638,738,734,636,782],"woo-feed-brand":[],"class_list":{"0":"post-67092","1":"product","2":"type-product","3":"status-publish","4":"has-post-thumbnail","6":"product_cat-jordan-1-biohack-pink-laces-de","7":"product_cat-all-shoelaces","8":"product_cat-chunky-laces-the-unsung-heroes-of-shoe-fashion","9":"product_cat-menschliche-ethnie-schnursenkel","10":"product_cat-modische-farbige-schnursenkel-fur-turnschuhe","11":"product_cat-pinke-nike-schnursenkel-geben-deinen-schuhen-einen-farbklecks","12":"product_cat-premium-baumwollschnursenkel-die-andere-marken-in-jeder-hinsicht-ubertreffen","13":"product_cat-premium-ultraboost-schnursenkel-fur-die-elektrifizierung-deiner-schuhe","14":"product_cat-rollschuh-schnursenkel-der-unbesungene-held-der-rollschuhbahn","15":"product_cat-schnursenkel-mit-goldspitze","16":"product_cat-travis-scott-pinke-schnursenkel-fur-ein-lebendiges-schuhwerk-upgrade","17":"product_tag-flach-gewachst","18":"product_tag-gewachst","19":"product_tag-loop-king-de","20":"product_tag-metal-tip-de","21":"product_tag-schnursenkel-mit-goldspitze","22":"product_tag-schwarz","23":"product_tag-shoelaces-de","24":"product_tag-wohnung","26":"first","27":"instock","28":"taxable","29":"shipping-taxable","30":"purchasable","31":"product-type-variable"},"acf":[],"yoast_head":"<!-- This site is optimized with the Yoast SEO plugin v27.4 - https:\/\/yoast.com\/product\/yoast-seo-wordpress\/ -->\n<title>Flache Baumwollschn\u00fcrsenkel in Mokka-Pink mit goldenen Spitzen<\/title>\n<meta name=\"description\" content=\"Entdecke unsere exquisite Auswahl an rosafarbenen Schn\u00fcrsenkeln aus langlebigen Materialien, die jedes gew\u00f6hnliche Paar Schuhe aufwerten.\" \/>\n<meta name=\"robots\" content=\"index, follow, max-snippet:-1, max-image-preview:large, max-video-preview:-1\" \/>\n<link rel=\"canonical\" href=\"https:\/\/www.loopkinglaces.com\/de\/products\/flache-baumwollschnuersenkel-in-mokka-pink-mit-goldenen-spitzen\/\" \/>\n<meta property=\"og:locale\" content=\"de_DE\" \/>\n<meta property=\"og:type\" content=\"article\" \/>\n<meta property=\"og:title\" content=\"Flache Baumwollschn\u00fcrsenkel in Mokka-Pink mit goldenen Spitzen\" \/>\n<meta property=\"og:description\" content=\"Entdecke unsere exquisite Auswahl an rosafarbenen Schn\u00fcrsenkeln aus langlebigen Materialien, die jedes gew\u00f6hnliche Paar Schuhe aufwerten.\" \/>\n<meta property=\"og:url\" content=\"https:\/\/www.loopkinglaces.com\/de\/products\/flache-baumwollschnuersenkel-in-mokka-pink-mit-goldenen-spitzen\/\" \/>\n<meta property=\"og:site_name\" content=\"Luxury Gold Tip Shoelaces by Loop King Laces\" \/>\n<meta property=\"article:publisher\" content=\"https:\/\/www.facebook.com\/LoopKingLaces\/\" \/>\n<meta property=\"article:modified_time\" content=\"2024-11-05T23:51:41+00:00\" \/>\n<meta property=\"og:image\" content=\"https:\/\/www.loopkinglaces.com\/wp-content\/uploads\/IMG_2255.jpg\" \/>\n\t<meta property=\"og:image:width\" content=\"2100\" \/>\n\t<meta property=\"og:image:height\" content=\"1856\" \/>\n\t<meta property=\"og:image:type\" content=\"image\/jpeg\" \/>\n<meta name=\"twitter:card\" content=\"summary_large_image\" \/>\n<meta name=\"twitter:site\" content=\"@loopkinglaces\" \/>\n<meta name=\"twitter:label1\" content=\"Gesch\u00e4tzte Lesezeit\" \/>\n\t<meta name=\"twitter:data1\" content=\"1\u00a0Minute\" \/>\n<script type=\"application\/ld+json\" class=\"yoast-schema-graph\">{\"@context\":\"https:\\\/\\\/schema.org\",\"@graph\":[{\"@type\":[\"WebPage\",\"ItemPage\"],\"@id\":\"https:\\\/\\\/www.loopkinglaces.com\\\/de\\\/products\\\/flache-baumwollschnuersenkel-in-mokka-pink-mit-goldenen-spitzen\\\/\",\"url\":\"https:\\\/\\\/www.loopkinglaces.com\\\/de\\\/products\\\/flache-baumwollschnuersenkel-in-mokka-pink-mit-goldenen-spitzen\\\/\",\"name\":\"Flache Baumwollschn\u00fcrsenkel in Mokka-Pink mit goldenen Spitzen\",\"isPartOf\":{\"@id\":\"https:\\\/\\\/www.loopkinglaces.com\\\/de\\\/#website\"},\"primaryImageOfPage\":{\"@id\":\"https:\\\/\\\/www.loopkinglaces.com\\\/de\\\/products\\\/flache-baumwollschnuersenkel-in-mokka-pink-mit-goldenen-spitzen\\\/#primaryimage\"},\"image\":{\"@id\":\"https:\\\/\\\/www.loopkinglaces.com\\\/de\\\/products\\\/flache-baumwollschnuersenkel-in-mokka-pink-mit-goldenen-spitzen\\\/#primaryimage\"},\"thumbnailUrl\":\"https:\\\/\\\/www.loopkinglaces.com\\\/wp-content\\\/uploads\\\/IMG_2255.jpg\",\"datePublished\":\"2023-07-25T14:12:30+00:00\",\"dateModified\":\"2024-11-05T23:51:41+00:00\",\"description\":\"Entdecke unsere exquisite Auswahl an rosafarbenen Schn\u00fcrsenkeln aus langlebigen Materialien, die jedes gew\u00f6hnliche Paar Schuhe aufwerten.\",\"breadcrumb\":{\"@id\":\"https:\\\/\\\/www.loopkinglaces.com\\\/de\\\/products\\\/flache-baumwollschnuersenkel-in-mokka-pink-mit-goldenen-spitzen\\\/#breadcrumb\"},\"inLanguage\":\"de\",\"potentialAction\":[{\"@type\":\"ReadAction\",\"target\":[\"https:\\\/\\\/www.loopkinglaces.com\\\/de\\\/products\\\/flache-baumwollschnuersenkel-in-mokka-pink-mit-goldenen-spitzen\\\/\"]}]},{\"@type\":\"ImageObject\",\"inLanguage\":\"de\",\"@id\":\"https:\\\/\\\/www.loopkinglaces.com\\\/de\\\/products\\\/flache-baumwollschnuersenkel-in-mokka-pink-mit-goldenen-spitzen\\\/#primaryimage\",\"url\":\"https:\\\/\\\/www.loopkinglaces.com\\\/wp-content\\\/uploads\\\/IMG_2255.jpg\",\"contentUrl\":\"https:\\\/\\\/www.loopkinglaces.com\\\/wp-content\\\/uploads\\\/IMG_2255.jpg\",\"width\":2100,\"height\":1856},{\"@type\":\"BreadcrumbList\",\"@id\":\"https:\\\/\\\/www.loopkinglaces.com\\\/de\\\/products\\\/flache-baumwollschnuersenkel-in-mokka-pink-mit-goldenen-spitzen\\\/#breadcrumb\",\"itemListElement\":[{\"@type\":\"ListItem\",\"position\":1,\"name\":\"Home\",\"item\":\"https:\\\/\\\/www.loopkinglaces.com\\\/de\\\/\"},{\"@type\":\"ListItem\",\"position\":2,\"name\":\"Shop\",\"item\":\"https:\\\/\\\/www.loopkinglaces.com\\\/de\\\/shop\\\/\"},{\"@type\":\"ListItem\",\"position\":3,\"name\":\"Flache Baumwollschn\u00fcrsenkel in Mokka-Pink mit goldenen Spitzen\"}]},{\"@type\":\"WebSite\",\"@id\":\"https:\\\/\\\/www.loopkinglaces.com\\\/de\\\/#website\",\"url\":\"https:\\\/\\\/www.loopkinglaces.com\\\/de\\\/\",\"name\":\"Luxury Gold Tip Shoelaces by Loop King Laces\",\"description\":\"Rope Laces, Flat Waxed Laces and Leather Laces. All With Gold Tips.\",\"publisher\":{\"@id\":\"https:\\\/\\\/www.loopkinglaces.com\\\/de\\\/#organization\"},\"potentialAction\":[{\"@type\":\"SearchAction\",\"target\":{\"@type\":\"EntryPoint\",\"urlTemplate\":\"https:\\\/\\\/www.loopkinglaces.com\\\/de\\\/?s={search_term_string}\"},\"query-input\":{\"@type\":\"PropertyValueSpecification\",\"valueRequired\":true,\"valueName\":\"search_term_string\"}}],\"inLanguage\":\"de\"},{\"@type\":\"Organization\",\"@id\":\"https:\\\/\\\/www.loopkinglaces.com\\\/de\\\/#organization\",\"name\":\"Loop King Laces\",\"url\":\"https:\\\/\\\/www.loopkinglaces.com\\\/de\\\/\",\"logo\":{\"@type\":\"ImageObject\",\"inLanguage\":\"de\",\"@id\":\"https:\\\/\\\/www.loopkinglaces.com\\\/de\\\/#\\\/schema\\\/logo\\\/image\\\/\",\"url\":\"https:\\\/\\\/www.loopkinglaces.com\\\/wp-content\\\/uploads\\\/LOOP-KING-LACES.1.1-01-LOGO-HI-RES-OFFICIAL-1.png\",\"contentUrl\":\"https:\\\/\\\/www.loopkinglaces.com\\\/wp-content\\\/uploads\\\/LOOP-KING-LACES.1.1-01-LOGO-HI-RES-OFFICIAL-1.png\",\"width\":128,\"height\":91,\"caption\":\"Loop King Laces\"},\"image\":{\"@id\":\"https:\\\/\\\/www.loopkinglaces.com\\\/de\\\/#\\\/schema\\\/logo\\\/image\\\/\"},\"sameAs\":[\"https:\\\/\\\/www.facebook.com\\\/LoopKingLaces\\\/\",\"https:\\\/\\\/x.com\\\/loopkinglaces\",\"https:\\\/\\\/www.instagram.com\\\/loopkinglaces\\\/\"]}]}<\/script>\n<!-- \/ Yoast SEO plugin. -->","yoast_head_json":{"title":"Flache Baumwollschn\u00fcrsenkel in Mokka-Pink mit goldenen Spitzen","description":"Entdecke unsere exquisite Auswahl an rosafarbenen Schn\u00fcrsenkeln aus langlebigen Materialien, die jedes gew\u00f6hnliche Paar Schuhe aufwerten.","robots":{"index":"index","follow":"follow","max-snippet":"max-snippet:-1","max-image-preview":"max-image-preview:large","max-video-preview":"max-video-preview:-1"},"canonical":"https:\/\/www.loopkinglaces.com\/de\/products\/flache-baumwollschnuersenkel-in-mokka-pink-mit-goldenen-spitzen\/","og_locale":"de_DE","og_type":"article","og_title":"Flache Baumwollschn\u00fcrsenkel in Mokka-Pink mit goldenen Spitzen","og_description":"Entdecke unsere exquisite Auswahl an rosafarbenen Schn\u00fcrsenkeln aus langlebigen Materialien, die jedes gew\u00f6hnliche Paar Schuhe aufwerten.","og_url":"https:\/\/www.loopkinglaces.com\/de\/products\/flache-baumwollschnuersenkel-in-mokka-pink-mit-goldenen-spitzen\/","og_site_name":"Luxury Gold Tip Shoelaces by Loop King Laces","article_publisher":"https:\/\/www.facebook.com\/LoopKingLaces\/","article_modified_time":"2024-11-05T23:51:41+00:00","og_image":[{"width":2100,"height":1856,"url":"https:\/\/www.loopkinglaces.com\/wp-content\/uploads\/IMG_2255.jpg","type":"image\/jpeg"}],"twitter_card":"summary_large_image","twitter_site":"@loopkinglaces","twitter_misc":{"Gesch\u00e4tzte Lesezeit":"1\u00a0Minute"},"schema":{"@context":"https:\/\/schema.org","@graph":[{"@type":["WebPage","ItemPage"],"@id":"https:\/\/www.loopkinglaces.com\/de\/products\/flache-baumwollschnuersenkel-in-mokka-pink-mit-goldenen-spitzen\/","url":"https:\/\/www.loopkinglaces.com\/de\/products\/flache-baumwollschnuersenkel-in-mokka-pink-mit-goldenen-spitzen\/","name":"Flache Baumwollschn\u00fcrsenkel in Mokka-Pink mit goldenen Spitzen","isPartOf":{"@id":"https:\/\/www.loopkinglaces.com\/de\/#website"},"primaryImageOfPage":{"@id":"https:\/\/www.loopkinglaces.com\/de\/products\/flache-baumwollschnuersenkel-in-mokka-pink-mit-goldenen-spitzen\/#primaryimage"},"image":{"@id":"https:\/\/www.loopkinglaces.com\/de\/products\/flache-baumwollschnuersenkel-in-mokka-pink-mit-goldenen-spitzen\/#primaryimage"},"thumbnailUrl":"https:\/\/www.loopkinglaces.com\/wp-content\/uploads\/IMG_2255.jpg","datePublished":"2023-07-25T14:12:30+00:00","dateModified":"2024-11-05T23:51:41+00:00","description":"Entdecke unsere exquisite Auswahl an rosafarbenen Schn\u00fcrsenkeln aus langlebigen Materialien, die jedes gew\u00f6hnliche Paar Schuhe aufwerten.","breadcrumb":{"@id":"https:\/\/www.loopkinglaces.com\/de\/products\/flache-baumwollschnuersenkel-in-mokka-pink-mit-goldenen-spitzen\/#breadcrumb"},"inLanguage":"de","potentialAction":[{"@type":"ReadAction","target":["https:\/\/www.loopkinglaces.com\/de\/products\/flache-baumwollschnuersenkel-in-mokka-pink-mit-goldenen-spitzen\/"]}]},{"@type":"ImageObject","inLanguage":"de","@id":"https:\/\/www.loopkinglaces.com\/de\/products\/flache-baumwollschnuersenkel-in-mokka-pink-mit-goldenen-spitzen\/#primaryimage","url":"https:\/\/www.loopkinglaces.com\/wp-content\/uploads\/IMG_2255.jpg","contentUrl":"https:\/\/www.loopkinglaces.com\/wp-content\/uploads\/IMG_2255.jpg","width":2100,"height":1856},{"@type":"BreadcrumbList","@id":"https:\/\/www.loopkinglaces.com\/de\/products\/flache-baumwollschnuersenkel-in-mokka-pink-mit-goldenen-spitzen\/#breadcrumb","itemListElement":[{"@type":"ListItem","position":1,"name":"Home","item":"https:\/\/www.loopkinglaces.com\/de\/"},{"@type":"ListItem","position":2,"name":"Shop","item":"https:\/\/www.loopkinglaces.com\/de\/shop\/"},{"@type":"ListItem","position":3,"name":"Flache Baumwollschn\u00fcrsenkel in Mokka-Pink mit goldenen Spitzen"}]},{"@type":"WebSite","@id":"https:\/\/www.loopkinglaces.com\/de\/#website","url":"https:\/\/www.loopkinglaces.com\/de\/","name":"Luxury Gold Tip Shoelaces by Loop King Laces","description":"Rope Laces, Flat Waxed Laces and Leather Laces. All With Gold Tips.","publisher":{"@id":"https:\/\/www.loopkinglaces.com\/de\/#organization"},"potentialAction":[{"@type":"SearchAction","target":{"@type":"EntryPoint","urlTemplate":"https:\/\/www.loopkinglaces.com\/de\/?s={search_term_string}"},"query-input":{"@type":"PropertyValueSpecification","valueRequired":true,"valueName":"search_term_string"}}],"inLanguage":"de"},{"@type":"Organization","@id":"https:\/\/www.loopkinglaces.com\/de\/#organization","name":"Loop King Laces","url":"https:\/\/www.loopkinglaces.com\/de\/","logo":{"@type":"ImageObject","inLanguage":"de","@id":"https:\/\/www.loopkinglaces.com\/de\/#\/schema\/logo\/image\/","url":"https:\/\/www.loopkinglaces.com\/wp-content\/uploads\/LOOP-KING-LACES.1.1-01-LOGO-HI-RES-OFFICIAL-1.png","contentUrl":"https:\/\/www.loopkinglaces.com\/wp-content\/uploads\/LOOP-KING-LACES.1.1-01-LOGO-HI-RES-OFFICIAL-1.png","width":128,"height":91,"caption":"Loop King Laces"},"image":{"@id":"https:\/\/www.loopkinglaces.com\/de\/#\/schema\/logo\/image\/"},"sameAs":["https:\/\/www.facebook.com\/LoopKingLaces\/","https:\/\/x.com\/loopkinglaces","https:\/\/www.instagram.com\/loopkinglaces\/"]}]}},"_links":{"self":[{"href":"https:\/\/www.loopkinglaces.com\/de\/wp-json\/wp\/v2\/product\/67092","targetHints":{"allow":["GET"]}}],"collection":[{"href":"https:\/\/www.loopkinglaces.com\/de\/wp-json\/wp\/v2\/product"}],"about":[{"href":"https:\/\/www.loopkinglaces.com\/de\/wp-json\/wp\/v2\/types\/product"}],"replies":[{"embeddable":true,"href":"https:\/\/www.loopkinglaces.com\/de\/wp-json\/wp\/v2\/comments?post=67092"}],"wp:featuredmedia":[{"embeddable":true,"href":"https:\/\/www.loopkinglaces.com\/de\/wp-json\/wp\/v2\/media\/58688"}],"wp:attachment":[{"href":"https:\/\/www.loopkinglaces.com\/de\/wp-json\/wp\/v2\/media?parent=67092"}],"wp:term":[{"taxonomy":"product_brand","embeddable":true,"href":"https:\/\/www.loopkinglaces.com\/de\/wp-json\/wp\/v2\/product_brand?post=67092"},{"taxonomy":"product_cat","embeddable":true,"href":"https:\/\/www.loopkinglaces.com\/de\/wp-json\/wp\/v2\/product_cat?post=67092"},{"taxonomy":"product_tag","embeddable":true,"href":"https:\/\/www.loopkinglaces.com\/de\/wp-json\/wp\/v2\/product_tag?post=67092"},{"taxonomy":"woo-feed-brand","embeddable":true,"href":"https:\/\/www.loopkinglaces.com\/de\/wp-json\/wp\/v2\/woo-feed-brand?post=67092"}],"curies":[{"name":"wp","href":"https:\/\/api.w.org\/{rel}","templated":true}]}}