{"id":67078,"date":"2023-04-30T16:03:45","date_gmt":"2023-04-30T16:03:45","guid":{"rendered":"https:\/\/www.loopkinglaces.com\/products\/weisse-zementschnuere-mit-roten-plastikspitzen\/"},"modified":"2024-11-05T23:58:49","modified_gmt":"2024-11-05T23:58:49","slug":"weisse-zementschnuere-mit-roten-plastikspitzen","status":"publish","type":"product","link":"https:\/\/www.loopkinglaces.com\/de\/products\/weisse-zementschnuere-mit-roten-plastikspitzen\/","title":{"rendered":"Wei\u00dfe Zementschn\u00fcre mit roten Plastikspitzen"},"content":{"rendered":"<p>Wenn du deinem Lieblingssneaker einen einzigartigen Look verpassen willst, dann sind unsere Zementschn\u00fcrsenkel die perfekte Wahl!<br \/>\nMit ihrem realistischen Aufdruck, der mit verschiedenen Farben gemustert ist, und den gepr\u00e4gten Spitzen f\u00fcr zus\u00e4tzliche Haltbarkeit verwandeln diese hochwertigen Schn\u00fcrsenkel jeden Sneaker-Look von einem l\u00e4ssigen Alltagslook in einen beeindruckenden Look.<br \/>\nEgal, ob du zu Hause chillst oder zu einem Date gehst, mit unseren rustikal-schicken wei\u00dfen Zementschn\u00fcrsenkeln mit roten Kunststoffspitzen kannst du deine Sneaker stilvoll in Szene setzen.<\/p>\n","protected":false},"excerpt":{"rendered":"<p><strong>Wei\u00dfe Zementschn\u00fcrsenkel mit roten Kunststoffspitzen<\/strong> Du m\u00f6chtest deinen Sneakern einen einzigartigen Touch geben und gleichzeitig ein hochwertiges Flair vermitteln?<br \/>\nUnsere wei\u00dfen Zementschn\u00fcrsenkel mit roten Kunststoffspitzen sind die perfekte L\u00f6sung!<br \/>\nDiese speziellen Schn\u00fcrsenkel mit realistischem Muster und gepr\u00e4gten Spitzen gibt es in verschiedenen Farben und mit unterschiedlich farbigen Mustern f\u00fcr zus\u00e4tzliche Abwechslung.<br \/>\nSie bieten hochwertige Materialien, die andere Marken \u00fcberdauern &#8211; warum also nicht jeden Anlass zu etwas Besonderem machen, indem du deine Schuhe mit unserem modischen Beton-Look aufwertest? Die wichtigsten Merkmale sind:<\/p>\n<ul>\n<li><span style=\"font-weight: 400;\">Hochwertige Materialien<\/span><\/li>\n<li><span style=\"font-weight: 400;\">Gepr\u00e4gte Spitzen<\/span><\/li>\n<li><span style=\"font-weight: 400;\">Versiegelte &amp; atemberaubende Verpackung <\/span><\/li>\n<li><span style=\"font-weight: 400;\">Wundersch\u00f6ner Zementdruck auf flachen Schn\u00fcrsenkeln <\/span><\/li>\n<li><span style=\"font-weight: 400;\">Wird andere Marken \u00fcberdauern<\/span><\/li>\n<li><span style=\"font-weight: 400;\">In verschiedenen L\u00e4ngen verf\u00fcgbar <\/span><\/li>\n<\/ul>\n","protected":false},"featured_media":58657,"comment_status":"open","ping_status":"closed","template":"","meta":{"_acf_changed":false},"product_brand":[],"product_cat":[617,691,700,590,715,759,761,745,792,632,837,831],"product_tag":[781,783,635,638,738,734,636,782],"woo-feed-brand":[],"class_list":{"0":"post-67078","1":"product","2":"type-product","3":"status-publish","4":"has-post-thumbnail","6":"product_cat-36-inch-shoelaces-de","7":"product_cat-63-inch-boot-laces-de","8":"product_cat-all-fantastic-laces-for-lebron-shoes","9":"product_cat-all-shoelaces","10":"product_cat-white-laces-de","11":"product_cat-deluxe-ersatzschnursenkel-fur-sneaker-turnschuhe-stiefel-und-mehr","12":"product_cat-elite-level-jordan-1-bordeaux-weise-schnursenkel-die-luxurios-aussehen","13":"product_cat-erhohe-dein-hoka-erlebnis-nicht-nur-schnursenkel-sondern-statements-in-neutralen-farbtonen","14":"product_cat-gib-deinen-schuhen-ein-style-upgrade-mit-zementschnursenkeln","15":"product_cat-lanvin-shoe-laces-elevate-every-step-you-take","16":"product_cat-nike-fly-knit-schnursenkel","17":"product_cat-weise-nike-schnursenkel-die-so-hell-wie-ein-stern-leuchten","18":"product_tag-flach-gewachst","19":"product_tag-gewachst","20":"product_tag-loop-king-de","21":"product_tag-metal-tip-de","22":"product_tag-schnursenkel-mit-goldspitze","23":"product_tag-schwarz","24":"product_tag-shoelaces-de","25":"product_tag-wohnung","27":"first","28":"instock","29":"taxable","30":"shipping-taxable","31":"purchasable","32":"product-type-variable"},"acf":[],"yoast_head":"<!-- This site is optimized with the Yoast SEO plugin v27.4 - https:\/\/yoast.com\/product\/yoast-seo-wordpress\/ -->\n<title>Wei\u00dfe Zementschn\u00fcre mit roten Plastikspitzen<\/title>\n<meta name=\"description\" content=\"F\u00fchlen sich deine Schuhe ein bisschen langweilig an? Verwandle sie in etwas Einzigartiges und supercooles mit unserer Auswahl an wei\u00dfen Zementschn\u00fcren mit roten Plastikspitzen.\" \/>\n<meta name=\"robots\" content=\"index, follow, max-snippet:-1, max-image-preview:large, max-video-preview:-1\" \/>\n<link rel=\"canonical\" href=\"https:\/\/www.loopkinglaces.com\/de\/products\/weisse-zementschnuere-mit-roten-plastikspitzen\/\" \/>\n<meta property=\"og:locale\" content=\"de_DE\" \/>\n<meta property=\"og:type\" content=\"article\" \/>\n<meta property=\"og:title\" content=\"Wei\u00dfe Zementschn\u00fcre mit roten Plastikspitzen\" \/>\n<meta property=\"og:description\" content=\"F\u00fchlen sich deine Schuhe ein bisschen langweilig an? Verwandle sie in etwas Einzigartiges und supercooles mit unserer Auswahl an wei\u00dfen Zementschn\u00fcren mit roten Plastikspitzen.\" \/>\n<meta property=\"og:url\" content=\"https:\/\/www.loopkinglaces.com\/de\/products\/weisse-zementschnuere-mit-roten-plastikspitzen\/\" \/>\n<meta property=\"og:site_name\" content=\"Luxury Gold Tip Shoelaces by Loop King Laces\" \/>\n<meta property=\"article:publisher\" content=\"https:\/\/www.facebook.com\/LoopKingLaces\/\" \/>\n<meta property=\"article:modified_time\" content=\"2024-11-05T23:58:49+00:00\" \/>\n<meta property=\"og:image\" content=\"https:\/\/www.loopkinglaces.com\/wp-content\/uploads\/MG_1517.jpg\" \/>\n\t<meta property=\"og:image:width\" content=\"826\" \/>\n\t<meta property=\"og:image:height\" content=\"796\" \/>\n\t<meta property=\"og:image:type\" content=\"image\/jpeg\" \/>\n<meta name=\"twitter:card\" content=\"summary_large_image\" \/>\n<meta name=\"twitter:site\" content=\"@loopkinglaces\" \/>\n<meta name=\"twitter:label1\" content=\"Gesch\u00e4tzte Lesezeit\" \/>\n\t<meta name=\"twitter:data1\" content=\"1\u00a0Minute\" \/>\n<script type=\"application\/ld+json\" class=\"yoast-schema-graph\">{\"@context\":\"https:\\\/\\\/schema.org\",\"@graph\":[{\"@type\":[\"WebPage\",\"ItemPage\"],\"@id\":\"https:\\\/\\\/www.loopkinglaces.com\\\/de\\\/products\\\/weisse-zementschnuere-mit-roten-plastikspitzen\\\/\",\"url\":\"https:\\\/\\\/www.loopkinglaces.com\\\/de\\\/products\\\/weisse-zementschnuere-mit-roten-plastikspitzen\\\/\",\"name\":\"Wei\u00dfe Zementschn\u00fcre mit roten Plastikspitzen\",\"isPartOf\":{\"@id\":\"https:\\\/\\\/www.loopkinglaces.com\\\/de\\\/#website\"},\"primaryImageOfPage\":{\"@id\":\"https:\\\/\\\/www.loopkinglaces.com\\\/de\\\/products\\\/weisse-zementschnuere-mit-roten-plastikspitzen\\\/#primaryimage\"},\"image\":{\"@id\":\"https:\\\/\\\/www.loopkinglaces.com\\\/de\\\/products\\\/weisse-zementschnuere-mit-roten-plastikspitzen\\\/#primaryimage\"},\"thumbnailUrl\":\"https:\\\/\\\/www.loopkinglaces.com\\\/wp-content\\\/uploads\\\/MG_1517.jpg\",\"datePublished\":\"2023-04-30T16:03:45+00:00\",\"dateModified\":\"2024-11-05T23:58:49+00:00\",\"description\":\"F\u00fchlen sich deine Schuhe ein bisschen langweilig an? Verwandle sie in etwas Einzigartiges und supercooles mit unserer Auswahl an wei\u00dfen Zementschn\u00fcren mit roten Plastikspitzen.\",\"breadcrumb\":{\"@id\":\"https:\\\/\\\/www.loopkinglaces.com\\\/de\\\/products\\\/weisse-zementschnuere-mit-roten-plastikspitzen\\\/#breadcrumb\"},\"inLanguage\":\"de\",\"potentialAction\":[{\"@type\":\"ReadAction\",\"target\":[\"https:\\\/\\\/www.loopkinglaces.com\\\/de\\\/products\\\/weisse-zementschnuere-mit-roten-plastikspitzen\\\/\"]}]},{\"@type\":\"ImageObject\",\"inLanguage\":\"de\",\"@id\":\"https:\\\/\\\/www.loopkinglaces.com\\\/de\\\/products\\\/weisse-zementschnuere-mit-roten-plastikspitzen\\\/#primaryimage\",\"url\":\"https:\\\/\\\/www.loopkinglaces.com\\\/wp-content\\\/uploads\\\/MG_1517.jpg\",\"contentUrl\":\"https:\\\/\\\/www.loopkinglaces.com\\\/wp-content\\\/uploads\\\/MG_1517.jpg\",\"width\":826,\"height\":796},{\"@type\":\"BreadcrumbList\",\"@id\":\"https:\\\/\\\/www.loopkinglaces.com\\\/de\\\/products\\\/weisse-zementschnuere-mit-roten-plastikspitzen\\\/#breadcrumb\",\"itemListElement\":[{\"@type\":\"ListItem\",\"position\":1,\"name\":\"Home\",\"item\":\"https:\\\/\\\/www.loopkinglaces.com\\\/de\\\/\"},{\"@type\":\"ListItem\",\"position\":2,\"name\":\"Shop\",\"item\":\"https:\\\/\\\/www.loopkinglaces.com\\\/de\\\/shop\\\/\"},{\"@type\":\"ListItem\",\"position\":3,\"name\":\"Wei\u00dfe Zementschn\u00fcre mit roten Plastikspitzen\"}]},{\"@type\":\"WebSite\",\"@id\":\"https:\\\/\\\/www.loopkinglaces.com\\\/de\\\/#website\",\"url\":\"https:\\\/\\\/www.loopkinglaces.com\\\/de\\\/\",\"name\":\"Luxury Gold Tip Shoelaces by Loop King Laces\",\"description\":\"Rope Laces, Flat Waxed Laces and Leather Laces. All With Gold Tips.\",\"publisher\":{\"@id\":\"https:\\\/\\\/www.loopkinglaces.com\\\/de\\\/#organization\"},\"potentialAction\":[{\"@type\":\"SearchAction\",\"target\":{\"@type\":\"EntryPoint\",\"urlTemplate\":\"https:\\\/\\\/www.loopkinglaces.com\\\/de\\\/?s={search_term_string}\"},\"query-input\":{\"@type\":\"PropertyValueSpecification\",\"valueRequired\":true,\"valueName\":\"search_term_string\"}}],\"inLanguage\":\"de\"},{\"@type\":\"Organization\",\"@id\":\"https:\\\/\\\/www.loopkinglaces.com\\\/de\\\/#organization\",\"name\":\"Loop King Laces\",\"url\":\"https:\\\/\\\/www.loopkinglaces.com\\\/de\\\/\",\"logo\":{\"@type\":\"ImageObject\",\"inLanguage\":\"de\",\"@id\":\"https:\\\/\\\/www.loopkinglaces.com\\\/de\\\/#\\\/schema\\\/logo\\\/image\\\/\",\"url\":\"https:\\\/\\\/www.loopkinglaces.com\\\/wp-content\\\/uploads\\\/LOOP-KING-LACES.1.1-01-LOGO-HI-RES-OFFICIAL-1.png\",\"contentUrl\":\"https:\\\/\\\/www.loopkinglaces.com\\\/wp-content\\\/uploads\\\/LOOP-KING-LACES.1.1-01-LOGO-HI-RES-OFFICIAL-1.png\",\"width\":128,\"height\":91,\"caption\":\"Loop King Laces\"},\"image\":{\"@id\":\"https:\\\/\\\/www.loopkinglaces.com\\\/de\\\/#\\\/schema\\\/logo\\\/image\\\/\"},\"sameAs\":[\"https:\\\/\\\/www.facebook.com\\\/LoopKingLaces\\\/\",\"https:\\\/\\\/x.com\\\/loopkinglaces\",\"https:\\\/\\\/www.instagram.com\\\/loopkinglaces\\\/\"]}]}<\/script>\n<!-- \/ Yoast SEO plugin. -->","yoast_head_json":{"title":"Wei\u00dfe Zementschn\u00fcre mit roten Plastikspitzen","description":"F\u00fchlen sich deine Schuhe ein bisschen langweilig an? Verwandle sie in etwas Einzigartiges und supercooles mit unserer Auswahl an wei\u00dfen Zementschn\u00fcren mit roten Plastikspitzen.","robots":{"index":"index","follow":"follow","max-snippet":"max-snippet:-1","max-image-preview":"max-image-preview:large","max-video-preview":"max-video-preview:-1"},"canonical":"https:\/\/www.loopkinglaces.com\/de\/products\/weisse-zementschnuere-mit-roten-plastikspitzen\/","og_locale":"de_DE","og_type":"article","og_title":"Wei\u00dfe Zementschn\u00fcre mit roten Plastikspitzen","og_description":"F\u00fchlen sich deine Schuhe ein bisschen langweilig an? Verwandle sie in etwas Einzigartiges und supercooles mit unserer Auswahl an wei\u00dfen Zementschn\u00fcren mit roten Plastikspitzen.","og_url":"https:\/\/www.loopkinglaces.com\/de\/products\/weisse-zementschnuere-mit-roten-plastikspitzen\/","og_site_name":"Luxury Gold Tip Shoelaces by Loop King Laces","article_publisher":"https:\/\/www.facebook.com\/LoopKingLaces\/","article_modified_time":"2024-11-05T23:58:49+00:00","og_image":[{"width":826,"height":796,"url":"https:\/\/www.loopkinglaces.com\/wp-content\/uploads\/MG_1517.jpg","type":"image\/jpeg"}],"twitter_card":"summary_large_image","twitter_site":"@loopkinglaces","twitter_misc":{"Gesch\u00e4tzte Lesezeit":"1\u00a0Minute"},"schema":{"@context":"https:\/\/schema.org","@graph":[{"@type":["WebPage","ItemPage"],"@id":"https:\/\/www.loopkinglaces.com\/de\/products\/weisse-zementschnuere-mit-roten-plastikspitzen\/","url":"https:\/\/www.loopkinglaces.com\/de\/products\/weisse-zementschnuere-mit-roten-plastikspitzen\/","name":"Wei\u00dfe Zementschn\u00fcre mit roten Plastikspitzen","isPartOf":{"@id":"https:\/\/www.loopkinglaces.com\/de\/#website"},"primaryImageOfPage":{"@id":"https:\/\/www.loopkinglaces.com\/de\/products\/weisse-zementschnuere-mit-roten-plastikspitzen\/#primaryimage"},"image":{"@id":"https:\/\/www.loopkinglaces.com\/de\/products\/weisse-zementschnuere-mit-roten-plastikspitzen\/#primaryimage"},"thumbnailUrl":"https:\/\/www.loopkinglaces.com\/wp-content\/uploads\/MG_1517.jpg","datePublished":"2023-04-30T16:03:45+00:00","dateModified":"2024-11-05T23:58:49+00:00","description":"F\u00fchlen sich deine Schuhe ein bisschen langweilig an? Verwandle sie in etwas Einzigartiges und supercooles mit unserer Auswahl an wei\u00dfen Zementschn\u00fcren mit roten Plastikspitzen.","breadcrumb":{"@id":"https:\/\/www.loopkinglaces.com\/de\/products\/weisse-zementschnuere-mit-roten-plastikspitzen\/#breadcrumb"},"inLanguage":"de","potentialAction":[{"@type":"ReadAction","target":["https:\/\/www.loopkinglaces.com\/de\/products\/weisse-zementschnuere-mit-roten-plastikspitzen\/"]}]},{"@type":"ImageObject","inLanguage":"de","@id":"https:\/\/www.loopkinglaces.com\/de\/products\/weisse-zementschnuere-mit-roten-plastikspitzen\/#primaryimage","url":"https:\/\/www.loopkinglaces.com\/wp-content\/uploads\/MG_1517.jpg","contentUrl":"https:\/\/www.loopkinglaces.com\/wp-content\/uploads\/MG_1517.jpg","width":826,"height":796},{"@type":"BreadcrumbList","@id":"https:\/\/www.loopkinglaces.com\/de\/products\/weisse-zementschnuere-mit-roten-plastikspitzen\/#breadcrumb","itemListElement":[{"@type":"ListItem","position":1,"name":"Home","item":"https:\/\/www.loopkinglaces.com\/de\/"},{"@type":"ListItem","position":2,"name":"Shop","item":"https:\/\/www.loopkinglaces.com\/de\/shop\/"},{"@type":"ListItem","position":3,"name":"Wei\u00dfe Zementschn\u00fcre mit roten Plastikspitzen"}]},{"@type":"WebSite","@id":"https:\/\/www.loopkinglaces.com\/de\/#website","url":"https:\/\/www.loopkinglaces.com\/de\/","name":"Luxury Gold Tip Shoelaces by Loop King Laces","description":"Rope Laces, Flat Waxed Laces and Leather Laces. All With Gold Tips.","publisher":{"@id":"https:\/\/www.loopkinglaces.com\/de\/#organization"},"potentialAction":[{"@type":"SearchAction","target":{"@type":"EntryPoint","urlTemplate":"https:\/\/www.loopkinglaces.com\/de\/?s={search_term_string}"},"query-input":{"@type":"PropertyValueSpecification","valueRequired":true,"valueName":"search_term_string"}}],"inLanguage":"de"},{"@type":"Organization","@id":"https:\/\/www.loopkinglaces.com\/de\/#organization","name":"Loop King Laces","url":"https:\/\/www.loopkinglaces.com\/de\/","logo":{"@type":"ImageObject","inLanguage":"de","@id":"https:\/\/www.loopkinglaces.com\/de\/#\/schema\/logo\/image\/","url":"https:\/\/www.loopkinglaces.com\/wp-content\/uploads\/LOOP-KING-LACES.1.1-01-LOGO-HI-RES-OFFICIAL-1.png","contentUrl":"https:\/\/www.loopkinglaces.com\/wp-content\/uploads\/LOOP-KING-LACES.1.1-01-LOGO-HI-RES-OFFICIAL-1.png","width":128,"height":91,"caption":"Loop King Laces"},"image":{"@id":"https:\/\/www.loopkinglaces.com\/de\/#\/schema\/logo\/image\/"},"sameAs":["https:\/\/www.facebook.com\/LoopKingLaces\/","https:\/\/x.com\/loopkinglaces","https:\/\/www.instagram.com\/loopkinglaces\/"]}]}},"_links":{"self":[{"href":"https:\/\/www.loopkinglaces.com\/de\/wp-json\/wp\/v2\/product\/67078","targetHints":{"allow":["GET"]}}],"collection":[{"href":"https:\/\/www.loopkinglaces.com\/de\/wp-json\/wp\/v2\/product"}],"about":[{"href":"https:\/\/www.loopkinglaces.com\/de\/wp-json\/wp\/v2\/types\/product"}],"replies":[{"embeddable":true,"href":"https:\/\/www.loopkinglaces.com\/de\/wp-json\/wp\/v2\/comments?post=67078"}],"wp:featuredmedia":[{"embeddable":true,"href":"https:\/\/www.loopkinglaces.com\/de\/wp-json\/wp\/v2\/media\/58657"}],"wp:attachment":[{"href":"https:\/\/www.loopkinglaces.com\/de\/wp-json\/wp\/v2\/media?parent=67078"}],"wp:term":[{"taxonomy":"product_brand","embeddable":true,"href":"https:\/\/www.loopkinglaces.com\/de\/wp-json\/wp\/v2\/product_brand?post=67078"},{"taxonomy":"product_cat","embeddable":true,"href":"https:\/\/www.loopkinglaces.com\/de\/wp-json\/wp\/v2\/product_cat?post=67078"},{"taxonomy":"product_tag","embeddable":true,"href":"https:\/\/www.loopkinglaces.com\/de\/wp-json\/wp\/v2\/product_tag?post=67078"},{"taxonomy":"woo-feed-brand","embeddable":true,"href":"https:\/\/www.loopkinglaces.com\/de\/wp-json\/wp\/v2\/woo-feed-brand?post=67078"}],"curies":[{"name":"wp","href":"https:\/\/api.w.org\/{rel}","templated":true}]}}