{"id":67067,"date":"2023-04-30T18:24:37","date_gmt":"2023-04-30T18:24:37","guid":{"rendered":"https:\/\/www.loopkinglaces.com\/products\/flache-rote-baumwollschnuersenkel-mit-durchsichtigen-plastikspitzen\/"},"modified":"2024-11-05T23:54:04","modified_gmt":"2024-11-05T23:54:04","slug":"flache-rote-baumwollschnuersenkel-mit-durchsichtigen-plastikspitzen","status":"publish","type":"product","link":"https:\/\/www.loopkinglaces.com\/de\/products\/flache-rote-baumwollschnuersenkel-mit-durchsichtigen-plastikspitzen\/","title":{"rendered":"Flache rote Baumwollschn\u00fcrsenkel mit durchsichtigen Plastikspitzen"},"content":{"rendered":"<p>Mit unseren revolution\u00e4ren flachen Baumwollschn\u00fcrsenkeln bist du auf dem Weg in die Zukunft!<br \/>\nMit ihren eleganten Kunststoffspitzen und der hochwertigen, weichen Baumwolle verleihen sie jedem Schuh einen m\u00fchelos eleganten Touch.<br \/>\nUnd weil sie sich bei den meisten Marken problemlos austauschen lassen, bist du nicht mehr gebunden &#8211; mach dich bereit, stilvoll durchzustarten!<\/p>\n","protected":false},"excerpt":{"rendered":"<p><strong>Flache rote Baumwollschn\u00fcrsenkel mit durchsichtigen Plastikspitzen<\/strong> Verbessere dein Schuhwerk mit unseren Baumwollschn\u00fcrsenkeln!<br \/>\nDiese flachen Schn\u00fcrsenkel f\u00fchlen sich hochwertig und weich an und sind mit den meisten Marken kompatibel, sodass du sie m\u00fchelos anpassen kannst.<br \/>\nDie durchsichtigen Kunststoffspitzen lassen jeden Schuh elegant aussehen &#8211; perfekt f\u00fcr Stiefel, Kleiderschuhe oder Sneaker!<br \/>\nMach dich bereit, deinen Stil in Bewegung zu setzen&#8230;<br \/>\nMach dich noch heute auf den Weg. Die wichtigsten Merkmale sind:<\/p>\n<ul>\n<li style=\"font-weight: 400;\" aria-level=\"1\">Hochwertige Materialien<\/li>\n<li style=\"font-weight: 400;\" aria-level=\"1\">Versiegelte &amp; atemberaubende Verpackung<\/li>\n<li style=\"font-weight: 400;\" aria-level=\"1\">In verschiedene L\u00e4ngen verf\u00fcgbar<\/li>\n<li style=\"font-weight: 400;\" aria-level=\"1\">Passend f\u00fcr alle gro\u00dfen Marken (Nike, Adidas, Reebok, Converse, Vans)<\/li>\n<li style=\"font-weight: 400;\" aria-level=\"1\">Durchsichtige Plastikspitzen<\/li>\n<\/ul>\n","protected":false},"featured_media":58668,"comment_status":"open","ping_status":"closed","template":"","meta":{"_acf_changed":false},"product_brand":[],"product_cat":[600,590,798,609,624,802,608,801,758,767,803,787,594,744,620,800],"product_tag":[781,783,635,638,738,734,636,782],"woo-feed-brand":[],"class_list":{"0":"post-67067","1":"product","2":"type-product","3":"status-publish","4":"has-post-thumbnail","6":"product_cat-air-max-laces-de","7":"product_cat-all-shoelaces","8":"product_cat-atemberaubende-yeezy-380-pepper-rote-schnursenkel-die-herausragend-aussehen","9":"product_cat-awesome-nmd-laces-collection","10":"product_cat-beautiful-air-max-270-laces-that-fit-great-last","11":"product_cat-der-pine-green-jordan-1-red-laces-hebt-sich-von-der-masse-ab","12":"product_cat-dsw-designer-shoelaces-luxurious-and-high-quality","13":"product_cat-footjoy-schnursenkel-auf-elite-niveau-die-dein-spiel-aufpeppen","14":"product_cat-modische-farbige-schnursenkel-fur-turnschuhe","15":"product_cat-premium-baumwollschnursenkel-die-andere-marken-in-jeder-hinsicht-ubertreffen","16":"product_cat-premium-ultraboost-schnursenkel-fur-die-elektrifizierung-deiner-schuhe","17":"product_cat-rote-schnursenkel","18":"product_cat-stylish-nike-air-force-1-laces-to-impress","19":"product_cat-supreme-schnursenkel-ersatz-der-dich-umhauen-wird","20":"product_cat-the-perfect-nike-dunk-laces-that-look-amazing-are-long-lasting","21":"product_cat-uppige-rote-wanderstiefel-schnursenkel-die-rauen-elementen-trotzen","22":"product_tag-flach-gewachst","23":"product_tag-gewachst","24":"product_tag-loop-king-de","25":"product_tag-metal-tip-de","26":"product_tag-schnursenkel-mit-goldspitze","27":"product_tag-schwarz","28":"product_tag-shoelaces-de","29":"product_tag-wohnung","31":"first","32":"instock","33":"taxable","34":"shipping-taxable","35":"purchasable","36":"product-type-variable"},"acf":[],"yoast_head":"<!-- This site is optimized with the Yoast SEO plugin v27.4 - https:\/\/yoast.com\/product\/yoast-seo-wordpress\/ -->\n<title>Flache rote Baumwollschn\u00fcrsenkel mit durchsichtigen Plastikspitzen<\/title>\n<meta name=\"description\" content=\"Mit unseren flachen Baumwollschn\u00fcrsenkeln kannst du deinen Stil aufpeppen. Sie sind die perfekte Kombination aus auff\u00e4lliger Mode und hervorragender Haltbarkeit und bestehen aus hochwertigen Materialien.\" \/>\n<meta name=\"robots\" content=\"index, follow, max-snippet:-1, max-image-preview:large, max-video-preview:-1\" \/>\n<link rel=\"canonical\" href=\"https:\/\/www.loopkinglaces.com\/de\/products\/flache-rote-baumwollschnuersenkel-mit-durchsichtigen-plastikspitzen\/\" \/>\n<meta property=\"og:locale\" content=\"de_DE\" \/>\n<meta property=\"og:type\" content=\"article\" \/>\n<meta property=\"og:title\" content=\"Flache rote Baumwollschn\u00fcrsenkel mit durchsichtigen Plastikspitzen\" \/>\n<meta property=\"og:description\" content=\"Mit unseren flachen Baumwollschn\u00fcrsenkeln kannst du deinen Stil aufpeppen. Sie sind die perfekte Kombination aus auff\u00e4lliger Mode und hervorragender Haltbarkeit und bestehen aus hochwertigen Materialien.\" \/>\n<meta property=\"og:url\" content=\"https:\/\/www.loopkinglaces.com\/de\/products\/flache-rote-baumwollschnuersenkel-mit-durchsichtigen-plastikspitzen\/\" \/>\n<meta property=\"og:site_name\" content=\"Luxury Gold Tip Shoelaces by Loop King Laces\" \/>\n<meta property=\"article:publisher\" content=\"https:\/\/www.facebook.com\/LoopKingLaces\/\" \/>\n<meta property=\"article:modified_time\" content=\"2024-11-05T23:54:04+00:00\" \/>\n<meta property=\"og:image\" content=\"https:\/\/www.loopkinglaces.com\/wp-content\/uploads\/MG_1576.jpg\" \/>\n\t<meta property=\"og:image:width\" content=\"988\" \/>\n\t<meta property=\"og:image:height\" content=\"998\" \/>\n\t<meta property=\"og:image:type\" content=\"image\/jpeg\" \/>\n<meta name=\"twitter:card\" content=\"summary_large_image\" \/>\n<meta name=\"twitter:site\" content=\"@loopkinglaces\" \/>\n<meta name=\"twitter:label1\" content=\"Gesch\u00e4tzte Lesezeit\" \/>\n\t<meta name=\"twitter:data1\" content=\"1\u00a0Minute\" \/>\n<script type=\"application\/ld+json\" class=\"yoast-schema-graph\">{\"@context\":\"https:\\\/\\\/schema.org\",\"@graph\":[{\"@type\":[\"WebPage\",\"ItemPage\"],\"@id\":\"https:\\\/\\\/www.loopkinglaces.com\\\/de\\\/products\\\/flache-rote-baumwollschnuersenkel-mit-durchsichtigen-plastikspitzen\\\/\",\"url\":\"https:\\\/\\\/www.loopkinglaces.com\\\/de\\\/products\\\/flache-rote-baumwollschnuersenkel-mit-durchsichtigen-plastikspitzen\\\/\",\"name\":\"Flache rote Baumwollschn\u00fcrsenkel mit durchsichtigen Plastikspitzen\",\"isPartOf\":{\"@id\":\"https:\\\/\\\/www.loopkinglaces.com\\\/de\\\/#website\"},\"primaryImageOfPage\":{\"@id\":\"https:\\\/\\\/www.loopkinglaces.com\\\/de\\\/products\\\/flache-rote-baumwollschnuersenkel-mit-durchsichtigen-plastikspitzen\\\/#primaryimage\"},\"image\":{\"@id\":\"https:\\\/\\\/www.loopkinglaces.com\\\/de\\\/products\\\/flache-rote-baumwollschnuersenkel-mit-durchsichtigen-plastikspitzen\\\/#primaryimage\"},\"thumbnailUrl\":\"https:\\\/\\\/www.loopkinglaces.com\\\/wp-content\\\/uploads\\\/MG_1576.jpg\",\"datePublished\":\"2023-04-30T18:24:37+00:00\",\"dateModified\":\"2024-11-05T23:54:04+00:00\",\"description\":\"Mit unseren flachen Baumwollschn\u00fcrsenkeln kannst du deinen Stil aufpeppen. Sie sind die perfekte Kombination aus auff\u00e4lliger Mode und hervorragender Haltbarkeit und bestehen aus hochwertigen Materialien.\",\"breadcrumb\":{\"@id\":\"https:\\\/\\\/www.loopkinglaces.com\\\/de\\\/products\\\/flache-rote-baumwollschnuersenkel-mit-durchsichtigen-plastikspitzen\\\/#breadcrumb\"},\"inLanguage\":\"de\",\"potentialAction\":[{\"@type\":\"ReadAction\",\"target\":[\"https:\\\/\\\/www.loopkinglaces.com\\\/de\\\/products\\\/flache-rote-baumwollschnuersenkel-mit-durchsichtigen-plastikspitzen\\\/\"]}]},{\"@type\":\"ImageObject\",\"inLanguage\":\"de\",\"@id\":\"https:\\\/\\\/www.loopkinglaces.com\\\/de\\\/products\\\/flache-rote-baumwollschnuersenkel-mit-durchsichtigen-plastikspitzen\\\/#primaryimage\",\"url\":\"https:\\\/\\\/www.loopkinglaces.com\\\/wp-content\\\/uploads\\\/MG_1576.jpg\",\"contentUrl\":\"https:\\\/\\\/www.loopkinglaces.com\\\/wp-content\\\/uploads\\\/MG_1576.jpg\",\"width\":988,\"height\":998},{\"@type\":\"BreadcrumbList\",\"@id\":\"https:\\\/\\\/www.loopkinglaces.com\\\/de\\\/products\\\/flache-rote-baumwollschnuersenkel-mit-durchsichtigen-plastikspitzen\\\/#breadcrumb\",\"itemListElement\":[{\"@type\":\"ListItem\",\"position\":1,\"name\":\"Home\",\"item\":\"https:\\\/\\\/www.loopkinglaces.com\\\/de\\\/\"},{\"@type\":\"ListItem\",\"position\":2,\"name\":\"Shop\",\"item\":\"https:\\\/\\\/www.loopkinglaces.com\\\/de\\\/shop\\\/\"},{\"@type\":\"ListItem\",\"position\":3,\"name\":\"Flache rote Baumwollschn\u00fcrsenkel mit durchsichtigen Plastikspitzen\"}]},{\"@type\":\"WebSite\",\"@id\":\"https:\\\/\\\/www.loopkinglaces.com\\\/de\\\/#website\",\"url\":\"https:\\\/\\\/www.loopkinglaces.com\\\/de\\\/\",\"name\":\"Luxury Gold Tip Shoelaces by Loop King Laces\",\"description\":\"Rope Laces, Flat Waxed Laces and Leather Laces. All With Gold Tips.\",\"publisher\":{\"@id\":\"https:\\\/\\\/www.loopkinglaces.com\\\/de\\\/#organization\"},\"potentialAction\":[{\"@type\":\"SearchAction\",\"target\":{\"@type\":\"EntryPoint\",\"urlTemplate\":\"https:\\\/\\\/www.loopkinglaces.com\\\/de\\\/?s={search_term_string}\"},\"query-input\":{\"@type\":\"PropertyValueSpecification\",\"valueRequired\":true,\"valueName\":\"search_term_string\"}}],\"inLanguage\":\"de\"},{\"@type\":\"Organization\",\"@id\":\"https:\\\/\\\/www.loopkinglaces.com\\\/de\\\/#organization\",\"name\":\"Loop King Laces\",\"url\":\"https:\\\/\\\/www.loopkinglaces.com\\\/de\\\/\",\"logo\":{\"@type\":\"ImageObject\",\"inLanguage\":\"de\",\"@id\":\"https:\\\/\\\/www.loopkinglaces.com\\\/de\\\/#\\\/schema\\\/logo\\\/image\\\/\",\"url\":\"https:\\\/\\\/www.loopkinglaces.com\\\/wp-content\\\/uploads\\\/LOOP-KING-LACES.1.1-01-LOGO-HI-RES-OFFICIAL-1.png\",\"contentUrl\":\"https:\\\/\\\/www.loopkinglaces.com\\\/wp-content\\\/uploads\\\/LOOP-KING-LACES.1.1-01-LOGO-HI-RES-OFFICIAL-1.png\",\"width\":128,\"height\":91,\"caption\":\"Loop King Laces\"},\"image\":{\"@id\":\"https:\\\/\\\/www.loopkinglaces.com\\\/de\\\/#\\\/schema\\\/logo\\\/image\\\/\"},\"sameAs\":[\"https:\\\/\\\/www.facebook.com\\\/LoopKingLaces\\\/\",\"https:\\\/\\\/x.com\\\/loopkinglaces\",\"https:\\\/\\\/www.instagram.com\\\/loopkinglaces\\\/\"]}]}<\/script>\n<!-- \/ Yoast SEO plugin. -->","yoast_head_json":{"title":"Flache rote Baumwollschn\u00fcrsenkel mit durchsichtigen Plastikspitzen","description":"Mit unseren flachen Baumwollschn\u00fcrsenkeln kannst du deinen Stil aufpeppen. Sie sind die perfekte Kombination aus auff\u00e4lliger Mode und hervorragender Haltbarkeit und bestehen aus hochwertigen Materialien.","robots":{"index":"index","follow":"follow","max-snippet":"max-snippet:-1","max-image-preview":"max-image-preview:large","max-video-preview":"max-video-preview:-1"},"canonical":"https:\/\/www.loopkinglaces.com\/de\/products\/flache-rote-baumwollschnuersenkel-mit-durchsichtigen-plastikspitzen\/","og_locale":"de_DE","og_type":"article","og_title":"Flache rote Baumwollschn\u00fcrsenkel mit durchsichtigen Plastikspitzen","og_description":"Mit unseren flachen Baumwollschn\u00fcrsenkeln kannst du deinen Stil aufpeppen. Sie sind die perfekte Kombination aus auff\u00e4lliger Mode und hervorragender Haltbarkeit und bestehen aus hochwertigen Materialien.","og_url":"https:\/\/www.loopkinglaces.com\/de\/products\/flache-rote-baumwollschnuersenkel-mit-durchsichtigen-plastikspitzen\/","og_site_name":"Luxury Gold Tip Shoelaces by Loop King Laces","article_publisher":"https:\/\/www.facebook.com\/LoopKingLaces\/","article_modified_time":"2024-11-05T23:54:04+00:00","og_image":[{"width":988,"height":998,"url":"https:\/\/www.loopkinglaces.com\/wp-content\/uploads\/MG_1576.jpg","type":"image\/jpeg"}],"twitter_card":"summary_large_image","twitter_site":"@loopkinglaces","twitter_misc":{"Gesch\u00e4tzte Lesezeit":"1\u00a0Minute"},"schema":{"@context":"https:\/\/schema.org","@graph":[{"@type":["WebPage","ItemPage"],"@id":"https:\/\/www.loopkinglaces.com\/de\/products\/flache-rote-baumwollschnuersenkel-mit-durchsichtigen-plastikspitzen\/","url":"https:\/\/www.loopkinglaces.com\/de\/products\/flache-rote-baumwollschnuersenkel-mit-durchsichtigen-plastikspitzen\/","name":"Flache rote Baumwollschn\u00fcrsenkel mit durchsichtigen Plastikspitzen","isPartOf":{"@id":"https:\/\/www.loopkinglaces.com\/de\/#website"},"primaryImageOfPage":{"@id":"https:\/\/www.loopkinglaces.com\/de\/products\/flache-rote-baumwollschnuersenkel-mit-durchsichtigen-plastikspitzen\/#primaryimage"},"image":{"@id":"https:\/\/www.loopkinglaces.com\/de\/products\/flache-rote-baumwollschnuersenkel-mit-durchsichtigen-plastikspitzen\/#primaryimage"},"thumbnailUrl":"https:\/\/www.loopkinglaces.com\/wp-content\/uploads\/MG_1576.jpg","datePublished":"2023-04-30T18:24:37+00:00","dateModified":"2024-11-05T23:54:04+00:00","description":"Mit unseren flachen Baumwollschn\u00fcrsenkeln kannst du deinen Stil aufpeppen. Sie sind die perfekte Kombination aus auff\u00e4lliger Mode und hervorragender Haltbarkeit und bestehen aus hochwertigen Materialien.","breadcrumb":{"@id":"https:\/\/www.loopkinglaces.com\/de\/products\/flache-rote-baumwollschnuersenkel-mit-durchsichtigen-plastikspitzen\/#breadcrumb"},"inLanguage":"de","potentialAction":[{"@type":"ReadAction","target":["https:\/\/www.loopkinglaces.com\/de\/products\/flache-rote-baumwollschnuersenkel-mit-durchsichtigen-plastikspitzen\/"]}]},{"@type":"ImageObject","inLanguage":"de","@id":"https:\/\/www.loopkinglaces.com\/de\/products\/flache-rote-baumwollschnuersenkel-mit-durchsichtigen-plastikspitzen\/#primaryimage","url":"https:\/\/www.loopkinglaces.com\/wp-content\/uploads\/MG_1576.jpg","contentUrl":"https:\/\/www.loopkinglaces.com\/wp-content\/uploads\/MG_1576.jpg","width":988,"height":998},{"@type":"BreadcrumbList","@id":"https:\/\/www.loopkinglaces.com\/de\/products\/flache-rote-baumwollschnuersenkel-mit-durchsichtigen-plastikspitzen\/#breadcrumb","itemListElement":[{"@type":"ListItem","position":1,"name":"Home","item":"https:\/\/www.loopkinglaces.com\/de\/"},{"@type":"ListItem","position":2,"name":"Shop","item":"https:\/\/www.loopkinglaces.com\/de\/shop\/"},{"@type":"ListItem","position":3,"name":"Flache rote Baumwollschn\u00fcrsenkel mit durchsichtigen Plastikspitzen"}]},{"@type":"WebSite","@id":"https:\/\/www.loopkinglaces.com\/de\/#website","url":"https:\/\/www.loopkinglaces.com\/de\/","name":"Luxury Gold Tip Shoelaces by Loop King Laces","description":"Rope Laces, Flat Waxed Laces and Leather Laces. All With Gold Tips.","publisher":{"@id":"https:\/\/www.loopkinglaces.com\/de\/#organization"},"potentialAction":[{"@type":"SearchAction","target":{"@type":"EntryPoint","urlTemplate":"https:\/\/www.loopkinglaces.com\/de\/?s={search_term_string}"},"query-input":{"@type":"PropertyValueSpecification","valueRequired":true,"valueName":"search_term_string"}}],"inLanguage":"de"},{"@type":"Organization","@id":"https:\/\/www.loopkinglaces.com\/de\/#organization","name":"Loop King Laces","url":"https:\/\/www.loopkinglaces.com\/de\/","logo":{"@type":"ImageObject","inLanguage":"de","@id":"https:\/\/www.loopkinglaces.com\/de\/#\/schema\/logo\/image\/","url":"https:\/\/www.loopkinglaces.com\/wp-content\/uploads\/LOOP-KING-LACES.1.1-01-LOGO-HI-RES-OFFICIAL-1.png","contentUrl":"https:\/\/www.loopkinglaces.com\/wp-content\/uploads\/LOOP-KING-LACES.1.1-01-LOGO-HI-RES-OFFICIAL-1.png","width":128,"height":91,"caption":"Loop King Laces"},"image":{"@id":"https:\/\/www.loopkinglaces.com\/de\/#\/schema\/logo\/image\/"},"sameAs":["https:\/\/www.facebook.com\/LoopKingLaces\/","https:\/\/x.com\/loopkinglaces","https:\/\/www.instagram.com\/loopkinglaces\/"]}]}},"_links":{"self":[{"href":"https:\/\/www.loopkinglaces.com\/de\/wp-json\/wp\/v2\/product\/67067","targetHints":{"allow":["GET"]}}],"collection":[{"href":"https:\/\/www.loopkinglaces.com\/de\/wp-json\/wp\/v2\/product"}],"about":[{"href":"https:\/\/www.loopkinglaces.com\/de\/wp-json\/wp\/v2\/types\/product"}],"replies":[{"embeddable":true,"href":"https:\/\/www.loopkinglaces.com\/de\/wp-json\/wp\/v2\/comments?post=67067"}],"wp:featuredmedia":[{"embeddable":true,"href":"https:\/\/www.loopkinglaces.com\/de\/wp-json\/wp\/v2\/media\/58668"}],"wp:attachment":[{"href":"https:\/\/www.loopkinglaces.com\/de\/wp-json\/wp\/v2\/media?parent=67067"}],"wp:term":[{"taxonomy":"product_brand","embeddable":true,"href":"https:\/\/www.loopkinglaces.com\/de\/wp-json\/wp\/v2\/product_brand?post=67067"},{"taxonomy":"product_cat","embeddable":true,"href":"https:\/\/www.loopkinglaces.com\/de\/wp-json\/wp\/v2\/product_cat?post=67067"},{"taxonomy":"product_tag","embeddable":true,"href":"https:\/\/www.loopkinglaces.com\/de\/wp-json\/wp\/v2\/product_tag?post=67067"},{"taxonomy":"woo-feed-brand","embeddable":true,"href":"https:\/\/www.loopkinglaces.com\/de\/wp-json\/wp\/v2\/woo-feed-brand?post=67067"}],"curies":[{"name":"wp","href":"https:\/\/api.w.org\/{rel}","templated":true}]}}