{"id":67057,"date":"2023-04-30T18:20:13","date_gmt":"2023-04-30T18:20:13","guid":{"rendered":"https:\/\/www.loopkinglaces.com\/products\/schwarz-rote-zementschnuere-mit-roten-plastikspitzen\/"},"modified":"2024-11-05T23:55:21","modified_gmt":"2024-11-05T23:55:21","slug":"schwarz-rote-zementschnuere-mit-roten-plastikspitzen","status":"publish","type":"product","link":"https:\/\/www.loopkinglaces.com\/de\/products\/schwarz-rote-zementschnuere-mit-roten-plastikspitzen\/","title":{"rendered":"Schwarz-rote Zementschn\u00fcre mit roten Plastikspitzen"},"content":{"rendered":"<p>Mit unseren auff\u00e4lligen Zementschn\u00fcrsenkeln verwandelst du deine Sneaker von eint\u00f6nig in fantastisch!<br \/>\nEgal, ob du ein dezentes Statement oder einen extrem auff\u00e4lligen Look suchst, wir haben ihn.<br \/>\nUnsere Schn\u00fcrsenkel zeichnen sich durch kr\u00e4ftige Farben und realistische Aufdrucke des Materials aus, nach dem sie benannt sind, damit auch deine F\u00fc\u00dfe ein modisches Statement abgeben k\u00f6nnen.<br \/>\nDiese trendigen Schn\u00fcrsenkel gibt es nicht nur in verschiedenen stylischen Farben, die sich f\u00fcr jede Gelegenheit eignen &#8211; vom Chillen bis zum ersten Date -, sondern sie sind auch aus hochwertigen Materialien mit gepr\u00e4gten Spitzen, die Ausfransungen und Risse verhindern und gleichzeitig f\u00fcr ein luxuri\u00f6ses Flair sorgen: jetzt mit doppelt so viel Pep wie bisher!<\/p>\n","protected":false},"excerpt":{"rendered":"<p><strong>Schwarz-rote Zementschn\u00fcrsenkel mit roten Plastikspitzen<\/strong> Du findest keine M\u00f6glichkeit, deine alten Sneaker aufzupeppen?<br \/>\nUnsere schwarzen Zementschn\u00fcrsenkel mit roten Plastikspitzen bieten mit ihrem realistischen Aufdruck in verschiedenen Farben und verstreuten Mustern die perfekte optische Aufwertung.<br \/>\nSie sind nicht nur stylisch f\u00fcr jede Gelegenheit, sondern bestehen auch aus hochwertigen Materialien, die Langlebigkeit garantieren!<br \/>\nDie gepr\u00e4gten Spitzen verleihen ihnen einen zus\u00e4tzlichen Hauch von Luxus und sch\u00fctzen sie gleichzeitig vor dem Ausfransen &#8211; du bekommst von uns also mehr als nur ein Schn\u00fcrsenkeldesign: echte Qualit\u00e4t. Die wichtigsten Merkmale sind:<\/p>\n<ul>\n<li><span style=\"font-weight: 400;\">Hochwertige Materialien<\/span><\/li>\n<li><span style=\"font-weight: 400;\">Gepr\u00e4gte Spitzen<\/span><\/li>\n<li><span style=\"font-weight: 400;\">Versiegelte &amp; atemberaubende Verpackung <\/span><\/li>\n<li><span style=\"font-weight: 400;\">Wundersch\u00f6ner Zementdruck auf flachen Schn\u00fcrsenkeln <\/span><\/li>\n<li><span style=\"font-weight: 400;\">Wird andere Marken \u00fcberdauern<\/span><\/li>\n<li><span style=\"font-weight: 400;\">In verschiedenen L\u00e4ngen verf\u00fcgbar <\/span><\/li>\n<\/ul>\n","protected":false},"featured_media":59077,"comment_status":"open","ping_status":"closed","template":"","meta":{"_acf_changed":false},"product_brand":[],"product_cat":[617,690,590,759,745,792,746,1837,797,602,789,791,744,776],"product_tag":[781,783,635,638,738,734,636,782],"woo-feed-brand":[],"class_list":{"0":"post-67057","1":"product","2":"type-product","3":"status-publish","4":"has-post-thumbnail","6":"product_cat-36-inch-shoelaces-de","7":"product_cat-60-inch-boot-laces-de","8":"product_cat-all-shoelaces","9":"product_cat-deluxe-ersatzschnursenkel-fur-sneaker-turnschuhe-stiefel-und-mehr","10":"product_cat-erhohe-dein-hoka-erlebnis-nicht-nur-schnursenkel-sondern-statements-in-neutralen-farbtonen","11":"product_cat-gib-deinen-schuhen-ein-style-upgrade-mit-zementschnursenkeln","12":"product_cat-keen-schnursenkel-die-kunst-von-schwarz-und-grau-beherrschen","13":"product_cat-fun-shoelaces-de","14":"product_cat-lebron-11-schnursenkel","15":"product_cat-nike-air-max-90-laces-trendy-shoestrings","16":"product_cat-phanomenale-yeezy-schnursenkel-styles-zur-auswahl","17":"product_cat-schwarze-premium-schnursenkel-elegant-luxurios","18":"product_cat-supreme-schnursenkel-ersatz-der-dich-umhauen-wird","19":"product_cat-warum-schnursenkel-beim-laufen-wichtiger-sind-als-du-denkst","20":"product_tag-flach-gewachst","21":"product_tag-gewachst","22":"product_tag-loop-king-de","23":"product_tag-metal-tip-de","24":"product_tag-schnursenkel-mit-goldspitze","25":"product_tag-schwarz","26":"product_tag-shoelaces-de","27":"product_tag-wohnung","29":"first","30":"instock","31":"taxable","32":"shipping-taxable","33":"purchasable","34":"product-type-variable"},"acf":[],"yoast_head":"<!-- This site is optimized with the Yoast SEO plugin v27.4 - https:\/\/yoast.com\/product\/yoast-seo-wordpress\/ -->\n<title>Schwarz-rote Zementschn\u00fcre mit roten Plastikspitzen<\/title>\n<meta name=\"description\" content=\"Es ist an der Zeit, deinen Schuhen die Aufmerksamkeit zu geben, die sie verdienen! Unsere speziell entworfenen schwarz-roten Zementschn\u00fcrsenkel peppen garantiert jeden Sneakerstil auf.\" \/>\n<meta name=\"robots\" content=\"index, follow, max-snippet:-1, max-image-preview:large, max-video-preview:-1\" \/>\n<link rel=\"canonical\" href=\"https:\/\/www.loopkinglaces.com\/de\/products\/schwarz-rote-zementschnuere-mit-roten-plastikspitzen\/\" \/>\n<meta property=\"og:locale\" content=\"de_DE\" \/>\n<meta property=\"og:type\" content=\"article\" \/>\n<meta property=\"og:title\" content=\"Schwarz-rote Zementschn\u00fcre mit roten Plastikspitzen\" \/>\n<meta property=\"og:description\" content=\"Es ist an der Zeit, deinen Schuhen die Aufmerksamkeit zu geben, die sie verdienen! Unsere speziell entworfenen schwarz-roten Zementschn\u00fcrsenkel peppen garantiert jeden Sneakerstil auf.\" \/>\n<meta property=\"og:url\" content=\"https:\/\/www.loopkinglaces.com\/de\/products\/schwarz-rote-zementschnuere-mit-roten-plastikspitzen\/\" \/>\n<meta property=\"og:site_name\" content=\"Luxury Gold Tip Shoelaces by Loop King Laces\" \/>\n<meta property=\"article:publisher\" content=\"https:\/\/www.facebook.com\/LoopKingLaces\/\" \/>\n<meta property=\"article:modified_time\" content=\"2024-11-05T23:55:21+00:00\" \/>\n<meta property=\"og:image\" content=\"https:\/\/www.loopkinglaces.com\/wp-content\/uploads\/Black-Red-Cement-with-Red-Tips-scaled.jpg\" \/>\n\t<meta property=\"og:image:width\" content=\"2560\" \/>\n\t<meta property=\"og:image:height\" content=\"2560\" \/>\n\t<meta property=\"og:image:type\" content=\"image\/jpeg\" \/>\n<meta name=\"twitter:card\" content=\"summary_large_image\" \/>\n<meta name=\"twitter:site\" content=\"@loopkinglaces\" \/>\n<meta name=\"twitter:label1\" content=\"Gesch\u00e4tzte Lesezeit\" \/>\n\t<meta name=\"twitter:data1\" content=\"1\u00a0Minute\" \/>\n<script type=\"application\/ld+json\" class=\"yoast-schema-graph\">{\"@context\":\"https:\\\/\\\/schema.org\",\"@graph\":[{\"@type\":[\"WebPage\",\"ItemPage\"],\"@id\":\"https:\\\/\\\/www.loopkinglaces.com\\\/de\\\/products\\\/schwarz-rote-zementschnuere-mit-roten-plastikspitzen\\\/\",\"url\":\"https:\\\/\\\/www.loopkinglaces.com\\\/de\\\/products\\\/schwarz-rote-zementschnuere-mit-roten-plastikspitzen\\\/\",\"name\":\"Schwarz-rote Zementschn\u00fcre mit roten Plastikspitzen\",\"isPartOf\":{\"@id\":\"https:\\\/\\\/www.loopkinglaces.com\\\/de\\\/#website\"},\"primaryImageOfPage\":{\"@id\":\"https:\\\/\\\/www.loopkinglaces.com\\\/de\\\/products\\\/schwarz-rote-zementschnuere-mit-roten-plastikspitzen\\\/#primaryimage\"},\"image\":{\"@id\":\"https:\\\/\\\/www.loopkinglaces.com\\\/de\\\/products\\\/schwarz-rote-zementschnuere-mit-roten-plastikspitzen\\\/#primaryimage\"},\"thumbnailUrl\":\"https:\\\/\\\/www.loopkinglaces.com\\\/wp-content\\\/uploads\\\/Black-Red-Cement-with-Red-Tips-scaled.jpg\",\"datePublished\":\"2023-04-30T18:20:13+00:00\",\"dateModified\":\"2024-11-05T23:55:21+00:00\",\"description\":\"Es ist an der Zeit, deinen Schuhen die Aufmerksamkeit zu geben, die sie verdienen! Unsere speziell entworfenen schwarz-roten Zementschn\u00fcrsenkel peppen garantiert jeden Sneakerstil auf.\",\"breadcrumb\":{\"@id\":\"https:\\\/\\\/www.loopkinglaces.com\\\/de\\\/products\\\/schwarz-rote-zementschnuere-mit-roten-plastikspitzen\\\/#breadcrumb\"},\"inLanguage\":\"de\",\"potentialAction\":[{\"@type\":\"ReadAction\",\"target\":[\"https:\\\/\\\/www.loopkinglaces.com\\\/de\\\/products\\\/schwarz-rote-zementschnuere-mit-roten-plastikspitzen\\\/\"]}]},{\"@type\":\"ImageObject\",\"inLanguage\":\"de\",\"@id\":\"https:\\\/\\\/www.loopkinglaces.com\\\/de\\\/products\\\/schwarz-rote-zementschnuere-mit-roten-plastikspitzen\\\/#primaryimage\",\"url\":\"https:\\\/\\\/www.loopkinglaces.com\\\/wp-content\\\/uploads\\\/Black-Red-Cement-with-Red-Tips-scaled.jpg\",\"contentUrl\":\"https:\\\/\\\/www.loopkinglaces.com\\\/wp-content\\\/uploads\\\/Black-Red-Cement-with-Red-Tips-scaled.jpg\",\"width\":2560,\"height\":2560},{\"@type\":\"BreadcrumbList\",\"@id\":\"https:\\\/\\\/www.loopkinglaces.com\\\/de\\\/products\\\/schwarz-rote-zementschnuere-mit-roten-plastikspitzen\\\/#breadcrumb\",\"itemListElement\":[{\"@type\":\"ListItem\",\"position\":1,\"name\":\"Home\",\"item\":\"https:\\\/\\\/www.loopkinglaces.com\\\/de\\\/\"},{\"@type\":\"ListItem\",\"position\":2,\"name\":\"Shop\",\"item\":\"https:\\\/\\\/www.loopkinglaces.com\\\/de\\\/shop\\\/\"},{\"@type\":\"ListItem\",\"position\":3,\"name\":\"Schwarz-rote Zementschn\u00fcre mit roten Plastikspitzen\"}]},{\"@type\":\"WebSite\",\"@id\":\"https:\\\/\\\/www.loopkinglaces.com\\\/de\\\/#website\",\"url\":\"https:\\\/\\\/www.loopkinglaces.com\\\/de\\\/\",\"name\":\"Luxury Gold Tip Shoelaces by Loop King Laces\",\"description\":\"Rope Laces, Flat Waxed Laces and Leather Laces. All With Gold Tips.\",\"publisher\":{\"@id\":\"https:\\\/\\\/www.loopkinglaces.com\\\/de\\\/#organization\"},\"potentialAction\":[{\"@type\":\"SearchAction\",\"target\":{\"@type\":\"EntryPoint\",\"urlTemplate\":\"https:\\\/\\\/www.loopkinglaces.com\\\/de\\\/?s={search_term_string}\"},\"query-input\":{\"@type\":\"PropertyValueSpecification\",\"valueRequired\":true,\"valueName\":\"search_term_string\"}}],\"inLanguage\":\"de\"},{\"@type\":\"Organization\",\"@id\":\"https:\\\/\\\/www.loopkinglaces.com\\\/de\\\/#organization\",\"name\":\"Loop King Laces\",\"url\":\"https:\\\/\\\/www.loopkinglaces.com\\\/de\\\/\",\"logo\":{\"@type\":\"ImageObject\",\"inLanguage\":\"de\",\"@id\":\"https:\\\/\\\/www.loopkinglaces.com\\\/de\\\/#\\\/schema\\\/logo\\\/image\\\/\",\"url\":\"https:\\\/\\\/www.loopkinglaces.com\\\/wp-content\\\/uploads\\\/LOOP-KING-LACES.1.1-01-LOGO-HI-RES-OFFICIAL-1.png\",\"contentUrl\":\"https:\\\/\\\/www.loopkinglaces.com\\\/wp-content\\\/uploads\\\/LOOP-KING-LACES.1.1-01-LOGO-HI-RES-OFFICIAL-1.png\",\"width\":128,\"height\":91,\"caption\":\"Loop King Laces\"},\"image\":{\"@id\":\"https:\\\/\\\/www.loopkinglaces.com\\\/de\\\/#\\\/schema\\\/logo\\\/image\\\/\"},\"sameAs\":[\"https:\\\/\\\/www.facebook.com\\\/LoopKingLaces\\\/\",\"https:\\\/\\\/x.com\\\/loopkinglaces\",\"https:\\\/\\\/www.instagram.com\\\/loopkinglaces\\\/\"]}]}<\/script>\n<!-- \/ Yoast SEO plugin. -->","yoast_head_json":{"title":"Schwarz-rote Zementschn\u00fcre mit roten Plastikspitzen","description":"Es ist an der Zeit, deinen Schuhen die Aufmerksamkeit zu geben, die sie verdienen! Unsere speziell entworfenen schwarz-roten Zementschn\u00fcrsenkel peppen garantiert jeden Sneakerstil auf.","robots":{"index":"index","follow":"follow","max-snippet":"max-snippet:-1","max-image-preview":"max-image-preview:large","max-video-preview":"max-video-preview:-1"},"canonical":"https:\/\/www.loopkinglaces.com\/de\/products\/schwarz-rote-zementschnuere-mit-roten-plastikspitzen\/","og_locale":"de_DE","og_type":"article","og_title":"Schwarz-rote Zementschn\u00fcre mit roten Plastikspitzen","og_description":"Es ist an der Zeit, deinen Schuhen die Aufmerksamkeit zu geben, die sie verdienen! Unsere speziell entworfenen schwarz-roten Zementschn\u00fcrsenkel peppen garantiert jeden Sneakerstil auf.","og_url":"https:\/\/www.loopkinglaces.com\/de\/products\/schwarz-rote-zementschnuere-mit-roten-plastikspitzen\/","og_site_name":"Luxury Gold Tip Shoelaces by Loop King Laces","article_publisher":"https:\/\/www.facebook.com\/LoopKingLaces\/","article_modified_time":"2024-11-05T23:55:21+00:00","og_image":[{"width":2560,"height":2560,"url":"https:\/\/www.loopkinglaces.com\/wp-content\/uploads\/Black-Red-Cement-with-Red-Tips-scaled.jpg","type":"image\/jpeg"}],"twitter_card":"summary_large_image","twitter_site":"@loopkinglaces","twitter_misc":{"Gesch\u00e4tzte Lesezeit":"1\u00a0Minute"},"schema":{"@context":"https:\/\/schema.org","@graph":[{"@type":["WebPage","ItemPage"],"@id":"https:\/\/www.loopkinglaces.com\/de\/products\/schwarz-rote-zementschnuere-mit-roten-plastikspitzen\/","url":"https:\/\/www.loopkinglaces.com\/de\/products\/schwarz-rote-zementschnuere-mit-roten-plastikspitzen\/","name":"Schwarz-rote Zementschn\u00fcre mit roten Plastikspitzen","isPartOf":{"@id":"https:\/\/www.loopkinglaces.com\/de\/#website"},"primaryImageOfPage":{"@id":"https:\/\/www.loopkinglaces.com\/de\/products\/schwarz-rote-zementschnuere-mit-roten-plastikspitzen\/#primaryimage"},"image":{"@id":"https:\/\/www.loopkinglaces.com\/de\/products\/schwarz-rote-zementschnuere-mit-roten-plastikspitzen\/#primaryimage"},"thumbnailUrl":"https:\/\/www.loopkinglaces.com\/wp-content\/uploads\/Black-Red-Cement-with-Red-Tips-scaled.jpg","datePublished":"2023-04-30T18:20:13+00:00","dateModified":"2024-11-05T23:55:21+00:00","description":"Es ist an der Zeit, deinen Schuhen die Aufmerksamkeit zu geben, die sie verdienen! Unsere speziell entworfenen schwarz-roten Zementschn\u00fcrsenkel peppen garantiert jeden Sneakerstil auf.","breadcrumb":{"@id":"https:\/\/www.loopkinglaces.com\/de\/products\/schwarz-rote-zementschnuere-mit-roten-plastikspitzen\/#breadcrumb"},"inLanguage":"de","potentialAction":[{"@type":"ReadAction","target":["https:\/\/www.loopkinglaces.com\/de\/products\/schwarz-rote-zementschnuere-mit-roten-plastikspitzen\/"]}]},{"@type":"ImageObject","inLanguage":"de","@id":"https:\/\/www.loopkinglaces.com\/de\/products\/schwarz-rote-zementschnuere-mit-roten-plastikspitzen\/#primaryimage","url":"https:\/\/www.loopkinglaces.com\/wp-content\/uploads\/Black-Red-Cement-with-Red-Tips-scaled.jpg","contentUrl":"https:\/\/www.loopkinglaces.com\/wp-content\/uploads\/Black-Red-Cement-with-Red-Tips-scaled.jpg","width":2560,"height":2560},{"@type":"BreadcrumbList","@id":"https:\/\/www.loopkinglaces.com\/de\/products\/schwarz-rote-zementschnuere-mit-roten-plastikspitzen\/#breadcrumb","itemListElement":[{"@type":"ListItem","position":1,"name":"Home","item":"https:\/\/www.loopkinglaces.com\/de\/"},{"@type":"ListItem","position":2,"name":"Shop","item":"https:\/\/www.loopkinglaces.com\/de\/shop\/"},{"@type":"ListItem","position":3,"name":"Schwarz-rote Zementschn\u00fcre mit roten Plastikspitzen"}]},{"@type":"WebSite","@id":"https:\/\/www.loopkinglaces.com\/de\/#website","url":"https:\/\/www.loopkinglaces.com\/de\/","name":"Luxury Gold Tip Shoelaces by Loop King Laces","description":"Rope Laces, Flat Waxed Laces and Leather Laces. All With Gold Tips.","publisher":{"@id":"https:\/\/www.loopkinglaces.com\/de\/#organization"},"potentialAction":[{"@type":"SearchAction","target":{"@type":"EntryPoint","urlTemplate":"https:\/\/www.loopkinglaces.com\/de\/?s={search_term_string}"},"query-input":{"@type":"PropertyValueSpecification","valueRequired":true,"valueName":"search_term_string"}}],"inLanguage":"de"},{"@type":"Organization","@id":"https:\/\/www.loopkinglaces.com\/de\/#organization","name":"Loop King Laces","url":"https:\/\/www.loopkinglaces.com\/de\/","logo":{"@type":"ImageObject","inLanguage":"de","@id":"https:\/\/www.loopkinglaces.com\/de\/#\/schema\/logo\/image\/","url":"https:\/\/www.loopkinglaces.com\/wp-content\/uploads\/LOOP-KING-LACES.1.1-01-LOGO-HI-RES-OFFICIAL-1.png","contentUrl":"https:\/\/www.loopkinglaces.com\/wp-content\/uploads\/LOOP-KING-LACES.1.1-01-LOGO-HI-RES-OFFICIAL-1.png","width":128,"height":91,"caption":"Loop King Laces"},"image":{"@id":"https:\/\/www.loopkinglaces.com\/de\/#\/schema\/logo\/image\/"},"sameAs":["https:\/\/www.facebook.com\/LoopKingLaces\/","https:\/\/x.com\/loopkinglaces","https:\/\/www.instagram.com\/loopkinglaces\/"]}]}},"_links":{"self":[{"href":"https:\/\/www.loopkinglaces.com\/de\/wp-json\/wp\/v2\/product\/67057","targetHints":{"allow":["GET"]}}],"collection":[{"href":"https:\/\/www.loopkinglaces.com\/de\/wp-json\/wp\/v2\/product"}],"about":[{"href":"https:\/\/www.loopkinglaces.com\/de\/wp-json\/wp\/v2\/types\/product"}],"replies":[{"embeddable":true,"href":"https:\/\/www.loopkinglaces.com\/de\/wp-json\/wp\/v2\/comments?post=67057"}],"wp:featuredmedia":[{"embeddable":true,"href":"https:\/\/www.loopkinglaces.com\/de\/wp-json\/wp\/v2\/media\/59077"}],"wp:attachment":[{"href":"https:\/\/www.loopkinglaces.com\/de\/wp-json\/wp\/v2\/media?parent=67057"}],"wp:term":[{"taxonomy":"product_brand","embeddable":true,"href":"https:\/\/www.loopkinglaces.com\/de\/wp-json\/wp\/v2\/product_brand?post=67057"},{"taxonomy":"product_cat","embeddable":true,"href":"https:\/\/www.loopkinglaces.com\/de\/wp-json\/wp\/v2\/product_cat?post=67057"},{"taxonomy":"product_tag","embeddable":true,"href":"https:\/\/www.loopkinglaces.com\/de\/wp-json\/wp\/v2\/product_tag?post=67057"},{"taxonomy":"woo-feed-brand","embeddable":true,"href":"https:\/\/www.loopkinglaces.com\/de\/wp-json\/wp\/v2\/woo-feed-brand?post=67057"}],"curies":[{"name":"wp","href":"https:\/\/api.w.org\/{rel}","templated":true}]}}