{"id":67037,"date":"2023-03-22T15:37:24","date_gmt":"2023-03-22T15:37:24","guid":{"rendered":"https:\/\/www.loopkinglaces.com\/products\/flache-schwarze-baumwollschnuersenkel-mit-goldenen-spitzen\/"},"modified":"2024-11-06T23:11:33","modified_gmt":"2024-11-06T23:11:33","slug":"flache-schwarze-baumwollschnuersenkel-mit-goldenen-spitzen","status":"publish","type":"product","link":"https:\/\/www.loopkinglaces.com\/de\/products\/flache-schwarze-baumwollschnuersenkel-mit-goldenen-spitzen\/","title":{"rendered":"Flache schwarze Baumwollschn\u00fcrsenkel mit goldenen Spitzen"},"content":{"rendered":"<p>Suchst du nach dem idealen Schn\u00fcrsenkel-Upgrade?<br \/>\nDann schau dir unsere luxuri\u00f6sen flachen schwarzen Baumwollschn\u00fcrsenkel mit goldenen Spitzen an &#8211; die perfekte Erg\u00e4nzung f\u00fcr einen vielbesch\u00e4ftigten Menschen wie dich.<br \/>\nDiese schmalen Schn\u00fcrsenkel aus hochwertiger, weicher Baumwolle sind so vielseitig, dass sie m\u00fchelos in Stiefel, Schuhe und verschiedene Sportschuhe passen.<br \/>\nGenie\u00dfe den m\u00fchelosen Wechsel zwischen deinen Lieblingsschuhmarken und gehe stilvoll aus!<\/p>\n","protected":false},"excerpt":{"rendered":"<p><strong>Flache schwarze Baumwollschn\u00fcrsenkel mit goldenen Spitzen<\/strong> Mit unseren eleganten schwarzen flachen Baumwollschn\u00fcrsenkeln, die mit edlen goldenen Spitzen verziert sind, passt du perfekt zu deinem schnelllebigen Lebensstil.<br \/>\nGenie\u00dfe die hochwertige, weiche Baumwolle, w\u00e4hrend du die Welt eroberst.<br \/>\nMit diesen vielseitigen Schn\u00fcrsenkeln, die m\u00fchelos zu den meisten gro\u00dfen Marken passen, kannst du elegant zwischen Stiefeln, Schuhen, Sneakern und mehr wechseln.<br \/>\nBleib stilvoll und anpassungsf\u00e4hig mit deinen neuen Lieblingsschn\u00fcrsenkeln, die sich m\u00fchelos von einem Paar Schuhe zu einem anderen kombinieren lassen. Die wichtigsten Merkmale sind:<\/p>\n<ul>\n<li style=\"font-weight: 400;\" aria-level=\"1\">Hochwertige Materialien<\/li>\n<li style=\"font-weight: 400;\" aria-level=\"1\">Versiegelte &amp; atemberaubende Verpackung<\/li>\n<li style=\"font-weight: 400;\" aria-level=\"1\">Verschiedene L\u00e4ngen verf\u00fcgbar<\/li>\n<li style=\"font-weight: 400;\" aria-level=\"1\">Passend f\u00fcr alle gro\u00dfen Marken (Nike, Adidas, Reebok, Converse, Vans)<\/li>\n<li style=\"font-weight: 400;\" aria-level=\"1\">Gepr\u00e4gte Goldspitzen<\/li>\n<\/ul>\n","protected":false},"featured_media":58633,"comment_status":"open","ping_status":"closed","template":"","meta":{"_acf_changed":false},"product_brand":[],"product_cat":[590,609,774,746,763,758,737,606,767,592,791,766,729,773,779],"product_tag":[781,783,635,638,738,734,636,782],"woo-feed-brand":[],"class_list":{"0":"post-67037","1":"product","2":"type-product","3":"status-publish","4":"has-post-thumbnail","6":"product_cat-all-shoelaces","7":"product_cat-awesome-nmd-laces-collection","8":"product_cat-gavi-shoelaces-die-schnursenkel-ungebundene-geschichte-des-fc-barcelona-fusballstars","9":"product_cat-keen-schnursenkel-die-kunst-von-schwarz-und-grau-beherrschen","10":"product_cat-luxuriose-rockport-schnursenkel-fur-mehr-eleganz-und-komfort","11":"product_cat-modische-farbige-schnursenkel-fur-turnschuhe","12":"product_cat-nike-blazer-schnursenkel-fur-uberragenden-style-trendsetting","13":"product_cat-premier-doc-marten-laces-revamp-your-shoes","14":"product_cat-premium-baumwollschnursenkel-die-andere-marken-in-jeder-hinsicht-ubertreffen","15":"product_cat-schnursenkel-mit-goldspitze","16":"product_cat-schwarze-premium-schnursenkel-elegant-luxurios","17":"product_cat-schwarze-und-gelbe-premium-schnursenkel-perfekt-fur-jeden-stil","18":"product_cat-skechers-schnursenkel-auf-hochstem-niveau-die-fur-spannung-wert-und-komfort-sorgen","19":"product_cat-sorel-schnursenkel-mehr-als-nur-eine-schnur-an-deiner-sohle","20":"product_cat-verbessere-dein-schuhspiel-mit-columbia-schnursenkeln","21":"product_tag-flach-gewachst","22":"product_tag-gewachst","23":"product_tag-loop-king-de","24":"product_tag-metal-tip-de","25":"product_tag-schnursenkel-mit-goldspitze","26":"product_tag-schwarz","27":"product_tag-shoelaces-de","28":"product_tag-wohnung","30":"first","31":"instock","32":"taxable","33":"shipping-taxable","34":"purchasable","35":"product-type-variable"},"acf":[],"yoast_head":"<!-- This site is optimized with the Yoast SEO plugin v27.4 - https:\/\/yoast.com\/product\/yoast-seo-wordpress\/ -->\n<title>Flache schwarze Baumwollschn\u00fcrsenkel mit goldenen Spitzen<\/title>\n<meta name=\"description\" content=\"Verleihe deinen Schuhen ein neues Aussehen mit unseren auff\u00e4lligen flachen schwarzen Baumwollschn\u00fcrsenkeln. Diese hochwertigen, langlebigen Schn\u00fcrsenkel verwandeln deine Schuhe in ein Meisterwerk.\" \/>\n<meta name=\"robots\" content=\"index, follow, max-snippet:-1, max-image-preview:large, max-video-preview:-1\" \/>\n<link rel=\"canonical\" href=\"https:\/\/www.loopkinglaces.com\/de\/products\/flache-schwarze-baumwollschnuersenkel-mit-goldenen-spitzen\/\" \/>\n<meta property=\"og:locale\" content=\"de_DE\" \/>\n<meta property=\"og:type\" content=\"article\" \/>\n<meta property=\"og:title\" content=\"Flache schwarze Baumwollschn\u00fcrsenkel mit goldenen Spitzen\" \/>\n<meta property=\"og:description\" content=\"Verleihe deinen Schuhen ein neues Aussehen mit unseren auff\u00e4lligen flachen schwarzen Baumwollschn\u00fcrsenkeln. Diese hochwertigen, langlebigen Schn\u00fcrsenkel verwandeln deine Schuhe in ein Meisterwerk.\" \/>\n<meta property=\"og:url\" content=\"https:\/\/www.loopkinglaces.com\/de\/products\/flache-schwarze-baumwollschnuersenkel-mit-goldenen-spitzen\/\" \/>\n<meta property=\"og:site_name\" content=\"Luxury Gold Tip Shoelaces by Loop King Laces\" \/>\n<meta property=\"article:publisher\" content=\"https:\/\/www.facebook.com\/LoopKingLaces\/\" \/>\n<meta property=\"article:modified_time\" content=\"2024-11-06T23:11:33+00:00\" \/>\n<meta property=\"og:image\" content=\"https:\/\/www.loopkinglaces.com\/wp-content\/uploads\/IMG_2246.jpg\" \/>\n\t<meta property=\"og:image:width\" content=\"877\" \/>\n\t<meta property=\"og:image:height\" content=\"884\" \/>\n\t<meta property=\"og:image:type\" content=\"image\/jpeg\" \/>\n<meta name=\"twitter:card\" content=\"summary_large_image\" \/>\n<meta name=\"twitter:site\" content=\"@loopkinglaces\" \/>\n<meta name=\"twitter:label1\" content=\"Gesch\u00e4tzte Lesezeit\" \/>\n\t<meta name=\"twitter:data1\" content=\"1\u00a0Minute\" \/>\n<script type=\"application\/ld+json\" class=\"yoast-schema-graph\">{\"@context\":\"https:\\\/\\\/schema.org\",\"@graph\":[{\"@type\":[\"WebPage\",\"ItemPage\"],\"@id\":\"https:\\\/\\\/www.loopkinglaces.com\\\/de\\\/products\\\/flache-schwarze-baumwollschnuersenkel-mit-goldenen-spitzen\\\/\",\"url\":\"https:\\\/\\\/www.loopkinglaces.com\\\/de\\\/products\\\/flache-schwarze-baumwollschnuersenkel-mit-goldenen-spitzen\\\/\",\"name\":\"Flache schwarze Baumwollschn\u00fcrsenkel mit goldenen Spitzen\",\"isPartOf\":{\"@id\":\"https:\\\/\\\/www.loopkinglaces.com\\\/de\\\/#website\"},\"primaryImageOfPage\":{\"@id\":\"https:\\\/\\\/www.loopkinglaces.com\\\/de\\\/products\\\/flache-schwarze-baumwollschnuersenkel-mit-goldenen-spitzen\\\/#primaryimage\"},\"image\":{\"@id\":\"https:\\\/\\\/www.loopkinglaces.com\\\/de\\\/products\\\/flache-schwarze-baumwollschnuersenkel-mit-goldenen-spitzen\\\/#primaryimage\"},\"thumbnailUrl\":\"https:\\\/\\\/www.loopkinglaces.com\\\/wp-content\\\/uploads\\\/IMG_2246.jpg\",\"datePublished\":\"2023-03-22T15:37:24+00:00\",\"dateModified\":\"2024-11-06T23:11:33+00:00\",\"description\":\"Verleihe deinen Schuhen ein neues Aussehen mit unseren auff\u00e4lligen flachen schwarzen Baumwollschn\u00fcrsenkeln. Diese hochwertigen, langlebigen Schn\u00fcrsenkel verwandeln deine Schuhe in ein Meisterwerk.\",\"breadcrumb\":{\"@id\":\"https:\\\/\\\/www.loopkinglaces.com\\\/de\\\/products\\\/flache-schwarze-baumwollschnuersenkel-mit-goldenen-spitzen\\\/#breadcrumb\"},\"inLanguage\":\"de\",\"potentialAction\":[{\"@type\":\"ReadAction\",\"target\":[\"https:\\\/\\\/www.loopkinglaces.com\\\/de\\\/products\\\/flache-schwarze-baumwollschnuersenkel-mit-goldenen-spitzen\\\/\"]}]},{\"@type\":\"ImageObject\",\"inLanguage\":\"de\",\"@id\":\"https:\\\/\\\/www.loopkinglaces.com\\\/de\\\/products\\\/flache-schwarze-baumwollschnuersenkel-mit-goldenen-spitzen\\\/#primaryimage\",\"url\":\"https:\\\/\\\/www.loopkinglaces.com\\\/wp-content\\\/uploads\\\/IMG_2246.jpg\",\"contentUrl\":\"https:\\\/\\\/www.loopkinglaces.com\\\/wp-content\\\/uploads\\\/IMG_2246.jpg\",\"width\":877,\"height\":884},{\"@type\":\"BreadcrumbList\",\"@id\":\"https:\\\/\\\/www.loopkinglaces.com\\\/de\\\/products\\\/flache-schwarze-baumwollschnuersenkel-mit-goldenen-spitzen\\\/#breadcrumb\",\"itemListElement\":[{\"@type\":\"ListItem\",\"position\":1,\"name\":\"Home\",\"item\":\"https:\\\/\\\/www.loopkinglaces.com\\\/de\\\/\"},{\"@type\":\"ListItem\",\"position\":2,\"name\":\"Shop\",\"item\":\"https:\\\/\\\/www.loopkinglaces.com\\\/de\\\/shop\\\/\"},{\"@type\":\"ListItem\",\"position\":3,\"name\":\"Flache schwarze Baumwollschn\u00fcrsenkel mit goldenen Spitzen\"}]},{\"@type\":\"WebSite\",\"@id\":\"https:\\\/\\\/www.loopkinglaces.com\\\/de\\\/#website\",\"url\":\"https:\\\/\\\/www.loopkinglaces.com\\\/de\\\/\",\"name\":\"Luxury Gold Tip Shoelaces by Loop King Laces\",\"description\":\"Rope Laces, Flat Waxed Laces and Leather Laces. All With Gold Tips.\",\"publisher\":{\"@id\":\"https:\\\/\\\/www.loopkinglaces.com\\\/de\\\/#organization\"},\"potentialAction\":[{\"@type\":\"SearchAction\",\"target\":{\"@type\":\"EntryPoint\",\"urlTemplate\":\"https:\\\/\\\/www.loopkinglaces.com\\\/de\\\/?s={search_term_string}\"},\"query-input\":{\"@type\":\"PropertyValueSpecification\",\"valueRequired\":true,\"valueName\":\"search_term_string\"}}],\"inLanguage\":\"de\"},{\"@type\":\"Organization\",\"@id\":\"https:\\\/\\\/www.loopkinglaces.com\\\/de\\\/#organization\",\"name\":\"Loop King Laces\",\"url\":\"https:\\\/\\\/www.loopkinglaces.com\\\/de\\\/\",\"logo\":{\"@type\":\"ImageObject\",\"inLanguage\":\"de\",\"@id\":\"https:\\\/\\\/www.loopkinglaces.com\\\/de\\\/#\\\/schema\\\/logo\\\/image\\\/\",\"url\":\"https:\\\/\\\/www.loopkinglaces.com\\\/wp-content\\\/uploads\\\/LOOP-KING-LACES.1.1-01-LOGO-HI-RES-OFFICIAL-1.png\",\"contentUrl\":\"https:\\\/\\\/www.loopkinglaces.com\\\/wp-content\\\/uploads\\\/LOOP-KING-LACES.1.1-01-LOGO-HI-RES-OFFICIAL-1.png\",\"width\":128,\"height\":91,\"caption\":\"Loop King Laces\"},\"image\":{\"@id\":\"https:\\\/\\\/www.loopkinglaces.com\\\/de\\\/#\\\/schema\\\/logo\\\/image\\\/\"},\"sameAs\":[\"https:\\\/\\\/www.facebook.com\\\/LoopKingLaces\\\/\",\"https:\\\/\\\/x.com\\\/loopkinglaces\",\"https:\\\/\\\/www.instagram.com\\\/loopkinglaces\\\/\"]}]}<\/script>\n<!-- \/ Yoast SEO plugin. -->","yoast_head_json":{"title":"Flache schwarze Baumwollschn\u00fcrsenkel mit goldenen Spitzen","description":"Verleihe deinen Schuhen ein neues Aussehen mit unseren auff\u00e4lligen flachen schwarzen Baumwollschn\u00fcrsenkeln. Diese hochwertigen, langlebigen Schn\u00fcrsenkel verwandeln deine Schuhe in ein Meisterwerk.","robots":{"index":"index","follow":"follow","max-snippet":"max-snippet:-1","max-image-preview":"max-image-preview:large","max-video-preview":"max-video-preview:-1"},"canonical":"https:\/\/www.loopkinglaces.com\/de\/products\/flache-schwarze-baumwollschnuersenkel-mit-goldenen-spitzen\/","og_locale":"de_DE","og_type":"article","og_title":"Flache schwarze Baumwollschn\u00fcrsenkel mit goldenen Spitzen","og_description":"Verleihe deinen Schuhen ein neues Aussehen mit unseren auff\u00e4lligen flachen schwarzen Baumwollschn\u00fcrsenkeln. Diese hochwertigen, langlebigen Schn\u00fcrsenkel verwandeln deine Schuhe in ein Meisterwerk.","og_url":"https:\/\/www.loopkinglaces.com\/de\/products\/flache-schwarze-baumwollschnuersenkel-mit-goldenen-spitzen\/","og_site_name":"Luxury Gold Tip Shoelaces by Loop King Laces","article_publisher":"https:\/\/www.facebook.com\/LoopKingLaces\/","article_modified_time":"2024-11-06T23:11:33+00:00","og_image":[{"width":877,"height":884,"url":"https:\/\/www.loopkinglaces.com\/wp-content\/uploads\/IMG_2246.jpg","type":"image\/jpeg"}],"twitter_card":"summary_large_image","twitter_site":"@loopkinglaces","twitter_misc":{"Gesch\u00e4tzte Lesezeit":"1\u00a0Minute"},"schema":{"@context":"https:\/\/schema.org","@graph":[{"@type":["WebPage","ItemPage"],"@id":"https:\/\/www.loopkinglaces.com\/de\/products\/flache-schwarze-baumwollschnuersenkel-mit-goldenen-spitzen\/","url":"https:\/\/www.loopkinglaces.com\/de\/products\/flache-schwarze-baumwollschnuersenkel-mit-goldenen-spitzen\/","name":"Flache schwarze Baumwollschn\u00fcrsenkel mit goldenen Spitzen","isPartOf":{"@id":"https:\/\/www.loopkinglaces.com\/de\/#website"},"primaryImageOfPage":{"@id":"https:\/\/www.loopkinglaces.com\/de\/products\/flache-schwarze-baumwollschnuersenkel-mit-goldenen-spitzen\/#primaryimage"},"image":{"@id":"https:\/\/www.loopkinglaces.com\/de\/products\/flache-schwarze-baumwollschnuersenkel-mit-goldenen-spitzen\/#primaryimage"},"thumbnailUrl":"https:\/\/www.loopkinglaces.com\/wp-content\/uploads\/IMG_2246.jpg","datePublished":"2023-03-22T15:37:24+00:00","dateModified":"2024-11-06T23:11:33+00:00","description":"Verleihe deinen Schuhen ein neues Aussehen mit unseren auff\u00e4lligen flachen schwarzen Baumwollschn\u00fcrsenkeln. Diese hochwertigen, langlebigen Schn\u00fcrsenkel verwandeln deine Schuhe in ein Meisterwerk.","breadcrumb":{"@id":"https:\/\/www.loopkinglaces.com\/de\/products\/flache-schwarze-baumwollschnuersenkel-mit-goldenen-spitzen\/#breadcrumb"},"inLanguage":"de","potentialAction":[{"@type":"ReadAction","target":["https:\/\/www.loopkinglaces.com\/de\/products\/flache-schwarze-baumwollschnuersenkel-mit-goldenen-spitzen\/"]}]},{"@type":"ImageObject","inLanguage":"de","@id":"https:\/\/www.loopkinglaces.com\/de\/products\/flache-schwarze-baumwollschnuersenkel-mit-goldenen-spitzen\/#primaryimage","url":"https:\/\/www.loopkinglaces.com\/wp-content\/uploads\/IMG_2246.jpg","contentUrl":"https:\/\/www.loopkinglaces.com\/wp-content\/uploads\/IMG_2246.jpg","width":877,"height":884},{"@type":"BreadcrumbList","@id":"https:\/\/www.loopkinglaces.com\/de\/products\/flache-schwarze-baumwollschnuersenkel-mit-goldenen-spitzen\/#breadcrumb","itemListElement":[{"@type":"ListItem","position":1,"name":"Home","item":"https:\/\/www.loopkinglaces.com\/de\/"},{"@type":"ListItem","position":2,"name":"Shop","item":"https:\/\/www.loopkinglaces.com\/de\/shop\/"},{"@type":"ListItem","position":3,"name":"Flache schwarze Baumwollschn\u00fcrsenkel mit goldenen Spitzen"}]},{"@type":"WebSite","@id":"https:\/\/www.loopkinglaces.com\/de\/#website","url":"https:\/\/www.loopkinglaces.com\/de\/","name":"Luxury Gold Tip Shoelaces by Loop King Laces","description":"Rope Laces, Flat Waxed Laces and Leather Laces. All With Gold Tips.","publisher":{"@id":"https:\/\/www.loopkinglaces.com\/de\/#organization"},"potentialAction":[{"@type":"SearchAction","target":{"@type":"EntryPoint","urlTemplate":"https:\/\/www.loopkinglaces.com\/de\/?s={search_term_string}"},"query-input":{"@type":"PropertyValueSpecification","valueRequired":true,"valueName":"search_term_string"}}],"inLanguage":"de"},{"@type":"Organization","@id":"https:\/\/www.loopkinglaces.com\/de\/#organization","name":"Loop King Laces","url":"https:\/\/www.loopkinglaces.com\/de\/","logo":{"@type":"ImageObject","inLanguage":"de","@id":"https:\/\/www.loopkinglaces.com\/de\/#\/schema\/logo\/image\/","url":"https:\/\/www.loopkinglaces.com\/wp-content\/uploads\/LOOP-KING-LACES.1.1-01-LOGO-HI-RES-OFFICIAL-1.png","contentUrl":"https:\/\/www.loopkinglaces.com\/wp-content\/uploads\/LOOP-KING-LACES.1.1-01-LOGO-HI-RES-OFFICIAL-1.png","width":128,"height":91,"caption":"Loop King Laces"},"image":{"@id":"https:\/\/www.loopkinglaces.com\/de\/#\/schema\/logo\/image\/"},"sameAs":["https:\/\/www.facebook.com\/LoopKingLaces\/","https:\/\/x.com\/loopkinglaces","https:\/\/www.instagram.com\/loopkinglaces\/"]}]}},"_links":{"self":[{"href":"https:\/\/www.loopkinglaces.com\/de\/wp-json\/wp\/v2\/product\/67037","targetHints":{"allow":["GET"]}}],"collection":[{"href":"https:\/\/www.loopkinglaces.com\/de\/wp-json\/wp\/v2\/product"}],"about":[{"href":"https:\/\/www.loopkinglaces.com\/de\/wp-json\/wp\/v2\/types\/product"}],"replies":[{"embeddable":true,"href":"https:\/\/www.loopkinglaces.com\/de\/wp-json\/wp\/v2\/comments?post=67037"}],"wp:featuredmedia":[{"embeddable":true,"href":"https:\/\/www.loopkinglaces.com\/de\/wp-json\/wp\/v2\/media\/58633"}],"wp:attachment":[{"href":"https:\/\/www.loopkinglaces.com\/de\/wp-json\/wp\/v2\/media?parent=67037"}],"wp:term":[{"taxonomy":"product_brand","embeddable":true,"href":"https:\/\/www.loopkinglaces.com\/de\/wp-json\/wp\/v2\/product_brand?post=67037"},{"taxonomy":"product_cat","embeddable":true,"href":"https:\/\/www.loopkinglaces.com\/de\/wp-json\/wp\/v2\/product_cat?post=67037"},{"taxonomy":"product_tag","embeddable":true,"href":"https:\/\/www.loopkinglaces.com\/de\/wp-json\/wp\/v2\/product_tag?post=67037"},{"taxonomy":"woo-feed-brand","embeddable":true,"href":"https:\/\/www.loopkinglaces.com\/de\/wp-json\/wp\/v2\/woo-feed-brand?post=67037"}],"curies":[{"name":"wp","href":"https:\/\/api.w.org\/{rel}","templated":true}]}}