{"id":67036,"date":"2023-03-22T17:33:55","date_gmt":"2023-03-22T17:33:55","guid":{"rendered":"https:\/\/www.loopkinglaces.com\/products\/hochwertige-schwarze-ovale-schnuersenkel-mit-goldenen-spitzen\/"},"modified":"2024-11-06T00:02:54","modified_gmt":"2024-11-06T00:02:54","slug":"hochwertige-schwarze-ovale-schnuersenkel-mit-goldenen-spitzen","status":"publish","type":"product","link":"https:\/\/www.loopkinglaces.com\/de\/products\/hochwertige-schwarze-ovale-schnuersenkel-mit-goldenen-spitzen\/","title":{"rendered":"Hochwertige schwarze ovale Schn\u00fcrsenkel mit goldenen Spitzen"},"content":{"rendered":"<p>Begib dich auf ein aufregendes Abenteuer auf der Suche nach dem ultimativen Schn\u00fcrsenkel und tauche ein in das faszinierende Reich der runden, flachen und \u00fcppigen ovalen Schn\u00fcrsenkel.<br \/>\nSieh dir die bezaubernde Kombination aus Gem\u00fctlichkeit und Widerstandsf\u00e4higkeit an, die in jeder der herrlichen Fasern steckt.<br \/>\nBereite dich darauf vor, mit dieser unschlagbaren Schn\u00fcrsenkelinnovation, die unvergleichliches Flair und Selbstvertrauen ausstrahlt, den Gipfel deiner sportlichen Bem\u00fchungen zu erklimmen.<\/p>\n","protected":false},"excerpt":{"rendered":"<p><strong>Premium Schwarze Ovale Schn\u00fcrsenkel mit goldenen Spitzen<\/strong> Entdecke die faszinierenden Reiche der runden, flachen und opulenten ovalen Varianten.<br \/>\nStaune \u00fcber die bezaubernde Kombination aus Gem\u00fctlichkeit und Haltbarkeit, die nahtlos in jede einzelne Faser eingewoben ist.<br \/>\nBereite dich darauf vor, mit dieser unaufhaltsamen Schn\u00fcrsenkel-Innovation, die un\u00fcbertroffenes Flair und Selbstvertrauen ausstrahlt, ungeahnte H\u00f6hen bei deinen sportlichen Unternehmungen zu erobern. Die wichtigsten Merkmale sind:<\/p>\n<ul>\n<li style=\"font-weight: 400;\" aria-level=\"1\">Hochwertige Materialien<\/li>\n<li style=\"font-weight: 400;\" aria-level=\"1\">Gepr\u00e4gte Goldperlen-Spitzen<\/li>\n<li style=\"font-weight: 400;\" aria-level=\"1\">Halten 3x l\u00e4nger als herk\u00f6mmliche Schn\u00fcrsenkel<\/li>\n<li style=\"font-weight: 400;\" aria-level=\"1\">Versiegelte &amp; atemberaubende Verpackung<\/li>\n<li style=\"font-weight: 400;\" aria-level=\"1\">In verschiedene L\u00e4ngen verf\u00fcgbar<\/li>\n<\/ul>\n","protected":false},"featured_media":58639,"comment_status":"open","ping_status":"closed","template":"","meta":{"_acf_changed":false},"product_brand":[],"product_cat":[590,746,833,758,786,762,592,791,766,593,760,596],"product_tag":[781,783,635,638,738,734,636,782],"woo-feed-brand":[],"class_list":{"0":"post-67036","1":"product","2":"type-product","3":"status-publish","4":"has-post-thumbnail","6":"product_cat-all-shoelaces","7":"product_cat-keen-schnursenkel-die-kunst-von-schwarz-und-grau-beherrschen","8":"product_cat-luxuriose-louis-vuitton-schnursenkel-die-deine-raffinesse-und-deinen-stil-unterstreichen","9":"product_cat-modische-farbige-schnursenkel-fur-turnschuhe","10":"product_cat-ovale-schnursenkel-die-die-perfekte-balance-zwischen-flach-und-rund-schaffen","11":"product_cat-schnursenkel-fur-herrenschuhe-die-besser-sind-als-die-originale","12":"product_cat-schnursenkel-mit-goldspitze","13":"product_cat-schwarze-premium-schnursenkel-elegant-luxurios","14":"product_cat-schwarze-und-gelbe-premium-schnursenkel-perfekt-fur-jeden-stil","15":"product_cat-stan-smith-laces-fancy-and-trendy","16":"product_cat-umwerfende-jordan-5-schnurverschlusse-machen-das-schuhebinden-uberflussig","17":"product_cat-vans-shoe-laces-fantastic-for-your-sneakers","18":"product_tag-flach-gewachst","19":"product_tag-gewachst","20":"product_tag-loop-king-de","21":"product_tag-metal-tip-de","22":"product_tag-schnursenkel-mit-goldspitze","23":"product_tag-schwarz","24":"product_tag-shoelaces-de","25":"product_tag-wohnung","27":"first","28":"instock","29":"taxable","30":"shipping-taxable","31":"purchasable","32":"product-type-variable"},"acf":[],"yoast_head":"<!-- This site is optimized with the Yoast SEO plugin v27.4 - https:\/\/yoast.com\/product\/yoast-seo-wordpress\/ -->\n<title>Hochwertige schwarze ovale Schn\u00fcrsenkel mit goldenen Spitzen<\/title>\n<meta name=\"description\" content=\"Erlebe die ultimative Verschmelzung mit unseren au\u00dfergew\u00f6hnlichen wei\u00dfen ovalen Schn\u00fcrsenkeln, die die Vorteile von runden und flachen Schn\u00fcrsenkeln f\u00fcr eine makellose, unschlagbare Performance vereinen.\" \/>\n<meta name=\"robots\" content=\"index, follow, max-snippet:-1, max-image-preview:large, max-video-preview:-1\" \/>\n<link rel=\"canonical\" href=\"https:\/\/www.loopkinglaces.com\/de\/products\/hochwertige-schwarze-ovale-schnuersenkel-mit-goldenen-spitzen\/\" \/>\n<meta property=\"og:locale\" content=\"de_DE\" \/>\n<meta property=\"og:type\" content=\"article\" \/>\n<meta property=\"og:title\" content=\"Hochwertige schwarze ovale Schn\u00fcrsenkel mit goldenen Spitzen\" \/>\n<meta property=\"og:description\" content=\"Erlebe die ultimative Verschmelzung mit unseren au\u00dfergew\u00f6hnlichen wei\u00dfen ovalen Schn\u00fcrsenkeln, die die Vorteile von runden und flachen Schn\u00fcrsenkeln f\u00fcr eine makellose, unschlagbare Performance vereinen.\" \/>\n<meta property=\"og:url\" content=\"https:\/\/www.loopkinglaces.com\/de\/products\/hochwertige-schwarze-ovale-schnuersenkel-mit-goldenen-spitzen\/\" \/>\n<meta property=\"og:site_name\" content=\"Luxury Gold Tip Shoelaces by Loop King Laces\" \/>\n<meta property=\"article:publisher\" content=\"https:\/\/www.facebook.com\/LoopKingLaces\/\" \/>\n<meta property=\"article:modified_time\" content=\"2024-11-06T00:02:54+00:00\" \/>\n<meta property=\"og:image\" content=\"https:\/\/www.loopkinglaces.com\/wp-content\/uploads\/IMG_2267.jpg\" \/>\n\t<meta property=\"og:image:width\" content=\"1005\" \/>\n\t<meta property=\"og:image:height\" content=\"927\" \/>\n\t<meta property=\"og:image:type\" content=\"image\/jpeg\" \/>\n<meta name=\"twitter:card\" content=\"summary_large_image\" \/>\n<meta name=\"twitter:site\" content=\"@loopkinglaces\" \/>\n<meta name=\"twitter:label1\" content=\"Gesch\u00e4tzte Lesezeit\" \/>\n\t<meta name=\"twitter:data1\" content=\"1\u00a0Minute\" \/>\n<script type=\"application\/ld+json\" class=\"yoast-schema-graph\">{\"@context\":\"https:\\\/\\\/schema.org\",\"@graph\":[{\"@type\":[\"WebPage\",\"ItemPage\"],\"@id\":\"https:\\\/\\\/www.loopkinglaces.com\\\/de\\\/products\\\/hochwertige-schwarze-ovale-schnuersenkel-mit-goldenen-spitzen\\\/\",\"url\":\"https:\\\/\\\/www.loopkinglaces.com\\\/de\\\/products\\\/hochwertige-schwarze-ovale-schnuersenkel-mit-goldenen-spitzen\\\/\",\"name\":\"Hochwertige schwarze ovale Schn\u00fcrsenkel mit goldenen Spitzen\",\"isPartOf\":{\"@id\":\"https:\\\/\\\/www.loopkinglaces.com\\\/de\\\/#website\"},\"primaryImageOfPage\":{\"@id\":\"https:\\\/\\\/www.loopkinglaces.com\\\/de\\\/products\\\/hochwertige-schwarze-ovale-schnuersenkel-mit-goldenen-spitzen\\\/#primaryimage\"},\"image\":{\"@id\":\"https:\\\/\\\/www.loopkinglaces.com\\\/de\\\/products\\\/hochwertige-schwarze-ovale-schnuersenkel-mit-goldenen-spitzen\\\/#primaryimage\"},\"thumbnailUrl\":\"https:\\\/\\\/www.loopkinglaces.com\\\/wp-content\\\/uploads\\\/IMG_2267.jpg\",\"datePublished\":\"2023-03-22T17:33:55+00:00\",\"dateModified\":\"2024-11-06T00:02:54+00:00\",\"description\":\"Erlebe die ultimative Verschmelzung mit unseren au\u00dfergew\u00f6hnlichen wei\u00dfen ovalen Schn\u00fcrsenkeln, die die Vorteile von runden und flachen Schn\u00fcrsenkeln f\u00fcr eine makellose, unschlagbare Performance vereinen.\",\"breadcrumb\":{\"@id\":\"https:\\\/\\\/www.loopkinglaces.com\\\/de\\\/products\\\/hochwertige-schwarze-ovale-schnuersenkel-mit-goldenen-spitzen\\\/#breadcrumb\"},\"inLanguage\":\"de\",\"potentialAction\":[{\"@type\":\"ReadAction\",\"target\":[\"https:\\\/\\\/www.loopkinglaces.com\\\/de\\\/products\\\/hochwertige-schwarze-ovale-schnuersenkel-mit-goldenen-spitzen\\\/\"]}]},{\"@type\":\"ImageObject\",\"inLanguage\":\"de\",\"@id\":\"https:\\\/\\\/www.loopkinglaces.com\\\/de\\\/products\\\/hochwertige-schwarze-ovale-schnuersenkel-mit-goldenen-spitzen\\\/#primaryimage\",\"url\":\"https:\\\/\\\/www.loopkinglaces.com\\\/wp-content\\\/uploads\\\/IMG_2267.jpg\",\"contentUrl\":\"https:\\\/\\\/www.loopkinglaces.com\\\/wp-content\\\/uploads\\\/IMG_2267.jpg\",\"width\":1005,\"height\":927},{\"@type\":\"BreadcrumbList\",\"@id\":\"https:\\\/\\\/www.loopkinglaces.com\\\/de\\\/products\\\/hochwertige-schwarze-ovale-schnuersenkel-mit-goldenen-spitzen\\\/#breadcrumb\",\"itemListElement\":[{\"@type\":\"ListItem\",\"position\":1,\"name\":\"Home\",\"item\":\"https:\\\/\\\/www.loopkinglaces.com\\\/de\\\/\"},{\"@type\":\"ListItem\",\"position\":2,\"name\":\"Shop\",\"item\":\"https:\\\/\\\/www.loopkinglaces.com\\\/de\\\/shop\\\/\"},{\"@type\":\"ListItem\",\"position\":3,\"name\":\"Hochwertige schwarze ovale Schn\u00fcrsenkel mit goldenen Spitzen\"}]},{\"@type\":\"WebSite\",\"@id\":\"https:\\\/\\\/www.loopkinglaces.com\\\/de\\\/#website\",\"url\":\"https:\\\/\\\/www.loopkinglaces.com\\\/de\\\/\",\"name\":\"Luxury Gold Tip Shoelaces by Loop King Laces\",\"description\":\"Rope Laces, Flat Waxed Laces and Leather Laces. All With Gold Tips.\",\"publisher\":{\"@id\":\"https:\\\/\\\/www.loopkinglaces.com\\\/de\\\/#organization\"},\"potentialAction\":[{\"@type\":\"SearchAction\",\"target\":{\"@type\":\"EntryPoint\",\"urlTemplate\":\"https:\\\/\\\/www.loopkinglaces.com\\\/de\\\/?s={search_term_string}\"},\"query-input\":{\"@type\":\"PropertyValueSpecification\",\"valueRequired\":true,\"valueName\":\"search_term_string\"}}],\"inLanguage\":\"de\"},{\"@type\":\"Organization\",\"@id\":\"https:\\\/\\\/www.loopkinglaces.com\\\/de\\\/#organization\",\"name\":\"Loop King Laces\",\"url\":\"https:\\\/\\\/www.loopkinglaces.com\\\/de\\\/\",\"logo\":{\"@type\":\"ImageObject\",\"inLanguage\":\"de\",\"@id\":\"https:\\\/\\\/www.loopkinglaces.com\\\/de\\\/#\\\/schema\\\/logo\\\/image\\\/\",\"url\":\"https:\\\/\\\/www.loopkinglaces.com\\\/wp-content\\\/uploads\\\/LOOP-KING-LACES.1.1-01-LOGO-HI-RES-OFFICIAL-1.png\",\"contentUrl\":\"https:\\\/\\\/www.loopkinglaces.com\\\/wp-content\\\/uploads\\\/LOOP-KING-LACES.1.1-01-LOGO-HI-RES-OFFICIAL-1.png\",\"width\":128,\"height\":91,\"caption\":\"Loop King Laces\"},\"image\":{\"@id\":\"https:\\\/\\\/www.loopkinglaces.com\\\/de\\\/#\\\/schema\\\/logo\\\/image\\\/\"},\"sameAs\":[\"https:\\\/\\\/www.facebook.com\\\/LoopKingLaces\\\/\",\"https:\\\/\\\/x.com\\\/loopkinglaces\",\"https:\\\/\\\/www.instagram.com\\\/loopkinglaces\\\/\"]}]}<\/script>\n<!-- \/ Yoast SEO plugin. -->","yoast_head_json":{"title":"Hochwertige schwarze ovale Schn\u00fcrsenkel mit goldenen Spitzen","description":"Erlebe die ultimative Verschmelzung mit unseren au\u00dfergew\u00f6hnlichen wei\u00dfen ovalen Schn\u00fcrsenkeln, die die Vorteile von runden und flachen Schn\u00fcrsenkeln f\u00fcr eine makellose, unschlagbare Performance vereinen.","robots":{"index":"index","follow":"follow","max-snippet":"max-snippet:-1","max-image-preview":"max-image-preview:large","max-video-preview":"max-video-preview:-1"},"canonical":"https:\/\/www.loopkinglaces.com\/de\/products\/hochwertige-schwarze-ovale-schnuersenkel-mit-goldenen-spitzen\/","og_locale":"de_DE","og_type":"article","og_title":"Hochwertige schwarze ovale Schn\u00fcrsenkel mit goldenen Spitzen","og_description":"Erlebe die ultimative Verschmelzung mit unseren au\u00dfergew\u00f6hnlichen wei\u00dfen ovalen Schn\u00fcrsenkeln, die die Vorteile von runden und flachen Schn\u00fcrsenkeln f\u00fcr eine makellose, unschlagbare Performance vereinen.","og_url":"https:\/\/www.loopkinglaces.com\/de\/products\/hochwertige-schwarze-ovale-schnuersenkel-mit-goldenen-spitzen\/","og_site_name":"Luxury Gold Tip Shoelaces by Loop King Laces","article_publisher":"https:\/\/www.facebook.com\/LoopKingLaces\/","article_modified_time":"2024-11-06T00:02:54+00:00","og_image":[{"width":1005,"height":927,"url":"https:\/\/www.loopkinglaces.com\/wp-content\/uploads\/IMG_2267.jpg","type":"image\/jpeg"}],"twitter_card":"summary_large_image","twitter_site":"@loopkinglaces","twitter_misc":{"Gesch\u00e4tzte Lesezeit":"1\u00a0Minute"},"schema":{"@context":"https:\/\/schema.org","@graph":[{"@type":["WebPage","ItemPage"],"@id":"https:\/\/www.loopkinglaces.com\/de\/products\/hochwertige-schwarze-ovale-schnuersenkel-mit-goldenen-spitzen\/","url":"https:\/\/www.loopkinglaces.com\/de\/products\/hochwertige-schwarze-ovale-schnuersenkel-mit-goldenen-spitzen\/","name":"Hochwertige schwarze ovale Schn\u00fcrsenkel mit goldenen Spitzen","isPartOf":{"@id":"https:\/\/www.loopkinglaces.com\/de\/#website"},"primaryImageOfPage":{"@id":"https:\/\/www.loopkinglaces.com\/de\/products\/hochwertige-schwarze-ovale-schnuersenkel-mit-goldenen-spitzen\/#primaryimage"},"image":{"@id":"https:\/\/www.loopkinglaces.com\/de\/products\/hochwertige-schwarze-ovale-schnuersenkel-mit-goldenen-spitzen\/#primaryimage"},"thumbnailUrl":"https:\/\/www.loopkinglaces.com\/wp-content\/uploads\/IMG_2267.jpg","datePublished":"2023-03-22T17:33:55+00:00","dateModified":"2024-11-06T00:02:54+00:00","description":"Erlebe die ultimative Verschmelzung mit unseren au\u00dfergew\u00f6hnlichen wei\u00dfen ovalen Schn\u00fcrsenkeln, die die Vorteile von runden und flachen Schn\u00fcrsenkeln f\u00fcr eine makellose, unschlagbare Performance vereinen.","breadcrumb":{"@id":"https:\/\/www.loopkinglaces.com\/de\/products\/hochwertige-schwarze-ovale-schnuersenkel-mit-goldenen-spitzen\/#breadcrumb"},"inLanguage":"de","potentialAction":[{"@type":"ReadAction","target":["https:\/\/www.loopkinglaces.com\/de\/products\/hochwertige-schwarze-ovale-schnuersenkel-mit-goldenen-spitzen\/"]}]},{"@type":"ImageObject","inLanguage":"de","@id":"https:\/\/www.loopkinglaces.com\/de\/products\/hochwertige-schwarze-ovale-schnuersenkel-mit-goldenen-spitzen\/#primaryimage","url":"https:\/\/www.loopkinglaces.com\/wp-content\/uploads\/IMG_2267.jpg","contentUrl":"https:\/\/www.loopkinglaces.com\/wp-content\/uploads\/IMG_2267.jpg","width":1005,"height":927},{"@type":"BreadcrumbList","@id":"https:\/\/www.loopkinglaces.com\/de\/products\/hochwertige-schwarze-ovale-schnuersenkel-mit-goldenen-spitzen\/#breadcrumb","itemListElement":[{"@type":"ListItem","position":1,"name":"Home","item":"https:\/\/www.loopkinglaces.com\/de\/"},{"@type":"ListItem","position":2,"name":"Shop","item":"https:\/\/www.loopkinglaces.com\/de\/shop\/"},{"@type":"ListItem","position":3,"name":"Hochwertige schwarze ovale Schn\u00fcrsenkel mit goldenen Spitzen"}]},{"@type":"WebSite","@id":"https:\/\/www.loopkinglaces.com\/de\/#website","url":"https:\/\/www.loopkinglaces.com\/de\/","name":"Luxury Gold Tip Shoelaces by Loop King Laces","description":"Rope Laces, Flat Waxed Laces and Leather Laces. All With Gold Tips.","publisher":{"@id":"https:\/\/www.loopkinglaces.com\/de\/#organization"},"potentialAction":[{"@type":"SearchAction","target":{"@type":"EntryPoint","urlTemplate":"https:\/\/www.loopkinglaces.com\/de\/?s={search_term_string}"},"query-input":{"@type":"PropertyValueSpecification","valueRequired":true,"valueName":"search_term_string"}}],"inLanguage":"de"},{"@type":"Organization","@id":"https:\/\/www.loopkinglaces.com\/de\/#organization","name":"Loop King Laces","url":"https:\/\/www.loopkinglaces.com\/de\/","logo":{"@type":"ImageObject","inLanguage":"de","@id":"https:\/\/www.loopkinglaces.com\/de\/#\/schema\/logo\/image\/","url":"https:\/\/www.loopkinglaces.com\/wp-content\/uploads\/LOOP-KING-LACES.1.1-01-LOGO-HI-RES-OFFICIAL-1.png","contentUrl":"https:\/\/www.loopkinglaces.com\/wp-content\/uploads\/LOOP-KING-LACES.1.1-01-LOGO-HI-RES-OFFICIAL-1.png","width":128,"height":91,"caption":"Loop King Laces"},"image":{"@id":"https:\/\/www.loopkinglaces.com\/de\/#\/schema\/logo\/image\/"},"sameAs":["https:\/\/www.facebook.com\/LoopKingLaces\/","https:\/\/x.com\/loopkinglaces","https:\/\/www.instagram.com\/loopkinglaces\/"]}]}},"_links":{"self":[{"href":"https:\/\/www.loopkinglaces.com\/de\/wp-json\/wp\/v2\/product\/67036","targetHints":{"allow":["GET"]}}],"collection":[{"href":"https:\/\/www.loopkinglaces.com\/de\/wp-json\/wp\/v2\/product"}],"about":[{"href":"https:\/\/www.loopkinglaces.com\/de\/wp-json\/wp\/v2\/types\/product"}],"replies":[{"embeddable":true,"href":"https:\/\/www.loopkinglaces.com\/de\/wp-json\/wp\/v2\/comments?post=67036"}],"wp:featuredmedia":[{"embeddable":true,"href":"https:\/\/www.loopkinglaces.com\/de\/wp-json\/wp\/v2\/media\/58639"}],"wp:attachment":[{"href":"https:\/\/www.loopkinglaces.com\/de\/wp-json\/wp\/v2\/media?parent=67036"}],"wp:term":[{"taxonomy":"product_brand","embeddable":true,"href":"https:\/\/www.loopkinglaces.com\/de\/wp-json\/wp\/v2\/product_brand?post=67036"},{"taxonomy":"product_cat","embeddable":true,"href":"https:\/\/www.loopkinglaces.com\/de\/wp-json\/wp\/v2\/product_cat?post=67036"},{"taxonomy":"product_tag","embeddable":true,"href":"https:\/\/www.loopkinglaces.com\/de\/wp-json\/wp\/v2\/product_tag?post=67036"},{"taxonomy":"woo-feed-brand","embeddable":true,"href":"https:\/\/www.loopkinglaces.com\/de\/wp-json\/wp\/v2\/woo-feed-brand?post=67036"}],"curies":[{"name":"wp","href":"https:\/\/api.w.org\/{rel}","templated":true}]}}