{"id":67026,"date":"2023-03-22T17:22:12","date_gmt":"2023-03-22T17:22:12","guid":{"rendered":"https:\/\/www.loopkinglaces.com\/products\/weisse-ovale-premium-schnuersenkel-mit-goldenen-spitzen\/"},"modified":"2024-11-06T23:03:58","modified_gmt":"2024-11-06T23:03:58","slug":"weisse-ovale-premium-schnuersenkel-mit-goldenen-spitzen","status":"publish","type":"product","link":"https:\/\/www.loopkinglaces.com\/de\/products\/weisse-ovale-premium-schnuersenkel-mit-goldenen-spitzen\/","title":{"rendered":"Wei\u00dfe ovale Premium Schn\u00fcrsenkel mit goldenen Spitzen"},"content":{"rendered":"<p>Begib dich auf eine epische Mission, um den ultimativen Schn\u00fcrsenkel zu finden!<br \/>\nNavigiere durch seltsame L\u00e4nder mit runden und flachen Schn\u00fcrsenkeln, bevor du ein geheimnisvolles Reich mit ovalen Wundern entdeckst.<br \/>\nEnth\u00fclle seine Geheimnisse, w\u00e4hrend du die perfekte Mischung aus Komfort und St\u00e4rke genie\u00dft &#8211; r\u00fcste deine Schuhe f\u00fcr den Kampf aus und sei bereit, neue H\u00f6hen zu erklimmen, w\u00e4hrend du auf deinem Weg die K\u00f6pfe verdrehst.<\/p>\n","protected":false},"excerpt":{"rendered":"<p><strong>Wei\u00dfe ovale Premium-Schn\u00fcrsenkel mit goldenen Spitzen<\/strong> Tauche ein in die aufregende Suche nach dem perfekten Schn\u00fcrsenkel und entdecke die faszinierenden Dimensionen der runden, flachen und luxuri\u00f6sen ovalen Schn\u00fcrsenkel.<br \/>\nErlebe die faszinierende Verschmelzung von Komfort und Ausdauer, die in jedem exquisiten Strang steckt.<br \/>\nMit dieser unbesiegbaren Schn\u00fcrungstechnologie, die mit unvergleichlichem Stil und Selbstvertrauen ausgestattet ist, kannst du neue Gipfel bei deinen sportlichen Aktivit\u00e4ten erklimmen. Die wichtigsten Merkmale sind:<\/p>\n<ul>\n<li style=\"font-weight: 400;\" aria-level=\"1\">Hochwertige Materialien<\/li>\n<li style=\"font-weight: 400;\" aria-level=\"1\">Gepr\u00e4gte Goldperlen-Spitzen<\/li>\n<li style=\"font-weight: 400;\" aria-level=\"1\">Halten 3x l\u00e4nger als herk\u00f6mmliche Schn\u00fcrsenkel<\/li>\n<li style=\"font-weight: 400;\" aria-level=\"1\">Versiegelte &amp; atemberaubende Verpackung<\/li>\n<li style=\"font-weight: 400;\" aria-level=\"1\">In verschiedene L\u00e4ngen verf\u00fcgbar<\/li>\n<\/ul>\n","protected":false},"featured_media":58641,"comment_status":"open","ping_status":"closed","template":"","meta":{"_acf_changed":false},"product_brand":[],"product_cat":[612,691,595,590,715,761,758,786,592],"product_tag":[781,783,635,638,738,734,636,782],"woo-feed-brand":[],"class_list":{"0":"post-67026","1":"product","2":"type-product","3":"status-publish","4":"has-post-thumbnail","6":"product_cat-48-inch-shoelaces-de","7":"product_cat-63-inch-boot-laces-de","8":"product_cat-adidas-shoelaces-for-ultraboost-superior-laces","9":"product_cat-all-shoelaces","10":"product_cat-white-laces-de","11":"product_cat-elite-level-jordan-1-bordeaux-weise-schnursenkel-die-luxurios-aussehen","12":"product_cat-modische-farbige-schnursenkel-fur-turnschuhe","13":"product_cat-ovale-schnursenkel-die-die-perfekte-balance-zwischen-flach-und-rund-schaffen","14":"product_cat-schnursenkel-mit-goldspitze","15":"product_tag-flach-gewachst","16":"product_tag-gewachst","17":"product_tag-loop-king-de","18":"product_tag-metal-tip-de","19":"product_tag-schnursenkel-mit-goldspitze","20":"product_tag-schwarz","21":"product_tag-shoelaces-de","22":"product_tag-wohnung","24":"first","25":"instock","26":"taxable","27":"shipping-taxable","28":"purchasable","29":"product-type-variable"},"acf":[],"yoast_head":"<!-- This site is optimized with the Yoast SEO plugin v27.4 - https:\/\/yoast.com\/product\/yoast-seo-wordpress\/ -->\n<title>Wei\u00dfe ovale Premium Schn\u00fcrsenkel mit goldenen Spitzen<\/title>\n<meta name=\"description\" content=\"Entdecke das ultimative Schn\u00fcrsenkelerlebnis mit unseren au\u00dfergew\u00f6hnlichen ovalen Schn\u00fcrsenkeln, die auf geniale Weise die Qualit\u00e4ten von un\u00fcbertroffener Funktionalit\u00e4t und Flair vereinen.\" \/>\n<meta name=\"robots\" content=\"index, follow, max-snippet:-1, max-image-preview:large, max-video-preview:-1\" \/>\n<link rel=\"canonical\" href=\"https:\/\/www.loopkinglaces.com\/de\/products\/weisse-ovale-premium-schnuersenkel-mit-goldenen-spitzen\/\" \/>\n<meta property=\"og:locale\" content=\"de_DE\" \/>\n<meta property=\"og:type\" content=\"article\" \/>\n<meta property=\"og:title\" content=\"Wei\u00dfe ovale Premium Schn\u00fcrsenkel mit goldenen Spitzen\" \/>\n<meta property=\"og:description\" content=\"Entdecke das ultimative Schn\u00fcrsenkelerlebnis mit unseren au\u00dfergew\u00f6hnlichen ovalen Schn\u00fcrsenkeln, die auf geniale Weise die Qualit\u00e4ten von un\u00fcbertroffener Funktionalit\u00e4t und Flair vereinen.\" \/>\n<meta property=\"og:url\" content=\"https:\/\/www.loopkinglaces.com\/de\/products\/weisse-ovale-premium-schnuersenkel-mit-goldenen-spitzen\/\" \/>\n<meta property=\"og:site_name\" content=\"Luxury Gold Tip Shoelaces by Loop King Laces\" \/>\n<meta property=\"article:publisher\" content=\"https:\/\/www.facebook.com\/LoopKingLaces\/\" \/>\n<meta property=\"article:modified_time\" content=\"2024-11-06T23:03:58+00:00\" \/>\n<meta property=\"og:image\" content=\"https:\/\/www.loopkinglaces.com\/wp-content\/uploads\/IMG_2262.jpg\" \/>\n\t<meta property=\"og:image:width\" content=\"964\" \/>\n\t<meta property=\"og:image:height\" content=\"857\" \/>\n\t<meta property=\"og:image:type\" content=\"image\/jpeg\" \/>\n<meta name=\"twitter:card\" content=\"summary_large_image\" \/>\n<meta name=\"twitter:site\" content=\"@loopkinglaces\" \/>\n<script type=\"application\/ld+json\" class=\"yoast-schema-graph\">{\"@context\":\"https:\\\/\\\/schema.org\",\"@graph\":[{\"@type\":[\"WebPage\",\"ItemPage\"],\"@id\":\"https:\\\/\\\/www.loopkinglaces.com\\\/de\\\/products\\\/weisse-ovale-premium-schnuersenkel-mit-goldenen-spitzen\\\/\",\"url\":\"https:\\\/\\\/www.loopkinglaces.com\\\/de\\\/products\\\/weisse-ovale-premium-schnuersenkel-mit-goldenen-spitzen\\\/\",\"name\":\"Wei\u00dfe ovale Premium Schn\u00fcrsenkel mit goldenen Spitzen\",\"isPartOf\":{\"@id\":\"https:\\\/\\\/www.loopkinglaces.com\\\/de\\\/#website\"},\"primaryImageOfPage\":{\"@id\":\"https:\\\/\\\/www.loopkinglaces.com\\\/de\\\/products\\\/weisse-ovale-premium-schnuersenkel-mit-goldenen-spitzen\\\/#primaryimage\"},\"image\":{\"@id\":\"https:\\\/\\\/www.loopkinglaces.com\\\/de\\\/products\\\/weisse-ovale-premium-schnuersenkel-mit-goldenen-spitzen\\\/#primaryimage\"},\"thumbnailUrl\":\"https:\\\/\\\/www.loopkinglaces.com\\\/wp-content\\\/uploads\\\/IMG_2262.jpg\",\"datePublished\":\"2023-03-22T17:22:12+00:00\",\"dateModified\":\"2024-11-06T23:03:58+00:00\",\"description\":\"Entdecke das ultimative Schn\u00fcrsenkelerlebnis mit unseren au\u00dfergew\u00f6hnlichen ovalen Schn\u00fcrsenkeln, die auf geniale Weise die Qualit\u00e4ten von un\u00fcbertroffener Funktionalit\u00e4t und Flair vereinen.\",\"breadcrumb\":{\"@id\":\"https:\\\/\\\/www.loopkinglaces.com\\\/de\\\/products\\\/weisse-ovale-premium-schnuersenkel-mit-goldenen-spitzen\\\/#breadcrumb\"},\"inLanguage\":\"de\",\"potentialAction\":[{\"@type\":\"ReadAction\",\"target\":[\"https:\\\/\\\/www.loopkinglaces.com\\\/de\\\/products\\\/weisse-ovale-premium-schnuersenkel-mit-goldenen-spitzen\\\/\"]}]},{\"@type\":\"ImageObject\",\"inLanguage\":\"de\",\"@id\":\"https:\\\/\\\/www.loopkinglaces.com\\\/de\\\/products\\\/weisse-ovale-premium-schnuersenkel-mit-goldenen-spitzen\\\/#primaryimage\",\"url\":\"https:\\\/\\\/www.loopkinglaces.com\\\/wp-content\\\/uploads\\\/IMG_2262.jpg\",\"contentUrl\":\"https:\\\/\\\/www.loopkinglaces.com\\\/wp-content\\\/uploads\\\/IMG_2262.jpg\",\"width\":964,\"height\":857},{\"@type\":\"BreadcrumbList\",\"@id\":\"https:\\\/\\\/www.loopkinglaces.com\\\/de\\\/products\\\/weisse-ovale-premium-schnuersenkel-mit-goldenen-spitzen\\\/#breadcrumb\",\"itemListElement\":[{\"@type\":\"ListItem\",\"position\":1,\"name\":\"Home\",\"item\":\"https:\\\/\\\/www.loopkinglaces.com\\\/de\\\/\"},{\"@type\":\"ListItem\",\"position\":2,\"name\":\"Shop\",\"item\":\"https:\\\/\\\/www.loopkinglaces.com\\\/de\\\/shop\\\/\"},{\"@type\":\"ListItem\",\"position\":3,\"name\":\"Wei\u00dfe ovale Premium Schn\u00fcrsenkel mit goldenen Spitzen\"}]},{\"@type\":\"WebSite\",\"@id\":\"https:\\\/\\\/www.loopkinglaces.com\\\/de\\\/#website\",\"url\":\"https:\\\/\\\/www.loopkinglaces.com\\\/de\\\/\",\"name\":\"Luxury Gold Tip Shoelaces by Loop King Laces\",\"description\":\"Rope Laces, Flat Waxed Laces and Leather Laces. All With Gold Tips.\",\"publisher\":{\"@id\":\"https:\\\/\\\/www.loopkinglaces.com\\\/de\\\/#organization\"},\"potentialAction\":[{\"@type\":\"SearchAction\",\"target\":{\"@type\":\"EntryPoint\",\"urlTemplate\":\"https:\\\/\\\/www.loopkinglaces.com\\\/de\\\/?s={search_term_string}\"},\"query-input\":{\"@type\":\"PropertyValueSpecification\",\"valueRequired\":true,\"valueName\":\"search_term_string\"}}],\"inLanguage\":\"de\"},{\"@type\":\"Organization\",\"@id\":\"https:\\\/\\\/www.loopkinglaces.com\\\/de\\\/#organization\",\"name\":\"Loop King Laces\",\"url\":\"https:\\\/\\\/www.loopkinglaces.com\\\/de\\\/\",\"logo\":{\"@type\":\"ImageObject\",\"inLanguage\":\"de\",\"@id\":\"https:\\\/\\\/www.loopkinglaces.com\\\/de\\\/#\\\/schema\\\/logo\\\/image\\\/\",\"url\":\"https:\\\/\\\/www.loopkinglaces.com\\\/wp-content\\\/uploads\\\/LOOP-KING-LACES.1.1-01-LOGO-HI-RES-OFFICIAL-1.png\",\"contentUrl\":\"https:\\\/\\\/www.loopkinglaces.com\\\/wp-content\\\/uploads\\\/LOOP-KING-LACES.1.1-01-LOGO-HI-RES-OFFICIAL-1.png\",\"width\":128,\"height\":91,\"caption\":\"Loop King Laces\"},\"image\":{\"@id\":\"https:\\\/\\\/www.loopkinglaces.com\\\/de\\\/#\\\/schema\\\/logo\\\/image\\\/\"},\"sameAs\":[\"https:\\\/\\\/www.facebook.com\\\/LoopKingLaces\\\/\",\"https:\\\/\\\/x.com\\\/loopkinglaces\",\"https:\\\/\\\/www.instagram.com\\\/loopkinglaces\\\/\"]}]}<\/script>\n<!-- \/ Yoast SEO plugin. -->","yoast_head_json":{"title":"Wei\u00dfe ovale Premium Schn\u00fcrsenkel mit goldenen Spitzen","description":"Entdecke das ultimative Schn\u00fcrsenkelerlebnis mit unseren au\u00dfergew\u00f6hnlichen ovalen Schn\u00fcrsenkeln, die auf geniale Weise die Qualit\u00e4ten von un\u00fcbertroffener Funktionalit\u00e4t und Flair vereinen.","robots":{"index":"index","follow":"follow","max-snippet":"max-snippet:-1","max-image-preview":"max-image-preview:large","max-video-preview":"max-video-preview:-1"},"canonical":"https:\/\/www.loopkinglaces.com\/de\/products\/weisse-ovale-premium-schnuersenkel-mit-goldenen-spitzen\/","og_locale":"de_DE","og_type":"article","og_title":"Wei\u00dfe ovale Premium Schn\u00fcrsenkel mit goldenen Spitzen","og_description":"Entdecke das ultimative Schn\u00fcrsenkelerlebnis mit unseren au\u00dfergew\u00f6hnlichen ovalen Schn\u00fcrsenkeln, die auf geniale Weise die Qualit\u00e4ten von un\u00fcbertroffener Funktionalit\u00e4t und Flair vereinen.","og_url":"https:\/\/www.loopkinglaces.com\/de\/products\/weisse-ovale-premium-schnuersenkel-mit-goldenen-spitzen\/","og_site_name":"Luxury Gold Tip Shoelaces by Loop King Laces","article_publisher":"https:\/\/www.facebook.com\/LoopKingLaces\/","article_modified_time":"2024-11-06T23:03:58+00:00","og_image":[{"width":964,"height":857,"url":"https:\/\/www.loopkinglaces.com\/wp-content\/uploads\/IMG_2262.jpg","type":"image\/jpeg"}],"twitter_card":"summary_large_image","twitter_site":"@loopkinglaces","schema":{"@context":"https:\/\/schema.org","@graph":[{"@type":["WebPage","ItemPage"],"@id":"https:\/\/www.loopkinglaces.com\/de\/products\/weisse-ovale-premium-schnuersenkel-mit-goldenen-spitzen\/","url":"https:\/\/www.loopkinglaces.com\/de\/products\/weisse-ovale-premium-schnuersenkel-mit-goldenen-spitzen\/","name":"Wei\u00dfe ovale Premium Schn\u00fcrsenkel mit goldenen Spitzen","isPartOf":{"@id":"https:\/\/www.loopkinglaces.com\/de\/#website"},"primaryImageOfPage":{"@id":"https:\/\/www.loopkinglaces.com\/de\/products\/weisse-ovale-premium-schnuersenkel-mit-goldenen-spitzen\/#primaryimage"},"image":{"@id":"https:\/\/www.loopkinglaces.com\/de\/products\/weisse-ovale-premium-schnuersenkel-mit-goldenen-spitzen\/#primaryimage"},"thumbnailUrl":"https:\/\/www.loopkinglaces.com\/wp-content\/uploads\/IMG_2262.jpg","datePublished":"2023-03-22T17:22:12+00:00","dateModified":"2024-11-06T23:03:58+00:00","description":"Entdecke das ultimative Schn\u00fcrsenkelerlebnis mit unseren au\u00dfergew\u00f6hnlichen ovalen Schn\u00fcrsenkeln, die auf geniale Weise die Qualit\u00e4ten von un\u00fcbertroffener Funktionalit\u00e4t und Flair vereinen.","breadcrumb":{"@id":"https:\/\/www.loopkinglaces.com\/de\/products\/weisse-ovale-premium-schnuersenkel-mit-goldenen-spitzen\/#breadcrumb"},"inLanguage":"de","potentialAction":[{"@type":"ReadAction","target":["https:\/\/www.loopkinglaces.com\/de\/products\/weisse-ovale-premium-schnuersenkel-mit-goldenen-spitzen\/"]}]},{"@type":"ImageObject","inLanguage":"de","@id":"https:\/\/www.loopkinglaces.com\/de\/products\/weisse-ovale-premium-schnuersenkel-mit-goldenen-spitzen\/#primaryimage","url":"https:\/\/www.loopkinglaces.com\/wp-content\/uploads\/IMG_2262.jpg","contentUrl":"https:\/\/www.loopkinglaces.com\/wp-content\/uploads\/IMG_2262.jpg","width":964,"height":857},{"@type":"BreadcrumbList","@id":"https:\/\/www.loopkinglaces.com\/de\/products\/weisse-ovale-premium-schnuersenkel-mit-goldenen-spitzen\/#breadcrumb","itemListElement":[{"@type":"ListItem","position":1,"name":"Home","item":"https:\/\/www.loopkinglaces.com\/de\/"},{"@type":"ListItem","position":2,"name":"Shop","item":"https:\/\/www.loopkinglaces.com\/de\/shop\/"},{"@type":"ListItem","position":3,"name":"Wei\u00dfe ovale Premium Schn\u00fcrsenkel mit goldenen Spitzen"}]},{"@type":"WebSite","@id":"https:\/\/www.loopkinglaces.com\/de\/#website","url":"https:\/\/www.loopkinglaces.com\/de\/","name":"Luxury Gold Tip Shoelaces by Loop King Laces","description":"Rope Laces, Flat Waxed Laces and Leather Laces. All With Gold Tips.","publisher":{"@id":"https:\/\/www.loopkinglaces.com\/de\/#organization"},"potentialAction":[{"@type":"SearchAction","target":{"@type":"EntryPoint","urlTemplate":"https:\/\/www.loopkinglaces.com\/de\/?s={search_term_string}"},"query-input":{"@type":"PropertyValueSpecification","valueRequired":true,"valueName":"search_term_string"}}],"inLanguage":"de"},{"@type":"Organization","@id":"https:\/\/www.loopkinglaces.com\/de\/#organization","name":"Loop King Laces","url":"https:\/\/www.loopkinglaces.com\/de\/","logo":{"@type":"ImageObject","inLanguage":"de","@id":"https:\/\/www.loopkinglaces.com\/de\/#\/schema\/logo\/image\/","url":"https:\/\/www.loopkinglaces.com\/wp-content\/uploads\/LOOP-KING-LACES.1.1-01-LOGO-HI-RES-OFFICIAL-1.png","contentUrl":"https:\/\/www.loopkinglaces.com\/wp-content\/uploads\/LOOP-KING-LACES.1.1-01-LOGO-HI-RES-OFFICIAL-1.png","width":128,"height":91,"caption":"Loop King Laces"},"image":{"@id":"https:\/\/www.loopkinglaces.com\/de\/#\/schema\/logo\/image\/"},"sameAs":["https:\/\/www.facebook.com\/LoopKingLaces\/","https:\/\/x.com\/loopkinglaces","https:\/\/www.instagram.com\/loopkinglaces\/"]}]}},"_links":{"self":[{"href":"https:\/\/www.loopkinglaces.com\/de\/wp-json\/wp\/v2\/product\/67026","targetHints":{"allow":["GET"]}}],"collection":[{"href":"https:\/\/www.loopkinglaces.com\/de\/wp-json\/wp\/v2\/product"}],"about":[{"href":"https:\/\/www.loopkinglaces.com\/de\/wp-json\/wp\/v2\/types\/product"}],"replies":[{"embeddable":true,"href":"https:\/\/www.loopkinglaces.com\/de\/wp-json\/wp\/v2\/comments?post=67026"}],"wp:featuredmedia":[{"embeddable":true,"href":"https:\/\/www.loopkinglaces.com\/de\/wp-json\/wp\/v2\/media\/58641"}],"wp:attachment":[{"href":"https:\/\/www.loopkinglaces.com\/de\/wp-json\/wp\/v2\/media?parent=67026"}],"wp:term":[{"taxonomy":"product_brand","embeddable":true,"href":"https:\/\/www.loopkinglaces.com\/de\/wp-json\/wp\/v2\/product_brand?post=67026"},{"taxonomy":"product_cat","embeddable":true,"href":"https:\/\/www.loopkinglaces.com\/de\/wp-json\/wp\/v2\/product_cat?post=67026"},{"taxonomy":"product_tag","embeddable":true,"href":"https:\/\/www.loopkinglaces.com\/de\/wp-json\/wp\/v2\/product_tag?post=67026"},{"taxonomy":"woo-feed-brand","embeddable":true,"href":"https:\/\/www.loopkinglaces.com\/de\/wp-json\/wp\/v2\/woo-feed-brand?post=67026"}],"curies":[{"name":"wp","href":"https:\/\/api.w.org\/{rel}","templated":true}]}}