{"id":67007,"date":"2023-03-22T16:04:40","date_gmt":"2023-03-22T16:04:40","guid":{"rendered":"https:\/\/www.loopkinglaces.com\/products\/flache-weisse-baumwollschnuersenkel-mit-goldenen-spitzen\/"},"modified":"2024-11-06T23:06:23","modified_gmt":"2024-11-06T23:06:23","slug":"flache-weisse-baumwollschnuersenkel-mit-goldenen-spitzen","status":"publish","type":"product","link":"https:\/\/www.loopkinglaces.com\/de\/products\/flache-weisse-baumwollschnuersenkel-mit-goldenen-spitzen\/","title":{"rendered":"Flache wei\u00dfe Baumwollschn\u00fcrsenkel mit goldenen Spitzen"},"content":{"rendered":"<p>Mit unseren flachen Schn\u00fcrsenkeln aus wei\u00dfer Baumwolle, die mit glamour\u00f6sen Goldspitzen verziert sind, eroberst du die Welt im Rekordtempo.<br \/>\nGenie\u00dfe die weiche, hochwertige Baumwolle unter deinen F\u00fc\u00dfen, denn diese vielseitigen Schn\u00fcrsenkel passen sich m\u00fchelos deiner vielseitigen Schuhsammlung an.<br \/>\nDeine neuen Lieblingsschn\u00fcrsenkel sind immer einsatzbereit und tragen deinen Schritt stilvoll von einem Paar Schuhe zum anderen.<\/p>\n","protected":false},"excerpt":{"rendered":"<p><strong>Flache wei\u00dfe Baumwollschn\u00fcrsenkel mit Goldspitzen<\/strong> Mit unseren kultigen flachen wei\u00dfen Baumwollschn\u00fcrsenkeln mit luxuri\u00f6sen Goldspitzen, die dein dynamisches Leben makellos unterstreichen, bist du stilvoll unterwegs.<br \/>\nGenie\u00dfe die hochwertige, geschmeidige Baumwolle, w\u00e4hrend du die Welt beherrschst.<br \/>\nMit diesen Schn\u00fcrsenkeln, die sich harmonisch mit Top-Marken kombinieren lassen, kannst du nahtlos zwischen Stiefeln, eleganten Schuhen und Sneakers wechseln.<br \/>\nMit den ultimativen Schn\u00fcrsenkeln, die einen nahtlosen \u00dcbergang von einem Schuhwerk zum anderen versprechen, bleibt dein Ensemble elegant und flexibel. Die wichtigsten Merkmale sind:<\/p>\n<ul>\n<li style=\"font-weight: 400;\" aria-level=\"1\">Hochwertige Materialien<\/li>\n<li style=\"font-weight: 400;\" aria-level=\"1\">Versiegelte &amp; atemberaubende Verpackung<\/li>\n<li style=\"font-weight: 400;\" aria-level=\"1\">Verschiedene L\u00e4ngen verf\u00fcgbar<\/li>\n<li style=\"font-weight: 400;\" aria-level=\"1\">Passend f\u00fcr alle gro\u00dfen Marken (Nike, Adidas, Reebok, Converse, Vans)<\/li>\n<li style=\"font-weight: 400;\" aria-level=\"1\">Gepr\u00e4gte Goldspitzen<\/li>\n<li style=\"font-weight: 400;\" aria-level=\"1\">Hochwertige und klassische wei\u00dfe Farbe<\/li>\n<\/ul>\n","protected":false},"featured_media":58637,"comment_status":"open","ping_status":"closed","template":"","meta":{"_acf_changed":false},"product_brand":[],"product_cat":[590,609,715,761,745,785,774,633,763,795,758,737,771,606,767,762,592,620,780,779,831],"product_tag":[781,783,635,638,738,734,636,782],"woo-feed-brand":[],"class_list":{"0":"post-67007","1":"product","2":"type-product","3":"status-publish","4":"has-post-thumbnail","6":"product_cat-all-shoelaces","7":"product_cat-awesome-nmd-laces-collection","8":"product_cat-white-laces-de","9":"product_cat-elite-level-jordan-1-bordeaux-weise-schnursenkel-die-luxurios-aussehen","10":"product_cat-erhohe-dein-hoka-erlebnis-nicht-nur-schnursenkel-sondern-statements-in-neutralen-farbtonen","11":"product_cat-fusballschnursenkel-die-mehr-sind-als-nur-eine-befestigungsvorrichtung","12":"product_cat-gavi-shoelaces-die-schnursenkel-ungebundene-geschichte-des-fc-barcelona-fusballstars","13":"product_cat-kiwi-shoe-laces-more-than-just-a-trend","14":"product_cat-luxuriose-rockport-schnursenkel-fur-mehr-eleganz-und-komfort","15":"product_cat-menschliche-ethnie-schnursenkel","16":"product_cat-modische-farbige-schnursenkel-fur-turnschuhe","17":"product_cat-nike-blazer-schnursenkel-fur-uberragenden-style-trendsetting","18":"product_cat-on-cloud-shoe-strings-eine-spitze-nach-der-anderen-fur-bessere-schuhe","19":"product_cat-premier-doc-marten-laces-revamp-your-shoes","20":"product_cat-premium-baumwollschnursenkel-die-andere-marken-in-jeder-hinsicht-ubertreffen","21":"product_cat-schnursenkel-fur-herrenschuhe-die-besser-sind-als-die-originale","22":"product_cat-schnursenkel-mit-goldspitze","23":"product_cat-the-perfect-nike-dunk-laces-that-look-amazing-are-long-lasting","24":"product_cat-union-laces-verschonere-deinen-union-jordan-1","25":"product_cat-verbessere-dein-schuhspiel-mit-columbia-schnursenkeln","26":"product_cat-weise-nike-schnursenkel-die-so-hell-wie-ein-stern-leuchten","27":"product_tag-flach-gewachst","28":"product_tag-gewachst","29":"product_tag-loop-king-de","30":"product_tag-metal-tip-de","31":"product_tag-schnursenkel-mit-goldspitze","32":"product_tag-schwarz","33":"product_tag-shoelaces-de","34":"product_tag-wohnung","36":"first","37":"instock","38":"taxable","39":"shipping-taxable","40":"purchasable","41":"product-type-variable"},"acf":[],"yoast_head":"<!-- This site is optimized with the Yoast SEO plugin v27.5 - https:\/\/yoast.com\/product\/yoast-seo-wordpress\/ -->\n<title>Flache wei\u00dfe Baumwollschn\u00fcrsenkel mit goldenen Spitzen<\/title>\n<meta name=\"description\" content=\"Verwandle dein Schuhwerk in ein fesselndes Kleidungsst\u00fcck mit unseren klassischen flachen wei\u00dfen Baumwollschn\u00fcrsenkeln mit goldenen Spitzen, die sowohl f\u00fcr Ausdauer als auch f\u00fcr Pep sorgen.\" \/>\n<meta name=\"robots\" content=\"index, follow, max-snippet:-1, max-image-preview:large, max-video-preview:-1\" \/>\n<link rel=\"canonical\" href=\"https:\/\/www.loopkinglaces.com\/de\/products\/flache-weisse-baumwollschnuersenkel-mit-goldenen-spitzen\/\" \/>\n<meta property=\"og:locale\" content=\"de_DE\" \/>\n<meta property=\"og:type\" content=\"article\" \/>\n<meta property=\"og:title\" content=\"Flache wei\u00dfe Baumwollschn\u00fcrsenkel mit goldenen Spitzen\" \/>\n<meta property=\"og:description\" content=\"Verwandle dein Schuhwerk in ein fesselndes Kleidungsst\u00fcck mit unseren klassischen flachen wei\u00dfen Baumwollschn\u00fcrsenkeln mit goldenen Spitzen, die sowohl f\u00fcr Ausdauer als auch f\u00fcr Pep sorgen.\" \/>\n<meta property=\"og:url\" content=\"https:\/\/www.loopkinglaces.com\/de\/products\/flache-weisse-baumwollschnuersenkel-mit-goldenen-spitzen\/\" \/>\n<meta property=\"og:site_name\" content=\"Luxury Gold Tip Shoelaces by Loop King Laces\" \/>\n<meta property=\"article:publisher\" content=\"https:\/\/www.facebook.com\/LoopKingLaces\/\" \/>\n<meta property=\"article:modified_time\" content=\"2024-11-06T23:06:23+00:00\" \/>\n<meta property=\"og:image\" content=\"https:\/\/www.loopkinglaces.com\/wp-content\/uploads\/IMG_2260.jpg\" \/>\n\t<meta property=\"og:image:width\" content=\"900\" \/>\n\t<meta property=\"og:image:height\" content=\"898\" \/>\n\t<meta property=\"og:image:type\" content=\"image\/jpeg\" \/>\n<meta name=\"twitter:card\" content=\"summary_large_image\" \/>\n<meta name=\"twitter:site\" content=\"@loopkinglaces\" \/>\n<script type=\"application\/ld+json\" class=\"yoast-schema-graph\">{\"@context\":\"https:\\\/\\\/schema.org\",\"@graph\":[{\"@type\":[\"WebPage\",\"ItemPage\"],\"@id\":\"https:\\\/\\\/www.loopkinglaces.com\\\/de\\\/products\\\/flache-weisse-baumwollschnuersenkel-mit-goldenen-spitzen\\\/\",\"url\":\"https:\\\/\\\/www.loopkinglaces.com\\\/de\\\/products\\\/flache-weisse-baumwollschnuersenkel-mit-goldenen-spitzen\\\/\",\"name\":\"Flache wei\u00dfe Baumwollschn\u00fcrsenkel mit goldenen Spitzen\",\"isPartOf\":{\"@id\":\"https:\\\/\\\/www.loopkinglaces.com\\\/de\\\/#website\"},\"primaryImageOfPage\":{\"@id\":\"https:\\\/\\\/www.loopkinglaces.com\\\/de\\\/products\\\/flache-weisse-baumwollschnuersenkel-mit-goldenen-spitzen\\\/#primaryimage\"},\"image\":{\"@id\":\"https:\\\/\\\/www.loopkinglaces.com\\\/de\\\/products\\\/flache-weisse-baumwollschnuersenkel-mit-goldenen-spitzen\\\/#primaryimage\"},\"thumbnailUrl\":\"https:\\\/\\\/www.loopkinglaces.com\\\/wp-content\\\/uploads\\\/IMG_2260.jpg\",\"datePublished\":\"2023-03-22T16:04:40+00:00\",\"dateModified\":\"2024-11-06T23:06:23+00:00\",\"description\":\"Verwandle dein Schuhwerk in ein fesselndes Kleidungsst\u00fcck mit unseren klassischen flachen wei\u00dfen Baumwollschn\u00fcrsenkeln mit goldenen Spitzen, die sowohl f\u00fcr Ausdauer als auch f\u00fcr Pep sorgen.\",\"breadcrumb\":{\"@id\":\"https:\\\/\\\/www.loopkinglaces.com\\\/de\\\/products\\\/flache-weisse-baumwollschnuersenkel-mit-goldenen-spitzen\\\/#breadcrumb\"},\"inLanguage\":\"de\",\"potentialAction\":[{\"@type\":\"ReadAction\",\"target\":[\"https:\\\/\\\/www.loopkinglaces.com\\\/de\\\/products\\\/flache-weisse-baumwollschnuersenkel-mit-goldenen-spitzen\\\/\"]}]},{\"@type\":\"ImageObject\",\"inLanguage\":\"de\",\"@id\":\"https:\\\/\\\/www.loopkinglaces.com\\\/de\\\/products\\\/flache-weisse-baumwollschnuersenkel-mit-goldenen-spitzen\\\/#primaryimage\",\"url\":\"https:\\\/\\\/www.loopkinglaces.com\\\/wp-content\\\/uploads\\\/IMG_2260.jpg\",\"contentUrl\":\"https:\\\/\\\/www.loopkinglaces.com\\\/wp-content\\\/uploads\\\/IMG_2260.jpg\",\"width\":900,\"height\":898},{\"@type\":\"BreadcrumbList\",\"@id\":\"https:\\\/\\\/www.loopkinglaces.com\\\/de\\\/products\\\/flache-weisse-baumwollschnuersenkel-mit-goldenen-spitzen\\\/#breadcrumb\",\"itemListElement\":[{\"@type\":\"ListItem\",\"position\":1,\"name\":\"Home\",\"item\":\"https:\\\/\\\/www.loopkinglaces.com\\\/de\\\/\"},{\"@type\":\"ListItem\",\"position\":2,\"name\":\"Shop\",\"item\":\"https:\\\/\\\/www.loopkinglaces.com\\\/de\\\/shop\\\/\"},{\"@type\":\"ListItem\",\"position\":3,\"name\":\"Flache wei\u00dfe Baumwollschn\u00fcrsenkel mit goldenen Spitzen\"}]},{\"@type\":\"WebSite\",\"@id\":\"https:\\\/\\\/www.loopkinglaces.com\\\/de\\\/#website\",\"url\":\"https:\\\/\\\/www.loopkinglaces.com\\\/de\\\/\",\"name\":\"Luxury Gold Tip Shoelaces by Loop King Laces\",\"description\":\"Rope Laces, Flat Waxed Laces and Leather Laces. All With Gold Tips.\",\"publisher\":{\"@id\":\"https:\\\/\\\/www.loopkinglaces.com\\\/de\\\/#organization\"},\"potentialAction\":[{\"@type\":\"SearchAction\",\"target\":{\"@type\":\"EntryPoint\",\"urlTemplate\":\"https:\\\/\\\/www.loopkinglaces.com\\\/de\\\/?s={search_term_string}\"},\"query-input\":{\"@type\":\"PropertyValueSpecification\",\"valueRequired\":true,\"valueName\":\"search_term_string\"}}],\"inLanguage\":\"de\"},{\"@type\":\"Organization\",\"@id\":\"https:\\\/\\\/www.loopkinglaces.com\\\/de\\\/#organization\",\"name\":\"Loop King Laces\",\"url\":\"https:\\\/\\\/www.loopkinglaces.com\\\/de\\\/\",\"logo\":{\"@type\":\"ImageObject\",\"inLanguage\":\"de\",\"@id\":\"https:\\\/\\\/www.loopkinglaces.com\\\/de\\\/#\\\/schema\\\/logo\\\/image\\\/\",\"url\":\"https:\\\/\\\/www.loopkinglaces.com\\\/wp-content\\\/uploads\\\/LOOP-KING-LACES.1.1-01-LOGO-HI-RES-OFFICIAL-1.png\",\"contentUrl\":\"https:\\\/\\\/www.loopkinglaces.com\\\/wp-content\\\/uploads\\\/LOOP-KING-LACES.1.1-01-LOGO-HI-RES-OFFICIAL-1.png\",\"width\":128,\"height\":91,\"caption\":\"Loop King Laces\"},\"image\":{\"@id\":\"https:\\\/\\\/www.loopkinglaces.com\\\/de\\\/#\\\/schema\\\/logo\\\/image\\\/\"},\"sameAs\":[\"https:\\\/\\\/www.facebook.com\\\/LoopKingLaces\\\/\",\"https:\\\/\\\/x.com\\\/loopkinglaces\",\"https:\\\/\\\/www.instagram.com\\\/loopkinglaces\\\/\"]}]}<\/script>\n<!-- \/ Yoast SEO plugin. -->","yoast_head_json":{"title":"Flache wei\u00dfe Baumwollschn\u00fcrsenkel mit goldenen Spitzen","description":"Verwandle dein Schuhwerk in ein fesselndes Kleidungsst\u00fcck mit unseren klassischen flachen wei\u00dfen Baumwollschn\u00fcrsenkeln mit goldenen Spitzen, die sowohl f\u00fcr Ausdauer als auch f\u00fcr Pep sorgen.","robots":{"index":"index","follow":"follow","max-snippet":"max-snippet:-1","max-image-preview":"max-image-preview:large","max-video-preview":"max-video-preview:-1"},"canonical":"https:\/\/www.loopkinglaces.com\/de\/products\/flache-weisse-baumwollschnuersenkel-mit-goldenen-spitzen\/","og_locale":"de_DE","og_type":"article","og_title":"Flache wei\u00dfe Baumwollschn\u00fcrsenkel mit goldenen Spitzen","og_description":"Verwandle dein Schuhwerk in ein fesselndes Kleidungsst\u00fcck mit unseren klassischen flachen wei\u00dfen Baumwollschn\u00fcrsenkeln mit goldenen Spitzen, die sowohl f\u00fcr Ausdauer als auch f\u00fcr Pep sorgen.","og_url":"https:\/\/www.loopkinglaces.com\/de\/products\/flache-weisse-baumwollschnuersenkel-mit-goldenen-spitzen\/","og_site_name":"Luxury Gold Tip Shoelaces by Loop King Laces","article_publisher":"https:\/\/www.facebook.com\/LoopKingLaces\/","article_modified_time":"2024-11-06T23:06:23+00:00","og_image":[{"width":900,"height":898,"url":"https:\/\/www.loopkinglaces.com\/wp-content\/uploads\/IMG_2260.jpg","type":"image\/jpeg"}],"twitter_card":"summary_large_image","twitter_site":"@loopkinglaces","schema":{"@context":"https:\/\/schema.org","@graph":[{"@type":["WebPage","ItemPage"],"@id":"https:\/\/www.loopkinglaces.com\/de\/products\/flache-weisse-baumwollschnuersenkel-mit-goldenen-spitzen\/","url":"https:\/\/www.loopkinglaces.com\/de\/products\/flache-weisse-baumwollschnuersenkel-mit-goldenen-spitzen\/","name":"Flache wei\u00dfe Baumwollschn\u00fcrsenkel mit goldenen Spitzen","isPartOf":{"@id":"https:\/\/www.loopkinglaces.com\/de\/#website"},"primaryImageOfPage":{"@id":"https:\/\/www.loopkinglaces.com\/de\/products\/flache-weisse-baumwollschnuersenkel-mit-goldenen-spitzen\/#primaryimage"},"image":{"@id":"https:\/\/www.loopkinglaces.com\/de\/products\/flache-weisse-baumwollschnuersenkel-mit-goldenen-spitzen\/#primaryimage"},"thumbnailUrl":"https:\/\/www.loopkinglaces.com\/wp-content\/uploads\/IMG_2260.jpg","datePublished":"2023-03-22T16:04:40+00:00","dateModified":"2024-11-06T23:06:23+00:00","description":"Verwandle dein Schuhwerk in ein fesselndes Kleidungsst\u00fcck mit unseren klassischen flachen wei\u00dfen Baumwollschn\u00fcrsenkeln mit goldenen Spitzen, die sowohl f\u00fcr Ausdauer als auch f\u00fcr Pep sorgen.","breadcrumb":{"@id":"https:\/\/www.loopkinglaces.com\/de\/products\/flache-weisse-baumwollschnuersenkel-mit-goldenen-spitzen\/#breadcrumb"},"inLanguage":"de","potentialAction":[{"@type":"ReadAction","target":["https:\/\/www.loopkinglaces.com\/de\/products\/flache-weisse-baumwollschnuersenkel-mit-goldenen-spitzen\/"]}]},{"@type":"ImageObject","inLanguage":"de","@id":"https:\/\/www.loopkinglaces.com\/de\/products\/flache-weisse-baumwollschnuersenkel-mit-goldenen-spitzen\/#primaryimage","url":"https:\/\/www.loopkinglaces.com\/wp-content\/uploads\/IMG_2260.jpg","contentUrl":"https:\/\/www.loopkinglaces.com\/wp-content\/uploads\/IMG_2260.jpg","width":900,"height":898},{"@type":"BreadcrumbList","@id":"https:\/\/www.loopkinglaces.com\/de\/products\/flache-weisse-baumwollschnuersenkel-mit-goldenen-spitzen\/#breadcrumb","itemListElement":[{"@type":"ListItem","position":1,"name":"Home","item":"https:\/\/www.loopkinglaces.com\/de\/"},{"@type":"ListItem","position":2,"name":"Shop","item":"https:\/\/www.loopkinglaces.com\/de\/shop\/"},{"@type":"ListItem","position":3,"name":"Flache wei\u00dfe Baumwollschn\u00fcrsenkel mit goldenen Spitzen"}]},{"@type":"WebSite","@id":"https:\/\/www.loopkinglaces.com\/de\/#website","url":"https:\/\/www.loopkinglaces.com\/de\/","name":"Luxury Gold Tip Shoelaces by Loop King Laces","description":"Rope Laces, Flat Waxed Laces and Leather Laces. All With Gold Tips.","publisher":{"@id":"https:\/\/www.loopkinglaces.com\/de\/#organization"},"potentialAction":[{"@type":"SearchAction","target":{"@type":"EntryPoint","urlTemplate":"https:\/\/www.loopkinglaces.com\/de\/?s={search_term_string}"},"query-input":{"@type":"PropertyValueSpecification","valueRequired":true,"valueName":"search_term_string"}}],"inLanguage":"de"},{"@type":"Organization","@id":"https:\/\/www.loopkinglaces.com\/de\/#organization","name":"Loop King Laces","url":"https:\/\/www.loopkinglaces.com\/de\/","logo":{"@type":"ImageObject","inLanguage":"de","@id":"https:\/\/www.loopkinglaces.com\/de\/#\/schema\/logo\/image\/","url":"https:\/\/www.loopkinglaces.com\/wp-content\/uploads\/LOOP-KING-LACES.1.1-01-LOGO-HI-RES-OFFICIAL-1.png","contentUrl":"https:\/\/www.loopkinglaces.com\/wp-content\/uploads\/LOOP-KING-LACES.1.1-01-LOGO-HI-RES-OFFICIAL-1.png","width":128,"height":91,"caption":"Loop King Laces"},"image":{"@id":"https:\/\/www.loopkinglaces.com\/de\/#\/schema\/logo\/image\/"},"sameAs":["https:\/\/www.facebook.com\/LoopKingLaces\/","https:\/\/x.com\/loopkinglaces","https:\/\/www.instagram.com\/loopkinglaces\/"]}]}},"_links":{"self":[{"href":"https:\/\/www.loopkinglaces.com\/de\/wp-json\/wp\/v2\/product\/67007","targetHints":{"allow":["GET"]}}],"collection":[{"href":"https:\/\/www.loopkinglaces.com\/de\/wp-json\/wp\/v2\/product"}],"about":[{"href":"https:\/\/www.loopkinglaces.com\/de\/wp-json\/wp\/v2\/types\/product"}],"replies":[{"embeddable":true,"href":"https:\/\/www.loopkinglaces.com\/de\/wp-json\/wp\/v2\/comments?post=67007"}],"wp:featuredmedia":[{"embeddable":true,"href":"https:\/\/www.loopkinglaces.com\/de\/wp-json\/wp\/v2\/media\/58637"}],"wp:attachment":[{"href":"https:\/\/www.loopkinglaces.com\/de\/wp-json\/wp\/v2\/media?parent=67007"}],"wp:term":[{"taxonomy":"product_brand","embeddable":true,"href":"https:\/\/www.loopkinglaces.com\/de\/wp-json\/wp\/v2\/product_brand?post=67007"},{"taxonomy":"product_cat","embeddable":true,"href":"https:\/\/www.loopkinglaces.com\/de\/wp-json\/wp\/v2\/product_cat?post=67007"},{"taxonomy":"product_tag","embeddable":true,"href":"https:\/\/www.loopkinglaces.com\/de\/wp-json\/wp\/v2\/product_tag?post=67007"},{"taxonomy":"woo-feed-brand","embeddable":true,"href":"https:\/\/www.loopkinglaces.com\/de\/wp-json\/wp\/v2\/woo-feed-brand?post=67007"}],"curies":[{"name":"wp","href":"https:\/\/api.w.org\/{rel}","templated":true}]}}