{"id":67006,"date":"2023-03-17T07:02:51","date_gmt":"2023-03-17T07:02:51","guid":{"rendered":"https:\/\/www.loopkinglaces.com\/products\/leuchtend-pinke-schnuersenkel-die-deine-lieblingsschuhe-neu-definieren-werden\/"},"modified":"2024-11-06T23:16:20","modified_gmt":"2024-11-06T23:16:20","slug":"leuchtend-rosa-schnuersenkel-die-deine-lieblingsschuhe-neu-definieren-werden","status":"publish","type":"product","link":"https:\/\/www.loopkinglaces.com\/de\/products\/leuchtend-rosa-schnuersenkel-die-deine-lieblingsschuhe-neu-definieren-werden\/","title":{"rendered":"Leuchtend rosa Schn\u00fcrsenkel, die deine Lieblingsschuhe neu definieren werden"},"content":{"rendered":"<p><span style=\"font-weight: 400;\">Alle unsere Schn\u00fcrsenkel bestehen aus den hochwertigsten Materialien, die es gibt, und gew\u00e4hrleisten so ihr makelloses Aussehen und ihre lange Haltbarkeit.<br \/>\nEin LoopKing Schn\u00fcrsenkel wird leicht <\/span><b>\u00fcberdauert andere Marken um 3x<\/b><span style=\"font-weight: 400;\">.<br \/>\n<\/span><i><span style=\"font-weight: 400;\">Dar\u00fcber hinaus enthalten viele unserer Schn\u00fcrsenkel gepr\u00e4gte Goldspitzen<\/span><\/i><span style=\"font-weight: 400;\"> f\u00fcr eine Extraportion Stil und Schutz vor ausgefransten Enden. <\/span> <span style=\"font-weight: 400;\">Unsere pinkfarbenen flachen Baumwollschn\u00fcrsenkel enthalten eine Beschichtung, die verhindert, dass sich Schmutz und Dreck ansammeln, sodass sie perfekt sind, wenn du viel Zeit im Freien verbringst.<br \/>\nSie haben au\u00dferdem die makellose Optik unserer anderen Schn\u00fcrsenkel und sind sehr langlebig. <\/span> <span style=\"font-weight: 400;\">Um herauszufinden, welche L\u00e4nge du brauchst, z\u00e4hle die \u00d6sen an deinen Schuhen oder Stiefeln und sieh dann in unserer <a href=\"https:\/\/www.loopkinglaces.com\/shoelace-length-chart\/\"><b>Gr\u00f6\u00dfentabelle<\/b><\/a>.. <\/span><\/p>\n","protected":false},"excerpt":{"rendered":"<p><strong>Rosa Schn\u00fcrsenkel f\u00fcr jede Situation <\/strong> <i>Egal, ob du verr\u00fcckt nach allem bist, was pink ist, oder ob du einen exzentrischen neuen Look ausprobieren willst (rosa Schn\u00fcrsenkel passen toll zu Nikes), unsere Kollektion an luxuri\u00f6sen rosafarbenen Schn\u00fcrsenkeln bietet alles<\/i>. <strong>Wenn du lieber unterwegs bist, sind unsere rosa Baumwollseile oder flach gewachsten Schn\u00fcrsenkel genau das Richtige f\u00fcr dich. <\/strong> Wir verwenden hochwertige Baumwolle, die sich weich anf\u00fchlt und unglaublich gut aussieht.<br \/>\nSie sind so d\u00fcnn, dass sie zu Stiefeln, Schuhen, Sneakers, Laufschuhen, Turnschuhen und vielem mehr passen.<br \/>\nDa sie zu den meisten gro\u00dfen Marken auf dem Markt passen, kannst du deine Schn\u00fcrsenkel ganz einfach von einem Paar Schuhe zum anderen wechseln. Die wichtigsten Merkmale sind:<\/p>\n<ul>\n<li style=\"font-weight: 400;\" aria-level=\"1\">Hochwertige Materialien<\/li>\n<li style=\"font-weight: 400;\" aria-level=\"1\">Versiegelte &amp; atemberaubende Verpackung<\/li>\n<li style=\"font-weight: 400;\" aria-level=\"1\">Verschiedene L\u00e4ngen verf\u00fcgbar<\/li>\n<li style=\"font-weight: 400;\" aria-level=\"1\">Passend f\u00fcr alle gro\u00dfen Marken (Nike, Adidas, Reebok, Converse, Vans)<\/li>\n<li style=\"font-weight: 400;\" aria-level=\"1\">Gepr\u00e4gte Goldspitzen<\/li>\n<li style=\"font-weight: 400;\" aria-level=\"1\">Ein leuchtendes Pink, das die Aufmerksamkeit auf sich zieht<\/li>\n<\/ul>\n","protected":false},"featured_media":58404,"comment_status":"open","ping_status":"closed","template":"","meta":{"_acf_changed":false},"product_brand":[],"product_cat":[695,590,784,758,843,767,592,729,620],"product_tag":[781,783,635,638,738,734,636,782],"woo-feed-brand":[],"class_list":{"0":"post-67006","1":"product","2":"type-product","3":"status-publish","4":"has-post-thumbnail","6":"product_cat-jordan-1-biohack-pink-laces-de","7":"product_cat-all-shoelaces","8":"product_cat-jordan-1-mocha-pinke-schnursenkel-fur-einen-neuen-aufregenden-look","9":"product_cat-modische-farbige-schnursenkel-fur-turnschuhe","10":"product_cat-pinke-nike-schnursenkel-geben-deinen-schuhen-einen-farbklecks","11":"product_cat-premium-baumwollschnursenkel-die-andere-marken-in-jeder-hinsicht-ubertreffen","12":"product_cat-schnursenkel-mit-goldspitze","13":"product_cat-skechers-schnursenkel-auf-hochstem-niveau-die-fur-spannung-wert-und-komfort-sorgen","14":"product_cat-the-perfect-nike-dunk-laces-that-look-amazing-are-long-lasting","15":"product_tag-flach-gewachst","16":"product_tag-gewachst","17":"product_tag-loop-king-de","18":"product_tag-metal-tip-de","19":"product_tag-schnursenkel-mit-goldspitze","20":"product_tag-schwarz","21":"product_tag-shoelaces-de","22":"product_tag-wohnung","24":"first","25":"instock","26":"taxable","27":"shipping-taxable","28":"purchasable","29":"product-type-variable"},"acf":[],"yoast_head":"<!-- This site is optimized with the Yoast SEO plugin v27.4 - https:\/\/yoast.com\/product\/yoast-seo-wordpress\/ -->\n<title>Schicke rosa Schn\u00fcrsenkel, die in jeder Situation funktionieren<\/title>\n<meta name=\"description\" content=\"Um jedes Paar Schuhe in ein atemberaubendes Kunstwerk zu verwandeln, schau dir unsere Premium-Kollektion pinker Schn\u00fcrsenkel mit hochwertigen Materialien an, die andere Marken \u00fcbertreffen.\" \/>\n<meta name=\"robots\" content=\"index, follow, max-snippet:-1, max-image-preview:large, max-video-preview:-1\" \/>\n<link rel=\"canonical\" href=\"https:\/\/www.loopkinglaces.com\/de\/products\/leuchtend-rosa-schnuersenkel-die-deine-lieblingsschuhe-neu-definieren-werden\/\" \/>\n<meta property=\"og:locale\" content=\"de_DE\" \/>\n<meta property=\"og:type\" content=\"article\" \/>\n<meta property=\"og:title\" content=\"Schicke rosa Schn\u00fcrsenkel, die in jeder Situation funktionieren\" \/>\n<meta property=\"og:description\" content=\"Um jedes Paar Schuhe in ein atemberaubendes Kunstwerk zu verwandeln, schau dir unsere Premium-Kollektion pinker Schn\u00fcrsenkel mit hochwertigen Materialien an, die andere Marken \u00fcbertreffen.\" \/>\n<meta property=\"og:url\" content=\"https:\/\/www.loopkinglaces.com\/de\/products\/leuchtend-rosa-schnuersenkel-die-deine-lieblingsschuhe-neu-definieren-werden\/\" \/>\n<meta property=\"og:site_name\" content=\"Luxury Gold Tip Shoelaces by Loop King Laces\" \/>\n<meta property=\"article:publisher\" content=\"https:\/\/www.facebook.com\/LoopKingLaces\/\" \/>\n<meta property=\"article:modified_time\" content=\"2024-11-06T23:16:20+00:00\" \/>\n<meta property=\"og:image\" content=\"https:\/\/www.loopkinglaces.com\/wp-content\/uploads\/IMG_2248.jpg\" \/>\n\t<meta property=\"og:image:width\" content=\"806\" \/>\n\t<meta property=\"og:image:height\" content=\"836\" \/>\n\t<meta property=\"og:image:type\" content=\"image\/jpeg\" \/>\n<meta name=\"twitter:card\" content=\"summary_large_image\" \/>\n<meta name=\"twitter:site\" content=\"@loopkinglaces\" \/>\n<meta name=\"twitter:label1\" content=\"Gesch\u00e4tzte Lesezeit\" \/>\n\t<meta name=\"twitter:data1\" content=\"1\u00a0Minute\" \/>\n<script type=\"application\/ld+json\" class=\"yoast-schema-graph\">{\"@context\":\"https:\\\/\\\/schema.org\",\"@graph\":[{\"@type\":[\"WebPage\",\"ItemPage\"],\"@id\":\"https:\\\/\\\/www.loopkinglaces.com\\\/de\\\/products\\\/leuchtend-rosa-schnuersenkel-die-deine-lieblingsschuhe-neu-definieren-werden\\\/\",\"url\":\"https:\\\/\\\/www.loopkinglaces.com\\\/de\\\/products\\\/leuchtend-rosa-schnuersenkel-die-deine-lieblingsschuhe-neu-definieren-werden\\\/\",\"name\":\"Schicke rosa Schn\u00fcrsenkel, die in jeder Situation funktionieren\",\"isPartOf\":{\"@id\":\"https:\\\/\\\/www.loopkinglaces.com\\\/de\\\/#website\"},\"primaryImageOfPage\":{\"@id\":\"https:\\\/\\\/www.loopkinglaces.com\\\/de\\\/products\\\/leuchtend-rosa-schnuersenkel-die-deine-lieblingsschuhe-neu-definieren-werden\\\/#primaryimage\"},\"image\":{\"@id\":\"https:\\\/\\\/www.loopkinglaces.com\\\/de\\\/products\\\/leuchtend-rosa-schnuersenkel-die-deine-lieblingsschuhe-neu-definieren-werden\\\/#primaryimage\"},\"thumbnailUrl\":\"https:\\\/\\\/www.loopkinglaces.com\\\/wp-content\\\/uploads\\\/IMG_2248.jpg\",\"datePublished\":\"2023-03-17T07:02:51+00:00\",\"dateModified\":\"2024-11-06T23:16:20+00:00\",\"description\":\"Um jedes Paar Schuhe in ein atemberaubendes Kunstwerk zu verwandeln, schau dir unsere Premium-Kollektion pinker Schn\u00fcrsenkel mit hochwertigen Materialien an, die andere Marken \u00fcbertreffen.\",\"breadcrumb\":{\"@id\":\"https:\\\/\\\/www.loopkinglaces.com\\\/de\\\/products\\\/leuchtend-rosa-schnuersenkel-die-deine-lieblingsschuhe-neu-definieren-werden\\\/#breadcrumb\"},\"inLanguage\":\"de\",\"potentialAction\":[{\"@type\":\"ReadAction\",\"target\":[\"https:\\\/\\\/www.loopkinglaces.com\\\/de\\\/products\\\/leuchtend-rosa-schnuersenkel-die-deine-lieblingsschuhe-neu-definieren-werden\\\/\"]}]},{\"@type\":\"ImageObject\",\"inLanguage\":\"de\",\"@id\":\"https:\\\/\\\/www.loopkinglaces.com\\\/de\\\/products\\\/leuchtend-rosa-schnuersenkel-die-deine-lieblingsschuhe-neu-definieren-werden\\\/#primaryimage\",\"url\":\"https:\\\/\\\/www.loopkinglaces.com\\\/wp-content\\\/uploads\\\/IMG_2248.jpg\",\"contentUrl\":\"https:\\\/\\\/www.loopkinglaces.com\\\/wp-content\\\/uploads\\\/IMG_2248.jpg\",\"width\":806,\"height\":836},{\"@type\":\"BreadcrumbList\",\"@id\":\"https:\\\/\\\/www.loopkinglaces.com\\\/de\\\/products\\\/leuchtend-rosa-schnuersenkel-die-deine-lieblingsschuhe-neu-definieren-werden\\\/#breadcrumb\",\"itemListElement\":[{\"@type\":\"ListItem\",\"position\":1,\"name\":\"Home\",\"item\":\"https:\\\/\\\/www.loopkinglaces.com\\\/de\\\/\"},{\"@type\":\"ListItem\",\"position\":2,\"name\":\"Shop\",\"item\":\"https:\\\/\\\/www.loopkinglaces.com\\\/de\\\/shop\\\/\"},{\"@type\":\"ListItem\",\"position\":3,\"name\":\"Leuchtend rosa Schn\u00fcrsenkel, die deine Lieblingsschuhe neu definieren werden\"}]},{\"@type\":\"WebSite\",\"@id\":\"https:\\\/\\\/www.loopkinglaces.com\\\/de\\\/#website\",\"url\":\"https:\\\/\\\/www.loopkinglaces.com\\\/de\\\/\",\"name\":\"Luxury Gold Tip Shoelaces by Loop King Laces\",\"description\":\"Rope Laces, Flat Waxed Laces and Leather Laces. All With Gold Tips.\",\"publisher\":{\"@id\":\"https:\\\/\\\/www.loopkinglaces.com\\\/de\\\/#organization\"},\"potentialAction\":[{\"@type\":\"SearchAction\",\"target\":{\"@type\":\"EntryPoint\",\"urlTemplate\":\"https:\\\/\\\/www.loopkinglaces.com\\\/de\\\/?s={search_term_string}\"},\"query-input\":{\"@type\":\"PropertyValueSpecification\",\"valueRequired\":true,\"valueName\":\"search_term_string\"}}],\"inLanguage\":\"de\"},{\"@type\":\"Organization\",\"@id\":\"https:\\\/\\\/www.loopkinglaces.com\\\/de\\\/#organization\",\"name\":\"Loop King Laces\",\"url\":\"https:\\\/\\\/www.loopkinglaces.com\\\/de\\\/\",\"logo\":{\"@type\":\"ImageObject\",\"inLanguage\":\"de\",\"@id\":\"https:\\\/\\\/www.loopkinglaces.com\\\/de\\\/#\\\/schema\\\/logo\\\/image\\\/\",\"url\":\"https:\\\/\\\/www.loopkinglaces.com\\\/wp-content\\\/uploads\\\/LOOP-KING-LACES.1.1-01-LOGO-HI-RES-OFFICIAL-1.png\",\"contentUrl\":\"https:\\\/\\\/www.loopkinglaces.com\\\/wp-content\\\/uploads\\\/LOOP-KING-LACES.1.1-01-LOGO-HI-RES-OFFICIAL-1.png\",\"width\":128,\"height\":91,\"caption\":\"Loop King Laces\"},\"image\":{\"@id\":\"https:\\\/\\\/www.loopkinglaces.com\\\/de\\\/#\\\/schema\\\/logo\\\/image\\\/\"},\"sameAs\":[\"https:\\\/\\\/www.facebook.com\\\/LoopKingLaces\\\/\",\"https:\\\/\\\/x.com\\\/loopkinglaces\",\"https:\\\/\\\/www.instagram.com\\\/loopkinglaces\\\/\"]}]}<\/script>\n<!-- \/ Yoast SEO plugin. -->","yoast_head_json":{"title":"Schicke rosa Schn\u00fcrsenkel, die in jeder Situation funktionieren","description":"Um jedes Paar Schuhe in ein atemberaubendes Kunstwerk zu verwandeln, schau dir unsere Premium-Kollektion pinker Schn\u00fcrsenkel mit hochwertigen Materialien an, die andere Marken \u00fcbertreffen.","robots":{"index":"index","follow":"follow","max-snippet":"max-snippet:-1","max-image-preview":"max-image-preview:large","max-video-preview":"max-video-preview:-1"},"canonical":"https:\/\/www.loopkinglaces.com\/de\/products\/leuchtend-rosa-schnuersenkel-die-deine-lieblingsschuhe-neu-definieren-werden\/","og_locale":"de_DE","og_type":"article","og_title":"Schicke rosa Schn\u00fcrsenkel, die in jeder Situation funktionieren","og_description":"Um jedes Paar Schuhe in ein atemberaubendes Kunstwerk zu verwandeln, schau dir unsere Premium-Kollektion pinker Schn\u00fcrsenkel mit hochwertigen Materialien an, die andere Marken \u00fcbertreffen.","og_url":"https:\/\/www.loopkinglaces.com\/de\/products\/leuchtend-rosa-schnuersenkel-die-deine-lieblingsschuhe-neu-definieren-werden\/","og_site_name":"Luxury Gold Tip Shoelaces by Loop King Laces","article_publisher":"https:\/\/www.facebook.com\/LoopKingLaces\/","article_modified_time":"2024-11-06T23:16:20+00:00","og_image":[{"width":806,"height":836,"url":"https:\/\/www.loopkinglaces.com\/wp-content\/uploads\/IMG_2248.jpg","type":"image\/jpeg"}],"twitter_card":"summary_large_image","twitter_site":"@loopkinglaces","twitter_misc":{"Gesch\u00e4tzte Lesezeit":"1\u00a0Minute"},"schema":{"@context":"https:\/\/schema.org","@graph":[{"@type":["WebPage","ItemPage"],"@id":"https:\/\/www.loopkinglaces.com\/de\/products\/leuchtend-rosa-schnuersenkel-die-deine-lieblingsschuhe-neu-definieren-werden\/","url":"https:\/\/www.loopkinglaces.com\/de\/products\/leuchtend-rosa-schnuersenkel-die-deine-lieblingsschuhe-neu-definieren-werden\/","name":"Schicke rosa Schn\u00fcrsenkel, die in jeder Situation funktionieren","isPartOf":{"@id":"https:\/\/www.loopkinglaces.com\/de\/#website"},"primaryImageOfPage":{"@id":"https:\/\/www.loopkinglaces.com\/de\/products\/leuchtend-rosa-schnuersenkel-die-deine-lieblingsschuhe-neu-definieren-werden\/#primaryimage"},"image":{"@id":"https:\/\/www.loopkinglaces.com\/de\/products\/leuchtend-rosa-schnuersenkel-die-deine-lieblingsschuhe-neu-definieren-werden\/#primaryimage"},"thumbnailUrl":"https:\/\/www.loopkinglaces.com\/wp-content\/uploads\/IMG_2248.jpg","datePublished":"2023-03-17T07:02:51+00:00","dateModified":"2024-11-06T23:16:20+00:00","description":"Um jedes Paar Schuhe in ein atemberaubendes Kunstwerk zu verwandeln, schau dir unsere Premium-Kollektion pinker Schn\u00fcrsenkel mit hochwertigen Materialien an, die andere Marken \u00fcbertreffen.","breadcrumb":{"@id":"https:\/\/www.loopkinglaces.com\/de\/products\/leuchtend-rosa-schnuersenkel-die-deine-lieblingsschuhe-neu-definieren-werden\/#breadcrumb"},"inLanguage":"de","potentialAction":[{"@type":"ReadAction","target":["https:\/\/www.loopkinglaces.com\/de\/products\/leuchtend-rosa-schnuersenkel-die-deine-lieblingsschuhe-neu-definieren-werden\/"]}]},{"@type":"ImageObject","inLanguage":"de","@id":"https:\/\/www.loopkinglaces.com\/de\/products\/leuchtend-rosa-schnuersenkel-die-deine-lieblingsschuhe-neu-definieren-werden\/#primaryimage","url":"https:\/\/www.loopkinglaces.com\/wp-content\/uploads\/IMG_2248.jpg","contentUrl":"https:\/\/www.loopkinglaces.com\/wp-content\/uploads\/IMG_2248.jpg","width":806,"height":836},{"@type":"BreadcrumbList","@id":"https:\/\/www.loopkinglaces.com\/de\/products\/leuchtend-rosa-schnuersenkel-die-deine-lieblingsschuhe-neu-definieren-werden\/#breadcrumb","itemListElement":[{"@type":"ListItem","position":1,"name":"Home","item":"https:\/\/www.loopkinglaces.com\/de\/"},{"@type":"ListItem","position":2,"name":"Shop","item":"https:\/\/www.loopkinglaces.com\/de\/shop\/"},{"@type":"ListItem","position":3,"name":"Leuchtend rosa Schn\u00fcrsenkel, die deine Lieblingsschuhe neu definieren werden"}]},{"@type":"WebSite","@id":"https:\/\/www.loopkinglaces.com\/de\/#website","url":"https:\/\/www.loopkinglaces.com\/de\/","name":"Luxury Gold Tip Shoelaces by Loop King Laces","description":"Rope Laces, Flat Waxed Laces and Leather Laces. All With Gold Tips.","publisher":{"@id":"https:\/\/www.loopkinglaces.com\/de\/#organization"},"potentialAction":[{"@type":"SearchAction","target":{"@type":"EntryPoint","urlTemplate":"https:\/\/www.loopkinglaces.com\/de\/?s={search_term_string}"},"query-input":{"@type":"PropertyValueSpecification","valueRequired":true,"valueName":"search_term_string"}}],"inLanguage":"de"},{"@type":"Organization","@id":"https:\/\/www.loopkinglaces.com\/de\/#organization","name":"Loop King Laces","url":"https:\/\/www.loopkinglaces.com\/de\/","logo":{"@type":"ImageObject","inLanguage":"de","@id":"https:\/\/www.loopkinglaces.com\/de\/#\/schema\/logo\/image\/","url":"https:\/\/www.loopkinglaces.com\/wp-content\/uploads\/LOOP-KING-LACES.1.1-01-LOGO-HI-RES-OFFICIAL-1.png","contentUrl":"https:\/\/www.loopkinglaces.com\/wp-content\/uploads\/LOOP-KING-LACES.1.1-01-LOGO-HI-RES-OFFICIAL-1.png","width":128,"height":91,"caption":"Loop King Laces"},"image":{"@id":"https:\/\/www.loopkinglaces.com\/de\/#\/schema\/logo\/image\/"},"sameAs":["https:\/\/www.facebook.com\/LoopKingLaces\/","https:\/\/x.com\/loopkinglaces","https:\/\/www.instagram.com\/loopkinglaces\/"]}]}},"_links":{"self":[{"href":"https:\/\/www.loopkinglaces.com\/de\/wp-json\/wp\/v2\/product\/67006","targetHints":{"allow":["GET"]}}],"collection":[{"href":"https:\/\/www.loopkinglaces.com\/de\/wp-json\/wp\/v2\/product"}],"about":[{"href":"https:\/\/www.loopkinglaces.com\/de\/wp-json\/wp\/v2\/types\/product"}],"replies":[{"embeddable":true,"href":"https:\/\/www.loopkinglaces.com\/de\/wp-json\/wp\/v2\/comments?post=67006"}],"wp:featuredmedia":[{"embeddable":true,"href":"https:\/\/www.loopkinglaces.com\/de\/wp-json\/wp\/v2\/media\/58404"}],"wp:attachment":[{"href":"https:\/\/www.loopkinglaces.com\/de\/wp-json\/wp\/v2\/media?parent=67006"}],"wp:term":[{"taxonomy":"product_brand","embeddable":true,"href":"https:\/\/www.loopkinglaces.com\/de\/wp-json\/wp\/v2\/product_brand?post=67006"},{"taxonomy":"product_cat","embeddable":true,"href":"https:\/\/www.loopkinglaces.com\/de\/wp-json\/wp\/v2\/product_cat?post=67006"},{"taxonomy":"product_tag","embeddable":true,"href":"https:\/\/www.loopkinglaces.com\/de\/wp-json\/wp\/v2\/product_tag?post=67006"},{"taxonomy":"woo-feed-brand","embeddable":true,"href":"https:\/\/www.loopkinglaces.com\/de\/wp-json\/wp\/v2\/woo-feed-brand?post=67006"}],"curies":[{"name":"wp","href":"https:\/\/api.w.org\/{rel}","templated":true}]}}