{"id":66977,"date":"2023-12-11T18:54:48","date_gmt":"2023-12-11T18:54:48","guid":{"rendered":"https:\/\/www.loopkinglaces.com\/products\/rosa-vintage-verblichene-flache-baumwollschnuersenkel-mit-klaren-spitzen\/"},"modified":"2024-11-14T23:48:10","modified_gmt":"2024-11-14T23:48:10","slug":"rosa-vintage-verblichene-flache-baumwollschnuersenkel-mit-durchsichtigen-spitzen","status":"publish","type":"product","link":"https:\/\/www.loopkinglaces.com\/de\/products\/rosa-vintage-verblichene-flache-baumwollschnuersenkel-mit-durchsichtigen-spitzen\/","title":{"rendered":"Rosa Vintage verblichene flache Baumwollschn\u00fcrsenkel mit durchsichtigen Spitzen"},"content":{"rendered":"<p>Finde die perfekte Mischung aus Vintage-Charme und moderner St\u00e4rke mit den flachen verblassten Vintage Baumwollschn\u00fcrsenkeln von Loop King.<br \/>\nDiese Schn\u00fcrsenkel, die die Attraktivit\u00e4t deiner Schuhe erh\u00f6hen, haben einen einzigartigen verblassten Look, der einen Hauch von Nostalgie in jeden Schuhtyp bringt.<br \/>\nSie sind aus hochwertiger Baumwolle gefertigt und garantieren sowohl Komfort als auch Langlebigkeit.<br \/>\nDie durchsichtigen Spitzen unterstreichen die altmodische \u00c4sthetik der Schn\u00fcrsenkel und sorgen f\u00fcr zus\u00e4tzliche Haltbarkeit.<br \/>\nDiese Schn\u00fcrsenkel passen zu allen Schuhen, von l\u00e4ssigen Sneakern bis hin zu eleganten Schuhen, und sind vielseitig und elegant.<br \/>\nBelebe deine Schuhsammlung mit diesen au\u00dfergew\u00f6hnlichen Schn\u00fcrsenkeln, die perfekt f\u00fcr alle sind, die eine Mischung aus klassischer Sch\u00f6nheit und moderner Widerstandsf\u00e4higkeit lieben.<br \/>\nUnsere Schn\u00fcrsenkel passen f\u00fcr alle Arten von Turnschuhen und Marken wie Adidas, Nike, VANS und so weiter. In unserer <a href=\"\/shoelace-size-chart\/\">Gr\u00f6\u00dfentabelle<\/a> findest du die perfekte Gr\u00f6\u00dfe f\u00fcr deine Schuhe.<\/p>\n","protected":false},"excerpt":{"rendered":"<p><strong>Pink Vintage Faded Flat Cotton Shoelaces with Clear Tips<\/strong> Diese Schn\u00fcrsenkel, die deine Schuhe aufpeppen sollen, haben ein ausgepr\u00e4gtes, verblasstes Vintage-Aussehen und verleihen jedem Schuhwerk ein Retro-Element.<br \/>\nSie sind aus feinster Baumwolle gefertigt und garantieren Komfort und Haltbarkeit.<br \/>\nDie durchsichtigen Spitzen verst\u00e4rken nicht nur den Vintage-Charme der Schn\u00fcrsenkel, sondern erh\u00f6hen auch ihre Widerstandsf\u00e4higkeit gegen Abnutzung und Verschlei\u00df.<br \/>\nDiese Schn\u00fcrsenkel sind ideal f\u00fcr alle Arten von Schuhen, von Alltagssneakern bis hin zu eleganten Schuhen, und verbinden Anpassungsf\u00e4higkeit mit Mode.<br \/>\nVerbessere dein Schuhwerk mit diesen hochwertigen Schn\u00fcrsenkeln, die ein Muss f\u00fcr alle sind, die eine Mischung aus zeitlosem Stil und moderner Qualit\u00e4t sch\u00e4tzen.<br \/>\nSiehe Merkmale unten:<\/p>\n<ul>\n<li>Handgef\u00e4rbt mit pers\u00f6nlicher Note (keine zwei Schn\u00fcrsenkel sind genau gleich)<\/li>\n<li>Hochwertige Materialien<\/li>\n<li>Halten <strong>3 Mal l\u00e4nger<\/strong> als normale Schn\u00fcrsenkel<\/li>\n<li>Hochwertige klare Kunststoffspitzen<\/li>\n<li>Polyester Baumwolle<\/li>\n<li>Sch\u00f6ne Loop King Verpackung<\/li>\n<\/ul>\n","protected":false},"featured_media":59066,"comment_status":"open","ping_status":"closed","template":"","meta":{"_acf_changed":false},"product_brand":[],"product_cat":[616,695,698,590,812,603,718,720,755,741,784,843,754,772],"product_tag":[739,635,638,736,738,734,636],"woo-feed-brand":[],"class_list":{"0":"post-66977","1":"product","2":"type-product","3":"status-publish","4":"has-post-thumbnail","6":"product_cat-54-shoelaces-all-fancy-and-top-quality-laces","7":"product_cat-jordan-1-biohack-pink-laces-de","8":"product_cat-adidas-samba-laces-de","9":"product_cat-all-shoelaces","10":"product_cat-atemberaubende-timberland-boots-schnursenkel-die-dich-nicht-im-stich-lassen-werden","11":"product_cat-balenciaga-laces-high-class-trendy-laces","12":"product_cat-colored-boot-laces-de","13":"product_cat-cool-shoelaces-de","14":"product_cat-entdecke-den-charme-von-loop-kings-vintage-faded-flat-cotton-shoelaces-mit-klaren-spitzen","15":"product_cat-ersatz-nike-schnursenkel-fur-ein-cooles-optisches-upgrade","16":"product_cat-jordan-1-mocha-pinke-schnursenkel-fur-einen-neuen-aufregenden-look","17":"product_cat-pinke-nike-schnursenkel-geben-deinen-schuhen-einen-farbklecks","18":"product_cat-tie-dye-schnursenkel-ein-flippiger-spin-auf-klassischem-schuhwerk","19":"product_cat-travis-scott-schnursenkel-der-hype-die-liebe-und-das-ganze-drumherum","20":"product_tag-grau","21":"product_tag-loop-king-de","22":"product_tag-metal-tip-de","23":"product_tag-schnursenkel-aus-seil","24":"product_tag-schnursenkel-mit-goldspitze","25":"product_tag-schwarz","26":"product_tag-shoelaces-de","28":"first","29":"instock","30":"taxable","31":"shipping-taxable","32":"product-type-variable"},"acf":[],"yoast_head":"<!-- This site is optimized with the Yoast SEO plugin v27.4 - https:\/\/yoast.com\/product\/yoast-seo-wordpress\/ -->\n<title>Rosa Vintage verblasste Flache Baumwollschn\u00fcrsenkel mit durchsichtigen Spitzen - Loop King<\/title>\n<meta name=\"description\" content=\"Mit unseren pinkfarbenen Vintage verblassten Schn\u00fcrsenkeln bist du stilvoll unterwegs, denn sie verleihen dem Vintage-Look einen modernen Touch. Perfekt f\u00fcr modebewusste Menschen. Heute einkaufen!\" \/>\n<meta name=\"robots\" content=\"index, follow, max-snippet:-1, max-image-preview:large, max-video-preview:-1\" \/>\n<link rel=\"canonical\" href=\"https:\/\/www.loopkinglaces.com\/de\/products\/rosa-vintage-verblichene-flache-baumwollschnuersenkel-mit-durchsichtigen-spitzen\/\" \/>\n<meta property=\"og:locale\" content=\"de_DE\" \/>\n<meta property=\"og:type\" content=\"article\" \/>\n<meta property=\"og:title\" content=\"Rosa Vintage verblasste Flache Baumwollschn\u00fcrsenkel mit durchsichtigen Spitzen - Loop King\" \/>\n<meta property=\"og:description\" content=\"Mit unseren pinkfarbenen Vintage verblassten Schn\u00fcrsenkeln bist du stilvoll unterwegs, denn sie verleihen dem Vintage-Look einen modernen Touch. Perfekt f\u00fcr modebewusste Menschen. Heute einkaufen!\" \/>\n<meta property=\"og:url\" content=\"https:\/\/www.loopkinglaces.com\/de\/products\/rosa-vintage-verblichene-flache-baumwollschnuersenkel-mit-durchsichtigen-spitzen\/\" \/>\n<meta property=\"og:site_name\" content=\"Luxury Gold Tip Shoelaces by Loop King Laces\" \/>\n<meta property=\"article:publisher\" content=\"https:\/\/www.facebook.com\/LoopKingLaces\/\" \/>\n<meta property=\"article:modified_time\" content=\"2024-11-14T23:48:10+00:00\" \/>\n<meta property=\"og:image\" content=\"https:\/\/www.loopkinglaces.com\/wp-content\/uploads\/Pink-Vintage-scaled.jpg\" \/>\n\t<meta property=\"og:image:width\" content=\"2560\" \/>\n\t<meta property=\"og:image:height\" content=\"2560\" \/>\n\t<meta property=\"og:image:type\" content=\"image\/jpeg\" \/>\n<meta name=\"twitter:card\" content=\"summary_large_image\" \/>\n<meta name=\"twitter:site\" content=\"@loopkinglaces\" \/>\n<meta name=\"twitter:label1\" content=\"Gesch\u00e4tzte Lesezeit\" \/>\n\t<meta name=\"twitter:data1\" content=\"1\u00a0Minute\" \/>\n<script type=\"application\/ld+json\" class=\"yoast-schema-graph\">{\"@context\":\"https:\\\/\\\/schema.org\",\"@graph\":[{\"@type\":[\"WebPage\",\"ItemPage\"],\"@id\":\"https:\\\/\\\/www.loopkinglaces.com\\\/de\\\/products\\\/rosa-vintage-verblichene-flache-baumwollschnuersenkel-mit-durchsichtigen-spitzen\\\/\",\"url\":\"https:\\\/\\\/www.loopkinglaces.com\\\/de\\\/products\\\/rosa-vintage-verblichene-flache-baumwollschnuersenkel-mit-durchsichtigen-spitzen\\\/\",\"name\":\"Rosa Vintage verblasste Flache Baumwollschn\u00fcrsenkel mit durchsichtigen Spitzen - Loop King\",\"isPartOf\":{\"@id\":\"https:\\\/\\\/www.loopkinglaces.com\\\/de\\\/#website\"},\"primaryImageOfPage\":{\"@id\":\"https:\\\/\\\/www.loopkinglaces.com\\\/de\\\/products\\\/rosa-vintage-verblichene-flache-baumwollschnuersenkel-mit-durchsichtigen-spitzen\\\/#primaryimage\"},\"image\":{\"@id\":\"https:\\\/\\\/www.loopkinglaces.com\\\/de\\\/products\\\/rosa-vintage-verblichene-flache-baumwollschnuersenkel-mit-durchsichtigen-spitzen\\\/#primaryimage\"},\"thumbnailUrl\":\"https:\\\/\\\/www.loopkinglaces.com\\\/wp-content\\\/uploads\\\/Pink-Vintage-scaled.jpg\",\"datePublished\":\"2023-12-11T18:54:48+00:00\",\"dateModified\":\"2024-11-14T23:48:10+00:00\",\"description\":\"Mit unseren pinkfarbenen Vintage verblassten Schn\u00fcrsenkeln bist du stilvoll unterwegs, denn sie verleihen dem Vintage-Look einen modernen Touch. Perfekt f\u00fcr modebewusste Menschen. Heute einkaufen!\",\"breadcrumb\":{\"@id\":\"https:\\\/\\\/www.loopkinglaces.com\\\/de\\\/products\\\/rosa-vintage-verblichene-flache-baumwollschnuersenkel-mit-durchsichtigen-spitzen\\\/#breadcrumb\"},\"inLanguage\":\"de\",\"potentialAction\":[{\"@type\":\"ReadAction\",\"target\":[\"https:\\\/\\\/www.loopkinglaces.com\\\/de\\\/products\\\/rosa-vintage-verblichene-flache-baumwollschnuersenkel-mit-durchsichtigen-spitzen\\\/\"]}]},{\"@type\":\"ImageObject\",\"inLanguage\":\"de\",\"@id\":\"https:\\\/\\\/www.loopkinglaces.com\\\/de\\\/products\\\/rosa-vintage-verblichene-flache-baumwollschnuersenkel-mit-durchsichtigen-spitzen\\\/#primaryimage\",\"url\":\"https:\\\/\\\/www.loopkinglaces.com\\\/wp-content\\\/uploads\\\/Pink-Vintage-scaled.jpg\",\"contentUrl\":\"https:\\\/\\\/www.loopkinglaces.com\\\/wp-content\\\/uploads\\\/Pink-Vintage-scaled.jpg\",\"width\":2560,\"height\":2560},{\"@type\":\"BreadcrumbList\",\"@id\":\"https:\\\/\\\/www.loopkinglaces.com\\\/de\\\/products\\\/rosa-vintage-verblichene-flache-baumwollschnuersenkel-mit-durchsichtigen-spitzen\\\/#breadcrumb\",\"itemListElement\":[{\"@type\":\"ListItem\",\"position\":1,\"name\":\"Home\",\"item\":\"https:\\\/\\\/www.loopkinglaces.com\\\/de\\\/\"},{\"@type\":\"ListItem\",\"position\":2,\"name\":\"Shop\",\"item\":\"https:\\\/\\\/www.loopkinglaces.com\\\/de\\\/shop\\\/\"},{\"@type\":\"ListItem\",\"position\":3,\"name\":\"Rosa Vintage verblichene flache Baumwollschn\u00fcrsenkel mit durchsichtigen Spitzen\"}]},{\"@type\":\"WebSite\",\"@id\":\"https:\\\/\\\/www.loopkinglaces.com\\\/de\\\/#website\",\"url\":\"https:\\\/\\\/www.loopkinglaces.com\\\/de\\\/\",\"name\":\"Luxury Gold Tip Shoelaces by Loop King Laces\",\"description\":\"Rope Laces, Flat Waxed Laces and Leather Laces. All With Gold Tips.\",\"publisher\":{\"@id\":\"https:\\\/\\\/www.loopkinglaces.com\\\/de\\\/#organization\"},\"potentialAction\":[{\"@type\":\"SearchAction\",\"target\":{\"@type\":\"EntryPoint\",\"urlTemplate\":\"https:\\\/\\\/www.loopkinglaces.com\\\/de\\\/?s={search_term_string}\"},\"query-input\":{\"@type\":\"PropertyValueSpecification\",\"valueRequired\":true,\"valueName\":\"search_term_string\"}}],\"inLanguage\":\"de\"},{\"@type\":\"Organization\",\"@id\":\"https:\\\/\\\/www.loopkinglaces.com\\\/de\\\/#organization\",\"name\":\"Loop King Laces\",\"url\":\"https:\\\/\\\/www.loopkinglaces.com\\\/de\\\/\",\"logo\":{\"@type\":\"ImageObject\",\"inLanguage\":\"de\",\"@id\":\"https:\\\/\\\/www.loopkinglaces.com\\\/de\\\/#\\\/schema\\\/logo\\\/image\\\/\",\"url\":\"https:\\\/\\\/www.loopkinglaces.com\\\/wp-content\\\/uploads\\\/LOOP-KING-LACES.1.1-01-LOGO-HI-RES-OFFICIAL-1.png\",\"contentUrl\":\"https:\\\/\\\/www.loopkinglaces.com\\\/wp-content\\\/uploads\\\/LOOP-KING-LACES.1.1-01-LOGO-HI-RES-OFFICIAL-1.png\",\"width\":128,\"height\":91,\"caption\":\"Loop King Laces\"},\"image\":{\"@id\":\"https:\\\/\\\/www.loopkinglaces.com\\\/de\\\/#\\\/schema\\\/logo\\\/image\\\/\"},\"sameAs\":[\"https:\\\/\\\/www.facebook.com\\\/LoopKingLaces\\\/\",\"https:\\\/\\\/x.com\\\/loopkinglaces\",\"https:\\\/\\\/www.instagram.com\\\/loopkinglaces\\\/\"]}]}<\/script>\n<!-- \/ Yoast SEO plugin. -->","yoast_head_json":{"title":"Rosa Vintage verblasste Flache Baumwollschn\u00fcrsenkel mit durchsichtigen Spitzen - Loop King","description":"Mit unseren pinkfarbenen Vintage verblassten Schn\u00fcrsenkeln bist du stilvoll unterwegs, denn sie verleihen dem Vintage-Look einen modernen Touch. Perfekt f\u00fcr modebewusste Menschen. Heute einkaufen!","robots":{"index":"index","follow":"follow","max-snippet":"max-snippet:-1","max-image-preview":"max-image-preview:large","max-video-preview":"max-video-preview:-1"},"canonical":"https:\/\/www.loopkinglaces.com\/de\/products\/rosa-vintage-verblichene-flache-baumwollschnuersenkel-mit-durchsichtigen-spitzen\/","og_locale":"de_DE","og_type":"article","og_title":"Rosa Vintage verblasste Flache Baumwollschn\u00fcrsenkel mit durchsichtigen Spitzen - Loop King","og_description":"Mit unseren pinkfarbenen Vintage verblassten Schn\u00fcrsenkeln bist du stilvoll unterwegs, denn sie verleihen dem Vintage-Look einen modernen Touch. Perfekt f\u00fcr modebewusste Menschen. Heute einkaufen!","og_url":"https:\/\/www.loopkinglaces.com\/de\/products\/rosa-vintage-verblichene-flache-baumwollschnuersenkel-mit-durchsichtigen-spitzen\/","og_site_name":"Luxury Gold Tip Shoelaces by Loop King Laces","article_publisher":"https:\/\/www.facebook.com\/LoopKingLaces\/","article_modified_time":"2024-11-14T23:48:10+00:00","og_image":[{"width":2560,"height":2560,"url":"https:\/\/www.loopkinglaces.com\/wp-content\/uploads\/Pink-Vintage-scaled.jpg","type":"image\/jpeg"}],"twitter_card":"summary_large_image","twitter_site":"@loopkinglaces","twitter_misc":{"Gesch\u00e4tzte Lesezeit":"1\u00a0Minute"},"schema":{"@context":"https:\/\/schema.org","@graph":[{"@type":["WebPage","ItemPage"],"@id":"https:\/\/www.loopkinglaces.com\/de\/products\/rosa-vintage-verblichene-flache-baumwollschnuersenkel-mit-durchsichtigen-spitzen\/","url":"https:\/\/www.loopkinglaces.com\/de\/products\/rosa-vintage-verblichene-flache-baumwollschnuersenkel-mit-durchsichtigen-spitzen\/","name":"Rosa Vintage verblasste Flache Baumwollschn\u00fcrsenkel mit durchsichtigen Spitzen - Loop King","isPartOf":{"@id":"https:\/\/www.loopkinglaces.com\/de\/#website"},"primaryImageOfPage":{"@id":"https:\/\/www.loopkinglaces.com\/de\/products\/rosa-vintage-verblichene-flache-baumwollschnuersenkel-mit-durchsichtigen-spitzen\/#primaryimage"},"image":{"@id":"https:\/\/www.loopkinglaces.com\/de\/products\/rosa-vintage-verblichene-flache-baumwollschnuersenkel-mit-durchsichtigen-spitzen\/#primaryimage"},"thumbnailUrl":"https:\/\/www.loopkinglaces.com\/wp-content\/uploads\/Pink-Vintage-scaled.jpg","datePublished":"2023-12-11T18:54:48+00:00","dateModified":"2024-11-14T23:48:10+00:00","description":"Mit unseren pinkfarbenen Vintage verblassten Schn\u00fcrsenkeln bist du stilvoll unterwegs, denn sie verleihen dem Vintage-Look einen modernen Touch. Perfekt f\u00fcr modebewusste Menschen. Heute einkaufen!","breadcrumb":{"@id":"https:\/\/www.loopkinglaces.com\/de\/products\/rosa-vintage-verblichene-flache-baumwollschnuersenkel-mit-durchsichtigen-spitzen\/#breadcrumb"},"inLanguage":"de","potentialAction":[{"@type":"ReadAction","target":["https:\/\/www.loopkinglaces.com\/de\/products\/rosa-vintage-verblichene-flache-baumwollschnuersenkel-mit-durchsichtigen-spitzen\/"]}]},{"@type":"ImageObject","inLanguage":"de","@id":"https:\/\/www.loopkinglaces.com\/de\/products\/rosa-vintage-verblichene-flache-baumwollschnuersenkel-mit-durchsichtigen-spitzen\/#primaryimage","url":"https:\/\/www.loopkinglaces.com\/wp-content\/uploads\/Pink-Vintage-scaled.jpg","contentUrl":"https:\/\/www.loopkinglaces.com\/wp-content\/uploads\/Pink-Vintage-scaled.jpg","width":2560,"height":2560},{"@type":"BreadcrumbList","@id":"https:\/\/www.loopkinglaces.com\/de\/products\/rosa-vintage-verblichene-flache-baumwollschnuersenkel-mit-durchsichtigen-spitzen\/#breadcrumb","itemListElement":[{"@type":"ListItem","position":1,"name":"Home","item":"https:\/\/www.loopkinglaces.com\/de\/"},{"@type":"ListItem","position":2,"name":"Shop","item":"https:\/\/www.loopkinglaces.com\/de\/shop\/"},{"@type":"ListItem","position":3,"name":"Rosa Vintage verblichene flache Baumwollschn\u00fcrsenkel mit durchsichtigen Spitzen"}]},{"@type":"WebSite","@id":"https:\/\/www.loopkinglaces.com\/de\/#website","url":"https:\/\/www.loopkinglaces.com\/de\/","name":"Luxury Gold Tip Shoelaces by Loop King Laces","description":"Rope Laces, Flat Waxed Laces and Leather Laces. All With Gold Tips.","publisher":{"@id":"https:\/\/www.loopkinglaces.com\/de\/#organization"},"potentialAction":[{"@type":"SearchAction","target":{"@type":"EntryPoint","urlTemplate":"https:\/\/www.loopkinglaces.com\/de\/?s={search_term_string}"},"query-input":{"@type":"PropertyValueSpecification","valueRequired":true,"valueName":"search_term_string"}}],"inLanguage":"de"},{"@type":"Organization","@id":"https:\/\/www.loopkinglaces.com\/de\/#organization","name":"Loop King Laces","url":"https:\/\/www.loopkinglaces.com\/de\/","logo":{"@type":"ImageObject","inLanguage":"de","@id":"https:\/\/www.loopkinglaces.com\/de\/#\/schema\/logo\/image\/","url":"https:\/\/www.loopkinglaces.com\/wp-content\/uploads\/LOOP-KING-LACES.1.1-01-LOGO-HI-RES-OFFICIAL-1.png","contentUrl":"https:\/\/www.loopkinglaces.com\/wp-content\/uploads\/LOOP-KING-LACES.1.1-01-LOGO-HI-RES-OFFICIAL-1.png","width":128,"height":91,"caption":"Loop King Laces"},"image":{"@id":"https:\/\/www.loopkinglaces.com\/de\/#\/schema\/logo\/image\/"},"sameAs":["https:\/\/www.facebook.com\/LoopKingLaces\/","https:\/\/x.com\/loopkinglaces","https:\/\/www.instagram.com\/loopkinglaces\/"]}]}},"_links":{"self":[{"href":"https:\/\/www.loopkinglaces.com\/de\/wp-json\/wp\/v2\/product\/66977","targetHints":{"allow":["GET"]}}],"collection":[{"href":"https:\/\/www.loopkinglaces.com\/de\/wp-json\/wp\/v2\/product"}],"about":[{"href":"https:\/\/www.loopkinglaces.com\/de\/wp-json\/wp\/v2\/types\/product"}],"replies":[{"embeddable":true,"href":"https:\/\/www.loopkinglaces.com\/de\/wp-json\/wp\/v2\/comments?post=66977"}],"wp:featuredmedia":[{"embeddable":true,"href":"https:\/\/www.loopkinglaces.com\/de\/wp-json\/wp\/v2\/media\/59066"}],"wp:attachment":[{"href":"https:\/\/www.loopkinglaces.com\/de\/wp-json\/wp\/v2\/media?parent=66977"}],"wp:term":[{"taxonomy":"product_brand","embeddable":true,"href":"https:\/\/www.loopkinglaces.com\/de\/wp-json\/wp\/v2\/product_brand?post=66977"},{"taxonomy":"product_cat","embeddable":true,"href":"https:\/\/www.loopkinglaces.com\/de\/wp-json\/wp\/v2\/product_cat?post=66977"},{"taxonomy":"product_tag","embeddable":true,"href":"https:\/\/www.loopkinglaces.com\/de\/wp-json\/wp\/v2\/product_tag?post=66977"},{"taxonomy":"woo-feed-brand","embeddable":true,"href":"https:\/\/www.loopkinglaces.com\/de\/wp-json\/wp\/v2\/woo-feed-brand?post=66977"}],"curies":[{"name":"wp","href":"https:\/\/api.w.org\/{rel}","templated":true}]}}