{"id":66976,"date":"2024-05-10T14:18:13","date_gmt":"2024-05-10T14:18:13","guid":{"rendered":"https:\/\/www.loopkinglaces.com\/products\/flache-gelbe-baumwollschnuersenkel-mit-goldenen-spitzen\/"},"modified":"2024-10-25T16:22:45","modified_gmt":"2024-10-25T16:22:45","slug":"flache-gelbe-baumwollschnuersenkel-mit-goldenen-spitzen","status":"publish","type":"product","link":"https:\/\/www.loopkinglaces.com\/de\/products\/flache-gelbe-baumwollschnuersenkel-mit-goldenen-spitzen\/","title":{"rendered":"Flache gelbe Baumwollschn\u00fcrsenkel mit goldenen Spitzen"},"content":{"rendered":"<p>Mit unseren flachen gelben Baumwollschn\u00fcrsenkeln, die mit raffinierten Goldspitzen verziert sind, kannst du selbstbewusst gehen.<br \/>\nDiese d\u00fcnnen Schn\u00fcrsenkel aus weicher Premium-Baumwolle passen m\u00fchelos zu deinen Stiefeln, Schuhen, Sneakers und anderen Schuhen f\u00fchrender Marken.<br \/>\nTausche sie nahtlos aus und bleib stilvoll in Bewegung!<\/p>\n","protected":false},"excerpt":{"rendered":"<p><strong>Flache gelbe Baumwollschn\u00fcrsenkel mit Goldspitzen<\/strong> Mit unseren eleganten flachen gelben Baumwollschn\u00fcrsenkeln mit luxuri\u00f6sen Goldspitzen bist du immer stilvoll unterwegs.<br \/>\nDiese vielseitigen, d\u00fcnnen Schn\u00fcrsenkel sind aus hochwertiger, weicher Baumwolle gefertigt und werten deine Stiefel, Schuhe, Sneaker und vieles mehr auf.<br \/>\nWechsle sie einfach zwischen deinen Lieblingspaaren aus und gehe mit Selbstvertrauen aus dem Haus!<br \/>\nDie wichtigsten Merkmale sind:<\/p>\n<ul>\n<li style=\"font-weight: 400;\" aria-level=\"1\">Hochwertige Materialien<\/li>\n<li style=\"font-weight: 400;\" aria-level=\"1\">Versiegelte &amp; atemberaubende Verpackung<\/li>\n<li style=\"font-weight: 400;\" aria-level=\"1\">Verschiedene L\u00e4nge verf\u00fcgbar<\/li>\n<li style=\"font-weight: 400;\" aria-level=\"1\">Passend f\u00fcr alle gro\u00dfen Marken (Nike, Adidas, Reebok, Converse, Vans)<\/li>\n<li style=\"font-weight: 400;\" aria-level=\"1\">Gepr\u00e4gte Goldspitzen<\/li>\n<\/ul>\n","protected":false},"featured_media":59691,"comment_status":"open","ping_status":"closed","template":"","meta":{"_acf_changed":false},"product_brand":[],"product_cat":[590,704,619,735,765,764,597,633,632,601,758,767,799,592,766,630],"product_tag":[781,783,635,638,738,734,636,782],"woo-feed-brand":[],"class_list":{"0":"post-66976","1":"product","2":"type-product","3":"status-publish","4":"has-post-thumbnail","6":"product_cat-all-shoelaces","7":"product_cat-athletic-shoelaces-not-just-a-tying-game","8":"product_cat-choose-from-our-high-class-colored-shoelaces-collection","9":"product_cat-die-besten-alexander-mcqueen-schnursenkel-fur-deine-high-end-sneaker","10":"product_cat-gelbe-schnursenkel-fur-einen-sonnenstrahl-in-deinen-schuhen","11":"product_cat-gelbe-schnursenkel-die-alle-anderen-in-den-schatten-stellen-und-perfekt-passen","12":"product_cat-high-end-adidas-shoelaces-to-upgrade-your-look","13":"product_cat-kiwi-shoe-laces-more-than-just-a-trend","14":"product_cat-lanvin-shoe-laces-elevate-every-step-you-take","15":"product_cat-modern-and-top-of-the-line-nike-sb-laces","16":"product_cat-modische-farbige-schnursenkel-fur-turnschuhe","17":"product_cat-premium-baumwollschnursenkel-die-andere-marken-in-jeder-hinsicht-ubertreffen","18":"product_cat-robuste-thorogood-schnursenkel-die-dich-nie-im-stich-lassen-werden","19":"product_cat-schnursenkel-mit-goldspitze","20":"product_cat-schwarze-und-gelbe-premium-schnursenkel-perfekt-fur-jeden-stil","21":"product_cat-superb-jordan-laces-to-refresh-your-kicks-in-many-colors","22":"product_tag-flach-gewachst","23":"product_tag-gewachst","24":"product_tag-loop-king-de","25":"product_tag-metal-tip-de","26":"product_tag-schnursenkel-mit-goldspitze","27":"product_tag-schwarz","28":"product_tag-shoelaces-de","29":"product_tag-wohnung","31":"first","32":"instock","33":"taxable","34":"shipping-taxable","35":"purchasable","36":"product-type-variable"},"acf":[],"yoast_head":"<!-- This site is optimized with the Yoast SEO plugin v27.4 - https:\/\/yoast.com\/product\/yoast-seo-wordpress\/ -->\n<title>Flache gelbe Baumwollschn\u00fcrsenkel mit goldenen Spitzen<\/title>\n<meta name=\"description\" content=\"Verbessere dein Schuhwerk mit unseren flachen gelben Baumwollschn\u00fcrsenkeln mit goldenen Spitzen. Diese stylischen Schn\u00fcrsenkel sind aus hochwertigen Materialien gefertigt und 3x so lange haltbar.\" \/>\n<meta name=\"robots\" content=\"index, follow, max-snippet:-1, max-image-preview:large, max-video-preview:-1\" \/>\n<link rel=\"canonical\" href=\"https:\/\/www.loopkinglaces.com\/de\/products\/flache-gelbe-baumwollschnuersenkel-mit-goldenen-spitzen\/\" \/>\n<meta property=\"og:locale\" content=\"de_DE\" \/>\n<meta property=\"og:type\" content=\"article\" \/>\n<meta property=\"og:title\" content=\"Flache gelbe Baumwollschn\u00fcrsenkel mit goldenen Spitzen\" \/>\n<meta property=\"og:description\" content=\"Verbessere dein Schuhwerk mit unseren flachen gelben Baumwollschn\u00fcrsenkeln mit goldenen Spitzen. Diese stylischen Schn\u00fcrsenkel sind aus hochwertigen Materialien gefertigt und 3x so lange haltbar.\" \/>\n<meta property=\"og:url\" content=\"https:\/\/www.loopkinglaces.com\/de\/products\/flache-gelbe-baumwollschnuersenkel-mit-goldenen-spitzen\/\" \/>\n<meta property=\"og:site_name\" content=\"Luxury Gold Tip Shoelaces by Loop King Laces\" \/>\n<meta property=\"article:publisher\" content=\"https:\/\/www.facebook.com\/LoopKingLaces\/\" \/>\n<meta property=\"article:modified_time\" content=\"2024-10-25T16:22:45+00:00\" \/>\n<meta property=\"og:image\" content=\"https:\/\/www.loopkinglaces.com\/wp-content\/uploads\/0415A-17-scaled.jpg\" \/>\n\t<meta property=\"og:image:width\" content=\"2560\" \/>\n\t<meta property=\"og:image:height\" content=\"1707\" \/>\n\t<meta property=\"og:image:type\" content=\"image\/jpeg\" \/>\n<meta name=\"twitter:card\" content=\"summary_large_image\" \/>\n<meta name=\"twitter:site\" content=\"@loopkinglaces\" \/>\n<meta name=\"twitter:label1\" content=\"Gesch\u00e4tzte Lesezeit\" \/>\n\t<meta name=\"twitter:data1\" content=\"1\u00a0Minute\" \/>\n<script type=\"application\/ld+json\" class=\"yoast-schema-graph\">{\"@context\":\"https:\\\/\\\/schema.org\",\"@graph\":[{\"@type\":[\"WebPage\",\"ItemPage\"],\"@id\":\"https:\\\/\\\/www.loopkinglaces.com\\\/de\\\/products\\\/flache-gelbe-baumwollschnuersenkel-mit-goldenen-spitzen\\\/\",\"url\":\"https:\\\/\\\/www.loopkinglaces.com\\\/de\\\/products\\\/flache-gelbe-baumwollschnuersenkel-mit-goldenen-spitzen\\\/\",\"name\":\"Flache gelbe Baumwollschn\u00fcrsenkel mit goldenen Spitzen\",\"isPartOf\":{\"@id\":\"https:\\\/\\\/www.loopkinglaces.com\\\/de\\\/#website\"},\"primaryImageOfPage\":{\"@id\":\"https:\\\/\\\/www.loopkinglaces.com\\\/de\\\/products\\\/flache-gelbe-baumwollschnuersenkel-mit-goldenen-spitzen\\\/#primaryimage\"},\"image\":{\"@id\":\"https:\\\/\\\/www.loopkinglaces.com\\\/de\\\/products\\\/flache-gelbe-baumwollschnuersenkel-mit-goldenen-spitzen\\\/#primaryimage\"},\"thumbnailUrl\":\"https:\\\/\\\/www.loopkinglaces.com\\\/wp-content\\\/uploads\\\/0415A-17-scaled.jpg\",\"datePublished\":\"2024-05-10T14:18:13+00:00\",\"dateModified\":\"2024-10-25T16:22:45+00:00\",\"description\":\"Verbessere dein Schuhwerk mit unseren flachen gelben Baumwollschn\u00fcrsenkeln mit goldenen Spitzen. Diese stylischen Schn\u00fcrsenkel sind aus hochwertigen Materialien gefertigt und 3x so lange haltbar.\",\"breadcrumb\":{\"@id\":\"https:\\\/\\\/www.loopkinglaces.com\\\/de\\\/products\\\/flache-gelbe-baumwollschnuersenkel-mit-goldenen-spitzen\\\/#breadcrumb\"},\"inLanguage\":\"de\",\"potentialAction\":[{\"@type\":\"ReadAction\",\"target\":[\"https:\\\/\\\/www.loopkinglaces.com\\\/de\\\/products\\\/flache-gelbe-baumwollschnuersenkel-mit-goldenen-spitzen\\\/\"]}]},{\"@type\":\"ImageObject\",\"inLanguage\":\"de\",\"@id\":\"https:\\\/\\\/www.loopkinglaces.com\\\/de\\\/products\\\/flache-gelbe-baumwollschnuersenkel-mit-goldenen-spitzen\\\/#primaryimage\",\"url\":\"https:\\\/\\\/www.loopkinglaces.com\\\/wp-content\\\/uploads\\\/0415A-17-scaled.jpg\",\"contentUrl\":\"https:\\\/\\\/www.loopkinglaces.com\\\/wp-content\\\/uploads\\\/0415A-17-scaled.jpg\",\"width\":2560,\"height\":1707},{\"@type\":\"BreadcrumbList\",\"@id\":\"https:\\\/\\\/www.loopkinglaces.com\\\/de\\\/products\\\/flache-gelbe-baumwollschnuersenkel-mit-goldenen-spitzen\\\/#breadcrumb\",\"itemListElement\":[{\"@type\":\"ListItem\",\"position\":1,\"name\":\"Home\",\"item\":\"https:\\\/\\\/www.loopkinglaces.com\\\/de\\\/\"},{\"@type\":\"ListItem\",\"position\":2,\"name\":\"Shop\",\"item\":\"https:\\\/\\\/www.loopkinglaces.com\\\/de\\\/shop\\\/\"},{\"@type\":\"ListItem\",\"position\":3,\"name\":\"Flache gelbe Baumwollschn\u00fcrsenkel mit goldenen Spitzen\"}]},{\"@type\":\"WebSite\",\"@id\":\"https:\\\/\\\/www.loopkinglaces.com\\\/de\\\/#website\",\"url\":\"https:\\\/\\\/www.loopkinglaces.com\\\/de\\\/\",\"name\":\"Luxury Gold Tip Shoelaces by Loop King Laces\",\"description\":\"Rope Laces, Flat Waxed Laces and Leather Laces. All With Gold Tips.\",\"publisher\":{\"@id\":\"https:\\\/\\\/www.loopkinglaces.com\\\/de\\\/#organization\"},\"potentialAction\":[{\"@type\":\"SearchAction\",\"target\":{\"@type\":\"EntryPoint\",\"urlTemplate\":\"https:\\\/\\\/www.loopkinglaces.com\\\/de\\\/?s={search_term_string}\"},\"query-input\":{\"@type\":\"PropertyValueSpecification\",\"valueRequired\":true,\"valueName\":\"search_term_string\"}}],\"inLanguage\":\"de\"},{\"@type\":\"Organization\",\"@id\":\"https:\\\/\\\/www.loopkinglaces.com\\\/de\\\/#organization\",\"name\":\"Loop King Laces\",\"url\":\"https:\\\/\\\/www.loopkinglaces.com\\\/de\\\/\",\"logo\":{\"@type\":\"ImageObject\",\"inLanguage\":\"de\",\"@id\":\"https:\\\/\\\/www.loopkinglaces.com\\\/de\\\/#\\\/schema\\\/logo\\\/image\\\/\",\"url\":\"https:\\\/\\\/www.loopkinglaces.com\\\/wp-content\\\/uploads\\\/LOOP-KING-LACES.1.1-01-LOGO-HI-RES-OFFICIAL-1.png\",\"contentUrl\":\"https:\\\/\\\/www.loopkinglaces.com\\\/wp-content\\\/uploads\\\/LOOP-KING-LACES.1.1-01-LOGO-HI-RES-OFFICIAL-1.png\",\"width\":128,\"height\":91,\"caption\":\"Loop King Laces\"},\"image\":{\"@id\":\"https:\\\/\\\/www.loopkinglaces.com\\\/de\\\/#\\\/schema\\\/logo\\\/image\\\/\"},\"sameAs\":[\"https:\\\/\\\/www.facebook.com\\\/LoopKingLaces\\\/\",\"https:\\\/\\\/x.com\\\/loopkinglaces\",\"https:\\\/\\\/www.instagram.com\\\/loopkinglaces\\\/\"]}]}<\/script>\n<!-- \/ Yoast SEO plugin. -->","yoast_head_json":{"title":"Flache gelbe Baumwollschn\u00fcrsenkel mit goldenen Spitzen","description":"Verbessere dein Schuhwerk mit unseren flachen gelben Baumwollschn\u00fcrsenkeln mit goldenen Spitzen. Diese stylischen Schn\u00fcrsenkel sind aus hochwertigen Materialien gefertigt und 3x so lange haltbar.","robots":{"index":"index","follow":"follow","max-snippet":"max-snippet:-1","max-image-preview":"max-image-preview:large","max-video-preview":"max-video-preview:-1"},"canonical":"https:\/\/www.loopkinglaces.com\/de\/products\/flache-gelbe-baumwollschnuersenkel-mit-goldenen-spitzen\/","og_locale":"de_DE","og_type":"article","og_title":"Flache gelbe Baumwollschn\u00fcrsenkel mit goldenen Spitzen","og_description":"Verbessere dein Schuhwerk mit unseren flachen gelben Baumwollschn\u00fcrsenkeln mit goldenen Spitzen. Diese stylischen Schn\u00fcrsenkel sind aus hochwertigen Materialien gefertigt und 3x so lange haltbar.","og_url":"https:\/\/www.loopkinglaces.com\/de\/products\/flache-gelbe-baumwollschnuersenkel-mit-goldenen-spitzen\/","og_site_name":"Luxury Gold Tip Shoelaces by Loop King Laces","article_publisher":"https:\/\/www.facebook.com\/LoopKingLaces\/","article_modified_time":"2024-10-25T16:22:45+00:00","og_image":[{"width":2560,"height":1707,"url":"https:\/\/www.loopkinglaces.com\/wp-content\/uploads\/0415A-17-scaled.jpg","type":"image\/jpeg"}],"twitter_card":"summary_large_image","twitter_site":"@loopkinglaces","twitter_misc":{"Gesch\u00e4tzte Lesezeit":"1\u00a0Minute"},"schema":{"@context":"https:\/\/schema.org","@graph":[{"@type":["WebPage","ItemPage"],"@id":"https:\/\/www.loopkinglaces.com\/de\/products\/flache-gelbe-baumwollschnuersenkel-mit-goldenen-spitzen\/","url":"https:\/\/www.loopkinglaces.com\/de\/products\/flache-gelbe-baumwollschnuersenkel-mit-goldenen-spitzen\/","name":"Flache gelbe Baumwollschn\u00fcrsenkel mit goldenen Spitzen","isPartOf":{"@id":"https:\/\/www.loopkinglaces.com\/de\/#website"},"primaryImageOfPage":{"@id":"https:\/\/www.loopkinglaces.com\/de\/products\/flache-gelbe-baumwollschnuersenkel-mit-goldenen-spitzen\/#primaryimage"},"image":{"@id":"https:\/\/www.loopkinglaces.com\/de\/products\/flache-gelbe-baumwollschnuersenkel-mit-goldenen-spitzen\/#primaryimage"},"thumbnailUrl":"https:\/\/www.loopkinglaces.com\/wp-content\/uploads\/0415A-17-scaled.jpg","datePublished":"2024-05-10T14:18:13+00:00","dateModified":"2024-10-25T16:22:45+00:00","description":"Verbessere dein Schuhwerk mit unseren flachen gelben Baumwollschn\u00fcrsenkeln mit goldenen Spitzen. Diese stylischen Schn\u00fcrsenkel sind aus hochwertigen Materialien gefertigt und 3x so lange haltbar.","breadcrumb":{"@id":"https:\/\/www.loopkinglaces.com\/de\/products\/flache-gelbe-baumwollschnuersenkel-mit-goldenen-spitzen\/#breadcrumb"},"inLanguage":"de","potentialAction":[{"@type":"ReadAction","target":["https:\/\/www.loopkinglaces.com\/de\/products\/flache-gelbe-baumwollschnuersenkel-mit-goldenen-spitzen\/"]}]},{"@type":"ImageObject","inLanguage":"de","@id":"https:\/\/www.loopkinglaces.com\/de\/products\/flache-gelbe-baumwollschnuersenkel-mit-goldenen-spitzen\/#primaryimage","url":"https:\/\/www.loopkinglaces.com\/wp-content\/uploads\/0415A-17-scaled.jpg","contentUrl":"https:\/\/www.loopkinglaces.com\/wp-content\/uploads\/0415A-17-scaled.jpg","width":2560,"height":1707},{"@type":"BreadcrumbList","@id":"https:\/\/www.loopkinglaces.com\/de\/products\/flache-gelbe-baumwollschnuersenkel-mit-goldenen-spitzen\/#breadcrumb","itemListElement":[{"@type":"ListItem","position":1,"name":"Home","item":"https:\/\/www.loopkinglaces.com\/de\/"},{"@type":"ListItem","position":2,"name":"Shop","item":"https:\/\/www.loopkinglaces.com\/de\/shop\/"},{"@type":"ListItem","position":3,"name":"Flache gelbe Baumwollschn\u00fcrsenkel mit goldenen Spitzen"}]},{"@type":"WebSite","@id":"https:\/\/www.loopkinglaces.com\/de\/#website","url":"https:\/\/www.loopkinglaces.com\/de\/","name":"Luxury Gold Tip Shoelaces by Loop King Laces","description":"Rope Laces, Flat Waxed Laces and Leather Laces. All With Gold Tips.","publisher":{"@id":"https:\/\/www.loopkinglaces.com\/de\/#organization"},"potentialAction":[{"@type":"SearchAction","target":{"@type":"EntryPoint","urlTemplate":"https:\/\/www.loopkinglaces.com\/de\/?s={search_term_string}"},"query-input":{"@type":"PropertyValueSpecification","valueRequired":true,"valueName":"search_term_string"}}],"inLanguage":"de"},{"@type":"Organization","@id":"https:\/\/www.loopkinglaces.com\/de\/#organization","name":"Loop King Laces","url":"https:\/\/www.loopkinglaces.com\/de\/","logo":{"@type":"ImageObject","inLanguage":"de","@id":"https:\/\/www.loopkinglaces.com\/de\/#\/schema\/logo\/image\/","url":"https:\/\/www.loopkinglaces.com\/wp-content\/uploads\/LOOP-KING-LACES.1.1-01-LOGO-HI-RES-OFFICIAL-1.png","contentUrl":"https:\/\/www.loopkinglaces.com\/wp-content\/uploads\/LOOP-KING-LACES.1.1-01-LOGO-HI-RES-OFFICIAL-1.png","width":128,"height":91,"caption":"Loop King Laces"},"image":{"@id":"https:\/\/www.loopkinglaces.com\/de\/#\/schema\/logo\/image\/"},"sameAs":["https:\/\/www.facebook.com\/LoopKingLaces\/","https:\/\/x.com\/loopkinglaces","https:\/\/www.instagram.com\/loopkinglaces\/"]}]}},"_links":{"self":[{"href":"https:\/\/www.loopkinglaces.com\/de\/wp-json\/wp\/v2\/product\/66976","targetHints":{"allow":["GET"]}}],"collection":[{"href":"https:\/\/www.loopkinglaces.com\/de\/wp-json\/wp\/v2\/product"}],"about":[{"href":"https:\/\/www.loopkinglaces.com\/de\/wp-json\/wp\/v2\/types\/product"}],"replies":[{"embeddable":true,"href":"https:\/\/www.loopkinglaces.com\/de\/wp-json\/wp\/v2\/comments?post=66976"}],"wp:featuredmedia":[{"embeddable":true,"href":"https:\/\/www.loopkinglaces.com\/de\/wp-json\/wp\/v2\/media\/59691"}],"wp:attachment":[{"href":"https:\/\/www.loopkinglaces.com\/de\/wp-json\/wp\/v2\/media?parent=66976"}],"wp:term":[{"taxonomy":"product_brand","embeddable":true,"href":"https:\/\/www.loopkinglaces.com\/de\/wp-json\/wp\/v2\/product_brand?post=66976"},{"taxonomy":"product_cat","embeddable":true,"href":"https:\/\/www.loopkinglaces.com\/de\/wp-json\/wp\/v2\/product_cat?post=66976"},{"taxonomy":"product_tag","embeddable":true,"href":"https:\/\/www.loopkinglaces.com\/de\/wp-json\/wp\/v2\/product_tag?post=66976"},{"taxonomy":"woo-feed-brand","embeddable":true,"href":"https:\/\/www.loopkinglaces.com\/de\/wp-json\/wp\/v2\/woo-feed-brand?post=66976"}],"curies":[{"name":"wp","href":"https:\/\/api.w.org\/{rel}","templated":true}]}}