{"id":66971,"date":"2023-12-11T18:50:24","date_gmt":"2023-12-11T18:50:24","guid":{"rendered":"https:\/\/www.loopkinglaces.com\/products\/hellblaue-flache-vintage-baumwollschnuersenkel-mit-klaren-spitzen\/"},"modified":"2024-11-14T23:49:00","modified_gmt":"2024-11-14T23:49:00","slug":"hellblaue-flache-vintage-baumwollschnuersenkel-mit-durchsichtigen-spitzen","status":"publish","type":"product","link":"https:\/\/www.loopkinglaces.com\/de\/products\/hellblaue-flache-vintage-baumwollschnuersenkel-mit-durchsichtigen-spitzen\/","title":{"rendered":"Hellblaue flache Vintage-Baumwollschn\u00fcrsenkel mit durchsichtigen Spitzen"},"content":{"rendered":"<p>Entdecke die einzigartige Mischung aus nostalgischem Charme und moderner Widerstandsf\u00e4higkeit mit den flachen verblassten Vintage Baumwollschn\u00fcrsenkeln von Loop King.<br \/>\nDiese Schn\u00fcrsenkel, die dein Schuhwerk erg\u00e4nzen, haben einen einzigartigen Vintage verblassten-Effekt, der einen Hauch von Nostalgie in jeden Schuhstil bringt.<br \/>\nSie sind aus hochwertiger Baumwolle gefertigt und versprechen Komfort und Langlebigkeit.<br \/>\nDie durchsichtigen Spitzen verst\u00e4rken nicht nur den Vintage-Appeal der Schn\u00fcrsenkel, sondern bieten auch zus\u00e4tzlichen Schutz vor dem Ausfransen.<br \/>\nDiese Schn\u00fcrsenkel eignen sich f\u00fcr alle Schuhtypen, von l\u00e4ssigen Sneakern bis hin zu formellen Schuhen, und sind sowohl vielseitig als auch elegant.<br \/>\nVerbessere dein Schuhwerk mit diesen exquisiten Schn\u00fcrsenkeln, die ideal f\u00fcr alle sind, die eine Kombination aus klassischer Sch\u00f6nheit und moderner Robustheit lieben.<br \/>\nUnsere Schn\u00fcrsenkel passen f\u00fcr alle Arten von Sneakern und Marken wie Adidas, Nike, VANS und so weiter. In unserer <a href=\"\/shoelace-size-chart\/\">Gr\u00f6\u00dfentabelle<\/a> findest du die perfekte Gr\u00f6\u00dfe f\u00fcr deine Schuhe.<\/p>\n","protected":false},"excerpt":{"rendered":"<p><strong>Light Blue Vintage Faded Flat Cotton Shoelaces with Clear Tips<\/strong> Die Vintage verblassten Flat Cotton Shoelaces von Loop King bieten die perfekte Kombination aus Retro-Charme und moderner Haltbarkeit.<br \/>\nDiese Schn\u00fcrsenkel, die dein Schuhwerk aufwerten sollen, haben ein ausgepr\u00e4gtes, verblasstes Vintage-Aussehen, das jedem Schuhdesign einen Hauch von gestern verleiht.<br \/>\nSie sind aus hochwertiger Baumwolle gefertigt und garantieren Komfort und Langlebigkeit.<br \/>\nDie durchsichtigen Spitzen verst\u00e4rken nicht nur den Retro-Appeal der Schn\u00fcrsenkel, sondern sorgen auch f\u00fcr zus\u00e4tzliche Strapazierf\u00e4higkeit Siehe Merkmale unten:<\/p>\n<ul>\n<li>Handgef\u00e4rbt mit pers\u00f6nlicher Note (keine zwei Schn\u00fcrsenkel sind genau gleich)<\/li>\n<li>Hochwertige Materialien<\/li>\n<li>Halten <strong>3 Mal l\u00e4nger<\/strong> als normale Schn\u00fcrsenkel<\/li>\n<li>Hochwertige klare Kunststoffspitzen<\/li>\n<li>Polyester Baumwolle<\/li>\n<li>Sch\u00f6ne Loop King Verpackung<\/li>\n<\/ul>\n","protected":false},"featured_media":59064,"comment_status":"open","ping_status":"closed","template":"","meta":{"_acf_changed":false},"product_brand":[],"product_cat":[613,590,619,628,755,754,829,770],"product_tag":[739,635,638,736,738,734,636],"woo-feed-brand":[],"class_list":{"0":"post-66971","1":"product","2":"type-product","3":"status-publish","4":"has-post-thumbnail","6":"product_cat-30-inch-laces-all-modern-and-high-quality-laces","7":"product_cat-all-shoelaces","8":"product_cat-choose-from-our-high-class-colored-shoelaces-collection","9":"product_cat-elite-dallas-cowboys-shoe-laces-to-support-your-favorite-team-with-style","10":"product_cat-entdecke-den-charme-von-loop-kings-vintage-faded-flat-cotton-shoelaces-mit-klaren-spitzen","11":"product_cat-tie-dye-schnursenkel-ein-flippiger-spin-auf-klassischem-schuhwerk","12":"product_cat-top-tier-trophaenraum-jordan-1-blaue-schnursenkel-die-umwerfend-aussehen","13":"product_cat-veja-schnursenkel-wenn-schuhe-das-reden-ubernehmen","14":"product_tag-grau","15":"product_tag-loop-king-de","16":"product_tag-metal-tip-de","17":"product_tag-schnursenkel-aus-seil","18":"product_tag-schnursenkel-mit-goldspitze","19":"product_tag-schwarz","20":"product_tag-shoelaces-de","22":"first","23":"instock","24":"taxable","25":"shipping-taxable","26":"product-type-variable"},"acf":[],"yoast_head":"<!-- This site is optimized with the Yoast SEO plugin v27.4 - https:\/\/yoast.com\/product\/yoast-seo-wordpress\/ -->\n<title>Hellblaue, verblichene, flache Baumwollschn\u00fcrsenkel mit durchsichtigen Spitzen - Loop King<\/title>\n<meta name=\"description\" content=\"Belebe dein Schuhwerk mit einem Hauch von Nostalgie mit unseren verblassten hellblauen Schn\u00fcrsenkeln. Sie sind die ideale Wahl f\u00fcr einen Look, der sowohl Vintage als auch trendy ist.\" \/>\n<meta name=\"robots\" content=\"index, follow, max-snippet:-1, max-image-preview:large, max-video-preview:-1\" \/>\n<link rel=\"canonical\" href=\"https:\/\/www.loopkinglaces.com\/de\/products\/hellblaue-flache-vintage-baumwollschnuersenkel-mit-durchsichtigen-spitzen\/\" \/>\n<meta property=\"og:locale\" content=\"de_DE\" \/>\n<meta property=\"og:type\" content=\"article\" \/>\n<meta property=\"og:title\" content=\"Hellblaue, verblichene, flache Baumwollschn\u00fcrsenkel mit durchsichtigen Spitzen - Loop King\" \/>\n<meta property=\"og:description\" content=\"Belebe dein Schuhwerk mit einem Hauch von Nostalgie mit unseren verblassten hellblauen Schn\u00fcrsenkeln. Sie sind die ideale Wahl f\u00fcr einen Look, der sowohl Vintage als auch trendy ist.\" \/>\n<meta property=\"og:url\" content=\"https:\/\/www.loopkinglaces.com\/de\/products\/hellblaue-flache-vintage-baumwollschnuersenkel-mit-durchsichtigen-spitzen\/\" \/>\n<meta property=\"og:site_name\" content=\"Luxury Gold Tip Shoelaces by Loop King Laces\" \/>\n<meta property=\"article:publisher\" content=\"https:\/\/www.facebook.com\/LoopKingLaces\/\" \/>\n<meta property=\"article:modified_time\" content=\"2024-11-14T23:49:00+00:00\" \/>\n<meta property=\"og:image\" content=\"https:\/\/www.loopkinglaces.com\/wp-content\/uploads\/Light-Blue-Vintage-scaled.jpg\" \/>\n\t<meta property=\"og:image:width\" content=\"2560\" \/>\n\t<meta property=\"og:image:height\" content=\"2560\" \/>\n\t<meta property=\"og:image:type\" content=\"image\/jpeg\" \/>\n<meta name=\"twitter:card\" content=\"summary_large_image\" \/>\n<meta name=\"twitter:site\" content=\"@loopkinglaces\" \/>\n<meta name=\"twitter:label1\" content=\"Gesch\u00e4tzte Lesezeit\" \/>\n\t<meta name=\"twitter:data1\" content=\"1\u00a0Minute\" \/>\n<script type=\"application\/ld+json\" class=\"yoast-schema-graph\">{\"@context\":\"https:\\\/\\\/schema.org\",\"@graph\":[{\"@type\":[\"WebPage\",\"ItemPage\"],\"@id\":\"https:\\\/\\\/www.loopkinglaces.com\\\/de\\\/products\\\/hellblaue-flache-vintage-baumwollschnuersenkel-mit-durchsichtigen-spitzen\\\/\",\"url\":\"https:\\\/\\\/www.loopkinglaces.com\\\/de\\\/products\\\/hellblaue-flache-vintage-baumwollschnuersenkel-mit-durchsichtigen-spitzen\\\/\",\"name\":\"Hellblaue, verblichene, flache Baumwollschn\u00fcrsenkel mit durchsichtigen Spitzen - Loop King\",\"isPartOf\":{\"@id\":\"https:\\\/\\\/www.loopkinglaces.com\\\/de\\\/#website\"},\"primaryImageOfPage\":{\"@id\":\"https:\\\/\\\/www.loopkinglaces.com\\\/de\\\/products\\\/hellblaue-flache-vintage-baumwollschnuersenkel-mit-durchsichtigen-spitzen\\\/#primaryimage\"},\"image\":{\"@id\":\"https:\\\/\\\/www.loopkinglaces.com\\\/de\\\/products\\\/hellblaue-flache-vintage-baumwollschnuersenkel-mit-durchsichtigen-spitzen\\\/#primaryimage\"},\"thumbnailUrl\":\"https:\\\/\\\/www.loopkinglaces.com\\\/wp-content\\\/uploads\\\/Light-Blue-Vintage-scaled.jpg\",\"datePublished\":\"2023-12-11T18:50:24+00:00\",\"dateModified\":\"2024-11-14T23:49:00+00:00\",\"description\":\"Belebe dein Schuhwerk mit einem Hauch von Nostalgie mit unseren verblassten hellblauen Schn\u00fcrsenkeln. Sie sind die ideale Wahl f\u00fcr einen Look, der sowohl Vintage als auch trendy ist.\",\"breadcrumb\":{\"@id\":\"https:\\\/\\\/www.loopkinglaces.com\\\/de\\\/products\\\/hellblaue-flache-vintage-baumwollschnuersenkel-mit-durchsichtigen-spitzen\\\/#breadcrumb\"},\"inLanguage\":\"de\",\"potentialAction\":[{\"@type\":\"ReadAction\",\"target\":[\"https:\\\/\\\/www.loopkinglaces.com\\\/de\\\/products\\\/hellblaue-flache-vintage-baumwollschnuersenkel-mit-durchsichtigen-spitzen\\\/\"]}]},{\"@type\":\"ImageObject\",\"inLanguage\":\"de\",\"@id\":\"https:\\\/\\\/www.loopkinglaces.com\\\/de\\\/products\\\/hellblaue-flache-vintage-baumwollschnuersenkel-mit-durchsichtigen-spitzen\\\/#primaryimage\",\"url\":\"https:\\\/\\\/www.loopkinglaces.com\\\/wp-content\\\/uploads\\\/Light-Blue-Vintage-scaled.jpg\",\"contentUrl\":\"https:\\\/\\\/www.loopkinglaces.com\\\/wp-content\\\/uploads\\\/Light-Blue-Vintage-scaled.jpg\",\"width\":2560,\"height\":2560},{\"@type\":\"BreadcrumbList\",\"@id\":\"https:\\\/\\\/www.loopkinglaces.com\\\/de\\\/products\\\/hellblaue-flache-vintage-baumwollschnuersenkel-mit-durchsichtigen-spitzen\\\/#breadcrumb\",\"itemListElement\":[{\"@type\":\"ListItem\",\"position\":1,\"name\":\"Home\",\"item\":\"https:\\\/\\\/www.loopkinglaces.com\\\/de\\\/\"},{\"@type\":\"ListItem\",\"position\":2,\"name\":\"Shop\",\"item\":\"https:\\\/\\\/www.loopkinglaces.com\\\/de\\\/shop\\\/\"},{\"@type\":\"ListItem\",\"position\":3,\"name\":\"Hellblaue flache Vintage-Baumwollschn\u00fcrsenkel mit durchsichtigen Spitzen\"}]},{\"@type\":\"WebSite\",\"@id\":\"https:\\\/\\\/www.loopkinglaces.com\\\/de\\\/#website\",\"url\":\"https:\\\/\\\/www.loopkinglaces.com\\\/de\\\/\",\"name\":\"Luxury Gold Tip Shoelaces by Loop King Laces\",\"description\":\"Rope Laces, Flat Waxed Laces and Leather Laces. All With Gold Tips.\",\"publisher\":{\"@id\":\"https:\\\/\\\/www.loopkinglaces.com\\\/de\\\/#organization\"},\"potentialAction\":[{\"@type\":\"SearchAction\",\"target\":{\"@type\":\"EntryPoint\",\"urlTemplate\":\"https:\\\/\\\/www.loopkinglaces.com\\\/de\\\/?s={search_term_string}\"},\"query-input\":{\"@type\":\"PropertyValueSpecification\",\"valueRequired\":true,\"valueName\":\"search_term_string\"}}],\"inLanguage\":\"de\"},{\"@type\":\"Organization\",\"@id\":\"https:\\\/\\\/www.loopkinglaces.com\\\/de\\\/#organization\",\"name\":\"Loop King Laces\",\"url\":\"https:\\\/\\\/www.loopkinglaces.com\\\/de\\\/\",\"logo\":{\"@type\":\"ImageObject\",\"inLanguage\":\"de\",\"@id\":\"https:\\\/\\\/www.loopkinglaces.com\\\/de\\\/#\\\/schema\\\/logo\\\/image\\\/\",\"url\":\"https:\\\/\\\/www.loopkinglaces.com\\\/wp-content\\\/uploads\\\/LOOP-KING-LACES.1.1-01-LOGO-HI-RES-OFFICIAL-1.png\",\"contentUrl\":\"https:\\\/\\\/www.loopkinglaces.com\\\/wp-content\\\/uploads\\\/LOOP-KING-LACES.1.1-01-LOGO-HI-RES-OFFICIAL-1.png\",\"width\":128,\"height\":91,\"caption\":\"Loop King Laces\"},\"image\":{\"@id\":\"https:\\\/\\\/www.loopkinglaces.com\\\/de\\\/#\\\/schema\\\/logo\\\/image\\\/\"},\"sameAs\":[\"https:\\\/\\\/www.facebook.com\\\/LoopKingLaces\\\/\",\"https:\\\/\\\/x.com\\\/loopkinglaces\",\"https:\\\/\\\/www.instagram.com\\\/loopkinglaces\\\/\"]}]}<\/script>\n<!-- \/ Yoast SEO plugin. -->","yoast_head_json":{"title":"Hellblaue, verblichene, flache Baumwollschn\u00fcrsenkel mit durchsichtigen Spitzen - Loop King","description":"Belebe dein Schuhwerk mit einem Hauch von Nostalgie mit unseren verblassten hellblauen Schn\u00fcrsenkeln. Sie sind die ideale Wahl f\u00fcr einen Look, der sowohl Vintage als auch trendy ist.","robots":{"index":"index","follow":"follow","max-snippet":"max-snippet:-1","max-image-preview":"max-image-preview:large","max-video-preview":"max-video-preview:-1"},"canonical":"https:\/\/www.loopkinglaces.com\/de\/products\/hellblaue-flache-vintage-baumwollschnuersenkel-mit-durchsichtigen-spitzen\/","og_locale":"de_DE","og_type":"article","og_title":"Hellblaue, verblichene, flache Baumwollschn\u00fcrsenkel mit durchsichtigen Spitzen - Loop King","og_description":"Belebe dein Schuhwerk mit einem Hauch von Nostalgie mit unseren verblassten hellblauen Schn\u00fcrsenkeln. Sie sind die ideale Wahl f\u00fcr einen Look, der sowohl Vintage als auch trendy ist.","og_url":"https:\/\/www.loopkinglaces.com\/de\/products\/hellblaue-flache-vintage-baumwollschnuersenkel-mit-durchsichtigen-spitzen\/","og_site_name":"Luxury Gold Tip Shoelaces by Loop King Laces","article_publisher":"https:\/\/www.facebook.com\/LoopKingLaces\/","article_modified_time":"2024-11-14T23:49:00+00:00","og_image":[{"width":2560,"height":2560,"url":"https:\/\/www.loopkinglaces.com\/wp-content\/uploads\/Light-Blue-Vintage-scaled.jpg","type":"image\/jpeg"}],"twitter_card":"summary_large_image","twitter_site":"@loopkinglaces","twitter_misc":{"Gesch\u00e4tzte Lesezeit":"1\u00a0Minute"},"schema":{"@context":"https:\/\/schema.org","@graph":[{"@type":["WebPage","ItemPage"],"@id":"https:\/\/www.loopkinglaces.com\/de\/products\/hellblaue-flache-vintage-baumwollschnuersenkel-mit-durchsichtigen-spitzen\/","url":"https:\/\/www.loopkinglaces.com\/de\/products\/hellblaue-flache-vintage-baumwollschnuersenkel-mit-durchsichtigen-spitzen\/","name":"Hellblaue, verblichene, flache Baumwollschn\u00fcrsenkel mit durchsichtigen Spitzen - Loop King","isPartOf":{"@id":"https:\/\/www.loopkinglaces.com\/de\/#website"},"primaryImageOfPage":{"@id":"https:\/\/www.loopkinglaces.com\/de\/products\/hellblaue-flache-vintage-baumwollschnuersenkel-mit-durchsichtigen-spitzen\/#primaryimage"},"image":{"@id":"https:\/\/www.loopkinglaces.com\/de\/products\/hellblaue-flache-vintage-baumwollschnuersenkel-mit-durchsichtigen-spitzen\/#primaryimage"},"thumbnailUrl":"https:\/\/www.loopkinglaces.com\/wp-content\/uploads\/Light-Blue-Vintage-scaled.jpg","datePublished":"2023-12-11T18:50:24+00:00","dateModified":"2024-11-14T23:49:00+00:00","description":"Belebe dein Schuhwerk mit einem Hauch von Nostalgie mit unseren verblassten hellblauen Schn\u00fcrsenkeln. Sie sind die ideale Wahl f\u00fcr einen Look, der sowohl Vintage als auch trendy ist.","breadcrumb":{"@id":"https:\/\/www.loopkinglaces.com\/de\/products\/hellblaue-flache-vintage-baumwollschnuersenkel-mit-durchsichtigen-spitzen\/#breadcrumb"},"inLanguage":"de","potentialAction":[{"@type":"ReadAction","target":["https:\/\/www.loopkinglaces.com\/de\/products\/hellblaue-flache-vintage-baumwollschnuersenkel-mit-durchsichtigen-spitzen\/"]}]},{"@type":"ImageObject","inLanguage":"de","@id":"https:\/\/www.loopkinglaces.com\/de\/products\/hellblaue-flache-vintage-baumwollschnuersenkel-mit-durchsichtigen-spitzen\/#primaryimage","url":"https:\/\/www.loopkinglaces.com\/wp-content\/uploads\/Light-Blue-Vintage-scaled.jpg","contentUrl":"https:\/\/www.loopkinglaces.com\/wp-content\/uploads\/Light-Blue-Vintage-scaled.jpg","width":2560,"height":2560},{"@type":"BreadcrumbList","@id":"https:\/\/www.loopkinglaces.com\/de\/products\/hellblaue-flache-vintage-baumwollschnuersenkel-mit-durchsichtigen-spitzen\/#breadcrumb","itemListElement":[{"@type":"ListItem","position":1,"name":"Home","item":"https:\/\/www.loopkinglaces.com\/de\/"},{"@type":"ListItem","position":2,"name":"Shop","item":"https:\/\/www.loopkinglaces.com\/de\/shop\/"},{"@type":"ListItem","position":3,"name":"Hellblaue flache Vintage-Baumwollschn\u00fcrsenkel mit durchsichtigen Spitzen"}]},{"@type":"WebSite","@id":"https:\/\/www.loopkinglaces.com\/de\/#website","url":"https:\/\/www.loopkinglaces.com\/de\/","name":"Luxury Gold Tip Shoelaces by Loop King Laces","description":"Rope Laces, Flat Waxed Laces and Leather Laces. All With Gold Tips.","publisher":{"@id":"https:\/\/www.loopkinglaces.com\/de\/#organization"},"potentialAction":[{"@type":"SearchAction","target":{"@type":"EntryPoint","urlTemplate":"https:\/\/www.loopkinglaces.com\/de\/?s={search_term_string}"},"query-input":{"@type":"PropertyValueSpecification","valueRequired":true,"valueName":"search_term_string"}}],"inLanguage":"de"},{"@type":"Organization","@id":"https:\/\/www.loopkinglaces.com\/de\/#organization","name":"Loop King Laces","url":"https:\/\/www.loopkinglaces.com\/de\/","logo":{"@type":"ImageObject","inLanguage":"de","@id":"https:\/\/www.loopkinglaces.com\/de\/#\/schema\/logo\/image\/","url":"https:\/\/www.loopkinglaces.com\/wp-content\/uploads\/LOOP-KING-LACES.1.1-01-LOGO-HI-RES-OFFICIAL-1.png","contentUrl":"https:\/\/www.loopkinglaces.com\/wp-content\/uploads\/LOOP-KING-LACES.1.1-01-LOGO-HI-RES-OFFICIAL-1.png","width":128,"height":91,"caption":"Loop King Laces"},"image":{"@id":"https:\/\/www.loopkinglaces.com\/de\/#\/schema\/logo\/image\/"},"sameAs":["https:\/\/www.facebook.com\/LoopKingLaces\/","https:\/\/x.com\/loopkinglaces","https:\/\/www.instagram.com\/loopkinglaces\/"]}]}},"_links":{"self":[{"href":"https:\/\/www.loopkinglaces.com\/de\/wp-json\/wp\/v2\/product\/66971","targetHints":{"allow":["GET"]}}],"collection":[{"href":"https:\/\/www.loopkinglaces.com\/de\/wp-json\/wp\/v2\/product"}],"about":[{"href":"https:\/\/www.loopkinglaces.com\/de\/wp-json\/wp\/v2\/types\/product"}],"replies":[{"embeddable":true,"href":"https:\/\/www.loopkinglaces.com\/de\/wp-json\/wp\/v2\/comments?post=66971"}],"wp:featuredmedia":[{"embeddable":true,"href":"https:\/\/www.loopkinglaces.com\/de\/wp-json\/wp\/v2\/media\/59064"}],"wp:attachment":[{"href":"https:\/\/www.loopkinglaces.com\/de\/wp-json\/wp\/v2\/media?parent=66971"}],"wp:term":[{"taxonomy":"product_brand","embeddable":true,"href":"https:\/\/www.loopkinglaces.com\/de\/wp-json\/wp\/v2\/product_brand?post=66971"},{"taxonomy":"product_cat","embeddable":true,"href":"https:\/\/www.loopkinglaces.com\/de\/wp-json\/wp\/v2\/product_cat?post=66971"},{"taxonomy":"product_tag","embeddable":true,"href":"https:\/\/www.loopkinglaces.com\/de\/wp-json\/wp\/v2\/product_tag?post=66971"},{"taxonomy":"woo-feed-brand","embeddable":true,"href":"https:\/\/www.loopkinglaces.com\/de\/wp-json\/wp\/v2\/woo-feed-brand?post=66971"}],"curies":[{"name":"wp","href":"https:\/\/api.w.org\/{rel}","templated":true}]}}