{"id":66970,"date":"2024-02-07T16:07:02","date_gmt":"2024-02-07T16:07:02","guid":{"rendered":"https:\/\/www.loopkinglaces.com\/products\/flexible-sohlenschuetzer-zur-verbesserung-zum-schutz-und-zur-verstaerkung-von-ausgefallenen-schuhen\/"},"modified":"2024-10-25T16:29:01","modified_gmt":"2024-10-25T16:29:01","slug":"flexible-sohlenschuetzer-zur-verbesserung-zum-schutz-und-zur-verstaerkung-von-ausgefallenen-schuhen","status":"publish","type":"product","link":"https:\/\/www.loopkinglaces.com\/de\/products\/flexible-sohlenschuetzer-zur-verbesserung-zum-schutz-und-zur-verstaerkung-von-ausgefallenen-schuhen\/","title":{"rendered":"Flexible Sohlensch\u00fctzer zur Verbesserung, zum Schutz und zur Verst\u00e4rkung von ausgefallenen Schuhen"},"content":{"rendered":"<p><i><span style=\"font-weight: 400;\">Hast du dir gerade ein schickes neues Paar Lederschuhe gekauft?<\/span><\/i><\/p>\n<p><span style=\"font-weight: 400;\">Dann musst du alles daf\u00fcr tun, dass sie wie neu aussehen.<br \/>\nIm Besonderen, <\/span><b>die Sohlen deiner Schuhe m\u00fcssen vor Abnutzung gesch\u00fctzt werden<\/b><span style=\"font-weight: 400;\">. <\/span><\/p>\n<p><span style=\"font-weight: 400;\">Betrachte deine Schuhe als eine Investition, \u00e4hnlich wie ein Auto oder ein Haus.<br \/>\nNun, sobald du sie mit nach Hause nimmst, <\/span><b>beginnt der Wert zu sinken<\/b><span style=\"font-weight: 400;\">. <\/span><span style=\"font-weight: 400;\">Der beste Weg, den Wert deines Schuhs zu erhalten, ist die Verwendung von Sohlensch\u00fctzern. <\/span><span style=\"font-weight: 400;\">Sie sorgen au\u00dferdem daf\u00fcr, dass deine Schuhe viel l\u00e4nger halten. Das hei\u00dft, du kannst sie lange tragen, ohne dir Sorgen machen zu m\u00fcssen, dass sie neu besohlt werden. <\/span><\/p>\n","protected":false},"excerpt":{"rendered":"<p><span style=\"font-weight: 400;\">Unsere Sohlensch\u00fctzer bestehen aus hochwertigen Materialien und einem hochmodernen Design, damit jeder Quadratzentimeter deiner Sohle gesch\u00fctzt bleibt. <\/span><\/p>\n<p><span style=\"font-weight: 400;\">Noch besser ist, dass sie den Oxidationsprozess verhindern, der dazu f\u00fchrt, dass deine Sohlen eine h\u00e4ssliche gelbe F\u00e4rbung annehmen.<br \/>\nUnsere Sohlensch\u00fctzer bedecken die gesamte Sohle und sorgen daf\u00fcr, dass keine Oxidation auftritt. <\/span><\/p>\n<p><span style=\"font-weight: 400;\">Au\u00dferdem haben sie ein glattes und raffiniertes Aussehen, sodass du dir keine Sorgen machen musst, dass jemand einen Blick auf deine Sohlensch\u00fctzer wirft, wie es bei anderen Marken der Fall ist. <\/span><span style=\"font-weight: 400;\">Dar\u00fcber hinaus tragen unsere Sohlensch\u00fctzer dazu bei, dass<\/span><b> Fersenabdr\u00fccke der Vergangenheit angeh\u00f6ren<\/b><span style=\"font-weight: 400;\">. <\/span><span style=\"font-weight: 400;\">Deine Schuhe werden bei jedem Schritt stark beansprucht, vor allem die Ferse, deshalb ist die Verst\u00e4rkung deiner Sohlen so wichtig. <\/span><span style=\"font-weight: 400;\">Die vollst\u00e4ndige Liste der Merkmale findest du unten:<\/span><\/p>\n<ul>\n<li style=\"font-weight: 400;\" aria-level=\"1\"><span style=\"font-weight: 400;\">Hochwertige Materialien<\/span><\/li>\n<li style=\"font-weight: 400;\" aria-level=\"1\"><span style=\"font-weight: 400;\">Versiegelte &amp; atemberaubende Verpackung <\/span><\/li>\n<li style=\"font-weight: 400;\" aria-level=\"1\"><span style=\"font-weight: 400;\">Wird andere Marken \u00fcberdauern<\/span><\/li>\n<li style=\"font-weight: 400;\" aria-level=\"1\"><span style=\"font-weight: 400;\">Vollst\u00e4ndiger Schutz gegen Oxidation und Fersenreibung<\/span><\/li>\n<\/ul>\n","protected":false},"featured_media":59389,"comment_status":"open","ping_status":"closed","template":"","meta":{"_acf_changed":false},"product_brand":[],"product_cat":[590,592,723],"product_tag":[],"woo-feed-brand":[],"class_list":{"0":"post-66970","1":"product","2":"type-product","3":"status-publish","4":"has-post-thumbnail","6":"product_cat-all-shoelaces","7":"product_cat-schnursenkel-mit-goldspitze","8":"product_cat-uncategorized-de","10":"first","11":"instock","12":"taxable","13":"shipping-taxable","14":"purchasable","15":"product-type-simple"},"acf":[],"yoast_head":"<!-- This site is optimized with the Yoast SEO plugin v27.4 - https:\/\/yoast.com\/product\/yoast-seo-wordpress\/ -->\n<title>Strapazierf\u00e4hige Sohlenschoner verl\u00e4ngern die Lebensdauer deiner Schuhe<\/title>\n<meta name=\"description\" content=\"Du m\u00f6chtest, dass deine eleganten Schuhe immer makellos aussehen? Dann solltest du dir unsere erstklassigen Sohlensch\u00fctzer ansehen, um deine Schuhe vor den Elementen zu sch\u00fctzen.\" \/>\n<meta name=\"robots\" content=\"index, follow, max-snippet:-1, max-image-preview:large, max-video-preview:-1\" \/>\n<link rel=\"canonical\" href=\"https:\/\/www.loopkinglaces.com\/de\/products\/flexible-sohlenschuetzer-zur-verbesserung-zum-schutz-und-zur-verstaerkung-von-ausgefallenen-schuhen\/\" \/>\n<meta property=\"og:locale\" content=\"de_DE\" \/>\n<meta property=\"og:type\" content=\"article\" \/>\n<meta property=\"og:title\" content=\"Strapazierf\u00e4hige Sohlenschoner verl\u00e4ngern die Lebensdauer deiner Schuhe\" \/>\n<meta property=\"og:description\" content=\"Du m\u00f6chtest, dass deine eleganten Schuhe immer makellos aussehen? Dann solltest du dir unsere erstklassigen Sohlensch\u00fctzer ansehen, um deine Schuhe vor den Elementen zu sch\u00fctzen.\" \/>\n<meta property=\"og:url\" content=\"https:\/\/www.loopkinglaces.com\/de\/products\/flexible-sohlenschuetzer-zur-verbesserung-zum-schutz-und-zur-verstaerkung-von-ausgefallenen-schuhen\/\" \/>\n<meta property=\"og:site_name\" content=\"Luxury Gold Tip Shoelaces by Loop King Laces\" \/>\n<meta property=\"article:publisher\" content=\"https:\/\/www.facebook.com\/LoopKingLaces\/\" \/>\n<meta property=\"article:modified_time\" content=\"2024-10-25T16:29:01+00:00\" \/>\n<meta property=\"og:image\" content=\"https:\/\/www.loopkinglaces.com\/wp-content\/uploads\/LKL-Sole-Protector-Front.png\" \/>\n\t<meta property=\"og:image:width\" content=\"584\" \/>\n\t<meta property=\"og:image:height\" content=\"1575\" \/>\n\t<meta property=\"og:image:type\" content=\"image\/png\" \/>\n<meta name=\"twitter:card\" content=\"summary_large_image\" \/>\n<meta name=\"twitter:site\" content=\"@loopkinglaces\" \/>\n<meta name=\"twitter:label1\" content=\"Gesch\u00e4tzte Lesezeit\" \/>\n\t<meta name=\"twitter:data1\" content=\"1\u00a0Minute\" \/>\n<script type=\"application\/ld+json\" class=\"yoast-schema-graph\">{\"@context\":\"https:\\\/\\\/schema.org\",\"@graph\":[{\"@type\":[\"WebPage\",\"ItemPage\"],\"@id\":\"https:\\\/\\\/www.loopkinglaces.com\\\/de\\\/products\\\/flexible-sohlenschuetzer-zur-verbesserung-zum-schutz-und-zur-verstaerkung-von-ausgefallenen-schuhen\\\/\",\"url\":\"https:\\\/\\\/www.loopkinglaces.com\\\/de\\\/products\\\/flexible-sohlenschuetzer-zur-verbesserung-zum-schutz-und-zur-verstaerkung-von-ausgefallenen-schuhen\\\/\",\"name\":\"Strapazierf\u00e4hige Sohlenschoner verl\u00e4ngern die Lebensdauer deiner Schuhe\",\"isPartOf\":{\"@id\":\"https:\\\/\\\/www.loopkinglaces.com\\\/de\\\/#website\"},\"primaryImageOfPage\":{\"@id\":\"https:\\\/\\\/www.loopkinglaces.com\\\/de\\\/products\\\/flexible-sohlenschuetzer-zur-verbesserung-zum-schutz-und-zur-verstaerkung-von-ausgefallenen-schuhen\\\/#primaryimage\"},\"image\":{\"@id\":\"https:\\\/\\\/www.loopkinglaces.com\\\/de\\\/products\\\/flexible-sohlenschuetzer-zur-verbesserung-zum-schutz-und-zur-verstaerkung-von-ausgefallenen-schuhen\\\/#primaryimage\"},\"thumbnailUrl\":\"https:\\\/\\\/www.loopkinglaces.com\\\/wp-content\\\/uploads\\\/LKL-Sole-Protector-Front.png\",\"datePublished\":\"2024-02-07T16:07:02+00:00\",\"dateModified\":\"2024-10-25T16:29:01+00:00\",\"description\":\"Du m\u00f6chtest, dass deine eleganten Schuhe immer makellos aussehen? Dann solltest du dir unsere erstklassigen Sohlensch\u00fctzer ansehen, um deine Schuhe vor den Elementen zu sch\u00fctzen.\",\"breadcrumb\":{\"@id\":\"https:\\\/\\\/www.loopkinglaces.com\\\/de\\\/products\\\/flexible-sohlenschuetzer-zur-verbesserung-zum-schutz-und-zur-verstaerkung-von-ausgefallenen-schuhen\\\/#breadcrumb\"},\"inLanguage\":\"de\",\"potentialAction\":[{\"@type\":\"ReadAction\",\"target\":[\"https:\\\/\\\/www.loopkinglaces.com\\\/de\\\/products\\\/flexible-sohlenschuetzer-zur-verbesserung-zum-schutz-und-zur-verstaerkung-von-ausgefallenen-schuhen\\\/\"]}]},{\"@type\":\"ImageObject\",\"inLanguage\":\"de\",\"@id\":\"https:\\\/\\\/www.loopkinglaces.com\\\/de\\\/products\\\/flexible-sohlenschuetzer-zur-verbesserung-zum-schutz-und-zur-verstaerkung-von-ausgefallenen-schuhen\\\/#primaryimage\",\"url\":\"https:\\\/\\\/www.loopkinglaces.com\\\/wp-content\\\/uploads\\\/LKL-Sole-Protector-Front.png\",\"contentUrl\":\"https:\\\/\\\/www.loopkinglaces.com\\\/wp-content\\\/uploads\\\/LKL-Sole-Protector-Front.png\",\"width\":584,\"height\":1575},{\"@type\":\"BreadcrumbList\",\"@id\":\"https:\\\/\\\/www.loopkinglaces.com\\\/de\\\/products\\\/flexible-sohlenschuetzer-zur-verbesserung-zum-schutz-und-zur-verstaerkung-von-ausgefallenen-schuhen\\\/#breadcrumb\",\"itemListElement\":[{\"@type\":\"ListItem\",\"position\":1,\"name\":\"Home\",\"item\":\"https:\\\/\\\/www.loopkinglaces.com\\\/de\\\/\"},{\"@type\":\"ListItem\",\"position\":2,\"name\":\"Shop\",\"item\":\"https:\\\/\\\/www.loopkinglaces.com\\\/de\\\/shop\\\/\"},{\"@type\":\"ListItem\",\"position\":3,\"name\":\"Flexible Sohlensch\u00fctzer zur Verbesserung, zum Schutz und zur Verst\u00e4rkung von ausgefallenen Schuhen\"}]},{\"@type\":\"WebSite\",\"@id\":\"https:\\\/\\\/www.loopkinglaces.com\\\/de\\\/#website\",\"url\":\"https:\\\/\\\/www.loopkinglaces.com\\\/de\\\/\",\"name\":\"Luxury Gold Tip Shoelaces by Loop King Laces\",\"description\":\"Rope Laces, Flat Waxed Laces and Leather Laces. All With Gold Tips.\",\"publisher\":{\"@id\":\"https:\\\/\\\/www.loopkinglaces.com\\\/de\\\/#organization\"},\"potentialAction\":[{\"@type\":\"SearchAction\",\"target\":{\"@type\":\"EntryPoint\",\"urlTemplate\":\"https:\\\/\\\/www.loopkinglaces.com\\\/de\\\/?s={search_term_string}\"},\"query-input\":{\"@type\":\"PropertyValueSpecification\",\"valueRequired\":true,\"valueName\":\"search_term_string\"}}],\"inLanguage\":\"de\"},{\"@type\":\"Organization\",\"@id\":\"https:\\\/\\\/www.loopkinglaces.com\\\/de\\\/#organization\",\"name\":\"Loop King Laces\",\"url\":\"https:\\\/\\\/www.loopkinglaces.com\\\/de\\\/\",\"logo\":{\"@type\":\"ImageObject\",\"inLanguage\":\"de\",\"@id\":\"https:\\\/\\\/www.loopkinglaces.com\\\/de\\\/#\\\/schema\\\/logo\\\/image\\\/\",\"url\":\"https:\\\/\\\/www.loopkinglaces.com\\\/wp-content\\\/uploads\\\/LOOP-KING-LACES.1.1-01-LOGO-HI-RES-OFFICIAL-1.png\",\"contentUrl\":\"https:\\\/\\\/www.loopkinglaces.com\\\/wp-content\\\/uploads\\\/LOOP-KING-LACES.1.1-01-LOGO-HI-RES-OFFICIAL-1.png\",\"width\":128,\"height\":91,\"caption\":\"Loop King Laces\"},\"image\":{\"@id\":\"https:\\\/\\\/www.loopkinglaces.com\\\/de\\\/#\\\/schema\\\/logo\\\/image\\\/\"},\"sameAs\":[\"https:\\\/\\\/www.facebook.com\\\/LoopKingLaces\\\/\",\"https:\\\/\\\/x.com\\\/loopkinglaces\",\"https:\\\/\\\/www.instagram.com\\\/loopkinglaces\\\/\"]}]}<\/script>\n<!-- \/ Yoast SEO plugin. -->","yoast_head_json":{"title":"Strapazierf\u00e4hige Sohlenschoner verl\u00e4ngern die Lebensdauer deiner Schuhe","description":"Du m\u00f6chtest, dass deine eleganten Schuhe immer makellos aussehen? Dann solltest du dir unsere erstklassigen Sohlensch\u00fctzer ansehen, um deine Schuhe vor den Elementen zu sch\u00fctzen.","robots":{"index":"index","follow":"follow","max-snippet":"max-snippet:-1","max-image-preview":"max-image-preview:large","max-video-preview":"max-video-preview:-1"},"canonical":"https:\/\/www.loopkinglaces.com\/de\/products\/flexible-sohlenschuetzer-zur-verbesserung-zum-schutz-und-zur-verstaerkung-von-ausgefallenen-schuhen\/","og_locale":"de_DE","og_type":"article","og_title":"Strapazierf\u00e4hige Sohlenschoner verl\u00e4ngern die Lebensdauer deiner Schuhe","og_description":"Du m\u00f6chtest, dass deine eleganten Schuhe immer makellos aussehen? Dann solltest du dir unsere erstklassigen Sohlensch\u00fctzer ansehen, um deine Schuhe vor den Elementen zu sch\u00fctzen.","og_url":"https:\/\/www.loopkinglaces.com\/de\/products\/flexible-sohlenschuetzer-zur-verbesserung-zum-schutz-und-zur-verstaerkung-von-ausgefallenen-schuhen\/","og_site_name":"Luxury Gold Tip Shoelaces by Loop King Laces","article_publisher":"https:\/\/www.facebook.com\/LoopKingLaces\/","article_modified_time":"2024-10-25T16:29:01+00:00","og_image":[{"width":584,"height":1575,"url":"https:\/\/www.loopkinglaces.com\/wp-content\/uploads\/LKL-Sole-Protector-Front.png","type":"image\/png"}],"twitter_card":"summary_large_image","twitter_site":"@loopkinglaces","twitter_misc":{"Gesch\u00e4tzte Lesezeit":"1\u00a0Minute"},"schema":{"@context":"https:\/\/schema.org","@graph":[{"@type":["WebPage","ItemPage"],"@id":"https:\/\/www.loopkinglaces.com\/de\/products\/flexible-sohlenschuetzer-zur-verbesserung-zum-schutz-und-zur-verstaerkung-von-ausgefallenen-schuhen\/","url":"https:\/\/www.loopkinglaces.com\/de\/products\/flexible-sohlenschuetzer-zur-verbesserung-zum-schutz-und-zur-verstaerkung-von-ausgefallenen-schuhen\/","name":"Strapazierf\u00e4hige Sohlenschoner verl\u00e4ngern die Lebensdauer deiner Schuhe","isPartOf":{"@id":"https:\/\/www.loopkinglaces.com\/de\/#website"},"primaryImageOfPage":{"@id":"https:\/\/www.loopkinglaces.com\/de\/products\/flexible-sohlenschuetzer-zur-verbesserung-zum-schutz-und-zur-verstaerkung-von-ausgefallenen-schuhen\/#primaryimage"},"image":{"@id":"https:\/\/www.loopkinglaces.com\/de\/products\/flexible-sohlenschuetzer-zur-verbesserung-zum-schutz-und-zur-verstaerkung-von-ausgefallenen-schuhen\/#primaryimage"},"thumbnailUrl":"https:\/\/www.loopkinglaces.com\/wp-content\/uploads\/LKL-Sole-Protector-Front.png","datePublished":"2024-02-07T16:07:02+00:00","dateModified":"2024-10-25T16:29:01+00:00","description":"Du m\u00f6chtest, dass deine eleganten Schuhe immer makellos aussehen? Dann solltest du dir unsere erstklassigen Sohlensch\u00fctzer ansehen, um deine Schuhe vor den Elementen zu sch\u00fctzen.","breadcrumb":{"@id":"https:\/\/www.loopkinglaces.com\/de\/products\/flexible-sohlenschuetzer-zur-verbesserung-zum-schutz-und-zur-verstaerkung-von-ausgefallenen-schuhen\/#breadcrumb"},"inLanguage":"de","potentialAction":[{"@type":"ReadAction","target":["https:\/\/www.loopkinglaces.com\/de\/products\/flexible-sohlenschuetzer-zur-verbesserung-zum-schutz-und-zur-verstaerkung-von-ausgefallenen-schuhen\/"]}]},{"@type":"ImageObject","inLanguage":"de","@id":"https:\/\/www.loopkinglaces.com\/de\/products\/flexible-sohlenschuetzer-zur-verbesserung-zum-schutz-und-zur-verstaerkung-von-ausgefallenen-schuhen\/#primaryimage","url":"https:\/\/www.loopkinglaces.com\/wp-content\/uploads\/LKL-Sole-Protector-Front.png","contentUrl":"https:\/\/www.loopkinglaces.com\/wp-content\/uploads\/LKL-Sole-Protector-Front.png","width":584,"height":1575},{"@type":"BreadcrumbList","@id":"https:\/\/www.loopkinglaces.com\/de\/products\/flexible-sohlenschuetzer-zur-verbesserung-zum-schutz-und-zur-verstaerkung-von-ausgefallenen-schuhen\/#breadcrumb","itemListElement":[{"@type":"ListItem","position":1,"name":"Home","item":"https:\/\/www.loopkinglaces.com\/de\/"},{"@type":"ListItem","position":2,"name":"Shop","item":"https:\/\/www.loopkinglaces.com\/de\/shop\/"},{"@type":"ListItem","position":3,"name":"Flexible Sohlensch\u00fctzer zur Verbesserung, zum Schutz und zur Verst\u00e4rkung von ausgefallenen Schuhen"}]},{"@type":"WebSite","@id":"https:\/\/www.loopkinglaces.com\/de\/#website","url":"https:\/\/www.loopkinglaces.com\/de\/","name":"Luxury Gold Tip Shoelaces by Loop King Laces","description":"Rope Laces, Flat Waxed Laces and Leather Laces. All With Gold Tips.","publisher":{"@id":"https:\/\/www.loopkinglaces.com\/de\/#organization"},"potentialAction":[{"@type":"SearchAction","target":{"@type":"EntryPoint","urlTemplate":"https:\/\/www.loopkinglaces.com\/de\/?s={search_term_string}"},"query-input":{"@type":"PropertyValueSpecification","valueRequired":true,"valueName":"search_term_string"}}],"inLanguage":"de"},{"@type":"Organization","@id":"https:\/\/www.loopkinglaces.com\/de\/#organization","name":"Loop King Laces","url":"https:\/\/www.loopkinglaces.com\/de\/","logo":{"@type":"ImageObject","inLanguage":"de","@id":"https:\/\/www.loopkinglaces.com\/de\/#\/schema\/logo\/image\/","url":"https:\/\/www.loopkinglaces.com\/wp-content\/uploads\/LOOP-KING-LACES.1.1-01-LOGO-HI-RES-OFFICIAL-1.png","contentUrl":"https:\/\/www.loopkinglaces.com\/wp-content\/uploads\/LOOP-KING-LACES.1.1-01-LOGO-HI-RES-OFFICIAL-1.png","width":128,"height":91,"caption":"Loop King Laces"},"image":{"@id":"https:\/\/www.loopkinglaces.com\/de\/#\/schema\/logo\/image\/"},"sameAs":["https:\/\/www.facebook.com\/LoopKingLaces\/","https:\/\/x.com\/loopkinglaces","https:\/\/www.instagram.com\/loopkinglaces\/"]}]}},"_links":{"self":[{"href":"https:\/\/www.loopkinglaces.com\/de\/wp-json\/wp\/v2\/product\/66970","targetHints":{"allow":["GET"]}}],"collection":[{"href":"https:\/\/www.loopkinglaces.com\/de\/wp-json\/wp\/v2\/product"}],"about":[{"href":"https:\/\/www.loopkinglaces.com\/de\/wp-json\/wp\/v2\/types\/product"}],"replies":[{"embeddable":true,"href":"https:\/\/www.loopkinglaces.com\/de\/wp-json\/wp\/v2\/comments?post=66970"}],"wp:featuredmedia":[{"embeddable":true,"href":"https:\/\/www.loopkinglaces.com\/de\/wp-json\/wp\/v2\/media\/59389"}],"wp:attachment":[{"href":"https:\/\/www.loopkinglaces.com\/de\/wp-json\/wp\/v2\/media?parent=66970"}],"wp:term":[{"taxonomy":"product_brand","embeddable":true,"href":"https:\/\/www.loopkinglaces.com\/de\/wp-json\/wp\/v2\/product_brand?post=66970"},{"taxonomy":"product_cat","embeddable":true,"href":"https:\/\/www.loopkinglaces.com\/de\/wp-json\/wp\/v2\/product_cat?post=66970"},{"taxonomy":"product_tag","embeddable":true,"href":"https:\/\/www.loopkinglaces.com\/de\/wp-json\/wp\/v2\/product_tag?post=66970"},{"taxonomy":"woo-feed-brand","embeddable":true,"href":"https:\/\/www.loopkinglaces.com\/de\/wp-json\/wp\/v2\/woo-feed-brand?post=66970"}],"curies":[{"name":"wp","href":"https:\/\/api.w.org\/{rel}","templated":true}]}}