{"id":66960,"date":"2023-12-11T18:43:31","date_gmt":"2023-12-11T18:43:31","guid":{"rendered":"https:\/\/www.loopkinglaces.com\/products\/koenigsblaue-flache-baumwollschnuersenkel-mit-durchsichtigen-spitzen-vintage-faded\/"},"modified":"2024-10-30T20:55:12","modified_gmt":"2024-10-30T20:55:12","slug":"koenigsblaue-flache-baumwollschnuersenkel-mit-durchsichtigen-spitzen-vintage-faded","status":"publish","type":"product","link":"https:\/\/www.loopkinglaces.com\/de\/products\/koenigsblaue-flache-baumwollschnuersenkel-mit-durchsichtigen-spitzen-vintage-faded\/","title":{"rendered":"K\u00f6nigsblaue flache Baumwollschn\u00fcrsenkel mit durchsichtigen Spitzen (Vintage Faded)"},"content":{"rendered":"<p>Die Vintage Faded Flat Cotton Shoelaces von Loop King vereinen historischen Charme mit moderner Widerstandsf\u00e4higkeit.<br \/>\nDiese Schn\u00fcrsenkel, die auf dein Schuhwerk zugeschnitten sind, haben einen unverwechselbaren, verblassten Vintage-Stil, der jedem Schuhtyp einen Hauch von Retro verleiht.<br \/>\nSie sind aus hochwertiger Baumwolle gefertigt und bieten sowohl Komfort als auch eine lange Lebensdauer.<br \/>\nDie durchsichtigen Spitzen verleihen den Schn\u00fcrsenkeln nicht nur ein altes Aussehen, sondern machen sie auch besonders strapazierf\u00e4hig.<br \/>\nSie eignen sich f\u00fcr alle Arten von Schuhen, von l\u00e4ssigen Sneakern bis hin zu formellen Schuhen, und sorgen f\u00fcr Vielseitigkeit und Eleganz.<br \/>\nMit diesen au\u00dfergew\u00f6hnlichen Schn\u00fcrsenkeln kannst du deine Schuhmode aufwerten. Sie sind perfekt f\u00fcr alle, die eine Mischung aus zeitloser \u00c4sthetik und moderner Haltbarkeit sch\u00e4tzen.<br \/>\nUnsere Schn\u00fcrsenkel passen f\u00fcr alle Arten von Turnschuhen und Marken wie Adidas, Nike, VANS und so weiter. In unserer <a href=\"\/shoelace-size-chart\/\">Gr\u00f6\u00dfentabelle<\/a> findest du die perfekte Gr\u00f6\u00dfe f\u00fcr deine Schuhe.<\/p>\n","protected":false},"excerpt":{"rendered":"<p><strong>Royal Blue Vintage Faded Flat Cotton Shoelaces with Clear Tips<\/strong> Die Vintage verblassten flachen Baumwollschn\u00fcrsenkel von Loop King sind die perfekte Mischung aus Vintage-Appeal und moderner Robustheit.<br \/>\nDiese Schn\u00fcrsenkel, die dein Schuhwerk aufwerten, haben einen unverwechselbaren verblassten Look, der an eine vergangene \u00c4ra erinnert.<br \/>\nSie sind aus hochwertiger Baumwolle gefertigt und garantieren sowohl Komfort als auch lange Haltbarkeit.<br \/>\nDie transparenten Spitzen verleihen den Schn\u00fcrsenkeln nicht nur einen gewissen Retro-Charme, sondern sorgen auch f\u00fcr eine l\u00e4ngere Lebensdauer, damit sie nicht ausfransen.<br \/>\nDiese Schn\u00fcrsenkel eignen sich f\u00fcr eine Vielzahl von Schuhen, von Freizeitschuhen bis hin zu formellen Schuhen, und bieten sowohl Anpassungsf\u00e4higkeit als auch Raffinesse.<br \/>\nSie sind die ideale Wahl f\u00fcr alle, die die Harmonie von klassischem Design und moderner Qualit\u00e4t zu sch\u00e4tzen wissen.<br \/>\nSiehe Merkmale unten:<\/p>\n<ul>\n<li>Handgef\u00e4rbt mit pers\u00f6nlicher Note (keine zwei Schn\u00fcrsenkel sind genau gleich)<\/li>\n<li>Hochwertige Materialien<\/li>\n<li>Halten <strong>3 Mal l\u00e4nger<\/strong> als normale Schn\u00fcrsenkel<\/li>\n<li>Hochwertige klare Kunststoffspitzen<\/li>\n<li>Polyester Baumwolle<\/li>\n<li>Sch\u00f6ne Loop King Verpackung<\/li>\n<\/ul>\n","protected":false},"featured_media":59062,"comment_status":"open","ping_status":"closed","template":"","meta":{"_acf_changed":false},"product_brand":[],"product_cat":[590,631,755,1837,771,806,630,754,829],"product_tag":[739,635,638,736,738,734,636],"woo-feed-brand":[],"class_list":{"0":"post-66960","1":"product","2":"type-product","3":"status-publish","4":"has-post-thumbnail","6":"product_cat-all-shoelaces","7":"product_cat-brooks-shoelaces-a-subtle-touch-to-elevate-your-foot-game","8":"product_cat-entdecke-den-charme-von-loop-kings-vintage-faded-flat-cotton-shoelaces-mit-klaren-spitzen","9":"product_cat-fun-shoelaces-de","10":"product_cat-on-cloud-shoe-strings-eine-spitze-nach-der-anderen-fur-bessere-schuhe","11":"product_cat-sperry-schnursenkel-kleine-details-fur-unterschiedliche-ergebnisse","12":"product_cat-superb-jordan-laces-to-refresh-your-kicks-in-many-colors","13":"product_cat-tie-dye-schnursenkel-ein-flippiger-spin-auf-klassischem-schuhwerk","14":"product_cat-top-tier-trophaenraum-jordan-1-blaue-schnursenkel-die-umwerfend-aussehen","15":"product_tag-grau","16":"product_tag-loop-king-de","17":"product_tag-metal-tip-de","18":"product_tag-schnursenkel-aus-seil","19":"product_tag-schnursenkel-mit-goldspitze","20":"product_tag-schwarz","21":"product_tag-shoelaces-de","23":"first","24":"instock","25":"taxable","26":"shipping-taxable","27":"product-type-variable"},"acf":[],"yoast_head":"<!-- This site is optimized with the Yoast SEO plugin v27.4 - https:\/\/yoast.com\/product\/yoast-seo-wordpress\/ -->\n<title>K\u00f6nigsblaue, verblichene flache Baumwollschn\u00fcrsenkel mit klaren Spitzen - Loop King<\/title>\n<meta name=\"description\" content=\"Verleihe deinen Schuhen einen Retro-Chic mit unseren k\u00f6nigsblauen verblassten Vintage Schn\u00fcrsenkel. Ideal f\u00fcr alle, die eine Mischung aus traditionellem und modernem Stil lieben.\" \/>\n<meta name=\"robots\" content=\"index, follow, max-snippet:-1, max-image-preview:large, max-video-preview:-1\" \/>\n<link rel=\"canonical\" href=\"https:\/\/www.loopkinglaces.com\/de\/products\/koenigsblaue-flache-baumwollschnuersenkel-mit-durchsichtigen-spitzen-vintage-faded\/\" \/>\n<meta property=\"og:locale\" content=\"de_DE\" \/>\n<meta property=\"og:type\" content=\"article\" \/>\n<meta property=\"og:title\" content=\"K\u00f6nigsblaue, verblichene flache Baumwollschn\u00fcrsenkel mit klaren Spitzen - Loop King\" \/>\n<meta property=\"og:description\" content=\"Verleihe deinen Schuhen einen Retro-Chic mit unseren k\u00f6nigsblauen verblassten Vintage Schn\u00fcrsenkel. Ideal f\u00fcr alle, die eine Mischung aus traditionellem und modernem Stil lieben.\" \/>\n<meta property=\"og:url\" content=\"https:\/\/www.loopkinglaces.com\/de\/products\/koenigsblaue-flache-baumwollschnuersenkel-mit-durchsichtigen-spitzen-vintage-faded\/\" \/>\n<meta property=\"og:site_name\" content=\"Luxury Gold Tip Shoelaces by Loop King Laces\" \/>\n<meta property=\"article:publisher\" content=\"https:\/\/www.facebook.com\/LoopKingLaces\/\" \/>\n<meta property=\"article:modified_time\" content=\"2024-10-30T20:55:12+00:00\" \/>\n<meta property=\"og:image\" content=\"https:\/\/www.loopkinglaces.com\/wp-content\/uploads\/Royal-Blue-Vintage-scaled.jpg\" \/>\n\t<meta property=\"og:image:width\" content=\"2560\" \/>\n\t<meta property=\"og:image:height\" content=\"2560\" \/>\n\t<meta property=\"og:image:type\" content=\"image\/jpeg\" \/>\n<meta name=\"twitter:card\" content=\"summary_large_image\" \/>\n<meta name=\"twitter:site\" content=\"@loopkinglaces\" \/>\n<meta name=\"twitter:label1\" content=\"Gesch\u00e4tzte Lesezeit\" \/>\n\t<meta name=\"twitter:data1\" content=\"1\u00a0Minute\" \/>\n<script type=\"application\/ld+json\" class=\"yoast-schema-graph\">{\"@context\":\"https:\\\/\\\/schema.org\",\"@graph\":[{\"@type\":[\"WebPage\",\"ItemPage\"],\"@id\":\"https:\\\/\\\/www.loopkinglaces.com\\\/de\\\/products\\\/koenigsblaue-flache-baumwollschnuersenkel-mit-durchsichtigen-spitzen-vintage-faded\\\/\",\"url\":\"https:\\\/\\\/www.loopkinglaces.com\\\/de\\\/products\\\/koenigsblaue-flache-baumwollschnuersenkel-mit-durchsichtigen-spitzen-vintage-faded\\\/\",\"name\":\"K\u00f6nigsblaue, verblichene flache Baumwollschn\u00fcrsenkel mit klaren Spitzen - Loop King\",\"isPartOf\":{\"@id\":\"https:\\\/\\\/www.loopkinglaces.com\\\/de\\\/#website\"},\"primaryImageOfPage\":{\"@id\":\"https:\\\/\\\/www.loopkinglaces.com\\\/de\\\/products\\\/koenigsblaue-flache-baumwollschnuersenkel-mit-durchsichtigen-spitzen-vintage-faded\\\/#primaryimage\"},\"image\":{\"@id\":\"https:\\\/\\\/www.loopkinglaces.com\\\/de\\\/products\\\/koenigsblaue-flache-baumwollschnuersenkel-mit-durchsichtigen-spitzen-vintage-faded\\\/#primaryimage\"},\"thumbnailUrl\":\"https:\\\/\\\/www.loopkinglaces.com\\\/wp-content\\\/uploads\\\/Royal-Blue-Vintage-scaled.jpg\",\"datePublished\":\"2023-12-11T18:43:31+00:00\",\"dateModified\":\"2024-10-30T20:55:12+00:00\",\"description\":\"Verleihe deinen Schuhen einen Retro-Chic mit unseren k\u00f6nigsblauen verblassten Vintage Schn\u00fcrsenkel. Ideal f\u00fcr alle, die eine Mischung aus traditionellem und modernem Stil lieben.\",\"breadcrumb\":{\"@id\":\"https:\\\/\\\/www.loopkinglaces.com\\\/de\\\/products\\\/koenigsblaue-flache-baumwollschnuersenkel-mit-durchsichtigen-spitzen-vintage-faded\\\/#breadcrumb\"},\"inLanguage\":\"de\",\"potentialAction\":[{\"@type\":\"ReadAction\",\"target\":[\"https:\\\/\\\/www.loopkinglaces.com\\\/de\\\/products\\\/koenigsblaue-flache-baumwollschnuersenkel-mit-durchsichtigen-spitzen-vintage-faded\\\/\"]}]},{\"@type\":\"ImageObject\",\"inLanguage\":\"de\",\"@id\":\"https:\\\/\\\/www.loopkinglaces.com\\\/de\\\/products\\\/koenigsblaue-flache-baumwollschnuersenkel-mit-durchsichtigen-spitzen-vintage-faded\\\/#primaryimage\",\"url\":\"https:\\\/\\\/www.loopkinglaces.com\\\/wp-content\\\/uploads\\\/Royal-Blue-Vintage-scaled.jpg\",\"contentUrl\":\"https:\\\/\\\/www.loopkinglaces.com\\\/wp-content\\\/uploads\\\/Royal-Blue-Vintage-scaled.jpg\",\"width\":2560,\"height\":2560},{\"@type\":\"BreadcrumbList\",\"@id\":\"https:\\\/\\\/www.loopkinglaces.com\\\/de\\\/products\\\/koenigsblaue-flache-baumwollschnuersenkel-mit-durchsichtigen-spitzen-vintage-faded\\\/#breadcrumb\",\"itemListElement\":[{\"@type\":\"ListItem\",\"position\":1,\"name\":\"Home\",\"item\":\"https:\\\/\\\/www.loopkinglaces.com\\\/de\\\/\"},{\"@type\":\"ListItem\",\"position\":2,\"name\":\"Shop\",\"item\":\"https:\\\/\\\/www.loopkinglaces.com\\\/de\\\/shop\\\/\"},{\"@type\":\"ListItem\",\"position\":3,\"name\":\"K\u00f6nigsblaue flache Baumwollschn\u00fcrsenkel mit durchsichtigen Spitzen (Vintage Faded)\"}]},{\"@type\":\"WebSite\",\"@id\":\"https:\\\/\\\/www.loopkinglaces.com\\\/de\\\/#website\",\"url\":\"https:\\\/\\\/www.loopkinglaces.com\\\/de\\\/\",\"name\":\"Luxury Gold Tip Shoelaces by Loop King Laces\",\"description\":\"Rope Laces, Flat Waxed Laces and Leather Laces. All With Gold Tips.\",\"publisher\":{\"@id\":\"https:\\\/\\\/www.loopkinglaces.com\\\/de\\\/#organization\"},\"potentialAction\":[{\"@type\":\"SearchAction\",\"target\":{\"@type\":\"EntryPoint\",\"urlTemplate\":\"https:\\\/\\\/www.loopkinglaces.com\\\/de\\\/?s={search_term_string}\"},\"query-input\":{\"@type\":\"PropertyValueSpecification\",\"valueRequired\":true,\"valueName\":\"search_term_string\"}}],\"inLanguage\":\"de\"},{\"@type\":\"Organization\",\"@id\":\"https:\\\/\\\/www.loopkinglaces.com\\\/de\\\/#organization\",\"name\":\"Loop King Laces\",\"url\":\"https:\\\/\\\/www.loopkinglaces.com\\\/de\\\/\",\"logo\":{\"@type\":\"ImageObject\",\"inLanguage\":\"de\",\"@id\":\"https:\\\/\\\/www.loopkinglaces.com\\\/de\\\/#\\\/schema\\\/logo\\\/image\\\/\",\"url\":\"https:\\\/\\\/www.loopkinglaces.com\\\/wp-content\\\/uploads\\\/LOOP-KING-LACES.1.1-01-LOGO-HI-RES-OFFICIAL-1.png\",\"contentUrl\":\"https:\\\/\\\/www.loopkinglaces.com\\\/wp-content\\\/uploads\\\/LOOP-KING-LACES.1.1-01-LOGO-HI-RES-OFFICIAL-1.png\",\"width\":128,\"height\":91,\"caption\":\"Loop King Laces\"},\"image\":{\"@id\":\"https:\\\/\\\/www.loopkinglaces.com\\\/de\\\/#\\\/schema\\\/logo\\\/image\\\/\"},\"sameAs\":[\"https:\\\/\\\/www.facebook.com\\\/LoopKingLaces\\\/\",\"https:\\\/\\\/x.com\\\/loopkinglaces\",\"https:\\\/\\\/www.instagram.com\\\/loopkinglaces\\\/\"]}]}<\/script>\n<!-- \/ Yoast SEO plugin. -->","yoast_head_json":{"title":"K\u00f6nigsblaue, verblichene flache Baumwollschn\u00fcrsenkel mit klaren Spitzen - Loop King","description":"Verleihe deinen Schuhen einen Retro-Chic mit unseren k\u00f6nigsblauen verblassten Vintage Schn\u00fcrsenkel. Ideal f\u00fcr alle, die eine Mischung aus traditionellem und modernem Stil lieben.","robots":{"index":"index","follow":"follow","max-snippet":"max-snippet:-1","max-image-preview":"max-image-preview:large","max-video-preview":"max-video-preview:-1"},"canonical":"https:\/\/www.loopkinglaces.com\/de\/products\/koenigsblaue-flache-baumwollschnuersenkel-mit-durchsichtigen-spitzen-vintage-faded\/","og_locale":"de_DE","og_type":"article","og_title":"K\u00f6nigsblaue, verblichene flache Baumwollschn\u00fcrsenkel mit klaren Spitzen - Loop King","og_description":"Verleihe deinen Schuhen einen Retro-Chic mit unseren k\u00f6nigsblauen verblassten Vintage Schn\u00fcrsenkel. Ideal f\u00fcr alle, die eine Mischung aus traditionellem und modernem Stil lieben.","og_url":"https:\/\/www.loopkinglaces.com\/de\/products\/koenigsblaue-flache-baumwollschnuersenkel-mit-durchsichtigen-spitzen-vintage-faded\/","og_site_name":"Luxury Gold Tip Shoelaces by Loop King Laces","article_publisher":"https:\/\/www.facebook.com\/LoopKingLaces\/","article_modified_time":"2024-10-30T20:55:12+00:00","og_image":[{"width":2560,"height":2560,"url":"https:\/\/www.loopkinglaces.com\/wp-content\/uploads\/Royal-Blue-Vintage-scaled.jpg","type":"image\/jpeg"}],"twitter_card":"summary_large_image","twitter_site":"@loopkinglaces","twitter_misc":{"Gesch\u00e4tzte Lesezeit":"1\u00a0Minute"},"schema":{"@context":"https:\/\/schema.org","@graph":[{"@type":["WebPage","ItemPage"],"@id":"https:\/\/www.loopkinglaces.com\/de\/products\/koenigsblaue-flache-baumwollschnuersenkel-mit-durchsichtigen-spitzen-vintage-faded\/","url":"https:\/\/www.loopkinglaces.com\/de\/products\/koenigsblaue-flache-baumwollschnuersenkel-mit-durchsichtigen-spitzen-vintage-faded\/","name":"K\u00f6nigsblaue, verblichene flache Baumwollschn\u00fcrsenkel mit klaren Spitzen - Loop King","isPartOf":{"@id":"https:\/\/www.loopkinglaces.com\/de\/#website"},"primaryImageOfPage":{"@id":"https:\/\/www.loopkinglaces.com\/de\/products\/koenigsblaue-flache-baumwollschnuersenkel-mit-durchsichtigen-spitzen-vintage-faded\/#primaryimage"},"image":{"@id":"https:\/\/www.loopkinglaces.com\/de\/products\/koenigsblaue-flache-baumwollschnuersenkel-mit-durchsichtigen-spitzen-vintage-faded\/#primaryimage"},"thumbnailUrl":"https:\/\/www.loopkinglaces.com\/wp-content\/uploads\/Royal-Blue-Vintage-scaled.jpg","datePublished":"2023-12-11T18:43:31+00:00","dateModified":"2024-10-30T20:55:12+00:00","description":"Verleihe deinen Schuhen einen Retro-Chic mit unseren k\u00f6nigsblauen verblassten Vintage Schn\u00fcrsenkel. Ideal f\u00fcr alle, die eine Mischung aus traditionellem und modernem Stil lieben.","breadcrumb":{"@id":"https:\/\/www.loopkinglaces.com\/de\/products\/koenigsblaue-flache-baumwollschnuersenkel-mit-durchsichtigen-spitzen-vintage-faded\/#breadcrumb"},"inLanguage":"de","potentialAction":[{"@type":"ReadAction","target":["https:\/\/www.loopkinglaces.com\/de\/products\/koenigsblaue-flache-baumwollschnuersenkel-mit-durchsichtigen-spitzen-vintage-faded\/"]}]},{"@type":"ImageObject","inLanguage":"de","@id":"https:\/\/www.loopkinglaces.com\/de\/products\/koenigsblaue-flache-baumwollschnuersenkel-mit-durchsichtigen-spitzen-vintage-faded\/#primaryimage","url":"https:\/\/www.loopkinglaces.com\/wp-content\/uploads\/Royal-Blue-Vintage-scaled.jpg","contentUrl":"https:\/\/www.loopkinglaces.com\/wp-content\/uploads\/Royal-Blue-Vintage-scaled.jpg","width":2560,"height":2560},{"@type":"BreadcrumbList","@id":"https:\/\/www.loopkinglaces.com\/de\/products\/koenigsblaue-flache-baumwollschnuersenkel-mit-durchsichtigen-spitzen-vintage-faded\/#breadcrumb","itemListElement":[{"@type":"ListItem","position":1,"name":"Home","item":"https:\/\/www.loopkinglaces.com\/de\/"},{"@type":"ListItem","position":2,"name":"Shop","item":"https:\/\/www.loopkinglaces.com\/de\/shop\/"},{"@type":"ListItem","position":3,"name":"K\u00f6nigsblaue flache Baumwollschn\u00fcrsenkel mit durchsichtigen Spitzen (Vintage Faded)"}]},{"@type":"WebSite","@id":"https:\/\/www.loopkinglaces.com\/de\/#website","url":"https:\/\/www.loopkinglaces.com\/de\/","name":"Luxury Gold Tip Shoelaces by Loop King Laces","description":"Rope Laces, Flat Waxed Laces and Leather Laces. All With Gold Tips.","publisher":{"@id":"https:\/\/www.loopkinglaces.com\/de\/#organization"},"potentialAction":[{"@type":"SearchAction","target":{"@type":"EntryPoint","urlTemplate":"https:\/\/www.loopkinglaces.com\/de\/?s={search_term_string}"},"query-input":{"@type":"PropertyValueSpecification","valueRequired":true,"valueName":"search_term_string"}}],"inLanguage":"de"},{"@type":"Organization","@id":"https:\/\/www.loopkinglaces.com\/de\/#organization","name":"Loop King Laces","url":"https:\/\/www.loopkinglaces.com\/de\/","logo":{"@type":"ImageObject","inLanguage":"de","@id":"https:\/\/www.loopkinglaces.com\/de\/#\/schema\/logo\/image\/","url":"https:\/\/www.loopkinglaces.com\/wp-content\/uploads\/LOOP-KING-LACES.1.1-01-LOGO-HI-RES-OFFICIAL-1.png","contentUrl":"https:\/\/www.loopkinglaces.com\/wp-content\/uploads\/LOOP-KING-LACES.1.1-01-LOGO-HI-RES-OFFICIAL-1.png","width":128,"height":91,"caption":"Loop King Laces"},"image":{"@id":"https:\/\/www.loopkinglaces.com\/de\/#\/schema\/logo\/image\/"},"sameAs":["https:\/\/www.facebook.com\/LoopKingLaces\/","https:\/\/x.com\/loopkinglaces","https:\/\/www.instagram.com\/loopkinglaces\/"]}]}},"_links":{"self":[{"href":"https:\/\/www.loopkinglaces.com\/de\/wp-json\/wp\/v2\/product\/66960","targetHints":{"allow":["GET"]}}],"collection":[{"href":"https:\/\/www.loopkinglaces.com\/de\/wp-json\/wp\/v2\/product"}],"about":[{"href":"https:\/\/www.loopkinglaces.com\/de\/wp-json\/wp\/v2\/types\/product"}],"replies":[{"embeddable":true,"href":"https:\/\/www.loopkinglaces.com\/de\/wp-json\/wp\/v2\/comments?post=66960"}],"wp:featuredmedia":[{"embeddable":true,"href":"https:\/\/www.loopkinglaces.com\/de\/wp-json\/wp\/v2\/media\/59062"}],"wp:attachment":[{"href":"https:\/\/www.loopkinglaces.com\/de\/wp-json\/wp\/v2\/media?parent=66960"}],"wp:term":[{"taxonomy":"product_brand","embeddable":true,"href":"https:\/\/www.loopkinglaces.com\/de\/wp-json\/wp\/v2\/product_brand?post=66960"},{"taxonomy":"product_cat","embeddable":true,"href":"https:\/\/www.loopkinglaces.com\/de\/wp-json\/wp\/v2\/product_cat?post=66960"},{"taxonomy":"product_tag","embeddable":true,"href":"https:\/\/www.loopkinglaces.com\/de\/wp-json\/wp\/v2\/product_tag?post=66960"},{"taxonomy":"woo-feed-brand","embeddable":true,"href":"https:\/\/www.loopkinglaces.com\/de\/wp-json\/wp\/v2\/woo-feed-brand?post=66960"}],"curies":[{"name":"wp","href":"https:\/\/api.w.org\/{rel}","templated":true}]}}