{"id":66940,"date":"2023-12-07T18:29:45","date_gmt":"2023-12-07T18:29:45","guid":{"rendered":"https:\/\/www.loopkinglaces.com\/products\/reflektierende-rote-schnuersenkel-mit-klaren-spitzen\/"},"modified":"2024-11-04T17:06:57","modified_gmt":"2024-11-04T17:06:57","slug":"reflektierende-rote-schnuersenkel-mit-durchsichtigen-spitzen","status":"publish","type":"product","link":"https:\/\/www.loopkinglaces.com\/de\/products\/reflektierende-rote-schnuersenkel-mit-durchsichtigen-spitzen\/","title":{"rendered":"Reflektierende rote Schn\u00fcrsenkel mit durchsichtigen Spitzen"},"content":{"rendered":"<h3><a href=\"https:\/\/www.loopkinglaces.com\/\">Luxus Sneaker Schn\u00fcrsenkel<\/a><\/h3>\n<p>Tritt ein in den Luxus mit Loop King Laces.<br \/>\nUnsere luxuri\u00f6sen Seilschn\u00fcrsenkel, die f\u00fcr einen raffinierten Touch mit klarem Kunststoff versehen sind, bestehen aus den besten Materialien.<br \/>\nUnsere Schn\u00fcrsenkel sind auf Langlebigkeit ausgelegt und halten garantiert dreimal so lange wie herk\u00f6mmliche Schn\u00fcrsenkel.<br \/>\nUnsere Schn\u00fcrsenkel passen f\u00fcr alle Arten von Turnschuhen und Marken wie Adidas, Nike, VANS und so weiter. In unserer <a href=\"\/shoelace-size-chart\/\">Gr\u00f6\u00dfentabelle<\/a> findest du die perfekte Gr\u00f6\u00dfe f\u00fcr deine Schuhe.<\/p>\n","protected":false},"excerpt":{"rendered":"<p><strong>Reflektierende rote Seilschn\u00fcrsenkel mit durchsichtigen Spitzen<\/strong> Hebe dein Schuhwerk mit Loop King Laces auf.<br \/>\nUnsere Luxury Rope Shoelaces mit stylischen, durchsichtigen Plastikspitzen werden aus den hochwertigsten Materialien hergestellt.<br \/>\nDiese Schn\u00fcrsenkel sind auf Langlebigkeit ausgelegt und versprechen eine dreimal l\u00e4ngere Lebensdauer als herk\u00f6mmliche Schn\u00fcrsenkel.<br \/>\nEntdecke ihre umfassenden Eigenschaften unten:<\/p>\n<ul>\n<li>4 mm Breite (rund)<\/li>\n<li>Hochwertige Materialien<\/li>\n<li>Halten <strong>3 Mal l\u00e4nger<\/strong> als normale Schn\u00fcrsenkel<\/li>\n<li>Klare Plastikspitzen<\/li>\n<li>Sch\u00f6ne Loop King Verpackung<\/li>\n<\/ul>\n","protected":false},"featured_media":59032,"comment_status":"open","ping_status":"closed","template":"","meta":{"_acf_changed":false},"product_brand":[],"product_cat":[692,699,590,798,802,819,741,757,809,827,724,769,607,800,776],"product_tag":[739,635,638,736,738,734,636],"woo-feed-brand":[],"class_list":{"0":"post-66940","1":"product","2":"type-product","3":"status-publish","4":"has-post-thumbnail","6":"product_cat-63-inch-laces-de","7":"product_cat-adidas-yeezy-700-laces-fashionable-strings","8":"product_cat-all-shoelaces","9":"product_cat-atemberaubende-yeezy-380-pepper-rote-schnursenkel-die-herausragend-aussehen","10":"product_cat-der-pine-green-jordan-1-red-laces-hebt-sich-von-der-masse-ab","11":"product_cat-die-red-wing-schnursenkel-sind-haltbar-genug-fur-die-hartesten-bedingungen","12":"product_cat-ersatz-nike-schnursenkel-fur-ein-cooles-optisches-upgrade","13":"product_cat-exquisite-reflektierende-schnursenkel-fur-nachtliches-joggen-partys-oder-einfach-nur-um-stylisch-auszusehen","14":"product_cat-militarische-schnursenkel-schnuren-wie-ein-profi","15":"product_cat-peppe-deinen-stil-mit-zweifarbigen-schnursenkeln-auf","16":"product_cat-premium-fusball-schnursenkel-langlebig-und-schick","17":"product_cat-rick-owens-schnursenkel-der-unerwartete-held-der-mode","18":"product_cat-superior-and-high-quality-fat-shoe-laces","19":"product_cat-uppige-rote-wanderstiefel-schnursenkel-die-rauen-elementen-trotzen","20":"product_cat-warum-schnursenkel-beim-laufen-wichtiger-sind-als-du-denkst","21":"product_tag-grau","22":"product_tag-loop-king-de","23":"product_tag-metal-tip-de","24":"product_tag-schnursenkel-aus-seil","25":"product_tag-schnursenkel-mit-goldspitze","26":"product_tag-schwarz","27":"product_tag-shoelaces-de","29":"first","30":"instock","31":"taxable","32":"shipping-taxable","33":"product-type-variable"},"acf":[],"yoast_head":"<!-- This site is optimized with the Yoast SEO plugin v27.4 - https:\/\/yoast.com\/product\/yoast-seo-wordpress\/ -->\n<title>Reflektierende rote Schn\u00fcrsenkel mit durchsichtigen Spitzen - von Loop King<\/title>\n<meta name=\"description\" content=\"Verwandle deine Schuhe mit unseren Luxury Rope Shoelaces, die mit ihren durchsichtigen Kunststoffspitzen nicht nur optisch ansprechend, sondern auch besonders langlebig sind.\" \/>\n<meta name=\"robots\" content=\"index, follow, max-snippet:-1, max-image-preview:large, max-video-preview:-1\" \/>\n<link rel=\"canonical\" href=\"https:\/\/www.loopkinglaces.com\/de\/products\/reflektierende-rote-schnuersenkel-mit-durchsichtigen-spitzen\/\" \/>\n<meta property=\"og:locale\" content=\"de_DE\" \/>\n<meta property=\"og:type\" content=\"article\" \/>\n<meta property=\"og:title\" content=\"Reflektierende rote Schn\u00fcrsenkel mit durchsichtigen Spitzen - von Loop King\" \/>\n<meta property=\"og:description\" content=\"Verwandle deine Schuhe mit unseren Luxury Rope Shoelaces, die mit ihren durchsichtigen Kunststoffspitzen nicht nur optisch ansprechend, sondern auch besonders langlebig sind.\" \/>\n<meta property=\"og:url\" content=\"https:\/\/www.loopkinglaces.com\/de\/products\/reflektierende-rote-schnuersenkel-mit-durchsichtigen-spitzen\/\" \/>\n<meta property=\"og:site_name\" content=\"Luxury Gold Tip Shoelaces by Loop King Laces\" \/>\n<meta property=\"article:publisher\" content=\"https:\/\/www.facebook.com\/LoopKingLaces\/\" \/>\n<meta property=\"article:modified_time\" content=\"2024-11-04T17:06:57+00:00\" \/>\n<meta property=\"og:image\" content=\"https:\/\/www.loopkinglaces.com\/wp-content\/uploads\/Red-Rope-Reflective.jpg\" \/>\n\t<meta property=\"og:image:width\" content=\"2480\" \/>\n\t<meta property=\"og:image:height\" content=\"2481\" \/>\n\t<meta property=\"og:image:type\" content=\"image\/jpeg\" \/>\n<meta name=\"twitter:card\" content=\"summary_large_image\" \/>\n<meta name=\"twitter:site\" content=\"@loopkinglaces\" \/>\n<meta name=\"twitter:label1\" content=\"Gesch\u00e4tzte Lesezeit\" \/>\n\t<meta name=\"twitter:data1\" content=\"1\u00a0Minute\" \/>\n<script type=\"application\/ld+json\" class=\"yoast-schema-graph\">{\"@context\":\"https:\\\/\\\/schema.org\",\"@graph\":[{\"@type\":[\"WebPage\",\"ItemPage\"],\"@id\":\"https:\\\/\\\/www.loopkinglaces.com\\\/de\\\/products\\\/reflektierende-rote-schnuersenkel-mit-durchsichtigen-spitzen\\\/\",\"url\":\"https:\\\/\\\/www.loopkinglaces.com\\\/de\\\/products\\\/reflektierende-rote-schnuersenkel-mit-durchsichtigen-spitzen\\\/\",\"name\":\"Reflektierende rote Schn\u00fcrsenkel mit durchsichtigen Spitzen - von Loop King\",\"isPartOf\":{\"@id\":\"https:\\\/\\\/www.loopkinglaces.com\\\/de\\\/#website\"},\"primaryImageOfPage\":{\"@id\":\"https:\\\/\\\/www.loopkinglaces.com\\\/de\\\/products\\\/reflektierende-rote-schnuersenkel-mit-durchsichtigen-spitzen\\\/#primaryimage\"},\"image\":{\"@id\":\"https:\\\/\\\/www.loopkinglaces.com\\\/de\\\/products\\\/reflektierende-rote-schnuersenkel-mit-durchsichtigen-spitzen\\\/#primaryimage\"},\"thumbnailUrl\":\"https:\\\/\\\/www.loopkinglaces.com\\\/wp-content\\\/uploads\\\/Red-Rope-Reflective.jpg\",\"datePublished\":\"2023-12-07T18:29:45+00:00\",\"dateModified\":\"2024-11-04T17:06:57+00:00\",\"description\":\"Verwandle deine Schuhe mit unseren Luxury Rope Shoelaces, die mit ihren durchsichtigen Kunststoffspitzen nicht nur optisch ansprechend, sondern auch besonders langlebig sind.\",\"breadcrumb\":{\"@id\":\"https:\\\/\\\/www.loopkinglaces.com\\\/de\\\/products\\\/reflektierende-rote-schnuersenkel-mit-durchsichtigen-spitzen\\\/#breadcrumb\"},\"inLanguage\":\"de\",\"potentialAction\":[{\"@type\":\"ReadAction\",\"target\":[\"https:\\\/\\\/www.loopkinglaces.com\\\/de\\\/products\\\/reflektierende-rote-schnuersenkel-mit-durchsichtigen-spitzen\\\/\"]}]},{\"@type\":\"ImageObject\",\"inLanguage\":\"de\",\"@id\":\"https:\\\/\\\/www.loopkinglaces.com\\\/de\\\/products\\\/reflektierende-rote-schnuersenkel-mit-durchsichtigen-spitzen\\\/#primaryimage\",\"url\":\"https:\\\/\\\/www.loopkinglaces.com\\\/wp-content\\\/uploads\\\/Red-Rope-Reflective.jpg\",\"contentUrl\":\"https:\\\/\\\/www.loopkinglaces.com\\\/wp-content\\\/uploads\\\/Red-Rope-Reflective.jpg\",\"width\":2480,\"height\":2481},{\"@type\":\"BreadcrumbList\",\"@id\":\"https:\\\/\\\/www.loopkinglaces.com\\\/de\\\/products\\\/reflektierende-rote-schnuersenkel-mit-durchsichtigen-spitzen\\\/#breadcrumb\",\"itemListElement\":[{\"@type\":\"ListItem\",\"position\":1,\"name\":\"Home\",\"item\":\"https:\\\/\\\/www.loopkinglaces.com\\\/de\\\/\"},{\"@type\":\"ListItem\",\"position\":2,\"name\":\"Shop\",\"item\":\"https:\\\/\\\/www.loopkinglaces.com\\\/de\\\/shop\\\/\"},{\"@type\":\"ListItem\",\"position\":3,\"name\":\"Reflektierende rote Schn\u00fcrsenkel mit durchsichtigen Spitzen\"}]},{\"@type\":\"WebSite\",\"@id\":\"https:\\\/\\\/www.loopkinglaces.com\\\/de\\\/#website\",\"url\":\"https:\\\/\\\/www.loopkinglaces.com\\\/de\\\/\",\"name\":\"Luxury Gold Tip Shoelaces by Loop King Laces\",\"description\":\"Rope Laces, Flat Waxed Laces and Leather Laces. All With Gold Tips.\",\"publisher\":{\"@id\":\"https:\\\/\\\/www.loopkinglaces.com\\\/de\\\/#organization\"},\"potentialAction\":[{\"@type\":\"SearchAction\",\"target\":{\"@type\":\"EntryPoint\",\"urlTemplate\":\"https:\\\/\\\/www.loopkinglaces.com\\\/de\\\/?s={search_term_string}\"},\"query-input\":{\"@type\":\"PropertyValueSpecification\",\"valueRequired\":true,\"valueName\":\"search_term_string\"}}],\"inLanguage\":\"de\"},{\"@type\":\"Organization\",\"@id\":\"https:\\\/\\\/www.loopkinglaces.com\\\/de\\\/#organization\",\"name\":\"Loop King Laces\",\"url\":\"https:\\\/\\\/www.loopkinglaces.com\\\/de\\\/\",\"logo\":{\"@type\":\"ImageObject\",\"inLanguage\":\"de\",\"@id\":\"https:\\\/\\\/www.loopkinglaces.com\\\/de\\\/#\\\/schema\\\/logo\\\/image\\\/\",\"url\":\"https:\\\/\\\/www.loopkinglaces.com\\\/wp-content\\\/uploads\\\/LOOP-KING-LACES.1.1-01-LOGO-HI-RES-OFFICIAL-1.png\",\"contentUrl\":\"https:\\\/\\\/www.loopkinglaces.com\\\/wp-content\\\/uploads\\\/LOOP-KING-LACES.1.1-01-LOGO-HI-RES-OFFICIAL-1.png\",\"width\":128,\"height\":91,\"caption\":\"Loop King Laces\"},\"image\":{\"@id\":\"https:\\\/\\\/www.loopkinglaces.com\\\/de\\\/#\\\/schema\\\/logo\\\/image\\\/\"},\"sameAs\":[\"https:\\\/\\\/www.facebook.com\\\/LoopKingLaces\\\/\",\"https:\\\/\\\/x.com\\\/loopkinglaces\",\"https:\\\/\\\/www.instagram.com\\\/loopkinglaces\\\/\"]}]}<\/script>\n<!-- \/ Yoast SEO plugin. -->","yoast_head_json":{"title":"Reflektierende rote Schn\u00fcrsenkel mit durchsichtigen Spitzen - von Loop King","description":"Verwandle deine Schuhe mit unseren Luxury Rope Shoelaces, die mit ihren durchsichtigen Kunststoffspitzen nicht nur optisch ansprechend, sondern auch besonders langlebig sind.","robots":{"index":"index","follow":"follow","max-snippet":"max-snippet:-1","max-image-preview":"max-image-preview:large","max-video-preview":"max-video-preview:-1"},"canonical":"https:\/\/www.loopkinglaces.com\/de\/products\/reflektierende-rote-schnuersenkel-mit-durchsichtigen-spitzen\/","og_locale":"de_DE","og_type":"article","og_title":"Reflektierende rote Schn\u00fcrsenkel mit durchsichtigen Spitzen - von Loop King","og_description":"Verwandle deine Schuhe mit unseren Luxury Rope Shoelaces, die mit ihren durchsichtigen Kunststoffspitzen nicht nur optisch ansprechend, sondern auch besonders langlebig sind.","og_url":"https:\/\/www.loopkinglaces.com\/de\/products\/reflektierende-rote-schnuersenkel-mit-durchsichtigen-spitzen\/","og_site_name":"Luxury Gold Tip Shoelaces by Loop King Laces","article_publisher":"https:\/\/www.facebook.com\/LoopKingLaces\/","article_modified_time":"2024-11-04T17:06:57+00:00","og_image":[{"width":2480,"height":2481,"url":"https:\/\/www.loopkinglaces.com\/wp-content\/uploads\/Red-Rope-Reflective.jpg","type":"image\/jpeg"}],"twitter_card":"summary_large_image","twitter_site":"@loopkinglaces","twitter_misc":{"Gesch\u00e4tzte Lesezeit":"1\u00a0Minute"},"schema":{"@context":"https:\/\/schema.org","@graph":[{"@type":["WebPage","ItemPage"],"@id":"https:\/\/www.loopkinglaces.com\/de\/products\/reflektierende-rote-schnuersenkel-mit-durchsichtigen-spitzen\/","url":"https:\/\/www.loopkinglaces.com\/de\/products\/reflektierende-rote-schnuersenkel-mit-durchsichtigen-spitzen\/","name":"Reflektierende rote Schn\u00fcrsenkel mit durchsichtigen Spitzen - von Loop King","isPartOf":{"@id":"https:\/\/www.loopkinglaces.com\/de\/#website"},"primaryImageOfPage":{"@id":"https:\/\/www.loopkinglaces.com\/de\/products\/reflektierende-rote-schnuersenkel-mit-durchsichtigen-spitzen\/#primaryimage"},"image":{"@id":"https:\/\/www.loopkinglaces.com\/de\/products\/reflektierende-rote-schnuersenkel-mit-durchsichtigen-spitzen\/#primaryimage"},"thumbnailUrl":"https:\/\/www.loopkinglaces.com\/wp-content\/uploads\/Red-Rope-Reflective.jpg","datePublished":"2023-12-07T18:29:45+00:00","dateModified":"2024-11-04T17:06:57+00:00","description":"Verwandle deine Schuhe mit unseren Luxury Rope Shoelaces, die mit ihren durchsichtigen Kunststoffspitzen nicht nur optisch ansprechend, sondern auch besonders langlebig sind.","breadcrumb":{"@id":"https:\/\/www.loopkinglaces.com\/de\/products\/reflektierende-rote-schnuersenkel-mit-durchsichtigen-spitzen\/#breadcrumb"},"inLanguage":"de","potentialAction":[{"@type":"ReadAction","target":["https:\/\/www.loopkinglaces.com\/de\/products\/reflektierende-rote-schnuersenkel-mit-durchsichtigen-spitzen\/"]}]},{"@type":"ImageObject","inLanguage":"de","@id":"https:\/\/www.loopkinglaces.com\/de\/products\/reflektierende-rote-schnuersenkel-mit-durchsichtigen-spitzen\/#primaryimage","url":"https:\/\/www.loopkinglaces.com\/wp-content\/uploads\/Red-Rope-Reflective.jpg","contentUrl":"https:\/\/www.loopkinglaces.com\/wp-content\/uploads\/Red-Rope-Reflective.jpg","width":2480,"height":2481},{"@type":"BreadcrumbList","@id":"https:\/\/www.loopkinglaces.com\/de\/products\/reflektierende-rote-schnuersenkel-mit-durchsichtigen-spitzen\/#breadcrumb","itemListElement":[{"@type":"ListItem","position":1,"name":"Home","item":"https:\/\/www.loopkinglaces.com\/de\/"},{"@type":"ListItem","position":2,"name":"Shop","item":"https:\/\/www.loopkinglaces.com\/de\/shop\/"},{"@type":"ListItem","position":3,"name":"Reflektierende rote Schn\u00fcrsenkel mit durchsichtigen Spitzen"}]},{"@type":"WebSite","@id":"https:\/\/www.loopkinglaces.com\/de\/#website","url":"https:\/\/www.loopkinglaces.com\/de\/","name":"Luxury Gold Tip Shoelaces by Loop King Laces","description":"Rope Laces, Flat Waxed Laces and Leather Laces. All With Gold Tips.","publisher":{"@id":"https:\/\/www.loopkinglaces.com\/de\/#organization"},"potentialAction":[{"@type":"SearchAction","target":{"@type":"EntryPoint","urlTemplate":"https:\/\/www.loopkinglaces.com\/de\/?s={search_term_string}"},"query-input":{"@type":"PropertyValueSpecification","valueRequired":true,"valueName":"search_term_string"}}],"inLanguage":"de"},{"@type":"Organization","@id":"https:\/\/www.loopkinglaces.com\/de\/#organization","name":"Loop King Laces","url":"https:\/\/www.loopkinglaces.com\/de\/","logo":{"@type":"ImageObject","inLanguage":"de","@id":"https:\/\/www.loopkinglaces.com\/de\/#\/schema\/logo\/image\/","url":"https:\/\/www.loopkinglaces.com\/wp-content\/uploads\/LOOP-KING-LACES.1.1-01-LOGO-HI-RES-OFFICIAL-1.png","contentUrl":"https:\/\/www.loopkinglaces.com\/wp-content\/uploads\/LOOP-KING-LACES.1.1-01-LOGO-HI-RES-OFFICIAL-1.png","width":128,"height":91,"caption":"Loop King Laces"},"image":{"@id":"https:\/\/www.loopkinglaces.com\/de\/#\/schema\/logo\/image\/"},"sameAs":["https:\/\/www.facebook.com\/LoopKingLaces\/","https:\/\/x.com\/loopkinglaces","https:\/\/www.instagram.com\/loopkinglaces\/"]}]}},"_links":{"self":[{"href":"https:\/\/www.loopkinglaces.com\/de\/wp-json\/wp\/v2\/product\/66940","targetHints":{"allow":["GET"]}}],"collection":[{"href":"https:\/\/www.loopkinglaces.com\/de\/wp-json\/wp\/v2\/product"}],"about":[{"href":"https:\/\/www.loopkinglaces.com\/de\/wp-json\/wp\/v2\/types\/product"}],"replies":[{"embeddable":true,"href":"https:\/\/www.loopkinglaces.com\/de\/wp-json\/wp\/v2\/comments?post=66940"}],"wp:featuredmedia":[{"embeddable":true,"href":"https:\/\/www.loopkinglaces.com\/de\/wp-json\/wp\/v2\/media\/59032"}],"wp:attachment":[{"href":"https:\/\/www.loopkinglaces.com\/de\/wp-json\/wp\/v2\/media?parent=66940"}],"wp:term":[{"taxonomy":"product_brand","embeddable":true,"href":"https:\/\/www.loopkinglaces.com\/de\/wp-json\/wp\/v2\/product_brand?post=66940"},{"taxonomy":"product_cat","embeddable":true,"href":"https:\/\/www.loopkinglaces.com\/de\/wp-json\/wp\/v2\/product_cat?post=66940"},{"taxonomy":"product_tag","embeddable":true,"href":"https:\/\/www.loopkinglaces.com\/de\/wp-json\/wp\/v2\/product_tag?post=66940"},{"taxonomy":"woo-feed-brand","embeddable":true,"href":"https:\/\/www.loopkinglaces.com\/de\/wp-json\/wp\/v2\/woo-feed-brand?post=66940"}],"curies":[{"name":"wp","href":"https:\/\/api.w.org\/{rel}","templated":true}]}}