{"id":60280,"date":"2017-07-08T16:47:19","date_gmt":"2017-07-08T16:47:19","guid":{"rendered":"https:\/\/www.loopkinglaces.com\/products\/luxury-leather-navy-blue-shoes-laces-with-gold-tips\/"},"modified":"2024-11-16T16:18:16","modified_gmt":"2024-11-16T16:18:16","slug":"luxury-leather-navy-blue-shoes-laces-with-gold-tips","status":"publish","type":"product","link":"https:\/\/www.loopkinglaces.com\/de\/products\/luxury-leather-navy-blue-shoes-laces-with-gold-tips\/","title":{"rendered":"Luxus Leder marineblaue Schn\u00fcrsenkel mit goldenen Spitzen"},"content":{"rendered":"<h3><a href=\"https:\/\/www.loopkinglaces.com\/de\/\">Luxury Sneaker Laces<\/a><\/h3>\n<p>Loop King Laces bietet nur die h\u00f6chste Qualit\u00e4t von Goldspitzen-Schn\u00fcrsenkeln. Unsere Schn\u00fcrsenkel aus echtem Leder sind mit gepr\u00e4gten Metallspitzen mit LOOP KING und unserer symbolischen Krone versehen. Jeder Schn\u00fcrsenkel ist 100% feuerfest, was unsere wahre Qualit\u00e4t des Schn\u00fcrsenkels zeigt.<\/p>\n<p>Unsere Schn\u00fcrsenkel passen f\u00fcr alle Arten von Turnschuhen und Marken, einschlie\u00dflich Adidas, Nike, VANS und so weiter, und verwandeln sogar Jordan-Schuhe in Jordan-Schn\u00fcrsenkel mit Metallspitzen! Um die Schn\u00fcrsenkell\u00e4nge deines Sneakers herauszufinden, besuche unsere <a href=\"\/shoelace-size-chart\/\">Gr\u00f6\u00dfentabelle<\/a>, wo du die perfekte Gr\u00f6\u00dfe f\u00fcr deine Schuhe finden kannst.<\/p>\n<p>&nbsp;<\/p>\n","protected":false},"excerpt":{"rendered":"<p><strong>Navy Leather Shoe Laces With Gold Tips<\/strong><\/p>\n<p>Loop King Laces &#8211; Unsere marineblauen Lederschn\u00fcrsenkel werden mit gepr\u00e4gten Metallspitzen geliefert. Alle unsere Luxus-Schn\u00fcrsenkel sind aus echtem Leder mit den hochwertigsten Materialien sowohl im Schn\u00fcrsenkel als auch in der Metallspitze gefertigt. Sehen Sie unsere vollst\u00e4ndigen Eigenschaften unten:<\/p>\n<ul>\n<li>6mmBreite<\/li>\n<li>Schn\u00fcrsenkel aus echtem Leder<\/li>\n<li>100% <strong>Feuer resistent<\/strong><\/li>\n<li>Loop King Golden Aglet<\/li>\n<li>Sch\u00f6ne Loop King Verpackung<\/li>\n<\/ul>\n","protected":false},"featured_media":57584,"comment_status":"open","ping_status":"closed","template":"","meta":{"_acf_changed":false},"product_brand":[],"product_cat":[590,701,719,750,628,785,747,589,804,610,629,591,756,605,592,620],"product_tag":[634,637,635,638,639,636],"woo-feed-brand":[],"class_list":{"0":"post-60280","1":"product","2":"type-product","3":"status-publish","4":"has-post-thumbnail","6":"product_cat-all-shoelaces","7":"product_cat-allen-edmonds-shoe-laces-a-step-above-the-ordinary","8":"product_cat-columbia-shoe-laces-de","9":"product_cat-das-perfekte-paar-finden-die-revolution-der-72-zoll-schuhbander","10":"product_cat-elite-dallas-cowboys-shoe-laces-to-support-your-favorite-team-with-style","11":"product_cat-fusballschnursenkel-die-mehr-sind-als-nur-eine-befestigungsvorrichtung","12":"product_cat-lange-schnursenkel-warum-die-lange-wichtig-ist","13":"product_cat-luxus-leder-schnursenkel","14":"product_cat-merrell-schnursenkel-hassliebe","15":"product_cat-navy-shoe-laces-de","16":"product_cat-prada-shoe-laces-that-add-even-more-ritz-glamor","17":"product_cat-premium-blue-shoe-laces-see-the-bestsellers","18":"product_cat-premium-rope-shoelaces-ausergewohnliche-erstklassige-qualitat","19":"product_cat-reebok-shoe-laces-renovate-your-footwear","20":"product_cat-schnursenkel-mit-goldspitze","21":"product_cat-the-perfect-nike-dunk-laces-that-look-amazing-are-long-lasting","22":"product_tag-footwear-de","23":"product_tag-leather-laces-de","24":"product_tag-loop-king-de","25":"product_tag-metal-tip-de","26":"product_tag-navy-de","27":"product_tag-shoelaces-de","29":"first","30":"instock","31":"taxable","32":"shipping-taxable","33":"purchasable","34":"product-type-variable"},"acf":[],"yoast_head":"<!-- This site is optimized with the Yoast SEO plugin v27.4 - https:\/\/yoast.com\/product\/yoast-seo-wordpress\/ -->\n<title>Marineblaue Schn\u00fcrsenkel mit goldenen Spitzen - Elegante, hochwertige Schn\u00fcrsenkel<\/title>\n<meta name=\"description\" content=\"Get our luxury navy blue shoe laces that are made from genuine, high-quality materials. Perfect for different brands, like Adidas, Nike, and more.\" \/>\n<meta name=\"robots\" content=\"index, follow, max-snippet:-1, max-image-preview:large, max-video-preview:-1\" \/>\n<link rel=\"canonical\" href=\"https:\/\/www.loopkinglaces.com\/de\/products\/luxury-leather-navy-blue-shoes-laces-with-gold-tips\/\" \/>\n<meta property=\"og:locale\" content=\"de_DE\" \/>\n<meta property=\"og:type\" content=\"article\" \/>\n<meta property=\"og:title\" content=\"Marineblaue Schn\u00fcrsenkel mit goldenen Spitzen - Elegante, hochwertige Schn\u00fcrsenkel\" \/>\n<meta property=\"og:description\" content=\"Get our luxury navy blue shoe laces that are made from genuine, high-quality materials. Perfect for different brands, like Adidas, Nike, and more.\" \/>\n<meta property=\"og:url\" content=\"https:\/\/www.loopkinglaces.com\/de\/products\/luxury-leather-navy-blue-shoes-laces-with-gold-tips\/\" \/>\n<meta property=\"og:site_name\" content=\"Luxury Gold Tip Shoelaces by Loop King Laces\" \/>\n<meta property=\"article:publisher\" content=\"https:\/\/www.facebook.com\/LoopKingLaces\/\" \/>\n<meta property=\"article:modified_time\" content=\"2024-11-16T16:18:16+00:00\" \/>\n<meta property=\"og:image\" content=\"https:\/\/www.loopkinglaces.com\/wp-content\/uploads\/Luxury-Navy-Leather-Shoelaces-with-Gold-Tips.jpg\" \/>\n\t<meta property=\"og:image:width\" content=\"1000\" \/>\n\t<meta property=\"og:image:height\" content=\"1000\" \/>\n\t<meta property=\"og:image:type\" content=\"image\/jpeg\" \/>\n<meta name=\"twitter:card\" content=\"summary_large_image\" \/>\n<meta name=\"twitter:site\" content=\"@loopkinglaces\" \/>\n<meta name=\"twitter:label1\" content=\"Gesch\u00e4tzte Lesezeit\" \/>\n\t<meta name=\"twitter:data1\" content=\"1\u00a0Minute\" \/>\n<script type=\"application\/ld+json\" class=\"yoast-schema-graph\">{\"@context\":\"https:\\\/\\\/schema.org\",\"@graph\":[{\"@type\":[\"WebPage\",\"ItemPage\"],\"@id\":\"https:\\\/\\\/www.loopkinglaces.com\\\/de\\\/products\\\/luxury-leather-navy-blue-shoes-laces-with-gold-tips\\\/\",\"url\":\"https:\\\/\\\/www.loopkinglaces.com\\\/de\\\/products\\\/luxury-leather-navy-blue-shoes-laces-with-gold-tips\\\/\",\"name\":\"Marineblaue Schn\u00fcrsenkel mit goldenen Spitzen - Elegante, hochwertige Schn\u00fcrsenkel\",\"isPartOf\":{\"@id\":\"https:\\\/\\\/www.loopkinglaces.com\\\/de\\\/#website\"},\"primaryImageOfPage\":{\"@id\":\"https:\\\/\\\/www.loopkinglaces.com\\\/de\\\/products\\\/luxury-leather-navy-blue-shoes-laces-with-gold-tips\\\/#primaryimage\"},\"image\":{\"@id\":\"https:\\\/\\\/www.loopkinglaces.com\\\/de\\\/products\\\/luxury-leather-navy-blue-shoes-laces-with-gold-tips\\\/#primaryimage\"},\"thumbnailUrl\":\"https:\\\/\\\/www.loopkinglaces.com\\\/wp-content\\\/uploads\\\/Luxury-Navy-Leather-Shoelaces-with-Gold-Tips.jpg\",\"datePublished\":\"2017-07-08T16:47:19+00:00\",\"dateModified\":\"2024-11-16T16:18:16+00:00\",\"description\":\"Get our luxury navy blue shoe laces that are made from genuine, high-quality materials. Perfect for different brands, like Adidas, Nike, and more.\",\"breadcrumb\":{\"@id\":\"https:\\\/\\\/www.loopkinglaces.com\\\/de\\\/products\\\/luxury-leather-navy-blue-shoes-laces-with-gold-tips\\\/#breadcrumb\"},\"inLanguage\":\"de\",\"potentialAction\":[{\"@type\":\"ReadAction\",\"target\":[\"https:\\\/\\\/www.loopkinglaces.com\\\/de\\\/products\\\/luxury-leather-navy-blue-shoes-laces-with-gold-tips\\\/\"]}]},{\"@type\":\"ImageObject\",\"inLanguage\":\"de\",\"@id\":\"https:\\\/\\\/www.loopkinglaces.com\\\/de\\\/products\\\/luxury-leather-navy-blue-shoes-laces-with-gold-tips\\\/#primaryimage\",\"url\":\"https:\\\/\\\/www.loopkinglaces.com\\\/wp-content\\\/uploads\\\/Luxury-Navy-Leather-Shoelaces-with-Gold-Tips.jpg\",\"contentUrl\":\"https:\\\/\\\/www.loopkinglaces.com\\\/wp-content\\\/uploads\\\/Luxury-Navy-Leather-Shoelaces-with-Gold-Tips.jpg\",\"width\":1000,\"height\":1000},{\"@type\":\"BreadcrumbList\",\"@id\":\"https:\\\/\\\/www.loopkinglaces.com\\\/de\\\/products\\\/luxury-leather-navy-blue-shoes-laces-with-gold-tips\\\/#breadcrumb\",\"itemListElement\":[{\"@type\":\"ListItem\",\"position\":1,\"name\":\"Home\",\"item\":\"https:\\\/\\\/www.loopkinglaces.com\\\/de\\\/\"},{\"@type\":\"ListItem\",\"position\":2,\"name\":\"Shop\",\"item\":\"https:\\\/\\\/www.loopkinglaces.com\\\/de\\\/shop\\\/\"},{\"@type\":\"ListItem\",\"position\":3,\"name\":\"Luxus Leder marineblaue Schn\u00fcrsenkel mit goldenen Spitzen\"}]},{\"@type\":\"WebSite\",\"@id\":\"https:\\\/\\\/www.loopkinglaces.com\\\/de\\\/#website\",\"url\":\"https:\\\/\\\/www.loopkinglaces.com\\\/de\\\/\",\"name\":\"Luxury Gold Tip Shoelaces by Loop King Laces\",\"description\":\"Rope Laces, Flat Waxed Laces and Leather Laces. All With Gold Tips.\",\"publisher\":{\"@id\":\"https:\\\/\\\/www.loopkinglaces.com\\\/de\\\/#organization\"},\"potentialAction\":[{\"@type\":\"SearchAction\",\"target\":{\"@type\":\"EntryPoint\",\"urlTemplate\":\"https:\\\/\\\/www.loopkinglaces.com\\\/de\\\/?s={search_term_string}\"},\"query-input\":{\"@type\":\"PropertyValueSpecification\",\"valueRequired\":true,\"valueName\":\"search_term_string\"}}],\"inLanguage\":\"de\"},{\"@type\":\"Organization\",\"@id\":\"https:\\\/\\\/www.loopkinglaces.com\\\/de\\\/#organization\",\"name\":\"Loop King Laces\",\"url\":\"https:\\\/\\\/www.loopkinglaces.com\\\/de\\\/\",\"logo\":{\"@type\":\"ImageObject\",\"inLanguage\":\"de\",\"@id\":\"https:\\\/\\\/www.loopkinglaces.com\\\/de\\\/#\\\/schema\\\/logo\\\/image\\\/\",\"url\":\"https:\\\/\\\/www.loopkinglaces.com\\\/wp-content\\\/uploads\\\/LOOP-KING-LACES.1.1-01-LOGO-HI-RES-OFFICIAL-1.png\",\"contentUrl\":\"https:\\\/\\\/www.loopkinglaces.com\\\/wp-content\\\/uploads\\\/LOOP-KING-LACES.1.1-01-LOGO-HI-RES-OFFICIAL-1.png\",\"width\":128,\"height\":91,\"caption\":\"Loop King Laces\"},\"image\":{\"@id\":\"https:\\\/\\\/www.loopkinglaces.com\\\/de\\\/#\\\/schema\\\/logo\\\/image\\\/\"},\"sameAs\":[\"https:\\\/\\\/www.facebook.com\\\/LoopKingLaces\\\/\",\"https:\\\/\\\/x.com\\\/loopkinglaces\",\"https:\\\/\\\/www.instagram.com\\\/loopkinglaces\\\/\"]}]}<\/script>\n<!-- \/ Yoast SEO plugin. -->","yoast_head_json":{"title":"Marineblaue Schn\u00fcrsenkel mit goldenen Spitzen - Elegante, hochwertige Schn\u00fcrsenkel","description":"Get our luxury navy blue shoe laces that are made from genuine, high-quality materials. Perfect for different brands, like Adidas, Nike, and more.","robots":{"index":"index","follow":"follow","max-snippet":"max-snippet:-1","max-image-preview":"max-image-preview:large","max-video-preview":"max-video-preview:-1"},"canonical":"https:\/\/www.loopkinglaces.com\/de\/products\/luxury-leather-navy-blue-shoes-laces-with-gold-tips\/","og_locale":"de_DE","og_type":"article","og_title":"Marineblaue Schn\u00fcrsenkel mit goldenen Spitzen - Elegante, hochwertige Schn\u00fcrsenkel","og_description":"Get our luxury navy blue shoe laces that are made from genuine, high-quality materials. Perfect for different brands, like Adidas, Nike, and more.","og_url":"https:\/\/www.loopkinglaces.com\/de\/products\/luxury-leather-navy-blue-shoes-laces-with-gold-tips\/","og_site_name":"Luxury Gold Tip Shoelaces by Loop King Laces","article_publisher":"https:\/\/www.facebook.com\/LoopKingLaces\/","article_modified_time":"2024-11-16T16:18:16+00:00","og_image":[{"width":1000,"height":1000,"url":"https:\/\/www.loopkinglaces.com\/wp-content\/uploads\/Luxury-Navy-Leather-Shoelaces-with-Gold-Tips.jpg","type":"image\/jpeg"}],"twitter_card":"summary_large_image","twitter_site":"@loopkinglaces","twitter_misc":{"Gesch\u00e4tzte Lesezeit":"1\u00a0Minute"},"schema":{"@context":"https:\/\/schema.org","@graph":[{"@type":["WebPage","ItemPage"],"@id":"https:\/\/www.loopkinglaces.com\/de\/products\/luxury-leather-navy-blue-shoes-laces-with-gold-tips\/","url":"https:\/\/www.loopkinglaces.com\/de\/products\/luxury-leather-navy-blue-shoes-laces-with-gold-tips\/","name":"Marineblaue Schn\u00fcrsenkel mit goldenen Spitzen - Elegante, hochwertige Schn\u00fcrsenkel","isPartOf":{"@id":"https:\/\/www.loopkinglaces.com\/de\/#website"},"primaryImageOfPage":{"@id":"https:\/\/www.loopkinglaces.com\/de\/products\/luxury-leather-navy-blue-shoes-laces-with-gold-tips\/#primaryimage"},"image":{"@id":"https:\/\/www.loopkinglaces.com\/de\/products\/luxury-leather-navy-blue-shoes-laces-with-gold-tips\/#primaryimage"},"thumbnailUrl":"https:\/\/www.loopkinglaces.com\/wp-content\/uploads\/Luxury-Navy-Leather-Shoelaces-with-Gold-Tips.jpg","datePublished":"2017-07-08T16:47:19+00:00","dateModified":"2024-11-16T16:18:16+00:00","description":"Get our luxury navy blue shoe laces that are made from genuine, high-quality materials. Perfect for different brands, like Adidas, Nike, and more.","breadcrumb":{"@id":"https:\/\/www.loopkinglaces.com\/de\/products\/luxury-leather-navy-blue-shoes-laces-with-gold-tips\/#breadcrumb"},"inLanguage":"de","potentialAction":[{"@type":"ReadAction","target":["https:\/\/www.loopkinglaces.com\/de\/products\/luxury-leather-navy-blue-shoes-laces-with-gold-tips\/"]}]},{"@type":"ImageObject","inLanguage":"de","@id":"https:\/\/www.loopkinglaces.com\/de\/products\/luxury-leather-navy-blue-shoes-laces-with-gold-tips\/#primaryimage","url":"https:\/\/www.loopkinglaces.com\/wp-content\/uploads\/Luxury-Navy-Leather-Shoelaces-with-Gold-Tips.jpg","contentUrl":"https:\/\/www.loopkinglaces.com\/wp-content\/uploads\/Luxury-Navy-Leather-Shoelaces-with-Gold-Tips.jpg","width":1000,"height":1000},{"@type":"BreadcrumbList","@id":"https:\/\/www.loopkinglaces.com\/de\/products\/luxury-leather-navy-blue-shoes-laces-with-gold-tips\/#breadcrumb","itemListElement":[{"@type":"ListItem","position":1,"name":"Home","item":"https:\/\/www.loopkinglaces.com\/de\/"},{"@type":"ListItem","position":2,"name":"Shop","item":"https:\/\/www.loopkinglaces.com\/de\/shop\/"},{"@type":"ListItem","position":3,"name":"Luxus Leder marineblaue Schn\u00fcrsenkel mit goldenen Spitzen"}]},{"@type":"WebSite","@id":"https:\/\/www.loopkinglaces.com\/de\/#website","url":"https:\/\/www.loopkinglaces.com\/de\/","name":"Luxury Gold Tip Shoelaces by Loop King Laces","description":"Rope Laces, Flat Waxed Laces and Leather Laces. All With Gold Tips.","publisher":{"@id":"https:\/\/www.loopkinglaces.com\/de\/#organization"},"potentialAction":[{"@type":"SearchAction","target":{"@type":"EntryPoint","urlTemplate":"https:\/\/www.loopkinglaces.com\/de\/?s={search_term_string}"},"query-input":{"@type":"PropertyValueSpecification","valueRequired":true,"valueName":"search_term_string"}}],"inLanguage":"de"},{"@type":"Organization","@id":"https:\/\/www.loopkinglaces.com\/de\/#organization","name":"Loop King Laces","url":"https:\/\/www.loopkinglaces.com\/de\/","logo":{"@type":"ImageObject","inLanguage":"de","@id":"https:\/\/www.loopkinglaces.com\/de\/#\/schema\/logo\/image\/","url":"https:\/\/www.loopkinglaces.com\/wp-content\/uploads\/LOOP-KING-LACES.1.1-01-LOGO-HI-RES-OFFICIAL-1.png","contentUrl":"https:\/\/www.loopkinglaces.com\/wp-content\/uploads\/LOOP-KING-LACES.1.1-01-LOGO-HI-RES-OFFICIAL-1.png","width":128,"height":91,"caption":"Loop King Laces"},"image":{"@id":"https:\/\/www.loopkinglaces.com\/de\/#\/schema\/logo\/image\/"},"sameAs":["https:\/\/www.facebook.com\/LoopKingLaces\/","https:\/\/x.com\/loopkinglaces","https:\/\/www.instagram.com\/loopkinglaces\/"]}]}},"_links":{"self":[{"href":"https:\/\/www.loopkinglaces.com\/de\/wp-json\/wp\/v2\/product\/60280","targetHints":{"allow":["GET"]}}],"collection":[{"href":"https:\/\/www.loopkinglaces.com\/de\/wp-json\/wp\/v2\/product"}],"about":[{"href":"https:\/\/www.loopkinglaces.com\/de\/wp-json\/wp\/v2\/types\/product"}],"replies":[{"embeddable":true,"href":"https:\/\/www.loopkinglaces.com\/de\/wp-json\/wp\/v2\/comments?post=60280"}],"wp:featuredmedia":[{"embeddable":true,"href":"https:\/\/www.loopkinglaces.com\/de\/wp-json\/wp\/v2\/media\/57584"}],"wp:attachment":[{"href":"https:\/\/www.loopkinglaces.com\/de\/wp-json\/wp\/v2\/media?parent=60280"}],"wp:term":[{"taxonomy":"product_brand","embeddable":true,"href":"https:\/\/www.loopkinglaces.com\/de\/wp-json\/wp\/v2\/product_brand?post=60280"},{"taxonomy":"product_cat","embeddable":true,"href":"https:\/\/www.loopkinglaces.com\/de\/wp-json\/wp\/v2\/product_cat?post=60280"},{"taxonomy":"product_tag","embeddable":true,"href":"https:\/\/www.loopkinglaces.com\/de\/wp-json\/wp\/v2\/product_tag?post=60280"},{"taxonomy":"woo-feed-brand","embeddable":true,"href":"https:\/\/www.loopkinglaces.com\/de\/wp-json\/wp\/v2\/woo-feed-brand?post=60280"}],"curies":[{"name":"wp","href":"https:\/\/api.w.org\/{rel}","templated":true}]}}