{"id":59912,"date":"2023-04-30T11:26:00","date_gmt":"2023-04-30T11:26:00","guid":{"rendered":"https:\/\/www.loopkinglaces.com\/individuelle-schnuersenkel-die-sie-nach-lust-und-laune-anpassen-koennen\/"},"modified":"2024-06-18T19:09:00","modified_gmt":"2024-06-18T19:09:00","slug":"individuelle-schnuersenkel-die-sie-nach-lust-und-laune-anpassen-koennen","status":"publish","type":"page","link":"https:\/\/www.loopkinglaces.com\/de\/individuelle-schnuersenkel-die-sie-nach-lust-und-laune-anpassen-koennen\/","title":{"rendered":"Individuelle Schn\u00fcrsenkel, die Sie nach Lust und Laune anpassen k\u00f6nnen"},"content":{"rendered":"\n  <div class=\"banner has-hover\" id=\"banner-1064436417\">\n          <div class=\"banner-inner fill\">\n        <div class=\"banner-bg fill\" >\n            <img decoding=\"async\" width=\"1020\" height=\"292\" src=\"https:\/\/www.loopkinglaces.com\/wp-content\/uploads\/off-white-shoelaces-web-banner-1400x401.jpg\" class=\"bg attachment-large size-large\" alt=\"off white shoelaces banner\" \/>                                    \n                    <\/div>\n\t\t\n        <div class=\"banner-layers container\">\n            <div class=\"fill banner-link\"><\/div>            \n   <div id=\"text-box-985808147\" class=\"text-box banner-layer x50 md-x50 lg-x50 y50 md-y50 lg-y50 res-text\">\n                                <div class=\"text-box-content text dark\">\n              \n              <div class=\"text-inner text-center\">\n                  \n<h3 class=\"uppercase\"><strong>Individuelle Schn\u00fcrsenkel, die Sie nach Lust und Laune anpassen k\u00f6nnen  <\/strong><\/h3>\n<p>Haben Sie sich jemals ein Paar Schuhe angesehen und gedacht: &#8220;Was w\u00e4re, wenn ich ma\u00dfgeschneiderte Schn\u00fcrsenkel f\u00fcr meine Turnschuhe h\u00e4tte?&#8221; Dann haben Sie Gl\u00fcck, denn wir wollen Ihre Tr\u00e4ume wahr werden lassen.<\/p>\n<p>Oder Sie haben eine Wohlt\u00e4tigkeitsveranstaltung, eine Wohlt\u00e4tigkeitsveranstaltung, eine Firmenveranstaltung oder eine Schulveranstaltung vor sich und suchen nach einer M\u00f6glichkeit, Ihre Gruppe zu begeistern?<\/p>\n<p>Dann ist es an der Zeit, Ihren Ansatz zu \u00fcberdenken und sich f\u00fcr ma\u00dfgeschneiderte Schn\u00fcrsenkel zu entscheiden, die Sie von Grund auf neu entwerfen.<\/p>\n<p>Denn wer liebt nicht individuelle Schn\u00fcrsenkel? Sie sind der perfekte Weg, um Ihre Sneakers von der Masse abzuheben! Und das Beste daran? Sie k\u00f6nnen sie genau so gestalten, wie Sie m\u00f6chten!<\/p>\n              <\/div>\n           <\/div>\n                            \n<style>\n#text-box-985808147 {\n  width: 60%;\n}\n#text-box-985808147 .text-box-content {\n  font-size: 100%;\n}\n<\/style>\n    <\/div>\n \n        <\/div>\n      <\/div>\n\n            \n<style>\n#banner-1064436417 {\n  padding-top: 500px;\n}\n<\/style>\n  <\/div>\n\n\n\t<div id=\"gap-269054956\" class=\"gap-element clearfix\" style=\"display:block; height:auto;\">\n\t\t\n<style>\n#gap-269054956 {\n  padding-top: 30px;\n}\n<\/style>\n\t<\/div>\n\t\n\t<div class=\"box has-hover   has-hover box-text-bottom\" >\n\n\t\t<div class=\"box-image\" style=\"width:60%;\">\n\t\t\t\t\t\t<div class=\"\" >\n\t\t\t\t<img decoding=\"async\" width=\"1000\" height=\"940\" src=\"https:\/\/www.loopkinglaces.com\/wp-content\/uploads\/Custom-Laces-LKL.jpg\" class=\"attachment- size-\" alt=\"\" srcset=\"https:\/\/www.loopkinglaces.com\/wp-content\/uploads\/Custom-Laces-LKL.jpg 1000w, https:\/\/www.loopkinglaces.com\/wp-content\/uploads\/Custom-Laces-LKL-510x479.jpg 510w, https:\/\/www.loopkinglaces.com\/wp-content\/uploads\/Custom-Laces-LKL-426x400.jpg 426w, https:\/\/www.loopkinglaces.com\/wp-content\/uploads\/Custom-Laces-LKL-851x800.jpg 851w, https:\/\/www.loopkinglaces.com\/wp-content\/uploads\/Custom-Laces-LKL-768x722.jpg 768w\" sizes=\"(max-width: 1000px) 100vw, 1000px\" \/>\t\t\t\t\t\t\t\t\t\t\t<\/div>\n\t\t\t\t\t<\/div>\n\n\t\t<div class=\"box-text text-center\" >\n\t\t\t<div class=\"box-text-inner\">\n\t\t\t\t\n\t\t\t<\/div>\n\t\t<\/div>\n\t<\/div>\n\t\n<h2><strong>Was wir f\u00fcr den Anfang brauchen<\/strong><\/h2>\n<p>Folgen Sie diesen 3 einfachen Schritten, um den Prozess zu starten:<\/p>\n<ol>\n<li>\n<div>F\u00fcllen Sie unser <a href=\"https:\/\/forms.gle\/TvCRVHzTULxdfi3b9\" target=\"_blank\" rel=\"noopener\"><span class=\"il\">individuelles<\/span> Bestellformular<\/a> aus. Es ist so, als w\u00fcrden Sie uns Ihre Turnschuhtr\u00e4ume erz\u00e4hlen, aber in schriftlicher Form. Wir versprechen Ihnen, dass es nicht l\u00e4nger als ein paar Minuten dauern wird.<\/div>\n<\/li>\n<li>\n<div>Lehnen Sie sich zur\u00fcck und entspannen Sie sich. Innerhalb weniger Tage erhalten Sie von uns ein auf Ihre Bed\u00fcrfnisse zugeschnittenes Design-Mockup. Es ist wie ein Blick in die Zukunft, nur viel cooler.<\/div>\n<\/li>\n<li>\n<div>Besiegeln Sie das Gesch\u00e4ft. Sobald Sie das Design genehmigt haben und zur Kasse gehen, werden wir unsere Arbeit tun. Denken Sie einfach daran, dass gute Dinge Zeit brauchen. Planen Sie 4-5 Wochen ein, bis Ihre <span class=\"il\">individuellen<\/span> <span class=\"il\">Schn\u00fcrsenkel<\/span> zum Leben erwachen. Vertrauen Sie uns, es lohnt sich zu warten.<\/div>\n<\/li>\n<\/ol>\n<h2><strong>Unsere Bestellanforderungen &amp; Versanddetails<\/strong><\/h2>\n<ul>\n<li>200 Paare sind das Minimum, aber wir bieten Preisnachl\u00e4sse bei einer Menge von 500, 1.000, 1.500 usw. an.<\/li>\n<li>Ab dem Zeitpunkt, an dem Sie die Design-Renderings genehmigen und die Zahlung leisten, bis zur Lieferung der Produkte an den von Ihnen gew\u00fcnschten Ort vergehen etwa 4-5 Wochen.<\/li>\n<\/ul>\n<h2><strong>Nahezu unendliche Schn\u00fcrsenkel-Optionen f\u00fcr Sie zur Auswahl<\/strong><\/h2>\n<p>Wir haben eine gro\u00dfe Auswahl an hochwertigen Materialien, darunter feines Leder, reicher Samt, flache Baumwolle, Seile, Strasssteine, im Dunkeln leuchtende Materialien und vieles mehr.<\/p>\n<p>Wenn Sie Wert auf Luxus legen, sollten Sie sich unbedingt unsere Schn\u00fcrsenkel aus feinem Leder, Strass und Samt mit goldgepr\u00e4gten Spitzen ansehen. Aber das ist noch nicht alles, denn Sie k\u00f6nnen Ihre Schn\u00fcrsenkel mit unserem hochwertigen Zubeh\u00f6r weiter individualisieren.<\/p>\n<p>Wir haben wundersch\u00f6ne Schn\u00fcrsenkelschl\u00f6sser und Schn\u00fcrsenkelanh\u00e4nger, mit denen Sie Ihrem Schuhwerk noch mehr Pers\u00f6nlichkeit und Pep verleihen k\u00f6nnen.<\/p>\n<p>Es sind mehrere L\u00e4ngen erh\u00e4ltlich. Z\u00e4hlen Sie die Anzahl der \u00d6sen an Ihren Schuhen und sehen Sie dann in unserer <a href=\"https:\/\/www.loopkinglaces.com\/de\/schnuersenkellaengentabelle-groessentabelle\/\" target=\"_blank\" rel=\"noopener\">Gr\u00f6\u00dfentabelle<\/a> nach.<\/p>\n","protected":false},"excerpt":{"rendered":"<p>Was wir f\u00fcr den Anfang brauchen Folgen Sie diesen 3 einfachen Schritten, um den Prozess zu starten: F\u00fcllen Sie unser individuelles Bestellformular aus. Es ist so, als w\u00fcrden Sie uns Ihre Turnschuhtr\u00e4ume erz\u00e4hlen, aber in schriftlicher Form. Wir versprechen Ihnen, dass es nicht l\u00e4nger als ein paar Minuten dauern wird. Lehnen Sie sich zur\u00fcck und&#8230; Read More<\/p>\n","protected":false},"author":1020,"featured_media":0,"parent":0,"menu_order":0,"comment_status":"closed","ping_status":"closed","template":"","meta":{"_acf_changed":false,"footnotes":""},"class_list":["post-59912","page","type-page","status-publish","hentry"],"acf":[],"yoast_head":"<!-- This site is optimized with the Yoast SEO plugin v27.4 - https:\/\/yoast.com\/product\/yoast-seo-wordpress\/ -->\n<title>Exquisite ma\u00dfgeschneiderte Schn\u00fcrsenkel, die zu jedem Stil passen<\/title>\n<meta name=\"description\" content=\"Sie k\u00f6nnen keine Schn\u00fcrsenkel finden, die Ihrem Geschmack entsprechen? Dann sollten Sie sich unsere gro\u00dfe Auswahl an ma\u00dfgefertigten Schn\u00fcrsenkeln mit hochwertigen Materialien und au\u00dfergew\u00f6hnlichen Accessoires ansehen.\" \/>\n<meta name=\"robots\" content=\"index, follow, max-snippet:-1, max-image-preview:large, max-video-preview:-1\" \/>\n<link rel=\"canonical\" href=\"https:\/\/www.loopkinglaces.com\/de\/individuelle-schnuersenkel-die-sie-nach-lust-und-laune-anpassen-koennen\/\" \/>\n<meta property=\"og:locale\" content=\"de_DE\" \/>\n<meta property=\"og:type\" content=\"article\" \/>\n<meta property=\"og:title\" content=\"Exquisite ma\u00dfgeschneiderte Schn\u00fcrsenkel, die zu jedem Stil passen\" \/>\n<meta property=\"og:description\" content=\"Sie k\u00f6nnen keine Schn\u00fcrsenkel finden, die Ihrem Geschmack entsprechen? Dann sollten Sie sich unsere gro\u00dfe Auswahl an ma\u00dfgefertigten Schn\u00fcrsenkeln mit hochwertigen Materialien und au\u00dfergew\u00f6hnlichen Accessoires ansehen.\" \/>\n<meta property=\"og:url\" content=\"https:\/\/www.loopkinglaces.com\/de\/individuelle-schnuersenkel-die-sie-nach-lust-und-laune-anpassen-koennen\/\" \/>\n<meta property=\"og:site_name\" content=\"Luxury Gold Tip Shoelaces by Loop King Laces\" \/>\n<meta property=\"article:publisher\" content=\"https:\/\/www.facebook.com\/LoopKingLaces\/\" \/>\n<meta property=\"article:modified_time\" content=\"2024-06-18T19:09:00+00:00\" \/>\n<meta name=\"twitter:card\" content=\"summary_large_image\" \/>\n<meta name=\"twitter:site\" content=\"@loopkinglaces\" \/>\n<meta name=\"twitter:label1\" content=\"Gesch\u00e4tzte Lesezeit\" \/>\n\t<meta name=\"twitter:data1\" content=\"2\u00a0Minuten\" \/>\n<script type=\"application\/ld+json\" class=\"yoast-schema-graph\">{\"@context\":\"https:\\\/\\\/schema.org\",\"@graph\":[{\"@type\":\"WebPage\",\"@id\":\"https:\\\/\\\/www.loopkinglaces.com\\\/de\\\/individuelle-schnuersenkel-die-sie-nach-lust-und-laune-anpassen-koennen\\\/\",\"url\":\"https:\\\/\\\/www.loopkinglaces.com\\\/de\\\/individuelle-schnuersenkel-die-sie-nach-lust-und-laune-anpassen-koennen\\\/\",\"name\":\"Exquisite ma\u00dfgeschneiderte Schn\u00fcrsenkel, die zu jedem Stil passen\",\"isPartOf\":{\"@id\":\"https:\\\/\\\/www.loopkinglaces.com\\\/de\\\/#website\"},\"datePublished\":\"2023-04-30T11:26:00+00:00\",\"dateModified\":\"2024-06-18T19:09:00+00:00\",\"description\":\"Sie k\u00f6nnen keine Schn\u00fcrsenkel finden, die Ihrem Geschmack entsprechen? Dann sollten Sie sich unsere gro\u00dfe Auswahl an ma\u00dfgefertigten Schn\u00fcrsenkeln mit hochwertigen Materialien und au\u00dfergew\u00f6hnlichen Accessoires ansehen.\",\"breadcrumb\":{\"@id\":\"https:\\\/\\\/www.loopkinglaces.com\\\/de\\\/individuelle-schnuersenkel-die-sie-nach-lust-und-laune-anpassen-koennen\\\/#breadcrumb\"},\"inLanguage\":\"de\",\"potentialAction\":[{\"@type\":\"ReadAction\",\"target\":[\"https:\\\/\\\/www.loopkinglaces.com\\\/de\\\/individuelle-schnuersenkel-die-sie-nach-lust-und-laune-anpassen-koennen\\\/\"]}]},{\"@type\":\"BreadcrumbList\",\"@id\":\"https:\\\/\\\/www.loopkinglaces.com\\\/de\\\/individuelle-schnuersenkel-die-sie-nach-lust-und-laune-anpassen-koennen\\\/#breadcrumb\",\"itemListElement\":[{\"@type\":\"ListItem\",\"position\":1,\"name\":\"Home\",\"item\":\"https:\\\/\\\/www.loopkinglaces.com\\\/de\\\/\"},{\"@type\":\"ListItem\",\"position\":2,\"name\":\"Individuelle Schn\u00fcrsenkel, die Sie nach Lust und Laune anpassen k\u00f6nnen\"}]},{\"@type\":\"WebSite\",\"@id\":\"https:\\\/\\\/www.loopkinglaces.com\\\/de\\\/#website\",\"url\":\"https:\\\/\\\/www.loopkinglaces.com\\\/de\\\/\",\"name\":\"Luxury Gold Tip Shoelaces by Loop King Laces\",\"description\":\"Rope Laces, Flat Waxed Laces and Leather Laces. All With Gold Tips.\",\"publisher\":{\"@id\":\"https:\\\/\\\/www.loopkinglaces.com\\\/de\\\/#organization\"},\"potentialAction\":[{\"@type\":\"SearchAction\",\"target\":{\"@type\":\"EntryPoint\",\"urlTemplate\":\"https:\\\/\\\/www.loopkinglaces.com\\\/de\\\/?s={search_term_string}\"},\"query-input\":{\"@type\":\"PropertyValueSpecification\",\"valueRequired\":true,\"valueName\":\"search_term_string\"}}],\"inLanguage\":\"de\"},{\"@type\":\"Organization\",\"@id\":\"https:\\\/\\\/www.loopkinglaces.com\\\/de\\\/#organization\",\"name\":\"Loop King Laces\",\"url\":\"https:\\\/\\\/www.loopkinglaces.com\\\/de\\\/\",\"logo\":{\"@type\":\"ImageObject\",\"inLanguage\":\"de\",\"@id\":\"https:\\\/\\\/www.loopkinglaces.com\\\/de\\\/#\\\/schema\\\/logo\\\/image\\\/\",\"url\":\"https:\\\/\\\/www.loopkinglaces.com\\\/wp-content\\\/uploads\\\/LOOP-KING-LACES.1.1-01-LOGO-HI-RES-OFFICIAL-1.png\",\"contentUrl\":\"https:\\\/\\\/www.loopkinglaces.com\\\/wp-content\\\/uploads\\\/LOOP-KING-LACES.1.1-01-LOGO-HI-RES-OFFICIAL-1.png\",\"width\":128,\"height\":91,\"caption\":\"Loop King Laces\"},\"image\":{\"@id\":\"https:\\\/\\\/www.loopkinglaces.com\\\/de\\\/#\\\/schema\\\/logo\\\/image\\\/\"},\"sameAs\":[\"https:\\\/\\\/www.facebook.com\\\/LoopKingLaces\\\/\",\"https:\\\/\\\/x.com\\\/loopkinglaces\",\"https:\\\/\\\/www.instagram.com\\\/loopkinglaces\\\/\"]}]}<\/script>\n<!-- \/ Yoast SEO plugin. -->","yoast_head_json":{"title":"Exquisite ma\u00dfgeschneiderte Schn\u00fcrsenkel, die zu jedem Stil passen","description":"Sie k\u00f6nnen keine Schn\u00fcrsenkel finden, die Ihrem Geschmack entsprechen? Dann sollten Sie sich unsere gro\u00dfe Auswahl an ma\u00dfgefertigten Schn\u00fcrsenkeln mit hochwertigen Materialien und au\u00dfergew\u00f6hnlichen Accessoires ansehen.","robots":{"index":"index","follow":"follow","max-snippet":"max-snippet:-1","max-image-preview":"max-image-preview:large","max-video-preview":"max-video-preview:-1"},"canonical":"https:\/\/www.loopkinglaces.com\/de\/individuelle-schnuersenkel-die-sie-nach-lust-und-laune-anpassen-koennen\/","og_locale":"de_DE","og_type":"article","og_title":"Exquisite ma\u00dfgeschneiderte Schn\u00fcrsenkel, die zu jedem Stil passen","og_description":"Sie k\u00f6nnen keine Schn\u00fcrsenkel finden, die Ihrem Geschmack entsprechen? Dann sollten Sie sich unsere gro\u00dfe Auswahl an ma\u00dfgefertigten Schn\u00fcrsenkeln mit hochwertigen Materialien und au\u00dfergew\u00f6hnlichen Accessoires ansehen.","og_url":"https:\/\/www.loopkinglaces.com\/de\/individuelle-schnuersenkel-die-sie-nach-lust-und-laune-anpassen-koennen\/","og_site_name":"Luxury Gold Tip Shoelaces by Loop King Laces","article_publisher":"https:\/\/www.facebook.com\/LoopKingLaces\/","article_modified_time":"2024-06-18T19:09:00+00:00","twitter_card":"summary_large_image","twitter_site":"@loopkinglaces","twitter_misc":{"Gesch\u00e4tzte Lesezeit":"2\u00a0Minuten"},"schema":{"@context":"https:\/\/schema.org","@graph":[{"@type":"WebPage","@id":"https:\/\/www.loopkinglaces.com\/de\/individuelle-schnuersenkel-die-sie-nach-lust-und-laune-anpassen-koennen\/","url":"https:\/\/www.loopkinglaces.com\/de\/individuelle-schnuersenkel-die-sie-nach-lust-und-laune-anpassen-koennen\/","name":"Exquisite ma\u00dfgeschneiderte Schn\u00fcrsenkel, die zu jedem Stil passen","isPartOf":{"@id":"https:\/\/www.loopkinglaces.com\/de\/#website"},"datePublished":"2023-04-30T11:26:00+00:00","dateModified":"2024-06-18T19:09:00+00:00","description":"Sie k\u00f6nnen keine Schn\u00fcrsenkel finden, die Ihrem Geschmack entsprechen? Dann sollten Sie sich unsere gro\u00dfe Auswahl an ma\u00dfgefertigten Schn\u00fcrsenkeln mit hochwertigen Materialien und au\u00dfergew\u00f6hnlichen Accessoires ansehen.","breadcrumb":{"@id":"https:\/\/www.loopkinglaces.com\/de\/individuelle-schnuersenkel-die-sie-nach-lust-und-laune-anpassen-koennen\/#breadcrumb"},"inLanguage":"de","potentialAction":[{"@type":"ReadAction","target":["https:\/\/www.loopkinglaces.com\/de\/individuelle-schnuersenkel-die-sie-nach-lust-und-laune-anpassen-koennen\/"]}]},{"@type":"BreadcrumbList","@id":"https:\/\/www.loopkinglaces.com\/de\/individuelle-schnuersenkel-die-sie-nach-lust-und-laune-anpassen-koennen\/#breadcrumb","itemListElement":[{"@type":"ListItem","position":1,"name":"Home","item":"https:\/\/www.loopkinglaces.com\/de\/"},{"@type":"ListItem","position":2,"name":"Individuelle Schn\u00fcrsenkel, die Sie nach Lust und Laune anpassen k\u00f6nnen"}]},{"@type":"WebSite","@id":"https:\/\/www.loopkinglaces.com\/de\/#website","url":"https:\/\/www.loopkinglaces.com\/de\/","name":"Luxury Gold Tip Shoelaces by Loop King Laces","description":"Rope Laces, Flat Waxed Laces and Leather Laces. All With Gold Tips.","publisher":{"@id":"https:\/\/www.loopkinglaces.com\/de\/#organization"},"potentialAction":[{"@type":"SearchAction","target":{"@type":"EntryPoint","urlTemplate":"https:\/\/www.loopkinglaces.com\/de\/?s={search_term_string}"},"query-input":{"@type":"PropertyValueSpecification","valueRequired":true,"valueName":"search_term_string"}}],"inLanguage":"de"},{"@type":"Organization","@id":"https:\/\/www.loopkinglaces.com\/de\/#organization","name":"Loop King Laces","url":"https:\/\/www.loopkinglaces.com\/de\/","logo":{"@type":"ImageObject","inLanguage":"de","@id":"https:\/\/www.loopkinglaces.com\/de\/#\/schema\/logo\/image\/","url":"https:\/\/www.loopkinglaces.com\/wp-content\/uploads\/LOOP-KING-LACES.1.1-01-LOGO-HI-RES-OFFICIAL-1.png","contentUrl":"https:\/\/www.loopkinglaces.com\/wp-content\/uploads\/LOOP-KING-LACES.1.1-01-LOGO-HI-RES-OFFICIAL-1.png","width":128,"height":91,"caption":"Loop King Laces"},"image":{"@id":"https:\/\/www.loopkinglaces.com\/de\/#\/schema\/logo\/image\/"},"sameAs":["https:\/\/www.facebook.com\/LoopKingLaces\/","https:\/\/x.com\/loopkinglaces","https:\/\/www.instagram.com\/loopkinglaces\/"]}]}},"_links":{"self":[{"href":"https:\/\/www.loopkinglaces.com\/de\/wp-json\/wp\/v2\/pages\/59912","targetHints":{"allow":["GET"]}}],"collection":[{"href":"https:\/\/www.loopkinglaces.com\/de\/wp-json\/wp\/v2\/pages"}],"about":[{"href":"https:\/\/www.loopkinglaces.com\/de\/wp-json\/wp\/v2\/types\/page"}],"author":[{"embeddable":true,"href":"https:\/\/www.loopkinglaces.com\/de\/wp-json\/wp\/v2\/users\/1020"}],"replies":[{"embeddable":true,"href":"https:\/\/www.loopkinglaces.com\/de\/wp-json\/wp\/v2\/comments?post=59912"}],"version-history":[{"count":0,"href":"https:\/\/www.loopkinglaces.com\/de\/wp-json\/wp\/v2\/pages\/59912\/revisions"}],"wp:attachment":[{"href":"https:\/\/www.loopkinglaces.com\/de\/wp-json\/wp\/v2\/media?parent=59912"}],"curies":[{"name":"wp","href":"https:\/\/api.w.org\/{rel}","templated":true}]}}