{"id":59868,"date":"2017-12-07T14:49:20","date_gmt":"2017-12-07T14:49:20","guid":{"rendered":"https:\/\/www.loopkinglaces.com\/datenschutzpolitik\/"},"modified":"2017-12-07T14:49:20","modified_gmt":"2017-12-07T14:49:20","slug":"datenschutzpolitik","status":"publish","type":"page","link":"https:\/\/www.loopkinglaces.com\/de\/datenschutzpolitik\/","title":{"rendered":"DATENSCHUTZPOLITIK"},"content":{"rendered":"<h1>WILLKOMMEN BEI UNSERER DATENSCHUTZRICHTLINIE<\/h1>\n<h1>IHRE PRIVATSPH\u00c4RE IST F\u00dcR UNS VON ENTSCHEIDENDER BEDEUTUNG.<\/h1>\n<h2>LOOP KING SCHN\u00dcRSENKEL<\/h2>\n<p>ES IST DIE POLITIK VON LOOP KING LACES, IHRE PRIVATSPH\u00c4RE IN BEZUG AUF ALLE INFORMATIONEN ZU RESPEKTIEREN, DIE WIR BEIM BETRIEB UNSERER WEBSITE SAMMELN. DIESE DATENSCHUTZRICHTLINIE GILT F\u00dcR <a href=\"http:\/\/HTTPS:\/\/WWW.LOOPKINGLACES.COM\">HTTPS:\/\/WWW.LOOPKINGLACES.COM<\/a> (IM FOLGENDEN &#8220;WIR&#8221;, &#8220;WIR&#8221; ODER &#8220;HTTPS:\/\/WWW.LOOPKINGLACES.COM&#8221;). WIR RESPEKTIEREN IHRE PRIVATSPH\u00c4RE UND VERPFLICHTEN UNS ZUM SCHUTZ PERSONENBEZOGENER DATEN, DIE SIE UNS \u00dcBER DIE WEBSITE ZUR VERF\u00dcGUNG STELLEN. WIR HABEN DIESE DATENSCHUTZRICHTLINIE (&#8220;DATENSCHUTZRICHTLINIE&#8221;) VERABSCHIEDET, UM ZU ERL\u00c4UTERN, WELCHE INFORMATIONEN AUF UNSERER WEBSITE GESAMMELT WERDEN K\u00d6NNEN, WIE WIR DIESE INFORMATIONEN VERWENDEN UND UNTER WELCHEN UMST\u00c4NDEN WIR DIE INFORMATIONEN AN DRITTE WEITERGEBEN K\u00d6NNEN. DIESE DATENSCHUTZRICHTLINIE GILT NUR F\u00dcR DATEN, DIE WIR \u00dcBER DIE WEBSITE SAMMELN, UND GILT NICHT F\u00dcR DATEN, DIE WIR AUS ANDEREN QUELLEN SAMMELN.<\/p>\n<p>DIESE DATENSCHUTZRICHTLINIE UND DIE AUF UNSERER WEBSITE VER\u00d6FFENTLICHTEN BEDINGUNGEN LEGEN DIE ALLGEMEINEN REGELN UND RICHTLINIEN F\u00dcR DIE NUTZUNG UNSERER WEBSITE FEST. JE NACH IHREN AKTIVIT\u00c4TEN BEIM BESUCH UNSERER WEBSITE M\u00dcSSEN SIE M\u00d6GLICHERWEISE ZUS\u00c4TZLICHEN BEDINGUNGEN UND KONDITIONEN ZUSTIMMEN.<\/p>\n<h2>WEBSITE-BESUCHER<\/h2>\n<p>WIE DIE MEISTEN WEBSITE-BETREIBER SAMMELT LOOP KING LACES NICHT-PERSONENBEZOGENE DATEN, WIE SIE VON WEBBROWSERN UND SERVERN \u00dcBLICHERWEISE ZUR VERF\u00dcGUNG GESTELLT WERDEN, Z.B. DEN BROWSERTYP, DIE BEVORZUGTE SPRACHE, DIE VERWEISENDE WEBSITE SOWIE DAS DATUM UND DIE UHRZEIT DER JEWEILIGEN BESUCHERANFRAGE. LOOP KING LACES SAMMELT NICHT-PERSONENBEZOGENE DATEN, UM BESSER ZU VERSTEHEN, WIE DIE BESUCHER DER WEBSITE VON LOOP KING LACES DIESE NUTZEN. VON ZEIT ZU ZEIT KANN LOOP KING LACES NICHT-PERSONENBEZOGENE INFORMATIONEN IN AGGREGIERTER FORM VER\u00d6FFENTLICHEN, Z.B. DURCH DIE VER\u00d6FFENTLICHUNG EINES BERICHTS \u00dcBER TRENDS IN DER NUTZUNG SEINER WEBSITE.<\/p>\n<p>LOOP KING LACES SAMMELT AUCH POTENZIELL PERS\u00d6NLICH IDENTIFIZIERENDE INFORMATIONEN WIE INTERNETPROTOKOLL-(IP)-ADRESSEN F\u00dcR ANGEMELDETE BENUTZER UND F\u00dcR BENUTZER, DIE KOMMENTARE AUF <a href=\"HTTPS:\/\/WWW.LOOPKINGLACES.COM\">HTTPS:\/\/WW.LOOPKINGLACES.COM-BLOGS<\/a> HINTERLASSEN. LOOP KING LACES GIBT DIE IP-ADRESSEN DER ANGEMELDETEN BENUTZER UND KOMMENTATOREN NUR UNTER DENSELBEN UMST\u00c4NDEN WEITER, UNTER DENEN ES PERS\u00d6NLICH IDENTIFIZIERENDE INFORMATIONEN WIE UNTEN BESCHRIEBEN VERWENDET UND OFFENLEGT.<\/p>\n<h2>ERFASSUNG VON PERS\u00d6NLICH IDENTIFIZIERENDEN INFORMATIONEN<\/h2>\n<p>BESTIMMTE BESUCHER DER WEBSITES VON LOOP KING LACES INTERAGIEREN MIT LOOP KING LACES AUF EINE WEISE, DIE ES ERFORDERLICH MACHT, DASS LOOP KING LACES PERS\u00d6NLICH IDENTIFIZIERENDE INFORMATIONEN SAMMELT. DIE MENGE UND ART DER INFORMATIONEN, DIE LOOP KING LACES SAMMELT, H\u00c4NGT VON DER ART DER INTERAKTION AB. ZUM BEISPIEL BITTEN WIR BESUCHER, DIE SICH F\u00dcR EINEN BLOG UNTER HTTPS:\/\/WWW.LOOPKINGLACES.COM ANMELDEN, EINEN BENUTZERNAMEN UND EINE E-MAIL-ADRESSE ANZUGEBEN.<\/p>\n<h2>SICHERHEIT<\/h2>\n<p>DIE SICHERHEIT IHRER PERS\u00d6NLICHEN DATEN IST UNS WICHTIG, ABER DENKEN SIE DARAN, DASS KEINE METHODE DER \u00dcBERTRAGUNG \u00dcBER DAS INTERNET ODER DER ELEKTRONISCHEN SPEICHERUNG 100% SICHER IST. OBWOHL WIR UNS BEM\u00dcHEN, HANDELS\u00dcBLICHE MITTEL ZUM SCHUTZ IHRER PERS\u00d6NLICHEN DATEN EINZUSETZEN, K\u00d6NNEN WIR DEREN ABSOLUTE SICHERHEIT NICHT GARANTIEREN.<\/p>\n<h2>ANZEIGEN<\/h2>\n<p>DIE AUF UNSERER WEBSITE ERSCHEINENDE WERBUNG KANN VON WERBEPARTNERN GELIEFERT WERDEN, DIE M\u00d6GLICHERWEISE COOKIES SETZEN. DIESE COOKIES ERM\u00d6GLICHEN ES DEM ANZEIGENSERVER, IHREN COMPUTER JEDES MAL ZU ERKENNEN, WENN ER IHNEN EINE ONLINE-WERBUNG SENDET, UM INFORMATIONEN \u00dcBER SIE ODER ANDERE PERSONEN, DIE IHREN COMPUTER BENUTZEN, ZU SAMMELN. DIESE INFORMATIONEN ERM\u00d6GLICHEN ES DEN WERBENETZWERKEN UNTER ANDEREM, GEZIELTE WERBUNG ZU SCHALTEN, VON DER SIE GLAUBEN, DASS SIE F\u00dcR SIE VON GR\u00d6SSTEM INTERESSE SEIN WIRD. DIESE DATENSCHUTZRICHTLINIE BEZIEHT SICH AUF DIE VERWENDUNG VON COOKIES DURCH LOOP KING LACES UND NICHT AUF DIE VERWENDUNG VON COOKIES DURCH WERBETREIBENDE.<\/p>\n<h2>LINKS ZU EXTERNEN WEBSITES<\/h2>\n<p>UNSER SERVICE KANN LINKS ZU EXTERNEN WEBSITES ENTHALTEN, DIE NICHT VON UNS BETRIEBEN WERDEN. WENN SIE AUF EINEN LINK EINES DRITTEN KLICKEN, WERDEN SIE AUF DIE WEBSITE DIESES DRITTEN WEITERGELEITET. WIR EMPFEHLEN IHNEN DRINGEND, DIE DATENSCHUTZRICHTLINIEN UND GESCH\u00c4FTSBEDINGUNGEN JEDER WEBSITE, DIE SIE BESUCHEN, ZU LESEN.<\/p>\n<p>WIR HABEN KEINE KONTROLLE \u00dcBER UND \u00dcBERNEHMEN KEINE VERANTWORTUNG F\u00dcR DIE INHALTE, DATENSCHUTZRICHTLINIEN ODER PRAKTIKEN VON WEBSITES, PRODUKTEN ODER DIENSTLEISTUNGEN DRITTER.<\/p>\n<h2>HTTPS:\/\/WWW.LOOPKINGLACES.COM VERWENDET GOOGLE ADWORDS F\u00dcR REMARKETING<\/h2>\n<p>HTTPS:\/\/WWW.LOOPKINGLACES.COM NUTZT DIE REMARKETING-DIENSTE, UM AUF WEBSITES DRITTER (EINSCHLIESSLICH GOOGLE) WERBUNG F\u00dcR FR\u00dcHERE BESUCHER UNSERER WEBSITE ZU SCHALTEN. ES K\u00d6NNTE BEDEUTEN, DASS WIR FR\u00dcHERE BESUCHER ANSPRECHEN, DIE EINE AUFGABE AUF UNSERER WEBSITE NICHT ERLEDIGT HABEN, Z. B. INDEM SIE DAS KONTAKTFORMULAR F\u00dcR EINE ANFRAGE VERWENDEN. DIES KANN IN FORM EINER ANZEIGE AUF DER GOOGLE-SUCHERGEBNISSEITE ODER EINER WEBSITE IM GOOGLE-DISPLAY-NETZWERK GESCHEHEN. DRITTANBIETER, EINSCHLIESSLICH GOOGLE, VERWENDEN COOKIES, UM ANZEIGEN ZU SCHALTEN, DIE AUF FR\u00dcHEREN BESUCHEN VON PERSONEN BASIEREN. SELBSTVERST\u00c4NDLICH WERDEN ALLE GESAMMELTEN DATEN IN \u00dcBEREINSTIMMUNG MIT UNSERER EIGENEN DATENSCHUTZRICHTLINIE UND DER DATENSCHUTZRICHTLINIE VON GOOGLE VERWENDET.<\/p>\n<p>SIE K\u00d6NNEN AUF DER SEITE MIT DEN GOOGLE-ANZEIGENEINSTELLUNGEN FESTLEGEN, WIE GOOGLE SIE BEWIRBT, UND WENN SIE M\u00d6CHTEN, K\u00d6NNEN SIE DIE INTERESSENBEZOGENE WERBUNG DURCH COOKIE-EINSTELLUNGEN ODER DIE DAUERHAFTE VERWENDUNG EINES BROWSER-PLUGINS VOLLST\u00c4NDIG UNTERBINDEN.<\/p>\n<h2>SCHUTZ VON BESTIMMTEN PERSONENBEZOGENEN DATEN<\/h2>\n<p>LOOP KING LACES GIBT POTENZIELL PERS\u00d6NLICH IDENTIFIZIERENDE INFORMATIONEN NUR AN DIEJENIGEN SEINER MITARBEITER, AUFTRAGNEHMER UND ANGESCHLOSSENEN ORGANISATIONEN WEITER, DIE (I) DIESE INFORMATIONEN BEN\u00d6TIGEN, UM SIE IM AUFTRAG VON LOOP KING LACES ZU VERARBEITEN ODER UM DIE AUF DER WEBSITE VON LOOP KING LACES VERF\u00dcGBAREN DIENSTE BEREITZUSTELLEN, UND (II) DIE ZUGESTIMMT HABEN, SIE NICHT AN DRITTE WEITERZUGEBEN. EINIGE DIESER MITARBEITER, AUFTRAGNEHMER UND ANGESCHLOSSENEN ORGANISATIONEN K\u00d6NNEN SICH AUSSERHALB IHRES HEIMATLANDES BEFINDEN; DURCH DIE NUTZUNG DER WEBSITE VON LOOP KING LACES STIMMEN SIE DER \u00dcBERMITTLUNG SOLCHER INFORMATIONEN AN DIESE ZU. LOOP KING LACES VERMIETET ODER VERKAUFT KEINE POTENZIELL PERS\u00d6NLICH IDENTIFIZIERENDEN INFORMATIONEN AN DRITTE. MIT AUSNAHME SEINER MITARBEITER, AUFTRAGNEHMER UND ANGESCHLOSSENEN ORGANISATIONEN, WIE OBEN BESCHRIEBEN, LEGT LOOP KING LACES POTENZIELL PERS\u00d6NLICH IDENTIFIZIERENDE UND PERS\u00d6NLICH IDENTIFIZIERENDE INFORMATIONEN NUR DANN OFFEN, WENN EINE VORLADUNG, EIN GERICHTSBESCHLUSS ODER EINE ANDERE BEH\u00d6RDLICHE AUFFORDERUNG VORLIEGT ODER WENN LOOP KING LACES IN GUTEM GLAUBEN DAVON AUSGEHT, DASS DIE OFFENLEGUNG VERN\u00dcNFTIGERWEISE ERFORDERLICH IST, UM DAS EIGENTUM ODER DIE RECHTE VON LOOP KING LACES, DRITTEN ODER DER \u00d6FFENTLICHKEIT INSGESAMT ZU SCH\u00dcTZEN.<\/p>\n<p>WENN SIE EIN REGISTRIERTER BENUTZER VON HTTPS:\/\/WWW.LOOPKINGLACES.COM SIND UND IHRE E-MAIL-ADRESSE ANGEGEBEN HABEN, KANN LOOP KING LACES IHNEN GELEGENTLICH EINE E-MAIL SENDEN, UM SIE \u00dcBER NEUE FUNKTIONEN ZU INFORMIEREN, IHR FEEDBACK EINZUHOLEN ODER SIE EINFACH NUR AUF DEM LAUFENDEN ZU HALTEN, WAS MIT LOOP KING LACES UND UNSEREN PRODUKTEN GESCHIEHT. WIR NUTZEN IN ERSTER LINIE UNSEREN BLOG, UM DIESE ART VON INFORMATIONEN ZU \u00dcBERMITTELN, DAHER ERWARTEN WIR, DASS WIR DIESE ART VON E-MAILS AUF EIN MINIMUM BESCHR\u00c4NKEN. WENN SIE UNS EINE ANFRAGE SENDEN (Z.B. \u00dcBER EINE SUPPORT-E-MAIL ODER \u00dcBER EINEN UNSERER FEEDBACK-MECHANISMEN), BEHALTEN WIR UNS DAS RECHT VOR, DIESE ZU VER\u00d6FFENTLICHEN, UM UNS BEI DER KL\u00c4RUNG ODER BEANTWORTUNG IHRER ANFRAGE ZU HELFEN ODER UM UNS BEI DER UNTERST\u00dcTZUNG ANDERER NUTZER ZU HELFEN. LOOP KING LACES ERGREIFT ALLE ANGEMESSENEN MASSNAHMEN, UM SICH GEGEN DEN UNBEFUGTEN ZUGRIFF, DIE VERWENDUNG, DIE VER\u00c4NDERUNG ODER DIE ZERST\u00d6RUNG VON POTENZIELL PERS\u00d6NLICH IDENTIFIZIERENDEN UND PERSONENBEZOGENEN DATEN ZU SCH\u00dcTZEN.<\/p>\n<h2>AGGREGIERTE STATISTIKEN<\/h2>\n<p>LOOP KING LACES KANN STATISTIKEN \u00dcBER DAS VERHALTEN DER BESUCHER AUF SEINER WEBSITE SAMMELN. LOOP KING LACES KANN DIESE INFORMATIONEN \u00d6FFENTLICH ANZEIGEN ODER AN ANDERE WEITERGEBEN. LOOP KING LACES GIBT JEDOCH KEINE PERS\u00d6NLICH IDENTIFIZIERENDEN INFORMATIONEN WEITER.<\/p>\n<h2>OFFENLEGUNG VON TOCHTERGESELLSCHAFTEN<\/h2>\n<p>DIESE SEITE VERWENDET AFFILIATE-LINKS UND ERH\u00c4LT F\u00dcR BESTIMMTE LINKS EINE PROVISION. DIES HAT KEINEN EINFLUSS AUF IHRE K\u00c4UFE ODER DEN PREIS, DEN SIE M\u00d6GLICHERWEISE ZAHLEN.<\/p>\n<h2>COOKIES<\/h2>\n<p>UM IHR ONLINE-ERLEBNIS ZU BEREICHERN UND ZU PERFEKTIONIEREN, VERWENDET LOOP KING LACES &#8220;COOKIES&#8221;, \u00c4HNLICHE TECHNOLOGIEN UND DIENSTE, DIE VON ANDEREN ANGEBOTEN WERDEN, UM PERSONALISIERTE INHALTE ANZUZEIGEN, PASSENDE WERBUNG ZU SCHALTEN UND IHRE PR\u00c4FERENZEN AUF IHREM COMPUTER ZU SPEICHERN.<\/p>\n<p>EIN COOKIE IST EINE INFORMATIONSKETTE, DIE EINE WEBSITE AUF DEM COMPUTER EINES BESUCHERS SPEICHERT UND DIE DER BROWSER DES BESUCHERS DER WEBSITE JEDES MAL ZUR VERF\u00dcGUNG STELLT, WENN DER BESUCHER ZUR\u00dcCKKEHRT. LOOP KING LACES VERWENDET COOKIES, UM LOOP KING LACES DABEI ZU HELFEN, BESUCHER ZU IDENTIFIZIEREN UND ZU VERFOLGEN, IHRE NUTZUNG VON HTTPS:\/\/WWW.LOOPKINGLACES.COM UND IHRE ZUGRIFFSPR\u00c4FERENZEN AUF DIE WEBSITE. BESUCHER VON LOOP KING LACES, DIE NICHT W\u00dcNSCHEN, DASS COOKIES AUF IHREN COMPUTERN PLATZIERT WERDEN, SOLLTEN IHREN BROWSER SO EINSTELLEN, DASS ER COOKIES ABLEHNT, BEVOR SIE DIE WEBSITES VON LOOP KING LACES NUTZEN. DAS HAT DEN NACHTEIL, DASS BESTIMMTE FUNKTIONEN DER WEBSITES VON LOOP KING LACES OHNE DIE HILFE VON COOKIES NICHT RICHTIG FUNKTIONIEREN.<\/p>\n<p>WENN SIE AUF UNSERER WEBSITE WEITERNAVIGIEREN, OHNE IHRE COOKIE-EINSTELLUNGEN ZU \u00c4NDERN, ERKL\u00c4REN SIE SICH MIT DER VERWENDUNG VON COOKIES DURCH LOOP KING LACES EINVERSTANDEN.<\/p>\n<h2>E-COMMERCE<\/h2>\n<p>DIEJENIGEN, DIE TRANSAKTIONEN MIT LOOP KING LACES DURCHF\u00dcHREN &#8211; DURCH DEN KAUF VON DIENSTLEISTUNGEN ODER PRODUKTEN VON LOOP KING LACES &#8211; WERDEN GEBETEN, ZUS\u00c4TZLICHE INFORMATIONEN BEREITZUSTELLEN, EINSCHLIESSLICH DER PERS\u00d6NLICHEN UND FINANZIELLEN INFORMATIONEN, DIE F\u00dcR DIE DURCHF\u00dcHRUNG DIESER TRANSAKTIONEN ERFORDERLICH SIND. IN JEDEM FALL SAMMELT LOOP KING LACES SOLCHE INFORMATIONEN NUR INSOWEIT, WIE ES NOTWENDIG ODER ANGEMESSEN IST, UM DEN ZWECK DER INTERAKTION DES BESUCHERS MIT LOOP KING LACES ZU ERF\u00dcLLEN. LOOP KING LACES GIBT KEINE PERS\u00d6NLICH IDENTIFIZIERENDEN INFORMATIONEN WEITER, AUSSER WIE UNTEN BESCHRIEBEN. UND BESUCHER K\u00d6NNEN SICH JEDERZEIT WEIGERN, PERS\u00d6NLICH IDENTIFIZIERENDE INFORMATIONEN ZU LIEFERN, MIT DEM VORBEHALT, DASS DIES SIE DARAN HINDERN KANN, AN BESTIMMTEN WEBSITE-BEZOGENEN AKTIVIT\u00c4TEN TEILZUNEHMEN.<\/p>\n<h2>\u00c4NDERUNGEN DER DATENSCHUTZBESTIMMUNGEN<\/h2>\n<p>OBWOHL DIE MEISTEN \u00c4NDERUNGEN WAHRSCHEINLICH GERINGF\u00dcGIG SIND, KANN LOOP KING LACES SEINE DATENSCHUTZPOLITIK VON ZEIT ZU ZEIT UND NACH EIGENEM ERMESSEN \u00c4NDERN. LOOP KING LACES FORDERT SEINE BESUCHER AUF, DIESE SEITE REGELM\u00c4SSIG AUF \u00c4NDERUNGEN DER DATENSCHUTZRICHTLINIEN ZU \u00dcBERPR\u00dcFEN. DURCH DIE FORTGESETZTE NUTZUNG DIESER WEBSITE NACH EINER \u00c4NDERUNG DIESER DATENSCHUTZRICHTLINIE ERKL\u00c4REN SIE SICH MIT DIESER \u00c4NDERUNG EINVERSTANDEN.<\/p>\n<h1>Allgemeine Gesch\u00e4ftsbedingungen f\u00fcr Mobiltelefone<\/h1>\n<h2>LOOP KING SCHN\u00dcRSENKEL<\/h2>\n<p>Zuletzt aktualisiert: Nov. 6, 2023<\/p>\n<p>Der mobile Nachrichtendienst LOOP KING LACES (der &#8220;Dienst&#8221;) wird von LOOP KING LACES (&#8220;LOOP KING LACES&#8221;, &#8220;wir&#8221; oder &#8220;uns&#8221;) betrieben. Mit der Nutzung des Dienstes erkl\u00e4ren Sie sich mit diesen Bedingungen (&#8220;Mobilit\u00e4tsbedingungen&#8221;) einverstanden. Wir k\u00f6nnen den Service oder einzelne seiner Funktionen ohne Vorank\u00fcndigung \u00e4ndern oder einstellen. Soweit gesetzlich zul\u00e4ssig, k\u00f6nnen wir diese Mobilen Bedingungen auch jederzeit \u00e4ndern, und Ihre fortgesetzte Nutzung des Dienstes nach dem Datum des Inkrafttretens einer solchen \u00c4nderung gilt als Ihre Zustimmung zu diesen \u00c4nderungen.<\/p>\n<p>Indem Sie dem SMS-Nachrichtendienst von LOOP KING LACES zustimmen, erkl\u00e4ren Sie sich damit einverstanden, von LOOP KING LACES und im Namen von LOOP KING LACES \u00fcber Ihren Mobilfunkanbieter wiederkehrende SMS-Nachrichten an die von Ihnen angegebene Handynummer zu erhalten, selbst wenn Ihre Handynummer auf einer staatlichen oder f\u00f6deralen &#8220;Do Not Call&#8221;-Liste eingetragen ist. Textnachrichten k\u00f6nnen \u00fcber ein automatisches Telefonw\u00e4hlsystem oder eine andere Technologie gesendet werden. Zu den dienstbezogenen Nachrichten k\u00f6nnen Aktualisierungen, Warnungen und Informationen geh\u00f6ren (z. B. Aktualisierungen von Bestellungen, Kontowarnungen usw.). Werbebotschaften k\u00f6nnen Werbeaktionen, Sonderangebote und andere Marketingangebote (z. B. Erinnerungen an den Einkaufswagen) umfassen.<\/p>\n<p>Sie verstehen, dass Sie sich nicht f\u00fcr dieses Programm anmelden m\u00fcssen, um Eink\u00e4ufe zu t\u00e4tigen, und dass Ihre Zustimmung keine Bedingung f\u00fcr einen Einkauf bei LOOP KING LACES ist. Ihre Teilnahme an diesem Programm ist v\u00f6llig freiwillig.<\/p>\n<p>Wir berechnen keine Geb\u00fchren f\u00fcr den Service, aber Sie sind f\u00fcr alle Kosten und Geb\u00fchren im Zusammenhang mit Textnachrichten verantwortlich, die von Ihrem Mobilfunkanbieter erhoben werden. Die H\u00e4ufigkeit der Nachrichten variiert. Es k\u00f6nnen Nachrichten- und Datentarife gelten. Pr\u00fcfen Sie Ihren Mobilfunktarif und erkundigen Sie sich bei Ihrem Mobilfunkanbieter nach Einzelheiten. Sie sind allein verantwortlich f\u00fcr alle Geb\u00fchren im Zusammenhang mit SMS-Nachrichten, einschlie\u00dflich der Geb\u00fchren Ihres Mobilfunkanbieters.<\/p>\n<p>Sie k\u00f6nnen den Service jederzeit abbestellen. Senden Sie das Schl\u00fcsselwort STOPP an +18337560757 oder klicken Sie auf den Abmeldelink (sofern vorhanden) in einer Textnachricht, um den Newsletter abzubestellen. Sie erhalten eine einmalige Best\u00e4tigungs-SMS zur Abmeldung. Es werden keine weiteren Nachrichten an Ihr mobiles Ger\u00e4t gesendet, es sei denn, Sie haben dies veranlasst. Wenn Sie andere mobile Nachrichtenprogramme von LOOP KING LACES abonniert haben und diese k\u00fcndigen m\u00f6chten, m\u00fcssen Sie sich separat von diesen Programmen abmelden, indem Sie die Anweisungen in den jeweiligen mobilen Bedingungen befolgen, es sei denn, das geltende Recht schreibt etwas anderes vor.<\/p>\n<p>Wenn Sie Unterst\u00fctzung vom Kundendienst ben\u00f6tigen, schicken Sie eine SMS an +18337560757 oder eine E-Mail an <a href=\"mailto:hello@loopkinglaces.com\">hello@loopkinglaces.com.<\/a><\/p>\n<p>Wir k\u00f6nnen jede Kurznummer oder Telefonnummer, die wir f\u00fcr den Betrieb des Dienstes verwenden, jederzeit \u00e4ndern und werden Sie \u00fcber diese \u00c4nderungen informieren. Sie erkennen an, dass Nachrichten, einschlie\u00dflich STOP- oder HILFE-Anfragen, die Sie an eine von uns ge\u00e4nderte Kurzwahlnummer oder Telefonnummer senden, m\u00f6glicherweise nicht empfangen werden und wir nicht f\u00fcr die Erf\u00fcllung von Anfragen in solchen Nachrichten verantwortlich sind.<\/p>\n<p>Die von dem Dienst unterst\u00fctzten Mobilfunkanbieter haften nicht f\u00fcr versp\u00e4tete oder nicht zugestellte Nachrichten. Sie verpflichten sich, uns eine g\u00fcltige Handynummer zu geben. Wenn Sie eine neue Handynummer erhalten, m\u00fcssen Sie sich mit Ihrer neuen Nummer f\u00fcr das Programm anmelden.<\/p>\n<p>Soweit dies nach geltendem Recht zul\u00e4ssig ist, erkl\u00e4ren Sie sich damit einverstanden, dass wir nicht f\u00fcr eine fehlgeschlagene, versp\u00e4tete oder fehlgeleitete Zustellung von Informationen, die \u00fcber den Dienst gesendet werden, f\u00fcr Fehler in diesen Informationen und\/oder f\u00fcr Handlungen, die Sie im Vertrauen auf die Informationen oder den Dienst vornehmen oder nicht vornehmen, haften.<\/p>\n<p>Wir respektieren Ihr Recht auf Privatsph\u00e4re. Um zu erfahren, wie wir Ihre pers\u00f6nlichen Daten sammeln und verwenden, lesen Sie bitte unsere <a href=\"https:\/\/www.loopkinglaces.com\/de\/datenschutzpolitik\/\">Datenschutzhinweise<\/a>.<\/p>\n<p>&nbsp;<\/p>\n<p>&nbsp;<\/p>\n","protected":false},"excerpt":{"rendered":"<p>WILLKOMMEN BEI UNSERER DATENSCHUTZRICHTLINIE IHRE PRIVATSPH\u00c4RE IST F\u00dcR UNS VON ENTSCHEIDENDER BEDEUTUNG. LOOP KING SCHN\u00dcRSENKEL ES IST DIE POLITIK VON LOOP KING LACES, IHRE PRIVATSPH\u00c4RE IN BEZUG AUF ALLE INFORMATIONEN ZU RESPEKTIEREN, DIE WIR BEIM BETRIEB UNSERER WEBSITE SAMMELN. DIESE DATENSCHUTZRICHTLINIE GILT F\u00dcR HTTPS:\/\/WWW.LOOPKINGLACES.COM (IM FOLGENDEN &#8220;WIR&#8221;, &#8220;WIR&#8221; ODER &#8220;HTTPS:\/\/WWW.LOOPKINGLACES.COM&#8221;). WIR RESPEKTIEREN IHRE PRIVATSPH\u00c4RE UND&#8230; Read More<\/p>\n","protected":false},"author":1,"featured_media":0,"parent":0,"menu_order":0,"comment_status":"closed","ping_status":"closed","template":"","meta":{"_acf_changed":false,"footnotes":""},"class_list":["post-59868","page","type-page","status-publish","hentry"],"acf":[],"yoast_head":"<!-- This site is optimized with the Yoast SEO plugin v27.4 - https:\/\/yoast.com\/product\/yoast-seo-wordpress\/ -->\n<title>Datenschutzerkl\u00e4rung - Loop King Laces<\/title>\n<meta name=\"robots\" content=\"index, follow, max-snippet:-1, max-image-preview:large, max-video-preview:-1\" \/>\n<link rel=\"canonical\" href=\"https:\/\/www.loopkinglaces.com\/de\/datenschutzpolitik\/\" \/>\n<meta property=\"og:locale\" content=\"de_DE\" \/>\n<meta property=\"og:type\" content=\"article\" \/>\n<meta property=\"og:title\" content=\"Datenschutzerkl\u00e4rung - Loop King Laces\" \/>\n<meta property=\"og:description\" content=\"WILLKOMMEN BEI UNSERER DATENSCHUTZRICHTLINIE IHRE PRIVATSPH\u00c4RE IST F\u00dcR UNS VON ENTSCHEIDENDER BEDEUTUNG. LOOP KING SCHN\u00dcRSENKEL ES IST DIE POLITIK VON LOOP KING LACES, IHRE PRIVATSPH\u00c4RE IN BEZUG AUF ALLE INFORMATIONEN ZU RESPEKTIEREN, DIE WIR BEIM BETRIEB UNSERER WEBSITE SAMMELN. DIESE DATENSCHUTZRICHTLINIE GILT F\u00dcR HTTPS:\/\/WWW.LOOPKINGLACES.COM (IM FOLGENDEN &#8220;WIR&#8221;, &#8220;WIR&#8221; ODER &#8220;HTTPS:\/\/WWW.LOOPKINGLACES.COM&#8221;). WIR RESPEKTIEREN IHRE PRIVATSPH\u00c4RE UND... Read More\" \/>\n<meta property=\"og:url\" content=\"https:\/\/www.loopkinglaces.com\/de\/datenschutzpolitik\/\" \/>\n<meta property=\"og:site_name\" content=\"Luxury Gold Tip Shoelaces by Loop King Laces\" \/>\n<meta property=\"article:publisher\" content=\"https:\/\/www.facebook.com\/LoopKingLaces\/\" \/>\n<meta name=\"twitter:card\" content=\"summary_large_image\" \/>\n<meta name=\"twitter:site\" content=\"@loopkinglaces\" \/>\n<meta name=\"twitter:label1\" content=\"Gesch\u00e4tzte Lesezeit\" \/>\n\t<meta name=\"twitter:data1\" content=\"11\u00a0Minuten\" \/>\n<script type=\"application\/ld+json\" class=\"yoast-schema-graph\">{\"@context\":\"https:\\\/\\\/schema.org\",\"@graph\":[{\"@type\":\"WebPage\",\"@id\":\"https:\\\/\\\/www.loopkinglaces.com\\\/de\\\/datenschutzpolitik\\\/\",\"url\":\"https:\\\/\\\/www.loopkinglaces.com\\\/de\\\/datenschutzpolitik\\\/\",\"name\":\"Datenschutzerkl\u00e4rung - Loop King Laces\",\"isPartOf\":{\"@id\":\"https:\\\/\\\/www.loopkinglaces.com\\\/de\\\/#website\"},\"datePublished\":\"2017-12-07T14:49:20+00:00\",\"breadcrumb\":{\"@id\":\"https:\\\/\\\/www.loopkinglaces.com\\\/de\\\/datenschutzpolitik\\\/#breadcrumb\"},\"inLanguage\":\"de\",\"potentialAction\":[{\"@type\":\"ReadAction\",\"target\":[\"https:\\\/\\\/www.loopkinglaces.com\\\/de\\\/datenschutzpolitik\\\/\"]}]},{\"@type\":\"BreadcrumbList\",\"@id\":\"https:\\\/\\\/www.loopkinglaces.com\\\/de\\\/datenschutzpolitik\\\/#breadcrumb\",\"itemListElement\":[{\"@type\":\"ListItem\",\"position\":1,\"name\":\"Home\",\"item\":\"https:\\\/\\\/www.loopkinglaces.com\\\/de\\\/\"},{\"@type\":\"ListItem\",\"position\":2,\"name\":\"DATENSCHUTZPOLITIK\"}]},{\"@type\":\"WebSite\",\"@id\":\"https:\\\/\\\/www.loopkinglaces.com\\\/de\\\/#website\",\"url\":\"https:\\\/\\\/www.loopkinglaces.com\\\/de\\\/\",\"name\":\"Luxury Gold Tip Shoelaces by Loop King Laces\",\"description\":\"Rope Laces, Flat Waxed Laces and Leather Laces. All With Gold Tips.\",\"publisher\":{\"@id\":\"https:\\\/\\\/www.loopkinglaces.com\\\/de\\\/#organization\"},\"potentialAction\":[{\"@type\":\"SearchAction\",\"target\":{\"@type\":\"EntryPoint\",\"urlTemplate\":\"https:\\\/\\\/www.loopkinglaces.com\\\/de\\\/?s={search_term_string}\"},\"query-input\":{\"@type\":\"PropertyValueSpecification\",\"valueRequired\":true,\"valueName\":\"search_term_string\"}}],\"inLanguage\":\"de\"},{\"@type\":\"Organization\",\"@id\":\"https:\\\/\\\/www.loopkinglaces.com\\\/de\\\/#organization\",\"name\":\"Loop King Laces\",\"url\":\"https:\\\/\\\/www.loopkinglaces.com\\\/de\\\/\",\"logo\":{\"@type\":\"ImageObject\",\"inLanguage\":\"de\",\"@id\":\"https:\\\/\\\/www.loopkinglaces.com\\\/de\\\/#\\\/schema\\\/logo\\\/image\\\/\",\"url\":\"https:\\\/\\\/www.loopkinglaces.com\\\/wp-content\\\/uploads\\\/LOOP-KING-LACES.1.1-01-LOGO-HI-RES-OFFICIAL-1.png\",\"contentUrl\":\"https:\\\/\\\/www.loopkinglaces.com\\\/wp-content\\\/uploads\\\/LOOP-KING-LACES.1.1-01-LOGO-HI-RES-OFFICIAL-1.png\",\"width\":128,\"height\":91,\"caption\":\"Loop King Laces\"},\"image\":{\"@id\":\"https:\\\/\\\/www.loopkinglaces.com\\\/de\\\/#\\\/schema\\\/logo\\\/image\\\/\"},\"sameAs\":[\"https:\\\/\\\/www.facebook.com\\\/LoopKingLaces\\\/\",\"https:\\\/\\\/x.com\\\/loopkinglaces\",\"https:\\\/\\\/www.instagram.com\\\/loopkinglaces\\\/\"]}]}<\/script>\n<!-- \/ Yoast SEO plugin. -->","yoast_head_json":{"title":"Datenschutzerkl\u00e4rung - Loop King Laces","robots":{"index":"index","follow":"follow","max-snippet":"max-snippet:-1","max-image-preview":"max-image-preview:large","max-video-preview":"max-video-preview:-1"},"canonical":"https:\/\/www.loopkinglaces.com\/de\/datenschutzpolitik\/","og_locale":"de_DE","og_type":"article","og_title":"Datenschutzerkl\u00e4rung - Loop King Laces","og_description":"WILLKOMMEN BEI UNSERER DATENSCHUTZRICHTLINIE IHRE PRIVATSPH\u00c4RE IST F\u00dcR UNS VON ENTSCHEIDENDER BEDEUTUNG. LOOP KING SCHN\u00dcRSENKEL ES IST DIE POLITIK VON LOOP KING LACES, IHRE PRIVATSPH\u00c4RE IN BEZUG AUF ALLE INFORMATIONEN ZU RESPEKTIEREN, DIE WIR BEIM BETRIEB UNSERER WEBSITE SAMMELN. DIESE DATENSCHUTZRICHTLINIE GILT F\u00dcR HTTPS:\/\/WWW.LOOPKINGLACES.COM (IM FOLGENDEN &#8220;WIR&#8221;, &#8220;WIR&#8221; ODER &#8220;HTTPS:\/\/WWW.LOOPKINGLACES.COM&#8221;). WIR RESPEKTIEREN IHRE PRIVATSPH\u00c4RE UND... Read More","og_url":"https:\/\/www.loopkinglaces.com\/de\/datenschutzpolitik\/","og_site_name":"Luxury Gold Tip Shoelaces by Loop King Laces","article_publisher":"https:\/\/www.facebook.com\/LoopKingLaces\/","twitter_card":"summary_large_image","twitter_site":"@loopkinglaces","twitter_misc":{"Gesch\u00e4tzte Lesezeit":"11\u00a0Minuten"},"schema":{"@context":"https:\/\/schema.org","@graph":[{"@type":"WebPage","@id":"https:\/\/www.loopkinglaces.com\/de\/datenschutzpolitik\/","url":"https:\/\/www.loopkinglaces.com\/de\/datenschutzpolitik\/","name":"Datenschutzerkl\u00e4rung - Loop King Laces","isPartOf":{"@id":"https:\/\/www.loopkinglaces.com\/de\/#website"},"datePublished":"2017-12-07T14:49:20+00:00","breadcrumb":{"@id":"https:\/\/www.loopkinglaces.com\/de\/datenschutzpolitik\/#breadcrumb"},"inLanguage":"de","potentialAction":[{"@type":"ReadAction","target":["https:\/\/www.loopkinglaces.com\/de\/datenschutzpolitik\/"]}]},{"@type":"BreadcrumbList","@id":"https:\/\/www.loopkinglaces.com\/de\/datenschutzpolitik\/#breadcrumb","itemListElement":[{"@type":"ListItem","position":1,"name":"Home","item":"https:\/\/www.loopkinglaces.com\/de\/"},{"@type":"ListItem","position":2,"name":"DATENSCHUTZPOLITIK"}]},{"@type":"WebSite","@id":"https:\/\/www.loopkinglaces.com\/de\/#website","url":"https:\/\/www.loopkinglaces.com\/de\/","name":"Luxury Gold Tip Shoelaces by Loop King Laces","description":"Rope Laces, Flat Waxed Laces and Leather Laces. All With Gold Tips.","publisher":{"@id":"https:\/\/www.loopkinglaces.com\/de\/#organization"},"potentialAction":[{"@type":"SearchAction","target":{"@type":"EntryPoint","urlTemplate":"https:\/\/www.loopkinglaces.com\/de\/?s={search_term_string}"},"query-input":{"@type":"PropertyValueSpecification","valueRequired":true,"valueName":"search_term_string"}}],"inLanguage":"de"},{"@type":"Organization","@id":"https:\/\/www.loopkinglaces.com\/de\/#organization","name":"Loop King Laces","url":"https:\/\/www.loopkinglaces.com\/de\/","logo":{"@type":"ImageObject","inLanguage":"de","@id":"https:\/\/www.loopkinglaces.com\/de\/#\/schema\/logo\/image\/","url":"https:\/\/www.loopkinglaces.com\/wp-content\/uploads\/LOOP-KING-LACES.1.1-01-LOGO-HI-RES-OFFICIAL-1.png","contentUrl":"https:\/\/www.loopkinglaces.com\/wp-content\/uploads\/LOOP-KING-LACES.1.1-01-LOGO-HI-RES-OFFICIAL-1.png","width":128,"height":91,"caption":"Loop King Laces"},"image":{"@id":"https:\/\/www.loopkinglaces.com\/de\/#\/schema\/logo\/image\/"},"sameAs":["https:\/\/www.facebook.com\/LoopKingLaces\/","https:\/\/x.com\/loopkinglaces","https:\/\/www.instagram.com\/loopkinglaces\/"]}]}},"_links":{"self":[{"href":"https:\/\/www.loopkinglaces.com\/de\/wp-json\/wp\/v2\/pages\/59868","targetHints":{"allow":["GET"]}}],"collection":[{"href":"https:\/\/www.loopkinglaces.com\/de\/wp-json\/wp\/v2\/pages"}],"about":[{"href":"https:\/\/www.loopkinglaces.com\/de\/wp-json\/wp\/v2\/types\/page"}],"author":[{"embeddable":true,"href":"https:\/\/www.loopkinglaces.com\/de\/wp-json\/wp\/v2\/users\/1"}],"replies":[{"embeddable":true,"href":"https:\/\/www.loopkinglaces.com\/de\/wp-json\/wp\/v2\/comments?post=59868"}],"version-history":[{"count":0,"href":"https:\/\/www.loopkinglaces.com\/de\/wp-json\/wp\/v2\/pages\/59868\/revisions"}],"wp:attachment":[{"href":"https:\/\/www.loopkinglaces.com\/de\/wp-json\/wp\/v2\/media?parent=59868"}],"curies":[{"name":"wp","href":"https:\/\/api.w.org\/{rel}","templated":true}]}}