{"id":59857,"date":"2017-12-07T14:36:21","date_gmt":"2017-12-07T14:36:21","guid":{"rendered":"https:\/\/www.loopkinglaces.com\/rueckgabe-und-rueckerstattung\/"},"modified":"2024-06-18T19:05:33","modified_gmt":"2024-06-18T19:05:33","slug":"rueckgabe-und-rueckerstattung","status":"publish","type":"page","link":"https:\/\/www.loopkinglaces.com\/de\/rueckgabe-und-rueckerstattung\/","title":{"rendered":"R\u00dcCKGABE UND R\u00dcCKERSTATTUNG"},"content":{"rendered":"\n<h1><strong>R\u00fccksendungen &#038; Stornierungsbedingungen<\/strong><\/h1>\n<p>Wir m\u00f6chten Ihnen die bestm\u00f6gliche Erfahrung bieten. Deshalb bieten wir Ihnen ein 30-t\u00e4giges R\u00fcckgaberecht, das es Ihnen erm\u00f6glicht, Ihre Bestellung an uns zur\u00fcckzusenden, wenn Sie Ihre Meinung nach Erhalt der Ware \u00e4ndern. Sie k\u00f6nnen das Produkt innerhalb von 30 Tagen umtauschen oder eine R\u00fcckerstattung erhalten, sofern die folgenden Bedingungen erf\u00fcllt sind.<\/p>\n<h2><strong>Stornierung<\/strong><\/h2>\n<p><span style=\"font-weight: 400;\">Wenn Sie Ihre Bestellung kurz nach der Aufgabe stornieren m\u00f6chten, nehmen Sie bitte <\/span><a href=\"https:\/\/www.loopkinglaces.com\/de\/kontakt\/\">\n  <span style=\"font-weight: 400;\">kontaktieren Sie uns<\/span>\n<\/a><span style=\"font-weight: 400;\">  innerhalb von 2-3 Stunden, und wir werden unser Bestes tun, um Ihren Kauf zu stornieren und Ihnen den Kaufpreis sofort zu erstatten. Wir bem\u00fchen uns sehr, die Produkte so schnell wie m\u00f6glich zu versenden, damit sie schnell bei Ihnen sind. Sobald also der Verpackungs- und Versandprozess begonnen hat, kann Ihre Bestellung nicht mehr storniert werden.<\/span><\/p>\n<h2><b>Liefert<\/b><\/h2>\n<p><span style=\"font-weight: 400;\">Wenn wir Ihnen irrt\u00fcmlich einen falschen Artikel geliefert haben, senden wir Ihnen den\/die richtigen Artikel ohne zus\u00e4tzliche Kosten zu.<\/span><\/p>\n<p><span style=\"font-weight: 400;\">Wenn Sie aus irgendeinem Grund ein Produkt gegen ein anderes umtauschen oder eine R\u00fcckerstattung erhalten m\u00f6chten, dann <\/span><a href=\"https:\/\/www.loopkinglaces.com\/de\/kontakt\/\">\n  <span style=\"font-weight: 400;\">kontaktieren Sie uns<\/span>\n<\/a><span style=\"font-weight: 400;\">  innerhalb von 30 Tagen nach Ihrer Bestellung, und wir werden uns innerhalb von 1-2 Werktagen bei Ihnen melden, um dies zu arrangieren. Bitte beachten Sie, dass wir nur Artikel zur\u00fccknehmen k\u00f6nnen, deren Originalverpackung unge\u00f6ffnet und unbesch\u00e4digt ist.  <\/span><\/p>\n<p><span style=\"font-weight: 400;\">Senden Sie Ihre unge\u00f6ffneten Artikel einfach auf Ihre Kosten an uns zur\u00fcck, und wir tauschen sie gegen einen gleich- oder minderwertigen Artikel um oder erstatten Ihnen Ihr Geld (nach Ihrer Wahl), solange sich der Artikel noch in der Originalverpackung befindet, versiegelt ist und keine Gebrauchsspuren aufweist oder aus der Verpackung entfernt wurde.  <\/span><\/p>\n<p><span style=\"font-weight: 400;\">R\u00fcckerstattungen werden bei uns in der Regel innerhalb von 1-2 Tagen nach Erhalt Ihrer Artikel bearbeitet; der Betrag wird innerhalb von 5-10 Werktagen auf Ihr Konto \u00fcberwiesen. Da die Banken den letzten Schritt in diesem Prozess kontrollieren, k\u00f6nnen wir nur die schnelle Erstattung veranlassen.<\/span><\/p>\n","protected":false},"excerpt":{"rendered":"<p>R\u00fccksendungen &#038; Stornierungsbedingungen Wir m\u00f6chten Ihnen die bestm\u00f6gliche Erfahrung bieten. Deshalb bieten wir Ihnen ein 30-t\u00e4giges R\u00fcckgaberecht, das es Ihnen erm\u00f6glicht, Ihre Bestellung an uns zur\u00fcckzusenden, wenn Sie Ihre Meinung nach Erhalt der Ware \u00e4ndern. Sie k\u00f6nnen das Produkt innerhalb von 30 Tagen umtauschen oder eine R\u00fcckerstattung erhalten, sofern die folgenden Bedingungen erf\u00fcllt sind. Stornierung&#8230; Read More<\/p>\n","protected":false},"author":1,"featured_media":0,"parent":0,"menu_order":0,"comment_status":"closed","ping_status":"closed","template":"","meta":{"_acf_changed":false,"footnotes":""},"class_list":["post-59857","page","type-page","status-publish","hentry"],"acf":[],"yoast_head":"<!-- This site is optimized with the Yoast SEO plugin v27.4 - https:\/\/yoast.com\/product\/yoast-seo-wordpress\/ -->\n<title>R\u00fcckgabe- und Widerrufsbelehrung - Loop King Laces<\/title>\n<meta name=\"robots\" content=\"index, follow, max-snippet:-1, max-image-preview:large, max-video-preview:-1\" \/>\n<link rel=\"canonical\" href=\"https:\/\/www.loopkinglaces.com\/de\/rueckgabe-und-rueckerstattung\/\" \/>\n<meta property=\"og:locale\" content=\"de_DE\" \/>\n<meta property=\"og:type\" content=\"article\" \/>\n<meta property=\"og:title\" content=\"R\u00fcckgabe- und Widerrufsbelehrung - Loop King Laces\" \/>\n<meta property=\"og:description\" content=\"R\u00fccksendungen &#038; Stornierungsbedingungen Wir m\u00f6chten Ihnen die bestm\u00f6gliche Erfahrung bieten. Deshalb bieten wir Ihnen ein 30-t\u00e4giges R\u00fcckgaberecht, das es Ihnen erm\u00f6glicht, Ihre Bestellung an uns zur\u00fcckzusenden, wenn Sie Ihre Meinung nach Erhalt der Ware \u00e4ndern. Sie k\u00f6nnen das Produkt innerhalb von 30 Tagen umtauschen oder eine R\u00fcckerstattung erhalten, sofern die folgenden Bedingungen erf\u00fcllt sind. Stornierung... Read More\" \/>\n<meta property=\"og:url\" content=\"https:\/\/www.loopkinglaces.com\/de\/rueckgabe-und-rueckerstattung\/\" \/>\n<meta property=\"og:site_name\" content=\"Luxury Gold Tip Shoelaces by Loop King Laces\" \/>\n<meta property=\"article:publisher\" content=\"https:\/\/www.facebook.com\/LoopKingLaces\/\" \/>\n<meta property=\"article:modified_time\" content=\"2024-06-18T19:05:33+00:00\" \/>\n<meta name=\"twitter:card\" content=\"summary_large_image\" \/>\n<meta name=\"twitter:site\" content=\"@loopkinglaces\" \/>\n<meta name=\"twitter:label1\" content=\"Gesch\u00e4tzte Lesezeit\" \/>\n\t<meta name=\"twitter:data1\" content=\"2\u00a0Minuten\" \/>\n<script type=\"application\/ld+json\" class=\"yoast-schema-graph\">{\"@context\":\"https:\\\/\\\/schema.org\",\"@graph\":[{\"@type\":\"WebPage\",\"@id\":\"https:\\\/\\\/www.loopkinglaces.com\\\/de\\\/rueckgabe-und-rueckerstattung\\\/\",\"url\":\"https:\\\/\\\/www.loopkinglaces.com\\\/de\\\/rueckgabe-und-rueckerstattung\\\/\",\"name\":\"R\u00fcckgabe- und Widerrufsbelehrung - Loop King Laces\",\"isPartOf\":{\"@id\":\"https:\\\/\\\/www.loopkinglaces.com\\\/de\\\/#website\"},\"datePublished\":\"2017-12-07T14:36:21+00:00\",\"dateModified\":\"2024-06-18T19:05:33+00:00\",\"breadcrumb\":{\"@id\":\"https:\\\/\\\/www.loopkinglaces.com\\\/de\\\/rueckgabe-und-rueckerstattung\\\/#breadcrumb\"},\"inLanguage\":\"de\",\"potentialAction\":[{\"@type\":\"ReadAction\",\"target\":[\"https:\\\/\\\/www.loopkinglaces.com\\\/de\\\/rueckgabe-und-rueckerstattung\\\/\"]}]},{\"@type\":\"BreadcrumbList\",\"@id\":\"https:\\\/\\\/www.loopkinglaces.com\\\/de\\\/rueckgabe-und-rueckerstattung\\\/#breadcrumb\",\"itemListElement\":[{\"@type\":\"ListItem\",\"position\":1,\"name\":\"Home\",\"item\":\"https:\\\/\\\/www.loopkinglaces.com\\\/de\\\/\"},{\"@type\":\"ListItem\",\"position\":2,\"name\":\"R\u00dcCKGABE UND R\u00dcCKERSTATTUNG\"}]},{\"@type\":\"WebSite\",\"@id\":\"https:\\\/\\\/www.loopkinglaces.com\\\/de\\\/#website\",\"url\":\"https:\\\/\\\/www.loopkinglaces.com\\\/de\\\/\",\"name\":\"Luxury Gold Tip Shoelaces by Loop King Laces\",\"description\":\"Rope Laces, Flat Waxed Laces and Leather Laces. All With Gold Tips.\",\"publisher\":{\"@id\":\"https:\\\/\\\/www.loopkinglaces.com\\\/de\\\/#organization\"},\"potentialAction\":[{\"@type\":\"SearchAction\",\"target\":{\"@type\":\"EntryPoint\",\"urlTemplate\":\"https:\\\/\\\/www.loopkinglaces.com\\\/de\\\/?s={search_term_string}\"},\"query-input\":{\"@type\":\"PropertyValueSpecification\",\"valueRequired\":true,\"valueName\":\"search_term_string\"}}],\"inLanguage\":\"de\"},{\"@type\":\"Organization\",\"@id\":\"https:\\\/\\\/www.loopkinglaces.com\\\/de\\\/#organization\",\"name\":\"Loop King Laces\",\"url\":\"https:\\\/\\\/www.loopkinglaces.com\\\/de\\\/\",\"logo\":{\"@type\":\"ImageObject\",\"inLanguage\":\"de\",\"@id\":\"https:\\\/\\\/www.loopkinglaces.com\\\/de\\\/#\\\/schema\\\/logo\\\/image\\\/\",\"url\":\"https:\\\/\\\/www.loopkinglaces.com\\\/wp-content\\\/uploads\\\/LOOP-KING-LACES.1.1-01-LOGO-HI-RES-OFFICIAL-1.png\",\"contentUrl\":\"https:\\\/\\\/www.loopkinglaces.com\\\/wp-content\\\/uploads\\\/LOOP-KING-LACES.1.1-01-LOGO-HI-RES-OFFICIAL-1.png\",\"width\":128,\"height\":91,\"caption\":\"Loop King Laces\"},\"image\":{\"@id\":\"https:\\\/\\\/www.loopkinglaces.com\\\/de\\\/#\\\/schema\\\/logo\\\/image\\\/\"},\"sameAs\":[\"https:\\\/\\\/www.facebook.com\\\/LoopKingLaces\\\/\",\"https:\\\/\\\/x.com\\\/loopkinglaces\",\"https:\\\/\\\/www.instagram.com\\\/loopkinglaces\\\/\"]}]}<\/script>\n<!-- \/ Yoast SEO plugin. -->","yoast_head_json":{"title":"R\u00fcckgabe- und Widerrufsbelehrung - Loop King Laces","robots":{"index":"index","follow":"follow","max-snippet":"max-snippet:-1","max-image-preview":"max-image-preview:large","max-video-preview":"max-video-preview:-1"},"canonical":"https:\/\/www.loopkinglaces.com\/de\/rueckgabe-und-rueckerstattung\/","og_locale":"de_DE","og_type":"article","og_title":"R\u00fcckgabe- und Widerrufsbelehrung - Loop King Laces","og_description":"R\u00fccksendungen &#038; Stornierungsbedingungen Wir m\u00f6chten Ihnen die bestm\u00f6gliche Erfahrung bieten. Deshalb bieten wir Ihnen ein 30-t\u00e4giges R\u00fcckgaberecht, das es Ihnen erm\u00f6glicht, Ihre Bestellung an uns zur\u00fcckzusenden, wenn Sie Ihre Meinung nach Erhalt der Ware \u00e4ndern. Sie k\u00f6nnen das Produkt innerhalb von 30 Tagen umtauschen oder eine R\u00fcckerstattung erhalten, sofern die folgenden Bedingungen erf\u00fcllt sind. Stornierung... Read More","og_url":"https:\/\/www.loopkinglaces.com\/de\/rueckgabe-und-rueckerstattung\/","og_site_name":"Luxury Gold Tip Shoelaces by Loop King Laces","article_publisher":"https:\/\/www.facebook.com\/LoopKingLaces\/","article_modified_time":"2024-06-18T19:05:33+00:00","twitter_card":"summary_large_image","twitter_site":"@loopkinglaces","twitter_misc":{"Gesch\u00e4tzte Lesezeit":"2\u00a0Minuten"},"schema":{"@context":"https:\/\/schema.org","@graph":[{"@type":"WebPage","@id":"https:\/\/www.loopkinglaces.com\/de\/rueckgabe-und-rueckerstattung\/","url":"https:\/\/www.loopkinglaces.com\/de\/rueckgabe-und-rueckerstattung\/","name":"R\u00fcckgabe- und Widerrufsbelehrung - Loop King Laces","isPartOf":{"@id":"https:\/\/www.loopkinglaces.com\/de\/#website"},"datePublished":"2017-12-07T14:36:21+00:00","dateModified":"2024-06-18T19:05:33+00:00","breadcrumb":{"@id":"https:\/\/www.loopkinglaces.com\/de\/rueckgabe-und-rueckerstattung\/#breadcrumb"},"inLanguage":"de","potentialAction":[{"@type":"ReadAction","target":["https:\/\/www.loopkinglaces.com\/de\/rueckgabe-und-rueckerstattung\/"]}]},{"@type":"BreadcrumbList","@id":"https:\/\/www.loopkinglaces.com\/de\/rueckgabe-und-rueckerstattung\/#breadcrumb","itemListElement":[{"@type":"ListItem","position":1,"name":"Home","item":"https:\/\/www.loopkinglaces.com\/de\/"},{"@type":"ListItem","position":2,"name":"R\u00dcCKGABE UND R\u00dcCKERSTATTUNG"}]},{"@type":"WebSite","@id":"https:\/\/www.loopkinglaces.com\/de\/#website","url":"https:\/\/www.loopkinglaces.com\/de\/","name":"Luxury Gold Tip Shoelaces by Loop King Laces","description":"Rope Laces, Flat Waxed Laces and Leather Laces. All With Gold Tips.","publisher":{"@id":"https:\/\/www.loopkinglaces.com\/de\/#organization"},"potentialAction":[{"@type":"SearchAction","target":{"@type":"EntryPoint","urlTemplate":"https:\/\/www.loopkinglaces.com\/de\/?s={search_term_string}"},"query-input":{"@type":"PropertyValueSpecification","valueRequired":true,"valueName":"search_term_string"}}],"inLanguage":"de"},{"@type":"Organization","@id":"https:\/\/www.loopkinglaces.com\/de\/#organization","name":"Loop King Laces","url":"https:\/\/www.loopkinglaces.com\/de\/","logo":{"@type":"ImageObject","inLanguage":"de","@id":"https:\/\/www.loopkinglaces.com\/de\/#\/schema\/logo\/image\/","url":"https:\/\/www.loopkinglaces.com\/wp-content\/uploads\/LOOP-KING-LACES.1.1-01-LOGO-HI-RES-OFFICIAL-1.png","contentUrl":"https:\/\/www.loopkinglaces.com\/wp-content\/uploads\/LOOP-KING-LACES.1.1-01-LOGO-HI-RES-OFFICIAL-1.png","width":128,"height":91,"caption":"Loop King Laces"},"image":{"@id":"https:\/\/www.loopkinglaces.com\/de\/#\/schema\/logo\/image\/"},"sameAs":["https:\/\/www.facebook.com\/LoopKingLaces\/","https:\/\/x.com\/loopkinglaces","https:\/\/www.instagram.com\/loopkinglaces\/"]}]}},"_links":{"self":[{"href":"https:\/\/www.loopkinglaces.com\/de\/wp-json\/wp\/v2\/pages\/59857","targetHints":{"allow":["GET"]}}],"collection":[{"href":"https:\/\/www.loopkinglaces.com\/de\/wp-json\/wp\/v2\/pages"}],"about":[{"href":"https:\/\/www.loopkinglaces.com\/de\/wp-json\/wp\/v2\/types\/page"}],"author":[{"embeddable":true,"href":"https:\/\/www.loopkinglaces.com\/de\/wp-json\/wp\/v2\/users\/1"}],"replies":[{"embeddable":true,"href":"https:\/\/www.loopkinglaces.com\/de\/wp-json\/wp\/v2\/comments?post=59857"}],"version-history":[{"count":0,"href":"https:\/\/www.loopkinglaces.com\/de\/wp-json\/wp\/v2\/pages\/59857\/revisions"}],"wp:attachment":[{"href":"https:\/\/www.loopkinglaces.com\/de\/wp-json\/wp\/v2\/media?parent=59857"}],"curies":[{"name":"wp","href":"https:\/\/api.w.org\/{rel}","templated":true}]}}